{"id":19700,"date":"2024-04-11T07:59:01","date_gmt":"2024-04-11T05:59:01","guid":{"rendered":"https:\/\/revolutionpadelstore.com\/lok-carb-on-flow\/"},"modified":"2026-04-01T10:58:33","modified_gmt":"2026-04-01T08:58:33","slug":"lok-carb-on-flow-3","status":"publish","type":"product","link":"https:\/\/revolutionpadelstore.com\/fr\/produit\/lok-carb-on-flow-3\/","title":{"rendered":"LOK CARB-ON FLOW"},"content":{"rendered":"<p>La raquette Carb-On Flow est une raquette avec un \u00e9quilibre exceptionnel entre puissance et contr\u00f4le, soutenue par des technologies avanc\u00e9es et un design innovant.<br \/>\nL&#8217;une des caract\u00e9ristiques marquantes de la Carbon-On Flow est son c\u0153ur asym\u00e9trique, une technologie qui optimise la r\u00e9partition du poids sur la raquette pour am\u00e9liorer la maniabilit\u00e9 et la stabilit\u00e9 \u00e0 chaque coup.<br \/>\nCela permet une r\u00e9ponse plus rapide et plus pr\u00e9cise sur le terrain, ce qui se traduit par des frappes plus efficaces et plus coh\u00e9rentes.<br \/>\nLa raquette a une surface en carbone C6 dispos\u00e9e en trois plans diff\u00e9rents ce qui en fait une raquette de puissance mais sa forme ronde rend le contr\u00f4le tr\u00e8s \u00e9lev\u00e9 gr\u00e2ce au sweet spot et \u00e0 l&#8217;\u00e9quilibre au centre.<br \/>\nDe plus, cette raquette est dot\u00e9e des 3D Spin Lines exclusives, des lignes strat\u00e9giquement situ\u00e9es sur la surface de frappe qui augmentent la rotation de la balle lors de l&#8217;impact.<br \/>\nUn autre aspect est sa conception Gradual Face, qui consiste en une surface de frappe avec une fonction sp\u00e9ciale pour r\u00e9duire les vibrations lors des coups.<br \/>\nC&#8217;est une raquette qui se distingue par sa technologie de renforcement en carbone, qui consiste en l&#8217;incorporation strat\u00e9gique de couches suppl\u00e9mentaires de carbone aux points cl\u00e9s du cadre.<br \/>\nCes renforts augmentent non seulement la rigidit\u00e9 et la durabilit\u00e9 de la raquette, mais am\u00e9liorent \u00e9galement le transfert d&#8217;\u00e9nergie \u00e0 chaque coup, ce qui se traduit par une plus grande puissance et stabilit\u00e9 sur le terrain.<br \/>\nIl dispose \u00e9galement d&#8217;un Dynamic Holes System, une disposition progressive de trous de diff\u00e9rentes tailles qui donnent de la puissance au coup.<br \/>\nIl dispose \u00e9galement de renforts en carbone et d&#8217;un bracelet r\u00e9glable appel\u00e9 Confort Wristband.<br \/>\nSa forme circulaire signifie que son \u00e9quilibre et son sweet spot sont au sommet, ce qui en fait une raquette ax\u00e9e sur les frappes offensives.<\/p>\n","protected":false},"excerpt":{"rendered":"<p>La raquette Lok Carb-on Flow 2024 pour les joueurs de niveau interm\u00e9diaire, une raquette de forme ronde et facile \u00e0 manipuler. Il est fait de fibre de carbone Carbon C6 en surface. Sur la m\u00eame surface, cette raquette int\u00e8gre le design Gradual Face, qui r\u00e9duit les vibrations et permet un meilleur transfert de force lors de la frappe. Comme si cela ne suffisait pas, il comporte des renforts en carbone sur tout le cadre pour augmenter la rigidit\u00e9 et la r\u00e9sistance.<\/p>\n","protected":false},"featured_media":4301,"comment_status":"open","ping_status":"closed","template":"","meta":{"_acf_changed":false,"_joinchat":[]},"acabado":[1092],"balance":[1142],"dureza":[1157],"forma":[1182],"jugador":[1192,1202],"marca":[1317],"nivel-de-juego":[1337,1352],"superficie":[1362],"tipo-de-juego":[1372],"product_brand":[],"product_cat":[302],"product_tag":[],"class_list":{"0":"post-19700","1":"product","2":"type-product","3":"status-publish","4":"has-post-thumbnail","6":"acabado-soulager-la-3d","7":"balance-moyen","8":"dureza-media-fr","9":"forma-rond","10":"jugador-homme","11":"jugador-polivalente-fr","12":"marca-lok-fr","13":"superficie-rugosa-fr","14":"tipo-de-juego-control-fr","15":"product_cat-palas-de-padel-fr","17":"first","18":"instock","19":"taxable","20":"shipping-taxable","21":"purchasable","22":"product-type-simple"},"acf":[],"yoast_head":"<!-- This site is optimized with the Yoast SEO plugin v27.3 - https:\/\/yoast.com\/product\/yoast-seo-wordpress\/ -->\n<title>LOK CARB-ON FLOW - Revolution Padel Store<\/title>\n<meta name=\"description\" content=\"La pala Lok Carb-on Flow 2024 para jugadores de nivel intermedio una pala de forma redonda y de manejo f\u00e1cil. Est\u00e1 fabricada con fibra de carbono Carbon C6 en la superficie. En la misma superficie, esta pala incorpora el dise\u00f1o Gradual Face, que reduce las vibraciones y permite una mayor transferencia de fuerza en el golpeo. Por si fuera poco, presenta refuerzos de carbono por todo el marco para incrementar la rigidez y su resistencia\" \/>\n<meta name=\"robots\" content=\"index, follow, max-snippet:-1, max-image-preview:large, max-video-preview:-1\" \/>\n<link rel=\"canonical\" href=\"https:\/\/revolutionpadelstore.com\/fr\/produit\/lok-carb-on-flow-3\/\" \/>\n<meta property=\"og:locale\" content=\"fr_FR\" \/>\n<meta property=\"og:type\" content=\"article\" \/>\n<meta property=\"og:title\" content=\"COMPRAR LOK CARB-ON FLOW\" \/>\n<meta property=\"og:description\" content=\"La pala Lok Carb-on Flow 2024 para jugadores de nivel intermedio una pala de forma redonda y de manejo f\u00e1cil. Est\u00e1 fabricada con fibra de carbono Carbon C6 en la superficie. En la misma superficie, esta pala incorpora el dise\u00f1o Gradual Face, que reduce las vibraciones y permite una mayor transferencia de fuerza en el golpeo. Por si fuera poco, presenta refuerzos de carbono por todo el marco para incrementar la rigidez y su resistencia\" \/>\n<meta property=\"og:url\" content=\"https:\/\/revolutionpadelstore.com\/fr\/produit\/lok-carb-on-flow-3\/\" \/>\n<meta property=\"og:site_name\" content=\"Revolution Padel Store\" \/>\n<meta property=\"article:modified_time\" content=\"2026-04-01T08:58:33+00:00\" \/>\n<meta property=\"og:image\" content=\"https:\/\/revolutionpadelstore.com\/wp-content\/uploads\/2024\/04\/pala-lok-carb-on-flow-1-800x800-2.webp\" \/>\n\t<meta property=\"og:image:width\" content=\"800\" \/>\n\t<meta property=\"og:image:height\" content=\"800\" \/>\n\t<meta property=\"og:image:type\" content=\"image\/webp\" \/>\n<meta name=\"twitter:card\" content=\"summary_large_image\" \/>\n<meta name=\"twitter:label1\" content=\"Dur\u00e9e de lecture estim\u00e9e\" \/>\n\t<meta name=\"twitter:data1\" content=\"2 minutes\" \/>\n<script type=\"application\/ld+json\" class=\"yoast-schema-graph\">{\"@context\":\"https:\\\/\\\/schema.org\",\"@graph\":[{\"@type\":\"WebPage\",\"@id\":\"https:\\\/\\\/revolutionpadelstore.com\\\/fr\\\/produit\\\/lok-carb-on-flow-3\\\/\",\"url\":\"https:\\\/\\\/revolutionpadelstore.com\\\/fr\\\/produit\\\/lok-carb-on-flow-3\\\/\",\"name\":\"LOK CARB-ON FLOW - Revolution Padel Store\",\"isPartOf\":{\"@id\":\"https:\\\/\\\/revolutionpadelstore.com\\\/fr\\\/#website\"},\"primaryImageOfPage\":{\"@id\":\"https:\\\/\\\/revolutionpadelstore.com\\\/fr\\\/produit\\\/lok-carb-on-flow-3\\\/#primaryimage\"},\"image\":{\"@id\":\"https:\\\/\\\/revolutionpadelstore.com\\\/fr\\\/produit\\\/lok-carb-on-flow-3\\\/#primaryimage\"},\"thumbnailUrl\":\"https:\\\/\\\/revolutionpadelstore.com\\\/wp-content\\\/uploads\\\/2024\\\/04\\\/pala-lok-carb-on-flow-1-800x800-1.webp\",\"datePublished\":\"2024-04-11T05:59:01+00:00\",\"dateModified\":\"2026-04-01T08:58:33+00:00\",\"description\":\"La pala Lok Carb-on Flow 2024 para jugadores de nivel intermedio una pala de forma redonda y de manejo f\u00e1cil. Est\u00e1 fabricada con fibra de carbono Carbon C6 en la superficie. En la misma superficie, esta pala incorpora el dise\u00f1o Gradual Face, que reduce las vibraciones y permite una mayor transferencia de fuerza en el golpeo. Por si fuera poco, presenta refuerzos de carbono por todo el marco para incrementar la rigidez y su resistencia\",\"breadcrumb\":{\"@id\":\"https:\\\/\\\/revolutionpadelstore.com\\\/fr\\\/produit\\\/lok-carb-on-flow-3\\\/#breadcrumb\"},\"inLanguage\":\"fr-FR\",\"potentialAction\":[{\"@type\":\"ReadAction\",\"target\":[\"https:\\\/\\\/revolutionpadelstore.com\\\/fr\\\/produit\\\/lok-carb-on-flow-3\\\/\"]}]},{\"@type\":\"ImageObject\",\"inLanguage\":\"fr-FR\",\"@id\":\"https:\\\/\\\/revolutionpadelstore.com\\\/fr\\\/produit\\\/lok-carb-on-flow-3\\\/#primaryimage\",\"url\":\"https:\\\/\\\/revolutionpadelstore.com\\\/wp-content\\\/uploads\\\/2024\\\/04\\\/pala-lok-carb-on-flow-1-800x800-1.webp\",\"contentUrl\":\"https:\\\/\\\/revolutionpadelstore.com\\\/wp-content\\\/uploads\\\/2024\\\/04\\\/pala-lok-carb-on-flow-1-800x800-1.webp\",\"width\":800,\"height\":800},{\"@type\":\"BreadcrumbList\",\"@id\":\"https:\\\/\\\/revolutionpadelstore.com\\\/fr\\\/produit\\\/lok-carb-on-flow-3\\\/#breadcrumb\",\"itemListElement\":[{\"@type\":\"ListItem\",\"position\":1,\"name\":\"Portada\",\"item\":\"https:\\\/\\\/revolutionpadelstore.com\\\/fr\\\/\"},{\"@type\":\"ListItem\",\"position\":2,\"name\":\"Boutique\",\"item\":\"https:\\\/\\\/revolutionpadelstore.com\\\/fr\\\/tienda\\\/\"},{\"@type\":\"ListItem\",\"position\":3,\"name\":\"LOK CARB-ON FLOW\"}]},{\"@type\":\"WebSite\",\"@id\":\"https:\\\/\\\/revolutionpadelstore.com\\\/fr\\\/#website\",\"url\":\"https:\\\/\\\/revolutionpadelstore.com\\\/fr\\\/\",\"name\":\"Revolution Padel Store\",\"description\":\"\",\"publisher\":{\"@id\":\"https:\\\/\\\/revolutionpadelstore.com\\\/fr\\\/#organization\"},\"potentialAction\":[{\"@type\":\"SearchAction\",\"target\":{\"@type\":\"EntryPoint\",\"urlTemplate\":\"https:\\\/\\\/revolutionpadelstore.com\\\/fr\\\/?s={search_term_string}\"},\"query-input\":{\"@type\":\"PropertyValueSpecification\",\"valueRequired\":true,\"valueName\":\"search_term_string\"}}],\"inLanguage\":\"fr-FR\"},{\"@type\":\"Organization\",\"@id\":\"https:\\\/\\\/revolutionpadelstore.com\\\/fr\\\/#organization\",\"name\":\"Revolution Padel Store\",\"url\":\"https:\\\/\\\/revolutionpadelstore.com\\\/fr\\\/\",\"logo\":{\"@type\":\"ImageObject\",\"inLanguage\":\"fr-FR\",\"@id\":\"https:\\\/\\\/revolutionpadelstore.com\\\/fr\\\/#\\\/schema\\\/logo\\\/image\\\/\",\"url\":\"https:\\\/\\\/revolutionpadelstore.com\\\/wp-content\\\/uploads\\\/2026\\\/02\\\/revolution-padel-store.jpg\",\"contentUrl\":\"https:\\\/\\\/revolutionpadelstore.com\\\/wp-content\\\/uploads\\\/2026\\\/02\\\/revolution-padel-store.jpg\",\"width\":2000,\"height\":2000,\"caption\":\"Revolution Padel Store\"},\"image\":{\"@id\":\"https:\\\/\\\/revolutionpadelstore.com\\\/fr\\\/#\\\/schema\\\/logo\\\/image\\\/\"},\"sameAs\":[\"https:\\\/\\\/www.instagram.com\\\/revolutionpadelstore\\\/\"]}]}<\/script>\n<!-- \/ Yoast SEO plugin. -->","yoast_head_json":{"title":"LOK CARB-ON FLOW - Revolution Padel Store","description":"La pala Lok Carb-on Flow 2024 para jugadores de nivel intermedio una pala de forma redonda y de manejo f\u00e1cil. Est\u00e1 fabricada con fibra de carbono Carbon C6 en la superficie. En la misma superficie, esta pala incorpora el dise\u00f1o Gradual Face, que reduce las vibraciones y permite una mayor transferencia de fuerza en el golpeo. Por si fuera poco, presenta refuerzos de carbono por todo el marco para incrementar la rigidez y su resistencia","robots":{"index":"index","follow":"follow","max-snippet":"max-snippet:-1","max-image-preview":"max-image-preview:large","max-video-preview":"max-video-preview:-1"},"canonical":"https:\/\/revolutionpadelstore.com\/fr\/produit\/lok-carb-on-flow-3\/","og_locale":"fr_FR","og_type":"article","og_title":"COMPRAR LOK CARB-ON FLOW","og_description":"La pala Lok Carb-on Flow 2024 para jugadores de nivel intermedio una pala de forma redonda y de manejo f\u00e1cil. Est\u00e1 fabricada con fibra de carbono Carbon C6 en la superficie. En la misma superficie, esta pala incorpora el dise\u00f1o Gradual Face, que reduce las vibraciones y permite una mayor transferencia de fuerza en el golpeo. Por si fuera poco, presenta refuerzos de carbono por todo el marco para incrementar la rigidez y su resistencia","og_url":"https:\/\/revolutionpadelstore.com\/fr\/produit\/lok-carb-on-flow-3\/","og_site_name":"Revolution Padel Store","article_modified_time":"2026-04-01T08:58:33+00:00","og_image":[{"width":800,"height":800,"url":"https:\/\/revolutionpadelstore.com\/wp-content\/uploads\/2024\/04\/pala-lok-carb-on-flow-1-800x800-2.webp","type":"image\/webp"}],"twitter_card":"summary_large_image","twitter_misc":{"Dur\u00e9e de lecture estim\u00e9e":"2 minutes"},"schema":{"@context":"https:\/\/schema.org","@graph":[{"@type":"WebPage","@id":"https:\/\/revolutionpadelstore.com\/fr\/produit\/lok-carb-on-flow-3\/","url":"https:\/\/revolutionpadelstore.com\/fr\/produit\/lok-carb-on-flow-3\/","name":"LOK CARB-ON FLOW - Revolution Padel Store","isPartOf":{"@id":"https:\/\/revolutionpadelstore.com\/fr\/#website"},"primaryImageOfPage":{"@id":"https:\/\/revolutionpadelstore.com\/fr\/produit\/lok-carb-on-flow-3\/#primaryimage"},"image":{"@id":"https:\/\/revolutionpadelstore.com\/fr\/produit\/lok-carb-on-flow-3\/#primaryimage"},"thumbnailUrl":"https:\/\/revolutionpadelstore.com\/wp-content\/uploads\/2024\/04\/pala-lok-carb-on-flow-1-800x800-1.webp","datePublished":"2024-04-11T05:59:01+00:00","dateModified":"2026-04-01T08:58:33+00:00","description":"La pala Lok Carb-on Flow 2024 para jugadores de nivel intermedio una pala de forma redonda y de manejo f\u00e1cil. Est\u00e1 fabricada con fibra de carbono Carbon C6 en la superficie. En la misma superficie, esta pala incorpora el dise\u00f1o Gradual Face, que reduce las vibraciones y permite una mayor transferencia de fuerza en el golpeo. Por si fuera poco, presenta refuerzos de carbono por todo el marco para incrementar la rigidez y su resistencia","breadcrumb":{"@id":"https:\/\/revolutionpadelstore.com\/fr\/produit\/lok-carb-on-flow-3\/#breadcrumb"},"inLanguage":"fr-FR","potentialAction":[{"@type":"ReadAction","target":["https:\/\/revolutionpadelstore.com\/fr\/produit\/lok-carb-on-flow-3\/"]}]},{"@type":"ImageObject","inLanguage":"fr-FR","@id":"https:\/\/revolutionpadelstore.com\/fr\/produit\/lok-carb-on-flow-3\/#primaryimage","url":"https:\/\/revolutionpadelstore.com\/wp-content\/uploads\/2024\/04\/pala-lok-carb-on-flow-1-800x800-1.webp","contentUrl":"https:\/\/revolutionpadelstore.com\/wp-content\/uploads\/2024\/04\/pala-lok-carb-on-flow-1-800x800-1.webp","width":800,"height":800},{"@type":"BreadcrumbList","@id":"https:\/\/revolutionpadelstore.com\/fr\/produit\/lok-carb-on-flow-3\/#breadcrumb","itemListElement":[{"@type":"ListItem","position":1,"name":"Portada","item":"https:\/\/revolutionpadelstore.com\/fr\/"},{"@type":"ListItem","position":2,"name":"Boutique","item":"https:\/\/revolutionpadelstore.com\/fr\/tienda\/"},{"@type":"ListItem","position":3,"name":"LOK CARB-ON FLOW"}]},{"@type":"WebSite","@id":"https:\/\/revolutionpadelstore.com\/fr\/#website","url":"https:\/\/revolutionpadelstore.com\/fr\/","name":"Revolution Padel Store","description":"","publisher":{"@id":"https:\/\/revolutionpadelstore.com\/fr\/#organization"},"potentialAction":[{"@type":"SearchAction","target":{"@type":"EntryPoint","urlTemplate":"https:\/\/revolutionpadelstore.com\/fr\/?s={search_term_string}"},"query-input":{"@type":"PropertyValueSpecification","valueRequired":true,"valueName":"search_term_string"}}],"inLanguage":"fr-FR"},{"@type":"Organization","@id":"https:\/\/revolutionpadelstore.com\/fr\/#organization","name":"Revolution Padel Store","url":"https:\/\/revolutionpadelstore.com\/fr\/","logo":{"@type":"ImageObject","inLanguage":"fr-FR","@id":"https:\/\/revolutionpadelstore.com\/fr\/#\/schema\/logo\/image\/","url":"https:\/\/revolutionpadelstore.com\/wp-content\/uploads\/2026\/02\/revolution-padel-store.jpg","contentUrl":"https:\/\/revolutionpadelstore.com\/wp-content\/uploads\/2026\/02\/revolution-padel-store.jpg","width":2000,"height":2000,"caption":"Revolution Padel Store"},"image":{"@id":"https:\/\/revolutionpadelstore.com\/fr\/#\/schema\/logo\/image\/"},"sameAs":["https:\/\/www.instagram.com\/revolutionpadelstore\/"]}]}},"_links":{"self":[{"href":"https:\/\/revolutionpadelstore.com\/fr\/wp-json\/wp\/v2\/product\/19700","targetHints":{"allow":["GET"]}}],"collection":[{"href":"https:\/\/revolutionpadelstore.com\/fr\/wp-json\/wp\/v2\/product"}],"about":[{"href":"https:\/\/revolutionpadelstore.com\/fr\/wp-json\/wp\/v2\/types\/product"}],"replies":[{"embeddable":true,"href":"https:\/\/revolutionpadelstore.com\/fr\/wp-json\/wp\/v2\/comments?post=19700"}],"wp:featuredmedia":[{"embeddable":true,"href":"https:\/\/revolutionpadelstore.com\/fr\/wp-json\/wp\/v2\/media\/4301"}],"wp:attachment":[{"href":"https:\/\/revolutionpadelstore.com\/fr\/wp-json\/wp\/v2\/media?parent=19700"}],"wp:term":[{"taxonomy":"acabado","embeddable":true,"href":"https:\/\/revolutionpadelstore.com\/fr\/wp-json\/wp\/v2\/acabado?post=19700"},{"taxonomy":"balance","embeddable":true,"href":"https:\/\/revolutionpadelstore.com\/fr\/wp-json\/wp\/v2\/balance?post=19700"},{"taxonomy":"dureza","embeddable":true,"href":"https:\/\/revolutionpadelstore.com\/fr\/wp-json\/wp\/v2\/dureza?post=19700"},{"taxonomy":"forma","embeddable":true,"href":"https:\/\/revolutionpadelstore.com\/fr\/wp-json\/wp\/v2\/forma?post=19700"},{"taxonomy":"jugador","embeddable":true,"href":"https:\/\/revolutionpadelstore.com\/fr\/wp-json\/wp\/v2\/jugador?post=19700"},{"taxonomy":"marca","embeddable":true,"href":"https:\/\/revolutionpadelstore.com\/fr\/wp-json\/wp\/v2\/marca?post=19700"},{"taxonomy":"nivel-de-juego","embeddable":true,"href":"https:\/\/revolutionpadelstore.com\/fr\/wp-json\/wp\/v2\/nivel-de-juego?post=19700"},{"taxonomy":"superficie","embeddable":true,"href":"https:\/\/revolutionpadelstore.com\/fr\/wp-json\/wp\/v2\/superficie?post=19700"},{"taxonomy":"tipo-de-juego","embeddable":true,"href":"https:\/\/revolutionpadelstore.com\/fr\/wp-json\/wp\/v2\/tipo-de-juego?post=19700"},{"taxonomy":"product_brand","embeddable":true,"href":"https:\/\/revolutionpadelstore.com\/fr\/wp-json\/wp\/v2\/product_brand?post=19700"},{"taxonomy":"product_cat","embeddable":true,"href":"https:\/\/revolutionpadelstore.com\/fr\/wp-json\/wp\/v2\/product_cat?post=19700"},{"taxonomy":"product_tag","embeddable":true,"href":"https:\/\/revolutionpadelstore.com\/fr\/wp-json\/wp\/v2\/product_tag?post=19700"}],"curies":[{"name":"wp","href":"https:\/\/api.w.org\/{rel}","templated":true}]}}