{"id":19695,"date":"2024-04-11T08:17:24","date_gmt":"2024-04-11T06:17:24","guid":{"rendered":"https:\/\/revolutionpadelstore.com\/lok-carb-on-hype\/"},"modified":"2026-04-01T10:58:01","modified_gmt":"2026-04-01T08:58:01","slug":"lok-carb-on-hype","status":"publish","type":"product","link":"https:\/\/revolutionpadelstore.com\/fr\/produit\/lok-carb-on-hype\/","title":{"rendered":"LOK CARB-ON HYPE"},"content":{"rendered":"<p>La raquette Carbon-On Hype est une option de pointe pour les joueurs de padel de niveau avanc\u00e9 \u00e0 la recherche d&#8217;un \u00e9quilibre parfait entre puissance et contr\u00f4le, soutenu par des technologies innovantes et un design soign\u00e9.<br \/>\nL&#8217;une des caract\u00e9ristiques marquantes de la Carbon-On Hype est son c\u0153ur asym\u00e9trique, une technologie qui optimise la r\u00e9partition du poids sur la raquette pour am\u00e9liorer la maniabilit\u00e9 et la stabilit\u00e9 \u00e0 chaque coup.<br \/>\nLa raquette poss\u00e8de une surface en carbone C6 dispos\u00e9e sur trois plans diff\u00e9rents, ce qui en fait une raquette de puissance.<br \/>\nIl dispose \u00e9galement du syst\u00e8me Gradual Face, qui consiste en une surface de frappe avec une forme \u00e9tag\u00e9e \u00e0 l&#8217;ext\u00e9rieur pour r\u00e9duire les vibrations lors de l&#8217;impact de la balle.<br \/>\nDe plus, la raquette poss\u00e8de les 3D Spin Lines exclusives, des lignes strat\u00e9giquement situ\u00e9es sur la surface de frappe qui augmentent la rotation de la balle lors de l&#8217;impact.<br \/>\nIl dispose \u00e9galement d&#8217;un Dynamic Holes System, une disposition progressive de trous de diff\u00e9rentes tailles qui donnent de la puissance au coup.<br \/>\nIl dispose \u00e9galement de renforts en carbone et d&#8217;un bracelet r\u00e9glable appel\u00e9 Confort Wristband.<br \/>\nSa forme en diamant signifie que son \u00e9quilibre et son sweet spot sont au sommet, ce qui en fait une raquette ax\u00e9e sur les frappes offensives.<\/p>\n","protected":false},"excerpt":{"rendered":"<p>Raquette Lok Carb-on Hype 2024 au format diamant et sweet spot moyen-haut. Quant \u00e0<br \/>\ncomposition, le mat\u00e9riau pr\u00e9dominant est le carbone C6 qui couvre toute la surface de la pale \u00e0 travers trois plans diff\u00e9rents. Ce compos\u00e9, associ\u00e9 \u00e0 la technologie Gradual Face pour la r\u00e9duction des vibrations, compl\u00e8te une raquette vertueuse pour des frappes puissantes. De plus, la disposition des trous de la technologie Dynamic Holes System fonctionne \u00e9galement sur la canalisation de la puissance dans le jeu offensif.<\/p>\n","protected":false},"featured_media":50116,"comment_status":"open","ping_status":"closed","template":"","meta":{"_acf_changed":false,"_joinchat":[]},"acabado":[1082,1092],"balance":[1137,1142],"dureza":[1157],"forma":[1172],"jugador":[1192,1202],"marca":[1317],"nivel-de-juego":[1337,1352],"superficie":[1362],"tipo-de-juego":[1382,1377],"product_brand":[],"product_cat":[302],"product_tag":[],"class_list":{"0":"post-19695","1":"product","2":"type-product","3":"status-publish","4":"has-post-thumbnail","6":"acabado-luminosite","7":"acabado-soulager-la-3d","8":"balance-eleve","9":"balance-moyen","10":"dureza-media-fr","11":"forma-diamant","12":"jugador-homme","13":"jugador-polivalente-fr","14":"marca-lok-fr","15":"superficie-rugosa-fr","16":"tipo-de-juego-attaque","17":"tipo-de-juego-puissance","18":"product_cat-palas-de-padel-fr","20":"first","21":"instock","22":"taxable","23":"shipping-taxable","24":"purchasable","25":"product-type-simple"},"acf":[],"yoast_head":"<!-- This site is optimized with the Yoast SEO plugin v27.3 - https:\/\/yoast.com\/product\/yoast-seo-wordpress\/ -->\n<title>LOK CARB-ON HYPE - Revolution Padel Store<\/title>\n<meta name=\"description\" content=\"Pala Lok Carb-on Hype 2024 de formato diamante y punto dulce medio-alto. En cuanto acomposici\u00f3n, el material preponderante es el Carbono C6 que abarca toda la superficie de la pala mediante tres planos distintos. Este compuesto, junto con la tecnolog\u00eda Gradual Face para la reducci\u00f3n de la vibraci\u00f3n, completan una pala virtuosa en los golpes potentes. Adem\u00e1s, la disposici\u00f3n de los agujeros de la tecnolog\u00eda Dynamic Holes System trabaja tambi\u00e9n en la canalizaci\u00f3n de la potencia en el juego de ataque.\" \/>\n<meta name=\"robots\" content=\"index, follow, max-snippet:-1, max-image-preview:large, max-video-preview:-1\" \/>\n<link rel=\"canonical\" href=\"https:\/\/revolutionpadelstore.com\/fr\/produit\/lok-carb-on-hype\/\" \/>\n<meta property=\"og:locale\" content=\"fr_FR\" \/>\n<meta property=\"og:type\" content=\"article\" \/>\n<meta property=\"og:title\" content=\"COMPRAR LOK CARB-ON HYPE\" \/>\n<meta property=\"og:description\" content=\"Pala Lok Carb-on Hype 2024 de formato diamante y punto dulce medio-alto. En cuanto acomposici\u00f3n, el material preponderante es el Carbono C6 que abarca toda la superficie de la pala mediante tres planos distintos. Este compuesto, junto con la tecnolog\u00eda Gradual Face para la reducci\u00f3n de la vibraci\u00f3n, completan una pala virtuosa en los golpes potentes. Adem\u00e1s, la disposici\u00f3n de los agujeros de la tecnolog\u00eda Dynamic Holes System trabaja tambi\u00e9n en la canalizaci\u00f3n de la potencia en el juego de ataque.\" \/>\n<meta property=\"og:url\" content=\"https:\/\/revolutionpadelstore.com\/fr\/produit\/lok-carb-on-hype\/\" \/>\n<meta property=\"og:site_name\" content=\"Revolution Padel Store\" \/>\n<meta property=\"article:modified_time\" content=\"2026-04-01T08:58:01+00:00\" \/>\n<meta property=\"og:image\" content=\"https:\/\/revolutionpadelstore.com\/wp-content\/uploads\/2024\/04\/pala-lok-carb-on-hype-1-800x800-1.jpg\" \/>\n\t<meta property=\"og:image:width\" content=\"800\" \/>\n\t<meta property=\"og:image:height\" content=\"800\" \/>\n\t<meta property=\"og:image:type\" content=\"image\/jpeg\" \/>\n<meta name=\"twitter:card\" content=\"summary_large_image\" \/>\n<meta name=\"twitter:label1\" content=\"Dur\u00e9e de lecture estim\u00e9e\" \/>\n\t<meta name=\"twitter:data1\" content=\"2 minutes\" \/>\n<script type=\"application\/ld+json\" class=\"yoast-schema-graph\">{\"@context\":\"https:\\\/\\\/schema.org\",\"@graph\":[{\"@type\":\"WebPage\",\"@id\":\"https:\\\/\\\/revolutionpadelstore.com\\\/fr\\\/produit\\\/lok-carb-on-hype\\\/\",\"url\":\"https:\\\/\\\/revolutionpadelstore.com\\\/fr\\\/produit\\\/lok-carb-on-hype\\\/\",\"name\":\"LOK CARB-ON HYPE - Revolution Padel Store\",\"isPartOf\":{\"@id\":\"https:\\\/\\\/revolutionpadelstore.com\\\/fr\\\/#website\"},\"primaryImageOfPage\":{\"@id\":\"https:\\\/\\\/revolutionpadelstore.com\\\/fr\\\/produit\\\/lok-carb-on-hype\\\/#primaryimage\"},\"image\":{\"@id\":\"https:\\\/\\\/revolutionpadelstore.com\\\/fr\\\/produit\\\/lok-carb-on-hype\\\/#primaryimage\"},\"thumbnailUrl\":\"https:\\\/\\\/revolutionpadelstore.com\\\/wp-content\\\/uploads\\\/2024\\\/04\\\/pala-lok-carb-on-hype-1-800x800-1.jpg\",\"datePublished\":\"2024-04-11T06:17:24+00:00\",\"dateModified\":\"2026-04-01T08:58:01+00:00\",\"description\":\"Pala Lok Carb-on Hype 2024 de formato diamante y punto dulce medio-alto. En cuanto acomposici\u00f3n, el material preponderante es el Carbono C6 que abarca toda la superficie de la pala mediante tres planos distintos. Este compuesto, junto con la tecnolog\u00eda Gradual Face para la reducci\u00f3n de la vibraci\u00f3n, completan una pala virtuosa en los golpes potentes. Adem\u00e1s, la disposici\u00f3n de los agujeros de la tecnolog\u00eda Dynamic Holes System trabaja tambi\u00e9n en la canalizaci\u00f3n de la potencia en el juego de ataque.\",\"breadcrumb\":{\"@id\":\"https:\\\/\\\/revolutionpadelstore.com\\\/fr\\\/produit\\\/lok-carb-on-hype\\\/#breadcrumb\"},\"inLanguage\":\"fr-FR\",\"potentialAction\":[{\"@type\":\"ReadAction\",\"target\":[\"https:\\\/\\\/revolutionpadelstore.com\\\/fr\\\/produit\\\/lok-carb-on-hype\\\/\"]}]},{\"@type\":\"ImageObject\",\"inLanguage\":\"fr-FR\",\"@id\":\"https:\\\/\\\/revolutionpadelstore.com\\\/fr\\\/produit\\\/lok-carb-on-hype\\\/#primaryimage\",\"url\":\"https:\\\/\\\/revolutionpadelstore.com\\\/wp-content\\\/uploads\\\/2024\\\/04\\\/pala-lok-carb-on-hype-1-800x800-1.jpg\",\"contentUrl\":\"https:\\\/\\\/revolutionpadelstore.com\\\/wp-content\\\/uploads\\\/2024\\\/04\\\/pala-lok-carb-on-hype-1-800x800-1.jpg\",\"width\":800,\"height\":800},{\"@type\":\"BreadcrumbList\",\"@id\":\"https:\\\/\\\/revolutionpadelstore.com\\\/fr\\\/produit\\\/lok-carb-on-hype\\\/#breadcrumb\",\"itemListElement\":[{\"@type\":\"ListItem\",\"position\":1,\"name\":\"Portada\",\"item\":\"https:\\\/\\\/revolutionpadelstore.com\\\/fr\\\/\"},{\"@type\":\"ListItem\",\"position\":2,\"name\":\"Boutique\",\"item\":\"https:\\\/\\\/revolutionpadelstore.com\\\/fr\\\/tienda\\\/\"},{\"@type\":\"ListItem\",\"position\":3,\"name\":\"LOK CARB-ON HYPE\"}]},{\"@type\":\"WebSite\",\"@id\":\"https:\\\/\\\/revolutionpadelstore.com\\\/fr\\\/#website\",\"url\":\"https:\\\/\\\/revolutionpadelstore.com\\\/fr\\\/\",\"name\":\"Revolution Padel Store\",\"description\":\"\",\"publisher\":{\"@id\":\"https:\\\/\\\/revolutionpadelstore.com\\\/fr\\\/#organization\"},\"potentialAction\":[{\"@type\":\"SearchAction\",\"target\":{\"@type\":\"EntryPoint\",\"urlTemplate\":\"https:\\\/\\\/revolutionpadelstore.com\\\/fr\\\/?s={search_term_string}\"},\"query-input\":{\"@type\":\"PropertyValueSpecification\",\"valueRequired\":true,\"valueName\":\"search_term_string\"}}],\"inLanguage\":\"fr-FR\"},{\"@type\":\"Organization\",\"@id\":\"https:\\\/\\\/revolutionpadelstore.com\\\/fr\\\/#organization\",\"name\":\"Revolution Padel Store\",\"url\":\"https:\\\/\\\/revolutionpadelstore.com\\\/fr\\\/\",\"logo\":{\"@type\":\"ImageObject\",\"inLanguage\":\"fr-FR\",\"@id\":\"https:\\\/\\\/revolutionpadelstore.com\\\/fr\\\/#\\\/schema\\\/logo\\\/image\\\/\",\"url\":\"https:\\\/\\\/revolutionpadelstore.com\\\/wp-content\\\/uploads\\\/2026\\\/02\\\/revolution-padel-store.jpg\",\"contentUrl\":\"https:\\\/\\\/revolutionpadelstore.com\\\/wp-content\\\/uploads\\\/2026\\\/02\\\/revolution-padel-store.jpg\",\"width\":2000,\"height\":2000,\"caption\":\"Revolution Padel Store\"},\"image\":{\"@id\":\"https:\\\/\\\/revolutionpadelstore.com\\\/fr\\\/#\\\/schema\\\/logo\\\/image\\\/\"},\"sameAs\":[\"https:\\\/\\\/www.instagram.com\\\/revolutionpadelstore\\\/\"]}]}<\/script>\n<!-- \/ Yoast SEO plugin. -->","yoast_head_json":{"title":"LOK CARB-ON HYPE - Revolution Padel Store","description":"Pala Lok Carb-on Hype 2024 de formato diamante y punto dulce medio-alto. En cuanto acomposici\u00f3n, el material preponderante es el Carbono C6 que abarca toda la superficie de la pala mediante tres planos distintos. Este compuesto, junto con la tecnolog\u00eda Gradual Face para la reducci\u00f3n de la vibraci\u00f3n, completan una pala virtuosa en los golpes potentes. Adem\u00e1s, la disposici\u00f3n de los agujeros de la tecnolog\u00eda Dynamic Holes System trabaja tambi\u00e9n en la canalizaci\u00f3n de la potencia en el juego de ataque.","robots":{"index":"index","follow":"follow","max-snippet":"max-snippet:-1","max-image-preview":"max-image-preview:large","max-video-preview":"max-video-preview:-1"},"canonical":"https:\/\/revolutionpadelstore.com\/fr\/produit\/lok-carb-on-hype\/","og_locale":"fr_FR","og_type":"article","og_title":"COMPRAR LOK CARB-ON HYPE","og_description":"Pala Lok Carb-on Hype 2024 de formato diamante y punto dulce medio-alto. En cuanto acomposici\u00f3n, el material preponderante es el Carbono C6 que abarca toda la superficie de la pala mediante tres planos distintos. Este compuesto, junto con la tecnolog\u00eda Gradual Face para la reducci\u00f3n de la vibraci\u00f3n, completan una pala virtuosa en los golpes potentes. Adem\u00e1s, la disposici\u00f3n de los agujeros de la tecnolog\u00eda Dynamic Holes System trabaja tambi\u00e9n en la canalizaci\u00f3n de la potencia en el juego de ataque.","og_url":"https:\/\/revolutionpadelstore.com\/fr\/produit\/lok-carb-on-hype\/","og_site_name":"Revolution Padel Store","article_modified_time":"2026-04-01T08:58:01+00:00","og_image":[{"width":800,"height":800,"url":"https:\/\/revolutionpadelstore.com\/wp-content\/uploads\/2024\/04\/pala-lok-carb-on-hype-1-800x800-1.jpg","type":"image\/jpeg"}],"twitter_card":"summary_large_image","twitter_misc":{"Dur\u00e9e de lecture estim\u00e9e":"2 minutes"},"schema":{"@context":"https:\/\/schema.org","@graph":[{"@type":"WebPage","@id":"https:\/\/revolutionpadelstore.com\/fr\/produit\/lok-carb-on-hype\/","url":"https:\/\/revolutionpadelstore.com\/fr\/produit\/lok-carb-on-hype\/","name":"LOK CARB-ON HYPE - Revolution Padel Store","isPartOf":{"@id":"https:\/\/revolutionpadelstore.com\/fr\/#website"},"primaryImageOfPage":{"@id":"https:\/\/revolutionpadelstore.com\/fr\/produit\/lok-carb-on-hype\/#primaryimage"},"image":{"@id":"https:\/\/revolutionpadelstore.com\/fr\/produit\/lok-carb-on-hype\/#primaryimage"},"thumbnailUrl":"https:\/\/revolutionpadelstore.com\/wp-content\/uploads\/2024\/04\/pala-lok-carb-on-hype-1-800x800-1.jpg","datePublished":"2024-04-11T06:17:24+00:00","dateModified":"2026-04-01T08:58:01+00:00","description":"Pala Lok Carb-on Hype 2024 de formato diamante y punto dulce medio-alto. En cuanto acomposici\u00f3n, el material preponderante es el Carbono C6 que abarca toda la superficie de la pala mediante tres planos distintos. Este compuesto, junto con la tecnolog\u00eda Gradual Face para la reducci\u00f3n de la vibraci\u00f3n, completan una pala virtuosa en los golpes potentes. Adem\u00e1s, la disposici\u00f3n de los agujeros de la tecnolog\u00eda Dynamic Holes System trabaja tambi\u00e9n en la canalizaci\u00f3n de la potencia en el juego de ataque.","breadcrumb":{"@id":"https:\/\/revolutionpadelstore.com\/fr\/produit\/lok-carb-on-hype\/#breadcrumb"},"inLanguage":"fr-FR","potentialAction":[{"@type":"ReadAction","target":["https:\/\/revolutionpadelstore.com\/fr\/produit\/lok-carb-on-hype\/"]}]},{"@type":"ImageObject","inLanguage":"fr-FR","@id":"https:\/\/revolutionpadelstore.com\/fr\/produit\/lok-carb-on-hype\/#primaryimage","url":"https:\/\/revolutionpadelstore.com\/wp-content\/uploads\/2024\/04\/pala-lok-carb-on-hype-1-800x800-1.jpg","contentUrl":"https:\/\/revolutionpadelstore.com\/wp-content\/uploads\/2024\/04\/pala-lok-carb-on-hype-1-800x800-1.jpg","width":800,"height":800},{"@type":"BreadcrumbList","@id":"https:\/\/revolutionpadelstore.com\/fr\/produit\/lok-carb-on-hype\/#breadcrumb","itemListElement":[{"@type":"ListItem","position":1,"name":"Portada","item":"https:\/\/revolutionpadelstore.com\/fr\/"},{"@type":"ListItem","position":2,"name":"Boutique","item":"https:\/\/revolutionpadelstore.com\/fr\/tienda\/"},{"@type":"ListItem","position":3,"name":"LOK CARB-ON HYPE"}]},{"@type":"WebSite","@id":"https:\/\/revolutionpadelstore.com\/fr\/#website","url":"https:\/\/revolutionpadelstore.com\/fr\/","name":"Revolution Padel Store","description":"","publisher":{"@id":"https:\/\/revolutionpadelstore.com\/fr\/#organization"},"potentialAction":[{"@type":"SearchAction","target":{"@type":"EntryPoint","urlTemplate":"https:\/\/revolutionpadelstore.com\/fr\/?s={search_term_string}"},"query-input":{"@type":"PropertyValueSpecification","valueRequired":true,"valueName":"search_term_string"}}],"inLanguage":"fr-FR"},{"@type":"Organization","@id":"https:\/\/revolutionpadelstore.com\/fr\/#organization","name":"Revolution Padel Store","url":"https:\/\/revolutionpadelstore.com\/fr\/","logo":{"@type":"ImageObject","inLanguage":"fr-FR","@id":"https:\/\/revolutionpadelstore.com\/fr\/#\/schema\/logo\/image\/","url":"https:\/\/revolutionpadelstore.com\/wp-content\/uploads\/2026\/02\/revolution-padel-store.jpg","contentUrl":"https:\/\/revolutionpadelstore.com\/wp-content\/uploads\/2026\/02\/revolution-padel-store.jpg","width":2000,"height":2000,"caption":"Revolution Padel Store"},"image":{"@id":"https:\/\/revolutionpadelstore.com\/fr\/#\/schema\/logo\/image\/"},"sameAs":["https:\/\/www.instagram.com\/revolutionpadelstore\/"]}]}},"_links":{"self":[{"href":"https:\/\/revolutionpadelstore.com\/fr\/wp-json\/wp\/v2\/product\/19695","targetHints":{"allow":["GET"]}}],"collection":[{"href":"https:\/\/revolutionpadelstore.com\/fr\/wp-json\/wp\/v2\/product"}],"about":[{"href":"https:\/\/revolutionpadelstore.com\/fr\/wp-json\/wp\/v2\/types\/product"}],"replies":[{"embeddable":true,"href":"https:\/\/revolutionpadelstore.com\/fr\/wp-json\/wp\/v2\/comments?post=19695"}],"wp:featuredmedia":[{"embeddable":true,"href":"https:\/\/revolutionpadelstore.com\/fr\/wp-json\/wp\/v2\/media\/50116"}],"wp:attachment":[{"href":"https:\/\/revolutionpadelstore.com\/fr\/wp-json\/wp\/v2\/media?parent=19695"}],"wp:term":[{"taxonomy":"acabado","embeddable":true,"href":"https:\/\/revolutionpadelstore.com\/fr\/wp-json\/wp\/v2\/acabado?post=19695"},{"taxonomy":"balance","embeddable":true,"href":"https:\/\/revolutionpadelstore.com\/fr\/wp-json\/wp\/v2\/balance?post=19695"},{"taxonomy":"dureza","embeddable":true,"href":"https:\/\/revolutionpadelstore.com\/fr\/wp-json\/wp\/v2\/dureza?post=19695"},{"taxonomy":"forma","embeddable":true,"href":"https:\/\/revolutionpadelstore.com\/fr\/wp-json\/wp\/v2\/forma?post=19695"},{"taxonomy":"jugador","embeddable":true,"href":"https:\/\/revolutionpadelstore.com\/fr\/wp-json\/wp\/v2\/jugador?post=19695"},{"taxonomy":"marca","embeddable":true,"href":"https:\/\/revolutionpadelstore.com\/fr\/wp-json\/wp\/v2\/marca?post=19695"},{"taxonomy":"nivel-de-juego","embeddable":true,"href":"https:\/\/revolutionpadelstore.com\/fr\/wp-json\/wp\/v2\/nivel-de-juego?post=19695"},{"taxonomy":"superficie","embeddable":true,"href":"https:\/\/revolutionpadelstore.com\/fr\/wp-json\/wp\/v2\/superficie?post=19695"},{"taxonomy":"tipo-de-juego","embeddable":true,"href":"https:\/\/revolutionpadelstore.com\/fr\/wp-json\/wp\/v2\/tipo-de-juego?post=19695"},{"taxonomy":"product_brand","embeddable":true,"href":"https:\/\/revolutionpadelstore.com\/fr\/wp-json\/wp\/v2\/product_brand?post=19695"},{"taxonomy":"product_cat","embeddable":true,"href":"https:\/\/revolutionpadelstore.com\/fr\/wp-json\/wp\/v2\/product_cat?post=19695"},{"taxonomy":"product_tag","embeddable":true,"href":"https:\/\/revolutionpadelstore.com\/fr\/wp-json\/wp\/v2\/product_tag?post=19695"}],"curies":[{"name":"wp","href":"https:\/\/api.w.org\/{rel}","templated":true}]}}