{"id":19690,"date":"2024-04-11T08:42:45","date_gmt":"2024-04-11T06:42:45","guid":{"rendered":"https:\/\/revolutionpadelstore.com\/head-extreme-pro-2023\/"},"modified":"2026-04-08T14:22:50","modified_gmt":"2026-04-08T12:22:50","slug":"head-extreme-pro-2023-3","status":"publish","type":"product","link":"https:\/\/revolutionpadelstore.com\/fr\/produit\/head-extreme-pro-2023-3\/","title":{"rendered":"HEAD EXTREME PRO 2023"},"content":{"rendered":"<p>Une puissance maximale va de pair avec un toucher et des sensations impressionnants dans la RAQUETTE EXTREME PRO PADEL.<br \/>\nCette raquette en forme de diamant, con\u00e7ue pour les joueurs avanc\u00e9s et professionnels, a \u00e9t\u00e9 fabriqu\u00e9e avec un nouveau moule et int\u00e8gre la nouvelle technologie soft plug \u00e0 la base du manche, qui procure une plus grande sensation de douceur dans le jeu et r\u00e9duit les vibrations.<br \/>\nLa technologie innovante Auxetic offre une puissance sup\u00e9rieure et une sensation d&#8217;impact exceptionnelle, tandis que la surface de frappe hybride en carbone et fibre de verre am\u00e9liore la puissance et la sensation.<br \/>\nAmenez votre jeu au maximum avec une raquette qui int\u00e8gre la technologie Extreme Spin, qui multiplie les effets de la balle, ainsi qu&#8217;un design exclusif aux couleurs \u00e9clatantes.<\/p>\n<p>&#8211; Puissance extr\u00eame pour les joueurs avanc\u00e9s et professionnels<br \/>\n&#8211; Nouveau moule en forme de diamant<br \/>\n&#8211; Nouvelle technologie soft plug \u00e0 la base du grip<br \/>\n&#8211; Technologie Aux\u00e9tique pour une puissance sup\u00e9rieure et un toucher exceptionnel<br \/>\n&#8211; Mat\u00e9riau hybride sur la face, m\u00e9lange de carbone et de fibre de verre, pour une puissance sup\u00e9rieure<br \/>\n&#8211; Technologie Extreme Spin pour une rotation extr\u00eame<br \/>\n&#8211; Conception de couleurs exclusive<\/p>\n","protected":false},"excerpt":{"rendered":"<p>Raquette Head Extreme Pro 2024, la raquette la plus puissante de la collection 2024. La raquette en forme de diamant est destin\u00e9e aux joueurs de niveau avanc\u00e9 ou professionnel. Comme nouveaut\u00e9, un bouchon souple a \u00e9t\u00e9 ajout\u00e9 \u00e0 la base du manche, capable de procurer une plus grande sensation de douceur et de r\u00e9duire les vibrations. De plus, gr\u00e2ce \u00e0 la technologie Auxetic, la raquette offre une puissance sup\u00e9rieure et une excellente sensation lors du score.<\/p>\n<p>La surface est un m\u00e9lange de carbone et de fibre de verre. De plus, pour les amateurs de spin, l&#8217;Extreme Pro int\u00e8gre la technologie Extreme Spin.<\/p>\n","protected":false},"featured_media":50096,"comment_status":"open","ping_status":"closed","template":"","meta":{"_acf_changed":false,"_joinchat":[]},"acabado":[1087,1092],"balance":[1137],"dureza":[1162,1157],"forma":[1172],"jugador":[1192,1202],"marca":[1222],"nivel-de-juego":[1337,1347],"superficie":[1362],"tipo-de-juego":[1382,1392,1377],"product_brand":[],"product_cat":[302],"product_tag":[],"class_list":{"0":"post-19690","1":"product","2":"type-product","3":"status-publish","4":"has-post-thumbnail","6":"acabado-mon-pote","7":"acabado-soulager-la-3d","8":"balance-eleve","9":"dureza-dure","10":"dureza-media-fr","11":"forma-diamant","12":"jugador-homme","13":"jugador-polivalente-fr","14":"marca-tete","15":"superficie-rugosa-fr","16":"tipo-de-juego-attaque","17":"tipo-de-juego-avanzado-competicion-fr","18":"tipo-de-juego-puissance","19":"product_cat-palas-de-padel-fr","21":"first","22":"instock","23":"sale","24":"taxable","25":"shipping-taxable","26":"purchasable","27":"product-type-simple"},"acf":[],"yoast_head":"<!-- This site is optimized with the Yoast SEO plugin v27.4 - https:\/\/yoast.com\/product\/yoast-seo-wordpress\/ -->\n<title>HEAD EXTREME PRO 2023 - Revolution Padel Store<\/title>\n<meta name=\"description\" content=\"Pala Head Extreme Pro 2024, la pala m\u00e1s potente de la colecci\u00f3n 2024. La pala con forma de diamante est\u00e1 destinada a jugadores con un nivel avanzado o profesional. Como novedad, en la base de la empu\u00f1adura se ha a\u00f1adido un tap\u00f3n blando capaz de aportar una mayor sensaci\u00f3n de suavidad y disminuir las vibraciones.\" \/>\n<meta name=\"robots\" content=\"index, follow, max-snippet:-1, max-image-preview:large, max-video-preview:-1\" \/>\n<link rel=\"canonical\" href=\"https:\/\/revolutionpadelstore.com\/fr\/produit\/head-extreme-pro-2023-3\/\" \/>\n<meta property=\"og:locale\" content=\"fr_FR\" \/>\n<meta property=\"og:type\" content=\"article\" \/>\n<meta property=\"og:title\" content=\"COMPRAR HEAD EXTREME PRO 2023\" \/>\n<meta property=\"og:description\" content=\"Pala Head Extreme Pro 2024, la pala m\u00e1s potente de la colecci\u00f3n 2024. La pala con forma de diamante est\u00e1 destinada a jugadores con un nivel avanzado o profesional. Como novedad, en la base de la empu\u00f1adura se ha a\u00f1adido un tap\u00f3n blando capaz de aportar una mayor sensaci\u00f3n de suavidad y disminuir las vibraciones. Tambi\u00e9n, gracias a la tecnolog\u00eda Auxetic, la pala confiere una potencia superior y una excelente sensaci\u00f3n durante el goleo.La superficie es una mezcla de carbono y fibra de vidrio. Adem\u00e1s, para los amantes de los efectos, la Extreme Pro incorpora la tecnolog\u00eda Extreme Spin.\" \/>\n<meta property=\"og:url\" content=\"https:\/\/revolutionpadelstore.com\/fr\/produit\/head-extreme-pro-2023-3\/\" \/>\n<meta property=\"og:site_name\" content=\"Revolution Padel Store\" \/>\n<meta property=\"article:modified_time\" content=\"2026-04-08T12:22:50+00:00\" \/>\n<meta property=\"og:image\" content=\"https:\/\/revolutionpadelstore.com\/wp-content\/uploads\/2024\/04\/pala-head-extreme-pro-2023-800x800-1.webp\" \/>\n\t<meta property=\"og:image:width\" content=\"800\" \/>\n\t<meta property=\"og:image:height\" content=\"800\" \/>\n\t<meta property=\"og:image:type\" content=\"image\/webp\" \/>\n<meta name=\"twitter:card\" content=\"summary_large_image\" \/>\n<meta name=\"twitter:label1\" content=\"Dur\u00e9e de lecture estim\u00e9e\" \/>\n\t<meta name=\"twitter:data1\" content=\"2 minutes\" \/>\n<script type=\"application\/ld+json\" class=\"yoast-schema-graph\">{\"@context\":\"https:\\\/\\\/schema.org\",\"@graph\":[{\"@type\":\"WebPage\",\"@id\":\"https:\\\/\\\/revolutionpadelstore.com\\\/fr\\\/produit\\\/head-extreme-pro-2023-3\\\/\",\"url\":\"https:\\\/\\\/revolutionpadelstore.com\\\/fr\\\/produit\\\/head-extreme-pro-2023-3\\\/\",\"name\":\"HEAD EXTREME PRO 2023 - Revolution Padel Store\",\"isPartOf\":{\"@id\":\"https:\\\/\\\/revolutionpadelstore.com\\\/fr\\\/#website\"},\"primaryImageOfPage\":{\"@id\":\"https:\\\/\\\/revolutionpadelstore.com\\\/fr\\\/produit\\\/head-extreme-pro-2023-3\\\/#primaryimage\"},\"image\":{\"@id\":\"https:\\\/\\\/revolutionpadelstore.com\\\/fr\\\/produit\\\/head-extreme-pro-2023-3\\\/#primaryimage\"},\"thumbnailUrl\":\"https:\\\/\\\/revolutionpadelstore.com\\\/wp-content\\\/uploads\\\/2024\\\/04\\\/pala-head-extreme-pro-2023-800x800-1.webp\",\"datePublished\":\"2024-04-11T06:42:45+00:00\",\"dateModified\":\"2026-04-08T12:22:50+00:00\",\"description\":\"Pala Head Extreme Pro 2024, la pala m\u00e1s potente de la colecci\u00f3n 2024. La pala con forma de diamante est\u00e1 destinada a jugadores con un nivel avanzado o profesional. Como novedad, en la base de la empu\u00f1adura se ha a\u00f1adido un tap\u00f3n blando capaz de aportar una mayor sensaci\u00f3n de suavidad y disminuir las vibraciones.\",\"breadcrumb\":{\"@id\":\"https:\\\/\\\/revolutionpadelstore.com\\\/fr\\\/produit\\\/head-extreme-pro-2023-3\\\/#breadcrumb\"},\"inLanguage\":\"fr-FR\",\"potentialAction\":[{\"@type\":\"ReadAction\",\"target\":[\"https:\\\/\\\/revolutionpadelstore.com\\\/fr\\\/produit\\\/head-extreme-pro-2023-3\\\/\"]}]},{\"@type\":\"ImageObject\",\"inLanguage\":\"fr-FR\",\"@id\":\"https:\\\/\\\/revolutionpadelstore.com\\\/fr\\\/produit\\\/head-extreme-pro-2023-3\\\/#primaryimage\",\"url\":\"https:\\\/\\\/revolutionpadelstore.com\\\/wp-content\\\/uploads\\\/2024\\\/04\\\/pala-head-extreme-pro-2023-800x800-1.webp\",\"contentUrl\":\"https:\\\/\\\/revolutionpadelstore.com\\\/wp-content\\\/uploads\\\/2024\\\/04\\\/pala-head-extreme-pro-2023-800x800-1.webp\",\"width\":800,\"height\":800},{\"@type\":\"BreadcrumbList\",\"@id\":\"https:\\\/\\\/revolutionpadelstore.com\\\/fr\\\/produit\\\/head-extreme-pro-2023-3\\\/#breadcrumb\",\"itemListElement\":[{\"@type\":\"ListItem\",\"position\":1,\"name\":\"Portada\",\"item\":\"https:\\\/\\\/revolutionpadelstore.com\\\/fr\\\/\"},{\"@type\":\"ListItem\",\"position\":2,\"name\":\"Boutique\",\"item\":\"https:\\\/\\\/revolutionpadelstore.com\\\/fr\\\/tienda\\\/\"},{\"@type\":\"ListItem\",\"position\":3,\"name\":\"HEAD EXTREME PRO 2023\"}]},{\"@type\":\"WebSite\",\"@id\":\"https:\\\/\\\/revolutionpadelstore.com\\\/fr\\\/#website\",\"url\":\"https:\\\/\\\/revolutionpadelstore.com\\\/fr\\\/\",\"name\":\"Revolution Padel Store\",\"description\":\"\",\"publisher\":{\"@id\":\"https:\\\/\\\/revolutionpadelstore.com\\\/fr\\\/#organization\"},\"potentialAction\":[{\"@type\":\"SearchAction\",\"target\":{\"@type\":\"EntryPoint\",\"urlTemplate\":\"https:\\\/\\\/revolutionpadelstore.com\\\/fr\\\/?s={search_term_string}\"},\"query-input\":{\"@type\":\"PropertyValueSpecification\",\"valueRequired\":true,\"valueName\":\"search_term_string\"}}],\"inLanguage\":\"fr-FR\"},{\"@type\":\"Organization\",\"@id\":\"https:\\\/\\\/revolutionpadelstore.com\\\/fr\\\/#organization\",\"name\":\"Revolution Padel Store\",\"url\":\"https:\\\/\\\/revolutionpadelstore.com\\\/fr\\\/\",\"logo\":{\"@type\":\"ImageObject\",\"inLanguage\":\"fr-FR\",\"@id\":\"https:\\\/\\\/revolutionpadelstore.com\\\/fr\\\/#\\\/schema\\\/logo\\\/image\\\/\",\"url\":\"https:\\\/\\\/revolutionpadelstore.com\\\/wp-content\\\/uploads\\\/2026\\\/02\\\/revolution-padel-store.jpg\",\"contentUrl\":\"https:\\\/\\\/revolutionpadelstore.com\\\/wp-content\\\/uploads\\\/2026\\\/02\\\/revolution-padel-store.jpg\",\"width\":2000,\"height\":2000,\"caption\":\"Revolution Padel Store\"},\"image\":{\"@id\":\"https:\\\/\\\/revolutionpadelstore.com\\\/fr\\\/#\\\/schema\\\/logo\\\/image\\\/\"},\"sameAs\":[\"https:\\\/\\\/www.instagram.com\\\/revolutionpadelstore\\\/\"]}]}<\/script>\n<!-- \/ Yoast SEO plugin. -->","yoast_head_json":{"title":"HEAD EXTREME PRO 2023 - Revolution Padel Store","description":"Pala Head Extreme Pro 2024, la pala m\u00e1s potente de la colecci\u00f3n 2024. La pala con forma de diamante est\u00e1 destinada a jugadores con un nivel avanzado o profesional. Como novedad, en la base de la empu\u00f1adura se ha a\u00f1adido un tap\u00f3n blando capaz de aportar una mayor sensaci\u00f3n de suavidad y disminuir las vibraciones.","robots":{"index":"index","follow":"follow","max-snippet":"max-snippet:-1","max-image-preview":"max-image-preview:large","max-video-preview":"max-video-preview:-1"},"canonical":"https:\/\/revolutionpadelstore.com\/fr\/produit\/head-extreme-pro-2023-3\/","og_locale":"fr_FR","og_type":"article","og_title":"COMPRAR HEAD EXTREME PRO 2023","og_description":"Pala Head Extreme Pro 2024, la pala m\u00e1s potente de la colecci\u00f3n 2024. La pala con forma de diamante est\u00e1 destinada a jugadores con un nivel avanzado o profesional. Como novedad, en la base de la empu\u00f1adura se ha a\u00f1adido un tap\u00f3n blando capaz de aportar una mayor sensaci\u00f3n de suavidad y disminuir las vibraciones. Tambi\u00e9n, gracias a la tecnolog\u00eda Auxetic, la pala confiere una potencia superior y una excelente sensaci\u00f3n durante el goleo.La superficie es una mezcla de carbono y fibra de vidrio. Adem\u00e1s, para los amantes de los efectos, la Extreme Pro incorpora la tecnolog\u00eda Extreme Spin.","og_url":"https:\/\/revolutionpadelstore.com\/fr\/produit\/head-extreme-pro-2023-3\/","og_site_name":"Revolution Padel Store","article_modified_time":"2026-04-08T12:22:50+00:00","og_image":[{"width":800,"height":800,"url":"https:\/\/revolutionpadelstore.com\/wp-content\/uploads\/2024\/04\/pala-head-extreme-pro-2023-800x800-1.webp","type":"image\/webp"}],"twitter_card":"summary_large_image","twitter_misc":{"Dur\u00e9e de lecture estim\u00e9e":"2 minutes"},"schema":{"@context":"https:\/\/schema.org","@graph":[{"@type":"WebPage","@id":"https:\/\/revolutionpadelstore.com\/fr\/produit\/head-extreme-pro-2023-3\/","url":"https:\/\/revolutionpadelstore.com\/fr\/produit\/head-extreme-pro-2023-3\/","name":"HEAD EXTREME PRO 2023 - Revolution Padel Store","isPartOf":{"@id":"https:\/\/revolutionpadelstore.com\/fr\/#website"},"primaryImageOfPage":{"@id":"https:\/\/revolutionpadelstore.com\/fr\/produit\/head-extreme-pro-2023-3\/#primaryimage"},"image":{"@id":"https:\/\/revolutionpadelstore.com\/fr\/produit\/head-extreme-pro-2023-3\/#primaryimage"},"thumbnailUrl":"https:\/\/revolutionpadelstore.com\/wp-content\/uploads\/2024\/04\/pala-head-extreme-pro-2023-800x800-1.webp","datePublished":"2024-04-11T06:42:45+00:00","dateModified":"2026-04-08T12:22:50+00:00","description":"Pala Head Extreme Pro 2024, la pala m\u00e1s potente de la colecci\u00f3n 2024. La pala con forma de diamante est\u00e1 destinada a jugadores con un nivel avanzado o profesional. Como novedad, en la base de la empu\u00f1adura se ha a\u00f1adido un tap\u00f3n blando capaz de aportar una mayor sensaci\u00f3n de suavidad y disminuir las vibraciones.","breadcrumb":{"@id":"https:\/\/revolutionpadelstore.com\/fr\/produit\/head-extreme-pro-2023-3\/#breadcrumb"},"inLanguage":"fr-FR","potentialAction":[{"@type":"ReadAction","target":["https:\/\/revolutionpadelstore.com\/fr\/produit\/head-extreme-pro-2023-3\/"]}]},{"@type":"ImageObject","inLanguage":"fr-FR","@id":"https:\/\/revolutionpadelstore.com\/fr\/produit\/head-extreme-pro-2023-3\/#primaryimage","url":"https:\/\/revolutionpadelstore.com\/wp-content\/uploads\/2024\/04\/pala-head-extreme-pro-2023-800x800-1.webp","contentUrl":"https:\/\/revolutionpadelstore.com\/wp-content\/uploads\/2024\/04\/pala-head-extreme-pro-2023-800x800-1.webp","width":800,"height":800},{"@type":"BreadcrumbList","@id":"https:\/\/revolutionpadelstore.com\/fr\/produit\/head-extreme-pro-2023-3\/#breadcrumb","itemListElement":[{"@type":"ListItem","position":1,"name":"Portada","item":"https:\/\/revolutionpadelstore.com\/fr\/"},{"@type":"ListItem","position":2,"name":"Boutique","item":"https:\/\/revolutionpadelstore.com\/fr\/tienda\/"},{"@type":"ListItem","position":3,"name":"HEAD EXTREME PRO 2023"}]},{"@type":"WebSite","@id":"https:\/\/revolutionpadelstore.com\/fr\/#website","url":"https:\/\/revolutionpadelstore.com\/fr\/","name":"Revolution Padel Store","description":"","publisher":{"@id":"https:\/\/revolutionpadelstore.com\/fr\/#organization"},"potentialAction":[{"@type":"SearchAction","target":{"@type":"EntryPoint","urlTemplate":"https:\/\/revolutionpadelstore.com\/fr\/?s={search_term_string}"},"query-input":{"@type":"PropertyValueSpecification","valueRequired":true,"valueName":"search_term_string"}}],"inLanguage":"fr-FR"},{"@type":"Organization","@id":"https:\/\/revolutionpadelstore.com\/fr\/#organization","name":"Revolution Padel Store","url":"https:\/\/revolutionpadelstore.com\/fr\/","logo":{"@type":"ImageObject","inLanguage":"fr-FR","@id":"https:\/\/revolutionpadelstore.com\/fr\/#\/schema\/logo\/image\/","url":"https:\/\/revolutionpadelstore.com\/wp-content\/uploads\/2026\/02\/revolution-padel-store.jpg","contentUrl":"https:\/\/revolutionpadelstore.com\/wp-content\/uploads\/2026\/02\/revolution-padel-store.jpg","width":2000,"height":2000,"caption":"Revolution Padel Store"},"image":{"@id":"https:\/\/revolutionpadelstore.com\/fr\/#\/schema\/logo\/image\/"},"sameAs":["https:\/\/www.instagram.com\/revolutionpadelstore\/"]}]}},"_links":{"self":[{"href":"https:\/\/revolutionpadelstore.com\/fr\/wp-json\/wp\/v2\/product\/19690","targetHints":{"allow":["GET"]}}],"collection":[{"href":"https:\/\/revolutionpadelstore.com\/fr\/wp-json\/wp\/v2\/product"}],"about":[{"href":"https:\/\/revolutionpadelstore.com\/fr\/wp-json\/wp\/v2\/types\/product"}],"replies":[{"embeddable":true,"href":"https:\/\/revolutionpadelstore.com\/fr\/wp-json\/wp\/v2\/comments?post=19690"}],"wp:featuredmedia":[{"embeddable":true,"href":"https:\/\/revolutionpadelstore.com\/fr\/wp-json\/wp\/v2\/media\/50096"}],"wp:attachment":[{"href":"https:\/\/revolutionpadelstore.com\/fr\/wp-json\/wp\/v2\/media?parent=19690"}],"wp:term":[{"taxonomy":"acabado","embeddable":true,"href":"https:\/\/revolutionpadelstore.com\/fr\/wp-json\/wp\/v2\/acabado?post=19690"},{"taxonomy":"balance","embeddable":true,"href":"https:\/\/revolutionpadelstore.com\/fr\/wp-json\/wp\/v2\/balance?post=19690"},{"taxonomy":"dureza","embeddable":true,"href":"https:\/\/revolutionpadelstore.com\/fr\/wp-json\/wp\/v2\/dureza?post=19690"},{"taxonomy":"forma","embeddable":true,"href":"https:\/\/revolutionpadelstore.com\/fr\/wp-json\/wp\/v2\/forma?post=19690"},{"taxonomy":"jugador","embeddable":true,"href":"https:\/\/revolutionpadelstore.com\/fr\/wp-json\/wp\/v2\/jugador?post=19690"},{"taxonomy":"marca","embeddable":true,"href":"https:\/\/revolutionpadelstore.com\/fr\/wp-json\/wp\/v2\/marca?post=19690"},{"taxonomy":"nivel-de-juego","embeddable":true,"href":"https:\/\/revolutionpadelstore.com\/fr\/wp-json\/wp\/v2\/nivel-de-juego?post=19690"},{"taxonomy":"superficie","embeddable":true,"href":"https:\/\/revolutionpadelstore.com\/fr\/wp-json\/wp\/v2\/superficie?post=19690"},{"taxonomy":"tipo-de-juego","embeddable":true,"href":"https:\/\/revolutionpadelstore.com\/fr\/wp-json\/wp\/v2\/tipo-de-juego?post=19690"},{"taxonomy":"product_brand","embeddable":true,"href":"https:\/\/revolutionpadelstore.com\/fr\/wp-json\/wp\/v2\/product_brand?post=19690"},{"taxonomy":"product_cat","embeddable":true,"href":"https:\/\/revolutionpadelstore.com\/fr\/wp-json\/wp\/v2\/product_cat?post=19690"},{"taxonomy":"product_tag","embeddable":true,"href":"https:\/\/revolutionpadelstore.com\/fr\/wp-json\/wp\/v2\/product_tag?post=19690"}],"curies":[{"name":"wp","href":"https:\/\/api.w.org\/{rel}","templated":true}]}}