{"id":19680,"date":"2024-04-11T12:15:00","date_gmt":"2024-04-11T10:15:00","guid":{"rendered":"https:\/\/revolutionpadelstore.com\/siux-diablo-go-3\/"},"modified":"2026-04-08T14:21:34","modified_gmt":"2026-04-08T12:21:34","slug":"siux-diablo-go-3-3","status":"publish","type":"product","link":"https:\/\/revolutionpadelstore.com\/fr\/produit\/siux-diablo-go-3-3\/","title":{"rendered":"SIUX DIABLO GO 3"},"content":{"rendered":"<h2>Siux Diablo Go 3, bon contr\u00f4le en frappe<\/h2>\n<p>Fra\u00eechement issue de la s\u00e9rie Go de Siux, vient la nouvelle Diablo Go 3, une raquette hybride pour les joueurs de padel avanc\u00e9s \u00e0 la recherche de polyvalence et d&#8217;adaptabilit\u00e9 \u00e0 chaque coup.<\/p>\n<p>Concernant son format, il pr\u00e9sente un moule hybride et un \u00e9quilibre moyen, afin que le joueur puisse profiter d&#8217;une puissance, d&#8217;une pr\u00e9cision et d&#8217;un contr\u00f4le sup\u00e9rieurs \u00e0 tout moment. Cela vous permettra de vous adapter \u00e0 n\u2019importe quel style de jeu et situation.<\/p>\n<p>Son poids l\u00e9ger, entre <strong>355 et 375 grammes<\/strong>, garantit une excellente libert\u00e9 de mouvement, une agilit\u00e9 et une vitesse sans pr\u00e9c\u00e9dent. Vous renverrez tous les drop shots, m\u00eame en \u00e9tant sur la ligne de fond.<\/p>\n<h2>Mouvements plus rapides et plus pr\u00e9cis<\/h2>\n<p>Les avions de cette raquette <strong>Siux 2024<\/strong> ont une finition mate et sont fabriqu\u00e9s en <strong>Carbone 3K<\/strong>, un mat\u00e9riau connu pour sa grande durabilit\u00e9 et r\u00e9sistance, qui garantit l&#8217;int\u00e9grit\u00e9 de la raquette. m\u00eame en cas d&#8217;utilisation intense.<\/p>\n<p>D&#8217;autre part, dans le noyau, nous trouvons du <strong>caoutchouc EVA<\/strong>, une mousse qui offre un toucher confortable et doux et une excellente sortie de balle dans n&#8217;importe quel style de jeu. Il offre polyvalence et adaptabilit\u00e9, car il s&#8217;adapte aux besoins des joueurs les plus agressifs en qu\u00eate de puissance et des joueurs d\u00e9fensifs en qu\u00eate de contr\u00f4le.<\/p>\n<p>Le cadre tubulaire est compos\u00e9 d&#8217;une combinaison de <strong>50 % de carbone 3K et 50 % de fibre de verre<\/strong>. Cela offre une rigidit\u00e9 et une durabilit\u00e9 exceptionnelles qui augmentent la dur\u00e9e de vie utile de la raquette en r\u00e9sistant aux impacts et \u00e0 l&#8217;usure les plus intenses. De plus, il permet un bon contr\u00f4le et minimise les vibrations.<\/p>\n<h3>Superbe confort<\/h3>\n<p>De m\u00eame, il int\u00e8gre la technologie <em><strong>Dampeners Shockout<\/strong><\/em>, des amortisseurs anti-vibrations charg\u00e9s de r\u00e9duire les vibrations jusqu&#8217;\u00e0 60%, ce qui prot\u00e8ge vos articulations des blessures ind\u00e9sirables.<\/p>\n<p>Son design respire <strong>la puissance, l&#8217;\u00e9nergie et l&#8217;\u00e9l\u00e9gance<\/strong>, car il combine les couleurs noir et rouge, avec quelques d\u00e9tails blancs. On obtient une esth\u00e9tique attrayante et moderne qui attirera l\u2019attention.<\/p>\n<h2>Siux Diablo Go 3, buen control en el golpeo<\/h2>\n","protected":false},"excerpt":{"rendered":"<p>Raquette hybride avec \u00e9quilibre interm\u00e9diaire pour joueurs de padel avanc\u00e9s Siux Diablo Go 3. Noyau en caoutchouc EVA et faces en carbone 3K qui offrent une bonne sortie de balle et une bonne r\u00e9sistance.<\/p>\n","protected":false},"featured_media":265987,"comment_status":"open","ping_status":"closed","template":"","meta":{"_acf_changed":false,"_joinchat":[]},"acabado":[1087],"balance":[1142],"dureza":[1157],"forma":[1177],"jugador":[1192,1202],"marca":[1307],"nivel-de-juego":[1352],"superficie":[1357],"tipo-de-juego":[1387],"product_brand":[],"product_cat":[302],"product_tag":[],"class_list":{"0":"post-19680","1":"product","2":"type-product","3":"status-publish","4":"has-post-thumbnail","6":"acabado-mon-pote","7":"balance-moyen","8":"dureza-media-fr","9":"forma-hybride","10":"jugador-homme","11":"jugador-polivalente-fr","12":"marca-siux-fr","13":"superficie-lise","14":"tipo-de-juego-polivalente-fr","15":"product_cat-palas-de-padel-fr","17":"first","18":"instock","19":"sale","20":"taxable","21":"shipping-taxable","22":"purchasable","23":"product-type-simple"},"acf":[],"yoast_head":"<!-- This site is optimized with the Yoast SEO plugin v27.4 - https:\/\/yoast.com\/product\/yoast-seo-wordpress\/ -->\n<title>SIUX DIABLO GO 3 - Revolution Padel Store<\/title>\n<meta name=\"description\" content=\"Pala h\u00edbrida con balance intermedio para jugadores de p\u00e1del avanzados Siux Diablo Go 3. N\u00facleo de goma EVA y caras de Carbono 3K que aporta buena salida de bola y resistencia.\" \/>\n<meta name=\"robots\" content=\"index, follow, max-snippet:-1, max-image-preview:large, max-video-preview:-1\" \/>\n<link rel=\"canonical\" href=\"https:\/\/revolutionpadelstore.com\/fr\/produit\/siux-diablo-go-3-3\/\" \/>\n<meta property=\"og:locale\" content=\"fr_FR\" \/>\n<meta property=\"og:type\" content=\"article\" \/>\n<meta property=\"og:title\" content=\"COMPRAR SIUX DIABLO GO 3\" \/>\n<meta property=\"og:description\" content=\"Pala h\u00edbrida con balance intermedio para jugadores de p\u00e1del avanzados Siux Diablo Go 3. N\u00facleo de goma EVA y caras de Carbono 3K que aporta buena salida de bola y resistencia.\" \/>\n<meta property=\"og:url\" content=\"https:\/\/revolutionpadelstore.com\/fr\/produit\/siux-diablo-go-3-3\/\" \/>\n<meta property=\"og:site_name\" content=\"Revolution Padel Store\" \/>\n<meta property=\"article:modified_time\" content=\"2026-04-08T12:21:34+00:00\" \/>\n<meta property=\"og:image\" content=\"https:\/\/revolutionpadelstore.com\/wp-content\/uploads\/2024\/04\/109470_siux_diablo_go_3_1500x1500_vista1_06bd.webp\" \/>\n\t<meta property=\"og:image:width\" content=\"1500\" \/>\n\t<meta property=\"og:image:height\" content=\"1500\" \/>\n\t<meta property=\"og:image:type\" content=\"image\/webp\" \/>\n<meta name=\"twitter:card\" content=\"summary_large_image\" \/>\n<meta name=\"twitter:label1\" content=\"Dur\u00e9e de lecture estim\u00e9e\" \/>\n\t<meta name=\"twitter:data1\" content=\"2 minutes\" \/>\n<script type=\"application\/ld+json\" class=\"yoast-schema-graph\">{\"@context\":\"https:\\\/\\\/schema.org\",\"@graph\":[{\"@type\":\"WebPage\",\"@id\":\"https:\\\/\\\/revolutionpadelstore.com\\\/fr\\\/produit\\\/siux-diablo-go-3-3\\\/\",\"url\":\"https:\\\/\\\/revolutionpadelstore.com\\\/fr\\\/produit\\\/siux-diablo-go-3-3\\\/\",\"name\":\"SIUX DIABLO GO 3 - Revolution Padel Store\",\"isPartOf\":{\"@id\":\"https:\\\/\\\/revolutionpadelstore.com\\\/fr\\\/#website\"},\"primaryImageOfPage\":{\"@id\":\"https:\\\/\\\/revolutionpadelstore.com\\\/fr\\\/produit\\\/siux-diablo-go-3-3\\\/#primaryimage\"},\"image\":{\"@id\":\"https:\\\/\\\/revolutionpadelstore.com\\\/fr\\\/produit\\\/siux-diablo-go-3-3\\\/#primaryimage\"},\"thumbnailUrl\":\"https:\\\/\\\/revolutionpadelstore.com\\\/wp-content\\\/uploads\\\/2024\\\/04\\\/109470_siux_diablo_go_3_1500x1500_vista1_06bd-1.webp\",\"datePublished\":\"2024-04-11T10:15:00+00:00\",\"dateModified\":\"2026-04-08T12:21:34+00:00\",\"description\":\"Pala h\u00edbrida con balance intermedio para jugadores de p\u00e1del avanzados Siux Diablo Go 3. N\u00facleo de goma EVA y caras de Carbono 3K que aporta buena salida de bola y resistencia.\",\"breadcrumb\":{\"@id\":\"https:\\\/\\\/revolutionpadelstore.com\\\/fr\\\/produit\\\/siux-diablo-go-3-3\\\/#breadcrumb\"},\"inLanguage\":\"fr-FR\",\"potentialAction\":[{\"@type\":\"ReadAction\",\"target\":[\"https:\\\/\\\/revolutionpadelstore.com\\\/fr\\\/produit\\\/siux-diablo-go-3-3\\\/\"]}]},{\"@type\":\"ImageObject\",\"inLanguage\":\"fr-FR\",\"@id\":\"https:\\\/\\\/revolutionpadelstore.com\\\/fr\\\/produit\\\/siux-diablo-go-3-3\\\/#primaryimage\",\"url\":\"https:\\\/\\\/revolutionpadelstore.com\\\/wp-content\\\/uploads\\\/2024\\\/04\\\/109470_siux_diablo_go_3_1500x1500_vista1_06bd-1.webp\",\"contentUrl\":\"https:\\\/\\\/revolutionpadelstore.com\\\/wp-content\\\/uploads\\\/2024\\\/04\\\/109470_siux_diablo_go_3_1500x1500_vista1_06bd-1.webp\",\"width\":1500,\"height\":1500},{\"@type\":\"BreadcrumbList\",\"@id\":\"https:\\\/\\\/revolutionpadelstore.com\\\/fr\\\/produit\\\/siux-diablo-go-3-3\\\/#breadcrumb\",\"itemListElement\":[{\"@type\":\"ListItem\",\"position\":1,\"name\":\"Portada\",\"item\":\"https:\\\/\\\/revolutionpadelstore.com\\\/fr\\\/\"},{\"@type\":\"ListItem\",\"position\":2,\"name\":\"Boutique\",\"item\":\"https:\\\/\\\/revolutionpadelstore.com\\\/fr\\\/tienda\\\/\"},{\"@type\":\"ListItem\",\"position\":3,\"name\":\"SIUX DIABLO GO 3\"}]},{\"@type\":\"WebSite\",\"@id\":\"https:\\\/\\\/revolutionpadelstore.com\\\/fr\\\/#website\",\"url\":\"https:\\\/\\\/revolutionpadelstore.com\\\/fr\\\/\",\"name\":\"Revolution Padel Store\",\"description\":\"\",\"publisher\":{\"@id\":\"https:\\\/\\\/revolutionpadelstore.com\\\/fr\\\/#organization\"},\"potentialAction\":[{\"@type\":\"SearchAction\",\"target\":{\"@type\":\"EntryPoint\",\"urlTemplate\":\"https:\\\/\\\/revolutionpadelstore.com\\\/fr\\\/?s={search_term_string}\"},\"query-input\":{\"@type\":\"PropertyValueSpecification\",\"valueRequired\":true,\"valueName\":\"search_term_string\"}}],\"inLanguage\":\"fr-FR\"},{\"@type\":\"Organization\",\"@id\":\"https:\\\/\\\/revolutionpadelstore.com\\\/fr\\\/#organization\",\"name\":\"Revolution Padel Store\",\"url\":\"https:\\\/\\\/revolutionpadelstore.com\\\/fr\\\/\",\"logo\":{\"@type\":\"ImageObject\",\"inLanguage\":\"fr-FR\",\"@id\":\"https:\\\/\\\/revolutionpadelstore.com\\\/fr\\\/#\\\/schema\\\/logo\\\/image\\\/\",\"url\":\"https:\\\/\\\/revolutionpadelstore.com\\\/wp-content\\\/uploads\\\/2026\\\/02\\\/revolution-padel-store.jpg\",\"contentUrl\":\"https:\\\/\\\/revolutionpadelstore.com\\\/wp-content\\\/uploads\\\/2026\\\/02\\\/revolution-padel-store.jpg\",\"width\":2000,\"height\":2000,\"caption\":\"Revolution Padel Store\"},\"image\":{\"@id\":\"https:\\\/\\\/revolutionpadelstore.com\\\/fr\\\/#\\\/schema\\\/logo\\\/image\\\/\"},\"sameAs\":[\"https:\\\/\\\/www.instagram.com\\\/revolutionpadelstore\\\/\"]}]}<\/script>\n<!-- \/ Yoast SEO plugin. -->","yoast_head_json":{"title":"SIUX DIABLO GO 3 - Revolution Padel Store","description":"Pala h\u00edbrida con balance intermedio para jugadores de p\u00e1del avanzados Siux Diablo Go 3. N\u00facleo de goma EVA y caras de Carbono 3K que aporta buena salida de bola y resistencia.","robots":{"index":"index","follow":"follow","max-snippet":"max-snippet:-1","max-image-preview":"max-image-preview:large","max-video-preview":"max-video-preview:-1"},"canonical":"https:\/\/revolutionpadelstore.com\/fr\/produit\/siux-diablo-go-3-3\/","og_locale":"fr_FR","og_type":"article","og_title":"COMPRAR SIUX DIABLO GO 3","og_description":"Pala h\u00edbrida con balance intermedio para jugadores de p\u00e1del avanzados Siux Diablo Go 3. N\u00facleo de goma EVA y caras de Carbono 3K que aporta buena salida de bola y resistencia.","og_url":"https:\/\/revolutionpadelstore.com\/fr\/produit\/siux-diablo-go-3-3\/","og_site_name":"Revolution Padel Store","article_modified_time":"2026-04-08T12:21:34+00:00","og_image":[{"width":1500,"height":1500,"url":"https:\/\/revolutionpadelstore.com\/wp-content\/uploads\/2024\/04\/109470_siux_diablo_go_3_1500x1500_vista1_06bd.webp","type":"image\/webp"}],"twitter_card":"summary_large_image","twitter_misc":{"Dur\u00e9e de lecture estim\u00e9e":"2 minutes"},"schema":{"@context":"https:\/\/schema.org","@graph":[{"@type":"WebPage","@id":"https:\/\/revolutionpadelstore.com\/fr\/produit\/siux-diablo-go-3-3\/","url":"https:\/\/revolutionpadelstore.com\/fr\/produit\/siux-diablo-go-3-3\/","name":"SIUX DIABLO GO 3 - Revolution Padel Store","isPartOf":{"@id":"https:\/\/revolutionpadelstore.com\/fr\/#website"},"primaryImageOfPage":{"@id":"https:\/\/revolutionpadelstore.com\/fr\/produit\/siux-diablo-go-3-3\/#primaryimage"},"image":{"@id":"https:\/\/revolutionpadelstore.com\/fr\/produit\/siux-diablo-go-3-3\/#primaryimage"},"thumbnailUrl":"https:\/\/revolutionpadelstore.com\/wp-content\/uploads\/2024\/04\/109470_siux_diablo_go_3_1500x1500_vista1_06bd-1.webp","datePublished":"2024-04-11T10:15:00+00:00","dateModified":"2026-04-08T12:21:34+00:00","description":"Pala h\u00edbrida con balance intermedio para jugadores de p\u00e1del avanzados Siux Diablo Go 3. N\u00facleo de goma EVA y caras de Carbono 3K que aporta buena salida de bola y resistencia.","breadcrumb":{"@id":"https:\/\/revolutionpadelstore.com\/fr\/produit\/siux-diablo-go-3-3\/#breadcrumb"},"inLanguage":"fr-FR","potentialAction":[{"@type":"ReadAction","target":["https:\/\/revolutionpadelstore.com\/fr\/produit\/siux-diablo-go-3-3\/"]}]},{"@type":"ImageObject","inLanguage":"fr-FR","@id":"https:\/\/revolutionpadelstore.com\/fr\/produit\/siux-diablo-go-3-3\/#primaryimage","url":"https:\/\/revolutionpadelstore.com\/wp-content\/uploads\/2024\/04\/109470_siux_diablo_go_3_1500x1500_vista1_06bd-1.webp","contentUrl":"https:\/\/revolutionpadelstore.com\/wp-content\/uploads\/2024\/04\/109470_siux_diablo_go_3_1500x1500_vista1_06bd-1.webp","width":1500,"height":1500},{"@type":"BreadcrumbList","@id":"https:\/\/revolutionpadelstore.com\/fr\/produit\/siux-diablo-go-3-3\/#breadcrumb","itemListElement":[{"@type":"ListItem","position":1,"name":"Portada","item":"https:\/\/revolutionpadelstore.com\/fr\/"},{"@type":"ListItem","position":2,"name":"Boutique","item":"https:\/\/revolutionpadelstore.com\/fr\/tienda\/"},{"@type":"ListItem","position":3,"name":"SIUX DIABLO GO 3"}]},{"@type":"WebSite","@id":"https:\/\/revolutionpadelstore.com\/fr\/#website","url":"https:\/\/revolutionpadelstore.com\/fr\/","name":"Revolution Padel Store","description":"","publisher":{"@id":"https:\/\/revolutionpadelstore.com\/fr\/#organization"},"potentialAction":[{"@type":"SearchAction","target":{"@type":"EntryPoint","urlTemplate":"https:\/\/revolutionpadelstore.com\/fr\/?s={search_term_string}"},"query-input":{"@type":"PropertyValueSpecification","valueRequired":true,"valueName":"search_term_string"}}],"inLanguage":"fr-FR"},{"@type":"Organization","@id":"https:\/\/revolutionpadelstore.com\/fr\/#organization","name":"Revolution Padel Store","url":"https:\/\/revolutionpadelstore.com\/fr\/","logo":{"@type":"ImageObject","inLanguage":"fr-FR","@id":"https:\/\/revolutionpadelstore.com\/fr\/#\/schema\/logo\/image\/","url":"https:\/\/revolutionpadelstore.com\/wp-content\/uploads\/2026\/02\/revolution-padel-store.jpg","contentUrl":"https:\/\/revolutionpadelstore.com\/wp-content\/uploads\/2026\/02\/revolution-padel-store.jpg","width":2000,"height":2000,"caption":"Revolution Padel Store"},"image":{"@id":"https:\/\/revolutionpadelstore.com\/fr\/#\/schema\/logo\/image\/"},"sameAs":["https:\/\/www.instagram.com\/revolutionpadelstore\/"]}]}},"_links":{"self":[{"href":"https:\/\/revolutionpadelstore.com\/fr\/wp-json\/wp\/v2\/product\/19680","targetHints":{"allow":["GET"]}}],"collection":[{"href":"https:\/\/revolutionpadelstore.com\/fr\/wp-json\/wp\/v2\/product"}],"about":[{"href":"https:\/\/revolutionpadelstore.com\/fr\/wp-json\/wp\/v2\/types\/product"}],"replies":[{"embeddable":true,"href":"https:\/\/revolutionpadelstore.com\/fr\/wp-json\/wp\/v2\/comments?post=19680"}],"wp:featuredmedia":[{"embeddable":true,"href":"https:\/\/revolutionpadelstore.com\/fr\/wp-json\/wp\/v2\/media\/265987"}],"wp:attachment":[{"href":"https:\/\/revolutionpadelstore.com\/fr\/wp-json\/wp\/v2\/media?parent=19680"}],"wp:term":[{"taxonomy":"acabado","embeddable":true,"href":"https:\/\/revolutionpadelstore.com\/fr\/wp-json\/wp\/v2\/acabado?post=19680"},{"taxonomy":"balance","embeddable":true,"href":"https:\/\/revolutionpadelstore.com\/fr\/wp-json\/wp\/v2\/balance?post=19680"},{"taxonomy":"dureza","embeddable":true,"href":"https:\/\/revolutionpadelstore.com\/fr\/wp-json\/wp\/v2\/dureza?post=19680"},{"taxonomy":"forma","embeddable":true,"href":"https:\/\/revolutionpadelstore.com\/fr\/wp-json\/wp\/v2\/forma?post=19680"},{"taxonomy":"jugador","embeddable":true,"href":"https:\/\/revolutionpadelstore.com\/fr\/wp-json\/wp\/v2\/jugador?post=19680"},{"taxonomy":"marca","embeddable":true,"href":"https:\/\/revolutionpadelstore.com\/fr\/wp-json\/wp\/v2\/marca?post=19680"},{"taxonomy":"nivel-de-juego","embeddable":true,"href":"https:\/\/revolutionpadelstore.com\/fr\/wp-json\/wp\/v2\/nivel-de-juego?post=19680"},{"taxonomy":"superficie","embeddable":true,"href":"https:\/\/revolutionpadelstore.com\/fr\/wp-json\/wp\/v2\/superficie?post=19680"},{"taxonomy":"tipo-de-juego","embeddable":true,"href":"https:\/\/revolutionpadelstore.com\/fr\/wp-json\/wp\/v2\/tipo-de-juego?post=19680"},{"taxonomy":"product_brand","embeddable":true,"href":"https:\/\/revolutionpadelstore.com\/fr\/wp-json\/wp\/v2\/product_brand?post=19680"},{"taxonomy":"product_cat","embeddable":true,"href":"https:\/\/revolutionpadelstore.com\/fr\/wp-json\/wp\/v2\/product_cat?post=19680"},{"taxonomy":"product_tag","embeddable":true,"href":"https:\/\/revolutionpadelstore.com\/fr\/wp-json\/wp\/v2\/product_tag?post=19680"}],"curies":[{"name":"wp","href":"https:\/\/api.w.org\/{rel}","templated":true}]}}