{"id":18830,"date":"2024-04-22T15:23:00","date_gmt":"2024-04-22T13:23:00","guid":{"rendered":"https:\/\/revolutionpadelstore.com\/camiseta-bullpadel-letra-azul-marino-vigore\/"},"modified":"2026-04-08T13:41:47","modified_gmt":"2026-04-08T11:41:47","slug":"camiseta-bullpadel-letra-azul-marino-vigore-3","status":"publish","type":"product","link":"https:\/\/revolutionpadelstore.com\/fr\/produit\/camiseta-bullpadel-letra-azul-marino-vigore-3\/","title":{"rendered":"Camiseta Bullpadel Letra Azul Marino Vigore"},"content":{"rendered":"<p>Chez Revolution Padel Store, vous trouverez le t-shirt parfait pour vos matchs de padel : le T-shirt Bullpadel Letter Navy Blue Vigore. Avec un design attrayant et \u00e9l\u00e9gant, ce v\u00eatement technique l\u00e9ger en Jacquard vous offrira confort et fonctionnalit\u00e9 \u00e0 chaque mouvement. Fabriqu\u00e9 en tissu polyester ultral\u00e9ger, sa finition Quickerdry utilise des microfilaments pour r\u00e9duire l&#8217;humidit\u00e9 et favoriser la transpiration, vous gardant ainsi au frais et au sec \u00e0 tout moment. Non seulement vous aurez fi\u00e8re allure sur le terrain, mais vous vous sentirez \u00e9galement \u00e0 l&#8217;aise et donnerez le meilleur de vous-m\u00eame gr\u00e2ce \u00e0 ce t-shirt Bullpadel. Obtenez-le sur Revolution Padel Store et faites passer votre jeu au niveau sup\u00e9rieur !<\/p>\n","protected":false},"excerpt":{"rendered":"<p>T-shirt technique Bullpadel au design \u00e9l\u00e9gant et avec technologie Quickerdry pour plus de confort et de respirabilit\u00e9. Disponible au Revolution Padel Store.<\/p>\n","protected":false},"featured_media":5054,"comment_status":"closed","ping_status":"open","template":"","meta":{"_acf_changed":false,"_joinchat":[]},"acabado":[],"balance":[],"dureza":[],"forma":[],"jugador":[1192],"marca":[1257],"nivel-de-juego":[],"superficie":[],"tipo-de-juego":[],"product_brand":[],"product_cat":[344,345],"product_tag":[],"class_list":{"0":"post-18830","1":"product","2":"type-product","3":"status-publish","4":"has-post-thumbnail","6":"jugador-homme","7":"marca-bullpadel-fr","8":"product_cat-ropa-fr","9":"product_cat-vetements-pour-joueurs-premier","11":"first","12":"outofstock","13":"sale","14":"taxable","15":"shipping-taxable","16":"purchasable","17":"product-type-variable"},"acf":[],"yoast_head":"<!-- This site is optimized with the Yoast SEO plugin v27.4 - https:\/\/yoast.com\/product\/yoast-seo-wordpress\/ -->\n<title>Camiseta Bullpadel Letra Azul Marino Vigore - Revolution Padel Store<\/title>\n<meta name=\"description\" content=\"Camiseta t\u00e9cnica Bullpadel con dise\u00f1o elegante y tecnolog\u00eda Quickerdry para mayor comodidad y transpiraci\u00f3n. Disponible en Revolution Padel Store.\" \/>\n<meta name=\"robots\" content=\"index, follow, max-snippet:-1, max-image-preview:large, max-video-preview:-1\" \/>\n<link rel=\"canonical\" href=\"https:\/\/revolutionpadelstore.com\/fr\/produit\/camiseta-bullpadel-letra-azul-marino-vigore-3\/\" \/>\n<meta property=\"og:locale\" content=\"fr_FR\" \/>\n<meta property=\"og:type\" content=\"article\" \/>\n<meta property=\"og:title\" content=\"Camiseta Bullpadel Letra Azul Marino Vigore - Revolution Padel Store\" \/>\n<meta property=\"og:description\" content=\"Camiseta t\u00e9cnica Bullpadel con dise\u00f1o elegante y tecnolog\u00eda Quickerdry para mayor comodidad y transpiraci\u00f3n. Disponible en Revolution Padel Store.\" \/>\n<meta property=\"og:url\" content=\"https:\/\/revolutionpadelstore.com\/fr\/produit\/camiseta-bullpadel-letra-azul-marino-vigore-3\/\" \/>\n<meta property=\"og:site_name\" content=\"Revolution Padel Store\" \/>\n<meta property=\"article:modified_time\" content=\"2026-04-08T11:41:47+00:00\" \/>\n<meta property=\"og:image\" content=\"https:\/\/revolutionpadelstore.com\/wp-content\/uploads\/2024\/04\/18779-0-4.jpg\" \/>\n\t<meta property=\"og:image:width\" content=\"800\" \/>\n\t<meta property=\"og:image:height\" content=\"800\" \/>\n\t<meta property=\"og:image:type\" content=\"image\/png\" \/>\n<meta name=\"twitter:card\" content=\"summary_large_image\" \/>\n<meta name=\"twitter:label1\" content=\"Dur\u00e9e de lecture estim\u00e9e\" \/>\n\t<meta name=\"twitter:data1\" content=\"1 minute\" \/>\n<script type=\"application\/ld+json\" class=\"yoast-schema-graph\">{\"@context\":\"https:\\\/\\\/schema.org\",\"@graph\":[{\"@type\":\"WebPage\",\"@id\":\"https:\\\/\\\/revolutionpadelstore.com\\\/fr\\\/produit\\\/camiseta-bullpadel-letra-azul-marino-vigore-3\\\/\",\"url\":\"https:\\\/\\\/revolutionpadelstore.com\\\/fr\\\/produit\\\/camiseta-bullpadel-letra-azul-marino-vigore-3\\\/\",\"name\":\"Camiseta Bullpadel Letra Azul Marino Vigore - Revolution Padel Store\",\"isPartOf\":{\"@id\":\"https:\\\/\\\/revolutionpadelstore.com\\\/fr\\\/#website\"},\"primaryImageOfPage\":{\"@id\":\"https:\\\/\\\/revolutionpadelstore.com\\\/fr\\\/produit\\\/camiseta-bullpadel-letra-azul-marino-vigore-3\\\/#primaryimage\"},\"image\":{\"@id\":\"https:\\\/\\\/revolutionpadelstore.com\\\/fr\\\/produit\\\/camiseta-bullpadel-letra-azul-marino-vigore-3\\\/#primaryimage\"},\"thumbnailUrl\":\"https:\\\/\\\/revolutionpadelstore.com\\\/wp-content\\\/uploads\\\/2024\\\/04\\\/18779-0-4.jpg\",\"datePublished\":\"2024-04-22T13:23:00+00:00\",\"dateModified\":\"2026-04-08T11:41:47+00:00\",\"description\":\"Camiseta t\u00e9cnica Bullpadel con dise\u00f1o elegante y tecnolog\u00eda Quickerdry para mayor comodidad y transpiraci\u00f3n. Disponible en Revolution Padel Store.\",\"breadcrumb\":{\"@id\":\"https:\\\/\\\/revolutionpadelstore.com\\\/fr\\\/produit\\\/camiseta-bullpadel-letra-azul-marino-vigore-3\\\/#breadcrumb\"},\"inLanguage\":\"fr-FR\",\"potentialAction\":[{\"@type\":\"ReadAction\",\"target\":[\"https:\\\/\\\/revolutionpadelstore.com\\\/fr\\\/produit\\\/camiseta-bullpadel-letra-azul-marino-vigore-3\\\/\"]}]},{\"@type\":\"ImageObject\",\"inLanguage\":\"fr-FR\",\"@id\":\"https:\\\/\\\/revolutionpadelstore.com\\\/fr\\\/produit\\\/camiseta-bullpadel-letra-azul-marino-vigore-3\\\/#primaryimage\",\"url\":\"https:\\\/\\\/revolutionpadelstore.com\\\/wp-content\\\/uploads\\\/2024\\\/04\\\/18779-0-4.jpg\",\"contentUrl\":\"https:\\\/\\\/revolutionpadelstore.com\\\/wp-content\\\/uploads\\\/2024\\\/04\\\/18779-0-4.jpg\",\"width\":800,\"height\":800},{\"@type\":\"BreadcrumbList\",\"@id\":\"https:\\\/\\\/revolutionpadelstore.com\\\/fr\\\/produit\\\/camiseta-bullpadel-letra-azul-marino-vigore-3\\\/#breadcrumb\",\"itemListElement\":[{\"@type\":\"ListItem\",\"position\":1,\"name\":\"Portada\",\"item\":\"https:\\\/\\\/revolutionpadelstore.com\\\/fr\\\/\"},{\"@type\":\"ListItem\",\"position\":2,\"name\":\"Boutique\",\"item\":\"https:\\\/\\\/revolutionpadelstore.com\\\/fr\\\/tienda\\\/\"},{\"@type\":\"ListItem\",\"position\":3,\"name\":\"Camiseta Bullpadel Letra Azul Marino Vigore\"}]},{\"@type\":\"WebSite\",\"@id\":\"https:\\\/\\\/revolutionpadelstore.com\\\/fr\\\/#website\",\"url\":\"https:\\\/\\\/revolutionpadelstore.com\\\/fr\\\/\",\"name\":\"Revolution Padel Store\",\"description\":\"\",\"publisher\":{\"@id\":\"https:\\\/\\\/revolutionpadelstore.com\\\/fr\\\/#organization\"},\"potentialAction\":[{\"@type\":\"SearchAction\",\"target\":{\"@type\":\"EntryPoint\",\"urlTemplate\":\"https:\\\/\\\/revolutionpadelstore.com\\\/fr\\\/?s={search_term_string}\"},\"query-input\":{\"@type\":\"PropertyValueSpecification\",\"valueRequired\":true,\"valueName\":\"search_term_string\"}}],\"inLanguage\":\"fr-FR\"},{\"@type\":\"Organization\",\"@id\":\"https:\\\/\\\/revolutionpadelstore.com\\\/fr\\\/#organization\",\"name\":\"Revolution Padel Store\",\"url\":\"https:\\\/\\\/revolutionpadelstore.com\\\/fr\\\/\",\"logo\":{\"@type\":\"ImageObject\",\"inLanguage\":\"fr-FR\",\"@id\":\"https:\\\/\\\/revolutionpadelstore.com\\\/fr\\\/#\\\/schema\\\/logo\\\/image\\\/\",\"url\":\"https:\\\/\\\/revolutionpadelstore.com\\\/wp-content\\\/uploads\\\/2026\\\/02\\\/revolution-padel-store.jpg\",\"contentUrl\":\"https:\\\/\\\/revolutionpadelstore.com\\\/wp-content\\\/uploads\\\/2026\\\/02\\\/revolution-padel-store.jpg\",\"width\":2000,\"height\":2000,\"caption\":\"Revolution Padel Store\"},\"image\":{\"@id\":\"https:\\\/\\\/revolutionpadelstore.com\\\/fr\\\/#\\\/schema\\\/logo\\\/image\\\/\"},\"sameAs\":[\"https:\\\/\\\/www.instagram.com\\\/revolutionpadelstore\\\/\"]}]}<\/script>\n<!-- \/ Yoast SEO plugin. -->","yoast_head_json":{"title":"Camiseta Bullpadel Letra Azul Marino Vigore - Revolution Padel Store","description":"Camiseta t\u00e9cnica Bullpadel con dise\u00f1o elegante y tecnolog\u00eda Quickerdry para mayor comodidad y transpiraci\u00f3n. Disponible en Revolution Padel Store.","robots":{"index":"index","follow":"follow","max-snippet":"max-snippet:-1","max-image-preview":"max-image-preview:large","max-video-preview":"max-video-preview:-1"},"canonical":"https:\/\/revolutionpadelstore.com\/fr\/produit\/camiseta-bullpadel-letra-azul-marino-vigore-3\/","og_locale":"fr_FR","og_type":"article","og_title":"Camiseta Bullpadel Letra Azul Marino Vigore - Revolution Padel Store","og_description":"Camiseta t\u00e9cnica Bullpadel con dise\u00f1o elegante y tecnolog\u00eda Quickerdry para mayor comodidad y transpiraci\u00f3n. Disponible en Revolution Padel Store.","og_url":"https:\/\/revolutionpadelstore.com\/fr\/produit\/camiseta-bullpadel-letra-azul-marino-vigore-3\/","og_site_name":"Revolution Padel Store","article_modified_time":"2026-04-08T11:41:47+00:00","og_image":[{"width":800,"height":800,"url":"https:\/\/revolutionpadelstore.com\/wp-content\/uploads\/2024\/04\/18779-0-4.jpg","type":"image\/png"}],"twitter_card":"summary_large_image","twitter_misc":{"Dur\u00e9e de lecture estim\u00e9e":"1 minute"},"schema":{"@context":"https:\/\/schema.org","@graph":[{"@type":"WebPage","@id":"https:\/\/revolutionpadelstore.com\/fr\/produit\/camiseta-bullpadel-letra-azul-marino-vigore-3\/","url":"https:\/\/revolutionpadelstore.com\/fr\/produit\/camiseta-bullpadel-letra-azul-marino-vigore-3\/","name":"Camiseta Bullpadel Letra Azul Marino Vigore - Revolution Padel Store","isPartOf":{"@id":"https:\/\/revolutionpadelstore.com\/fr\/#website"},"primaryImageOfPage":{"@id":"https:\/\/revolutionpadelstore.com\/fr\/produit\/camiseta-bullpadel-letra-azul-marino-vigore-3\/#primaryimage"},"image":{"@id":"https:\/\/revolutionpadelstore.com\/fr\/produit\/camiseta-bullpadel-letra-azul-marino-vigore-3\/#primaryimage"},"thumbnailUrl":"https:\/\/revolutionpadelstore.com\/wp-content\/uploads\/2024\/04\/18779-0-4.jpg","datePublished":"2024-04-22T13:23:00+00:00","dateModified":"2026-04-08T11:41:47+00:00","description":"Camiseta t\u00e9cnica Bullpadel con dise\u00f1o elegante y tecnolog\u00eda Quickerdry para mayor comodidad y transpiraci\u00f3n. Disponible en Revolution Padel Store.","breadcrumb":{"@id":"https:\/\/revolutionpadelstore.com\/fr\/produit\/camiseta-bullpadel-letra-azul-marino-vigore-3\/#breadcrumb"},"inLanguage":"fr-FR","potentialAction":[{"@type":"ReadAction","target":["https:\/\/revolutionpadelstore.com\/fr\/produit\/camiseta-bullpadel-letra-azul-marino-vigore-3\/"]}]},{"@type":"ImageObject","inLanguage":"fr-FR","@id":"https:\/\/revolutionpadelstore.com\/fr\/produit\/camiseta-bullpadel-letra-azul-marino-vigore-3\/#primaryimage","url":"https:\/\/revolutionpadelstore.com\/wp-content\/uploads\/2024\/04\/18779-0-4.jpg","contentUrl":"https:\/\/revolutionpadelstore.com\/wp-content\/uploads\/2024\/04\/18779-0-4.jpg","width":800,"height":800},{"@type":"BreadcrumbList","@id":"https:\/\/revolutionpadelstore.com\/fr\/produit\/camiseta-bullpadel-letra-azul-marino-vigore-3\/#breadcrumb","itemListElement":[{"@type":"ListItem","position":1,"name":"Portada","item":"https:\/\/revolutionpadelstore.com\/fr\/"},{"@type":"ListItem","position":2,"name":"Boutique","item":"https:\/\/revolutionpadelstore.com\/fr\/tienda\/"},{"@type":"ListItem","position":3,"name":"Camiseta Bullpadel Letra Azul Marino Vigore"}]},{"@type":"WebSite","@id":"https:\/\/revolutionpadelstore.com\/fr\/#website","url":"https:\/\/revolutionpadelstore.com\/fr\/","name":"Revolution Padel Store","description":"","publisher":{"@id":"https:\/\/revolutionpadelstore.com\/fr\/#organization"},"potentialAction":[{"@type":"SearchAction","target":{"@type":"EntryPoint","urlTemplate":"https:\/\/revolutionpadelstore.com\/fr\/?s={search_term_string}"},"query-input":{"@type":"PropertyValueSpecification","valueRequired":true,"valueName":"search_term_string"}}],"inLanguage":"fr-FR"},{"@type":"Organization","@id":"https:\/\/revolutionpadelstore.com\/fr\/#organization","name":"Revolution Padel Store","url":"https:\/\/revolutionpadelstore.com\/fr\/","logo":{"@type":"ImageObject","inLanguage":"fr-FR","@id":"https:\/\/revolutionpadelstore.com\/fr\/#\/schema\/logo\/image\/","url":"https:\/\/revolutionpadelstore.com\/wp-content\/uploads\/2026\/02\/revolution-padel-store.jpg","contentUrl":"https:\/\/revolutionpadelstore.com\/wp-content\/uploads\/2026\/02\/revolution-padel-store.jpg","width":2000,"height":2000,"caption":"Revolution Padel Store"},"image":{"@id":"https:\/\/revolutionpadelstore.com\/fr\/#\/schema\/logo\/image\/"},"sameAs":["https:\/\/www.instagram.com\/revolutionpadelstore\/"]}]}},"_links":{"self":[{"href":"https:\/\/revolutionpadelstore.com\/fr\/wp-json\/wp\/v2\/product\/18830","targetHints":{"allow":["GET"]}}],"collection":[{"href":"https:\/\/revolutionpadelstore.com\/fr\/wp-json\/wp\/v2\/product"}],"about":[{"href":"https:\/\/revolutionpadelstore.com\/fr\/wp-json\/wp\/v2\/types\/product"}],"replies":[{"embeddable":true,"href":"https:\/\/revolutionpadelstore.com\/fr\/wp-json\/wp\/v2\/comments?post=18830"}],"wp:featuredmedia":[{"embeddable":true,"href":"https:\/\/revolutionpadelstore.com\/fr\/wp-json\/wp\/v2\/media\/5054"}],"wp:attachment":[{"href":"https:\/\/revolutionpadelstore.com\/fr\/wp-json\/wp\/v2\/media?parent=18830"}],"wp:term":[{"taxonomy":"acabado","embeddable":true,"href":"https:\/\/revolutionpadelstore.com\/fr\/wp-json\/wp\/v2\/acabado?post=18830"},{"taxonomy":"balance","embeddable":true,"href":"https:\/\/revolutionpadelstore.com\/fr\/wp-json\/wp\/v2\/balance?post=18830"},{"taxonomy":"dureza","embeddable":true,"href":"https:\/\/revolutionpadelstore.com\/fr\/wp-json\/wp\/v2\/dureza?post=18830"},{"taxonomy":"forma","embeddable":true,"href":"https:\/\/revolutionpadelstore.com\/fr\/wp-json\/wp\/v2\/forma?post=18830"},{"taxonomy":"jugador","embeddable":true,"href":"https:\/\/revolutionpadelstore.com\/fr\/wp-json\/wp\/v2\/jugador?post=18830"},{"taxonomy":"marca","embeddable":true,"href":"https:\/\/revolutionpadelstore.com\/fr\/wp-json\/wp\/v2\/marca?post=18830"},{"taxonomy":"nivel-de-juego","embeddable":true,"href":"https:\/\/revolutionpadelstore.com\/fr\/wp-json\/wp\/v2\/nivel-de-juego?post=18830"},{"taxonomy":"superficie","embeddable":true,"href":"https:\/\/revolutionpadelstore.com\/fr\/wp-json\/wp\/v2\/superficie?post=18830"},{"taxonomy":"tipo-de-juego","embeddable":true,"href":"https:\/\/revolutionpadelstore.com\/fr\/wp-json\/wp\/v2\/tipo-de-juego?post=18830"},{"taxonomy":"product_brand","embeddable":true,"href":"https:\/\/revolutionpadelstore.com\/fr\/wp-json\/wp\/v2\/product_brand?post=18830"},{"taxonomy":"product_cat","embeddable":true,"href":"https:\/\/revolutionpadelstore.com\/fr\/wp-json\/wp\/v2\/product_cat?post=18830"},{"taxonomy":"product_tag","embeddable":true,"href":"https:\/\/revolutionpadelstore.com\/fr\/wp-json\/wp\/v2\/product_tag?post=18830"}],"curies":[{"name":"wp","href":"https:\/\/api.w.org\/{rel}","templated":true}]}}