{"id":18595,"date":"2024-04-22T15:23:04","date_gmt":"2024-04-22T13:23:04","guid":{"rendered":"https:\/\/revolutionpadelstore.com\/camiseta-bullpadel-gemma-triay-edrar-carbon\/"},"modified":"2026-04-08T13:22:49","modified_gmt":"2026-04-08T11:22:49","slug":"camiseta-bullpadel-gemma-triay-edrar-carbon-3","status":"publish","type":"product","link":"https:\/\/revolutionpadelstore.com\/fr\/produit\/camiseta-bullpadel-gemma-triay-edrar-carbon-3\/","title":{"rendered":"Camiseta Bullpadel Gemma Triay Edrar Carbon"},"content":{"rendered":"<p>Dans Revolution Padel Store, vous trouverez le &#8220;T-shirt Bullpadel Gemma Triay Edrar Carbon&#8221; exclusif, sp\u00e9cialement con\u00e7u par la joueuse Gemma Triay. Ce v\u00eatement de la ligne sp\u00e9ciale pr\u00e9sente un d\u00e9bardeur en maille de nylon extensible textur\u00e9, un d\u00e9collet\u00e9 en V et une silhouette sans ajustement \u00e0 la taille, qui garantit un confort et une libert\u00e9 de mouvement incomparables. De plus, son dos semi-ouvert avec un empi\u00e8cement en tissu l\u00e9g\u00e8rement ray\u00e9 et des bandes \u00e9lastiques superpos\u00e9es lui conf\u00e8rent une touche de style unique.<\/p>\n<p> Mais ce n&#8217;est pas tout, le maillot poss\u00e8de \u00e9galement des d\u00e9tails r\u00e9fl\u00e9chissants qui vous permettront de vous d\u00e9marquer sur le terrain. Fabriqu\u00e9 en jersey fantaisie de nylon extensible et en tissu ray\u00e9 en polyester extensible, ce v\u00eatement int\u00e8gre la technologie Drylum qui le rend hydrophobe, respirant et \u00e0 s\u00e9chage rapide. Son tissu ultral\u00e9ger de microfilaments de polyamide avec \u00e9lasthanne vous permettra de bouger en toute libert\u00e9 et confort.<\/p>\n<p> Ne manquez pas l&#8217;occasion de porter un design exclusif de la joueuse Gemma Triay au Revolution Padel Store. Obtenez votre T-shirt Bullpadel Gemma Triay et faites passer votre jeu au niveau sup\u00e9rieur !<\/p>\n","protected":false},"excerpt":{"rendered":"<p>T-shirt Bullpadel Gemma Triay Edrar Carbon chez Revolution Padel Store. Conception confortable et technologie Drylum pour un confort maximal dans le jeu.<\/p>\n","protected":false},"featured_media":5133,"comment_status":"closed","ping_status":"open","template":"","meta":{"_acf_changed":false,"_joinchat":[]},"acabado":[],"balance":[],"dureza":[],"forma":[],"jugador":[1197],"marca":[1257],"nivel-de-juego":[],"superficie":[],"tipo-de-juego":[],"product_brand":[],"product_cat":[344,345],"product_tag":[],"class_list":{"0":"post-18595","1":"product","2":"type-product","3":"status-publish","4":"has-post-thumbnail","6":"jugador-mujer-fr","7":"marca-bullpadel-fr","8":"product_cat-ropa-fr","9":"product_cat-vetements-pour-joueurs-premier","11":"first","12":"outofstock","13":"taxable","14":"shipping-taxable","15":"purchasable","16":"product-type-variable"},"acf":[],"yoast_head":"<!-- This site is optimized with the Yoast SEO plugin v27.4 - https:\/\/yoast.com\/product\/yoast-seo-wordpress\/ -->\n<title>Camiseta Bullpadel Gemma Triay Edrar Carbon - Revolution Padel Store<\/title>\n<meta name=\"description\" content=\"Camiseta Bullpadel Gemma Triay Edrar Carbon en Revolution Padel Store. Dise\u00f1o c\u00f3modo y tecnolog\u00eda Drylum para m\u00e1xima comodidad en el juego.\" \/>\n<meta name=\"robots\" content=\"index, follow, max-snippet:-1, max-image-preview:large, max-video-preview:-1\" \/>\n<link rel=\"canonical\" href=\"https:\/\/revolutionpadelstore.com\/fr\/produit\/camiseta-bullpadel-gemma-triay-edrar-carbon-3\/\" \/>\n<meta property=\"og:locale\" content=\"fr_FR\" \/>\n<meta property=\"og:type\" content=\"article\" \/>\n<meta property=\"og:title\" content=\"Camiseta Bullpadel Gemma Triay Edrar Carbon - Revolution Padel Store\" \/>\n<meta property=\"og:description\" content=\"Camiseta Bullpadel Gemma Triay Edrar Carbon en Revolution Padel Store. Dise\u00f1o c\u00f3modo y tecnolog\u00eda Drylum para m\u00e1xima comodidad en el juego.\" \/>\n<meta property=\"og:url\" content=\"https:\/\/revolutionpadelstore.com\/fr\/produit\/camiseta-bullpadel-gemma-triay-edrar-carbon-3\/\" \/>\n<meta property=\"og:site_name\" content=\"Revolution Padel Store\" \/>\n<meta property=\"article:modified_time\" content=\"2026-04-08T11:22:49+00:00\" \/>\n<meta property=\"og:image\" content=\"https:\/\/revolutionpadelstore.com\/wp-content\/uploads\/2024\/04\/18876-0-4.jpg\" \/>\n\t<meta property=\"og:image:width\" content=\"800\" \/>\n\t<meta property=\"og:image:height\" content=\"800\" \/>\n\t<meta property=\"og:image:type\" content=\"image\/png\" \/>\n<meta name=\"twitter:card\" content=\"summary_large_image\" \/>\n<meta name=\"twitter:label1\" content=\"Dur\u00e9e de lecture estim\u00e9e\" \/>\n\t<meta name=\"twitter:data1\" content=\"1 minute\" \/>\n<script type=\"application\/ld+json\" class=\"yoast-schema-graph\">{\"@context\":\"https:\\\/\\\/schema.org\",\"@graph\":[{\"@type\":\"WebPage\",\"@id\":\"https:\\\/\\\/revolutionpadelstore.com\\\/fr\\\/produit\\\/camiseta-bullpadel-gemma-triay-edrar-carbon-3\\\/\",\"url\":\"https:\\\/\\\/revolutionpadelstore.com\\\/fr\\\/produit\\\/camiseta-bullpadel-gemma-triay-edrar-carbon-3\\\/\",\"name\":\"Camiseta Bullpadel Gemma Triay Edrar Carbon - Revolution Padel Store\",\"isPartOf\":{\"@id\":\"https:\\\/\\\/revolutionpadelstore.com\\\/fr\\\/#website\"},\"primaryImageOfPage\":{\"@id\":\"https:\\\/\\\/revolutionpadelstore.com\\\/fr\\\/produit\\\/camiseta-bullpadel-gemma-triay-edrar-carbon-3\\\/#primaryimage\"},\"image\":{\"@id\":\"https:\\\/\\\/revolutionpadelstore.com\\\/fr\\\/produit\\\/camiseta-bullpadel-gemma-triay-edrar-carbon-3\\\/#primaryimage\"},\"thumbnailUrl\":\"https:\\\/\\\/revolutionpadelstore.com\\\/wp-content\\\/uploads\\\/2024\\\/04\\\/18876-0-4.jpg\",\"datePublished\":\"2024-04-22T13:23:04+00:00\",\"dateModified\":\"2026-04-08T11:22:49+00:00\",\"description\":\"Camiseta Bullpadel Gemma Triay Edrar Carbon en Revolution Padel Store. Dise\u00f1o c\u00f3modo y tecnolog\u00eda Drylum para m\u00e1xima comodidad en el juego.\",\"breadcrumb\":{\"@id\":\"https:\\\/\\\/revolutionpadelstore.com\\\/fr\\\/produit\\\/camiseta-bullpadel-gemma-triay-edrar-carbon-3\\\/#breadcrumb\"},\"inLanguage\":\"fr-FR\",\"potentialAction\":[{\"@type\":\"ReadAction\",\"target\":[\"https:\\\/\\\/revolutionpadelstore.com\\\/fr\\\/produit\\\/camiseta-bullpadel-gemma-triay-edrar-carbon-3\\\/\"]}]},{\"@type\":\"ImageObject\",\"inLanguage\":\"fr-FR\",\"@id\":\"https:\\\/\\\/revolutionpadelstore.com\\\/fr\\\/produit\\\/camiseta-bullpadel-gemma-triay-edrar-carbon-3\\\/#primaryimage\",\"url\":\"https:\\\/\\\/revolutionpadelstore.com\\\/wp-content\\\/uploads\\\/2024\\\/04\\\/18876-0-4.jpg\",\"contentUrl\":\"https:\\\/\\\/revolutionpadelstore.com\\\/wp-content\\\/uploads\\\/2024\\\/04\\\/18876-0-4.jpg\",\"width\":800,\"height\":800},{\"@type\":\"BreadcrumbList\",\"@id\":\"https:\\\/\\\/revolutionpadelstore.com\\\/fr\\\/produit\\\/camiseta-bullpadel-gemma-triay-edrar-carbon-3\\\/#breadcrumb\",\"itemListElement\":[{\"@type\":\"ListItem\",\"position\":1,\"name\":\"Portada\",\"item\":\"https:\\\/\\\/revolutionpadelstore.com\\\/fr\\\/\"},{\"@type\":\"ListItem\",\"position\":2,\"name\":\"Boutique\",\"item\":\"https:\\\/\\\/revolutionpadelstore.com\\\/fr\\\/tienda\\\/\"},{\"@type\":\"ListItem\",\"position\":3,\"name\":\"Camiseta Bullpadel Gemma Triay Edrar Carbon\"}]},{\"@type\":\"WebSite\",\"@id\":\"https:\\\/\\\/revolutionpadelstore.com\\\/fr\\\/#website\",\"url\":\"https:\\\/\\\/revolutionpadelstore.com\\\/fr\\\/\",\"name\":\"Revolution Padel Store\",\"description\":\"\",\"publisher\":{\"@id\":\"https:\\\/\\\/revolutionpadelstore.com\\\/fr\\\/#organization\"},\"potentialAction\":[{\"@type\":\"SearchAction\",\"target\":{\"@type\":\"EntryPoint\",\"urlTemplate\":\"https:\\\/\\\/revolutionpadelstore.com\\\/fr\\\/?s={search_term_string}\"},\"query-input\":{\"@type\":\"PropertyValueSpecification\",\"valueRequired\":true,\"valueName\":\"search_term_string\"}}],\"inLanguage\":\"fr-FR\"},{\"@type\":\"Organization\",\"@id\":\"https:\\\/\\\/revolutionpadelstore.com\\\/fr\\\/#organization\",\"name\":\"Revolution Padel Store\",\"url\":\"https:\\\/\\\/revolutionpadelstore.com\\\/fr\\\/\",\"logo\":{\"@type\":\"ImageObject\",\"inLanguage\":\"fr-FR\",\"@id\":\"https:\\\/\\\/revolutionpadelstore.com\\\/fr\\\/#\\\/schema\\\/logo\\\/image\\\/\",\"url\":\"https:\\\/\\\/revolutionpadelstore.com\\\/wp-content\\\/uploads\\\/2026\\\/02\\\/revolution-padel-store.jpg\",\"contentUrl\":\"https:\\\/\\\/revolutionpadelstore.com\\\/wp-content\\\/uploads\\\/2026\\\/02\\\/revolution-padel-store.jpg\",\"width\":2000,\"height\":2000,\"caption\":\"Revolution Padel Store\"},\"image\":{\"@id\":\"https:\\\/\\\/revolutionpadelstore.com\\\/fr\\\/#\\\/schema\\\/logo\\\/image\\\/\"},\"sameAs\":[\"https:\\\/\\\/www.instagram.com\\\/revolutionpadelstore\\\/\"]}]}<\/script>\n<!-- \/ Yoast SEO plugin. -->","yoast_head_json":{"title":"Camiseta Bullpadel Gemma Triay Edrar Carbon - Revolution Padel Store","description":"Camiseta Bullpadel Gemma Triay Edrar Carbon en Revolution Padel Store. Dise\u00f1o c\u00f3modo y tecnolog\u00eda Drylum para m\u00e1xima comodidad en el juego.","robots":{"index":"index","follow":"follow","max-snippet":"max-snippet:-1","max-image-preview":"max-image-preview:large","max-video-preview":"max-video-preview:-1"},"canonical":"https:\/\/revolutionpadelstore.com\/fr\/produit\/camiseta-bullpadel-gemma-triay-edrar-carbon-3\/","og_locale":"fr_FR","og_type":"article","og_title":"Camiseta Bullpadel Gemma Triay Edrar Carbon - Revolution Padel Store","og_description":"Camiseta Bullpadel Gemma Triay Edrar Carbon en Revolution Padel Store. Dise\u00f1o c\u00f3modo y tecnolog\u00eda Drylum para m\u00e1xima comodidad en el juego.","og_url":"https:\/\/revolutionpadelstore.com\/fr\/produit\/camiseta-bullpadel-gemma-triay-edrar-carbon-3\/","og_site_name":"Revolution Padel Store","article_modified_time":"2026-04-08T11:22:49+00:00","og_image":[{"width":800,"height":800,"url":"https:\/\/revolutionpadelstore.com\/wp-content\/uploads\/2024\/04\/18876-0-4.jpg","type":"image\/png"}],"twitter_card":"summary_large_image","twitter_misc":{"Dur\u00e9e de lecture estim\u00e9e":"1 minute"},"schema":{"@context":"https:\/\/schema.org","@graph":[{"@type":"WebPage","@id":"https:\/\/revolutionpadelstore.com\/fr\/produit\/camiseta-bullpadel-gemma-triay-edrar-carbon-3\/","url":"https:\/\/revolutionpadelstore.com\/fr\/produit\/camiseta-bullpadel-gemma-triay-edrar-carbon-3\/","name":"Camiseta Bullpadel Gemma Triay Edrar Carbon - Revolution Padel Store","isPartOf":{"@id":"https:\/\/revolutionpadelstore.com\/fr\/#website"},"primaryImageOfPage":{"@id":"https:\/\/revolutionpadelstore.com\/fr\/produit\/camiseta-bullpadel-gemma-triay-edrar-carbon-3\/#primaryimage"},"image":{"@id":"https:\/\/revolutionpadelstore.com\/fr\/produit\/camiseta-bullpadel-gemma-triay-edrar-carbon-3\/#primaryimage"},"thumbnailUrl":"https:\/\/revolutionpadelstore.com\/wp-content\/uploads\/2024\/04\/18876-0-4.jpg","datePublished":"2024-04-22T13:23:04+00:00","dateModified":"2026-04-08T11:22:49+00:00","description":"Camiseta Bullpadel Gemma Triay Edrar Carbon en Revolution Padel Store. Dise\u00f1o c\u00f3modo y tecnolog\u00eda Drylum para m\u00e1xima comodidad en el juego.","breadcrumb":{"@id":"https:\/\/revolutionpadelstore.com\/fr\/produit\/camiseta-bullpadel-gemma-triay-edrar-carbon-3\/#breadcrumb"},"inLanguage":"fr-FR","potentialAction":[{"@type":"ReadAction","target":["https:\/\/revolutionpadelstore.com\/fr\/produit\/camiseta-bullpadel-gemma-triay-edrar-carbon-3\/"]}]},{"@type":"ImageObject","inLanguage":"fr-FR","@id":"https:\/\/revolutionpadelstore.com\/fr\/produit\/camiseta-bullpadel-gemma-triay-edrar-carbon-3\/#primaryimage","url":"https:\/\/revolutionpadelstore.com\/wp-content\/uploads\/2024\/04\/18876-0-4.jpg","contentUrl":"https:\/\/revolutionpadelstore.com\/wp-content\/uploads\/2024\/04\/18876-0-4.jpg","width":800,"height":800},{"@type":"BreadcrumbList","@id":"https:\/\/revolutionpadelstore.com\/fr\/produit\/camiseta-bullpadel-gemma-triay-edrar-carbon-3\/#breadcrumb","itemListElement":[{"@type":"ListItem","position":1,"name":"Portada","item":"https:\/\/revolutionpadelstore.com\/fr\/"},{"@type":"ListItem","position":2,"name":"Boutique","item":"https:\/\/revolutionpadelstore.com\/fr\/tienda\/"},{"@type":"ListItem","position":3,"name":"Camiseta Bullpadel Gemma Triay Edrar Carbon"}]},{"@type":"WebSite","@id":"https:\/\/revolutionpadelstore.com\/fr\/#website","url":"https:\/\/revolutionpadelstore.com\/fr\/","name":"Revolution Padel Store","description":"","publisher":{"@id":"https:\/\/revolutionpadelstore.com\/fr\/#organization"},"potentialAction":[{"@type":"SearchAction","target":{"@type":"EntryPoint","urlTemplate":"https:\/\/revolutionpadelstore.com\/fr\/?s={search_term_string}"},"query-input":{"@type":"PropertyValueSpecification","valueRequired":true,"valueName":"search_term_string"}}],"inLanguage":"fr-FR"},{"@type":"Organization","@id":"https:\/\/revolutionpadelstore.com\/fr\/#organization","name":"Revolution Padel Store","url":"https:\/\/revolutionpadelstore.com\/fr\/","logo":{"@type":"ImageObject","inLanguage":"fr-FR","@id":"https:\/\/revolutionpadelstore.com\/fr\/#\/schema\/logo\/image\/","url":"https:\/\/revolutionpadelstore.com\/wp-content\/uploads\/2026\/02\/revolution-padel-store.jpg","contentUrl":"https:\/\/revolutionpadelstore.com\/wp-content\/uploads\/2026\/02\/revolution-padel-store.jpg","width":2000,"height":2000,"caption":"Revolution Padel Store"},"image":{"@id":"https:\/\/revolutionpadelstore.com\/fr\/#\/schema\/logo\/image\/"},"sameAs":["https:\/\/www.instagram.com\/revolutionpadelstore\/"]}]}},"_links":{"self":[{"href":"https:\/\/revolutionpadelstore.com\/fr\/wp-json\/wp\/v2\/product\/18595","targetHints":{"allow":["GET"]}}],"collection":[{"href":"https:\/\/revolutionpadelstore.com\/fr\/wp-json\/wp\/v2\/product"}],"about":[{"href":"https:\/\/revolutionpadelstore.com\/fr\/wp-json\/wp\/v2\/types\/product"}],"replies":[{"embeddable":true,"href":"https:\/\/revolutionpadelstore.com\/fr\/wp-json\/wp\/v2\/comments?post=18595"}],"wp:featuredmedia":[{"embeddable":true,"href":"https:\/\/revolutionpadelstore.com\/fr\/wp-json\/wp\/v2\/media\/5133"}],"wp:attachment":[{"href":"https:\/\/revolutionpadelstore.com\/fr\/wp-json\/wp\/v2\/media?parent=18595"}],"wp:term":[{"taxonomy":"acabado","embeddable":true,"href":"https:\/\/revolutionpadelstore.com\/fr\/wp-json\/wp\/v2\/acabado?post=18595"},{"taxonomy":"balance","embeddable":true,"href":"https:\/\/revolutionpadelstore.com\/fr\/wp-json\/wp\/v2\/balance?post=18595"},{"taxonomy":"dureza","embeddable":true,"href":"https:\/\/revolutionpadelstore.com\/fr\/wp-json\/wp\/v2\/dureza?post=18595"},{"taxonomy":"forma","embeddable":true,"href":"https:\/\/revolutionpadelstore.com\/fr\/wp-json\/wp\/v2\/forma?post=18595"},{"taxonomy":"jugador","embeddable":true,"href":"https:\/\/revolutionpadelstore.com\/fr\/wp-json\/wp\/v2\/jugador?post=18595"},{"taxonomy":"marca","embeddable":true,"href":"https:\/\/revolutionpadelstore.com\/fr\/wp-json\/wp\/v2\/marca?post=18595"},{"taxonomy":"nivel-de-juego","embeddable":true,"href":"https:\/\/revolutionpadelstore.com\/fr\/wp-json\/wp\/v2\/nivel-de-juego?post=18595"},{"taxonomy":"superficie","embeddable":true,"href":"https:\/\/revolutionpadelstore.com\/fr\/wp-json\/wp\/v2\/superficie?post=18595"},{"taxonomy":"tipo-de-juego","embeddable":true,"href":"https:\/\/revolutionpadelstore.com\/fr\/wp-json\/wp\/v2\/tipo-de-juego?post=18595"},{"taxonomy":"product_brand","embeddable":true,"href":"https:\/\/revolutionpadelstore.com\/fr\/wp-json\/wp\/v2\/product_brand?post=18595"},{"taxonomy":"product_cat","embeddable":true,"href":"https:\/\/revolutionpadelstore.com\/fr\/wp-json\/wp\/v2\/product_cat?post=18595"},{"taxonomy":"product_tag","embeddable":true,"href":"https:\/\/revolutionpadelstore.com\/fr\/wp-json\/wp\/v2\/product_tag?post=18595"}],"curies":[{"name":"wp","href":"https:\/\/api.w.org\/{rel}","templated":true}]}}