{"id":18340,"date":"2024-04-22T15:23:09","date_gmt":"2024-04-22T13:23:09","guid":{"rendered":"https:\/\/revolutionpadelstore.com\/falda-bullpadel-alejandra-salazar-barri-eucalipto\/"},"modified":"2026-04-08T13:09:55","modified_gmt":"2026-04-08T11:09:55","slug":"falda-bullpadel-alejandra-salazar-barri-eucalipto-3","status":"publish","type":"product","link":"https:\/\/revolutionpadelstore.com\/fr\/produit\/falda-bullpadel-alejandra-salazar-barri-eucalipto-3\/","title":{"rendered":"Falda Bullpadel Alejandra Salazar Barri Eucalipto"},"content":{"rendered":"<p>Achetez la jupe Bullpadel Alejandra Salazar chez Revolution Padel Store et devenez une v\u00e9ritable r\u00e9volution sur le terrain de padel. Cette incroyable jupe, con\u00e7ue par la c\u00e9l\u00e8bre joueuse Alejandra Salazar, est la combinaison parfaite de style et de fonctionnalit\u00e9. Fabriqu\u00e9 en jersey \u00e9lastique, son design asym\u00e9trique et sublim\u00e9 dans les tons eucalyptus le rend unique et marquant.<\/p>\n<p> Mais ce n&#8217;est pas tout, la jupe Bullpadel Alejandra Salazar poss\u00e8de \u00e9galement une ouverture sur le devant et une ceinture en caoutchouc bicolore, qui lui conf\u00e8rent une touche de sophistication et de confort. De plus, son mesh int\u00e9rieur garantit un ajustement parfait et une plus grande libert\u00e9 de mouvement \u00e0 chaque coup.<\/p>\n<p> Et comme si cela ne suffisait pas, ce v\u00eatement fait partie de la ligne sp\u00e9ciale exclusive d&#8217;Alejandra Salazar, l&#8217;une des meilleures joueuses de padel au monde. Fabriqu\u00e9e avec un tissu en polyester \u00e9lastique et la technologie Drynamic, qui r\u00e9duit l&#8217;humidit\u00e9 et favorise la transpiration, la jupe Bullpadel Alejandra Salazar est le choix parfait pour vos matchs les plus intenses.<\/p>\n<p> N&#8217;attendez plus et achetez la jupe Bullpadel Alejandra Salazar chez Revolution Padel Store, le magasin leader d&#8217;articles de padel. Obtenez-le et ressentez le confort et le style que seules Bullpadel et Alejandra Salazar peuvent vous offrir. Faites-vous remarquer sur le terrain avec la jupe Bullpadel Alejandra Salazar de Revolution Padel Store !<\/p>\n","protected":false},"excerpt":{"rendered":"<p>D\u00e9couvrez la jupe Bullpadel Alejandra Salazar Barri Eucalipto chez Revolution Padel Store avec la technologie Drynamic et un design exclusif.<\/p>\n","protected":false},"featured_media":5216,"comment_status":"closed","ping_status":"open","template":"","meta":{"_acf_changed":false,"_joinchat":[]},"acabado":[],"balance":[],"dureza":[],"forma":[],"jugador":[1197],"marca":[1257],"nivel-de-juego":[],"superficie":[],"tipo-de-juego":[],"product_brand":[],"product_cat":[344,345],"product_tag":[],"class_list":{"0":"post-18340","1":"product","2":"type-product","3":"status-publish","4":"has-post-thumbnail","6":"jugador-mujer-fr","7":"marca-bullpadel-fr","8":"product_cat-ropa-fr","9":"product_cat-vetements-pour-joueurs-premier","11":"first","12":"outofstock","13":"taxable","14":"shipping-taxable","15":"purchasable","16":"product-type-variable"},"acf":[],"yoast_head":"<!-- This site is optimized with the Yoast SEO plugin v27.4 - https:\/\/yoast.com\/product\/yoast-seo-wordpress\/ -->\n<title>Falda Bullpadel Alejandra Salazar Barri Eucalipto - Revolution Padel Store<\/title>\n<meta name=\"description\" content=\"Descubre la falda Bullpadel Alejandra Salazar Barri Eucalipto en Revolution Padel Store con tecnolog\u00eda Drynamic y dise\u00f1o exclusivo.\" \/>\n<meta name=\"robots\" content=\"index, follow, max-snippet:-1, max-image-preview:large, max-video-preview:-1\" \/>\n<link rel=\"canonical\" href=\"https:\/\/revolutionpadelstore.com\/fr\/produit\/falda-bullpadel-alejandra-salazar-barri-eucalipto-3\/\" \/>\n<meta property=\"og:locale\" content=\"fr_FR\" \/>\n<meta property=\"og:type\" content=\"article\" \/>\n<meta property=\"og:title\" content=\"Falda Bullpadel Alejandra Salazar Barri Eucalipto - Revolution Padel Store\" \/>\n<meta property=\"og:description\" content=\"Descubre la falda Bullpadel Alejandra Salazar Barri Eucalipto en Revolution Padel Store con tecnolog\u00eda Drynamic y dise\u00f1o exclusivo.\" \/>\n<meta property=\"og:url\" content=\"https:\/\/revolutionpadelstore.com\/fr\/produit\/falda-bullpadel-alejandra-salazar-barri-eucalipto-3\/\" \/>\n<meta property=\"og:site_name\" content=\"Revolution Padel Store\" \/>\n<meta property=\"article:modified_time\" content=\"2026-04-08T11:09:55+00:00\" \/>\n<meta property=\"og:image\" content=\"https:\/\/revolutionpadelstore.com\/wp-content\/uploads\/2024\/04\/18898-0-4.jpg\" \/>\n\t<meta property=\"og:image:width\" content=\"800\" \/>\n\t<meta property=\"og:image:height\" content=\"800\" \/>\n\t<meta property=\"og:image:type\" content=\"image\/png\" \/>\n<meta name=\"twitter:card\" content=\"summary_large_image\" \/>\n<meta name=\"twitter:label1\" content=\"Dur\u00e9e de lecture estim\u00e9e\" \/>\n\t<meta name=\"twitter:data1\" content=\"1 minute\" \/>\n<script type=\"application\/ld+json\" class=\"yoast-schema-graph\">{\"@context\":\"https:\\\/\\\/schema.org\",\"@graph\":[{\"@type\":\"WebPage\",\"@id\":\"https:\\\/\\\/revolutionpadelstore.com\\\/fr\\\/produit\\\/falda-bullpadel-alejandra-salazar-barri-eucalipto-3\\\/\",\"url\":\"https:\\\/\\\/revolutionpadelstore.com\\\/fr\\\/produit\\\/falda-bullpadel-alejandra-salazar-barri-eucalipto-3\\\/\",\"name\":\"Falda Bullpadel Alejandra Salazar Barri Eucalipto - Revolution Padel Store\",\"isPartOf\":{\"@id\":\"https:\\\/\\\/revolutionpadelstore.com\\\/fr\\\/#website\"},\"primaryImageOfPage\":{\"@id\":\"https:\\\/\\\/revolutionpadelstore.com\\\/fr\\\/produit\\\/falda-bullpadel-alejandra-salazar-barri-eucalipto-3\\\/#primaryimage\"},\"image\":{\"@id\":\"https:\\\/\\\/revolutionpadelstore.com\\\/fr\\\/produit\\\/falda-bullpadel-alejandra-salazar-barri-eucalipto-3\\\/#primaryimage\"},\"thumbnailUrl\":\"https:\\\/\\\/revolutionpadelstore.com\\\/wp-content\\\/uploads\\\/2024\\\/04\\\/18898-0-4.jpg\",\"datePublished\":\"2024-04-22T13:23:09+00:00\",\"dateModified\":\"2026-04-08T11:09:55+00:00\",\"description\":\"Descubre la falda Bullpadel Alejandra Salazar Barri Eucalipto en Revolution Padel Store con tecnolog\u00eda Drynamic y dise\u00f1o exclusivo.\",\"breadcrumb\":{\"@id\":\"https:\\\/\\\/revolutionpadelstore.com\\\/fr\\\/produit\\\/falda-bullpadel-alejandra-salazar-barri-eucalipto-3\\\/#breadcrumb\"},\"inLanguage\":\"fr-FR\",\"potentialAction\":[{\"@type\":\"ReadAction\",\"target\":[\"https:\\\/\\\/revolutionpadelstore.com\\\/fr\\\/produit\\\/falda-bullpadel-alejandra-salazar-barri-eucalipto-3\\\/\"]}]},{\"@type\":\"ImageObject\",\"inLanguage\":\"fr-FR\",\"@id\":\"https:\\\/\\\/revolutionpadelstore.com\\\/fr\\\/produit\\\/falda-bullpadel-alejandra-salazar-barri-eucalipto-3\\\/#primaryimage\",\"url\":\"https:\\\/\\\/revolutionpadelstore.com\\\/wp-content\\\/uploads\\\/2024\\\/04\\\/18898-0-4.jpg\",\"contentUrl\":\"https:\\\/\\\/revolutionpadelstore.com\\\/wp-content\\\/uploads\\\/2024\\\/04\\\/18898-0-4.jpg\",\"width\":800,\"height\":800},{\"@type\":\"BreadcrumbList\",\"@id\":\"https:\\\/\\\/revolutionpadelstore.com\\\/fr\\\/produit\\\/falda-bullpadel-alejandra-salazar-barri-eucalipto-3\\\/#breadcrumb\",\"itemListElement\":[{\"@type\":\"ListItem\",\"position\":1,\"name\":\"Portada\",\"item\":\"https:\\\/\\\/revolutionpadelstore.com\\\/fr\\\/\"},{\"@type\":\"ListItem\",\"position\":2,\"name\":\"Boutique\",\"item\":\"https:\\\/\\\/revolutionpadelstore.com\\\/fr\\\/tienda\\\/\"},{\"@type\":\"ListItem\",\"position\":3,\"name\":\"Falda Bullpadel Alejandra Salazar Barri Eucalipto\"}]},{\"@type\":\"WebSite\",\"@id\":\"https:\\\/\\\/revolutionpadelstore.com\\\/fr\\\/#website\",\"url\":\"https:\\\/\\\/revolutionpadelstore.com\\\/fr\\\/\",\"name\":\"Revolution Padel Store\",\"description\":\"\",\"publisher\":{\"@id\":\"https:\\\/\\\/revolutionpadelstore.com\\\/fr\\\/#organization\"},\"potentialAction\":[{\"@type\":\"SearchAction\",\"target\":{\"@type\":\"EntryPoint\",\"urlTemplate\":\"https:\\\/\\\/revolutionpadelstore.com\\\/fr\\\/?s={search_term_string}\"},\"query-input\":{\"@type\":\"PropertyValueSpecification\",\"valueRequired\":true,\"valueName\":\"search_term_string\"}}],\"inLanguage\":\"fr-FR\"},{\"@type\":\"Organization\",\"@id\":\"https:\\\/\\\/revolutionpadelstore.com\\\/fr\\\/#organization\",\"name\":\"Revolution Padel Store\",\"url\":\"https:\\\/\\\/revolutionpadelstore.com\\\/fr\\\/\",\"logo\":{\"@type\":\"ImageObject\",\"inLanguage\":\"fr-FR\",\"@id\":\"https:\\\/\\\/revolutionpadelstore.com\\\/fr\\\/#\\\/schema\\\/logo\\\/image\\\/\",\"url\":\"https:\\\/\\\/revolutionpadelstore.com\\\/wp-content\\\/uploads\\\/2026\\\/02\\\/revolution-padel-store.jpg\",\"contentUrl\":\"https:\\\/\\\/revolutionpadelstore.com\\\/wp-content\\\/uploads\\\/2026\\\/02\\\/revolution-padel-store.jpg\",\"width\":2000,\"height\":2000,\"caption\":\"Revolution Padel Store\"},\"image\":{\"@id\":\"https:\\\/\\\/revolutionpadelstore.com\\\/fr\\\/#\\\/schema\\\/logo\\\/image\\\/\"},\"sameAs\":[\"https:\\\/\\\/www.instagram.com\\\/revolutionpadelstore\\\/\"]}]}<\/script>\n<!-- \/ Yoast SEO plugin. -->","yoast_head_json":{"title":"Falda Bullpadel Alejandra Salazar Barri Eucalipto - Revolution Padel Store","description":"Descubre la falda Bullpadel Alejandra Salazar Barri Eucalipto en Revolution Padel Store con tecnolog\u00eda Drynamic y dise\u00f1o exclusivo.","robots":{"index":"index","follow":"follow","max-snippet":"max-snippet:-1","max-image-preview":"max-image-preview:large","max-video-preview":"max-video-preview:-1"},"canonical":"https:\/\/revolutionpadelstore.com\/fr\/produit\/falda-bullpadel-alejandra-salazar-barri-eucalipto-3\/","og_locale":"fr_FR","og_type":"article","og_title":"Falda Bullpadel Alejandra Salazar Barri Eucalipto - Revolution Padel Store","og_description":"Descubre la falda Bullpadel Alejandra Salazar Barri Eucalipto en Revolution Padel Store con tecnolog\u00eda Drynamic y dise\u00f1o exclusivo.","og_url":"https:\/\/revolutionpadelstore.com\/fr\/produit\/falda-bullpadel-alejandra-salazar-barri-eucalipto-3\/","og_site_name":"Revolution Padel Store","article_modified_time":"2026-04-08T11:09:55+00:00","og_image":[{"width":800,"height":800,"url":"https:\/\/revolutionpadelstore.com\/wp-content\/uploads\/2024\/04\/18898-0-4.jpg","type":"image\/png"}],"twitter_card":"summary_large_image","twitter_misc":{"Dur\u00e9e de lecture estim\u00e9e":"1 minute"},"schema":{"@context":"https:\/\/schema.org","@graph":[{"@type":"WebPage","@id":"https:\/\/revolutionpadelstore.com\/fr\/produit\/falda-bullpadel-alejandra-salazar-barri-eucalipto-3\/","url":"https:\/\/revolutionpadelstore.com\/fr\/produit\/falda-bullpadel-alejandra-salazar-barri-eucalipto-3\/","name":"Falda Bullpadel Alejandra Salazar Barri Eucalipto - Revolution Padel Store","isPartOf":{"@id":"https:\/\/revolutionpadelstore.com\/fr\/#website"},"primaryImageOfPage":{"@id":"https:\/\/revolutionpadelstore.com\/fr\/produit\/falda-bullpadel-alejandra-salazar-barri-eucalipto-3\/#primaryimage"},"image":{"@id":"https:\/\/revolutionpadelstore.com\/fr\/produit\/falda-bullpadel-alejandra-salazar-barri-eucalipto-3\/#primaryimage"},"thumbnailUrl":"https:\/\/revolutionpadelstore.com\/wp-content\/uploads\/2024\/04\/18898-0-4.jpg","datePublished":"2024-04-22T13:23:09+00:00","dateModified":"2026-04-08T11:09:55+00:00","description":"Descubre la falda Bullpadel Alejandra Salazar Barri Eucalipto en Revolution Padel Store con tecnolog\u00eda Drynamic y dise\u00f1o exclusivo.","breadcrumb":{"@id":"https:\/\/revolutionpadelstore.com\/fr\/produit\/falda-bullpadel-alejandra-salazar-barri-eucalipto-3\/#breadcrumb"},"inLanguage":"fr-FR","potentialAction":[{"@type":"ReadAction","target":["https:\/\/revolutionpadelstore.com\/fr\/produit\/falda-bullpadel-alejandra-salazar-barri-eucalipto-3\/"]}]},{"@type":"ImageObject","inLanguage":"fr-FR","@id":"https:\/\/revolutionpadelstore.com\/fr\/produit\/falda-bullpadel-alejandra-salazar-barri-eucalipto-3\/#primaryimage","url":"https:\/\/revolutionpadelstore.com\/wp-content\/uploads\/2024\/04\/18898-0-4.jpg","contentUrl":"https:\/\/revolutionpadelstore.com\/wp-content\/uploads\/2024\/04\/18898-0-4.jpg","width":800,"height":800},{"@type":"BreadcrumbList","@id":"https:\/\/revolutionpadelstore.com\/fr\/produit\/falda-bullpadel-alejandra-salazar-barri-eucalipto-3\/#breadcrumb","itemListElement":[{"@type":"ListItem","position":1,"name":"Portada","item":"https:\/\/revolutionpadelstore.com\/fr\/"},{"@type":"ListItem","position":2,"name":"Boutique","item":"https:\/\/revolutionpadelstore.com\/fr\/tienda\/"},{"@type":"ListItem","position":3,"name":"Falda Bullpadel Alejandra Salazar Barri Eucalipto"}]},{"@type":"WebSite","@id":"https:\/\/revolutionpadelstore.com\/fr\/#website","url":"https:\/\/revolutionpadelstore.com\/fr\/","name":"Revolution Padel Store","description":"","publisher":{"@id":"https:\/\/revolutionpadelstore.com\/fr\/#organization"},"potentialAction":[{"@type":"SearchAction","target":{"@type":"EntryPoint","urlTemplate":"https:\/\/revolutionpadelstore.com\/fr\/?s={search_term_string}"},"query-input":{"@type":"PropertyValueSpecification","valueRequired":true,"valueName":"search_term_string"}}],"inLanguage":"fr-FR"},{"@type":"Organization","@id":"https:\/\/revolutionpadelstore.com\/fr\/#organization","name":"Revolution Padel Store","url":"https:\/\/revolutionpadelstore.com\/fr\/","logo":{"@type":"ImageObject","inLanguage":"fr-FR","@id":"https:\/\/revolutionpadelstore.com\/fr\/#\/schema\/logo\/image\/","url":"https:\/\/revolutionpadelstore.com\/wp-content\/uploads\/2026\/02\/revolution-padel-store.jpg","contentUrl":"https:\/\/revolutionpadelstore.com\/wp-content\/uploads\/2026\/02\/revolution-padel-store.jpg","width":2000,"height":2000,"caption":"Revolution Padel Store"},"image":{"@id":"https:\/\/revolutionpadelstore.com\/fr\/#\/schema\/logo\/image\/"},"sameAs":["https:\/\/www.instagram.com\/revolutionpadelstore\/"]}]}},"_links":{"self":[{"href":"https:\/\/revolutionpadelstore.com\/fr\/wp-json\/wp\/v2\/product\/18340","targetHints":{"allow":["GET"]}}],"collection":[{"href":"https:\/\/revolutionpadelstore.com\/fr\/wp-json\/wp\/v2\/product"}],"about":[{"href":"https:\/\/revolutionpadelstore.com\/fr\/wp-json\/wp\/v2\/types\/product"}],"replies":[{"embeddable":true,"href":"https:\/\/revolutionpadelstore.com\/fr\/wp-json\/wp\/v2\/comments?post=18340"}],"wp:featuredmedia":[{"embeddable":true,"href":"https:\/\/revolutionpadelstore.com\/fr\/wp-json\/wp\/v2\/media\/5216"}],"wp:attachment":[{"href":"https:\/\/revolutionpadelstore.com\/fr\/wp-json\/wp\/v2\/media?parent=18340"}],"wp:term":[{"taxonomy":"acabado","embeddable":true,"href":"https:\/\/revolutionpadelstore.com\/fr\/wp-json\/wp\/v2\/acabado?post=18340"},{"taxonomy":"balance","embeddable":true,"href":"https:\/\/revolutionpadelstore.com\/fr\/wp-json\/wp\/v2\/balance?post=18340"},{"taxonomy":"dureza","embeddable":true,"href":"https:\/\/revolutionpadelstore.com\/fr\/wp-json\/wp\/v2\/dureza?post=18340"},{"taxonomy":"forma","embeddable":true,"href":"https:\/\/revolutionpadelstore.com\/fr\/wp-json\/wp\/v2\/forma?post=18340"},{"taxonomy":"jugador","embeddable":true,"href":"https:\/\/revolutionpadelstore.com\/fr\/wp-json\/wp\/v2\/jugador?post=18340"},{"taxonomy":"marca","embeddable":true,"href":"https:\/\/revolutionpadelstore.com\/fr\/wp-json\/wp\/v2\/marca?post=18340"},{"taxonomy":"nivel-de-juego","embeddable":true,"href":"https:\/\/revolutionpadelstore.com\/fr\/wp-json\/wp\/v2\/nivel-de-juego?post=18340"},{"taxonomy":"superficie","embeddable":true,"href":"https:\/\/revolutionpadelstore.com\/fr\/wp-json\/wp\/v2\/superficie?post=18340"},{"taxonomy":"tipo-de-juego","embeddable":true,"href":"https:\/\/revolutionpadelstore.com\/fr\/wp-json\/wp\/v2\/tipo-de-juego?post=18340"},{"taxonomy":"product_brand","embeddable":true,"href":"https:\/\/revolutionpadelstore.com\/fr\/wp-json\/wp\/v2\/product_brand?post=18340"},{"taxonomy":"product_cat","embeddable":true,"href":"https:\/\/revolutionpadelstore.com\/fr\/wp-json\/wp\/v2\/product_cat?post=18340"},{"taxonomy":"product_tag","embeddable":true,"href":"https:\/\/revolutionpadelstore.com\/fr\/wp-json\/wp\/v2\/product_tag?post=18340"}],"curies":[{"name":"wp","href":"https:\/\/api.w.org\/{rel}","templated":true}]}}