{"id":181796,"date":"2025-02-22T23:16:13","date_gmt":"2025-02-22T22:16:13","guid":{"rendered":"https:\/\/revolutionpadelstore.com\/wilson-defy-ls-v1-2025\/"},"modified":"2026-04-08T06:12:46","modified_gmt":"2026-04-08T04:12:46","slug":"wilson-defy-ls-v1-2025","status":"publish","type":"product","link":"https:\/\/revolutionpadelstore.com\/fr\/produit\/wilson-defy-ls-v1-2025\/","title":{"rendered":"WILSON DEFY LS V1 2025"},"content":{"rendered":"<h2> Wilson Defy LS V1 2025 &#8211; puissance, effet et contr\u00f4le dans une conception l\u00e9g\u00e8re <\/h2>\n<p>D\u00e9couvrez le <strong> Wilson Defy LS V1 2025 <\/strong>, une pelle \u00e0 palette au format Diamond, id\u00e9al pour les joueurs avanc\u00e9s \u00e0 la recherche d&#8217;une puissance maximale, d&#8217;une a\u00e9rodynamique et d&#8217;un effet sur chaque coup. Sa structure l\u00e9g\u00e8re permet des mouvements agiles, tandis que sa conception innovante de conception AereExact optimise la fluidit\u00e9 de l&#8217;air pour am\u00e9liorer la vitesse et le contr\u00f4le dans le jeu offensif.<\/p>\n<h2> <strong> Performance pour les joueurs avanc\u00e9s <\/strong> <\/h2>\n<p>Le <strong> Wilson Defy LS V1 2025 <\/strong> a \u00e9t\u00e9 con\u00e7u pour les joueurs qui souhaitent dominer la piste avec des coups explosifs et pr\u00e9cis. Gr\u00e2ce \u00e0 son noyau de mousse puissante, cette pelle g\u00e9n\u00e8re une puissance impressionnante sans compromettre le confort. De plus, sa technologie Texture Spin2 augmente l&#8217;effet dans chaque coup, vous permettant d&#8217;ex\u00e9cuter des photos avec un virage et un contr\u00f4le plus \u00e9lev\u00e9s.<\/p>\n<h2> <strong> Caract\u00e9ristiques et technologies cl\u00e9s <\/strong> <\/h2>\n<p> &#8211; Diamond Format-Greater Power and Precision in Blows.<br \/>\n-Aeroxact Design-a\u00e9rodynamique am\u00e9lior\u00e9e pour les mouvements plus rapides.<br \/>\n-Spin2 Texture -Rough Surface pour maximiser l&#8217;effet de la balle.<br \/>\n-Power mousse &#8211; Noyau de densit\u00e9 haute pour des coups puissants et confortables.<br \/>\n-Comfortflex Face -Sensation d&#8217;un coup doux et d&#8217;une meilleure r\u00e9ponse dans le jeu.<br \/>\n-Patr\u00f3n Duo Grid-Distribution optimis\u00e9e pour plus de puissance dans les ench\u00e8res et le contr\u00f4le dans Volley.<br \/>\n-Sharpe T\u00e9choire au syst\u00e8me de perforations avanc\u00e9 pour une plus grande pr\u00e9cision des impacts.<\/p>\n<p>&lt;En<br \/>\nSi vous recherchez une pelle qui combine la puissance, la vitesse et l&#039;effet, le <strong> Wilson Defy LS V1 2025 <\/strong> est votre meilleur choix. Con\u00e7u avec les derni\u00e8res innovations technologiques de Wilson, cette pelle vous permettra de faire passer votre jeu au niveau sup\u00e9rieur.<\/p>\n<p><strong> maintenant disponible dans notre boutique en ligne <a href=\"https:\/\/www.revolutionpadelstore.com\/\"> www.revolutionpadelstore.com <\/a>, probablement au meilleur prix de march\u00e9. Ne restez pas sans elle! <\/strong><\/p>\n","protected":false},"excerpt":{"rendered":"<p>Le Wilson Defy LS V1 2025 se d\u00e9marque d&#8217;\u00eatre une pelle l\u00e9g\u00e8re et d&#8217;une grande puissance, con\u00e7ue avec une technologie de coupe pour les joueurs exp\u00e9riment\u00e9s. Sa structure a\u00e9rodynamique et ses innovations technologiques garantissent des performances optimales, offrant \u00e0 la fois une force et une pr\u00e9cision pour obtenir un effet maximum dans chaque coup.<\/p>\n","protected":false},"featured_media":181745,"comment_status":"open","ping_status":"closed","template":"","meta":{"_acf_changed":false,"_joinchat":[]},"acabado":[1092],"balance":[1137],"dureza":[1152],"forma":[1172],"jugador":[1192,1202],"marca":[1267],"nivel-de-juego":[1337,1342],"superficie":[1362],"tipo-de-juego":[1377],"product_brand":[],"product_cat":[302],"product_tag":[],"class_list":{"0":"post-181796","1":"product","2":"type-product","3":"status-publish","4":"has-post-thumbnail","6":"acabado-soulager-la-3d","7":"balance-eleve","8":"dureza-blanda-fr","9":"forma-diamant","10":"jugador-homme","11":"jugador-polivalente-fr","12":"marca-wilson-fr","13":"superficie-rugosa-fr","14":"tipo-de-juego-puissance","15":"product_cat-palas-de-padel-fr","17":"first","18":"instock","19":"sale","20":"taxable","21":"shipping-taxable","22":"purchasable","23":"product-type-simple"},"acf":[],"yoast_head":"<!-- This site is optimized with the Yoast SEO plugin v27.4 - https:\/\/yoast.com\/product\/yoast-seo-wordpress\/ -->\n<title>WILSON DEFY LS V1 2025 - Revolution Padel Store<\/title>\n<meta name=\"description\" content=\"Compra la Wilson Defy LS V1 2025, una pala de p\u00e1del en formato diamante con m\u00e1xima potencia, efecto y control. Disponible en Revolution Padel Store al mejor precio.\u00a0\" \/>\n<meta name=\"robots\" content=\"index, follow, max-snippet:-1, max-image-preview:large, max-video-preview:-1\" \/>\n<link rel=\"canonical\" href=\"https:\/\/revolutionpadelstore.com\/fr\/produit\/wilson-defy-ls-v1-2025\/\" \/>\n<meta property=\"og:locale\" content=\"fr_FR\" \/>\n<meta property=\"og:type\" content=\"article\" \/>\n<meta property=\"og:title\" content=\"WILSON DEFY LS V1 2025 - Revolution Padel Store\" \/>\n<meta property=\"og:description\" content=\"Compra la Wilson Defy LS V1 2025, una pala de p\u00e1del en formato diamante con m\u00e1xima potencia, efecto y control. Disponible en Revolution Padel Store al mejor precio.\u00a0\" \/>\n<meta property=\"og:url\" content=\"https:\/\/revolutionpadelstore.com\/fr\/produit\/wilson-defy-ls-v1-2025\/\" \/>\n<meta property=\"og:site_name\" content=\"Revolution Padel Store\" \/>\n<meta property=\"article:modified_time\" content=\"2026-04-08T04:12:46+00:00\" \/>\n<meta property=\"og:image\" content=\"https:\/\/revolutionpadelstore.com\/wp-content\/uploads\/2025\/02\/116257-pala-wilson-defy-ls-v1-padel-2-wr173811u2-1500x1500-1.webp\" \/>\n\t<meta property=\"og:image:width\" content=\"1500\" \/>\n\t<meta property=\"og:image:height\" content=\"1500\" \/>\n\t<meta property=\"og:image:type\" content=\"image\/webp\" \/>\n<meta name=\"twitter:card\" content=\"summary_large_image\" \/>\n<meta name=\"twitter:label1\" content=\"Dur\u00e9e de lecture estim\u00e9e\" \/>\n\t<meta name=\"twitter:data1\" content=\"2 minutes\" \/>\n<script type=\"application\/ld+json\" class=\"yoast-schema-graph\">{\"@context\":\"https:\\\/\\\/schema.org\",\"@graph\":[{\"@type\":\"WebPage\",\"@id\":\"https:\\\/\\\/revolutionpadelstore.com\\\/fr\\\/produit\\\/wilson-defy-ls-v1-2025\\\/\",\"url\":\"https:\\\/\\\/revolutionpadelstore.com\\\/fr\\\/produit\\\/wilson-defy-ls-v1-2025\\\/\",\"name\":\"WILSON DEFY LS V1 2025 - Revolution Padel Store\",\"isPartOf\":{\"@id\":\"https:\\\/\\\/revolutionpadelstore.com\\\/fr\\\/#website\"},\"primaryImageOfPage\":{\"@id\":\"https:\\\/\\\/revolutionpadelstore.com\\\/fr\\\/produit\\\/wilson-defy-ls-v1-2025\\\/#primaryimage\"},\"image\":{\"@id\":\"https:\\\/\\\/revolutionpadelstore.com\\\/fr\\\/produit\\\/wilson-defy-ls-v1-2025\\\/#primaryimage\"},\"thumbnailUrl\":\"https:\\\/\\\/revolutionpadelstore.com\\\/wp-content\\\/uploads\\\/2025\\\/02\\\/116257-pala-wilson-defy-ls-v1-padel-2-wr173811u2-1500x1500-1.webp\",\"datePublished\":\"2025-02-22T22:16:13+00:00\",\"dateModified\":\"2026-04-08T04:12:46+00:00\",\"description\":\"Compra la Wilson Defy LS V1 2025, una pala de p\u00e1del en formato diamante con m\u00e1xima potencia, efecto y control. Disponible en Revolution Padel Store al mejor precio.\u00a0\",\"breadcrumb\":{\"@id\":\"https:\\\/\\\/revolutionpadelstore.com\\\/fr\\\/produit\\\/wilson-defy-ls-v1-2025\\\/#breadcrumb\"},\"inLanguage\":\"fr-FR\",\"potentialAction\":[{\"@type\":\"ReadAction\",\"target\":[\"https:\\\/\\\/revolutionpadelstore.com\\\/fr\\\/produit\\\/wilson-defy-ls-v1-2025\\\/\"]}]},{\"@type\":\"ImageObject\",\"inLanguage\":\"fr-FR\",\"@id\":\"https:\\\/\\\/revolutionpadelstore.com\\\/fr\\\/produit\\\/wilson-defy-ls-v1-2025\\\/#primaryimage\",\"url\":\"https:\\\/\\\/revolutionpadelstore.com\\\/wp-content\\\/uploads\\\/2025\\\/02\\\/116257-pala-wilson-defy-ls-v1-padel-2-wr173811u2-1500x1500-1.webp\",\"contentUrl\":\"https:\\\/\\\/revolutionpadelstore.com\\\/wp-content\\\/uploads\\\/2025\\\/02\\\/116257-pala-wilson-defy-ls-v1-padel-2-wr173811u2-1500x1500-1.webp\",\"width\":1500,\"height\":1500},{\"@type\":\"BreadcrumbList\",\"@id\":\"https:\\\/\\\/revolutionpadelstore.com\\\/fr\\\/produit\\\/wilson-defy-ls-v1-2025\\\/#breadcrumb\",\"itemListElement\":[{\"@type\":\"ListItem\",\"position\":1,\"name\":\"Portada\",\"item\":\"https:\\\/\\\/revolutionpadelstore.com\\\/fr\\\/\"},{\"@type\":\"ListItem\",\"position\":2,\"name\":\"Boutique\",\"item\":\"https:\\\/\\\/revolutionpadelstore.com\\\/fr\\\/tienda\\\/\"},{\"@type\":\"ListItem\",\"position\":3,\"name\":\"WILSON DEFY LS V1 2025\"}]},{\"@type\":\"WebSite\",\"@id\":\"https:\\\/\\\/revolutionpadelstore.com\\\/fr\\\/#website\",\"url\":\"https:\\\/\\\/revolutionpadelstore.com\\\/fr\\\/\",\"name\":\"Revolution Padel Store\",\"description\":\"\",\"publisher\":{\"@id\":\"https:\\\/\\\/revolutionpadelstore.com\\\/fr\\\/#organization\"},\"potentialAction\":[{\"@type\":\"SearchAction\",\"target\":{\"@type\":\"EntryPoint\",\"urlTemplate\":\"https:\\\/\\\/revolutionpadelstore.com\\\/fr\\\/?s={search_term_string}\"},\"query-input\":{\"@type\":\"PropertyValueSpecification\",\"valueRequired\":true,\"valueName\":\"search_term_string\"}}],\"inLanguage\":\"fr-FR\"},{\"@type\":\"Organization\",\"@id\":\"https:\\\/\\\/revolutionpadelstore.com\\\/fr\\\/#organization\",\"name\":\"Revolution Padel Store\",\"url\":\"https:\\\/\\\/revolutionpadelstore.com\\\/fr\\\/\",\"logo\":{\"@type\":\"ImageObject\",\"inLanguage\":\"fr-FR\",\"@id\":\"https:\\\/\\\/revolutionpadelstore.com\\\/fr\\\/#\\\/schema\\\/logo\\\/image\\\/\",\"url\":\"https:\\\/\\\/revolutionpadelstore.com\\\/wp-content\\\/uploads\\\/2026\\\/02\\\/revolution-padel-store.jpg\",\"contentUrl\":\"https:\\\/\\\/revolutionpadelstore.com\\\/wp-content\\\/uploads\\\/2026\\\/02\\\/revolution-padel-store.jpg\",\"width\":2000,\"height\":2000,\"caption\":\"Revolution Padel Store\"},\"image\":{\"@id\":\"https:\\\/\\\/revolutionpadelstore.com\\\/fr\\\/#\\\/schema\\\/logo\\\/image\\\/\"},\"sameAs\":[\"https:\\\/\\\/www.instagram.com\\\/revolutionpadelstore\\\/\"]}]}<\/script>\n<!-- \/ Yoast SEO plugin. -->","yoast_head_json":{"title":"WILSON DEFY LS V1 2025 - Revolution Padel Store","description":"Compra la Wilson Defy LS V1 2025, una pala de p\u00e1del en formato diamante con m\u00e1xima potencia, efecto y control. Disponible en Revolution Padel Store al mejor precio.\u00a0","robots":{"index":"index","follow":"follow","max-snippet":"max-snippet:-1","max-image-preview":"max-image-preview:large","max-video-preview":"max-video-preview:-1"},"canonical":"https:\/\/revolutionpadelstore.com\/fr\/produit\/wilson-defy-ls-v1-2025\/","og_locale":"fr_FR","og_type":"article","og_title":"WILSON DEFY LS V1 2025 - Revolution Padel Store","og_description":"Compra la Wilson Defy LS V1 2025, una pala de p\u00e1del en formato diamante con m\u00e1xima potencia, efecto y control. Disponible en Revolution Padel Store al mejor precio.\u00a0","og_url":"https:\/\/revolutionpadelstore.com\/fr\/produit\/wilson-defy-ls-v1-2025\/","og_site_name":"Revolution Padel Store","article_modified_time":"2026-04-08T04:12:46+00:00","og_image":[{"width":1500,"height":1500,"url":"https:\/\/revolutionpadelstore.com\/wp-content\/uploads\/2025\/02\/116257-pala-wilson-defy-ls-v1-padel-2-wr173811u2-1500x1500-1.webp","type":"image\/webp"}],"twitter_card":"summary_large_image","twitter_misc":{"Dur\u00e9e de lecture estim\u00e9e":"2 minutes"},"schema":{"@context":"https:\/\/schema.org","@graph":[{"@type":"WebPage","@id":"https:\/\/revolutionpadelstore.com\/fr\/produit\/wilson-defy-ls-v1-2025\/","url":"https:\/\/revolutionpadelstore.com\/fr\/produit\/wilson-defy-ls-v1-2025\/","name":"WILSON DEFY LS V1 2025 - Revolution Padel Store","isPartOf":{"@id":"https:\/\/revolutionpadelstore.com\/fr\/#website"},"primaryImageOfPage":{"@id":"https:\/\/revolutionpadelstore.com\/fr\/produit\/wilson-defy-ls-v1-2025\/#primaryimage"},"image":{"@id":"https:\/\/revolutionpadelstore.com\/fr\/produit\/wilson-defy-ls-v1-2025\/#primaryimage"},"thumbnailUrl":"https:\/\/revolutionpadelstore.com\/wp-content\/uploads\/2025\/02\/116257-pala-wilson-defy-ls-v1-padel-2-wr173811u2-1500x1500-1.webp","datePublished":"2025-02-22T22:16:13+00:00","dateModified":"2026-04-08T04:12:46+00:00","description":"Compra la Wilson Defy LS V1 2025, una pala de p\u00e1del en formato diamante con m\u00e1xima potencia, efecto y control. Disponible en Revolution Padel Store al mejor precio.\u00a0","breadcrumb":{"@id":"https:\/\/revolutionpadelstore.com\/fr\/produit\/wilson-defy-ls-v1-2025\/#breadcrumb"},"inLanguage":"fr-FR","potentialAction":[{"@type":"ReadAction","target":["https:\/\/revolutionpadelstore.com\/fr\/produit\/wilson-defy-ls-v1-2025\/"]}]},{"@type":"ImageObject","inLanguage":"fr-FR","@id":"https:\/\/revolutionpadelstore.com\/fr\/produit\/wilson-defy-ls-v1-2025\/#primaryimage","url":"https:\/\/revolutionpadelstore.com\/wp-content\/uploads\/2025\/02\/116257-pala-wilson-defy-ls-v1-padel-2-wr173811u2-1500x1500-1.webp","contentUrl":"https:\/\/revolutionpadelstore.com\/wp-content\/uploads\/2025\/02\/116257-pala-wilson-defy-ls-v1-padel-2-wr173811u2-1500x1500-1.webp","width":1500,"height":1500},{"@type":"BreadcrumbList","@id":"https:\/\/revolutionpadelstore.com\/fr\/produit\/wilson-defy-ls-v1-2025\/#breadcrumb","itemListElement":[{"@type":"ListItem","position":1,"name":"Portada","item":"https:\/\/revolutionpadelstore.com\/fr\/"},{"@type":"ListItem","position":2,"name":"Boutique","item":"https:\/\/revolutionpadelstore.com\/fr\/tienda\/"},{"@type":"ListItem","position":3,"name":"WILSON DEFY LS V1 2025"}]},{"@type":"WebSite","@id":"https:\/\/revolutionpadelstore.com\/fr\/#website","url":"https:\/\/revolutionpadelstore.com\/fr\/","name":"Revolution Padel Store","description":"","publisher":{"@id":"https:\/\/revolutionpadelstore.com\/fr\/#organization"},"potentialAction":[{"@type":"SearchAction","target":{"@type":"EntryPoint","urlTemplate":"https:\/\/revolutionpadelstore.com\/fr\/?s={search_term_string}"},"query-input":{"@type":"PropertyValueSpecification","valueRequired":true,"valueName":"search_term_string"}}],"inLanguage":"fr-FR"},{"@type":"Organization","@id":"https:\/\/revolutionpadelstore.com\/fr\/#organization","name":"Revolution Padel Store","url":"https:\/\/revolutionpadelstore.com\/fr\/","logo":{"@type":"ImageObject","inLanguage":"fr-FR","@id":"https:\/\/revolutionpadelstore.com\/fr\/#\/schema\/logo\/image\/","url":"https:\/\/revolutionpadelstore.com\/wp-content\/uploads\/2026\/02\/revolution-padel-store.jpg","contentUrl":"https:\/\/revolutionpadelstore.com\/wp-content\/uploads\/2026\/02\/revolution-padel-store.jpg","width":2000,"height":2000,"caption":"Revolution Padel Store"},"image":{"@id":"https:\/\/revolutionpadelstore.com\/fr\/#\/schema\/logo\/image\/"},"sameAs":["https:\/\/www.instagram.com\/revolutionpadelstore\/"]}]}},"_links":{"self":[{"href":"https:\/\/revolutionpadelstore.com\/fr\/wp-json\/wp\/v2\/product\/181796","targetHints":{"allow":["GET"]}}],"collection":[{"href":"https:\/\/revolutionpadelstore.com\/fr\/wp-json\/wp\/v2\/product"}],"about":[{"href":"https:\/\/revolutionpadelstore.com\/fr\/wp-json\/wp\/v2\/types\/product"}],"replies":[{"embeddable":true,"href":"https:\/\/revolutionpadelstore.com\/fr\/wp-json\/wp\/v2\/comments?post=181796"}],"wp:featuredmedia":[{"embeddable":true,"href":"https:\/\/revolutionpadelstore.com\/fr\/wp-json\/wp\/v2\/media\/181745"}],"wp:attachment":[{"href":"https:\/\/revolutionpadelstore.com\/fr\/wp-json\/wp\/v2\/media?parent=181796"}],"wp:term":[{"taxonomy":"acabado","embeddable":true,"href":"https:\/\/revolutionpadelstore.com\/fr\/wp-json\/wp\/v2\/acabado?post=181796"},{"taxonomy":"balance","embeddable":true,"href":"https:\/\/revolutionpadelstore.com\/fr\/wp-json\/wp\/v2\/balance?post=181796"},{"taxonomy":"dureza","embeddable":true,"href":"https:\/\/revolutionpadelstore.com\/fr\/wp-json\/wp\/v2\/dureza?post=181796"},{"taxonomy":"forma","embeddable":true,"href":"https:\/\/revolutionpadelstore.com\/fr\/wp-json\/wp\/v2\/forma?post=181796"},{"taxonomy":"jugador","embeddable":true,"href":"https:\/\/revolutionpadelstore.com\/fr\/wp-json\/wp\/v2\/jugador?post=181796"},{"taxonomy":"marca","embeddable":true,"href":"https:\/\/revolutionpadelstore.com\/fr\/wp-json\/wp\/v2\/marca?post=181796"},{"taxonomy":"nivel-de-juego","embeddable":true,"href":"https:\/\/revolutionpadelstore.com\/fr\/wp-json\/wp\/v2\/nivel-de-juego?post=181796"},{"taxonomy":"superficie","embeddable":true,"href":"https:\/\/revolutionpadelstore.com\/fr\/wp-json\/wp\/v2\/superficie?post=181796"},{"taxonomy":"tipo-de-juego","embeddable":true,"href":"https:\/\/revolutionpadelstore.com\/fr\/wp-json\/wp\/v2\/tipo-de-juego?post=181796"},{"taxonomy":"product_brand","embeddable":true,"href":"https:\/\/revolutionpadelstore.com\/fr\/wp-json\/wp\/v2\/product_brand?post=181796"},{"taxonomy":"product_cat","embeddable":true,"href":"https:\/\/revolutionpadelstore.com\/fr\/wp-json\/wp\/v2\/product_cat?post=181796"},{"taxonomy":"product_tag","embeddable":true,"href":"https:\/\/revolutionpadelstore.com\/fr\/wp-json\/wp\/v2\/product_tag?post=181796"}],"curies":[{"name":"wp","href":"https:\/\/api.w.org\/{rel}","templated":true}]}}