{"id":181737,"date":"2025-02-22T22:59:42","date_gmt":"2025-02-22T21:59:42","guid":{"rendered":"https:\/\/revolutionpadelstore.com\/wilson-defy-v1-2025\/"},"modified":"2026-04-22T02:01:05","modified_gmt":"2026-04-22T00:01:05","slug":"wilson-defy-v1-2025-3","status":"publish","type":"product","link":"https:\/\/revolutionpadelstore.com\/fr\/produit\/wilson-defy-v1-2025-3\/","title":{"rendered":"WILSON DEFY V1 2025"},"content":{"rendered":"<h2> Wilson Defy V1 2025 &#8211; puissance, effet et pr\u00e9cision dans chaque coup <\/h2>\n<p>Le <strong> Wilson Defy V1 2025 <\/strong> est une pelle haute performance con\u00e7ue pour les joueurs et les professionnels avanc\u00e9s \u00e0 la recherche d&#8217;une puissance et d&#8217;un effet maximum sur leur jeu. Avec une forme de diamant et un \u00e9quilibre dans la t\u00eate, cette pelle offre une colle explosive sans compromettre la pr\u00e9cision. Sa structure en carbone 3K et son noyau de mousse \u00e9lectrique optimisent la prise de balle et la stabilit\u00e9 \u00e0 chaque coup, garantissant un jeu offensif de haut niveau.<\/p>\n<h2> Caract\u00e9ristiques cl\u00e9s du Wilson Defy V1 2025 <\/H2><\/p>\n<p> &#8211; Diamond Format-maximum Power dans chaque coup.<br \/>\n-To-Inertia \u00e0 haut great pour les coups mortels.<br \/>\n-Carbono 3K dans les plans -R\u00e9sistance et sensation solide.<br \/>\n-Power mousse dans le noyau-puissance optimis\u00e9e avec une bonne absorption d&#8217;impact.<br \/>\n-Spin\u00b2 Texture &#8211; surface de ruban pour les effets plus \u00e9lev\u00e9s.<br \/>\n-Aupte de la cr\u00e8me -RIGIDICIT\u00c9 Dans le cadre d&#8217;une plus grande pr\u00e9cision.<br \/>\n-Irm\u00e9ration de trou de sharp -Perfor\u00e9e optimis\u00e9e pour la puissance et le contr\u00f4le.<br \/>\n-Aeroxact Design -A\u00e9rodynamique Conception pour une meilleure gestion.<br \/>\n-Un peso approximatif -365 g, id\u00e9al pour les joueurs agressifs. <\/p>\n<h2> La lame parfaite pour les joueurs offensifs <\/h2>\n<p>Si votre style de jeu est bas\u00e9 sur des attaques contondantes et des effets surprenants, <strong> Wilson Defy V1 2025 <\/strong> est votre meilleur choix. Gr\u00e2ce \u00e0 sa construction avanc\u00e9e et \u00e0 sa technologie Duo Grid, il vous permet d&#8217;imprimer plus d&#8217;effet sur chaque coup, ce qui rend difficile la r\u00e9ponse du rival et d&#8217;assurer un jeu agressif sur le r\u00e9seau.<\/p>\n<h2> <strong> Pourquoi choisir le Wilson Defy V1 2025? <\/strong> <\/h2>\n<p style=\"padding-left: 40px\"> -golpes plus puissant et avec plus d&#8217;effet.<br \/>\n-Aupte innovante pour la stabilit\u00e9 et la pr\u00e9cision.<br \/>\n-Premium mat\u00e9riaux pour une plus grande durabilit\u00e9.<br \/>\n-Ideal pour les joueurs avanc\u00e9s et professionnels. <\/p>\n<h2> Obtenez-le au meilleur prix!<br \/>\nNe manquez pas l&#8217;occasion de jouer avec une pelle haute performance. Le <strong> Wilson Defy V1 2025 <\/strong> est disponible dans notre boutique en ligne <strong> <a href=\"https:\/\/chatgpt.com\/g\/g-675432e026888191b6ee6d6f2fdbb15e-optimization-textos\/c\/www.revolutionpadellstore.com\"> wwrevolutionpol..combres <\/a> March\u00e9. Obtenez avec elle et dominez la piste!<\/p>\n<h2>Wilson Defy V1 2025 \u2013 Potencia, efecto y precisi\u00f3n en cada golpe<\/h2>\n","protected":false},"excerpt":{"rendered":"<p>Le Wilson Defy V1 2025 est une pelle de jeu offensive caract\u00e9ris\u00e9e par sa conception en forme de diamant, en carbone 3K et \u00e9quip\u00e9e d&#8217;une technologie de texture spin\u00b2. Il est con\u00e7u pour les joueurs exp\u00e9riment\u00e9s cherchant \u00e0 maximiser la puissance, la vitesse et les effets sur chaque coup.<\/p>\n","protected":false},"featured_media":181696,"comment_status":"open","ping_status":"closed","template":"","meta":{"_acf_changed":false,"_joinchat":[]},"acabado":[1087],"balance":[1137],"dureza":[],"forma":[1172],"jugador":[1192,1202],"marca":[1267],"nivel-de-juego":[1337,1342],"superficie":[1362],"tipo-de-juego":[1377],"product_brand":[],"product_cat":[302],"product_tag":[],"class_list":{"0":"post-181737","1":"product","2":"type-product","3":"status-publish","4":"has-post-thumbnail","6":"acabado-mon-pote","7":"balance-eleve","8":"forma-diamant","9":"jugador-homme","10":"jugador-polivalente-fr","11":"marca-wilson-fr","12":"superficie-rugosa-fr","13":"tipo-de-juego-puissance","14":"product_cat-palas-de-padel-fr","16":"first","17":"instock","18":"sale","19":"taxable","20":"shipping-taxable","21":"purchasable","22":"product-type-simple"},"acf":[],"yoast_head":"<!-- This site is optimized with the Yoast SEO plugin v27.4 - https:\/\/yoast.com\/product\/yoast-seo-wordpress\/ -->\n<title>WILSON DEFY V1 2025 - Revolution Padel Store<\/title>\n<meta name=\"description\" content=\"Descubre la Wilson Defy V1 2025, una pala de p\u00e1del de alto rendimiento con m\u00e1xima potencia y efecto. Disponible en www.revolutionpadelstore.com al mejor precio.\" \/>\n<meta name=\"robots\" content=\"index, follow, max-snippet:-1, max-image-preview:large, max-video-preview:-1\" \/>\n<link rel=\"canonical\" href=\"https:\/\/revolutionpadelstore.com\/fr\/produit\/wilson-defy-v1-2025-3\/\" \/>\n<meta property=\"og:locale\" content=\"fr_FR\" \/>\n<meta property=\"og:type\" content=\"article\" \/>\n<meta property=\"og:title\" content=\"WILSON DEFY V1 2025 - Revolution Padel Store\" \/>\n<meta property=\"og:description\" content=\"Descubre la Wilson Defy V1 2025, una pala de p\u00e1del de alto rendimiento con m\u00e1xima potencia y efecto. Disponible en www.revolutionpadelstore.com al mejor precio.\" \/>\n<meta property=\"og:url\" content=\"https:\/\/revolutionpadelstore.com\/fr\/produit\/wilson-defy-v1-2025-3\/\" \/>\n<meta property=\"og:site_name\" content=\"Revolution Padel Store\" \/>\n<meta property=\"article:modified_time\" content=\"2026-04-22T00:01:05+00:00\" \/>\n<meta property=\"og:image\" content=\"https:\/\/revolutionpadelstore.com\/wp-content\/uploads\/2025\/02\/116259-pala-wilson-defy-v1-padel-2-wr173711u2-1500x1500-1.webp\" \/>\n\t<meta property=\"og:image:width\" content=\"1500\" \/>\n\t<meta property=\"og:image:height\" content=\"1500\" \/>\n\t<meta property=\"og:image:type\" content=\"image\/webp\" \/>\n<meta name=\"twitter:card\" content=\"summary_large_image\" \/>\n<meta name=\"twitter:label1\" content=\"Dur\u00e9e de lecture estim\u00e9e\" \/>\n\t<meta name=\"twitter:data1\" content=\"2 minutes\" \/>\n<script type=\"application\/ld+json\" class=\"yoast-schema-graph\">{\"@context\":\"https:\\\/\\\/schema.org\",\"@graph\":[{\"@type\":\"WebPage\",\"@id\":\"https:\\\/\\\/revolutionpadelstore.com\\\/fr\\\/produit\\\/wilson-defy-v1-2025-3\\\/\",\"url\":\"https:\\\/\\\/revolutionpadelstore.com\\\/fr\\\/produit\\\/wilson-defy-v1-2025-3\\\/\",\"name\":\"WILSON DEFY V1 2025 - Revolution Padel Store\",\"isPartOf\":{\"@id\":\"https:\\\/\\\/revolutionpadelstore.com\\\/fr\\\/#website\"},\"primaryImageOfPage\":{\"@id\":\"https:\\\/\\\/revolutionpadelstore.com\\\/fr\\\/produit\\\/wilson-defy-v1-2025-3\\\/#primaryimage\"},\"image\":{\"@id\":\"https:\\\/\\\/revolutionpadelstore.com\\\/fr\\\/produit\\\/wilson-defy-v1-2025-3\\\/#primaryimage\"},\"thumbnailUrl\":\"https:\\\/\\\/revolutionpadelstore.com\\\/wp-content\\\/uploads\\\/2025\\\/02\\\/116259-pala-wilson-defy-v1-padel-2-wr173711u2-1500x1500-1.webp\",\"datePublished\":\"2025-02-22T21:59:42+00:00\",\"dateModified\":\"2026-04-22T00:01:05+00:00\",\"description\":\"Descubre la Wilson Defy V1 2025, una pala de p\u00e1del de alto rendimiento con m\u00e1xima potencia y efecto. Disponible en www.revolutionpadelstore.com al mejor precio.\",\"breadcrumb\":{\"@id\":\"https:\\\/\\\/revolutionpadelstore.com\\\/fr\\\/produit\\\/wilson-defy-v1-2025-3\\\/#breadcrumb\"},\"inLanguage\":\"fr-FR\",\"potentialAction\":[{\"@type\":\"ReadAction\",\"target\":[\"https:\\\/\\\/revolutionpadelstore.com\\\/fr\\\/produit\\\/wilson-defy-v1-2025-3\\\/\"]}]},{\"@type\":\"ImageObject\",\"inLanguage\":\"fr-FR\",\"@id\":\"https:\\\/\\\/revolutionpadelstore.com\\\/fr\\\/produit\\\/wilson-defy-v1-2025-3\\\/#primaryimage\",\"url\":\"https:\\\/\\\/revolutionpadelstore.com\\\/wp-content\\\/uploads\\\/2025\\\/02\\\/116259-pala-wilson-defy-v1-padel-2-wr173711u2-1500x1500-1.webp\",\"contentUrl\":\"https:\\\/\\\/revolutionpadelstore.com\\\/wp-content\\\/uploads\\\/2025\\\/02\\\/116259-pala-wilson-defy-v1-padel-2-wr173711u2-1500x1500-1.webp\",\"width\":1500,\"height\":1500},{\"@type\":\"BreadcrumbList\",\"@id\":\"https:\\\/\\\/revolutionpadelstore.com\\\/fr\\\/produit\\\/wilson-defy-v1-2025-3\\\/#breadcrumb\",\"itemListElement\":[{\"@type\":\"ListItem\",\"position\":1,\"name\":\"Portada\",\"item\":\"https:\\\/\\\/revolutionpadelstore.com\\\/fr\\\/\"},{\"@type\":\"ListItem\",\"position\":2,\"name\":\"Boutique\",\"item\":\"https:\\\/\\\/revolutionpadelstore.com\\\/fr\\\/tienda\\\/\"},{\"@type\":\"ListItem\",\"position\":3,\"name\":\"WILSON DEFY V1 2025\"}]},{\"@type\":\"WebSite\",\"@id\":\"https:\\\/\\\/revolutionpadelstore.com\\\/fr\\\/#website\",\"url\":\"https:\\\/\\\/revolutionpadelstore.com\\\/fr\\\/\",\"name\":\"Revolution Padel Store\",\"description\":\"\",\"publisher\":{\"@id\":\"https:\\\/\\\/revolutionpadelstore.com\\\/fr\\\/#organization\"},\"potentialAction\":[{\"@type\":\"SearchAction\",\"target\":{\"@type\":\"EntryPoint\",\"urlTemplate\":\"https:\\\/\\\/revolutionpadelstore.com\\\/fr\\\/?s={search_term_string}\"},\"query-input\":{\"@type\":\"PropertyValueSpecification\",\"valueRequired\":true,\"valueName\":\"search_term_string\"}}],\"inLanguage\":\"fr-FR\"},{\"@type\":\"Organization\",\"@id\":\"https:\\\/\\\/revolutionpadelstore.com\\\/fr\\\/#organization\",\"name\":\"Revolution Padel Store\",\"url\":\"https:\\\/\\\/revolutionpadelstore.com\\\/fr\\\/\",\"logo\":{\"@type\":\"ImageObject\",\"inLanguage\":\"fr-FR\",\"@id\":\"https:\\\/\\\/revolutionpadelstore.com\\\/fr\\\/#\\\/schema\\\/logo\\\/image\\\/\",\"url\":\"https:\\\/\\\/revolutionpadelstore.com\\\/wp-content\\\/uploads\\\/2026\\\/02\\\/revolution-padel-store.jpg\",\"contentUrl\":\"https:\\\/\\\/revolutionpadelstore.com\\\/wp-content\\\/uploads\\\/2026\\\/02\\\/revolution-padel-store.jpg\",\"width\":2000,\"height\":2000,\"caption\":\"Revolution Padel Store\"},\"image\":{\"@id\":\"https:\\\/\\\/revolutionpadelstore.com\\\/fr\\\/#\\\/schema\\\/logo\\\/image\\\/\"},\"sameAs\":[\"https:\\\/\\\/www.instagram.com\\\/revolutionpadelstore\\\/\"]}]}<\/script>\n<!-- \/ Yoast SEO plugin. -->","yoast_head_json":{"title":"WILSON DEFY V1 2025 - Revolution Padel Store","description":"Descubre la Wilson Defy V1 2025, una pala de p\u00e1del de alto rendimiento con m\u00e1xima potencia y efecto. Disponible en www.revolutionpadelstore.com al mejor precio.","robots":{"index":"index","follow":"follow","max-snippet":"max-snippet:-1","max-image-preview":"max-image-preview:large","max-video-preview":"max-video-preview:-1"},"canonical":"https:\/\/revolutionpadelstore.com\/fr\/produit\/wilson-defy-v1-2025-3\/","og_locale":"fr_FR","og_type":"article","og_title":"WILSON DEFY V1 2025 - Revolution Padel Store","og_description":"Descubre la Wilson Defy V1 2025, una pala de p\u00e1del de alto rendimiento con m\u00e1xima potencia y efecto. Disponible en www.revolutionpadelstore.com al mejor precio.","og_url":"https:\/\/revolutionpadelstore.com\/fr\/produit\/wilson-defy-v1-2025-3\/","og_site_name":"Revolution Padel Store","article_modified_time":"2026-04-22T00:01:05+00:00","og_image":[{"width":1500,"height":1500,"url":"https:\/\/revolutionpadelstore.com\/wp-content\/uploads\/2025\/02\/116259-pala-wilson-defy-v1-padel-2-wr173711u2-1500x1500-1.webp","type":"image\/webp"}],"twitter_card":"summary_large_image","twitter_misc":{"Dur\u00e9e de lecture estim\u00e9e":"2 minutes"},"schema":{"@context":"https:\/\/schema.org","@graph":[{"@type":"WebPage","@id":"https:\/\/revolutionpadelstore.com\/fr\/produit\/wilson-defy-v1-2025-3\/","url":"https:\/\/revolutionpadelstore.com\/fr\/produit\/wilson-defy-v1-2025-3\/","name":"WILSON DEFY V1 2025 - Revolution Padel Store","isPartOf":{"@id":"https:\/\/revolutionpadelstore.com\/fr\/#website"},"primaryImageOfPage":{"@id":"https:\/\/revolutionpadelstore.com\/fr\/produit\/wilson-defy-v1-2025-3\/#primaryimage"},"image":{"@id":"https:\/\/revolutionpadelstore.com\/fr\/produit\/wilson-defy-v1-2025-3\/#primaryimage"},"thumbnailUrl":"https:\/\/revolutionpadelstore.com\/wp-content\/uploads\/2025\/02\/116259-pala-wilson-defy-v1-padel-2-wr173711u2-1500x1500-1.webp","datePublished":"2025-02-22T21:59:42+00:00","dateModified":"2026-04-22T00:01:05+00:00","description":"Descubre la Wilson Defy V1 2025, una pala de p\u00e1del de alto rendimiento con m\u00e1xima potencia y efecto. Disponible en www.revolutionpadelstore.com al mejor precio.","breadcrumb":{"@id":"https:\/\/revolutionpadelstore.com\/fr\/produit\/wilson-defy-v1-2025-3\/#breadcrumb"},"inLanguage":"fr-FR","potentialAction":[{"@type":"ReadAction","target":["https:\/\/revolutionpadelstore.com\/fr\/produit\/wilson-defy-v1-2025-3\/"]}]},{"@type":"ImageObject","inLanguage":"fr-FR","@id":"https:\/\/revolutionpadelstore.com\/fr\/produit\/wilson-defy-v1-2025-3\/#primaryimage","url":"https:\/\/revolutionpadelstore.com\/wp-content\/uploads\/2025\/02\/116259-pala-wilson-defy-v1-padel-2-wr173711u2-1500x1500-1.webp","contentUrl":"https:\/\/revolutionpadelstore.com\/wp-content\/uploads\/2025\/02\/116259-pala-wilson-defy-v1-padel-2-wr173711u2-1500x1500-1.webp","width":1500,"height":1500},{"@type":"BreadcrumbList","@id":"https:\/\/revolutionpadelstore.com\/fr\/produit\/wilson-defy-v1-2025-3\/#breadcrumb","itemListElement":[{"@type":"ListItem","position":1,"name":"Portada","item":"https:\/\/revolutionpadelstore.com\/fr\/"},{"@type":"ListItem","position":2,"name":"Boutique","item":"https:\/\/revolutionpadelstore.com\/fr\/tienda\/"},{"@type":"ListItem","position":3,"name":"WILSON DEFY V1 2025"}]},{"@type":"WebSite","@id":"https:\/\/revolutionpadelstore.com\/fr\/#website","url":"https:\/\/revolutionpadelstore.com\/fr\/","name":"Revolution Padel Store","description":"","publisher":{"@id":"https:\/\/revolutionpadelstore.com\/fr\/#organization"},"potentialAction":[{"@type":"SearchAction","target":{"@type":"EntryPoint","urlTemplate":"https:\/\/revolutionpadelstore.com\/fr\/?s={search_term_string}"},"query-input":{"@type":"PropertyValueSpecification","valueRequired":true,"valueName":"search_term_string"}}],"inLanguage":"fr-FR"},{"@type":"Organization","@id":"https:\/\/revolutionpadelstore.com\/fr\/#organization","name":"Revolution Padel Store","url":"https:\/\/revolutionpadelstore.com\/fr\/","logo":{"@type":"ImageObject","inLanguage":"fr-FR","@id":"https:\/\/revolutionpadelstore.com\/fr\/#\/schema\/logo\/image\/","url":"https:\/\/revolutionpadelstore.com\/wp-content\/uploads\/2026\/02\/revolution-padel-store.jpg","contentUrl":"https:\/\/revolutionpadelstore.com\/wp-content\/uploads\/2026\/02\/revolution-padel-store.jpg","width":2000,"height":2000,"caption":"Revolution Padel Store"},"image":{"@id":"https:\/\/revolutionpadelstore.com\/fr\/#\/schema\/logo\/image\/"},"sameAs":["https:\/\/www.instagram.com\/revolutionpadelstore\/"]}]}},"_links":{"self":[{"href":"https:\/\/revolutionpadelstore.com\/fr\/wp-json\/wp\/v2\/product\/181737","targetHints":{"allow":["GET"]}}],"collection":[{"href":"https:\/\/revolutionpadelstore.com\/fr\/wp-json\/wp\/v2\/product"}],"about":[{"href":"https:\/\/revolutionpadelstore.com\/fr\/wp-json\/wp\/v2\/types\/product"}],"replies":[{"embeddable":true,"href":"https:\/\/revolutionpadelstore.com\/fr\/wp-json\/wp\/v2\/comments?post=181737"}],"wp:featuredmedia":[{"embeddable":true,"href":"https:\/\/revolutionpadelstore.com\/fr\/wp-json\/wp\/v2\/media\/181696"}],"wp:attachment":[{"href":"https:\/\/revolutionpadelstore.com\/fr\/wp-json\/wp\/v2\/media?parent=181737"}],"wp:term":[{"taxonomy":"acabado","embeddable":true,"href":"https:\/\/revolutionpadelstore.com\/fr\/wp-json\/wp\/v2\/acabado?post=181737"},{"taxonomy":"balance","embeddable":true,"href":"https:\/\/revolutionpadelstore.com\/fr\/wp-json\/wp\/v2\/balance?post=181737"},{"taxonomy":"dureza","embeddable":true,"href":"https:\/\/revolutionpadelstore.com\/fr\/wp-json\/wp\/v2\/dureza?post=181737"},{"taxonomy":"forma","embeddable":true,"href":"https:\/\/revolutionpadelstore.com\/fr\/wp-json\/wp\/v2\/forma?post=181737"},{"taxonomy":"jugador","embeddable":true,"href":"https:\/\/revolutionpadelstore.com\/fr\/wp-json\/wp\/v2\/jugador?post=181737"},{"taxonomy":"marca","embeddable":true,"href":"https:\/\/revolutionpadelstore.com\/fr\/wp-json\/wp\/v2\/marca?post=181737"},{"taxonomy":"nivel-de-juego","embeddable":true,"href":"https:\/\/revolutionpadelstore.com\/fr\/wp-json\/wp\/v2\/nivel-de-juego?post=181737"},{"taxonomy":"superficie","embeddable":true,"href":"https:\/\/revolutionpadelstore.com\/fr\/wp-json\/wp\/v2\/superficie?post=181737"},{"taxonomy":"tipo-de-juego","embeddable":true,"href":"https:\/\/revolutionpadelstore.com\/fr\/wp-json\/wp\/v2\/tipo-de-juego?post=181737"},{"taxonomy":"product_brand","embeddable":true,"href":"https:\/\/revolutionpadelstore.com\/fr\/wp-json\/wp\/v2\/product_brand?post=181737"},{"taxonomy":"product_cat","embeddable":true,"href":"https:\/\/revolutionpadelstore.com\/fr\/wp-json\/wp\/v2\/product_cat?post=181737"},{"taxonomy":"product_tag","embeddable":true,"href":"https:\/\/revolutionpadelstore.com\/fr\/wp-json\/wp\/v2\/product_tag?post=181737"}],"curies":[{"name":"wp","href":"https:\/\/api.w.org\/{rel}","templated":true}]}}