{"id":181544,"date":"2025-02-21T12:56:33","date_gmt":"2025-02-21T11:56:33","guid":{"rendered":"https:\/\/revolutionpadelstore.com\/head-coello-junior-2025\/"},"modified":"2026-04-08T06:13:50","modified_gmt":"2026-04-08T04:13:50","slug":"head-coello-junior-2025-3","status":"publish","type":"product","link":"https:\/\/revolutionpadelstore.com\/fr\/produit\/head-coello-junior-2025-3\/","title":{"rendered":"HEAD COELLO JUNIOR 2025"},"content":{"rendered":"<br \/>\n<h2> Head Coello Junior 2025 &#8211; The Arturo Coello Phel pour les jeunes talents <\/h2>\n<p>Le chef Coello Junior 2025 est le choix parfait pour les jeunes joueurs qui cherchent \u00e0 faire \u00e9voluer leur jeu avec une pelle inspir\u00e9e du num\u00e9ro un mondial, Arturo Coello. Con\u00e7u en collaboration avec Head, cette pelle combine la technologie avanc\u00e9e, une conception exclusive avec la signature du \u00abKing Arturo\u00bb et une structure optimis\u00e9e pour fournir la puissance, le contr\u00f4le et le confort.<\/p>\n<p>Sa forme de larme, son l\u00e9ger et son \u00e9quilibre sous le tournant une option id\u00e9ale pour les joueurs juniors qui veulent d\u00e9velopper leur technique sans abandonner la maniabilit\u00e9 et le confort sur la piste.<br \/>\n&lt;Il<br \/>\nSi vous recherchez une pelle qui aide \u00e0 am\u00e9liorer les performances des plus jeunes sur la piste, le Head Coello Junior 2025 est la meilleure option. Son large point sucr\u00e9 offre une grande tol\u00e9rance dans le coup, permettant une plus grande pr\u00e9cision et stabilit\u00e9 dans chaque \u00e9change. Gr\u00e2ce \u00e0 son poids de 310 g, les mouvements sont de plus en plus rapides, favorisant l&#039;apprentissage progressif et efficace.<\/p>\n<h2> <strong> Caract\u00e9ristiques et technologies pro\u00e9minentes: <\/strong> <\/h2>\n<p style=\"padding-left: 40px\"> &#8211; Formez une d\u00e9chirure \u279c Balance parfaite entre la puissance et le contr\u00f4le. <\/p>\n<p style=\"padding-left: 40px\"> &#8211; poids l\u00e9ger (310 g) et \u00e9quilibre sous \u279c plus grande gestion et confort. <\/p>\n<p> &#8211; Horaire en fibre de verre<\/p>\n<p style=\"padding-left: 40px\"> &#8211; mousse de puissance \u279c Nucleus de r\u00e9ponse rapide pour am\u00e9liorer les coups offensifs. <\/p>\n<p><P> &#8211; Innegra \u2122 \u279c Technologie qui r\u00e9duit les vibrations et am\u00e9liore la stabilit\u00e9. <\/p>\n<p style=\"padding-left: 40px\"> &#8211; Syst\u00e8me de protecteur int\u00e9gr\u00e9 (IPS) \u279c Protection suppl\u00e9mentaire contre l&#8217;impact et l&#8217;usure. <\/p>\n<p style=\"padding-left: 40px\"> &#8211; tube sur mesure \u279c Structure optimis\u00e9e pour des performances plus \u00e9lev\u00e9es. <\/p>\n<p>&lt;En<br \/>\nAvec la t\u00eate Coello Junior 2025, les jeunes joueurs peuvent am\u00e9liorer leur technique avec une pelle qui maximise leur talent. Sa conception premium et ses technologies avanc\u00e9es garantissent un jeu puissant, stable et pr\u00e9cis, facilitant l&#039;apprentissage et l&#039;\u00e9volution dans le tennis \u00e0 pagaie.<\/p>\n<p>Obtenez le Head Coello Junior 2025 maintenant dans notre boutique en ligne <a href=\"https:\/\/www.revolutionpadelstore.com\/\"> Revolution Padel Store <\/a>, probablement au meilleur prix de march\u00e9!<\/p>\n<h2>Head Coello Junior 2025 \u2013 La pala de Arturo Coello para j\u00f3venes talentos<\/h2>\n","protected":false},"excerpt":{"rendered":"<p>La t\u00eate Coello Junior 2025 est l&#8217;option id\u00e9ale pour les jeunes athl\u00e8tes qui cherchent \u00e0 combiner la puissance, la pr\u00e9cision et le confort. Sa conception l\u00e9g\u00e8re et sa technologie Avant-Garde assurent un large point sucr\u00e9 et une manipulation simple.<\/p>\n","protected":false},"featured_media":181550,"comment_status":"open","ping_status":"closed","template":"","meta":{"_acf_changed":false,"_joinchat":[]},"acabado":[1082],"balance":[1147],"dureza":[1152],"forma":[1187],"jugador":[1207],"marca":[1222],"nivel-de-juego":[1342,1352],"superficie":[1357],"tipo-de-juego":[1387],"product_brand":[],"product_cat":[302],"product_tag":[],"class_list":{"0":"post-181544","1":"product","2":"type-product","3":"status-publish","4":"has-post-thumbnail","6":"acabado-luminosite","7":"balance-faible","8":"dureza-blanda-fr","9":"forma-lagrima-fr","10":"jugador-jeunes","11":"marca-tete","12":"superficie-lise","13":"tipo-de-juego-polivalente-fr","14":"product_cat-palas-de-padel-fr","16":"first","17":"instock","18":"sale","19":"taxable","20":"shipping-taxable","21":"purchasable","22":"product-type-simple"},"acf":[],"yoast_head":"<!-- This site is optimized with the Yoast SEO plugin v27.4 - https:\/\/yoast.com\/product\/yoast-seo-wordpress\/ -->\n<title>HEAD COELLO JUNIOR 2025 - Revolution Padel Store<\/title>\n<meta name=\"description\" content=\"Compra la Head Coello Junior 2025, la pala de Arturo Coello para jugadores j\u00f3venes. Equilibrio entre potencia y control, dise\u00f1o exclusivo y tecnolog\u00eda avanzada. \u00a1Disponible en nuestra tienda online al mejor precio!\" \/>\n<meta name=\"robots\" content=\"index, follow, max-snippet:-1, max-image-preview:large, max-video-preview:-1\" \/>\n<link rel=\"canonical\" href=\"https:\/\/revolutionpadelstore.com\/fr\/produit\/head-coello-junior-2025-3\/\" \/>\n<meta property=\"og:locale\" content=\"fr_FR\" \/>\n<meta property=\"og:type\" content=\"article\" \/>\n<meta property=\"og:title\" content=\"HEAD COELLO JUNIOR 2025 - Revolution Padel Store\" \/>\n<meta property=\"og:description\" content=\"Compra la Head Coello Junior 2025, la pala de Arturo Coello para jugadores j\u00f3venes. Equilibrio entre potencia y control, dise\u00f1o exclusivo y tecnolog\u00eda avanzada. \u00a1Disponible en nuestra tienda online al mejor precio!\" \/>\n<meta property=\"og:url\" content=\"https:\/\/revolutionpadelstore.com\/fr\/produit\/head-coello-junior-2025-3\/\" \/>\n<meta property=\"og:site_name\" content=\"Revolution Padel Store\" \/>\n<meta property=\"article:modified_time\" content=\"2026-04-08T04:13:50+00:00\" \/>\n<meta property=\"og:image\" content=\"https:\/\/revolutionpadelstore.com\/wp-content\/uploads\/2025\/02\/115655-pala-head-coello-junior-2025-226725-1500x1500-1.webp\" \/>\n\t<meta property=\"og:image:width\" content=\"1500\" \/>\n\t<meta property=\"og:image:height\" content=\"1500\" \/>\n\t<meta property=\"og:image:type\" content=\"image\/webp\" \/>\n<meta name=\"twitter:card\" content=\"summary_large_image\" \/>\n<meta name=\"twitter:label1\" content=\"Dur\u00e9e de lecture estim\u00e9e\" \/>\n\t<meta name=\"twitter:data1\" content=\"2 minutes\" \/>\n<script type=\"application\/ld+json\" class=\"yoast-schema-graph\">{\"@context\":\"https:\\\/\\\/schema.org\",\"@graph\":[{\"@type\":\"WebPage\",\"@id\":\"https:\\\/\\\/revolutionpadelstore.com\\\/fr\\\/produit\\\/head-coello-junior-2025-3\\\/\",\"url\":\"https:\\\/\\\/revolutionpadelstore.com\\\/fr\\\/produit\\\/head-coello-junior-2025-3\\\/\",\"name\":\"HEAD COELLO JUNIOR 2025 - Revolution Padel Store\",\"isPartOf\":{\"@id\":\"https:\\\/\\\/revolutionpadelstore.com\\\/fr\\\/#website\"},\"primaryImageOfPage\":{\"@id\":\"https:\\\/\\\/revolutionpadelstore.com\\\/fr\\\/produit\\\/head-coello-junior-2025-3\\\/#primaryimage\"},\"image\":{\"@id\":\"https:\\\/\\\/revolutionpadelstore.com\\\/fr\\\/produit\\\/head-coello-junior-2025-3\\\/#primaryimage\"},\"thumbnailUrl\":\"https:\\\/\\\/revolutionpadelstore.com\\\/wp-content\\\/uploads\\\/2025\\\/02\\\/115655-pala-head-coello-junior-2025-226725-1500x1500-1.webp\",\"datePublished\":\"2025-02-21T11:56:33+00:00\",\"dateModified\":\"2026-04-08T04:13:50+00:00\",\"description\":\"Compra la Head Coello Junior 2025, la pala de Arturo Coello para jugadores j\u00f3venes. Equilibrio entre potencia y control, dise\u00f1o exclusivo y tecnolog\u00eda avanzada. \u00a1Disponible en nuestra tienda online al mejor precio!\",\"breadcrumb\":{\"@id\":\"https:\\\/\\\/revolutionpadelstore.com\\\/fr\\\/produit\\\/head-coello-junior-2025-3\\\/#breadcrumb\"},\"inLanguage\":\"fr-FR\",\"potentialAction\":[{\"@type\":\"ReadAction\",\"target\":[\"https:\\\/\\\/revolutionpadelstore.com\\\/fr\\\/produit\\\/head-coello-junior-2025-3\\\/\"]}]},{\"@type\":\"ImageObject\",\"inLanguage\":\"fr-FR\",\"@id\":\"https:\\\/\\\/revolutionpadelstore.com\\\/fr\\\/produit\\\/head-coello-junior-2025-3\\\/#primaryimage\",\"url\":\"https:\\\/\\\/revolutionpadelstore.com\\\/wp-content\\\/uploads\\\/2025\\\/02\\\/115655-pala-head-coello-junior-2025-226725-1500x1500-1.webp\",\"contentUrl\":\"https:\\\/\\\/revolutionpadelstore.com\\\/wp-content\\\/uploads\\\/2025\\\/02\\\/115655-pala-head-coello-junior-2025-226725-1500x1500-1.webp\",\"width\":1500,\"height\":1500},{\"@type\":\"BreadcrumbList\",\"@id\":\"https:\\\/\\\/revolutionpadelstore.com\\\/fr\\\/produit\\\/head-coello-junior-2025-3\\\/#breadcrumb\",\"itemListElement\":[{\"@type\":\"ListItem\",\"position\":1,\"name\":\"Portada\",\"item\":\"https:\\\/\\\/revolutionpadelstore.com\\\/fr\\\/\"},{\"@type\":\"ListItem\",\"position\":2,\"name\":\"Boutique\",\"item\":\"https:\\\/\\\/revolutionpadelstore.com\\\/fr\\\/tienda\\\/\"},{\"@type\":\"ListItem\",\"position\":3,\"name\":\"HEAD COELLO JUNIOR 2025\"}]},{\"@type\":\"WebSite\",\"@id\":\"https:\\\/\\\/revolutionpadelstore.com\\\/fr\\\/#website\",\"url\":\"https:\\\/\\\/revolutionpadelstore.com\\\/fr\\\/\",\"name\":\"Revolution Padel Store\",\"description\":\"\",\"publisher\":{\"@id\":\"https:\\\/\\\/revolutionpadelstore.com\\\/fr\\\/#organization\"},\"potentialAction\":[{\"@type\":\"SearchAction\",\"target\":{\"@type\":\"EntryPoint\",\"urlTemplate\":\"https:\\\/\\\/revolutionpadelstore.com\\\/fr\\\/?s={search_term_string}\"},\"query-input\":{\"@type\":\"PropertyValueSpecification\",\"valueRequired\":true,\"valueName\":\"search_term_string\"}}],\"inLanguage\":\"fr-FR\"},{\"@type\":\"Organization\",\"@id\":\"https:\\\/\\\/revolutionpadelstore.com\\\/fr\\\/#organization\",\"name\":\"Revolution Padel Store\",\"url\":\"https:\\\/\\\/revolutionpadelstore.com\\\/fr\\\/\",\"logo\":{\"@type\":\"ImageObject\",\"inLanguage\":\"fr-FR\",\"@id\":\"https:\\\/\\\/revolutionpadelstore.com\\\/fr\\\/#\\\/schema\\\/logo\\\/image\\\/\",\"url\":\"https:\\\/\\\/revolutionpadelstore.com\\\/wp-content\\\/uploads\\\/2026\\\/02\\\/revolution-padel-store.jpg\",\"contentUrl\":\"https:\\\/\\\/revolutionpadelstore.com\\\/wp-content\\\/uploads\\\/2026\\\/02\\\/revolution-padel-store.jpg\",\"width\":2000,\"height\":2000,\"caption\":\"Revolution Padel Store\"},\"image\":{\"@id\":\"https:\\\/\\\/revolutionpadelstore.com\\\/fr\\\/#\\\/schema\\\/logo\\\/image\\\/\"},\"sameAs\":[\"https:\\\/\\\/www.instagram.com\\\/revolutionpadelstore\\\/\"]}]}<\/script>\n<!-- \/ Yoast SEO plugin. -->","yoast_head_json":{"title":"HEAD COELLO JUNIOR 2025 - Revolution Padel Store","description":"Compra la Head Coello Junior 2025, la pala de Arturo Coello para jugadores j\u00f3venes. Equilibrio entre potencia y control, dise\u00f1o exclusivo y tecnolog\u00eda avanzada. \u00a1Disponible en nuestra tienda online al mejor precio!","robots":{"index":"index","follow":"follow","max-snippet":"max-snippet:-1","max-image-preview":"max-image-preview:large","max-video-preview":"max-video-preview:-1"},"canonical":"https:\/\/revolutionpadelstore.com\/fr\/produit\/head-coello-junior-2025-3\/","og_locale":"fr_FR","og_type":"article","og_title":"HEAD COELLO JUNIOR 2025 - Revolution Padel Store","og_description":"Compra la Head Coello Junior 2025, la pala de Arturo Coello para jugadores j\u00f3venes. Equilibrio entre potencia y control, dise\u00f1o exclusivo y tecnolog\u00eda avanzada. \u00a1Disponible en nuestra tienda online al mejor precio!","og_url":"https:\/\/revolutionpadelstore.com\/fr\/produit\/head-coello-junior-2025-3\/","og_site_name":"Revolution Padel Store","article_modified_time":"2026-04-08T04:13:50+00:00","og_image":[{"width":1500,"height":1500,"url":"https:\/\/revolutionpadelstore.com\/wp-content\/uploads\/2025\/02\/115655-pala-head-coello-junior-2025-226725-1500x1500-1.webp","type":"image\/webp"}],"twitter_card":"summary_large_image","twitter_misc":{"Dur\u00e9e de lecture estim\u00e9e":"2 minutes"},"schema":{"@context":"https:\/\/schema.org","@graph":[{"@type":"WebPage","@id":"https:\/\/revolutionpadelstore.com\/fr\/produit\/head-coello-junior-2025-3\/","url":"https:\/\/revolutionpadelstore.com\/fr\/produit\/head-coello-junior-2025-3\/","name":"HEAD COELLO JUNIOR 2025 - Revolution Padel Store","isPartOf":{"@id":"https:\/\/revolutionpadelstore.com\/fr\/#website"},"primaryImageOfPage":{"@id":"https:\/\/revolutionpadelstore.com\/fr\/produit\/head-coello-junior-2025-3\/#primaryimage"},"image":{"@id":"https:\/\/revolutionpadelstore.com\/fr\/produit\/head-coello-junior-2025-3\/#primaryimage"},"thumbnailUrl":"https:\/\/revolutionpadelstore.com\/wp-content\/uploads\/2025\/02\/115655-pala-head-coello-junior-2025-226725-1500x1500-1.webp","datePublished":"2025-02-21T11:56:33+00:00","dateModified":"2026-04-08T04:13:50+00:00","description":"Compra la Head Coello Junior 2025, la pala de Arturo Coello para jugadores j\u00f3venes. Equilibrio entre potencia y control, dise\u00f1o exclusivo y tecnolog\u00eda avanzada. \u00a1Disponible en nuestra tienda online al mejor precio!","breadcrumb":{"@id":"https:\/\/revolutionpadelstore.com\/fr\/produit\/head-coello-junior-2025-3\/#breadcrumb"},"inLanguage":"fr-FR","potentialAction":[{"@type":"ReadAction","target":["https:\/\/revolutionpadelstore.com\/fr\/produit\/head-coello-junior-2025-3\/"]}]},{"@type":"ImageObject","inLanguage":"fr-FR","@id":"https:\/\/revolutionpadelstore.com\/fr\/produit\/head-coello-junior-2025-3\/#primaryimage","url":"https:\/\/revolutionpadelstore.com\/wp-content\/uploads\/2025\/02\/115655-pala-head-coello-junior-2025-226725-1500x1500-1.webp","contentUrl":"https:\/\/revolutionpadelstore.com\/wp-content\/uploads\/2025\/02\/115655-pala-head-coello-junior-2025-226725-1500x1500-1.webp","width":1500,"height":1500},{"@type":"BreadcrumbList","@id":"https:\/\/revolutionpadelstore.com\/fr\/produit\/head-coello-junior-2025-3\/#breadcrumb","itemListElement":[{"@type":"ListItem","position":1,"name":"Portada","item":"https:\/\/revolutionpadelstore.com\/fr\/"},{"@type":"ListItem","position":2,"name":"Boutique","item":"https:\/\/revolutionpadelstore.com\/fr\/tienda\/"},{"@type":"ListItem","position":3,"name":"HEAD COELLO JUNIOR 2025"}]},{"@type":"WebSite","@id":"https:\/\/revolutionpadelstore.com\/fr\/#website","url":"https:\/\/revolutionpadelstore.com\/fr\/","name":"Revolution Padel Store","description":"","publisher":{"@id":"https:\/\/revolutionpadelstore.com\/fr\/#organization"},"potentialAction":[{"@type":"SearchAction","target":{"@type":"EntryPoint","urlTemplate":"https:\/\/revolutionpadelstore.com\/fr\/?s={search_term_string}"},"query-input":{"@type":"PropertyValueSpecification","valueRequired":true,"valueName":"search_term_string"}}],"inLanguage":"fr-FR"},{"@type":"Organization","@id":"https:\/\/revolutionpadelstore.com\/fr\/#organization","name":"Revolution Padel Store","url":"https:\/\/revolutionpadelstore.com\/fr\/","logo":{"@type":"ImageObject","inLanguage":"fr-FR","@id":"https:\/\/revolutionpadelstore.com\/fr\/#\/schema\/logo\/image\/","url":"https:\/\/revolutionpadelstore.com\/wp-content\/uploads\/2026\/02\/revolution-padel-store.jpg","contentUrl":"https:\/\/revolutionpadelstore.com\/wp-content\/uploads\/2026\/02\/revolution-padel-store.jpg","width":2000,"height":2000,"caption":"Revolution Padel Store"},"image":{"@id":"https:\/\/revolutionpadelstore.com\/fr\/#\/schema\/logo\/image\/"},"sameAs":["https:\/\/www.instagram.com\/revolutionpadelstore\/"]}]}},"_links":{"self":[{"href":"https:\/\/revolutionpadelstore.com\/fr\/wp-json\/wp\/v2\/product\/181544","targetHints":{"allow":["GET"]}}],"collection":[{"href":"https:\/\/revolutionpadelstore.com\/fr\/wp-json\/wp\/v2\/product"}],"about":[{"href":"https:\/\/revolutionpadelstore.com\/fr\/wp-json\/wp\/v2\/types\/product"}],"replies":[{"embeddable":true,"href":"https:\/\/revolutionpadelstore.com\/fr\/wp-json\/wp\/v2\/comments?post=181544"}],"wp:featuredmedia":[{"embeddable":true,"href":"https:\/\/revolutionpadelstore.com\/fr\/wp-json\/wp\/v2\/media\/181550"}],"wp:attachment":[{"href":"https:\/\/revolutionpadelstore.com\/fr\/wp-json\/wp\/v2\/media?parent=181544"}],"wp:term":[{"taxonomy":"acabado","embeddable":true,"href":"https:\/\/revolutionpadelstore.com\/fr\/wp-json\/wp\/v2\/acabado?post=181544"},{"taxonomy":"balance","embeddable":true,"href":"https:\/\/revolutionpadelstore.com\/fr\/wp-json\/wp\/v2\/balance?post=181544"},{"taxonomy":"dureza","embeddable":true,"href":"https:\/\/revolutionpadelstore.com\/fr\/wp-json\/wp\/v2\/dureza?post=181544"},{"taxonomy":"forma","embeddable":true,"href":"https:\/\/revolutionpadelstore.com\/fr\/wp-json\/wp\/v2\/forma?post=181544"},{"taxonomy":"jugador","embeddable":true,"href":"https:\/\/revolutionpadelstore.com\/fr\/wp-json\/wp\/v2\/jugador?post=181544"},{"taxonomy":"marca","embeddable":true,"href":"https:\/\/revolutionpadelstore.com\/fr\/wp-json\/wp\/v2\/marca?post=181544"},{"taxonomy":"nivel-de-juego","embeddable":true,"href":"https:\/\/revolutionpadelstore.com\/fr\/wp-json\/wp\/v2\/nivel-de-juego?post=181544"},{"taxonomy":"superficie","embeddable":true,"href":"https:\/\/revolutionpadelstore.com\/fr\/wp-json\/wp\/v2\/superficie?post=181544"},{"taxonomy":"tipo-de-juego","embeddable":true,"href":"https:\/\/revolutionpadelstore.com\/fr\/wp-json\/wp\/v2\/tipo-de-juego?post=181544"},{"taxonomy":"product_brand","embeddable":true,"href":"https:\/\/revolutionpadelstore.com\/fr\/wp-json\/wp\/v2\/product_brand?post=181544"},{"taxonomy":"product_cat","embeddable":true,"href":"https:\/\/revolutionpadelstore.com\/fr\/wp-json\/wp\/v2\/product_cat?post=181544"},{"taxonomy":"product_tag","embeddable":true,"href":"https:\/\/revolutionpadelstore.com\/fr\/wp-json\/wp\/v2\/product_tag?post=181544"}],"curies":[{"name":"wp","href":"https:\/\/api.w.org\/{rel}","templated":true}]}}