{"id":181490,"date":"2025-02-21T12:53:43","date_gmt":"2025-02-21T11:53:43","guid":{"rendered":"https:\/\/revolutionpadelstore.com\/head-coello-team-2025\/"},"modified":"2026-04-08T06:14:13","modified_gmt":"2026-04-08T04:14:13","slug":"head-coello-team-2025-3","status":"publish","type":"product","link":"https:\/\/revolutionpadelstore.com\/fr\/produit\/head-coello-team-2025-3\/","title":{"rendered":"HEAD COELLO TEAM 2025"},"content":{"rendered":"<h2> Head Coello Team 2025 &#8211; puissance et pr\u00e9cision dans chaque coup<br \/>\nLa <strong> Head Coello Team 2025 <\/strong> est une pelle \u00e0 palette con\u00e7ue pour les joueurs ambitieux \u00e0 la recherche de puissance maximale <strong> maximale et de pr\u00e9cision <\/strong> sur la piste. D\u00e9velopp\u00e9 en collaboration avec <strong> arturo coello <\/strong>, ce mod\u00e8le de format de diamant et un poids de 360 \u200b\u200bg combine une grande colle avec un excellent contr\u00f4le.<\/p>\n<p>Gr\u00e2ce \u00e0 sa surface en fibre de verre et \u00e0 la technologie innovante Auxetic 2.0, cette pelle de t\u00eate 2025 offre une r\u00e9ponse unique \u00e0 l&#8217;impact, offrant plus de stabilit\u00e9 et de puissance dans chaque coup. Son \u00e9quilibre moyen facilite l&#8217;ex\u00e9cution de coups offensifs tels que Smash et Viper, tandis que son cadre en carbone garantit une plus grande r\u00e9sistance et durabilit\u00e9.<\/p>\n<h2> Head Coello Team 2025 &#8211; Con\u00e7u pour les joueurs interm\u00e9diaires et avanc\u00e9s <\/h2>\n<p>Si vous cherchez une pelle de t\u00eate Padel pour les hommes pour vous aider \u00e0 am\u00e9liorer votre jeu d&#8217;attaque, Coello Team 2025 est le choix id\u00e9al. Sa combinaison de rigidit\u00e9 mod\u00e9r\u00e9e et de caoutchouc de mousse puissante fournit une prise de balle rapide sans perdre le contr\u00f4le. En outre, sa conception exclusive int\u00e8gre l&#8217;entreprise et le logo du \u00abroi Arturo\u00bb, refl\u00e9tant l&#8217;essence concurrentielle de ce mod\u00e8le.<\/p>\n<h2> <strong> Pourquoi choisir l&#8217;\u00e9quipe Head Coello 2025? <\/strong> <\/h2>\n<p style=\"padding-left: 40px\"> &#8211; puissance explosive et contr\u00f4le optimal<br \/>\n-Les mat\u00e9riaux de haute qualit\u00e9 pour une plus grande durabilit\u00e9<br \/>\n-En des technologies innovantes qui am\u00e9liorent les performances<br \/>\n-Concement exclusif inspir\u00e9 d&#8217;Arturo Coello <\/p>\n<h2> Technologies exceptionnelles de Coello Team 2025 <\/H2><\/p>\n<p> Fibre de verre \u2192 Sentiment de confort dans le coup<br \/>\nMousse \u00e9lectrique \u2192 R\u00e9ponse rapide et puissante<br \/>\nAuxetic 2.0 \u2192 Am\u00e9lioration de la sensation de frappe et stabilit\u00e9 optimis\u00e9e<br \/>\nSweet Spot optimis\u00e9 \u2192 Zone d&#8217;impact \u00e9largie pour une plus grande pr\u00e9cision<br \/>\nCadre du carbone \u2192 Structure r\u00e9sistante et durable<br \/>\nStabilisateur de puissance \u2192 plus grande stabilit\u00e9 en swing<br \/>\nGraph\u00e8ne \u00e0 l&#8217;int\u00e9rieur \u2192 renforcement dans le cadre pour une prise de balle plus efficace<br \/>\nPADEL PACE ANTICHER \u2192 Protecteur qui prolonge la dur\u00e9e de vie utile de la pelle <\/p>\n<h2> Obtenez la t\u00eate de Coello Team 2025 au meilleur prix <\/h2>\n<p>Si vous recherchez une pelle \u00e0 palette \u00e0 t\u00eate haute, avec la combinaison parfaite de puissance, de stabilit\u00e9 et de contr\u00f4le, Coello Team 2025 est votre meilleure option. Profitez-en maintenant et achetez-le dans notre boutique en ligne <strong> &lt;a href = &quot;https: \/catgpt.com\/g\/g-675432e026888191b6ee6d6f2fdbb15e store <\/a>, <\/strong> probablement au meilleur prix de march\u00e9.<\/p>\n<p><strong> Passez votre jeu au niveau sup\u00e9rieur avec la pelle Arturo Coello! <\/strong><\/p>\n","protected":false},"excerpt":{"rendered":"<p>La Diamond Shovel Head Coello Team 2025 se joint \u00e0 la force et \u00e0 la pr\u00e9cision. Con\u00e7u en collaboration avec Arturo Coello, il incorpore des technologies innovantes telles que Auxetic 2.0 et Power Molon, \u00e9tant id\u00e9ale pour les joueurs interm\u00e9diaires et avanc\u00e9s.<\/p>\n","protected":false},"featured_media":181496,"comment_status":"open","ping_status":"closed","template":"","meta":{"_acf_changed":false,"_joinchat":[]},"acabado":[1082],"balance":[1142],"dureza":[1157],"forma":[1172],"jugador":[1192,1202],"marca":[1222],"nivel-de-juego":[1337,1352],"superficie":[1357],"tipo-de-juego":[1387,1377],"product_brand":[],"product_cat":[302],"product_tag":[],"class_list":{"0":"post-181490","1":"product","2":"type-product","3":"status-publish","4":"has-post-thumbnail","6":"acabado-luminosite","7":"balance-moyen","8":"dureza-media-fr","9":"forma-diamant","10":"jugador-homme","11":"jugador-polivalente-fr","12":"marca-tete","13":"superficie-lise","14":"tipo-de-juego-polivalente-fr","15":"tipo-de-juego-puissance","16":"product_cat-palas-de-padel-fr","18":"first","19":"instock","20":"sale","21":"taxable","22":"shipping-taxable","23":"purchasable","24":"product-type-simple"},"acf":[],"yoast_head":"<!-- This site is optimized with the Yoast SEO plugin v27.4 - https:\/\/yoast.com\/product\/yoast-seo-wordpress\/ -->\n<title>HEAD COELLO TEAM 2025 - Revolution Padel Store<\/title>\n<meta name=\"description\" content=\"Descubre la Head Coello Team 2025, la pala de p\u00e1del de Arturo Coello con potencia y precisi\u00f3n en cada golpe. \u00a1C\u00f3mprala ahora en Revolution Padel Store al mejor precio!\" \/>\n<meta name=\"robots\" content=\"index, follow, max-snippet:-1, max-image-preview:large, max-video-preview:-1\" \/>\n<link rel=\"canonical\" href=\"https:\/\/revolutionpadelstore.com\/fr\/produit\/head-coello-team-2025-3\/\" \/>\n<meta property=\"og:locale\" content=\"fr_FR\" \/>\n<meta property=\"og:type\" content=\"article\" \/>\n<meta property=\"og:title\" content=\"HEAD COELLO TEAM 2025 - Revolution Padel Store\" \/>\n<meta property=\"og:description\" content=\"Descubre la Head Coello Team 2025, la pala de p\u00e1del de Arturo Coello con potencia y precisi\u00f3n en cada golpe. \u00a1C\u00f3mprala ahora en Revolution Padel Store al mejor precio!\" \/>\n<meta property=\"og:url\" content=\"https:\/\/revolutionpadelstore.com\/fr\/produit\/head-coello-team-2025-3\/\" \/>\n<meta property=\"og:site_name\" content=\"Revolution Padel Store\" \/>\n<meta property=\"article:modified_time\" content=\"2026-04-08T04:14:13+00:00\" \/>\n<meta property=\"og:image\" content=\"https:\/\/revolutionpadelstore.com\/wp-content\/uploads\/2025\/02\/115658-pala-head-coello-team-2025-225035-1500x1500-1.webp\" \/>\n\t<meta property=\"og:image:width\" content=\"1500\" \/>\n\t<meta property=\"og:image:height\" content=\"1500\" \/>\n\t<meta property=\"og:image:type\" content=\"image\/webp\" \/>\n<meta name=\"twitter:card\" content=\"summary_large_image\" \/>\n<meta name=\"twitter:label1\" content=\"Dur\u00e9e de lecture estim\u00e9e\" \/>\n\t<meta name=\"twitter:data1\" content=\"2 minutes\" \/>\n<script type=\"application\/ld+json\" class=\"yoast-schema-graph\">{\"@context\":\"https:\\\/\\\/schema.org\",\"@graph\":[{\"@type\":\"WebPage\",\"@id\":\"https:\\\/\\\/revolutionpadelstore.com\\\/fr\\\/produit\\\/head-coello-team-2025-3\\\/\",\"url\":\"https:\\\/\\\/revolutionpadelstore.com\\\/fr\\\/produit\\\/head-coello-team-2025-3\\\/\",\"name\":\"HEAD COELLO TEAM 2025 - Revolution Padel Store\",\"isPartOf\":{\"@id\":\"https:\\\/\\\/revolutionpadelstore.com\\\/fr\\\/#website\"},\"primaryImageOfPage\":{\"@id\":\"https:\\\/\\\/revolutionpadelstore.com\\\/fr\\\/produit\\\/head-coello-team-2025-3\\\/#primaryimage\"},\"image\":{\"@id\":\"https:\\\/\\\/revolutionpadelstore.com\\\/fr\\\/produit\\\/head-coello-team-2025-3\\\/#primaryimage\"},\"thumbnailUrl\":\"https:\\\/\\\/revolutionpadelstore.com\\\/wp-content\\\/uploads\\\/2025\\\/02\\\/115658-pala-head-coello-team-2025-225035-1500x1500-1.webp\",\"datePublished\":\"2025-02-21T11:53:43+00:00\",\"dateModified\":\"2026-04-08T04:14:13+00:00\",\"description\":\"Descubre la Head Coello Team 2025, la pala de p\u00e1del de Arturo Coello con potencia y precisi\u00f3n en cada golpe. \u00a1C\u00f3mprala ahora en Revolution Padel Store al mejor precio!\",\"breadcrumb\":{\"@id\":\"https:\\\/\\\/revolutionpadelstore.com\\\/fr\\\/produit\\\/head-coello-team-2025-3\\\/#breadcrumb\"},\"inLanguage\":\"fr-FR\",\"potentialAction\":[{\"@type\":\"ReadAction\",\"target\":[\"https:\\\/\\\/revolutionpadelstore.com\\\/fr\\\/produit\\\/head-coello-team-2025-3\\\/\"]}]},{\"@type\":\"ImageObject\",\"inLanguage\":\"fr-FR\",\"@id\":\"https:\\\/\\\/revolutionpadelstore.com\\\/fr\\\/produit\\\/head-coello-team-2025-3\\\/#primaryimage\",\"url\":\"https:\\\/\\\/revolutionpadelstore.com\\\/wp-content\\\/uploads\\\/2025\\\/02\\\/115658-pala-head-coello-team-2025-225035-1500x1500-1.webp\",\"contentUrl\":\"https:\\\/\\\/revolutionpadelstore.com\\\/wp-content\\\/uploads\\\/2025\\\/02\\\/115658-pala-head-coello-team-2025-225035-1500x1500-1.webp\",\"width\":1500,\"height\":1500},{\"@type\":\"BreadcrumbList\",\"@id\":\"https:\\\/\\\/revolutionpadelstore.com\\\/fr\\\/produit\\\/head-coello-team-2025-3\\\/#breadcrumb\",\"itemListElement\":[{\"@type\":\"ListItem\",\"position\":1,\"name\":\"Portada\",\"item\":\"https:\\\/\\\/revolutionpadelstore.com\\\/fr\\\/\"},{\"@type\":\"ListItem\",\"position\":2,\"name\":\"Boutique\",\"item\":\"https:\\\/\\\/revolutionpadelstore.com\\\/fr\\\/tienda\\\/\"},{\"@type\":\"ListItem\",\"position\":3,\"name\":\"HEAD COELLO TEAM 2025\"}]},{\"@type\":\"WebSite\",\"@id\":\"https:\\\/\\\/revolutionpadelstore.com\\\/fr\\\/#website\",\"url\":\"https:\\\/\\\/revolutionpadelstore.com\\\/fr\\\/\",\"name\":\"Revolution Padel Store\",\"description\":\"\",\"publisher\":{\"@id\":\"https:\\\/\\\/revolutionpadelstore.com\\\/fr\\\/#organization\"},\"potentialAction\":[{\"@type\":\"SearchAction\",\"target\":{\"@type\":\"EntryPoint\",\"urlTemplate\":\"https:\\\/\\\/revolutionpadelstore.com\\\/fr\\\/?s={search_term_string}\"},\"query-input\":{\"@type\":\"PropertyValueSpecification\",\"valueRequired\":true,\"valueName\":\"search_term_string\"}}],\"inLanguage\":\"fr-FR\"},{\"@type\":\"Organization\",\"@id\":\"https:\\\/\\\/revolutionpadelstore.com\\\/fr\\\/#organization\",\"name\":\"Revolution Padel Store\",\"url\":\"https:\\\/\\\/revolutionpadelstore.com\\\/fr\\\/\",\"logo\":{\"@type\":\"ImageObject\",\"inLanguage\":\"fr-FR\",\"@id\":\"https:\\\/\\\/revolutionpadelstore.com\\\/fr\\\/#\\\/schema\\\/logo\\\/image\\\/\",\"url\":\"https:\\\/\\\/revolutionpadelstore.com\\\/wp-content\\\/uploads\\\/2026\\\/02\\\/revolution-padel-store.jpg\",\"contentUrl\":\"https:\\\/\\\/revolutionpadelstore.com\\\/wp-content\\\/uploads\\\/2026\\\/02\\\/revolution-padel-store.jpg\",\"width\":2000,\"height\":2000,\"caption\":\"Revolution Padel Store\"},\"image\":{\"@id\":\"https:\\\/\\\/revolutionpadelstore.com\\\/fr\\\/#\\\/schema\\\/logo\\\/image\\\/\"},\"sameAs\":[\"https:\\\/\\\/www.instagram.com\\\/revolutionpadelstore\\\/\"]}]}<\/script>\n<!-- \/ Yoast SEO plugin. -->","yoast_head_json":{"title":"HEAD COELLO TEAM 2025 - Revolution Padel Store","description":"Descubre la Head Coello Team 2025, la pala de p\u00e1del de Arturo Coello con potencia y precisi\u00f3n en cada golpe. \u00a1C\u00f3mprala ahora en Revolution Padel Store al mejor precio!","robots":{"index":"index","follow":"follow","max-snippet":"max-snippet:-1","max-image-preview":"max-image-preview:large","max-video-preview":"max-video-preview:-1"},"canonical":"https:\/\/revolutionpadelstore.com\/fr\/produit\/head-coello-team-2025-3\/","og_locale":"fr_FR","og_type":"article","og_title":"HEAD COELLO TEAM 2025 - Revolution Padel Store","og_description":"Descubre la Head Coello Team 2025, la pala de p\u00e1del de Arturo Coello con potencia y precisi\u00f3n en cada golpe. \u00a1C\u00f3mprala ahora en Revolution Padel Store al mejor precio!","og_url":"https:\/\/revolutionpadelstore.com\/fr\/produit\/head-coello-team-2025-3\/","og_site_name":"Revolution Padel Store","article_modified_time":"2026-04-08T04:14:13+00:00","og_image":[{"width":1500,"height":1500,"url":"https:\/\/revolutionpadelstore.com\/wp-content\/uploads\/2025\/02\/115658-pala-head-coello-team-2025-225035-1500x1500-1.webp","type":"image\/webp"}],"twitter_card":"summary_large_image","twitter_misc":{"Dur\u00e9e de lecture estim\u00e9e":"2 minutes"},"schema":{"@context":"https:\/\/schema.org","@graph":[{"@type":"WebPage","@id":"https:\/\/revolutionpadelstore.com\/fr\/produit\/head-coello-team-2025-3\/","url":"https:\/\/revolutionpadelstore.com\/fr\/produit\/head-coello-team-2025-3\/","name":"HEAD COELLO TEAM 2025 - Revolution Padel Store","isPartOf":{"@id":"https:\/\/revolutionpadelstore.com\/fr\/#website"},"primaryImageOfPage":{"@id":"https:\/\/revolutionpadelstore.com\/fr\/produit\/head-coello-team-2025-3\/#primaryimage"},"image":{"@id":"https:\/\/revolutionpadelstore.com\/fr\/produit\/head-coello-team-2025-3\/#primaryimage"},"thumbnailUrl":"https:\/\/revolutionpadelstore.com\/wp-content\/uploads\/2025\/02\/115658-pala-head-coello-team-2025-225035-1500x1500-1.webp","datePublished":"2025-02-21T11:53:43+00:00","dateModified":"2026-04-08T04:14:13+00:00","description":"Descubre la Head Coello Team 2025, la pala de p\u00e1del de Arturo Coello con potencia y precisi\u00f3n en cada golpe. \u00a1C\u00f3mprala ahora en Revolution Padel Store al mejor precio!","breadcrumb":{"@id":"https:\/\/revolutionpadelstore.com\/fr\/produit\/head-coello-team-2025-3\/#breadcrumb"},"inLanguage":"fr-FR","potentialAction":[{"@type":"ReadAction","target":["https:\/\/revolutionpadelstore.com\/fr\/produit\/head-coello-team-2025-3\/"]}]},{"@type":"ImageObject","inLanguage":"fr-FR","@id":"https:\/\/revolutionpadelstore.com\/fr\/produit\/head-coello-team-2025-3\/#primaryimage","url":"https:\/\/revolutionpadelstore.com\/wp-content\/uploads\/2025\/02\/115658-pala-head-coello-team-2025-225035-1500x1500-1.webp","contentUrl":"https:\/\/revolutionpadelstore.com\/wp-content\/uploads\/2025\/02\/115658-pala-head-coello-team-2025-225035-1500x1500-1.webp","width":1500,"height":1500},{"@type":"BreadcrumbList","@id":"https:\/\/revolutionpadelstore.com\/fr\/produit\/head-coello-team-2025-3\/#breadcrumb","itemListElement":[{"@type":"ListItem","position":1,"name":"Portada","item":"https:\/\/revolutionpadelstore.com\/fr\/"},{"@type":"ListItem","position":2,"name":"Boutique","item":"https:\/\/revolutionpadelstore.com\/fr\/tienda\/"},{"@type":"ListItem","position":3,"name":"HEAD COELLO TEAM 2025"}]},{"@type":"WebSite","@id":"https:\/\/revolutionpadelstore.com\/fr\/#website","url":"https:\/\/revolutionpadelstore.com\/fr\/","name":"Revolution Padel Store","description":"","publisher":{"@id":"https:\/\/revolutionpadelstore.com\/fr\/#organization"},"potentialAction":[{"@type":"SearchAction","target":{"@type":"EntryPoint","urlTemplate":"https:\/\/revolutionpadelstore.com\/fr\/?s={search_term_string}"},"query-input":{"@type":"PropertyValueSpecification","valueRequired":true,"valueName":"search_term_string"}}],"inLanguage":"fr-FR"},{"@type":"Organization","@id":"https:\/\/revolutionpadelstore.com\/fr\/#organization","name":"Revolution Padel Store","url":"https:\/\/revolutionpadelstore.com\/fr\/","logo":{"@type":"ImageObject","inLanguage":"fr-FR","@id":"https:\/\/revolutionpadelstore.com\/fr\/#\/schema\/logo\/image\/","url":"https:\/\/revolutionpadelstore.com\/wp-content\/uploads\/2026\/02\/revolution-padel-store.jpg","contentUrl":"https:\/\/revolutionpadelstore.com\/wp-content\/uploads\/2026\/02\/revolution-padel-store.jpg","width":2000,"height":2000,"caption":"Revolution Padel Store"},"image":{"@id":"https:\/\/revolutionpadelstore.com\/fr\/#\/schema\/logo\/image\/"},"sameAs":["https:\/\/www.instagram.com\/revolutionpadelstore\/"]}]}},"_links":{"self":[{"href":"https:\/\/revolutionpadelstore.com\/fr\/wp-json\/wp\/v2\/product\/181490","targetHints":{"allow":["GET"]}}],"collection":[{"href":"https:\/\/revolutionpadelstore.com\/fr\/wp-json\/wp\/v2\/product"}],"about":[{"href":"https:\/\/revolutionpadelstore.com\/fr\/wp-json\/wp\/v2\/types\/product"}],"replies":[{"embeddable":true,"href":"https:\/\/revolutionpadelstore.com\/fr\/wp-json\/wp\/v2\/comments?post=181490"}],"wp:featuredmedia":[{"embeddable":true,"href":"https:\/\/revolutionpadelstore.com\/fr\/wp-json\/wp\/v2\/media\/181496"}],"wp:attachment":[{"href":"https:\/\/revolutionpadelstore.com\/fr\/wp-json\/wp\/v2\/media?parent=181490"}],"wp:term":[{"taxonomy":"acabado","embeddable":true,"href":"https:\/\/revolutionpadelstore.com\/fr\/wp-json\/wp\/v2\/acabado?post=181490"},{"taxonomy":"balance","embeddable":true,"href":"https:\/\/revolutionpadelstore.com\/fr\/wp-json\/wp\/v2\/balance?post=181490"},{"taxonomy":"dureza","embeddable":true,"href":"https:\/\/revolutionpadelstore.com\/fr\/wp-json\/wp\/v2\/dureza?post=181490"},{"taxonomy":"forma","embeddable":true,"href":"https:\/\/revolutionpadelstore.com\/fr\/wp-json\/wp\/v2\/forma?post=181490"},{"taxonomy":"jugador","embeddable":true,"href":"https:\/\/revolutionpadelstore.com\/fr\/wp-json\/wp\/v2\/jugador?post=181490"},{"taxonomy":"marca","embeddable":true,"href":"https:\/\/revolutionpadelstore.com\/fr\/wp-json\/wp\/v2\/marca?post=181490"},{"taxonomy":"nivel-de-juego","embeddable":true,"href":"https:\/\/revolutionpadelstore.com\/fr\/wp-json\/wp\/v2\/nivel-de-juego?post=181490"},{"taxonomy":"superficie","embeddable":true,"href":"https:\/\/revolutionpadelstore.com\/fr\/wp-json\/wp\/v2\/superficie?post=181490"},{"taxonomy":"tipo-de-juego","embeddable":true,"href":"https:\/\/revolutionpadelstore.com\/fr\/wp-json\/wp\/v2\/tipo-de-juego?post=181490"},{"taxonomy":"product_brand","embeddable":true,"href":"https:\/\/revolutionpadelstore.com\/fr\/wp-json\/wp\/v2\/product_brand?post=181490"},{"taxonomy":"product_cat","embeddable":true,"href":"https:\/\/revolutionpadelstore.com\/fr\/wp-json\/wp\/v2\/product_cat?post=181490"},{"taxonomy":"product_tag","embeddable":true,"href":"https:\/\/revolutionpadelstore.com\/fr\/wp-json\/wp\/v2\/product_tag?post=181490"}],"curies":[{"name":"wp","href":"https:\/\/api.w.org\/{rel}","templated":true}]}}