{"id":181486,"date":"2025-02-15T23:30:20","date_gmt":"2025-02-15T22:30:20","guid":{"rendered":"https:\/\/revolutionpadelstore.com\/paletero-bullpadel-tour-negro-005\/"},"modified":"2026-04-01T04:41:14","modified_gmt":"2026-04-01T02:41:14","slug":"paletero-bullpadel-tour-negro-005-3","status":"publish","type":"product","link":"https:\/\/revolutionpadelstore.com\/fr\/produit\/paletero-bullpadel-tour-negro-005-3\/","title":{"rendered":"PALETERO BULLPADEL TOUR NEGRO 005"},"content":{"rendered":"<p><H2> Paletero Bullpadel BPP-25015 Ressit\u00e9 noire et fonctionnalit\u00e9 pour les joueurs exigeants <\/h2>\n<p>Le <strong> paletero bullpadel BPP-25015 noir <\/strong> est le choix parfait pour ceux qui recherchent la qualit\u00e9, la praticit\u00e9 et un design moderne dans un seul produit. Con\u00e7u avec des mat\u00e9riaux durables et une taille compacte, ce Paletero vous permet de transporter tout ce qui est essentiel pour votre formation et vos comp\u00e9titions avec un confort total et un style.<\/p>\n<h2> Caract\u00e9ristiques principales: <\/h2>\n<p><strong> mat\u00e9riau r\u00e9sistant <\/strong>: fabriqu\u00e9 avec un polyester 600D, connu pour sa durabilit\u00e9 et sa l\u00e9g\u00e8ret\u00e9, id\u00e9ale pour une utilisation quotidienne.<\/p>\n<p><strong> &#8211; Dimensions proches <\/strong>: avec des mesures de 56x29x28 cm, il offre une capacit\u00e9 interm\u00e9diaire qui s&#8217;adapte parfaitement aux besoins de tout joueur.<\/p>\n<p><strong> &#8211; compartiments fonctionnels <\/strong>:<\/p>\n<p>-Mamplio Compartiment principal pour les v\u00eatements de magasin, les serviettes et les accessoires.<\/p>\n<p>-Commer les aliments qui prot\u00e8gent jusqu&#8217;\u00e0 <strong> 2 lames \u00e0 pagaie <\/strong> devant les coups et les rayures.<\/p>\n<p>-Past Access Backbolsillo, parfait pour les objets personnels tels que les mobiles, les cl\u00e9s ou les bouteilles d&#8217;eau.<\/p>\n<p><strong> &#8211; Conception ergonomique <\/strong>: sa structure compacte et confortable facilite le transport et assure une exp\u00e9rience fonctionnelle.<\/p>\n<h2> Avantages cl\u00e9s: <\/h2>\n<p><strong> -Douebilities and Premium Protection <\/strong>: les mat\u00e9riaux de haute qualit\u00e9 garantissent la r\u00e9sistance \u00e0 l&#8217;usure, tandis que le compartiment rembourr\u00e9 prot\u00e8ge vos lames.<\/p>\n<p><strong> -comodity dans chaque utilisation <\/strong>: Con\u00e7u pour offrir un transport confortable gr\u00e2ce \u00e0 sa l\u00e9g\u00e8ret\u00e9 et \u00e0 sa distribution optimale de l&#8217;espace.<\/p>\n<p><strong> -MODERN ET POLUDILE STYLS <\/strong>: Son \u00e9l\u00e9gant ton gris fonc\u00e9 se combine avec n&#8217;importe quel \u00e9quipement, faisant de ce Paletero un compl\u00e9ment indispensable \u00e0 tout joueur.<\/p>\n<p>Avec le <strong> bullpadel BPP-25015 Black Tour <\/strong>, l&#8217;amener votre \u00e9quipe sera plus facile et plus s\u00fbr que jamais. Sa conception fonctionnelle et ses mat\u00e9riaux premium en font la meilleure option pour les joueurs qui recherchent la qualit\u00e9 et la praticit\u00e9.<\/p>\n<p>Disponible maintenant dans <strong> notre boutique en ligne <a href=\"http:\/\/www.revolutionpadelstore.com\/\"> www.revolutionpadelstore.com <\/a> <\/strong>, probablement au meilleur prix du march\u00e9. Obtenez le v\u00f4tre et faites une diff\u00e9rence sur et hors de la piste!<\/p>\n<h2>Paletero Bullpadel BPP-25015 Negro \u2013 Resistencia y funcionalidad para jugadores exigentes<\/h2>\n","protected":false},"excerpt":{"rendered":"<p>Le Bullpadel Paletero BPP25015 en bleu marine est con\u00e7u pour transporter jusqu&#8217;\u00e0 deux palettes de mani\u00e8re confortable et s\u00fbre gr\u00e2ce \u00e0 son compartiment rembourr\u00e9. Fabriqu\u00e9 avec du polyester dans sa composition<\/p>\n","protected":false},"featured_media":170697,"comment_status":"open","ping_status":"closed","template":"","meta":{"_acf_changed":false,"_joinchat":[]},"acabado":[],"balance":[],"dureza":[],"forma":[],"jugador":[],"marca":[1257],"nivel-de-juego":[],"superficie":[],"tipo-de-juego":[],"product_brand":[],"product_cat":[320],"product_tag":[],"class_list":{"0":"post-181486","1":"product","2":"type-product","3":"status-publish","4":"has-post-thumbnail","6":"marca-bullpadel-fr","7":"product_cat-sacs","9":"first","10":"instock","11":"sale","12":"taxable","13":"shipping-taxable","14":"purchasable","15":"product-type-simple"},"acf":[],"yoast_head":"<!-- This site is optimized with the Yoast SEO plugin v27.3 - https:\/\/yoast.com\/product\/yoast-seo-wordpress\/ -->\n<title>PALETERO BULLPADEL TOUR NEGRO 005 - Revolution Padel Store<\/title>\n<meta name=\"description\" content=\"Disponible ahora en\u00a0nuestra tienda online\u00a0www.revolutionpadelstore.com, probablemente al mejor precio del mercado. \u00a1Hazte con el tuyo y marca la diferencia dentro y fuera de la pista!\" \/>\n<meta name=\"robots\" content=\"index, follow, max-snippet:-1, max-image-preview:large, max-video-preview:-1\" \/>\n<link rel=\"canonical\" href=\"https:\/\/revolutionpadelstore.com\/fr\/produit\/paletero-bullpadel-tour-negro-005-3\/\" \/>\n<meta property=\"og:locale\" content=\"fr_FR\" \/>\n<meta property=\"og:type\" content=\"article\" \/>\n<meta property=\"og:title\" content=\"PALETERO BULLPADEL TOUR NEGRO 005 - Revolution Padel Store\" \/>\n<meta property=\"og:description\" content=\"Disponible ahora en\u00a0nuestra tienda online\u00a0www.revolutionpadelstore.com, probablemente al mejor precio del mercado. \u00a1Hazte con el tuyo y marca la diferencia dentro y fuera de la pista!\" \/>\n<meta property=\"og:url\" content=\"https:\/\/revolutionpadelstore.com\/fr\/produit\/paletero-bullpadel-tour-negro-005-3\/\" \/>\n<meta property=\"og:site_name\" content=\"Revolution Padel Store\" \/>\n<meta property=\"article:modified_time\" content=\"2026-04-01T02:41:14+00:00\" \/>\n<meta property=\"og:image\" content=\"https:\/\/revolutionpadelstore.com\/wp-content\/uploads\/2025\/02\/113814-paletero-bullpadel-bpp25015-tour-448157-_1500x1500-2.webp\" \/>\n\t<meta property=\"og:image:width\" content=\"1500\" \/>\n\t<meta property=\"og:image:height\" content=\"1500\" \/>\n\t<meta property=\"og:image:type\" content=\"image\/webp\" \/>\n<meta name=\"twitter:card\" content=\"summary_large_image\" \/>\n<meta name=\"twitter:label1\" content=\"Dur\u00e9e de lecture estim\u00e9e\" \/>\n\t<meta name=\"twitter:data1\" content=\"2 minutes\" \/>\n<script type=\"application\/ld+json\" class=\"yoast-schema-graph\">{\"@context\":\"https:\\\/\\\/schema.org\",\"@graph\":[{\"@type\":\"WebPage\",\"@id\":\"https:\\\/\\\/revolutionpadelstore.com\\\/fr\\\/produit\\\/paletero-bullpadel-tour-negro-005-3\\\/\",\"url\":\"https:\\\/\\\/revolutionpadelstore.com\\\/fr\\\/produit\\\/paletero-bullpadel-tour-negro-005-3\\\/\",\"name\":\"PALETERO BULLPADEL TOUR NEGRO 005 - Revolution Padel Store\",\"isPartOf\":{\"@id\":\"https:\\\/\\\/revolutionpadelstore.com\\\/fr\\\/#website\"},\"primaryImageOfPage\":{\"@id\":\"https:\\\/\\\/revolutionpadelstore.com\\\/fr\\\/produit\\\/paletero-bullpadel-tour-negro-005-3\\\/#primaryimage\"},\"image\":{\"@id\":\"https:\\\/\\\/revolutionpadelstore.com\\\/fr\\\/produit\\\/paletero-bullpadel-tour-negro-005-3\\\/#primaryimage\"},\"thumbnailUrl\":\"https:\\\/\\\/revolutionpadelstore.com\\\/wp-content\\\/uploads\\\/2025\\\/02\\\/113814-paletero-bullpadel-bpp25015-tour-448157-_1500x1500-2.webp\",\"datePublished\":\"2025-02-15T22:30:20+00:00\",\"dateModified\":\"2026-04-01T02:41:14+00:00\",\"description\":\"Disponible ahora en\u00a0nuestra tienda online\u00a0www.revolutionpadelstore.com, probablemente al mejor precio del mercado. \u00a1Hazte con el tuyo y marca la diferencia dentro y fuera de la pista!\",\"breadcrumb\":{\"@id\":\"https:\\\/\\\/revolutionpadelstore.com\\\/fr\\\/produit\\\/paletero-bullpadel-tour-negro-005-3\\\/#breadcrumb\"},\"inLanguage\":\"fr-FR\",\"potentialAction\":[{\"@type\":\"ReadAction\",\"target\":[\"https:\\\/\\\/revolutionpadelstore.com\\\/fr\\\/produit\\\/paletero-bullpadel-tour-negro-005-3\\\/\"]}]},{\"@type\":\"ImageObject\",\"inLanguage\":\"fr-FR\",\"@id\":\"https:\\\/\\\/revolutionpadelstore.com\\\/fr\\\/produit\\\/paletero-bullpadel-tour-negro-005-3\\\/#primaryimage\",\"url\":\"https:\\\/\\\/revolutionpadelstore.com\\\/wp-content\\\/uploads\\\/2025\\\/02\\\/113814-paletero-bullpadel-bpp25015-tour-448157-_1500x1500-2.webp\",\"contentUrl\":\"https:\\\/\\\/revolutionpadelstore.com\\\/wp-content\\\/uploads\\\/2025\\\/02\\\/113814-paletero-bullpadel-bpp25015-tour-448157-_1500x1500-2.webp\",\"width\":1500,\"height\":1500},{\"@type\":\"BreadcrumbList\",\"@id\":\"https:\\\/\\\/revolutionpadelstore.com\\\/fr\\\/produit\\\/paletero-bullpadel-tour-negro-005-3\\\/#breadcrumb\",\"itemListElement\":[{\"@type\":\"ListItem\",\"position\":1,\"name\":\"Portada\",\"item\":\"https:\\\/\\\/revolutionpadelstore.com\\\/fr\\\/\"},{\"@type\":\"ListItem\",\"position\":2,\"name\":\"Boutique\",\"item\":\"https:\\\/\\\/revolutionpadelstore.com\\\/fr\\\/tienda\\\/\"},{\"@type\":\"ListItem\",\"position\":3,\"name\":\"PALETERO BULLPADEL TOUR NEGRO 005\"}]},{\"@type\":\"WebSite\",\"@id\":\"https:\\\/\\\/revolutionpadelstore.com\\\/fr\\\/#website\",\"url\":\"https:\\\/\\\/revolutionpadelstore.com\\\/fr\\\/\",\"name\":\"Revolution Padel Store\",\"description\":\"\",\"publisher\":{\"@id\":\"https:\\\/\\\/revolutionpadelstore.com\\\/fr\\\/#organization\"},\"potentialAction\":[{\"@type\":\"SearchAction\",\"target\":{\"@type\":\"EntryPoint\",\"urlTemplate\":\"https:\\\/\\\/revolutionpadelstore.com\\\/fr\\\/?s={search_term_string}\"},\"query-input\":{\"@type\":\"PropertyValueSpecification\",\"valueRequired\":true,\"valueName\":\"search_term_string\"}}],\"inLanguage\":\"fr-FR\"},{\"@type\":\"Organization\",\"@id\":\"https:\\\/\\\/revolutionpadelstore.com\\\/fr\\\/#organization\",\"name\":\"Revolution Padel Store\",\"url\":\"https:\\\/\\\/revolutionpadelstore.com\\\/fr\\\/\",\"logo\":{\"@type\":\"ImageObject\",\"inLanguage\":\"fr-FR\",\"@id\":\"https:\\\/\\\/revolutionpadelstore.com\\\/fr\\\/#\\\/schema\\\/logo\\\/image\\\/\",\"url\":\"https:\\\/\\\/revolutionpadelstore.com\\\/wp-content\\\/uploads\\\/2026\\\/02\\\/revolution-padel-store.jpg\",\"contentUrl\":\"https:\\\/\\\/revolutionpadelstore.com\\\/wp-content\\\/uploads\\\/2026\\\/02\\\/revolution-padel-store.jpg\",\"width\":2000,\"height\":2000,\"caption\":\"Revolution Padel Store\"},\"image\":{\"@id\":\"https:\\\/\\\/revolutionpadelstore.com\\\/fr\\\/#\\\/schema\\\/logo\\\/image\\\/\"},\"sameAs\":[\"https:\\\/\\\/www.instagram.com\\\/revolutionpadelstore\\\/\"]}]}<\/script>\n<!-- \/ Yoast SEO plugin. -->","yoast_head_json":{"title":"PALETERO BULLPADEL TOUR NEGRO 005 - Revolution Padel Store","description":"Disponible ahora en\u00a0nuestra tienda online\u00a0www.revolutionpadelstore.com, probablemente al mejor precio del mercado. \u00a1Hazte con el tuyo y marca la diferencia dentro y fuera de la pista!","robots":{"index":"index","follow":"follow","max-snippet":"max-snippet:-1","max-image-preview":"max-image-preview:large","max-video-preview":"max-video-preview:-1"},"canonical":"https:\/\/revolutionpadelstore.com\/fr\/produit\/paletero-bullpadel-tour-negro-005-3\/","og_locale":"fr_FR","og_type":"article","og_title":"PALETERO BULLPADEL TOUR NEGRO 005 - Revolution Padel Store","og_description":"Disponible ahora en\u00a0nuestra tienda online\u00a0www.revolutionpadelstore.com, probablemente al mejor precio del mercado. \u00a1Hazte con el tuyo y marca la diferencia dentro y fuera de la pista!","og_url":"https:\/\/revolutionpadelstore.com\/fr\/produit\/paletero-bullpadel-tour-negro-005-3\/","og_site_name":"Revolution Padel Store","article_modified_time":"2026-04-01T02:41:14+00:00","og_image":[{"width":1500,"height":1500,"url":"https:\/\/revolutionpadelstore.com\/wp-content\/uploads\/2025\/02\/113814-paletero-bullpadel-bpp25015-tour-448157-_1500x1500-2.webp","type":"image\/webp"}],"twitter_card":"summary_large_image","twitter_misc":{"Dur\u00e9e de lecture estim\u00e9e":"2 minutes"},"schema":{"@context":"https:\/\/schema.org","@graph":[{"@type":"WebPage","@id":"https:\/\/revolutionpadelstore.com\/fr\/produit\/paletero-bullpadel-tour-negro-005-3\/","url":"https:\/\/revolutionpadelstore.com\/fr\/produit\/paletero-bullpadel-tour-negro-005-3\/","name":"PALETERO BULLPADEL TOUR NEGRO 005 - Revolution Padel Store","isPartOf":{"@id":"https:\/\/revolutionpadelstore.com\/fr\/#website"},"primaryImageOfPage":{"@id":"https:\/\/revolutionpadelstore.com\/fr\/produit\/paletero-bullpadel-tour-negro-005-3\/#primaryimage"},"image":{"@id":"https:\/\/revolutionpadelstore.com\/fr\/produit\/paletero-bullpadel-tour-negro-005-3\/#primaryimage"},"thumbnailUrl":"https:\/\/revolutionpadelstore.com\/wp-content\/uploads\/2025\/02\/113814-paletero-bullpadel-bpp25015-tour-448157-_1500x1500-2.webp","datePublished":"2025-02-15T22:30:20+00:00","dateModified":"2026-04-01T02:41:14+00:00","description":"Disponible ahora en\u00a0nuestra tienda online\u00a0www.revolutionpadelstore.com, probablemente al mejor precio del mercado. \u00a1Hazte con el tuyo y marca la diferencia dentro y fuera de la pista!","breadcrumb":{"@id":"https:\/\/revolutionpadelstore.com\/fr\/produit\/paletero-bullpadel-tour-negro-005-3\/#breadcrumb"},"inLanguage":"fr-FR","potentialAction":[{"@type":"ReadAction","target":["https:\/\/revolutionpadelstore.com\/fr\/produit\/paletero-bullpadel-tour-negro-005-3\/"]}]},{"@type":"ImageObject","inLanguage":"fr-FR","@id":"https:\/\/revolutionpadelstore.com\/fr\/produit\/paletero-bullpadel-tour-negro-005-3\/#primaryimage","url":"https:\/\/revolutionpadelstore.com\/wp-content\/uploads\/2025\/02\/113814-paletero-bullpadel-bpp25015-tour-448157-_1500x1500-2.webp","contentUrl":"https:\/\/revolutionpadelstore.com\/wp-content\/uploads\/2025\/02\/113814-paletero-bullpadel-bpp25015-tour-448157-_1500x1500-2.webp","width":1500,"height":1500},{"@type":"BreadcrumbList","@id":"https:\/\/revolutionpadelstore.com\/fr\/produit\/paletero-bullpadel-tour-negro-005-3\/#breadcrumb","itemListElement":[{"@type":"ListItem","position":1,"name":"Portada","item":"https:\/\/revolutionpadelstore.com\/fr\/"},{"@type":"ListItem","position":2,"name":"Boutique","item":"https:\/\/revolutionpadelstore.com\/fr\/tienda\/"},{"@type":"ListItem","position":3,"name":"PALETERO BULLPADEL TOUR NEGRO 005"}]},{"@type":"WebSite","@id":"https:\/\/revolutionpadelstore.com\/fr\/#website","url":"https:\/\/revolutionpadelstore.com\/fr\/","name":"Revolution Padel Store","description":"","publisher":{"@id":"https:\/\/revolutionpadelstore.com\/fr\/#organization"},"potentialAction":[{"@type":"SearchAction","target":{"@type":"EntryPoint","urlTemplate":"https:\/\/revolutionpadelstore.com\/fr\/?s={search_term_string}"},"query-input":{"@type":"PropertyValueSpecification","valueRequired":true,"valueName":"search_term_string"}}],"inLanguage":"fr-FR"},{"@type":"Organization","@id":"https:\/\/revolutionpadelstore.com\/fr\/#organization","name":"Revolution Padel Store","url":"https:\/\/revolutionpadelstore.com\/fr\/","logo":{"@type":"ImageObject","inLanguage":"fr-FR","@id":"https:\/\/revolutionpadelstore.com\/fr\/#\/schema\/logo\/image\/","url":"https:\/\/revolutionpadelstore.com\/wp-content\/uploads\/2026\/02\/revolution-padel-store.jpg","contentUrl":"https:\/\/revolutionpadelstore.com\/wp-content\/uploads\/2026\/02\/revolution-padel-store.jpg","width":2000,"height":2000,"caption":"Revolution Padel Store"},"image":{"@id":"https:\/\/revolutionpadelstore.com\/fr\/#\/schema\/logo\/image\/"},"sameAs":["https:\/\/www.instagram.com\/revolutionpadelstore\/"]}]}},"_links":{"self":[{"href":"https:\/\/revolutionpadelstore.com\/fr\/wp-json\/wp\/v2\/product\/181486","targetHints":{"allow":["GET"]}}],"collection":[{"href":"https:\/\/revolutionpadelstore.com\/fr\/wp-json\/wp\/v2\/product"}],"about":[{"href":"https:\/\/revolutionpadelstore.com\/fr\/wp-json\/wp\/v2\/types\/product"}],"replies":[{"embeddable":true,"href":"https:\/\/revolutionpadelstore.com\/fr\/wp-json\/wp\/v2\/comments?post=181486"}],"wp:featuredmedia":[{"embeddable":true,"href":"https:\/\/revolutionpadelstore.com\/fr\/wp-json\/wp\/v2\/media\/170697"}],"wp:attachment":[{"href":"https:\/\/revolutionpadelstore.com\/fr\/wp-json\/wp\/v2\/media?parent=181486"}],"wp:term":[{"taxonomy":"acabado","embeddable":true,"href":"https:\/\/revolutionpadelstore.com\/fr\/wp-json\/wp\/v2\/acabado?post=181486"},{"taxonomy":"balance","embeddable":true,"href":"https:\/\/revolutionpadelstore.com\/fr\/wp-json\/wp\/v2\/balance?post=181486"},{"taxonomy":"dureza","embeddable":true,"href":"https:\/\/revolutionpadelstore.com\/fr\/wp-json\/wp\/v2\/dureza?post=181486"},{"taxonomy":"forma","embeddable":true,"href":"https:\/\/revolutionpadelstore.com\/fr\/wp-json\/wp\/v2\/forma?post=181486"},{"taxonomy":"jugador","embeddable":true,"href":"https:\/\/revolutionpadelstore.com\/fr\/wp-json\/wp\/v2\/jugador?post=181486"},{"taxonomy":"marca","embeddable":true,"href":"https:\/\/revolutionpadelstore.com\/fr\/wp-json\/wp\/v2\/marca?post=181486"},{"taxonomy":"nivel-de-juego","embeddable":true,"href":"https:\/\/revolutionpadelstore.com\/fr\/wp-json\/wp\/v2\/nivel-de-juego?post=181486"},{"taxonomy":"superficie","embeddable":true,"href":"https:\/\/revolutionpadelstore.com\/fr\/wp-json\/wp\/v2\/superficie?post=181486"},{"taxonomy":"tipo-de-juego","embeddable":true,"href":"https:\/\/revolutionpadelstore.com\/fr\/wp-json\/wp\/v2\/tipo-de-juego?post=181486"},{"taxonomy":"product_brand","embeddable":true,"href":"https:\/\/revolutionpadelstore.com\/fr\/wp-json\/wp\/v2\/product_brand?post=181486"},{"taxonomy":"product_cat","embeddable":true,"href":"https:\/\/revolutionpadelstore.com\/fr\/wp-json\/wp\/v2\/product_cat?post=181486"},{"taxonomy":"product_tag","embeddable":true,"href":"https:\/\/revolutionpadelstore.com\/fr\/wp-json\/wp\/v2\/product_tag?post=181486"}],"curies":[{"name":"wp","href":"https:\/\/api.w.org\/{rel}","templated":true}]}}