{"id":18080,"date":"2024-04-22T15:23:09","date_gmt":"2024-04-22T13:23:09","guid":{"rendered":"https:\/\/revolutionpadelstore.com\/zapatillas-head-sprint-pro-3-5-clay-gris-amarillo\/"},"modified":"2026-04-08T13:17:35","modified_gmt":"2026-04-08T11:17:35","slug":"zapatillas-head-sprint-pro-3-5-clay-gris-amarillo-3","status":"publish","type":"product","link":"https:\/\/revolutionpadelstore.com\/fr\/produit\/zapatillas-head-sprint-pro-3-5-clay-gris-amarillo-3\/","title":{"rendered":"Zapatillas Head Sprint Pro 3.5 Clay Gris Amarillo"},"content":{"rendered":"<p>Chez Revolution Padel Store, vous trouverez les meilleures chaussures pour les joueurs offensifs de tournois \u00e0 la recherche de vitesse sur les courts. Et parmi elles, les chaussures Head Sprint Pro 3.5 Clay Gris Jaune se d\u00e9marquent, avec des performances ultra l\u00e9g\u00e8res et un confort respirant et ultra moderne qui vous donneront l&#8217;impression de voler sur le terrain.<\/p>\n<p> Ces chaussures sont con\u00e7ues avec un nouveau tissu en maille et un mat\u00e9riau de languette am\u00e9lior\u00e9, garantissant un confort l\u00e9ger et une respirabilit\u00e9 optimale. De plus, son syst\u00e8me de refroidissement vous gardera au frais et au sec tout au long du jeu. La mise \u00e0 jour du mod\u00e8le comprend \u00e9galement un nouveau contrefort de talon en polyur\u00e9thane thermoplastique et un design renouvel\u00e9 qui lui conf\u00e8re un style contemporain.<\/p>\n<p> La semelle \u00e0 chevrons exclusive \u00e0 la terre battue assure une adh\u00e9rence optimale \u00e0 chaque mouvement, tandis que la construction demi-chaussette et la bride en dentelle triangulaire vous offrent un ajustement parfait et une plus grande stabilit\u00e9. Et pour plus de confort et de protection, ces chaussures sont dot\u00e9es d&#8217;un embout en caoutchouc et d&#8217;une tige anti-torsion tridimensionnelle et ventil\u00e9e.<\/p>\n<p> Chez Revolution Padel Store, nous souhaitons vous offrir le meilleur, c&#8217;est pourquoi nos chaussures Head Sprint Pro 3.5 Clay sont fabriqu\u00e9es avec une tige en maille tricot\u00e9e l\u00e9g\u00e8re et une semelle interm\u00e9diaire \u00e0 profil bas avec trois densit\u00e9s d&#8217;EVA et une chute minimale entre les orteils et les orteils. .perle.<\/p>\n<p> N&#8217;attendez plus et procurez-vous d\u00e8s maintenant vos chaussures Head Sprint Pro 3.5 Clay dans le Revolution Padel Store, o\u00f9 vous trouverez les derni\u00e8res technologies en mati\u00e8re de chaussures de sport et un service de livraison et de retour impeccable. Osez tout donner sur le terrain avec les meilleures chaussures de padel du march\u00e9 !<\/p>\n","protected":false},"excerpt":{"rendered":"<p>D\u00e9couvrez les chaussures Head Sprint Pro 3.5 Clay Grey Yellow chez Revolution Padel Store. Performance, l\u00e9g\u00e8ret\u00e9 et style dans une seule chaussure.<\/p>\n","protected":false},"featured_media":5302,"comment_status":"closed","ping_status":"open","template":"","meta":{"_acf_changed":false,"_joinchat":[]},"acabado":[],"balance":[],"dureza":[],"forma":[],"jugador":[1192],"marca":[1222],"nivel-de-juego":[1337,1342],"superficie":[],"tipo-de-juego":[],"product_brand":[],"product_cat":[407],"product_tag":[],"class_list":{"0":"post-18080","1":"product","2":"type-product","3":"status-publish","4":"has-post-thumbnail","6":"jugador-homme","7":"marca-tete","8":"product_cat-sneakers-pour-hommes","10":"first","11":"outofstock","12":"sale","13":"taxable","14":"shipping-taxable","15":"purchasable","16":"product-type-variable"},"acf":[],"yoast_head":"<!-- This site is optimized with the Yoast SEO plugin v27.4 - https:\/\/yoast.com\/product\/yoast-seo-wordpress\/ -->\n<title>Zapatillas Head Sprint Pro 3.5 Clay Gris Amarillo - Revolution Padel Store<\/title>\n<meta name=\"description\" content=\"Descubre las zapatillas Head Sprint Pro 3.5 Clay Gris Amarillo en Revolution Padel Store. Rendimiento, ligereza y estilo en un solo calzado.\" \/>\n<meta name=\"robots\" content=\"index, follow, max-snippet:-1, max-image-preview:large, max-video-preview:-1\" \/>\n<link rel=\"canonical\" href=\"https:\/\/revolutionpadelstore.com\/fr\/produit\/zapatillas-head-sprint-pro-3-5-clay-gris-amarillo-3\/\" \/>\n<meta property=\"og:locale\" content=\"fr_FR\" \/>\n<meta property=\"og:type\" content=\"article\" \/>\n<meta property=\"og:title\" content=\"Zapatillas Head Sprint Pro 3.5 Clay Gris Amarillo - Revolution Padel Store\" \/>\n<meta property=\"og:description\" content=\"Descubre las zapatillas Head Sprint Pro 3.5 Clay Gris Amarillo en Revolution Padel Store. Rendimiento, ligereza y estilo en un solo calzado.\" \/>\n<meta property=\"og:url\" content=\"https:\/\/revolutionpadelstore.com\/fr\/produit\/zapatillas-head-sprint-pro-3-5-clay-gris-amarillo-3\/\" \/>\n<meta property=\"og:site_name\" content=\"Revolution Padel Store\" \/>\n<meta property=\"article:modified_time\" content=\"2026-04-08T11:17:35+00:00\" \/>\n<meta property=\"og:image\" content=\"https:\/\/revolutionpadelstore.com\/wp-content\/uploads\/2024\/04\/14177-1-4.jpg\" \/>\n\t<meta property=\"og:image:width\" content=\"800\" \/>\n\t<meta property=\"og:image:height\" content=\"800\" \/>\n\t<meta property=\"og:image:type\" content=\"image\/png\" \/>\n<meta name=\"twitter:card\" content=\"summary_large_image\" \/>\n<meta name=\"twitter:label1\" content=\"Dur\u00e9e de lecture estim\u00e9e\" \/>\n\t<meta name=\"twitter:data1\" content=\"2 minutes\" \/>\n<script type=\"application\/ld+json\" class=\"yoast-schema-graph\">{\"@context\":\"https:\\\/\\\/schema.org\",\"@graph\":[{\"@type\":\"WebPage\",\"@id\":\"https:\\\/\\\/revolutionpadelstore.com\\\/fr\\\/produit\\\/zapatillas-head-sprint-pro-3-5-clay-gris-amarillo-3\\\/\",\"url\":\"https:\\\/\\\/revolutionpadelstore.com\\\/fr\\\/produit\\\/zapatillas-head-sprint-pro-3-5-clay-gris-amarillo-3\\\/\",\"name\":\"Zapatillas Head Sprint Pro 3.5 Clay Gris Amarillo - Revolution Padel Store\",\"isPartOf\":{\"@id\":\"https:\\\/\\\/revolutionpadelstore.com\\\/fr\\\/#website\"},\"primaryImageOfPage\":{\"@id\":\"https:\\\/\\\/revolutionpadelstore.com\\\/fr\\\/produit\\\/zapatillas-head-sprint-pro-3-5-clay-gris-amarillo-3\\\/#primaryimage\"},\"image\":{\"@id\":\"https:\\\/\\\/revolutionpadelstore.com\\\/fr\\\/produit\\\/zapatillas-head-sprint-pro-3-5-clay-gris-amarillo-3\\\/#primaryimage\"},\"thumbnailUrl\":\"https:\\\/\\\/revolutionpadelstore.com\\\/wp-content\\\/uploads\\\/2024\\\/04\\\/14177-1-4.jpg\",\"datePublished\":\"2024-04-22T13:23:09+00:00\",\"dateModified\":\"2026-04-08T11:17:35+00:00\",\"description\":\"Descubre las zapatillas Head Sprint Pro 3.5 Clay Gris Amarillo en Revolution Padel Store. Rendimiento, ligereza y estilo en un solo calzado.\",\"breadcrumb\":{\"@id\":\"https:\\\/\\\/revolutionpadelstore.com\\\/fr\\\/produit\\\/zapatillas-head-sprint-pro-3-5-clay-gris-amarillo-3\\\/#breadcrumb\"},\"inLanguage\":\"fr-FR\",\"potentialAction\":[{\"@type\":\"ReadAction\",\"target\":[\"https:\\\/\\\/revolutionpadelstore.com\\\/fr\\\/produit\\\/zapatillas-head-sprint-pro-3-5-clay-gris-amarillo-3\\\/\"]}]},{\"@type\":\"ImageObject\",\"inLanguage\":\"fr-FR\",\"@id\":\"https:\\\/\\\/revolutionpadelstore.com\\\/fr\\\/produit\\\/zapatillas-head-sprint-pro-3-5-clay-gris-amarillo-3\\\/#primaryimage\",\"url\":\"https:\\\/\\\/revolutionpadelstore.com\\\/wp-content\\\/uploads\\\/2024\\\/04\\\/14177-1-4.jpg\",\"contentUrl\":\"https:\\\/\\\/revolutionpadelstore.com\\\/wp-content\\\/uploads\\\/2024\\\/04\\\/14177-1-4.jpg\",\"width\":800,\"height\":800},{\"@type\":\"BreadcrumbList\",\"@id\":\"https:\\\/\\\/revolutionpadelstore.com\\\/fr\\\/produit\\\/zapatillas-head-sprint-pro-3-5-clay-gris-amarillo-3\\\/#breadcrumb\",\"itemListElement\":[{\"@type\":\"ListItem\",\"position\":1,\"name\":\"Portada\",\"item\":\"https:\\\/\\\/revolutionpadelstore.com\\\/fr\\\/\"},{\"@type\":\"ListItem\",\"position\":2,\"name\":\"Boutique\",\"item\":\"https:\\\/\\\/revolutionpadelstore.com\\\/fr\\\/tienda\\\/\"},{\"@type\":\"ListItem\",\"position\":3,\"name\":\"Zapatillas Head Sprint Pro 3.5 Clay Gris Amarillo\"}]},{\"@type\":\"WebSite\",\"@id\":\"https:\\\/\\\/revolutionpadelstore.com\\\/fr\\\/#website\",\"url\":\"https:\\\/\\\/revolutionpadelstore.com\\\/fr\\\/\",\"name\":\"Revolution Padel Store\",\"description\":\"\",\"publisher\":{\"@id\":\"https:\\\/\\\/revolutionpadelstore.com\\\/fr\\\/#organization\"},\"potentialAction\":[{\"@type\":\"SearchAction\",\"target\":{\"@type\":\"EntryPoint\",\"urlTemplate\":\"https:\\\/\\\/revolutionpadelstore.com\\\/fr\\\/?s={search_term_string}\"},\"query-input\":{\"@type\":\"PropertyValueSpecification\",\"valueRequired\":true,\"valueName\":\"search_term_string\"}}],\"inLanguage\":\"fr-FR\"},{\"@type\":\"Organization\",\"@id\":\"https:\\\/\\\/revolutionpadelstore.com\\\/fr\\\/#organization\",\"name\":\"Revolution Padel Store\",\"url\":\"https:\\\/\\\/revolutionpadelstore.com\\\/fr\\\/\",\"logo\":{\"@type\":\"ImageObject\",\"inLanguage\":\"fr-FR\",\"@id\":\"https:\\\/\\\/revolutionpadelstore.com\\\/fr\\\/#\\\/schema\\\/logo\\\/image\\\/\",\"url\":\"https:\\\/\\\/revolutionpadelstore.com\\\/wp-content\\\/uploads\\\/2026\\\/02\\\/revolution-padel-store.jpg\",\"contentUrl\":\"https:\\\/\\\/revolutionpadelstore.com\\\/wp-content\\\/uploads\\\/2026\\\/02\\\/revolution-padel-store.jpg\",\"width\":2000,\"height\":2000,\"caption\":\"Revolution Padel Store\"},\"image\":{\"@id\":\"https:\\\/\\\/revolutionpadelstore.com\\\/fr\\\/#\\\/schema\\\/logo\\\/image\\\/\"},\"sameAs\":[\"https:\\\/\\\/www.instagram.com\\\/revolutionpadelstore\\\/\"]}]}<\/script>\n<!-- \/ Yoast SEO plugin. -->","yoast_head_json":{"title":"Zapatillas Head Sprint Pro 3.5 Clay Gris Amarillo - Revolution Padel Store","description":"Descubre las zapatillas Head Sprint Pro 3.5 Clay Gris Amarillo en Revolution Padel Store. Rendimiento, ligereza y estilo en un solo calzado.","robots":{"index":"index","follow":"follow","max-snippet":"max-snippet:-1","max-image-preview":"max-image-preview:large","max-video-preview":"max-video-preview:-1"},"canonical":"https:\/\/revolutionpadelstore.com\/fr\/produit\/zapatillas-head-sprint-pro-3-5-clay-gris-amarillo-3\/","og_locale":"fr_FR","og_type":"article","og_title":"Zapatillas Head Sprint Pro 3.5 Clay Gris Amarillo - Revolution Padel Store","og_description":"Descubre las zapatillas Head Sprint Pro 3.5 Clay Gris Amarillo en Revolution Padel Store. Rendimiento, ligereza y estilo en un solo calzado.","og_url":"https:\/\/revolutionpadelstore.com\/fr\/produit\/zapatillas-head-sprint-pro-3-5-clay-gris-amarillo-3\/","og_site_name":"Revolution Padel Store","article_modified_time":"2026-04-08T11:17:35+00:00","og_image":[{"width":800,"height":800,"url":"https:\/\/revolutionpadelstore.com\/wp-content\/uploads\/2024\/04\/14177-1-4.jpg","type":"image\/png"}],"twitter_card":"summary_large_image","twitter_misc":{"Dur\u00e9e de lecture estim\u00e9e":"2 minutes"},"schema":{"@context":"https:\/\/schema.org","@graph":[{"@type":"WebPage","@id":"https:\/\/revolutionpadelstore.com\/fr\/produit\/zapatillas-head-sprint-pro-3-5-clay-gris-amarillo-3\/","url":"https:\/\/revolutionpadelstore.com\/fr\/produit\/zapatillas-head-sprint-pro-3-5-clay-gris-amarillo-3\/","name":"Zapatillas Head Sprint Pro 3.5 Clay Gris Amarillo - Revolution Padel Store","isPartOf":{"@id":"https:\/\/revolutionpadelstore.com\/fr\/#website"},"primaryImageOfPage":{"@id":"https:\/\/revolutionpadelstore.com\/fr\/produit\/zapatillas-head-sprint-pro-3-5-clay-gris-amarillo-3\/#primaryimage"},"image":{"@id":"https:\/\/revolutionpadelstore.com\/fr\/produit\/zapatillas-head-sprint-pro-3-5-clay-gris-amarillo-3\/#primaryimage"},"thumbnailUrl":"https:\/\/revolutionpadelstore.com\/wp-content\/uploads\/2024\/04\/14177-1-4.jpg","datePublished":"2024-04-22T13:23:09+00:00","dateModified":"2026-04-08T11:17:35+00:00","description":"Descubre las zapatillas Head Sprint Pro 3.5 Clay Gris Amarillo en Revolution Padel Store. Rendimiento, ligereza y estilo en un solo calzado.","breadcrumb":{"@id":"https:\/\/revolutionpadelstore.com\/fr\/produit\/zapatillas-head-sprint-pro-3-5-clay-gris-amarillo-3\/#breadcrumb"},"inLanguage":"fr-FR","potentialAction":[{"@type":"ReadAction","target":["https:\/\/revolutionpadelstore.com\/fr\/produit\/zapatillas-head-sprint-pro-3-5-clay-gris-amarillo-3\/"]}]},{"@type":"ImageObject","inLanguage":"fr-FR","@id":"https:\/\/revolutionpadelstore.com\/fr\/produit\/zapatillas-head-sprint-pro-3-5-clay-gris-amarillo-3\/#primaryimage","url":"https:\/\/revolutionpadelstore.com\/wp-content\/uploads\/2024\/04\/14177-1-4.jpg","contentUrl":"https:\/\/revolutionpadelstore.com\/wp-content\/uploads\/2024\/04\/14177-1-4.jpg","width":800,"height":800},{"@type":"BreadcrumbList","@id":"https:\/\/revolutionpadelstore.com\/fr\/produit\/zapatillas-head-sprint-pro-3-5-clay-gris-amarillo-3\/#breadcrumb","itemListElement":[{"@type":"ListItem","position":1,"name":"Portada","item":"https:\/\/revolutionpadelstore.com\/fr\/"},{"@type":"ListItem","position":2,"name":"Boutique","item":"https:\/\/revolutionpadelstore.com\/fr\/tienda\/"},{"@type":"ListItem","position":3,"name":"Zapatillas Head Sprint Pro 3.5 Clay Gris Amarillo"}]},{"@type":"WebSite","@id":"https:\/\/revolutionpadelstore.com\/fr\/#website","url":"https:\/\/revolutionpadelstore.com\/fr\/","name":"Revolution Padel Store","description":"","publisher":{"@id":"https:\/\/revolutionpadelstore.com\/fr\/#organization"},"potentialAction":[{"@type":"SearchAction","target":{"@type":"EntryPoint","urlTemplate":"https:\/\/revolutionpadelstore.com\/fr\/?s={search_term_string}"},"query-input":{"@type":"PropertyValueSpecification","valueRequired":true,"valueName":"search_term_string"}}],"inLanguage":"fr-FR"},{"@type":"Organization","@id":"https:\/\/revolutionpadelstore.com\/fr\/#organization","name":"Revolution Padel Store","url":"https:\/\/revolutionpadelstore.com\/fr\/","logo":{"@type":"ImageObject","inLanguage":"fr-FR","@id":"https:\/\/revolutionpadelstore.com\/fr\/#\/schema\/logo\/image\/","url":"https:\/\/revolutionpadelstore.com\/wp-content\/uploads\/2026\/02\/revolution-padel-store.jpg","contentUrl":"https:\/\/revolutionpadelstore.com\/wp-content\/uploads\/2026\/02\/revolution-padel-store.jpg","width":2000,"height":2000,"caption":"Revolution Padel Store"},"image":{"@id":"https:\/\/revolutionpadelstore.com\/fr\/#\/schema\/logo\/image\/"},"sameAs":["https:\/\/www.instagram.com\/revolutionpadelstore\/"]}]}},"_links":{"self":[{"href":"https:\/\/revolutionpadelstore.com\/fr\/wp-json\/wp\/v2\/product\/18080","targetHints":{"allow":["GET"]}}],"collection":[{"href":"https:\/\/revolutionpadelstore.com\/fr\/wp-json\/wp\/v2\/product"}],"about":[{"href":"https:\/\/revolutionpadelstore.com\/fr\/wp-json\/wp\/v2\/types\/product"}],"replies":[{"embeddable":true,"href":"https:\/\/revolutionpadelstore.com\/fr\/wp-json\/wp\/v2\/comments?post=18080"}],"wp:featuredmedia":[{"embeddable":true,"href":"https:\/\/revolutionpadelstore.com\/fr\/wp-json\/wp\/v2\/media\/5302"}],"wp:attachment":[{"href":"https:\/\/revolutionpadelstore.com\/fr\/wp-json\/wp\/v2\/media?parent=18080"}],"wp:term":[{"taxonomy":"acabado","embeddable":true,"href":"https:\/\/revolutionpadelstore.com\/fr\/wp-json\/wp\/v2\/acabado?post=18080"},{"taxonomy":"balance","embeddable":true,"href":"https:\/\/revolutionpadelstore.com\/fr\/wp-json\/wp\/v2\/balance?post=18080"},{"taxonomy":"dureza","embeddable":true,"href":"https:\/\/revolutionpadelstore.com\/fr\/wp-json\/wp\/v2\/dureza?post=18080"},{"taxonomy":"forma","embeddable":true,"href":"https:\/\/revolutionpadelstore.com\/fr\/wp-json\/wp\/v2\/forma?post=18080"},{"taxonomy":"jugador","embeddable":true,"href":"https:\/\/revolutionpadelstore.com\/fr\/wp-json\/wp\/v2\/jugador?post=18080"},{"taxonomy":"marca","embeddable":true,"href":"https:\/\/revolutionpadelstore.com\/fr\/wp-json\/wp\/v2\/marca?post=18080"},{"taxonomy":"nivel-de-juego","embeddable":true,"href":"https:\/\/revolutionpadelstore.com\/fr\/wp-json\/wp\/v2\/nivel-de-juego?post=18080"},{"taxonomy":"superficie","embeddable":true,"href":"https:\/\/revolutionpadelstore.com\/fr\/wp-json\/wp\/v2\/superficie?post=18080"},{"taxonomy":"tipo-de-juego","embeddable":true,"href":"https:\/\/revolutionpadelstore.com\/fr\/wp-json\/wp\/v2\/tipo-de-juego?post=18080"},{"taxonomy":"product_brand","embeddable":true,"href":"https:\/\/revolutionpadelstore.com\/fr\/wp-json\/wp\/v2\/product_brand?post=18080"},{"taxonomy":"product_cat","embeddable":true,"href":"https:\/\/revolutionpadelstore.com\/fr\/wp-json\/wp\/v2\/product_cat?post=18080"},{"taxonomy":"product_tag","embeddable":true,"href":"https:\/\/revolutionpadelstore.com\/fr\/wp-json\/wp\/v2\/product_tag?post=18080"}],"curies":[{"name":"wp","href":"https:\/\/api.w.org\/{rel}","templated":true}]}}