{"id":179702,"date":"2025-02-18T23:00:46","date_gmt":"2025-02-18T22:00:46","guid":{"rendered":"https:\/\/revolutionpadelstore.com\/bullpadel-next-w-25v-blanco\/"},"modified":"2026-04-08T07:05:16","modified_gmt":"2026-04-08T05:05:16","slug":"bullpadel-next-w-25v-blanco-3","status":"publish","type":"product","link":"https:\/\/revolutionpadelstore.com\/fr\/produit\/bullpadel-next-w-25v-blanco-3\/","title":{"rendered":"BULLPADEL NEXT W 25V BLANCO"},"content":{"rendered":"<h2> <strong> Bullpadel Suivant W 25V White femme &#8211; Stabilit\u00e9 et confort sur la piste <\/strong> <\/h2>\n<p>Le <strong> bullpadel Next W 25V White Women <\/strong> est la chaussure parfaite pour les joueurs \u00e0 la recherche de stabilit\u00e9 <strong>, de confort et d&#8217;une poign\u00e9e exceptionnelle <\/strong> sur la piste. Con\u00e7u sous la ligne &lt;stablab , ce mod\u00e8le int\u00e8gre des technologies avanc\u00e9es pour garantir des performances optimales dans chaque mouvement.<\/p>\n<h2> <strong> Technologie et performances pour les joueurs exigeants <\/strong> <\/h2>\n<p style=\"padding-left: 40px\"> &#8211; Semelle mixte avec le syst\u00e8me Rotox: offre une adh\u00e9rence plus \u00e9lev\u00e9e sur les pistes d&#8217;herbe synth\u00e9tiques, m\u00eame celles avec peu de sable, facilitant les virages rapides et les mouvements agiles.<br \/>\n<P style=\"padding-left: 40px\"> &#8211; stabilit\u00e9 maximale avec arc de support et stabiliab: l&#8217;arc de support, un renforcement TPU dans l&#8217;arc du pied, combin\u00e9 \u00e0 un volet ext\u00e9rieur, offre une bande de roulement plus ferme et une bande de roulement ferme et Contr\u00f4le total total dans chaque d\u00e9placement.<br \/>\n<P style=\"padding-left: 40px\"> &#8211; Confort et protection: sa semelle moyenne \u00e0 haute densit\u00e9 absorbe les impacts, r\u00e9duisant la fatigue et am\u00e9liorant la protection \u00e0 chaque point du jeu.<\/p>\n<p style=\"padding-left: 40px\"> &#8211; respirabilit\u00e9 sup\u00e9rieure avec une respiration sup\u00e9rieure: conception qui permet une ventilation optimale, en gardant les pieds frais m\u00eame dans les jeux les plus intenses.<br \/>\n<P> &#8211; Sole hybride \u00e0 360 \u00b0 avec Flex Rift: assure une excellente traction et durabilit\u00e9, id\u00e9ale pour les joueurs \u00e0 la recherche de stabilit\u00e9 et de flexibilit\u00e9 sur la piste.<\/p>\n<h2> <strong> Qui est le bullpadel Next W 25V White Woman?<br \/>\nCe mod\u00e8le est con\u00e7u pour les joueurs de niveau interm\u00e9diaire <strong> <\/strong> \u00e0 la recherche de chaussures l\u00e9g\u00e8res, flexibles et respirantes, sans compromettre les performances ou la stabilit\u00e9.<br \/>\n<P style=\"padding-left: 40px\"> &#8211; chaussure avec semelle mixte et point de rotation pour plus de contr\u00f4le.<br \/>\n-While plus large pour une plus grande surface de contact dans l&#8217;empreinte.<br \/>\n-Crenage ergonomique et l\u00e9ger, id\u00e9al pour les longues s\u00e9ances de jeu.<br \/>\n<strong> Obtenez le v\u00f4tre maintenant! href = &#8220;https:\/\/chatgpt.com\/g\/g-675432e026888191b6ee6d6f2fdbb15e-optimisation-textos\/c\/www.revolutionpadelstore.com&#8221; March\u00e9 <\/strong>.<\/p>\n<h2><strong>Bullpadel Next W 25V Blanco Mujer \u2013 Estabilidad y Comodidad en la Pista<\/strong><\/p>\n","protected":false},"excerpt":{"rendered":"<p>Bullpadel Next W 25V Bullpadel pour les femmes en blanc, con\u00e7u avec la technologie Stabalab pour offrir une plus grande stabilit\u00e9, un soutien optimal dans le pied du pied et une excellente traction sur les surfaces de gazon synth\u00e9tiques.<\/p>\n","protected":false},"featured_media":173119,"comment_status":"open","ping_status":"closed","template":"","meta":{"_acf_changed":false,"_joinchat":[]},"acabado":[],"balance":[],"dureza":[],"forma":[],"jugador":[1197],"marca":[1257],"nivel-de-juego":[],"superficie":[],"tipo-de-juego":[],"product_brand":[],"product_cat":[830],"product_tag":[],"class_list":{"0":"post-179702","1":"product","2":"type-product","3":"status-publish","4":"has-post-thumbnail","6":"jugador-mujer-fr","7":"marca-bullpadel-fr","8":"product_cat-baskets","10":"first","11":"outofstock","12":"sale","13":"taxable","14":"shipping-taxable","15":"purchasable","16":"product-type-variable"},"acf":[],"yoast_head":"<!-- This site is optimized with the Yoast SEO plugin v27.4 - https:\/\/yoast.com\/product\/yoast-seo-wordpress\/ -->\n<title>BULLPADEL NEXT W 25V BLANCO - Revolution Padel Store<\/title>\n<meta name=\"description\" content=\"Compra las Bullpadel Next W 25V Blanco Mujer con suela mixta, gran estabilidad y transpirabilidad. Perfectas para jugadoras intermedias. \u00a1Entra en www.revolutionpadelstore.com y consigue las tuyas al mejor precio!\" \/>\n<meta name=\"robots\" content=\"index, follow, max-snippet:-1, max-image-preview:large, max-video-preview:-1\" \/>\n<link rel=\"canonical\" href=\"https:\/\/revolutionpadelstore.com\/fr\/produit\/bullpadel-next-w-25v-blanco-3\/\" \/>\n<meta property=\"og:locale\" content=\"fr_FR\" \/>\n<meta property=\"og:type\" content=\"article\" \/>\n<meta property=\"og:title\" content=\"BULLPADEL NEXT W 25V BLANCO - Revolution Padel Store\" \/>\n<meta property=\"og:description\" content=\"Compra las Bullpadel Next W 25V Blanco Mujer con suela mixta, gran estabilidad y transpirabilidad. Perfectas para jugadoras intermedias. \u00a1Entra en www.revolutionpadelstore.com y consigue las tuyas al mejor precio!\" \/>\n<meta property=\"og:url\" content=\"https:\/\/revolutionpadelstore.com\/fr\/produit\/bullpadel-next-w-25v-blanco-3\/\" \/>\n<meta property=\"og:site_name\" content=\"Revolution Padel Store\" \/>\n<meta property=\"article:modified_time\" content=\"2026-04-08T05:05:16+00:00\" \/>\n<meta property=\"og:image\" content=\"https:\/\/revolutionpadelstore.com\/wp-content\/uploads\/2025\/02\/114340-zapatillas-bullpadel-next-w-25v-mujer-cm61012000-blanco-1200x1200-1.webp\" \/>\n\t<meta property=\"og:image:width\" content=\"1200\" \/>\n\t<meta property=\"og:image:height\" content=\"1200\" \/>\n\t<meta property=\"og:image:type\" content=\"image\/webp\" \/>\n<meta name=\"twitter:card\" content=\"summary_large_image\" \/>\n<meta name=\"twitter:label1\" content=\"Dur\u00e9e de lecture estim\u00e9e\" \/>\n\t<meta name=\"twitter:data1\" content=\"2 minutes\" \/>\n<script type=\"application\/ld+json\" class=\"yoast-schema-graph\">{\"@context\":\"https:\\\/\\\/schema.org\",\"@graph\":[{\"@type\":\"WebPage\",\"@id\":\"https:\\\/\\\/revolutionpadelstore.com\\\/fr\\\/produit\\\/bullpadel-next-w-25v-blanco-3\\\/\",\"url\":\"https:\\\/\\\/revolutionpadelstore.com\\\/fr\\\/produit\\\/bullpadel-next-w-25v-blanco-3\\\/\",\"name\":\"BULLPADEL NEXT W 25V BLANCO - Revolution Padel Store\",\"isPartOf\":{\"@id\":\"https:\\\/\\\/revolutionpadelstore.com\\\/fr\\\/#website\"},\"primaryImageOfPage\":{\"@id\":\"https:\\\/\\\/revolutionpadelstore.com\\\/fr\\\/produit\\\/bullpadel-next-w-25v-blanco-3\\\/#primaryimage\"},\"image\":{\"@id\":\"https:\\\/\\\/revolutionpadelstore.com\\\/fr\\\/produit\\\/bullpadel-next-w-25v-blanco-3\\\/#primaryimage\"},\"thumbnailUrl\":\"https:\\\/\\\/revolutionpadelstore.com\\\/wp-content\\\/uploads\\\/2025\\\/02\\\/114340-zapatillas-bullpadel-next-w-25v-mujer-cm61012000-blanco-1200x1200-1.webp\",\"datePublished\":\"2025-02-18T22:00:46+00:00\",\"dateModified\":\"2026-04-08T05:05:16+00:00\",\"description\":\"Compra las Bullpadel Next W 25V Blanco Mujer con suela mixta, gran estabilidad y transpirabilidad. Perfectas para jugadoras intermedias. \u00a1Entra en www.revolutionpadelstore.com y consigue las tuyas al mejor precio!\",\"breadcrumb\":{\"@id\":\"https:\\\/\\\/revolutionpadelstore.com\\\/fr\\\/produit\\\/bullpadel-next-w-25v-blanco-3\\\/#breadcrumb\"},\"inLanguage\":\"fr-FR\",\"potentialAction\":[{\"@type\":\"ReadAction\",\"target\":[\"https:\\\/\\\/revolutionpadelstore.com\\\/fr\\\/produit\\\/bullpadel-next-w-25v-blanco-3\\\/\"]}]},{\"@type\":\"ImageObject\",\"inLanguage\":\"fr-FR\",\"@id\":\"https:\\\/\\\/revolutionpadelstore.com\\\/fr\\\/produit\\\/bullpadel-next-w-25v-blanco-3\\\/#primaryimage\",\"url\":\"https:\\\/\\\/revolutionpadelstore.com\\\/wp-content\\\/uploads\\\/2025\\\/02\\\/114340-zapatillas-bullpadel-next-w-25v-mujer-cm61012000-blanco-1200x1200-1.webp\",\"contentUrl\":\"https:\\\/\\\/revolutionpadelstore.com\\\/wp-content\\\/uploads\\\/2025\\\/02\\\/114340-zapatillas-bullpadel-next-w-25v-mujer-cm61012000-blanco-1200x1200-1.webp\",\"width\":1200,\"height\":1200},{\"@type\":\"BreadcrumbList\",\"@id\":\"https:\\\/\\\/revolutionpadelstore.com\\\/fr\\\/produit\\\/bullpadel-next-w-25v-blanco-3\\\/#breadcrumb\",\"itemListElement\":[{\"@type\":\"ListItem\",\"position\":1,\"name\":\"Portada\",\"item\":\"https:\\\/\\\/revolutionpadelstore.com\\\/fr\\\/\"},{\"@type\":\"ListItem\",\"position\":2,\"name\":\"Boutique\",\"item\":\"https:\\\/\\\/revolutionpadelstore.com\\\/fr\\\/tienda\\\/\"},{\"@type\":\"ListItem\",\"position\":3,\"name\":\"BULLPADEL NEXT W 25V BLANCO\"}]},{\"@type\":\"WebSite\",\"@id\":\"https:\\\/\\\/revolutionpadelstore.com\\\/fr\\\/#website\",\"url\":\"https:\\\/\\\/revolutionpadelstore.com\\\/fr\\\/\",\"name\":\"Revolution Padel Store\",\"description\":\"\",\"publisher\":{\"@id\":\"https:\\\/\\\/revolutionpadelstore.com\\\/fr\\\/#organization\"},\"potentialAction\":[{\"@type\":\"SearchAction\",\"target\":{\"@type\":\"EntryPoint\",\"urlTemplate\":\"https:\\\/\\\/revolutionpadelstore.com\\\/fr\\\/?s={search_term_string}\"},\"query-input\":{\"@type\":\"PropertyValueSpecification\",\"valueRequired\":true,\"valueName\":\"search_term_string\"}}],\"inLanguage\":\"fr-FR\"},{\"@type\":\"Organization\",\"@id\":\"https:\\\/\\\/revolutionpadelstore.com\\\/fr\\\/#organization\",\"name\":\"Revolution Padel Store\",\"url\":\"https:\\\/\\\/revolutionpadelstore.com\\\/fr\\\/\",\"logo\":{\"@type\":\"ImageObject\",\"inLanguage\":\"fr-FR\",\"@id\":\"https:\\\/\\\/revolutionpadelstore.com\\\/fr\\\/#\\\/schema\\\/logo\\\/image\\\/\",\"url\":\"https:\\\/\\\/revolutionpadelstore.com\\\/wp-content\\\/uploads\\\/2026\\\/02\\\/revolution-padel-store.jpg\",\"contentUrl\":\"https:\\\/\\\/revolutionpadelstore.com\\\/wp-content\\\/uploads\\\/2026\\\/02\\\/revolution-padel-store.jpg\",\"width\":2000,\"height\":2000,\"caption\":\"Revolution Padel Store\"},\"image\":{\"@id\":\"https:\\\/\\\/revolutionpadelstore.com\\\/fr\\\/#\\\/schema\\\/logo\\\/image\\\/\"},\"sameAs\":[\"https:\\\/\\\/www.instagram.com\\\/revolutionpadelstore\\\/\"]}]}<\/script>\n<!-- \/ Yoast SEO plugin. -->","yoast_head_json":{"title":"BULLPADEL NEXT W 25V BLANCO - Revolution Padel Store","description":"Compra las Bullpadel Next W 25V Blanco Mujer con suela mixta, gran estabilidad y transpirabilidad. Perfectas para jugadoras intermedias. \u00a1Entra en www.revolutionpadelstore.com y consigue las tuyas al mejor precio!","robots":{"index":"index","follow":"follow","max-snippet":"max-snippet:-1","max-image-preview":"max-image-preview:large","max-video-preview":"max-video-preview:-1"},"canonical":"https:\/\/revolutionpadelstore.com\/fr\/produit\/bullpadel-next-w-25v-blanco-3\/","og_locale":"fr_FR","og_type":"article","og_title":"BULLPADEL NEXT W 25V BLANCO - Revolution Padel Store","og_description":"Compra las Bullpadel Next W 25V Blanco Mujer con suela mixta, gran estabilidad y transpirabilidad. Perfectas para jugadoras intermedias. \u00a1Entra en www.revolutionpadelstore.com y consigue las tuyas al mejor precio!","og_url":"https:\/\/revolutionpadelstore.com\/fr\/produit\/bullpadel-next-w-25v-blanco-3\/","og_site_name":"Revolution Padel Store","article_modified_time":"2026-04-08T05:05:16+00:00","og_image":[{"width":1200,"height":1200,"url":"https:\/\/revolutionpadelstore.com\/wp-content\/uploads\/2025\/02\/114340-zapatillas-bullpadel-next-w-25v-mujer-cm61012000-blanco-1200x1200-1.webp","type":"image\/webp"}],"twitter_card":"summary_large_image","twitter_misc":{"Dur\u00e9e de lecture estim\u00e9e":"2 minutes"},"schema":{"@context":"https:\/\/schema.org","@graph":[{"@type":"WebPage","@id":"https:\/\/revolutionpadelstore.com\/fr\/produit\/bullpadel-next-w-25v-blanco-3\/","url":"https:\/\/revolutionpadelstore.com\/fr\/produit\/bullpadel-next-w-25v-blanco-3\/","name":"BULLPADEL NEXT W 25V BLANCO - Revolution Padel Store","isPartOf":{"@id":"https:\/\/revolutionpadelstore.com\/fr\/#website"},"primaryImageOfPage":{"@id":"https:\/\/revolutionpadelstore.com\/fr\/produit\/bullpadel-next-w-25v-blanco-3\/#primaryimage"},"image":{"@id":"https:\/\/revolutionpadelstore.com\/fr\/produit\/bullpadel-next-w-25v-blanco-3\/#primaryimage"},"thumbnailUrl":"https:\/\/revolutionpadelstore.com\/wp-content\/uploads\/2025\/02\/114340-zapatillas-bullpadel-next-w-25v-mujer-cm61012000-blanco-1200x1200-1.webp","datePublished":"2025-02-18T22:00:46+00:00","dateModified":"2026-04-08T05:05:16+00:00","description":"Compra las Bullpadel Next W 25V Blanco Mujer con suela mixta, gran estabilidad y transpirabilidad. Perfectas para jugadoras intermedias. \u00a1Entra en www.revolutionpadelstore.com y consigue las tuyas al mejor precio!","breadcrumb":{"@id":"https:\/\/revolutionpadelstore.com\/fr\/produit\/bullpadel-next-w-25v-blanco-3\/#breadcrumb"},"inLanguage":"fr-FR","potentialAction":[{"@type":"ReadAction","target":["https:\/\/revolutionpadelstore.com\/fr\/produit\/bullpadel-next-w-25v-blanco-3\/"]}]},{"@type":"ImageObject","inLanguage":"fr-FR","@id":"https:\/\/revolutionpadelstore.com\/fr\/produit\/bullpadel-next-w-25v-blanco-3\/#primaryimage","url":"https:\/\/revolutionpadelstore.com\/wp-content\/uploads\/2025\/02\/114340-zapatillas-bullpadel-next-w-25v-mujer-cm61012000-blanco-1200x1200-1.webp","contentUrl":"https:\/\/revolutionpadelstore.com\/wp-content\/uploads\/2025\/02\/114340-zapatillas-bullpadel-next-w-25v-mujer-cm61012000-blanco-1200x1200-1.webp","width":1200,"height":1200},{"@type":"BreadcrumbList","@id":"https:\/\/revolutionpadelstore.com\/fr\/produit\/bullpadel-next-w-25v-blanco-3\/#breadcrumb","itemListElement":[{"@type":"ListItem","position":1,"name":"Portada","item":"https:\/\/revolutionpadelstore.com\/fr\/"},{"@type":"ListItem","position":2,"name":"Boutique","item":"https:\/\/revolutionpadelstore.com\/fr\/tienda\/"},{"@type":"ListItem","position":3,"name":"BULLPADEL NEXT W 25V BLANCO"}]},{"@type":"WebSite","@id":"https:\/\/revolutionpadelstore.com\/fr\/#website","url":"https:\/\/revolutionpadelstore.com\/fr\/","name":"Revolution Padel Store","description":"","publisher":{"@id":"https:\/\/revolutionpadelstore.com\/fr\/#organization"},"potentialAction":[{"@type":"SearchAction","target":{"@type":"EntryPoint","urlTemplate":"https:\/\/revolutionpadelstore.com\/fr\/?s={search_term_string}"},"query-input":{"@type":"PropertyValueSpecification","valueRequired":true,"valueName":"search_term_string"}}],"inLanguage":"fr-FR"},{"@type":"Organization","@id":"https:\/\/revolutionpadelstore.com\/fr\/#organization","name":"Revolution Padel Store","url":"https:\/\/revolutionpadelstore.com\/fr\/","logo":{"@type":"ImageObject","inLanguage":"fr-FR","@id":"https:\/\/revolutionpadelstore.com\/fr\/#\/schema\/logo\/image\/","url":"https:\/\/revolutionpadelstore.com\/wp-content\/uploads\/2026\/02\/revolution-padel-store.jpg","contentUrl":"https:\/\/revolutionpadelstore.com\/wp-content\/uploads\/2026\/02\/revolution-padel-store.jpg","width":2000,"height":2000,"caption":"Revolution Padel Store"},"image":{"@id":"https:\/\/revolutionpadelstore.com\/fr\/#\/schema\/logo\/image\/"},"sameAs":["https:\/\/www.instagram.com\/revolutionpadelstore\/"]}]}},"_links":{"self":[{"href":"https:\/\/revolutionpadelstore.com\/fr\/wp-json\/wp\/v2\/product\/179702","targetHints":{"allow":["GET"]}}],"collection":[{"href":"https:\/\/revolutionpadelstore.com\/fr\/wp-json\/wp\/v2\/product"}],"about":[{"href":"https:\/\/revolutionpadelstore.com\/fr\/wp-json\/wp\/v2\/types\/product"}],"replies":[{"embeddable":true,"href":"https:\/\/revolutionpadelstore.com\/fr\/wp-json\/wp\/v2\/comments?post=179702"}],"wp:featuredmedia":[{"embeddable":true,"href":"https:\/\/revolutionpadelstore.com\/fr\/wp-json\/wp\/v2\/media\/173119"}],"wp:attachment":[{"href":"https:\/\/revolutionpadelstore.com\/fr\/wp-json\/wp\/v2\/media?parent=179702"}],"wp:term":[{"taxonomy":"acabado","embeddable":true,"href":"https:\/\/revolutionpadelstore.com\/fr\/wp-json\/wp\/v2\/acabado?post=179702"},{"taxonomy":"balance","embeddable":true,"href":"https:\/\/revolutionpadelstore.com\/fr\/wp-json\/wp\/v2\/balance?post=179702"},{"taxonomy":"dureza","embeddable":true,"href":"https:\/\/revolutionpadelstore.com\/fr\/wp-json\/wp\/v2\/dureza?post=179702"},{"taxonomy":"forma","embeddable":true,"href":"https:\/\/revolutionpadelstore.com\/fr\/wp-json\/wp\/v2\/forma?post=179702"},{"taxonomy":"jugador","embeddable":true,"href":"https:\/\/revolutionpadelstore.com\/fr\/wp-json\/wp\/v2\/jugador?post=179702"},{"taxonomy":"marca","embeddable":true,"href":"https:\/\/revolutionpadelstore.com\/fr\/wp-json\/wp\/v2\/marca?post=179702"},{"taxonomy":"nivel-de-juego","embeddable":true,"href":"https:\/\/revolutionpadelstore.com\/fr\/wp-json\/wp\/v2\/nivel-de-juego?post=179702"},{"taxonomy":"superficie","embeddable":true,"href":"https:\/\/revolutionpadelstore.com\/fr\/wp-json\/wp\/v2\/superficie?post=179702"},{"taxonomy":"tipo-de-juego","embeddable":true,"href":"https:\/\/revolutionpadelstore.com\/fr\/wp-json\/wp\/v2\/tipo-de-juego?post=179702"},{"taxonomy":"product_brand","embeddable":true,"href":"https:\/\/revolutionpadelstore.com\/fr\/wp-json\/wp\/v2\/product_brand?post=179702"},{"taxonomy":"product_cat","embeddable":true,"href":"https:\/\/revolutionpadelstore.com\/fr\/wp-json\/wp\/v2\/product_cat?post=179702"},{"taxonomy":"product_tag","embeddable":true,"href":"https:\/\/revolutionpadelstore.com\/fr\/wp-json\/wp\/v2\/product_tag?post=179702"}],"curies":[{"name":"wp","href":"https:\/\/api.w.org\/{rel}","templated":true}]}}