{"id":179554,"date":"2025-02-21T12:24:27","date_gmt":"2025-02-21T11:24:27","guid":{"rendered":"https:\/\/revolutionpadelstore.com\/?post_type=product&#038;p=179554"},"modified":"2026-04-01T03:07:39","modified_gmt":"2026-04-01T01:07:39","slug":"siux-valkiria-go-3","status":"publish","type":"product","link":"https:\/\/revolutionpadelstore.com\/fr\/produit\/siux-valkiria-go-3\/","title":{"rendered":"SIUX VALKIRIA GO"},"content":{"rendered":"<h2> <strong> Siux Valkiria Go &#8211; puissance, contr\u00f4le et durabilit\u00e9 en une seule pelle <\/strong> <\/h2>\n<p>D\u00e9couvrez le <strong> Siux Valkiria Go <\/strong>, une pelle \u00e0 palette con\u00e7ue pour les joueurs d\u00e9butants et avanc\u00e9s \u00e0 la recherche de l&#8217;\u00e9quilibre parfait entre la r\u00e9sistance, le contr\u00f4le et la puissance. Gr\u00e2ce \u00e0 sa construction en carbone Alumesh 3K et \u00e0 sa technologie de choc innovante, il r\u00e9duit les vibrations et am\u00e9liore la stabilit\u00e9 de chaque coup.<\/p>\n<h2> <strong> Caract\u00e9ristiques cl\u00e9s du Siux Valkiria Go <\/strong> <\/h2>\n<p style=\"padding-left: 40px\"> &#8211; forme hybride avec un \u00e9quilibre moyen-bas pour une plus grande polyvalence.<br \/>\n-CHOCT OUT, ce qui absorbe les vibrations et am\u00e9liore le confort du jeu.<br \/>\n-Dual PR Grip, con\u00e7u pour une adh\u00e9rence optimale et un plus grand sentiment de contr\u00f4le.<br \/>\n-3K Plan de carbone en alumes, qui fournit une rigidit\u00e9 et une puissance sans sacrifier le contr\u00f4le.<br \/>\n-Main brillant avec un soulagement rugueux, id\u00e9al pour g\u00e9n\u00e9rer des effets sur chaque coup.<br \/>\n-3K Carbulaire en carbone, qui garantit une excellente durabilit\u00e9 et une r\u00e9sistance.<\/p>\n<h2> <strong> Pourquoi choisir le Siux Valkiria Go?<br \/>\nSi vous recherchez une pelle qui vous aide <strong> \u00e9voluer votre jeu <\/strong>, le <strong> Siux Valkiria Go <\/strong> est l&#8217;option id\u00e9ale. Sa combinaison de technologies avanc\u00e9es <strong>, de mat\u00e9riaux de haute qualit\u00e9 et de conception optimis\u00e9e <\/strong> en fait l&#8217;une des meilleures lames \u00e0 pagaie pour les joueurs qui souhaitent am\u00e9liorer leurs performances sans renoncer \u00e0 confort et \u00e0 stabilit\u00e9 dans chaque coup.<\/p>\n<p>Obtenez le <strong> Siux Valkiria go <\/strong> au meilleur prix de notre boutique en ligne! Visitez-nous en <strong> <a href=\"https:\/\/chatgpt.com\/g\/g-675432e026888191b6ee6d6f2fdbb15e-optimization-textos\/c\/www.revolutionpadelstore.com\"> ww.revolutionpadelstore.com <\/a> <\/strong> et prenez-le aujourd&#8217;hui m\u00eame.<\/p>\n<h2><strong>Siux Valkiria GO \u2013 Potencia, Control y Durabilidad en una sola pala<\/strong><\/p>\n","protected":false},"excerpt":{"rendered":"<p>Rencontrez le Siux Valkiria Go, une pelle \u00e0 palette id\u00e9ale pour les joueurs d\u00e9butants et avanc\u00e9s qui veulent une combinaison optimale de durabilit\u00e9, de pr\u00e9cision et de puissance.<\/p>\n","protected":false},"featured_media":179566,"comment_status":"open","ping_status":"closed","template":"","meta":{"_acf_changed":false,"_joinchat":[]},"acabado":[1082],"balance":[1147,1142],"dureza":[1157],"forma":[1177],"jugador":[1197],"marca":[1307],"nivel-de-juego":[1342,1352],"superficie":[1357],"tipo-de-juego":[1387],"product_brand":[],"product_cat":[302],"product_tag":[],"class_list":{"0":"post-179554","1":"product","2":"type-product","3":"status-publish","4":"has-post-thumbnail","6":"acabado-luminosite","7":"balance-faible","8":"balance-moyen","9":"dureza-media-fr","10":"forma-hybride","11":"jugador-mujer-fr","12":"marca-siux-fr","13":"superficie-lise","14":"tipo-de-juego-polivalente-fr","15":"product_cat-palas-de-padel-fr","17":"first","18":"instock","19":"sale","20":"taxable","21":"shipping-taxable","22":"purchasable","23":"product-type-simple"},"acf":[],"yoast_head":"<!-- This site is optimized with the Yoast SEO plugin v27.3 - https:\/\/yoast.com\/product\/yoast-seo-wordpress\/ -->\n<title>SIUX VALKIRIA GO - Revolution Padel Store<\/title>\n<meta name=\"description\" content=\"Compra la Siux Valkiria GO, una pala de p\u00e1del polivalente con Carbono 3K Alumesh, Shock Out y Dual Pro Grip. M\u00e1ximo control, potencia y confort. \u00a1Mejora tu juego ya!\" \/>\n<meta name=\"robots\" content=\"index, follow, max-snippet:-1, max-image-preview:large, max-video-preview:-1\" \/>\n<link rel=\"canonical\" href=\"https:\/\/revolutionpadelstore.com\/fr\/produit\/siux-valkiria-go-3\/\" \/>\n<meta property=\"og:locale\" content=\"fr_FR\" \/>\n<meta property=\"og:type\" content=\"article\" \/>\n<meta property=\"og:title\" content=\"SIUX VALKIRIA GO - Revolution Padel Store\" \/>\n<meta property=\"og:description\" content=\"Compra la Siux Valkiria GO, una pala de p\u00e1del polivalente con Carbono 3K Alumesh, Shock Out y Dual Pro Grip. M\u00e1ximo control, potencia y confort. \u00a1Mejora tu juego ya!\" \/>\n<meta property=\"og:url\" content=\"https:\/\/revolutionpadelstore.com\/fr\/produit\/siux-valkiria-go-3\/\" \/>\n<meta property=\"og:site_name\" content=\"Revolution Padel Store\" \/>\n<meta property=\"article:modified_time\" content=\"2026-04-01T01:07:39+00:00\" \/>\n<meta property=\"og:image\" content=\"https:\/\/revolutionpadelstore.com\/wp-content\/uploads\/2025\/02\/2-1.png\" \/>\n\t<meta property=\"og:image:width\" content=\"1000\" \/>\n\t<meta property=\"og:image:height\" content=\"1000\" \/>\n\t<meta property=\"og:image:type\" content=\"image\/png\" \/>\n<meta name=\"twitter:card\" content=\"summary_large_image\" \/>\n<meta name=\"twitter:label1\" content=\"Dur\u00e9e de lecture estim\u00e9e\" \/>\n\t<meta name=\"twitter:data1\" content=\"1 minute\" \/>\n<script type=\"application\/ld+json\" class=\"yoast-schema-graph\">{\"@context\":\"https:\\\/\\\/schema.org\",\"@graph\":[{\"@type\":\"WebPage\",\"@id\":\"https:\\\/\\\/revolutionpadelstore.com\\\/fr\\\/produit\\\/siux-valkiria-go-3\\\/\",\"url\":\"https:\\\/\\\/revolutionpadelstore.com\\\/fr\\\/produit\\\/siux-valkiria-go-3\\\/\",\"name\":\"SIUX VALKIRIA GO - Revolution Padel Store\",\"isPartOf\":{\"@id\":\"https:\\\/\\\/revolutionpadelstore.com\\\/fr\\\/#website\"},\"primaryImageOfPage\":{\"@id\":\"https:\\\/\\\/revolutionpadelstore.com\\\/fr\\\/produit\\\/siux-valkiria-go-3\\\/#primaryimage\"},\"image\":{\"@id\":\"https:\\\/\\\/revolutionpadelstore.com\\\/fr\\\/produit\\\/siux-valkiria-go-3\\\/#primaryimage\"},\"thumbnailUrl\":\"https:\\\/\\\/revolutionpadelstore.com\\\/wp-content\\\/uploads\\\/2025\\\/02\\\/2-1.png\",\"datePublished\":\"2025-02-21T11:24:27+00:00\",\"dateModified\":\"2026-04-01T01:07:39+00:00\",\"description\":\"Compra la Siux Valkiria GO, una pala de p\u00e1del polivalente con Carbono 3K Alumesh, Shock Out y Dual Pro Grip. M\u00e1ximo control, potencia y confort. \u00a1Mejora tu juego ya!\",\"breadcrumb\":{\"@id\":\"https:\\\/\\\/revolutionpadelstore.com\\\/fr\\\/produit\\\/siux-valkiria-go-3\\\/#breadcrumb\"},\"inLanguage\":\"fr-FR\",\"potentialAction\":[{\"@type\":\"ReadAction\",\"target\":[\"https:\\\/\\\/revolutionpadelstore.com\\\/fr\\\/produit\\\/siux-valkiria-go-3\\\/\"]}]},{\"@type\":\"ImageObject\",\"inLanguage\":\"fr-FR\",\"@id\":\"https:\\\/\\\/revolutionpadelstore.com\\\/fr\\\/produit\\\/siux-valkiria-go-3\\\/#primaryimage\",\"url\":\"https:\\\/\\\/revolutionpadelstore.com\\\/wp-content\\\/uploads\\\/2025\\\/02\\\/2-1.png\",\"contentUrl\":\"https:\\\/\\\/revolutionpadelstore.com\\\/wp-content\\\/uploads\\\/2025\\\/02\\\/2-1.png\",\"width\":1000,\"height\":1000},{\"@type\":\"BreadcrumbList\",\"@id\":\"https:\\\/\\\/revolutionpadelstore.com\\\/fr\\\/produit\\\/siux-valkiria-go-3\\\/#breadcrumb\",\"itemListElement\":[{\"@type\":\"ListItem\",\"position\":1,\"name\":\"Portada\",\"item\":\"https:\\\/\\\/revolutionpadelstore.com\\\/fr\\\/\"},{\"@type\":\"ListItem\",\"position\":2,\"name\":\"Boutique\",\"item\":\"https:\\\/\\\/revolutionpadelstore.com\\\/fr\\\/tienda\\\/\"},{\"@type\":\"ListItem\",\"position\":3,\"name\":\"SIUX VALKIRIA GO\"}]},{\"@type\":\"WebSite\",\"@id\":\"https:\\\/\\\/revolutionpadelstore.com\\\/fr\\\/#website\",\"url\":\"https:\\\/\\\/revolutionpadelstore.com\\\/fr\\\/\",\"name\":\"Revolution Padel Store\",\"description\":\"\",\"publisher\":{\"@id\":\"https:\\\/\\\/revolutionpadelstore.com\\\/fr\\\/#organization\"},\"potentialAction\":[{\"@type\":\"SearchAction\",\"target\":{\"@type\":\"EntryPoint\",\"urlTemplate\":\"https:\\\/\\\/revolutionpadelstore.com\\\/fr\\\/?s={search_term_string}\"},\"query-input\":{\"@type\":\"PropertyValueSpecification\",\"valueRequired\":true,\"valueName\":\"search_term_string\"}}],\"inLanguage\":\"fr-FR\"},{\"@type\":\"Organization\",\"@id\":\"https:\\\/\\\/revolutionpadelstore.com\\\/fr\\\/#organization\",\"name\":\"Revolution Padel Store\",\"url\":\"https:\\\/\\\/revolutionpadelstore.com\\\/fr\\\/\",\"logo\":{\"@type\":\"ImageObject\",\"inLanguage\":\"fr-FR\",\"@id\":\"https:\\\/\\\/revolutionpadelstore.com\\\/fr\\\/#\\\/schema\\\/logo\\\/image\\\/\",\"url\":\"https:\\\/\\\/revolutionpadelstore.com\\\/wp-content\\\/uploads\\\/2026\\\/02\\\/revolution-padel-store.jpg\",\"contentUrl\":\"https:\\\/\\\/revolutionpadelstore.com\\\/wp-content\\\/uploads\\\/2026\\\/02\\\/revolution-padel-store.jpg\",\"width\":2000,\"height\":2000,\"caption\":\"Revolution Padel Store\"},\"image\":{\"@id\":\"https:\\\/\\\/revolutionpadelstore.com\\\/fr\\\/#\\\/schema\\\/logo\\\/image\\\/\"},\"sameAs\":[\"https:\\\/\\\/www.instagram.com\\\/revolutionpadelstore\\\/\"]}]}<\/script>\n<!-- \/ Yoast SEO plugin. -->","yoast_head_json":{"title":"SIUX VALKIRIA GO - Revolution Padel Store","description":"Compra la Siux Valkiria GO, una pala de p\u00e1del polivalente con Carbono 3K Alumesh, Shock Out y Dual Pro Grip. M\u00e1ximo control, potencia y confort. \u00a1Mejora tu juego ya!","robots":{"index":"index","follow":"follow","max-snippet":"max-snippet:-1","max-image-preview":"max-image-preview:large","max-video-preview":"max-video-preview:-1"},"canonical":"https:\/\/revolutionpadelstore.com\/fr\/produit\/siux-valkiria-go-3\/","og_locale":"fr_FR","og_type":"article","og_title":"SIUX VALKIRIA GO - Revolution Padel Store","og_description":"Compra la Siux Valkiria GO, una pala de p\u00e1del polivalente con Carbono 3K Alumesh, Shock Out y Dual Pro Grip. M\u00e1ximo control, potencia y confort. \u00a1Mejora tu juego ya!","og_url":"https:\/\/revolutionpadelstore.com\/fr\/produit\/siux-valkiria-go-3\/","og_site_name":"Revolution Padel Store","article_modified_time":"2026-04-01T01:07:39+00:00","og_image":[{"width":1000,"height":1000,"url":"https:\/\/revolutionpadelstore.com\/wp-content\/uploads\/2025\/02\/2-1.png","type":"image\/png"}],"twitter_card":"summary_large_image","twitter_misc":{"Dur\u00e9e de lecture estim\u00e9e":"1 minute"},"schema":{"@context":"https:\/\/schema.org","@graph":[{"@type":"WebPage","@id":"https:\/\/revolutionpadelstore.com\/fr\/produit\/siux-valkiria-go-3\/","url":"https:\/\/revolutionpadelstore.com\/fr\/produit\/siux-valkiria-go-3\/","name":"SIUX VALKIRIA GO - Revolution Padel Store","isPartOf":{"@id":"https:\/\/revolutionpadelstore.com\/fr\/#website"},"primaryImageOfPage":{"@id":"https:\/\/revolutionpadelstore.com\/fr\/produit\/siux-valkiria-go-3\/#primaryimage"},"image":{"@id":"https:\/\/revolutionpadelstore.com\/fr\/produit\/siux-valkiria-go-3\/#primaryimage"},"thumbnailUrl":"https:\/\/revolutionpadelstore.com\/wp-content\/uploads\/2025\/02\/2-1.png","datePublished":"2025-02-21T11:24:27+00:00","dateModified":"2026-04-01T01:07:39+00:00","description":"Compra la Siux Valkiria GO, una pala de p\u00e1del polivalente con Carbono 3K Alumesh, Shock Out y Dual Pro Grip. M\u00e1ximo control, potencia y confort. \u00a1Mejora tu juego ya!","breadcrumb":{"@id":"https:\/\/revolutionpadelstore.com\/fr\/produit\/siux-valkiria-go-3\/#breadcrumb"},"inLanguage":"fr-FR","potentialAction":[{"@type":"ReadAction","target":["https:\/\/revolutionpadelstore.com\/fr\/produit\/siux-valkiria-go-3\/"]}]},{"@type":"ImageObject","inLanguage":"fr-FR","@id":"https:\/\/revolutionpadelstore.com\/fr\/produit\/siux-valkiria-go-3\/#primaryimage","url":"https:\/\/revolutionpadelstore.com\/wp-content\/uploads\/2025\/02\/2-1.png","contentUrl":"https:\/\/revolutionpadelstore.com\/wp-content\/uploads\/2025\/02\/2-1.png","width":1000,"height":1000},{"@type":"BreadcrumbList","@id":"https:\/\/revolutionpadelstore.com\/fr\/produit\/siux-valkiria-go-3\/#breadcrumb","itemListElement":[{"@type":"ListItem","position":1,"name":"Portada","item":"https:\/\/revolutionpadelstore.com\/fr\/"},{"@type":"ListItem","position":2,"name":"Boutique","item":"https:\/\/revolutionpadelstore.com\/fr\/tienda\/"},{"@type":"ListItem","position":3,"name":"SIUX VALKIRIA GO"}]},{"@type":"WebSite","@id":"https:\/\/revolutionpadelstore.com\/fr\/#website","url":"https:\/\/revolutionpadelstore.com\/fr\/","name":"Revolution Padel Store","description":"","publisher":{"@id":"https:\/\/revolutionpadelstore.com\/fr\/#organization"},"potentialAction":[{"@type":"SearchAction","target":{"@type":"EntryPoint","urlTemplate":"https:\/\/revolutionpadelstore.com\/fr\/?s={search_term_string}"},"query-input":{"@type":"PropertyValueSpecification","valueRequired":true,"valueName":"search_term_string"}}],"inLanguage":"fr-FR"},{"@type":"Organization","@id":"https:\/\/revolutionpadelstore.com\/fr\/#organization","name":"Revolution Padel Store","url":"https:\/\/revolutionpadelstore.com\/fr\/","logo":{"@type":"ImageObject","inLanguage":"fr-FR","@id":"https:\/\/revolutionpadelstore.com\/fr\/#\/schema\/logo\/image\/","url":"https:\/\/revolutionpadelstore.com\/wp-content\/uploads\/2026\/02\/revolution-padel-store.jpg","contentUrl":"https:\/\/revolutionpadelstore.com\/wp-content\/uploads\/2026\/02\/revolution-padel-store.jpg","width":2000,"height":2000,"caption":"Revolution Padel Store"},"image":{"@id":"https:\/\/revolutionpadelstore.com\/fr\/#\/schema\/logo\/image\/"},"sameAs":["https:\/\/www.instagram.com\/revolutionpadelstore\/"]}]}},"_links":{"self":[{"href":"https:\/\/revolutionpadelstore.com\/fr\/wp-json\/wp\/v2\/product\/179554","targetHints":{"allow":["GET"]}}],"collection":[{"href":"https:\/\/revolutionpadelstore.com\/fr\/wp-json\/wp\/v2\/product"}],"about":[{"href":"https:\/\/revolutionpadelstore.com\/fr\/wp-json\/wp\/v2\/types\/product"}],"replies":[{"embeddable":true,"href":"https:\/\/revolutionpadelstore.com\/fr\/wp-json\/wp\/v2\/comments?post=179554"}],"wp:featuredmedia":[{"embeddable":true,"href":"https:\/\/revolutionpadelstore.com\/fr\/wp-json\/wp\/v2\/media\/179566"}],"wp:attachment":[{"href":"https:\/\/revolutionpadelstore.com\/fr\/wp-json\/wp\/v2\/media?parent=179554"}],"wp:term":[{"taxonomy":"acabado","embeddable":true,"href":"https:\/\/revolutionpadelstore.com\/fr\/wp-json\/wp\/v2\/acabado?post=179554"},{"taxonomy":"balance","embeddable":true,"href":"https:\/\/revolutionpadelstore.com\/fr\/wp-json\/wp\/v2\/balance?post=179554"},{"taxonomy":"dureza","embeddable":true,"href":"https:\/\/revolutionpadelstore.com\/fr\/wp-json\/wp\/v2\/dureza?post=179554"},{"taxonomy":"forma","embeddable":true,"href":"https:\/\/revolutionpadelstore.com\/fr\/wp-json\/wp\/v2\/forma?post=179554"},{"taxonomy":"jugador","embeddable":true,"href":"https:\/\/revolutionpadelstore.com\/fr\/wp-json\/wp\/v2\/jugador?post=179554"},{"taxonomy":"marca","embeddable":true,"href":"https:\/\/revolutionpadelstore.com\/fr\/wp-json\/wp\/v2\/marca?post=179554"},{"taxonomy":"nivel-de-juego","embeddable":true,"href":"https:\/\/revolutionpadelstore.com\/fr\/wp-json\/wp\/v2\/nivel-de-juego?post=179554"},{"taxonomy":"superficie","embeddable":true,"href":"https:\/\/revolutionpadelstore.com\/fr\/wp-json\/wp\/v2\/superficie?post=179554"},{"taxonomy":"tipo-de-juego","embeddable":true,"href":"https:\/\/revolutionpadelstore.com\/fr\/wp-json\/wp\/v2\/tipo-de-juego?post=179554"},{"taxonomy":"product_brand","embeddable":true,"href":"https:\/\/revolutionpadelstore.com\/fr\/wp-json\/wp\/v2\/product_brand?post=179554"},{"taxonomy":"product_cat","embeddable":true,"href":"https:\/\/revolutionpadelstore.com\/fr\/wp-json\/wp\/v2\/product_cat?post=179554"},{"taxonomy":"product_tag","embeddable":true,"href":"https:\/\/revolutionpadelstore.com\/fr\/wp-json\/wp\/v2\/product_tag?post=179554"}],"curies":[{"name":"wp","href":"https:\/\/api.w.org\/{rel}","templated":true}]}}