{"id":179444,"date":"2025-02-18T23:13:14","date_gmt":"2025-02-18T22:13:14","guid":{"rendered":"https:\/\/revolutionpadelstore.com\/short-bullpadel-maceda-015-kaki\/"},"modified":"2026-04-08T07:02:15","modified_gmt":"2026-04-08T05:02:15","slug":"short-bullpadel-maceda-015-kaki-3","status":"publish","type":"product","link":"https:\/\/revolutionpadelstore.com\/fr\/produit\/short-bullpadel-maceda-015-kaki-3\/","title":{"rendered":"SHORT BULLPADEL MACEDA 015 KAKI"},"content":{"rendered":"<h2> Bullpadel court Maceda &#8211; Confort et performances maximales sur la piste <\/h2>\n<p>Le <strong> Bullpadel Maceda <\/strong> est le choix parfait pour les joueurs \u00e0 la recherche de confort, de flexibilit\u00e9 et d&#8217;un design moderne. Avec une longueur de 45 cm, il est con\u00e7u pour offrir une libert\u00e9 de mouvement totale, s&#8217;adaptant \u00e0 chaque jeu sans restrictions.<\/p>\n<h2> Caract\u00e9ristiques exceptionnelles <\/h2>\n<p>-Les \u00e9lastiques enseign\u00e9es dans deux directions: fabriqu\u00e9es en polyester de haute qualit\u00e9, offre l&#8217;\u00e9lasticit\u00e9 et la l\u00e9g\u00e8ret\u00e9 pour un confort sup\u00e9rieur.<br \/>\n&#8211; Cordonal avec cordon r\u00e9glable: ajustement s\u00fbr et personnalis\u00e9 pour chaque joueur.<br \/>\n-Les bases lat\u00e9rales fonctionnales: parfait pour porter des boules de paddle ou d&#8217;autres objets essentiels.<br \/>\n-Memelladas avec une impression r\u00e9fl\u00e9chie: il fournit une touche moderne et am\u00e9liore la visibilit\u00e9 dans des conditions de faible luminosit\u00e9.<br \/>\n-Lave laser sur les c\u00f4t\u00e9s: il favorise la ventilation et am\u00e9liore la respirabilit\u00e9 pendant le jeu.<br \/>\n-Irm\u00e9ration binamique: garantit la l\u00e9g\u00e8ret\u00e9 et la flexibilit\u00e9, optimisant les performances dans chaque mouvement.<br \/>\n-RP Fast: Votre tissu absorbe et expulse rapidement l&#8217;humidit\u00e9, vous gardant au sec m\u00eame dans les correspondances les plus intenses.<\/p>\n<p>Ce court m\u00e9trage combine <strong> conception, innovation et fonctionnalit\u00e9 <\/strong>, id\u00e9al pour la formation et les parties exigeantes.<\/p>\n<p><strong> Consid\u00e9rez-le maintenant dans notre boutique en ligne &lt;a href = &quot;https:\/\/chatgpt.com\/g\/g-675432e02688191b6ee6d6f2fdbb15e-optimisation-textos\/c\/www.revolutionpadelstore.com&quot;<\/p>\n<h2>Short Bullpadel Maceda \u2013 M\u00e1xima comodidad y rendimiento en la pista<\/h2>\n","protected":false},"excerpt":{"rendered":"<p>Le Bullpadel Mac\u00e9da, avec une longueur de 45 cm, est caract\u00e9ris\u00e9 par son tissu \u00e9lastique dans deux directions, la technologie binamique et sa capacit\u00e9 de s\u00e9chage rapide, offrant un grand confort et une libert\u00e9 de mouvement totale.<\/p>\n","protected":false},"featured_media":179471,"comment_status":"open","ping_status":"closed","template":"","meta":{"_acf_changed":false,"_joinchat":[]},"acabado":[],"balance":[],"dureza":[],"forma":[],"jugador":[1192],"marca":[1257],"nivel-de-juego":[],"superficie":[],"tipo-de-juego":[],"product_brand":[],"product_cat":[344],"product_tag":[],"class_list":{"0":"post-179444","1":"product","2":"type-product","3":"status-publish","4":"has-post-thumbnail","6":"jugador-homme","7":"marca-bullpadel-fr","8":"product_cat-ropa-fr","10":"first","11":"outofstock","12":"sale","13":"taxable","14":"shipping-taxable","15":"purchasable","16":"product-type-variable"},"acf":[],"yoast_head":"<!-- This site is optimized with the Yoast SEO plugin v27.4 - https:\/\/yoast.com\/product\/yoast-seo-wordpress\/ -->\n<title>SHORT BULLPADEL MACEDA 015 KAKI - Revolution Padel Store<\/title>\n<meta name=\"robots\" content=\"index, follow, max-snippet:-1, max-image-preview:large, max-video-preview:-1\" \/>\n<link rel=\"canonical\" href=\"https:\/\/revolutionpadelstore.com\/fr\/produit\/short-bullpadel-maceda-015-kaki-3\/\" \/>\n<meta property=\"og:locale\" content=\"fr_FR\" \/>\n<meta property=\"og:type\" content=\"article\" \/>\n<meta property=\"og:title\" content=\"SHORT BULLPADEL MACEDA 015 KAKI - Revolution Padel Store\" \/>\n<meta property=\"og:description\" content=\"Le Bullpadel Mac\u00e9da, avec une longueur de 45 cm, est caract\u00e9ris\u00e9 par son tissu \u00e9lastique dans deux directions, la technologie binamique et sa capacit\u00e9 de s\u00e9chage rapide, offrant un grand confort et une libert\u00e9 de mouvement totale.\" \/>\n<meta property=\"og:url\" content=\"https:\/\/revolutionpadelstore.com\/fr\/produit\/short-bullpadel-maceda-015-kaki-3\/\" \/>\n<meta property=\"og:site_name\" content=\"Revolution Padel Store\" \/>\n<meta property=\"article:modified_time\" content=\"2026-04-08T05:02:15+00:00\" \/>\n<meta property=\"og:image\" content=\"https:\/\/revolutionpadelstore.com\/wp-content\/uploads\/2025\/02\/114408_short_bullpadel_maceda_015_kaki_1200x1200_1_0204.webp\" \/>\n\t<meta property=\"og:image:width\" content=\"1200\" \/>\n\t<meta property=\"og:image:height\" content=\"1200\" \/>\n\t<meta property=\"og:image:type\" content=\"image\/webp\" \/>\n<meta name=\"twitter:card\" content=\"summary_large_image\" \/>\n<meta name=\"twitter:label1\" content=\"Dur\u00e9e de lecture estim\u00e9e\" \/>\n\t<meta name=\"twitter:data1\" content=\"1 minute\" \/>\n<script type=\"application\/ld+json\" class=\"yoast-schema-graph\">{\"@context\":\"https:\\\/\\\/schema.org\",\"@graph\":[{\"@type\":\"WebPage\",\"@id\":\"https:\\\/\\\/revolutionpadelstore.com\\\/fr\\\/produit\\\/short-bullpadel-maceda-015-kaki-3\\\/\",\"url\":\"https:\\\/\\\/revolutionpadelstore.com\\\/fr\\\/produit\\\/short-bullpadel-maceda-015-kaki-3\\\/\",\"name\":\"SHORT BULLPADEL MACEDA 015 KAKI - Revolution Padel Store\",\"isPartOf\":{\"@id\":\"https:\\\/\\\/revolutionpadelstore.com\\\/fr\\\/#website\"},\"primaryImageOfPage\":{\"@id\":\"https:\\\/\\\/revolutionpadelstore.com\\\/fr\\\/produit\\\/short-bullpadel-maceda-015-kaki-3\\\/#primaryimage\"},\"image\":{\"@id\":\"https:\\\/\\\/revolutionpadelstore.com\\\/fr\\\/produit\\\/short-bullpadel-maceda-015-kaki-3\\\/#primaryimage\"},\"thumbnailUrl\":\"https:\\\/\\\/revolutionpadelstore.com\\\/wp-content\\\/uploads\\\/2025\\\/02\\\/114408_short_bullpadel_maceda_015_kaki_1200x1200_1_0204.webp\",\"datePublished\":\"2025-02-18T22:13:14+00:00\",\"dateModified\":\"2026-04-08T05:02:15+00:00\",\"breadcrumb\":{\"@id\":\"https:\\\/\\\/revolutionpadelstore.com\\\/fr\\\/produit\\\/short-bullpadel-maceda-015-kaki-3\\\/#breadcrumb\"},\"inLanguage\":\"fr-FR\",\"potentialAction\":[{\"@type\":\"ReadAction\",\"target\":[\"https:\\\/\\\/revolutionpadelstore.com\\\/fr\\\/produit\\\/short-bullpadel-maceda-015-kaki-3\\\/\"]}]},{\"@type\":\"ImageObject\",\"inLanguage\":\"fr-FR\",\"@id\":\"https:\\\/\\\/revolutionpadelstore.com\\\/fr\\\/produit\\\/short-bullpadel-maceda-015-kaki-3\\\/#primaryimage\",\"url\":\"https:\\\/\\\/revolutionpadelstore.com\\\/wp-content\\\/uploads\\\/2025\\\/02\\\/114408_short_bullpadel_maceda_015_kaki_1200x1200_1_0204.webp\",\"contentUrl\":\"https:\\\/\\\/revolutionpadelstore.com\\\/wp-content\\\/uploads\\\/2025\\\/02\\\/114408_short_bullpadel_maceda_015_kaki_1200x1200_1_0204.webp\",\"width\":1200,\"height\":1200},{\"@type\":\"BreadcrumbList\",\"@id\":\"https:\\\/\\\/revolutionpadelstore.com\\\/fr\\\/produit\\\/short-bullpadel-maceda-015-kaki-3\\\/#breadcrumb\",\"itemListElement\":[{\"@type\":\"ListItem\",\"position\":1,\"name\":\"Portada\",\"item\":\"https:\\\/\\\/revolutionpadelstore.com\\\/fr\\\/\"},{\"@type\":\"ListItem\",\"position\":2,\"name\":\"Boutique\",\"item\":\"https:\\\/\\\/revolutionpadelstore.com\\\/fr\\\/tienda\\\/\"},{\"@type\":\"ListItem\",\"position\":3,\"name\":\"SHORT BULLPADEL MACEDA 015 KAKI\"}]},{\"@type\":\"WebSite\",\"@id\":\"https:\\\/\\\/revolutionpadelstore.com\\\/fr\\\/#website\",\"url\":\"https:\\\/\\\/revolutionpadelstore.com\\\/fr\\\/\",\"name\":\"Revolution Padel Store\",\"description\":\"\",\"publisher\":{\"@id\":\"https:\\\/\\\/revolutionpadelstore.com\\\/fr\\\/#organization\"},\"potentialAction\":[{\"@type\":\"SearchAction\",\"target\":{\"@type\":\"EntryPoint\",\"urlTemplate\":\"https:\\\/\\\/revolutionpadelstore.com\\\/fr\\\/?s={search_term_string}\"},\"query-input\":{\"@type\":\"PropertyValueSpecification\",\"valueRequired\":true,\"valueName\":\"search_term_string\"}}],\"inLanguage\":\"fr-FR\"},{\"@type\":\"Organization\",\"@id\":\"https:\\\/\\\/revolutionpadelstore.com\\\/fr\\\/#organization\",\"name\":\"Revolution Padel Store\",\"url\":\"https:\\\/\\\/revolutionpadelstore.com\\\/fr\\\/\",\"logo\":{\"@type\":\"ImageObject\",\"inLanguage\":\"fr-FR\",\"@id\":\"https:\\\/\\\/revolutionpadelstore.com\\\/fr\\\/#\\\/schema\\\/logo\\\/image\\\/\",\"url\":\"https:\\\/\\\/revolutionpadelstore.com\\\/wp-content\\\/uploads\\\/2026\\\/02\\\/revolution-padel-store.jpg\",\"contentUrl\":\"https:\\\/\\\/revolutionpadelstore.com\\\/wp-content\\\/uploads\\\/2026\\\/02\\\/revolution-padel-store.jpg\",\"width\":2000,\"height\":2000,\"caption\":\"Revolution Padel Store\"},\"image\":{\"@id\":\"https:\\\/\\\/revolutionpadelstore.com\\\/fr\\\/#\\\/schema\\\/logo\\\/image\\\/\"},\"sameAs\":[\"https:\\\/\\\/www.instagram.com\\\/revolutionpadelstore\\\/\"]}]}<\/script>\n<!-- \/ Yoast SEO plugin. -->","yoast_head_json":{"title":"SHORT BULLPADEL MACEDA 015 KAKI - Revolution Padel Store","robots":{"index":"index","follow":"follow","max-snippet":"max-snippet:-1","max-image-preview":"max-image-preview:large","max-video-preview":"max-video-preview:-1"},"canonical":"https:\/\/revolutionpadelstore.com\/fr\/produit\/short-bullpadel-maceda-015-kaki-3\/","og_locale":"fr_FR","og_type":"article","og_title":"SHORT BULLPADEL MACEDA 015 KAKI - Revolution Padel Store","og_description":"Le Bullpadel Mac\u00e9da, avec une longueur de 45 cm, est caract\u00e9ris\u00e9 par son tissu \u00e9lastique dans deux directions, la technologie binamique et sa capacit\u00e9 de s\u00e9chage rapide, offrant un grand confort et une libert\u00e9 de mouvement totale.","og_url":"https:\/\/revolutionpadelstore.com\/fr\/produit\/short-bullpadel-maceda-015-kaki-3\/","og_site_name":"Revolution Padel Store","article_modified_time":"2026-04-08T05:02:15+00:00","og_image":[{"width":1200,"height":1200,"url":"https:\/\/revolutionpadelstore.com\/wp-content\/uploads\/2025\/02\/114408_short_bullpadel_maceda_015_kaki_1200x1200_1_0204.webp","type":"image\/webp"}],"twitter_card":"summary_large_image","twitter_misc":{"Dur\u00e9e de lecture estim\u00e9e":"1 minute"},"schema":{"@context":"https:\/\/schema.org","@graph":[{"@type":"WebPage","@id":"https:\/\/revolutionpadelstore.com\/fr\/produit\/short-bullpadel-maceda-015-kaki-3\/","url":"https:\/\/revolutionpadelstore.com\/fr\/produit\/short-bullpadel-maceda-015-kaki-3\/","name":"SHORT BULLPADEL MACEDA 015 KAKI - Revolution Padel Store","isPartOf":{"@id":"https:\/\/revolutionpadelstore.com\/fr\/#website"},"primaryImageOfPage":{"@id":"https:\/\/revolutionpadelstore.com\/fr\/produit\/short-bullpadel-maceda-015-kaki-3\/#primaryimage"},"image":{"@id":"https:\/\/revolutionpadelstore.com\/fr\/produit\/short-bullpadel-maceda-015-kaki-3\/#primaryimage"},"thumbnailUrl":"https:\/\/revolutionpadelstore.com\/wp-content\/uploads\/2025\/02\/114408_short_bullpadel_maceda_015_kaki_1200x1200_1_0204.webp","datePublished":"2025-02-18T22:13:14+00:00","dateModified":"2026-04-08T05:02:15+00:00","breadcrumb":{"@id":"https:\/\/revolutionpadelstore.com\/fr\/produit\/short-bullpadel-maceda-015-kaki-3\/#breadcrumb"},"inLanguage":"fr-FR","potentialAction":[{"@type":"ReadAction","target":["https:\/\/revolutionpadelstore.com\/fr\/produit\/short-bullpadel-maceda-015-kaki-3\/"]}]},{"@type":"ImageObject","inLanguage":"fr-FR","@id":"https:\/\/revolutionpadelstore.com\/fr\/produit\/short-bullpadel-maceda-015-kaki-3\/#primaryimage","url":"https:\/\/revolutionpadelstore.com\/wp-content\/uploads\/2025\/02\/114408_short_bullpadel_maceda_015_kaki_1200x1200_1_0204.webp","contentUrl":"https:\/\/revolutionpadelstore.com\/wp-content\/uploads\/2025\/02\/114408_short_bullpadel_maceda_015_kaki_1200x1200_1_0204.webp","width":1200,"height":1200},{"@type":"BreadcrumbList","@id":"https:\/\/revolutionpadelstore.com\/fr\/produit\/short-bullpadel-maceda-015-kaki-3\/#breadcrumb","itemListElement":[{"@type":"ListItem","position":1,"name":"Portada","item":"https:\/\/revolutionpadelstore.com\/fr\/"},{"@type":"ListItem","position":2,"name":"Boutique","item":"https:\/\/revolutionpadelstore.com\/fr\/tienda\/"},{"@type":"ListItem","position":3,"name":"SHORT BULLPADEL MACEDA 015 KAKI"}]},{"@type":"WebSite","@id":"https:\/\/revolutionpadelstore.com\/fr\/#website","url":"https:\/\/revolutionpadelstore.com\/fr\/","name":"Revolution Padel Store","description":"","publisher":{"@id":"https:\/\/revolutionpadelstore.com\/fr\/#organization"},"potentialAction":[{"@type":"SearchAction","target":{"@type":"EntryPoint","urlTemplate":"https:\/\/revolutionpadelstore.com\/fr\/?s={search_term_string}"},"query-input":{"@type":"PropertyValueSpecification","valueRequired":true,"valueName":"search_term_string"}}],"inLanguage":"fr-FR"},{"@type":"Organization","@id":"https:\/\/revolutionpadelstore.com\/fr\/#organization","name":"Revolution Padel Store","url":"https:\/\/revolutionpadelstore.com\/fr\/","logo":{"@type":"ImageObject","inLanguage":"fr-FR","@id":"https:\/\/revolutionpadelstore.com\/fr\/#\/schema\/logo\/image\/","url":"https:\/\/revolutionpadelstore.com\/wp-content\/uploads\/2026\/02\/revolution-padel-store.jpg","contentUrl":"https:\/\/revolutionpadelstore.com\/wp-content\/uploads\/2026\/02\/revolution-padel-store.jpg","width":2000,"height":2000,"caption":"Revolution Padel Store"},"image":{"@id":"https:\/\/revolutionpadelstore.com\/fr\/#\/schema\/logo\/image\/"},"sameAs":["https:\/\/www.instagram.com\/revolutionpadelstore\/"]}]}},"_links":{"self":[{"href":"https:\/\/revolutionpadelstore.com\/fr\/wp-json\/wp\/v2\/product\/179444","targetHints":{"allow":["GET"]}}],"collection":[{"href":"https:\/\/revolutionpadelstore.com\/fr\/wp-json\/wp\/v2\/product"}],"about":[{"href":"https:\/\/revolutionpadelstore.com\/fr\/wp-json\/wp\/v2\/types\/product"}],"replies":[{"embeddable":true,"href":"https:\/\/revolutionpadelstore.com\/fr\/wp-json\/wp\/v2\/comments?post=179444"}],"wp:featuredmedia":[{"embeddable":true,"href":"https:\/\/revolutionpadelstore.com\/fr\/wp-json\/wp\/v2\/media\/179471"}],"wp:attachment":[{"href":"https:\/\/revolutionpadelstore.com\/fr\/wp-json\/wp\/v2\/media?parent=179444"}],"wp:term":[{"taxonomy":"acabado","embeddable":true,"href":"https:\/\/revolutionpadelstore.com\/fr\/wp-json\/wp\/v2\/acabado?post=179444"},{"taxonomy":"balance","embeddable":true,"href":"https:\/\/revolutionpadelstore.com\/fr\/wp-json\/wp\/v2\/balance?post=179444"},{"taxonomy":"dureza","embeddable":true,"href":"https:\/\/revolutionpadelstore.com\/fr\/wp-json\/wp\/v2\/dureza?post=179444"},{"taxonomy":"forma","embeddable":true,"href":"https:\/\/revolutionpadelstore.com\/fr\/wp-json\/wp\/v2\/forma?post=179444"},{"taxonomy":"jugador","embeddable":true,"href":"https:\/\/revolutionpadelstore.com\/fr\/wp-json\/wp\/v2\/jugador?post=179444"},{"taxonomy":"marca","embeddable":true,"href":"https:\/\/revolutionpadelstore.com\/fr\/wp-json\/wp\/v2\/marca?post=179444"},{"taxonomy":"nivel-de-juego","embeddable":true,"href":"https:\/\/revolutionpadelstore.com\/fr\/wp-json\/wp\/v2\/nivel-de-juego?post=179444"},{"taxonomy":"superficie","embeddable":true,"href":"https:\/\/revolutionpadelstore.com\/fr\/wp-json\/wp\/v2\/superficie?post=179444"},{"taxonomy":"tipo-de-juego","embeddable":true,"href":"https:\/\/revolutionpadelstore.com\/fr\/wp-json\/wp\/v2\/tipo-de-juego?post=179444"},{"taxonomy":"product_brand","embeddable":true,"href":"https:\/\/revolutionpadelstore.com\/fr\/wp-json\/wp\/v2\/product_brand?post=179444"},{"taxonomy":"product_cat","embeddable":true,"href":"https:\/\/revolutionpadelstore.com\/fr\/wp-json\/wp\/v2\/product_cat?post=179444"},{"taxonomy":"product_tag","embeddable":true,"href":"https:\/\/revolutionpadelstore.com\/fr\/wp-json\/wp\/v2\/product_tag?post=179444"}],"curies":[{"name":"wp","href":"https:\/\/api.w.org\/{rel}","templated":true}]}}