{"id":17840,"date":"2024-04-22T15:23:14","date_gmt":"2024-04-22T13:23:14","guid":{"rendered":"https:\/\/revolutionpadelstore.com\/zapatillas-bullpadel-performance-grip-24v-blanco\/"},"modified":"2026-04-08T13:07:30","modified_gmt":"2026-04-08T11:07:30","slug":"zapatillas-bullpadel-performance-grip-24v-blanco-3","status":"publish","type":"product","link":"https:\/\/revolutionpadelstore.com\/fr\/produit\/zapatillas-bullpadel-performance-grip-24v-blanco-3\/","title":{"rendered":"Zapatillas Bullpadel Performance Grip 24V Blanco"},"content":{"rendered":"<p>Obtenez les meilleures chaussures Bullpadel Performance Grip dans la boutique Revolution Padel. Si vous \u00eates un joueur de padel passionn\u00e9 et que vous recherchez des chaussures qui vous offrent une excellente adh\u00e9rence sur le terrain, alors les chaussures Bullpadel Performance Grip 24V blanches sont l&#8217;option parfaite pour vous. Con\u00e7ues pour les joueurs de tous niveaux, ces chaussures se distinguent par leur semelle pure \u00e0 chevrons qui garantit une adh\u00e9rence exceptionnelle sur tout type de surface.<\/p>\n<p> Mais ce n&#8217;est pas tout, ces chaussures disposent \u00e9galement du syst\u00e8me ROTOX, qui vous permettra d&#8217;effectuer des virages de mani\u00e8re plus fluide et plus efficace, en obtenant un \u00e9quilibre parfait entre adh\u00e9rence et mobilit\u00e9. Id\u00e9ales pour les terrains plus sablonneux, les chaussures Bullpadel Performance Grip 24V blanches vous offriront la stabilit\u00e9 et la traction dont vous avez besoin pour glisser en toute confiance sur le terrain.<\/p>\n<p> Chez Revolution Padel Store, notre magasin sp\u00e9cialis\u00e9 dans les articles de padel, vous pourrez retrouver les chaussures Bullpadel Performance Grip 24V Blanches et bien d&#8217;autres produits de la marque Bullpadel, reconnue pour sa qualit\u00e9 et ses performances dans le monde du padel. N&#8217;attendez plus et achetez d\u00e8s maintenant vos chaussures Bullpadel Performance Grip dans la boutique Revolution Padel, o\u00f9 vous trouverez les meilleurs prix et une grande vari\u00e9t\u00e9 de produits pour que vous puissiez profiter au maximum de ce sport. Obtenez-les et ressentez la diff\u00e9rence dans votre jeu !<\/p>\n","protected":false},"excerpt":{"rendered":"<p>D\u00e9couvrez les chaussures Bullpadel Performance Grip 24V White chez Revolution Padel Store, id\u00e9ales pour une adh\u00e9rence optimale sur le terrain.<\/p>\n","protected":false},"featured_media":45261,"comment_status":"closed","ping_status":"closed","template":"","meta":{"_acf_changed":false,"_joinchat":[]},"acabado":[],"balance":[],"dureza":[],"forma":[],"jugador":[1192],"marca":[1257],"nivel-de-juego":[1337,1342,1347],"superficie":[],"tipo-de-juego":[1372,1377],"product_brand":[],"product_cat":[407],"product_tag":[],"class_list":{"0":"post-17840","1":"product","2":"type-product","3":"status-publish","4":"has-post-thumbnail","6":"jugador-homme","7":"marca-bullpadel-fr","8":"tipo-de-juego-control-fr","9":"tipo-de-juego-puissance","10":"product_cat-sneakers-pour-hommes","12":"first","13":"outofstock","14":"taxable","15":"shipping-taxable","16":"purchasable","17":"product-type-variable"},"acf":[],"yoast_head":"<!-- This site is optimized with the Yoast SEO plugin v27.4 - https:\/\/yoast.com\/product\/yoast-seo-wordpress\/ -->\n<title>Zapatillas Bullpadel Performance Grip 24V Blanco - Revolution Padel Store<\/title>\n<meta name=\"description\" content=\"Descubre las zapatillas Bullpadel Performance Grip 24V Blanco en Revolution Padel Store, ideales para un \u00f3ptimo agarre en la pista.\" \/>\n<meta name=\"robots\" content=\"index, follow, max-snippet:-1, max-image-preview:large, max-video-preview:-1\" \/>\n<link rel=\"canonical\" href=\"https:\/\/revolutionpadelstore.com\/fr\/produit\/zapatillas-bullpadel-performance-grip-24v-blanco-3\/\" \/>\n<meta property=\"og:locale\" content=\"fr_FR\" \/>\n<meta property=\"og:type\" content=\"article\" \/>\n<meta property=\"og:title\" content=\"Zapatillas Bullpadel Performance Grip 24V Blanco - Revolution Padel Store\" \/>\n<meta property=\"og:description\" content=\"Descubre las zapatillas Bullpadel Performance Grip 24V Blanco en Revolution Padel Store, ideales para un \u00f3ptimo agarre en la pista.\" \/>\n<meta property=\"og:url\" content=\"https:\/\/revolutionpadelstore.com\/fr\/produit\/zapatillas-bullpadel-performance-grip-24v-blanco-3\/\" \/>\n<meta property=\"og:site_name\" content=\"Revolution Padel Store\" \/>\n<meta property=\"article:modified_time\" content=\"2026-04-08T11:07:30+00:00\" \/>\n<meta property=\"og:image\" content=\"https:\/\/revolutionpadelstore.com\/wp-content\/uploads\/2024\/04\/18974-0-4.jpg\" \/>\n\t<meta property=\"og:image:width\" content=\"800\" \/>\n\t<meta property=\"og:image:height\" content=\"800\" \/>\n\t<meta property=\"og:image:type\" content=\"image\/png\" \/>\n<meta name=\"twitter:card\" content=\"summary_large_image\" \/>\n<meta name=\"twitter:label1\" content=\"Dur\u00e9e de lecture estim\u00e9e\" \/>\n\t<meta name=\"twitter:data1\" content=\"1 minute\" \/>\n<script type=\"application\/ld+json\" class=\"yoast-schema-graph\">{\"@context\":\"https:\\\/\\\/schema.org\",\"@graph\":[{\"@type\":\"WebPage\",\"@id\":\"https:\\\/\\\/revolutionpadelstore.com\\\/fr\\\/produit\\\/zapatillas-bullpadel-performance-grip-24v-blanco-3\\\/\",\"url\":\"https:\\\/\\\/revolutionpadelstore.com\\\/fr\\\/produit\\\/zapatillas-bullpadel-performance-grip-24v-blanco-3\\\/\",\"name\":\"Zapatillas Bullpadel Performance Grip 24V Blanco - Revolution Padel Store\",\"isPartOf\":{\"@id\":\"https:\\\/\\\/revolutionpadelstore.com\\\/fr\\\/#website\"},\"primaryImageOfPage\":{\"@id\":\"https:\\\/\\\/revolutionpadelstore.com\\\/fr\\\/produit\\\/zapatillas-bullpadel-performance-grip-24v-blanco-3\\\/#primaryimage\"},\"image\":{\"@id\":\"https:\\\/\\\/revolutionpadelstore.com\\\/fr\\\/produit\\\/zapatillas-bullpadel-performance-grip-24v-blanco-3\\\/#primaryimage\"},\"thumbnailUrl\":\"https:\\\/\\\/revolutionpadelstore.com\\\/wp-content\\\/uploads\\\/2024\\\/04\\\/18974-0-4.jpg\",\"datePublished\":\"2024-04-22T13:23:14+00:00\",\"dateModified\":\"2026-04-08T11:07:30+00:00\",\"description\":\"Descubre las zapatillas Bullpadel Performance Grip 24V Blanco en Revolution Padel Store, ideales para un \u00f3ptimo agarre en la pista.\",\"breadcrumb\":{\"@id\":\"https:\\\/\\\/revolutionpadelstore.com\\\/fr\\\/produit\\\/zapatillas-bullpadel-performance-grip-24v-blanco-3\\\/#breadcrumb\"},\"inLanguage\":\"fr-FR\",\"potentialAction\":[{\"@type\":\"ReadAction\",\"target\":[\"https:\\\/\\\/revolutionpadelstore.com\\\/fr\\\/produit\\\/zapatillas-bullpadel-performance-grip-24v-blanco-3\\\/\"]}]},{\"@type\":\"ImageObject\",\"inLanguage\":\"fr-FR\",\"@id\":\"https:\\\/\\\/revolutionpadelstore.com\\\/fr\\\/produit\\\/zapatillas-bullpadel-performance-grip-24v-blanco-3\\\/#primaryimage\",\"url\":\"https:\\\/\\\/revolutionpadelstore.com\\\/wp-content\\\/uploads\\\/2024\\\/04\\\/18974-0-4.jpg\",\"contentUrl\":\"https:\\\/\\\/revolutionpadelstore.com\\\/wp-content\\\/uploads\\\/2024\\\/04\\\/18974-0-4.jpg\",\"width\":800,\"height\":800},{\"@type\":\"BreadcrumbList\",\"@id\":\"https:\\\/\\\/revolutionpadelstore.com\\\/fr\\\/produit\\\/zapatillas-bullpadel-performance-grip-24v-blanco-3\\\/#breadcrumb\",\"itemListElement\":[{\"@type\":\"ListItem\",\"position\":1,\"name\":\"Portada\",\"item\":\"https:\\\/\\\/revolutionpadelstore.com\\\/fr\\\/\"},{\"@type\":\"ListItem\",\"position\":2,\"name\":\"Boutique\",\"item\":\"https:\\\/\\\/revolutionpadelstore.com\\\/fr\\\/tienda\\\/\"},{\"@type\":\"ListItem\",\"position\":3,\"name\":\"Zapatillas Bullpadel Performance Grip 24V Blanco\"}]},{\"@type\":\"WebSite\",\"@id\":\"https:\\\/\\\/revolutionpadelstore.com\\\/fr\\\/#website\",\"url\":\"https:\\\/\\\/revolutionpadelstore.com\\\/fr\\\/\",\"name\":\"Revolution Padel Store\",\"description\":\"\",\"publisher\":{\"@id\":\"https:\\\/\\\/revolutionpadelstore.com\\\/fr\\\/#organization\"},\"potentialAction\":[{\"@type\":\"SearchAction\",\"target\":{\"@type\":\"EntryPoint\",\"urlTemplate\":\"https:\\\/\\\/revolutionpadelstore.com\\\/fr\\\/?s={search_term_string}\"},\"query-input\":{\"@type\":\"PropertyValueSpecification\",\"valueRequired\":true,\"valueName\":\"search_term_string\"}}],\"inLanguage\":\"fr-FR\"},{\"@type\":\"Organization\",\"@id\":\"https:\\\/\\\/revolutionpadelstore.com\\\/fr\\\/#organization\",\"name\":\"Revolution Padel Store\",\"url\":\"https:\\\/\\\/revolutionpadelstore.com\\\/fr\\\/\",\"logo\":{\"@type\":\"ImageObject\",\"inLanguage\":\"fr-FR\",\"@id\":\"https:\\\/\\\/revolutionpadelstore.com\\\/fr\\\/#\\\/schema\\\/logo\\\/image\\\/\",\"url\":\"https:\\\/\\\/revolutionpadelstore.com\\\/wp-content\\\/uploads\\\/2026\\\/02\\\/revolution-padel-store.jpg\",\"contentUrl\":\"https:\\\/\\\/revolutionpadelstore.com\\\/wp-content\\\/uploads\\\/2026\\\/02\\\/revolution-padel-store.jpg\",\"width\":2000,\"height\":2000,\"caption\":\"Revolution Padel Store\"},\"image\":{\"@id\":\"https:\\\/\\\/revolutionpadelstore.com\\\/fr\\\/#\\\/schema\\\/logo\\\/image\\\/\"},\"sameAs\":[\"https:\\\/\\\/www.instagram.com\\\/revolutionpadelstore\\\/\"]}]}<\/script>\n<!-- \/ Yoast SEO plugin. -->","yoast_head_json":{"title":"Zapatillas Bullpadel Performance Grip 24V Blanco - Revolution Padel Store","description":"Descubre las zapatillas Bullpadel Performance Grip 24V Blanco en Revolution Padel Store, ideales para un \u00f3ptimo agarre en la pista.","robots":{"index":"index","follow":"follow","max-snippet":"max-snippet:-1","max-image-preview":"max-image-preview:large","max-video-preview":"max-video-preview:-1"},"canonical":"https:\/\/revolutionpadelstore.com\/fr\/produit\/zapatillas-bullpadel-performance-grip-24v-blanco-3\/","og_locale":"fr_FR","og_type":"article","og_title":"Zapatillas Bullpadel Performance Grip 24V Blanco - Revolution Padel Store","og_description":"Descubre las zapatillas Bullpadel Performance Grip 24V Blanco en Revolution Padel Store, ideales para un \u00f3ptimo agarre en la pista.","og_url":"https:\/\/revolutionpadelstore.com\/fr\/produit\/zapatillas-bullpadel-performance-grip-24v-blanco-3\/","og_site_name":"Revolution Padel Store","article_modified_time":"2026-04-08T11:07:30+00:00","og_image":[{"width":800,"height":800,"url":"https:\/\/revolutionpadelstore.com\/wp-content\/uploads\/2024\/04\/18974-0-4.jpg","type":"image\/png"}],"twitter_card":"summary_large_image","twitter_misc":{"Dur\u00e9e de lecture estim\u00e9e":"1 minute"},"schema":{"@context":"https:\/\/schema.org","@graph":[{"@type":"WebPage","@id":"https:\/\/revolutionpadelstore.com\/fr\/produit\/zapatillas-bullpadel-performance-grip-24v-blanco-3\/","url":"https:\/\/revolutionpadelstore.com\/fr\/produit\/zapatillas-bullpadel-performance-grip-24v-blanco-3\/","name":"Zapatillas Bullpadel Performance Grip 24V Blanco - Revolution Padel Store","isPartOf":{"@id":"https:\/\/revolutionpadelstore.com\/fr\/#website"},"primaryImageOfPage":{"@id":"https:\/\/revolutionpadelstore.com\/fr\/produit\/zapatillas-bullpadel-performance-grip-24v-blanco-3\/#primaryimage"},"image":{"@id":"https:\/\/revolutionpadelstore.com\/fr\/produit\/zapatillas-bullpadel-performance-grip-24v-blanco-3\/#primaryimage"},"thumbnailUrl":"https:\/\/revolutionpadelstore.com\/wp-content\/uploads\/2024\/04\/18974-0-4.jpg","datePublished":"2024-04-22T13:23:14+00:00","dateModified":"2026-04-08T11:07:30+00:00","description":"Descubre las zapatillas Bullpadel Performance Grip 24V Blanco en Revolution Padel Store, ideales para un \u00f3ptimo agarre en la pista.","breadcrumb":{"@id":"https:\/\/revolutionpadelstore.com\/fr\/produit\/zapatillas-bullpadel-performance-grip-24v-blanco-3\/#breadcrumb"},"inLanguage":"fr-FR","potentialAction":[{"@type":"ReadAction","target":["https:\/\/revolutionpadelstore.com\/fr\/produit\/zapatillas-bullpadel-performance-grip-24v-blanco-3\/"]}]},{"@type":"ImageObject","inLanguage":"fr-FR","@id":"https:\/\/revolutionpadelstore.com\/fr\/produit\/zapatillas-bullpadel-performance-grip-24v-blanco-3\/#primaryimage","url":"https:\/\/revolutionpadelstore.com\/wp-content\/uploads\/2024\/04\/18974-0-4.jpg","contentUrl":"https:\/\/revolutionpadelstore.com\/wp-content\/uploads\/2024\/04\/18974-0-4.jpg","width":800,"height":800},{"@type":"BreadcrumbList","@id":"https:\/\/revolutionpadelstore.com\/fr\/produit\/zapatillas-bullpadel-performance-grip-24v-blanco-3\/#breadcrumb","itemListElement":[{"@type":"ListItem","position":1,"name":"Portada","item":"https:\/\/revolutionpadelstore.com\/fr\/"},{"@type":"ListItem","position":2,"name":"Boutique","item":"https:\/\/revolutionpadelstore.com\/fr\/tienda\/"},{"@type":"ListItem","position":3,"name":"Zapatillas Bullpadel Performance Grip 24V Blanco"}]},{"@type":"WebSite","@id":"https:\/\/revolutionpadelstore.com\/fr\/#website","url":"https:\/\/revolutionpadelstore.com\/fr\/","name":"Revolution Padel Store","description":"","publisher":{"@id":"https:\/\/revolutionpadelstore.com\/fr\/#organization"},"potentialAction":[{"@type":"SearchAction","target":{"@type":"EntryPoint","urlTemplate":"https:\/\/revolutionpadelstore.com\/fr\/?s={search_term_string}"},"query-input":{"@type":"PropertyValueSpecification","valueRequired":true,"valueName":"search_term_string"}}],"inLanguage":"fr-FR"},{"@type":"Organization","@id":"https:\/\/revolutionpadelstore.com\/fr\/#organization","name":"Revolution Padel Store","url":"https:\/\/revolutionpadelstore.com\/fr\/","logo":{"@type":"ImageObject","inLanguage":"fr-FR","@id":"https:\/\/revolutionpadelstore.com\/fr\/#\/schema\/logo\/image\/","url":"https:\/\/revolutionpadelstore.com\/wp-content\/uploads\/2026\/02\/revolution-padel-store.jpg","contentUrl":"https:\/\/revolutionpadelstore.com\/wp-content\/uploads\/2026\/02\/revolution-padel-store.jpg","width":2000,"height":2000,"caption":"Revolution Padel Store"},"image":{"@id":"https:\/\/revolutionpadelstore.com\/fr\/#\/schema\/logo\/image\/"},"sameAs":["https:\/\/www.instagram.com\/revolutionpadelstore\/"]}]}},"_links":{"self":[{"href":"https:\/\/revolutionpadelstore.com\/fr\/wp-json\/wp\/v2\/product\/17840","targetHints":{"allow":["GET"]}}],"collection":[{"href":"https:\/\/revolutionpadelstore.com\/fr\/wp-json\/wp\/v2\/product"}],"about":[{"href":"https:\/\/revolutionpadelstore.com\/fr\/wp-json\/wp\/v2\/types\/product"}],"replies":[{"embeddable":true,"href":"https:\/\/revolutionpadelstore.com\/fr\/wp-json\/wp\/v2\/comments?post=17840"}],"wp:featuredmedia":[{"embeddable":true,"href":"https:\/\/revolutionpadelstore.com\/fr\/wp-json\/wp\/v2\/media\/45261"}],"wp:attachment":[{"href":"https:\/\/revolutionpadelstore.com\/fr\/wp-json\/wp\/v2\/media?parent=17840"}],"wp:term":[{"taxonomy":"acabado","embeddable":true,"href":"https:\/\/revolutionpadelstore.com\/fr\/wp-json\/wp\/v2\/acabado?post=17840"},{"taxonomy":"balance","embeddable":true,"href":"https:\/\/revolutionpadelstore.com\/fr\/wp-json\/wp\/v2\/balance?post=17840"},{"taxonomy":"dureza","embeddable":true,"href":"https:\/\/revolutionpadelstore.com\/fr\/wp-json\/wp\/v2\/dureza?post=17840"},{"taxonomy":"forma","embeddable":true,"href":"https:\/\/revolutionpadelstore.com\/fr\/wp-json\/wp\/v2\/forma?post=17840"},{"taxonomy":"jugador","embeddable":true,"href":"https:\/\/revolutionpadelstore.com\/fr\/wp-json\/wp\/v2\/jugador?post=17840"},{"taxonomy":"marca","embeddable":true,"href":"https:\/\/revolutionpadelstore.com\/fr\/wp-json\/wp\/v2\/marca?post=17840"},{"taxonomy":"nivel-de-juego","embeddable":true,"href":"https:\/\/revolutionpadelstore.com\/fr\/wp-json\/wp\/v2\/nivel-de-juego?post=17840"},{"taxonomy":"superficie","embeddable":true,"href":"https:\/\/revolutionpadelstore.com\/fr\/wp-json\/wp\/v2\/superficie?post=17840"},{"taxonomy":"tipo-de-juego","embeddable":true,"href":"https:\/\/revolutionpadelstore.com\/fr\/wp-json\/wp\/v2\/tipo-de-juego?post=17840"},{"taxonomy":"product_brand","embeddable":true,"href":"https:\/\/revolutionpadelstore.com\/fr\/wp-json\/wp\/v2\/product_brand?post=17840"},{"taxonomy":"product_cat","embeddable":true,"href":"https:\/\/revolutionpadelstore.com\/fr\/wp-json\/wp\/v2\/product_cat?post=17840"},{"taxonomy":"product_tag","embeddable":true,"href":"https:\/\/revolutionpadelstore.com\/fr\/wp-json\/wp\/v2\/product_tag?post=17840"}],"curies":[{"name":"wp","href":"https:\/\/api.w.org\/{rel}","templated":true}]}}