{"id":177620,"date":"2025-02-19T00:07:11","date_gmt":"2025-02-18T23:07:11","guid":{"rendered":"https:\/\/revolutionpadelstore.com\/polo-bullpadel-balto-012-blanco\/"},"modified":"2026-04-08T06:49:56","modified_gmt":"2026-04-08T04:49:56","slug":"polo-bullpadel-balto-012-blanco-3","status":"publish","type":"product","link":"https:\/\/revolutionpadelstore.com\/fr\/produit\/polo-bullpadel-balto-012-blanco-3\/","title":{"rendered":"POLO BULLPADEL BALTO 012 BLANCO"},"content":{"rendered":"<p>&lt;Il<br \/>\nBullpadel Balto est un poteau technique con\u00e7u par l&#039;homme pour offrir un confort maximal et des performances de piste. Fabriqu\u00e9 avec du tissu Jacquard 100% polyester Jacquard, ce v\u00eatement ressort de sa douceur, de sa respirabilit\u00e9 et de sa capacit\u00e9 \u00e0 garder la peau au sec \u00e0 tout moment. Gr\u00e2ce \u00e0 une technologie plus rapide, qui int\u00e8gre des microfilaments avanc\u00e9s, la sueur est optimale, facilitant une \u00e9vaporation rapide et efficace.<\/p>\n<h2> Caract\u00e9ristiques du p\u00f4le Balto en bullpadel <\/h2>\n<p> &#8211; Mat\u00e9riel: 100% Polyester Jacquard.<br \/>\n<P> &#8211; Technologie plus rapide: am\u00e9liore la respirabilit\u00e9 et absorbe l&#8217;humidit\u00e9.<br \/>\n<P> &#8211; Design moderne et sportif: je vigo avec trois pi\u00e8ces de contraste.<\/p>\n<p> &#8211; Confort et ajustement optimal: Col de c\u00f4te et bouton frontal pour un meilleur ajustement.<\/p>\n<p> &#8211; Id\u00e9al pour la comp\u00e9tition et la formation: lumi\u00e8re et flexible pour une plus grande libert\u00e9 de mouvement.<br \/>\nCe <strong> bullpadel paddle poteau <\/strong> n&#8217;est pas seulement un v\u00eatement fonctionnel, mais se distingue \u00e9galement de son design moderne et sportif, parfait pour les joueurs \u00e0 la recherche d&#8217;un style \u00e9l\u00e9gant sans abandonner les performances. Sa structure ergonomique vous permet de vous d\u00e9placer avec une libert\u00e9 totale, facilitant les d\u00e9placements sur la piste.<\/p>\n<p><strong> Obtenez le p\u00f4le Balto Bullpadel au meilleur prix de notre boutique en ligne &lt;a href = &quot;https:\/\/chatgpt.com\/g\/g-675432e026888191b6ee6d6f2fdbb15e-optimisation-textos\/c\/www.revolutionpadelstore.com&quot; F\u00eate.<\/p>\n<h2>Polo Bullpadel Balto \u2013 Ligereza y transpirabilidad para el m\u00e1ximo rendimiento<\/h2>\n","protected":false},"excerpt":{"rendered":"<p>Le p\u00f4le Bullpadel Balto est enti\u00e8rement fabriqu\u00e9 en polyester et a une finition plus rapide, qui offre une fra\u00eecheur, un confort et une l\u00e9g\u00e8ret\u00e9 exceptionnels.<\/p>\n","protected":false},"featured_media":177748,"comment_status":"open","ping_status":"closed","template":"","meta":{"_acf_changed":false,"_joinchat":[]},"acabado":[],"balance":[],"dureza":[],"forma":[],"jugador":[1192],"marca":[],"nivel-de-juego":[],"superficie":[],"tipo-de-juego":[],"product_brand":[],"product_cat":[344],"product_tag":[],"class_list":{"0":"post-177620","1":"product","2":"type-product","3":"status-publish","4":"has-post-thumbnail","6":"jugador-homme","7":"product_cat-ropa-fr","9":"first","10":"outofstock","11":"sale","12":"taxable","13":"shipping-taxable","14":"purchasable","15":"product-type-variable"},"acf":[],"yoast_head":"<!-- This site is optimized with the Yoast SEO plugin v27.4 - https:\/\/yoast.com\/product\/yoast-seo-wordpress\/ -->\n<title>POLO BULLPADEL BALTO 012 BLANCO - Revolution Padel Store<\/title>\n<meta name=\"description\" content=\"Compra el polo Bullpadel Balto en nuestra tienda online. Tejido ultraligero, tecnolog\u00eda Quickerdry y dise\u00f1o deportivo para un m\u00e1ximo confort en la pista. \u00a1Mejor precio garantizado!\" \/>\n<meta name=\"robots\" content=\"index, follow, max-snippet:-1, max-image-preview:large, max-video-preview:-1\" \/>\n<link rel=\"canonical\" href=\"https:\/\/revolutionpadelstore.com\/fr\/produit\/polo-bullpadel-balto-012-blanco-3\/\" \/>\n<meta property=\"og:locale\" content=\"fr_FR\" \/>\n<meta property=\"og:type\" content=\"article\" \/>\n<meta property=\"og:title\" content=\"POLO BULLPADEL BALTO 012 BLANCO - Revolution Padel Store\" \/>\n<meta property=\"og:description\" content=\"Compra el polo Bullpadel Balto en nuestra tienda online. Tejido ultraligero, tecnolog\u00eda Quickerdry y dise\u00f1o deportivo para un m\u00e1ximo confort en la pista. \u00a1Mejor precio garantizado!\" \/>\n<meta property=\"og:url\" content=\"https:\/\/revolutionpadelstore.com\/fr\/produit\/polo-bullpadel-balto-012-blanco-3\/\" \/>\n<meta property=\"og:site_name\" content=\"Revolution Padel Store\" \/>\n<meta property=\"article:modified_time\" content=\"2026-04-08T04:49:56+00:00\" \/>\n<meta property=\"og:image\" content=\"https:\/\/revolutionpadelstore.com\/wp-content\/uploads\/2025\/02\/polo-bullpadel-balto-blanco-4.jpg\" \/>\n\t<meta property=\"og:image:width\" content=\"1000\" \/>\n\t<meta property=\"og:image:height\" content=\"1188\" \/>\n\t<meta property=\"og:image:type\" content=\"image\/jpeg\" \/>\n<meta name=\"twitter:card\" content=\"summary_large_image\" \/>\n<meta name=\"twitter:label1\" content=\"Dur\u00e9e de lecture estim\u00e9e\" \/>\n\t<meta name=\"twitter:data1\" content=\"1 minute\" \/>\n<script type=\"application\/ld+json\" class=\"yoast-schema-graph\">{\"@context\":\"https:\\\/\\\/schema.org\",\"@graph\":[{\"@type\":\"WebPage\",\"@id\":\"https:\\\/\\\/revolutionpadelstore.com\\\/fr\\\/produit\\\/polo-bullpadel-balto-012-blanco-3\\\/\",\"url\":\"https:\\\/\\\/revolutionpadelstore.com\\\/fr\\\/produit\\\/polo-bullpadel-balto-012-blanco-3\\\/\",\"name\":\"POLO BULLPADEL BALTO 012 BLANCO - Revolution Padel Store\",\"isPartOf\":{\"@id\":\"https:\\\/\\\/revolutionpadelstore.com\\\/fr\\\/#website\"},\"primaryImageOfPage\":{\"@id\":\"https:\\\/\\\/revolutionpadelstore.com\\\/fr\\\/produit\\\/polo-bullpadel-balto-012-blanco-3\\\/#primaryimage\"},\"image\":{\"@id\":\"https:\\\/\\\/revolutionpadelstore.com\\\/fr\\\/produit\\\/polo-bullpadel-balto-012-blanco-3\\\/#primaryimage\"},\"thumbnailUrl\":\"https:\\\/\\\/revolutionpadelstore.com\\\/wp-content\\\/uploads\\\/2025\\\/02\\\/polo-bullpadel-balto-blanco-4.jpg\",\"datePublished\":\"2025-02-18T23:07:11+00:00\",\"dateModified\":\"2026-04-08T04:49:56+00:00\",\"description\":\"Compra el polo Bullpadel Balto en nuestra tienda online. Tejido ultraligero, tecnolog\u00eda Quickerdry y dise\u00f1o deportivo para un m\u00e1ximo confort en la pista. \u00a1Mejor precio garantizado!\",\"breadcrumb\":{\"@id\":\"https:\\\/\\\/revolutionpadelstore.com\\\/fr\\\/produit\\\/polo-bullpadel-balto-012-blanco-3\\\/#breadcrumb\"},\"inLanguage\":\"fr-FR\",\"potentialAction\":[{\"@type\":\"ReadAction\",\"target\":[\"https:\\\/\\\/revolutionpadelstore.com\\\/fr\\\/produit\\\/polo-bullpadel-balto-012-blanco-3\\\/\"]}]},{\"@type\":\"ImageObject\",\"inLanguage\":\"fr-FR\",\"@id\":\"https:\\\/\\\/revolutionpadelstore.com\\\/fr\\\/produit\\\/polo-bullpadel-balto-012-blanco-3\\\/#primaryimage\",\"url\":\"https:\\\/\\\/revolutionpadelstore.com\\\/wp-content\\\/uploads\\\/2025\\\/02\\\/polo-bullpadel-balto-blanco-4.jpg\",\"contentUrl\":\"https:\\\/\\\/revolutionpadelstore.com\\\/wp-content\\\/uploads\\\/2025\\\/02\\\/polo-bullpadel-balto-blanco-4.jpg\",\"width\":1000,\"height\":1188},{\"@type\":\"BreadcrumbList\",\"@id\":\"https:\\\/\\\/revolutionpadelstore.com\\\/fr\\\/produit\\\/polo-bullpadel-balto-012-blanco-3\\\/#breadcrumb\",\"itemListElement\":[{\"@type\":\"ListItem\",\"position\":1,\"name\":\"Portada\",\"item\":\"https:\\\/\\\/revolutionpadelstore.com\\\/fr\\\/\"},{\"@type\":\"ListItem\",\"position\":2,\"name\":\"Boutique\",\"item\":\"https:\\\/\\\/revolutionpadelstore.com\\\/fr\\\/tienda\\\/\"},{\"@type\":\"ListItem\",\"position\":3,\"name\":\"POLO BULLPADEL BALTO 012 BLANCO\"}]},{\"@type\":\"WebSite\",\"@id\":\"https:\\\/\\\/revolutionpadelstore.com\\\/fr\\\/#website\",\"url\":\"https:\\\/\\\/revolutionpadelstore.com\\\/fr\\\/\",\"name\":\"Revolution Padel Store\",\"description\":\"\",\"publisher\":{\"@id\":\"https:\\\/\\\/revolutionpadelstore.com\\\/fr\\\/#organization\"},\"potentialAction\":[{\"@type\":\"SearchAction\",\"target\":{\"@type\":\"EntryPoint\",\"urlTemplate\":\"https:\\\/\\\/revolutionpadelstore.com\\\/fr\\\/?s={search_term_string}\"},\"query-input\":{\"@type\":\"PropertyValueSpecification\",\"valueRequired\":true,\"valueName\":\"search_term_string\"}}],\"inLanguage\":\"fr-FR\"},{\"@type\":\"Organization\",\"@id\":\"https:\\\/\\\/revolutionpadelstore.com\\\/fr\\\/#organization\",\"name\":\"Revolution Padel Store\",\"url\":\"https:\\\/\\\/revolutionpadelstore.com\\\/fr\\\/\",\"logo\":{\"@type\":\"ImageObject\",\"inLanguage\":\"fr-FR\",\"@id\":\"https:\\\/\\\/revolutionpadelstore.com\\\/fr\\\/#\\\/schema\\\/logo\\\/image\\\/\",\"url\":\"https:\\\/\\\/revolutionpadelstore.com\\\/wp-content\\\/uploads\\\/2026\\\/02\\\/revolution-padel-store.jpg\",\"contentUrl\":\"https:\\\/\\\/revolutionpadelstore.com\\\/wp-content\\\/uploads\\\/2026\\\/02\\\/revolution-padel-store.jpg\",\"width\":2000,\"height\":2000,\"caption\":\"Revolution Padel Store\"},\"image\":{\"@id\":\"https:\\\/\\\/revolutionpadelstore.com\\\/fr\\\/#\\\/schema\\\/logo\\\/image\\\/\"},\"sameAs\":[\"https:\\\/\\\/www.instagram.com\\\/revolutionpadelstore\\\/\"]}]}<\/script>\n<!-- \/ Yoast SEO plugin. -->","yoast_head_json":{"title":"POLO BULLPADEL BALTO 012 BLANCO - Revolution Padel Store","description":"Compra el polo Bullpadel Balto en nuestra tienda online. Tejido ultraligero, tecnolog\u00eda Quickerdry y dise\u00f1o deportivo para un m\u00e1ximo confort en la pista. \u00a1Mejor precio garantizado!","robots":{"index":"index","follow":"follow","max-snippet":"max-snippet:-1","max-image-preview":"max-image-preview:large","max-video-preview":"max-video-preview:-1"},"canonical":"https:\/\/revolutionpadelstore.com\/fr\/produit\/polo-bullpadel-balto-012-blanco-3\/","og_locale":"fr_FR","og_type":"article","og_title":"POLO BULLPADEL BALTO 012 BLANCO - Revolution Padel Store","og_description":"Compra el polo Bullpadel Balto en nuestra tienda online. Tejido ultraligero, tecnolog\u00eda Quickerdry y dise\u00f1o deportivo para un m\u00e1ximo confort en la pista. \u00a1Mejor precio garantizado!","og_url":"https:\/\/revolutionpadelstore.com\/fr\/produit\/polo-bullpadel-balto-012-blanco-3\/","og_site_name":"Revolution Padel Store","article_modified_time":"2026-04-08T04:49:56+00:00","og_image":[{"width":1000,"height":1188,"url":"https:\/\/revolutionpadelstore.com\/wp-content\/uploads\/2025\/02\/polo-bullpadel-balto-blanco-4.jpg","type":"image\/jpeg"}],"twitter_card":"summary_large_image","twitter_misc":{"Dur\u00e9e de lecture estim\u00e9e":"1 minute"},"schema":{"@context":"https:\/\/schema.org","@graph":[{"@type":"WebPage","@id":"https:\/\/revolutionpadelstore.com\/fr\/produit\/polo-bullpadel-balto-012-blanco-3\/","url":"https:\/\/revolutionpadelstore.com\/fr\/produit\/polo-bullpadel-balto-012-blanco-3\/","name":"POLO BULLPADEL BALTO 012 BLANCO - Revolution Padel Store","isPartOf":{"@id":"https:\/\/revolutionpadelstore.com\/fr\/#website"},"primaryImageOfPage":{"@id":"https:\/\/revolutionpadelstore.com\/fr\/produit\/polo-bullpadel-balto-012-blanco-3\/#primaryimage"},"image":{"@id":"https:\/\/revolutionpadelstore.com\/fr\/produit\/polo-bullpadel-balto-012-blanco-3\/#primaryimage"},"thumbnailUrl":"https:\/\/revolutionpadelstore.com\/wp-content\/uploads\/2025\/02\/polo-bullpadel-balto-blanco-4.jpg","datePublished":"2025-02-18T23:07:11+00:00","dateModified":"2026-04-08T04:49:56+00:00","description":"Compra el polo Bullpadel Balto en nuestra tienda online. Tejido ultraligero, tecnolog\u00eda Quickerdry y dise\u00f1o deportivo para un m\u00e1ximo confort en la pista. \u00a1Mejor precio garantizado!","breadcrumb":{"@id":"https:\/\/revolutionpadelstore.com\/fr\/produit\/polo-bullpadel-balto-012-blanco-3\/#breadcrumb"},"inLanguage":"fr-FR","potentialAction":[{"@type":"ReadAction","target":["https:\/\/revolutionpadelstore.com\/fr\/produit\/polo-bullpadel-balto-012-blanco-3\/"]}]},{"@type":"ImageObject","inLanguage":"fr-FR","@id":"https:\/\/revolutionpadelstore.com\/fr\/produit\/polo-bullpadel-balto-012-blanco-3\/#primaryimage","url":"https:\/\/revolutionpadelstore.com\/wp-content\/uploads\/2025\/02\/polo-bullpadel-balto-blanco-4.jpg","contentUrl":"https:\/\/revolutionpadelstore.com\/wp-content\/uploads\/2025\/02\/polo-bullpadel-balto-blanco-4.jpg","width":1000,"height":1188},{"@type":"BreadcrumbList","@id":"https:\/\/revolutionpadelstore.com\/fr\/produit\/polo-bullpadel-balto-012-blanco-3\/#breadcrumb","itemListElement":[{"@type":"ListItem","position":1,"name":"Portada","item":"https:\/\/revolutionpadelstore.com\/fr\/"},{"@type":"ListItem","position":2,"name":"Boutique","item":"https:\/\/revolutionpadelstore.com\/fr\/tienda\/"},{"@type":"ListItem","position":3,"name":"POLO BULLPADEL BALTO 012 BLANCO"}]},{"@type":"WebSite","@id":"https:\/\/revolutionpadelstore.com\/fr\/#website","url":"https:\/\/revolutionpadelstore.com\/fr\/","name":"Revolution Padel Store","description":"","publisher":{"@id":"https:\/\/revolutionpadelstore.com\/fr\/#organization"},"potentialAction":[{"@type":"SearchAction","target":{"@type":"EntryPoint","urlTemplate":"https:\/\/revolutionpadelstore.com\/fr\/?s={search_term_string}"},"query-input":{"@type":"PropertyValueSpecification","valueRequired":true,"valueName":"search_term_string"}}],"inLanguage":"fr-FR"},{"@type":"Organization","@id":"https:\/\/revolutionpadelstore.com\/fr\/#organization","name":"Revolution Padel Store","url":"https:\/\/revolutionpadelstore.com\/fr\/","logo":{"@type":"ImageObject","inLanguage":"fr-FR","@id":"https:\/\/revolutionpadelstore.com\/fr\/#\/schema\/logo\/image\/","url":"https:\/\/revolutionpadelstore.com\/wp-content\/uploads\/2026\/02\/revolution-padel-store.jpg","contentUrl":"https:\/\/revolutionpadelstore.com\/wp-content\/uploads\/2026\/02\/revolution-padel-store.jpg","width":2000,"height":2000,"caption":"Revolution Padel Store"},"image":{"@id":"https:\/\/revolutionpadelstore.com\/fr\/#\/schema\/logo\/image\/"},"sameAs":["https:\/\/www.instagram.com\/revolutionpadelstore\/"]}]}},"_links":{"self":[{"href":"https:\/\/revolutionpadelstore.com\/fr\/wp-json\/wp\/v2\/product\/177620","targetHints":{"allow":["GET"]}}],"collection":[{"href":"https:\/\/revolutionpadelstore.com\/fr\/wp-json\/wp\/v2\/product"}],"about":[{"href":"https:\/\/revolutionpadelstore.com\/fr\/wp-json\/wp\/v2\/types\/product"}],"replies":[{"embeddable":true,"href":"https:\/\/revolutionpadelstore.com\/fr\/wp-json\/wp\/v2\/comments?post=177620"}],"wp:featuredmedia":[{"embeddable":true,"href":"https:\/\/revolutionpadelstore.com\/fr\/wp-json\/wp\/v2\/media\/177748"}],"wp:attachment":[{"href":"https:\/\/revolutionpadelstore.com\/fr\/wp-json\/wp\/v2\/media?parent=177620"}],"wp:term":[{"taxonomy":"acabado","embeddable":true,"href":"https:\/\/revolutionpadelstore.com\/fr\/wp-json\/wp\/v2\/acabado?post=177620"},{"taxonomy":"balance","embeddable":true,"href":"https:\/\/revolutionpadelstore.com\/fr\/wp-json\/wp\/v2\/balance?post=177620"},{"taxonomy":"dureza","embeddable":true,"href":"https:\/\/revolutionpadelstore.com\/fr\/wp-json\/wp\/v2\/dureza?post=177620"},{"taxonomy":"forma","embeddable":true,"href":"https:\/\/revolutionpadelstore.com\/fr\/wp-json\/wp\/v2\/forma?post=177620"},{"taxonomy":"jugador","embeddable":true,"href":"https:\/\/revolutionpadelstore.com\/fr\/wp-json\/wp\/v2\/jugador?post=177620"},{"taxonomy":"marca","embeddable":true,"href":"https:\/\/revolutionpadelstore.com\/fr\/wp-json\/wp\/v2\/marca?post=177620"},{"taxonomy":"nivel-de-juego","embeddable":true,"href":"https:\/\/revolutionpadelstore.com\/fr\/wp-json\/wp\/v2\/nivel-de-juego?post=177620"},{"taxonomy":"superficie","embeddable":true,"href":"https:\/\/revolutionpadelstore.com\/fr\/wp-json\/wp\/v2\/superficie?post=177620"},{"taxonomy":"tipo-de-juego","embeddable":true,"href":"https:\/\/revolutionpadelstore.com\/fr\/wp-json\/wp\/v2\/tipo-de-juego?post=177620"},{"taxonomy":"product_brand","embeddable":true,"href":"https:\/\/revolutionpadelstore.com\/fr\/wp-json\/wp\/v2\/product_brand?post=177620"},{"taxonomy":"product_cat","embeddable":true,"href":"https:\/\/revolutionpadelstore.com\/fr\/wp-json\/wp\/v2\/product_cat?post=177620"},{"taxonomy":"product_tag","embeddable":true,"href":"https:\/\/revolutionpadelstore.com\/fr\/wp-json\/wp\/v2\/product_tag?post=177620"}],"curies":[{"name":"wp","href":"https:\/\/api.w.org\/{rel}","templated":true}]}}