{"id":17715,"date":"2024-04-22T15:23:14","date_gmt":"2024-04-22T13:23:14","guid":{"rendered":"https:\/\/revolutionpadelstore.com\/zapatillas-mizuno-wave-exceed-tour-5-azul-oscuro-turquesa\/"},"modified":"2026-04-01T09:46:12","modified_gmt":"2026-04-01T07:46:12","slug":"zapatillas-mizuno-wave-exceed-tour-5-azul-oscuro-turquesa-3","status":"publish","type":"product","link":"https:\/\/revolutionpadelstore.com\/fr\/produit\/zapatillas-mizuno-wave-exceed-tour-5-azul-oscuro-turquesa-3\/","title":{"rendered":"Zapatillas Mizuno Wave Exceed Tour 5 Azul Oscuro Turquesa"},"content":{"rendered":"<p>Trouvez les chaussures Mizuno Wave Exceed Tour 5 dans le Revolution Padel Store et faites passer votre jeu au niveau sup\u00e9rieur. Con\u00e7ues pour le joueur avanc\u00e9 \u00e0 la recherche d&#8217;une r\u00e9ponse explosive maximale, ces chaussures vous offrent une combinaison parfaite de vitesse, de l\u00e9g\u00e8ret\u00e9 et de flexibilit\u00e9. Avec une toute nouvelle construction de doublure et un design sup\u00e9rieur 3D-SOLID remodel\u00e9, vous ressentirez une plus grande flexibilit\u00e9 et un plus grand confort \u00e0 chaque mouvement.<\/p>\n<p> La technologie MIZUNO WAVE\u00ae augmente la stabilit\u00e9 de la cheville et redistribue les impacts, vous offrant plus de contr\u00f4le et de pr\u00e9cision \u00e0 chaque tir. De plus, la semelle ext\u00e9rieure DuRubber garantit durabilit\u00e9 et long\u00e9vit\u00e9, afin que vous puissiez donner le meilleur de vous-m\u00eame \u00e0 chaque match.<\/p>\n<p> N&#8217;attendez plus et achetez les chaussures Mizuno Wave Exceed Tour 5 chez Revolution Padel Store, le magasin sp\u00e9cialis\u00e9 dans les articles de padel de haute qualit\u00e9. Gr\u00e2ce \u00e0 notre large s\u00e9lection de produits, vous trouverez tout ce dont vous avez besoin pour am\u00e9liorer votre jeu et atteindre vos objectifs sur le terrain. Procurez-vous les meilleures chaussures et devenez un joueur imparable !<\/p>\n","protected":false},"excerpt":{"rendered":"<p>Obtenez les nouvelles chaussures Mizuno Wave Exceed Tour 5 dans le Revolution Padel Store. Plus rapide, plus l\u00e9ger et plus flexible que jamais.<\/p>\n","protected":false},"featured_media":5437,"comment_status":"closed","ping_status":"open","template":"","meta":{"_acf_changed":false,"_joinchat":[]},"acabado":[],"balance":[],"dureza":[],"forma":[],"jugador":[],"marca":[1332],"nivel-de-juego":[],"superficie":[],"tipo-de-juego":[],"product_brand":[],"product_cat":[407],"product_tag":[],"class_list":{"0":"post-17715","1":"product","2":"type-product","3":"status-publish","4":"has-post-thumbnail","6":"marca-mizuno-fr","7":"product_cat-sneakers-pour-hommes","9":"first","10":"outofstock","11":"sale","12":"taxable","13":"shipping-taxable","14":"purchasable","15":"product-type-simple"},"acf":[],"yoast_head":"<!-- This site is optimized with the Yoast SEO plugin v27.3 - https:\/\/yoast.com\/product\/yoast-seo-wordpress\/ -->\n<title>Zapatillas Mizuno Wave Exceed Tour 5 Azul Oscuro Turquesa - Revolution Padel Store<\/title>\n<meta name=\"description\" content=\"Consigue las nuevas Zapatillas Mizuno Wave Exceed Tour 5 en Revolution Padel Store. M\u00e1s r\u00e1pidas, ligeras y flexibles que nunca.\" \/>\n<meta name=\"robots\" content=\"index, follow, max-snippet:-1, max-image-preview:large, max-video-preview:-1\" \/>\n<link rel=\"canonical\" href=\"https:\/\/revolutionpadelstore.com\/fr\/produit\/zapatillas-mizuno-wave-exceed-tour-5-azul-oscuro-turquesa-3\/\" \/>\n<meta property=\"og:locale\" content=\"fr_FR\" \/>\n<meta property=\"og:type\" content=\"article\" \/>\n<meta property=\"og:title\" content=\"Zapatillas Mizuno Wave Exceed Tour 5 Azul Oscuro Turquesa - Revolution Padel Store\" \/>\n<meta property=\"og:description\" content=\"Consigue las nuevas Zapatillas Mizuno Wave Exceed Tour 5 en Revolution Padel Store. M\u00e1s r\u00e1pidas, ligeras y flexibles que nunca.\" \/>\n<meta property=\"og:url\" content=\"https:\/\/revolutionpadelstore.com\/fr\/produit\/zapatillas-mizuno-wave-exceed-tour-5-azul-oscuro-turquesa-3\/\" \/>\n<meta property=\"og:site_name\" content=\"Revolution Padel Store\" \/>\n<meta property=\"article:modified_time\" content=\"2026-04-01T07:46:12+00:00\" \/>\n<meta property=\"og:image\" content=\"https:\/\/revolutionpadelstore.com\/wp-content\/uploads\/2024\/04\/16161-0-4.jpg\" \/>\n\t<meta property=\"og:image:width\" content=\"800\" \/>\n\t<meta property=\"og:image:height\" content=\"800\" \/>\n\t<meta property=\"og:image:type\" content=\"image\/png\" \/>\n<meta name=\"twitter:card\" content=\"summary_large_image\" \/>\n<meta name=\"twitter:label1\" content=\"Dur\u00e9e de lecture estim\u00e9e\" \/>\n\t<meta name=\"twitter:data1\" content=\"1 minute\" \/>\n<script type=\"application\/ld+json\" class=\"yoast-schema-graph\">{\"@context\":\"https:\\\/\\\/schema.org\",\"@graph\":[{\"@type\":\"WebPage\",\"@id\":\"https:\\\/\\\/revolutionpadelstore.com\\\/fr\\\/produit\\\/zapatillas-mizuno-wave-exceed-tour-5-azul-oscuro-turquesa-3\\\/\",\"url\":\"https:\\\/\\\/revolutionpadelstore.com\\\/fr\\\/produit\\\/zapatillas-mizuno-wave-exceed-tour-5-azul-oscuro-turquesa-3\\\/\",\"name\":\"Zapatillas Mizuno Wave Exceed Tour 5 Azul Oscuro Turquesa - Revolution Padel Store\",\"isPartOf\":{\"@id\":\"https:\\\/\\\/revolutionpadelstore.com\\\/fr\\\/#website\"},\"primaryImageOfPage\":{\"@id\":\"https:\\\/\\\/revolutionpadelstore.com\\\/fr\\\/produit\\\/zapatillas-mizuno-wave-exceed-tour-5-azul-oscuro-turquesa-3\\\/#primaryimage\"},\"image\":{\"@id\":\"https:\\\/\\\/revolutionpadelstore.com\\\/fr\\\/produit\\\/zapatillas-mizuno-wave-exceed-tour-5-azul-oscuro-turquesa-3\\\/#primaryimage\"},\"thumbnailUrl\":\"https:\\\/\\\/revolutionpadelstore.com\\\/wp-content\\\/uploads\\\/2024\\\/04\\\/16161-0-4.jpg\",\"datePublished\":\"2024-04-22T13:23:14+00:00\",\"dateModified\":\"2026-04-01T07:46:12+00:00\",\"description\":\"Consigue las nuevas Zapatillas Mizuno Wave Exceed Tour 5 en Revolution Padel Store. M\u00e1s r\u00e1pidas, ligeras y flexibles que nunca.\",\"breadcrumb\":{\"@id\":\"https:\\\/\\\/revolutionpadelstore.com\\\/fr\\\/produit\\\/zapatillas-mizuno-wave-exceed-tour-5-azul-oscuro-turquesa-3\\\/#breadcrumb\"},\"inLanguage\":\"fr-FR\",\"potentialAction\":[{\"@type\":\"ReadAction\",\"target\":[\"https:\\\/\\\/revolutionpadelstore.com\\\/fr\\\/produit\\\/zapatillas-mizuno-wave-exceed-tour-5-azul-oscuro-turquesa-3\\\/\"]}]},{\"@type\":\"ImageObject\",\"inLanguage\":\"fr-FR\",\"@id\":\"https:\\\/\\\/revolutionpadelstore.com\\\/fr\\\/produit\\\/zapatillas-mizuno-wave-exceed-tour-5-azul-oscuro-turquesa-3\\\/#primaryimage\",\"url\":\"https:\\\/\\\/revolutionpadelstore.com\\\/wp-content\\\/uploads\\\/2024\\\/04\\\/16161-0-4.jpg\",\"contentUrl\":\"https:\\\/\\\/revolutionpadelstore.com\\\/wp-content\\\/uploads\\\/2024\\\/04\\\/16161-0-4.jpg\",\"width\":800,\"height\":800},{\"@type\":\"BreadcrumbList\",\"@id\":\"https:\\\/\\\/revolutionpadelstore.com\\\/fr\\\/produit\\\/zapatillas-mizuno-wave-exceed-tour-5-azul-oscuro-turquesa-3\\\/#breadcrumb\",\"itemListElement\":[{\"@type\":\"ListItem\",\"position\":1,\"name\":\"Portada\",\"item\":\"https:\\\/\\\/revolutionpadelstore.com\\\/fr\\\/\"},{\"@type\":\"ListItem\",\"position\":2,\"name\":\"Boutique\",\"item\":\"https:\\\/\\\/revolutionpadelstore.com\\\/fr\\\/tienda\\\/\"},{\"@type\":\"ListItem\",\"position\":3,\"name\":\"Zapatillas Mizuno Wave Exceed Tour 5 Azul Oscuro Turquesa\"}]},{\"@type\":\"WebSite\",\"@id\":\"https:\\\/\\\/revolutionpadelstore.com\\\/fr\\\/#website\",\"url\":\"https:\\\/\\\/revolutionpadelstore.com\\\/fr\\\/\",\"name\":\"Revolution Padel Store\",\"description\":\"\",\"publisher\":{\"@id\":\"https:\\\/\\\/revolutionpadelstore.com\\\/fr\\\/#organization\"},\"potentialAction\":[{\"@type\":\"SearchAction\",\"target\":{\"@type\":\"EntryPoint\",\"urlTemplate\":\"https:\\\/\\\/revolutionpadelstore.com\\\/fr\\\/?s={search_term_string}\"},\"query-input\":{\"@type\":\"PropertyValueSpecification\",\"valueRequired\":true,\"valueName\":\"search_term_string\"}}],\"inLanguage\":\"fr-FR\"},{\"@type\":\"Organization\",\"@id\":\"https:\\\/\\\/revolutionpadelstore.com\\\/fr\\\/#organization\",\"name\":\"Revolution Padel Store\",\"url\":\"https:\\\/\\\/revolutionpadelstore.com\\\/fr\\\/\",\"logo\":{\"@type\":\"ImageObject\",\"inLanguage\":\"fr-FR\",\"@id\":\"https:\\\/\\\/revolutionpadelstore.com\\\/fr\\\/#\\\/schema\\\/logo\\\/image\\\/\",\"url\":\"https:\\\/\\\/revolutionpadelstore.com\\\/wp-content\\\/uploads\\\/2026\\\/02\\\/revolution-padel-store.jpg\",\"contentUrl\":\"https:\\\/\\\/revolutionpadelstore.com\\\/wp-content\\\/uploads\\\/2026\\\/02\\\/revolution-padel-store.jpg\",\"width\":2000,\"height\":2000,\"caption\":\"Revolution Padel Store\"},\"image\":{\"@id\":\"https:\\\/\\\/revolutionpadelstore.com\\\/fr\\\/#\\\/schema\\\/logo\\\/image\\\/\"},\"sameAs\":[\"https:\\\/\\\/www.instagram.com\\\/revolutionpadelstore\\\/\"]}]}<\/script>\n<!-- \/ Yoast SEO plugin. -->","yoast_head_json":{"title":"Zapatillas Mizuno Wave Exceed Tour 5 Azul Oscuro Turquesa - Revolution Padel Store","description":"Consigue las nuevas Zapatillas Mizuno Wave Exceed Tour 5 en Revolution Padel Store. M\u00e1s r\u00e1pidas, ligeras y flexibles que nunca.","robots":{"index":"index","follow":"follow","max-snippet":"max-snippet:-1","max-image-preview":"max-image-preview:large","max-video-preview":"max-video-preview:-1"},"canonical":"https:\/\/revolutionpadelstore.com\/fr\/produit\/zapatillas-mizuno-wave-exceed-tour-5-azul-oscuro-turquesa-3\/","og_locale":"fr_FR","og_type":"article","og_title":"Zapatillas Mizuno Wave Exceed Tour 5 Azul Oscuro Turquesa - Revolution Padel Store","og_description":"Consigue las nuevas Zapatillas Mizuno Wave Exceed Tour 5 en Revolution Padel Store. M\u00e1s r\u00e1pidas, ligeras y flexibles que nunca.","og_url":"https:\/\/revolutionpadelstore.com\/fr\/produit\/zapatillas-mizuno-wave-exceed-tour-5-azul-oscuro-turquesa-3\/","og_site_name":"Revolution Padel Store","article_modified_time":"2026-04-01T07:46:12+00:00","og_image":[{"width":800,"height":800,"url":"https:\/\/revolutionpadelstore.com\/wp-content\/uploads\/2024\/04\/16161-0-4.jpg","type":"image\/png"}],"twitter_card":"summary_large_image","twitter_misc":{"Dur\u00e9e de lecture estim\u00e9e":"1 minute"},"schema":{"@context":"https:\/\/schema.org","@graph":[{"@type":"WebPage","@id":"https:\/\/revolutionpadelstore.com\/fr\/produit\/zapatillas-mizuno-wave-exceed-tour-5-azul-oscuro-turquesa-3\/","url":"https:\/\/revolutionpadelstore.com\/fr\/produit\/zapatillas-mizuno-wave-exceed-tour-5-azul-oscuro-turquesa-3\/","name":"Zapatillas Mizuno Wave Exceed Tour 5 Azul Oscuro Turquesa - Revolution Padel Store","isPartOf":{"@id":"https:\/\/revolutionpadelstore.com\/fr\/#website"},"primaryImageOfPage":{"@id":"https:\/\/revolutionpadelstore.com\/fr\/produit\/zapatillas-mizuno-wave-exceed-tour-5-azul-oscuro-turquesa-3\/#primaryimage"},"image":{"@id":"https:\/\/revolutionpadelstore.com\/fr\/produit\/zapatillas-mizuno-wave-exceed-tour-5-azul-oscuro-turquesa-3\/#primaryimage"},"thumbnailUrl":"https:\/\/revolutionpadelstore.com\/wp-content\/uploads\/2024\/04\/16161-0-4.jpg","datePublished":"2024-04-22T13:23:14+00:00","dateModified":"2026-04-01T07:46:12+00:00","description":"Consigue las nuevas Zapatillas Mizuno Wave Exceed Tour 5 en Revolution Padel Store. M\u00e1s r\u00e1pidas, ligeras y flexibles que nunca.","breadcrumb":{"@id":"https:\/\/revolutionpadelstore.com\/fr\/produit\/zapatillas-mizuno-wave-exceed-tour-5-azul-oscuro-turquesa-3\/#breadcrumb"},"inLanguage":"fr-FR","potentialAction":[{"@type":"ReadAction","target":["https:\/\/revolutionpadelstore.com\/fr\/produit\/zapatillas-mizuno-wave-exceed-tour-5-azul-oscuro-turquesa-3\/"]}]},{"@type":"ImageObject","inLanguage":"fr-FR","@id":"https:\/\/revolutionpadelstore.com\/fr\/produit\/zapatillas-mizuno-wave-exceed-tour-5-azul-oscuro-turquesa-3\/#primaryimage","url":"https:\/\/revolutionpadelstore.com\/wp-content\/uploads\/2024\/04\/16161-0-4.jpg","contentUrl":"https:\/\/revolutionpadelstore.com\/wp-content\/uploads\/2024\/04\/16161-0-4.jpg","width":800,"height":800},{"@type":"BreadcrumbList","@id":"https:\/\/revolutionpadelstore.com\/fr\/produit\/zapatillas-mizuno-wave-exceed-tour-5-azul-oscuro-turquesa-3\/#breadcrumb","itemListElement":[{"@type":"ListItem","position":1,"name":"Portada","item":"https:\/\/revolutionpadelstore.com\/fr\/"},{"@type":"ListItem","position":2,"name":"Boutique","item":"https:\/\/revolutionpadelstore.com\/fr\/tienda\/"},{"@type":"ListItem","position":3,"name":"Zapatillas Mizuno Wave Exceed Tour 5 Azul Oscuro Turquesa"}]},{"@type":"WebSite","@id":"https:\/\/revolutionpadelstore.com\/fr\/#website","url":"https:\/\/revolutionpadelstore.com\/fr\/","name":"Revolution Padel Store","description":"","publisher":{"@id":"https:\/\/revolutionpadelstore.com\/fr\/#organization"},"potentialAction":[{"@type":"SearchAction","target":{"@type":"EntryPoint","urlTemplate":"https:\/\/revolutionpadelstore.com\/fr\/?s={search_term_string}"},"query-input":{"@type":"PropertyValueSpecification","valueRequired":true,"valueName":"search_term_string"}}],"inLanguage":"fr-FR"},{"@type":"Organization","@id":"https:\/\/revolutionpadelstore.com\/fr\/#organization","name":"Revolution Padel Store","url":"https:\/\/revolutionpadelstore.com\/fr\/","logo":{"@type":"ImageObject","inLanguage":"fr-FR","@id":"https:\/\/revolutionpadelstore.com\/fr\/#\/schema\/logo\/image\/","url":"https:\/\/revolutionpadelstore.com\/wp-content\/uploads\/2026\/02\/revolution-padel-store.jpg","contentUrl":"https:\/\/revolutionpadelstore.com\/wp-content\/uploads\/2026\/02\/revolution-padel-store.jpg","width":2000,"height":2000,"caption":"Revolution Padel Store"},"image":{"@id":"https:\/\/revolutionpadelstore.com\/fr\/#\/schema\/logo\/image\/"},"sameAs":["https:\/\/www.instagram.com\/revolutionpadelstore\/"]}]}},"_links":{"self":[{"href":"https:\/\/revolutionpadelstore.com\/fr\/wp-json\/wp\/v2\/product\/17715","targetHints":{"allow":["GET"]}}],"collection":[{"href":"https:\/\/revolutionpadelstore.com\/fr\/wp-json\/wp\/v2\/product"}],"about":[{"href":"https:\/\/revolutionpadelstore.com\/fr\/wp-json\/wp\/v2\/types\/product"}],"replies":[{"embeddable":true,"href":"https:\/\/revolutionpadelstore.com\/fr\/wp-json\/wp\/v2\/comments?post=17715"}],"wp:featuredmedia":[{"embeddable":true,"href":"https:\/\/revolutionpadelstore.com\/fr\/wp-json\/wp\/v2\/media\/5437"}],"wp:attachment":[{"href":"https:\/\/revolutionpadelstore.com\/fr\/wp-json\/wp\/v2\/media?parent=17715"}],"wp:term":[{"taxonomy":"acabado","embeddable":true,"href":"https:\/\/revolutionpadelstore.com\/fr\/wp-json\/wp\/v2\/acabado?post=17715"},{"taxonomy":"balance","embeddable":true,"href":"https:\/\/revolutionpadelstore.com\/fr\/wp-json\/wp\/v2\/balance?post=17715"},{"taxonomy":"dureza","embeddable":true,"href":"https:\/\/revolutionpadelstore.com\/fr\/wp-json\/wp\/v2\/dureza?post=17715"},{"taxonomy":"forma","embeddable":true,"href":"https:\/\/revolutionpadelstore.com\/fr\/wp-json\/wp\/v2\/forma?post=17715"},{"taxonomy":"jugador","embeddable":true,"href":"https:\/\/revolutionpadelstore.com\/fr\/wp-json\/wp\/v2\/jugador?post=17715"},{"taxonomy":"marca","embeddable":true,"href":"https:\/\/revolutionpadelstore.com\/fr\/wp-json\/wp\/v2\/marca?post=17715"},{"taxonomy":"nivel-de-juego","embeddable":true,"href":"https:\/\/revolutionpadelstore.com\/fr\/wp-json\/wp\/v2\/nivel-de-juego?post=17715"},{"taxonomy":"superficie","embeddable":true,"href":"https:\/\/revolutionpadelstore.com\/fr\/wp-json\/wp\/v2\/superficie?post=17715"},{"taxonomy":"tipo-de-juego","embeddable":true,"href":"https:\/\/revolutionpadelstore.com\/fr\/wp-json\/wp\/v2\/tipo-de-juego?post=17715"},{"taxonomy":"product_brand","embeddable":true,"href":"https:\/\/revolutionpadelstore.com\/fr\/wp-json\/wp\/v2\/product_brand?post=17715"},{"taxonomy":"product_cat","embeddable":true,"href":"https:\/\/revolutionpadelstore.com\/fr\/wp-json\/wp\/v2\/product_cat?post=17715"},{"taxonomy":"product_tag","embeddable":true,"href":"https:\/\/revolutionpadelstore.com\/fr\/wp-json\/wp\/v2\/product_tag?post=17715"}],"curies":[{"name":"wp","href":"https:\/\/api.w.org\/{rel}","templated":true}]}}