{"id":17565,"date":"2024-04-22T15:23:18","date_gmt":"2024-04-22T13:23:18","guid":{"rendered":"https:\/\/revolutionpadelstore.com\/zapatillas-bullpadel-paquito-navarro-hack-vibram-24v-negro\/"},"modified":"2026-04-08T13:01:06","modified_gmt":"2026-04-08T11:01:06","slug":"zapatillas-bullpadel-paquito-navarro-hack-vibram-24v-negro-3","status":"publish","type":"product","link":"https:\/\/revolutionpadelstore.com\/fr\/produit\/zapatillas-bullpadel-paquito-navarro-hack-vibram-24v-negro-3\/","title":{"rendered":"Zapatillas Bullpadel Paquito Navarro Hack Vibram 24V Negro"},"content":{"rendered":"<p>Vous \u00eates un joueur de padel passionn\u00e9 et vous recherchez les chaussures parfaites pour vos matchs intensifs ? Alors ne cherchez plus ! Revolution Padel Store a pour vous les incroyables chaussures Bullpadel Paquito Navarro Hack Vibram 24V, le choix id\u00e9al pour les joueurs les plus exigeants. <\/p>\n<p> Approuv\u00e9es par le c\u00e9l\u00e8bre joueur Paquito Navarro, ces chaussures allient parfaitement performance et durabilit\u00e9. Gr\u00e2ce \u00e0 sa semelle VIBRAM de haute qualit\u00e9 et \u00e0 sa protection en caoutchouc inject\u00e9 sur la pointe, vous serez pr\u00eat \u00e0 relever tous les d\u00e9fis sur le terrain sans vous soucier de l&#8217;usure de vos chaussures. <\/p>\n<p> Mais ce n&#8217;est pas tout, ces chaussures se distinguent \u00e9galement par leur maille technique innovante qui offre une excellente respirabilit\u00e9 et l\u00e9g\u00e8ret\u00e9, qui vous permettra de bouger avec agilit\u00e9 et confort \u00e0 chaque mouvement. De plus, son stabilisateur arri\u00e8re au niveau du talon vous offrira un plus grand soutien et une plus grande stabilit\u00e9 \u00e0 chaque pas. <\/p>\n<p> Et comme si cela ne suffisait pas, ces chaussures sont dot\u00e9es d&#8217;une semelle int\u00e9rieure ORTHOLITE qui garantira une marche douce et amortie, prot\u00e9geant vos pieds d&#8217;\u00e9ventuelles blessures. <\/p>\n<p> Ne perdez plus de temps et procurez-vous d\u00e8s maintenant les chaussures Bullpadel Paquito Navarro Hack Vibram 24V chez Revolution Padel Store, le magasin sp\u00e9cialis\u00e9 de padel o\u00f9 vous trouverez les meilleurs produits pour votre jeu. Faites comme Paquito Navarro et choisissez la meilleure option pour vos matchs intensifs !<\/p>\n","protected":false},"excerpt":{"rendered":"<p>Chaussures Bullpadel Paquito Navarro Hack Vibram 24V noires dans le Revolution Padel Store. Con\u00e7u pour les joueurs intensifs avec une semelle r\u00e9sistante.<\/p>\n","protected":false},"featured_media":5492,"comment_status":"closed","ping_status":"open","template":"","meta":{"_acf_changed":false,"_joinchat":[]},"acabado":[],"balance":[],"dureza":[],"forma":[],"jugador":[1192],"marca":[1257],"nivel-de-juego":[1337,1347],"superficie":[],"tipo-de-juego":[1372,1377],"product_brand":[],"product_cat":[407],"product_tag":[],"class_list":{"0":"post-17565","1":"product","2":"type-product","3":"status-publish","4":"has-post-thumbnail","6":"jugador-homme","7":"marca-bullpadel-fr","8":"tipo-de-juego-control-fr","9":"tipo-de-juego-puissance","10":"product_cat-sneakers-pour-hommes","12":"first","13":"outofstock","14":"sale","15":"taxable","16":"shipping-taxable","17":"purchasable","18":"product-type-variable"},"acf":[],"yoast_head":"<!-- This site is optimized with the Yoast SEO plugin v27.4 - https:\/\/yoast.com\/product\/yoast-seo-wordpress\/ -->\n<title>Zapatillas Bullpadel Paquito Navarro Hack Vibram 24V Negro - Revolution Padel Store<\/title>\n<meta name=\"description\" content=\"Zapatillas Bullpadel Paquito Navarro Hack Vibram 24V Negro en Revolution Padel Store. Dise\u00f1adas para jugadores intensivos con suela duradera.\" \/>\n<meta name=\"robots\" content=\"index, follow, max-snippet:-1, max-image-preview:large, max-video-preview:-1\" \/>\n<link rel=\"canonical\" href=\"https:\/\/revolutionpadelstore.com\/fr\/produit\/zapatillas-bullpadel-paquito-navarro-hack-vibram-24v-negro-3\/\" \/>\n<meta property=\"og:locale\" content=\"fr_FR\" \/>\n<meta property=\"og:type\" content=\"article\" \/>\n<meta property=\"og:title\" content=\"Zapatillas Bullpadel Paquito Navarro Hack Vibram 24V Negro - Revolution Padel Store\" \/>\n<meta property=\"og:description\" content=\"Zapatillas Bullpadel Paquito Navarro Hack Vibram 24V Negro en Revolution Padel Store. Dise\u00f1adas para jugadores intensivos con suela duradera.\" \/>\n<meta property=\"og:url\" content=\"https:\/\/revolutionpadelstore.com\/fr\/produit\/zapatillas-bullpadel-paquito-navarro-hack-vibram-24v-negro-3\/\" \/>\n<meta property=\"og:site_name\" content=\"Revolution Padel Store\" \/>\n<meta property=\"article:modified_time\" content=\"2026-04-08T11:01:06+00:00\" \/>\n<meta property=\"og:image\" content=\"https:\/\/revolutionpadelstore.com\/wp-content\/uploads\/2024\/04\/18385-0-4.jpg\" \/>\n\t<meta property=\"og:image:width\" content=\"800\" \/>\n\t<meta property=\"og:image:height\" content=\"800\" \/>\n\t<meta property=\"og:image:type\" content=\"image\/png\" \/>\n<meta name=\"twitter:card\" content=\"summary_large_image\" \/>\n<meta name=\"twitter:label1\" content=\"Dur\u00e9e de lecture estim\u00e9e\" \/>\n\t<meta name=\"twitter:data1\" content=\"1 minute\" \/>\n<script type=\"application\/ld+json\" class=\"yoast-schema-graph\">{\"@context\":\"https:\\\/\\\/schema.org\",\"@graph\":[{\"@type\":\"WebPage\",\"@id\":\"https:\\\/\\\/revolutionpadelstore.com\\\/fr\\\/produit\\\/zapatillas-bullpadel-paquito-navarro-hack-vibram-24v-negro-3\\\/\",\"url\":\"https:\\\/\\\/revolutionpadelstore.com\\\/fr\\\/produit\\\/zapatillas-bullpadel-paquito-navarro-hack-vibram-24v-negro-3\\\/\",\"name\":\"Zapatillas Bullpadel Paquito Navarro Hack Vibram 24V Negro - Revolution Padel Store\",\"isPartOf\":{\"@id\":\"https:\\\/\\\/revolutionpadelstore.com\\\/fr\\\/#website\"},\"primaryImageOfPage\":{\"@id\":\"https:\\\/\\\/revolutionpadelstore.com\\\/fr\\\/produit\\\/zapatillas-bullpadel-paquito-navarro-hack-vibram-24v-negro-3\\\/#primaryimage\"},\"image\":{\"@id\":\"https:\\\/\\\/revolutionpadelstore.com\\\/fr\\\/produit\\\/zapatillas-bullpadel-paquito-navarro-hack-vibram-24v-negro-3\\\/#primaryimage\"},\"thumbnailUrl\":\"https:\\\/\\\/revolutionpadelstore.com\\\/wp-content\\\/uploads\\\/2024\\\/04\\\/18385-0-4.jpg\",\"datePublished\":\"2024-04-22T13:23:18+00:00\",\"dateModified\":\"2026-04-08T11:01:06+00:00\",\"description\":\"Zapatillas Bullpadel Paquito Navarro Hack Vibram 24V Negro en Revolution Padel Store. Dise\u00f1adas para jugadores intensivos con suela duradera.\",\"breadcrumb\":{\"@id\":\"https:\\\/\\\/revolutionpadelstore.com\\\/fr\\\/produit\\\/zapatillas-bullpadel-paquito-navarro-hack-vibram-24v-negro-3\\\/#breadcrumb\"},\"inLanguage\":\"fr-FR\",\"potentialAction\":[{\"@type\":\"ReadAction\",\"target\":[\"https:\\\/\\\/revolutionpadelstore.com\\\/fr\\\/produit\\\/zapatillas-bullpadel-paquito-navarro-hack-vibram-24v-negro-3\\\/\"]}]},{\"@type\":\"ImageObject\",\"inLanguage\":\"fr-FR\",\"@id\":\"https:\\\/\\\/revolutionpadelstore.com\\\/fr\\\/produit\\\/zapatillas-bullpadel-paquito-navarro-hack-vibram-24v-negro-3\\\/#primaryimage\",\"url\":\"https:\\\/\\\/revolutionpadelstore.com\\\/wp-content\\\/uploads\\\/2024\\\/04\\\/18385-0-4.jpg\",\"contentUrl\":\"https:\\\/\\\/revolutionpadelstore.com\\\/wp-content\\\/uploads\\\/2024\\\/04\\\/18385-0-4.jpg\",\"width\":800,\"height\":800},{\"@type\":\"BreadcrumbList\",\"@id\":\"https:\\\/\\\/revolutionpadelstore.com\\\/fr\\\/produit\\\/zapatillas-bullpadel-paquito-navarro-hack-vibram-24v-negro-3\\\/#breadcrumb\",\"itemListElement\":[{\"@type\":\"ListItem\",\"position\":1,\"name\":\"Portada\",\"item\":\"https:\\\/\\\/revolutionpadelstore.com\\\/fr\\\/\"},{\"@type\":\"ListItem\",\"position\":2,\"name\":\"Boutique\",\"item\":\"https:\\\/\\\/revolutionpadelstore.com\\\/fr\\\/tienda\\\/\"},{\"@type\":\"ListItem\",\"position\":3,\"name\":\"Zapatillas Bullpadel Paquito Navarro Hack Vibram 24V Negro\"}]},{\"@type\":\"WebSite\",\"@id\":\"https:\\\/\\\/revolutionpadelstore.com\\\/fr\\\/#website\",\"url\":\"https:\\\/\\\/revolutionpadelstore.com\\\/fr\\\/\",\"name\":\"Revolution Padel Store\",\"description\":\"\",\"publisher\":{\"@id\":\"https:\\\/\\\/revolutionpadelstore.com\\\/fr\\\/#organization\"},\"potentialAction\":[{\"@type\":\"SearchAction\",\"target\":{\"@type\":\"EntryPoint\",\"urlTemplate\":\"https:\\\/\\\/revolutionpadelstore.com\\\/fr\\\/?s={search_term_string}\"},\"query-input\":{\"@type\":\"PropertyValueSpecification\",\"valueRequired\":true,\"valueName\":\"search_term_string\"}}],\"inLanguage\":\"fr-FR\"},{\"@type\":\"Organization\",\"@id\":\"https:\\\/\\\/revolutionpadelstore.com\\\/fr\\\/#organization\",\"name\":\"Revolution Padel Store\",\"url\":\"https:\\\/\\\/revolutionpadelstore.com\\\/fr\\\/\",\"logo\":{\"@type\":\"ImageObject\",\"inLanguage\":\"fr-FR\",\"@id\":\"https:\\\/\\\/revolutionpadelstore.com\\\/fr\\\/#\\\/schema\\\/logo\\\/image\\\/\",\"url\":\"https:\\\/\\\/revolutionpadelstore.com\\\/wp-content\\\/uploads\\\/2026\\\/02\\\/revolution-padel-store.jpg\",\"contentUrl\":\"https:\\\/\\\/revolutionpadelstore.com\\\/wp-content\\\/uploads\\\/2026\\\/02\\\/revolution-padel-store.jpg\",\"width\":2000,\"height\":2000,\"caption\":\"Revolution Padel Store\"},\"image\":{\"@id\":\"https:\\\/\\\/revolutionpadelstore.com\\\/fr\\\/#\\\/schema\\\/logo\\\/image\\\/\"},\"sameAs\":[\"https:\\\/\\\/www.instagram.com\\\/revolutionpadelstore\\\/\"]}]}<\/script>\n<!-- \/ Yoast SEO plugin. -->","yoast_head_json":{"title":"Zapatillas Bullpadel Paquito Navarro Hack Vibram 24V Negro - Revolution Padel Store","description":"Zapatillas Bullpadel Paquito Navarro Hack Vibram 24V Negro en Revolution Padel Store. Dise\u00f1adas para jugadores intensivos con suela duradera.","robots":{"index":"index","follow":"follow","max-snippet":"max-snippet:-1","max-image-preview":"max-image-preview:large","max-video-preview":"max-video-preview:-1"},"canonical":"https:\/\/revolutionpadelstore.com\/fr\/produit\/zapatillas-bullpadel-paquito-navarro-hack-vibram-24v-negro-3\/","og_locale":"fr_FR","og_type":"article","og_title":"Zapatillas Bullpadel Paquito Navarro Hack Vibram 24V Negro - Revolution Padel Store","og_description":"Zapatillas Bullpadel Paquito Navarro Hack Vibram 24V Negro en Revolution Padel Store. Dise\u00f1adas para jugadores intensivos con suela duradera.","og_url":"https:\/\/revolutionpadelstore.com\/fr\/produit\/zapatillas-bullpadel-paquito-navarro-hack-vibram-24v-negro-3\/","og_site_name":"Revolution Padel Store","article_modified_time":"2026-04-08T11:01:06+00:00","og_image":[{"width":800,"height":800,"url":"https:\/\/revolutionpadelstore.com\/wp-content\/uploads\/2024\/04\/18385-0-4.jpg","type":"image\/png"}],"twitter_card":"summary_large_image","twitter_misc":{"Dur\u00e9e de lecture estim\u00e9e":"1 minute"},"schema":{"@context":"https:\/\/schema.org","@graph":[{"@type":"WebPage","@id":"https:\/\/revolutionpadelstore.com\/fr\/produit\/zapatillas-bullpadel-paquito-navarro-hack-vibram-24v-negro-3\/","url":"https:\/\/revolutionpadelstore.com\/fr\/produit\/zapatillas-bullpadel-paquito-navarro-hack-vibram-24v-negro-3\/","name":"Zapatillas Bullpadel Paquito Navarro Hack Vibram 24V Negro - Revolution Padel Store","isPartOf":{"@id":"https:\/\/revolutionpadelstore.com\/fr\/#website"},"primaryImageOfPage":{"@id":"https:\/\/revolutionpadelstore.com\/fr\/produit\/zapatillas-bullpadel-paquito-navarro-hack-vibram-24v-negro-3\/#primaryimage"},"image":{"@id":"https:\/\/revolutionpadelstore.com\/fr\/produit\/zapatillas-bullpadel-paquito-navarro-hack-vibram-24v-negro-3\/#primaryimage"},"thumbnailUrl":"https:\/\/revolutionpadelstore.com\/wp-content\/uploads\/2024\/04\/18385-0-4.jpg","datePublished":"2024-04-22T13:23:18+00:00","dateModified":"2026-04-08T11:01:06+00:00","description":"Zapatillas Bullpadel Paquito Navarro Hack Vibram 24V Negro en Revolution Padel Store. Dise\u00f1adas para jugadores intensivos con suela duradera.","breadcrumb":{"@id":"https:\/\/revolutionpadelstore.com\/fr\/produit\/zapatillas-bullpadel-paquito-navarro-hack-vibram-24v-negro-3\/#breadcrumb"},"inLanguage":"fr-FR","potentialAction":[{"@type":"ReadAction","target":["https:\/\/revolutionpadelstore.com\/fr\/produit\/zapatillas-bullpadel-paquito-navarro-hack-vibram-24v-negro-3\/"]}]},{"@type":"ImageObject","inLanguage":"fr-FR","@id":"https:\/\/revolutionpadelstore.com\/fr\/produit\/zapatillas-bullpadel-paquito-navarro-hack-vibram-24v-negro-3\/#primaryimage","url":"https:\/\/revolutionpadelstore.com\/wp-content\/uploads\/2024\/04\/18385-0-4.jpg","contentUrl":"https:\/\/revolutionpadelstore.com\/wp-content\/uploads\/2024\/04\/18385-0-4.jpg","width":800,"height":800},{"@type":"BreadcrumbList","@id":"https:\/\/revolutionpadelstore.com\/fr\/produit\/zapatillas-bullpadel-paquito-navarro-hack-vibram-24v-negro-3\/#breadcrumb","itemListElement":[{"@type":"ListItem","position":1,"name":"Portada","item":"https:\/\/revolutionpadelstore.com\/fr\/"},{"@type":"ListItem","position":2,"name":"Boutique","item":"https:\/\/revolutionpadelstore.com\/fr\/tienda\/"},{"@type":"ListItem","position":3,"name":"Zapatillas Bullpadel Paquito Navarro Hack Vibram 24V Negro"}]},{"@type":"WebSite","@id":"https:\/\/revolutionpadelstore.com\/fr\/#website","url":"https:\/\/revolutionpadelstore.com\/fr\/","name":"Revolution Padel Store","description":"","publisher":{"@id":"https:\/\/revolutionpadelstore.com\/fr\/#organization"},"potentialAction":[{"@type":"SearchAction","target":{"@type":"EntryPoint","urlTemplate":"https:\/\/revolutionpadelstore.com\/fr\/?s={search_term_string}"},"query-input":{"@type":"PropertyValueSpecification","valueRequired":true,"valueName":"search_term_string"}}],"inLanguage":"fr-FR"},{"@type":"Organization","@id":"https:\/\/revolutionpadelstore.com\/fr\/#organization","name":"Revolution Padel Store","url":"https:\/\/revolutionpadelstore.com\/fr\/","logo":{"@type":"ImageObject","inLanguage":"fr-FR","@id":"https:\/\/revolutionpadelstore.com\/fr\/#\/schema\/logo\/image\/","url":"https:\/\/revolutionpadelstore.com\/wp-content\/uploads\/2026\/02\/revolution-padel-store.jpg","contentUrl":"https:\/\/revolutionpadelstore.com\/wp-content\/uploads\/2026\/02\/revolution-padel-store.jpg","width":2000,"height":2000,"caption":"Revolution Padel Store"},"image":{"@id":"https:\/\/revolutionpadelstore.com\/fr\/#\/schema\/logo\/image\/"},"sameAs":["https:\/\/www.instagram.com\/revolutionpadelstore\/"]}]}},"_links":{"self":[{"href":"https:\/\/revolutionpadelstore.com\/fr\/wp-json\/wp\/v2\/product\/17565","targetHints":{"allow":["GET"]}}],"collection":[{"href":"https:\/\/revolutionpadelstore.com\/fr\/wp-json\/wp\/v2\/product"}],"about":[{"href":"https:\/\/revolutionpadelstore.com\/fr\/wp-json\/wp\/v2\/types\/product"}],"replies":[{"embeddable":true,"href":"https:\/\/revolutionpadelstore.com\/fr\/wp-json\/wp\/v2\/comments?post=17565"}],"wp:featuredmedia":[{"embeddable":true,"href":"https:\/\/revolutionpadelstore.com\/fr\/wp-json\/wp\/v2\/media\/5492"}],"wp:attachment":[{"href":"https:\/\/revolutionpadelstore.com\/fr\/wp-json\/wp\/v2\/media?parent=17565"}],"wp:term":[{"taxonomy":"acabado","embeddable":true,"href":"https:\/\/revolutionpadelstore.com\/fr\/wp-json\/wp\/v2\/acabado?post=17565"},{"taxonomy":"balance","embeddable":true,"href":"https:\/\/revolutionpadelstore.com\/fr\/wp-json\/wp\/v2\/balance?post=17565"},{"taxonomy":"dureza","embeddable":true,"href":"https:\/\/revolutionpadelstore.com\/fr\/wp-json\/wp\/v2\/dureza?post=17565"},{"taxonomy":"forma","embeddable":true,"href":"https:\/\/revolutionpadelstore.com\/fr\/wp-json\/wp\/v2\/forma?post=17565"},{"taxonomy":"jugador","embeddable":true,"href":"https:\/\/revolutionpadelstore.com\/fr\/wp-json\/wp\/v2\/jugador?post=17565"},{"taxonomy":"marca","embeddable":true,"href":"https:\/\/revolutionpadelstore.com\/fr\/wp-json\/wp\/v2\/marca?post=17565"},{"taxonomy":"nivel-de-juego","embeddable":true,"href":"https:\/\/revolutionpadelstore.com\/fr\/wp-json\/wp\/v2\/nivel-de-juego?post=17565"},{"taxonomy":"superficie","embeddable":true,"href":"https:\/\/revolutionpadelstore.com\/fr\/wp-json\/wp\/v2\/superficie?post=17565"},{"taxonomy":"tipo-de-juego","embeddable":true,"href":"https:\/\/revolutionpadelstore.com\/fr\/wp-json\/wp\/v2\/tipo-de-juego?post=17565"},{"taxonomy":"product_brand","embeddable":true,"href":"https:\/\/revolutionpadelstore.com\/fr\/wp-json\/wp\/v2\/product_brand?post=17565"},{"taxonomy":"product_cat","embeddable":true,"href":"https:\/\/revolutionpadelstore.com\/fr\/wp-json\/wp\/v2\/product_cat?post=17565"},{"taxonomy":"product_tag","embeddable":true,"href":"https:\/\/revolutionpadelstore.com\/fr\/wp-json\/wp\/v2\/product_tag?post=17565"}],"curies":[{"name":"wp","href":"https:\/\/api.w.org\/{rel}","templated":true}]}}