{"id":175164,"date":"2025-02-20T13:33:34","date_gmt":"2025-02-20T12:33:34","guid":{"rendered":"https:\/\/revolutionpadelstore.com\/head-coello-motion-2025\/"},"modified":"2026-04-08T06:15:00","modified_gmt":"2026-04-08T04:15:00","slug":"head-coello-motion-2025-3","status":"publish","type":"product","link":"https:\/\/revolutionpadelstore.com\/fr\/produit\/head-coello-motion-2025-3\/","title":{"rendered":"HEAD COELLO MOTION 2025"},"content":{"rendered":"<h2> Head Coello Motion 2025 &#8211; The Arturo Coello Diamond Shovel<br \/>\nD\u00e9couvrez la t\u00eate Coello Motion 2025, une pelle \u00e0 palette haute performance con\u00e7ue en collaboration avec Arturo Coello. Sa forme d&#8217;\u00e9quilibre diamant et moyen-\u00e9lev\u00e9 en fait le choix parfait pour les joueurs avanc\u00e9s \u00e0 la recherche d&#8217;une puissance maximale sans perdre la maniabilit\u00e9. Avec des d\u00e9tails exclusifs tels que le logo Crown et la signature du joueur, cette pelle se tient non seulement sur la piste, mais aussi dans la conception et le style.<\/p>\n<h2> puissance et contr\u00f4le des joueurs avanc\u00e9s <\/h2>\n<p>Coello Motion 2025 est con\u00e7u pour les joueurs \u00e0 la recherche d&#8217;un coup agressif sans sacrifier le contr\u00f4le. Gr\u00e2ce \u00e0 son poids de 360 \u200b\u200bg, \u00e0 sa surface de carbone hybride et \u00e0 l&#8217;incorporation de la technologie Auxetic 2.0, cette pelle offre une r\u00e9ponse imm\u00e9diate et une stabilit\u00e9 exceptionnelle \u00e0 chaque impact. Votre mousse de mousse puissante augmente l&#8217;explosivit\u00e9 dans les ench\u00e8res, tandis que sa finition rugueuse \u00e0 spin extr\u00eame 3D am\u00e9liore les effets et l&#8217;emprise du ballon.<\/p>\n<h2> Caract\u00e9ristiques et technologies du mouvement de la t\u00eate Coello 2025 <\/h2>\n<p> &#8211; Forme de diamant avec un \u00e9quilibre moyen-\u00e9lev\u00e9 pour une plus grande puissance dans chaque coup.<br \/>\n-Peybrid Carbon Superficie qui offre une excellente combinaison de puissance et de toucher.<br \/>\n-Power mousse, un caoutchouc r\u00e9actif qui am\u00e9liore la puissance des coups offensifs.<br \/>\n-Les spin sexterme, finition 3D rugueuse pour faciliter les effets.<br \/>\n&#8211; Cadre carbone, une structure de carbone qui offre une plus grande durabilit\u00e9 et rigidit\u00e9.<br \/>\n&#8211; Stabilisateur de puissance, pour un swing plus rapide et plus stable.<br \/>\n-Graph\u00e8ne \u00e0 l&#8217;int\u00e9rieur, renforcement dans le cadre qui optimise la stabilit\u00e9 de la lame.<br \/>\n-Anti Choc, feuille de protection qui prolonge la dur\u00e9e de vie utile de la lame.<\/p>\n<h2> dominer le jeu avec l&#8217;Arturo Coello Shovel <\/h2>\n<p>Avec la t\u00eate Coello Motion 2025, vous pouvez augmenter votre niveau de jeu gr\u00e2ce \u00e0 sa combinaison parfaite de pouvoir, de pr\u00e9cision et de technologies innovantes. Sa conception exclusive et ses performances de piste en font l&#8217;une des meilleures palettes en 2025.<\/p>\n<p>\ud83d\uded2 Disponible en <strong> &lt;a href = &quot;http: \/\/www.revolution. Obtenez le v\u00f4tre maintenant et dominez chaque point sur la piste!<\/p>\n<h2>Head Coello Motion 2025 \u2013 La pala de diamante de Arturo Coello<\/h2>\n","protected":false},"excerpt":{"rendered":"<p>Le <strong> t\u00eate Coello Motion 2025 <\/strong> offre un \u00e9quilibre parfait entre puissance et contr\u00f4le, se d\u00e9marquant pour sa conception unique. Gr\u00e2ce \u00e0 sa technologie Avant-Garde et \u00e0 sa surface de carbone hybride, c&#8217;est l&#8217;option id\u00e9ale pour les joueurs avanc\u00e9s qui recherchent une pr\u00e9cision maximale et un jeu explosif.<strong>Head Coello Motion 2025<\/strong><\/p>\n","protected":false},"featured_media":175111,"comment_status":"open","ping_status":"closed","template":"","meta":{"_acf_changed":false,"_joinchat":[]},"acabado":[1087],"balance":[1137,1142],"dureza":[1157],"forma":[1172],"jugador":[1192,1202],"marca":[1222],"nivel-de-juego":[1337,1347],"superficie":[1362],"tipo-de-juego":[1377],"product_brand":[],"product_cat":[302],"product_tag":[],"class_list":{"0":"post-175164","1":"product","2":"type-product","3":"status-publish","4":"has-post-thumbnail","6":"acabado-mon-pote","7":"balance-eleve","8":"balance-moyen","9":"dureza-media-fr","10":"forma-diamant","11":"jugador-homme","12":"jugador-polivalente-fr","13":"marca-tete","14":"superficie-rugosa-fr","15":"tipo-de-juego-puissance","16":"product_cat-palas-de-padel-fr","18":"first","19":"instock","20":"sale","21":"taxable","22":"shipping-taxable","23":"purchasable","24":"product-type-simple"},"acf":[],"yoast_head":"<!-- This site is optimized with the Yoast SEO plugin v27.4 - https:\/\/yoast.com\/product\/yoast-seo-wordpress\/ -->\n<title>HEAD COELLO MOTION 2025 - Revolution Padel Store<\/title>\n<meta name=\"description\" content=\"Compra la Head Coello Motion 2025, la pala de Arturo Coello con forma de diamante, potencia explosiva y tecnolog\u00edas avanzadas. Disponible en Revolution Padel Store al mejor precio.\" \/>\n<meta name=\"robots\" content=\"index, follow, max-snippet:-1, max-image-preview:large, max-video-preview:-1\" \/>\n<link rel=\"canonical\" href=\"https:\/\/revolutionpadelstore.com\/fr\/produit\/head-coello-motion-2025-3\/\" \/>\n<meta property=\"og:locale\" content=\"fr_FR\" \/>\n<meta property=\"og:type\" content=\"article\" \/>\n<meta property=\"og:title\" content=\"HEAD COELLO MOTION 2025 - Revolution Padel Store\" \/>\n<meta property=\"og:description\" content=\"Compra la Head Coello Motion 2025, la pala de Arturo Coello con forma de diamante, potencia explosiva y tecnolog\u00edas avanzadas. Disponible en Revolution Padel Store al mejor precio.\" \/>\n<meta property=\"og:url\" content=\"https:\/\/revolutionpadelstore.com\/fr\/produit\/head-coello-motion-2025-3\/\" \/>\n<meta property=\"og:site_name\" content=\"Revolution Padel Store\" \/>\n<meta property=\"article:modified_time\" content=\"2026-04-08T04:15:00+00:00\" \/>\n<meta property=\"og:image\" content=\"https:\/\/revolutionpadelstore.com\/wp-content\/uploads\/2025\/02\/115656-pala-head-coello-motion-2025-225025-1500x1500-1.webp\" \/>\n\t<meta property=\"og:image:width\" content=\"1500\" \/>\n\t<meta property=\"og:image:height\" content=\"1500\" \/>\n\t<meta property=\"og:image:type\" content=\"image\/webp\" \/>\n<meta name=\"twitter:card\" content=\"summary_large_image\" \/>\n<meta name=\"twitter:label1\" content=\"Dur\u00e9e de lecture estim\u00e9e\" \/>\n\t<meta name=\"twitter:data1\" content=\"2 minutes\" \/>\n<script type=\"application\/ld+json\" class=\"yoast-schema-graph\">{\"@context\":\"https:\\\/\\\/schema.org\",\"@graph\":[{\"@type\":\"WebPage\",\"@id\":\"https:\\\/\\\/revolutionpadelstore.com\\\/fr\\\/produit\\\/head-coello-motion-2025-3\\\/\",\"url\":\"https:\\\/\\\/revolutionpadelstore.com\\\/fr\\\/produit\\\/head-coello-motion-2025-3\\\/\",\"name\":\"HEAD COELLO MOTION 2025 - Revolution Padel Store\",\"isPartOf\":{\"@id\":\"https:\\\/\\\/revolutionpadelstore.com\\\/fr\\\/#website\"},\"primaryImageOfPage\":{\"@id\":\"https:\\\/\\\/revolutionpadelstore.com\\\/fr\\\/produit\\\/head-coello-motion-2025-3\\\/#primaryimage\"},\"image\":{\"@id\":\"https:\\\/\\\/revolutionpadelstore.com\\\/fr\\\/produit\\\/head-coello-motion-2025-3\\\/#primaryimage\"},\"thumbnailUrl\":\"https:\\\/\\\/revolutionpadelstore.com\\\/wp-content\\\/uploads\\\/2025\\\/02\\\/115656-pala-head-coello-motion-2025-225025-1500x1500-1.webp\",\"datePublished\":\"2025-02-20T12:33:34+00:00\",\"dateModified\":\"2026-04-08T04:15:00+00:00\",\"description\":\"Compra la Head Coello Motion 2025, la pala de Arturo Coello con forma de diamante, potencia explosiva y tecnolog\u00edas avanzadas. Disponible en Revolution Padel Store al mejor precio.\",\"breadcrumb\":{\"@id\":\"https:\\\/\\\/revolutionpadelstore.com\\\/fr\\\/produit\\\/head-coello-motion-2025-3\\\/#breadcrumb\"},\"inLanguage\":\"fr-FR\",\"potentialAction\":[{\"@type\":\"ReadAction\",\"target\":[\"https:\\\/\\\/revolutionpadelstore.com\\\/fr\\\/produit\\\/head-coello-motion-2025-3\\\/\"]}]},{\"@type\":\"ImageObject\",\"inLanguage\":\"fr-FR\",\"@id\":\"https:\\\/\\\/revolutionpadelstore.com\\\/fr\\\/produit\\\/head-coello-motion-2025-3\\\/#primaryimage\",\"url\":\"https:\\\/\\\/revolutionpadelstore.com\\\/wp-content\\\/uploads\\\/2025\\\/02\\\/115656-pala-head-coello-motion-2025-225025-1500x1500-1.webp\",\"contentUrl\":\"https:\\\/\\\/revolutionpadelstore.com\\\/wp-content\\\/uploads\\\/2025\\\/02\\\/115656-pala-head-coello-motion-2025-225025-1500x1500-1.webp\",\"width\":1500,\"height\":1500},{\"@type\":\"BreadcrumbList\",\"@id\":\"https:\\\/\\\/revolutionpadelstore.com\\\/fr\\\/produit\\\/head-coello-motion-2025-3\\\/#breadcrumb\",\"itemListElement\":[{\"@type\":\"ListItem\",\"position\":1,\"name\":\"Portada\",\"item\":\"https:\\\/\\\/revolutionpadelstore.com\\\/fr\\\/\"},{\"@type\":\"ListItem\",\"position\":2,\"name\":\"Boutique\",\"item\":\"https:\\\/\\\/revolutionpadelstore.com\\\/fr\\\/tienda\\\/\"},{\"@type\":\"ListItem\",\"position\":3,\"name\":\"HEAD COELLO MOTION 2025\"}]},{\"@type\":\"WebSite\",\"@id\":\"https:\\\/\\\/revolutionpadelstore.com\\\/fr\\\/#website\",\"url\":\"https:\\\/\\\/revolutionpadelstore.com\\\/fr\\\/\",\"name\":\"Revolution Padel Store\",\"description\":\"\",\"publisher\":{\"@id\":\"https:\\\/\\\/revolutionpadelstore.com\\\/fr\\\/#organization\"},\"potentialAction\":[{\"@type\":\"SearchAction\",\"target\":{\"@type\":\"EntryPoint\",\"urlTemplate\":\"https:\\\/\\\/revolutionpadelstore.com\\\/fr\\\/?s={search_term_string}\"},\"query-input\":{\"@type\":\"PropertyValueSpecification\",\"valueRequired\":true,\"valueName\":\"search_term_string\"}}],\"inLanguage\":\"fr-FR\"},{\"@type\":\"Organization\",\"@id\":\"https:\\\/\\\/revolutionpadelstore.com\\\/fr\\\/#organization\",\"name\":\"Revolution Padel Store\",\"url\":\"https:\\\/\\\/revolutionpadelstore.com\\\/fr\\\/\",\"logo\":{\"@type\":\"ImageObject\",\"inLanguage\":\"fr-FR\",\"@id\":\"https:\\\/\\\/revolutionpadelstore.com\\\/fr\\\/#\\\/schema\\\/logo\\\/image\\\/\",\"url\":\"https:\\\/\\\/revolutionpadelstore.com\\\/wp-content\\\/uploads\\\/2026\\\/02\\\/revolution-padel-store.jpg\",\"contentUrl\":\"https:\\\/\\\/revolutionpadelstore.com\\\/wp-content\\\/uploads\\\/2026\\\/02\\\/revolution-padel-store.jpg\",\"width\":2000,\"height\":2000,\"caption\":\"Revolution Padel Store\"},\"image\":{\"@id\":\"https:\\\/\\\/revolutionpadelstore.com\\\/fr\\\/#\\\/schema\\\/logo\\\/image\\\/\"},\"sameAs\":[\"https:\\\/\\\/www.instagram.com\\\/revolutionpadelstore\\\/\"]}]}<\/script>\n<!-- \/ Yoast SEO plugin. -->","yoast_head_json":{"title":"HEAD COELLO MOTION 2025 - Revolution Padel Store","description":"Compra la Head Coello Motion 2025, la pala de Arturo Coello con forma de diamante, potencia explosiva y tecnolog\u00edas avanzadas. Disponible en Revolution Padel Store al mejor precio.","robots":{"index":"index","follow":"follow","max-snippet":"max-snippet:-1","max-image-preview":"max-image-preview:large","max-video-preview":"max-video-preview:-1"},"canonical":"https:\/\/revolutionpadelstore.com\/fr\/produit\/head-coello-motion-2025-3\/","og_locale":"fr_FR","og_type":"article","og_title":"HEAD COELLO MOTION 2025 - Revolution Padel Store","og_description":"Compra la Head Coello Motion 2025, la pala de Arturo Coello con forma de diamante, potencia explosiva y tecnolog\u00edas avanzadas. Disponible en Revolution Padel Store al mejor precio.","og_url":"https:\/\/revolutionpadelstore.com\/fr\/produit\/head-coello-motion-2025-3\/","og_site_name":"Revolution Padel Store","article_modified_time":"2026-04-08T04:15:00+00:00","og_image":[{"width":1500,"height":1500,"url":"https:\/\/revolutionpadelstore.com\/wp-content\/uploads\/2025\/02\/115656-pala-head-coello-motion-2025-225025-1500x1500-1.webp","type":"image\/webp"}],"twitter_card":"summary_large_image","twitter_misc":{"Dur\u00e9e de lecture estim\u00e9e":"2 minutes"},"schema":{"@context":"https:\/\/schema.org","@graph":[{"@type":"WebPage","@id":"https:\/\/revolutionpadelstore.com\/fr\/produit\/head-coello-motion-2025-3\/","url":"https:\/\/revolutionpadelstore.com\/fr\/produit\/head-coello-motion-2025-3\/","name":"HEAD COELLO MOTION 2025 - Revolution Padel Store","isPartOf":{"@id":"https:\/\/revolutionpadelstore.com\/fr\/#website"},"primaryImageOfPage":{"@id":"https:\/\/revolutionpadelstore.com\/fr\/produit\/head-coello-motion-2025-3\/#primaryimage"},"image":{"@id":"https:\/\/revolutionpadelstore.com\/fr\/produit\/head-coello-motion-2025-3\/#primaryimage"},"thumbnailUrl":"https:\/\/revolutionpadelstore.com\/wp-content\/uploads\/2025\/02\/115656-pala-head-coello-motion-2025-225025-1500x1500-1.webp","datePublished":"2025-02-20T12:33:34+00:00","dateModified":"2026-04-08T04:15:00+00:00","description":"Compra la Head Coello Motion 2025, la pala de Arturo Coello con forma de diamante, potencia explosiva y tecnolog\u00edas avanzadas. Disponible en Revolution Padel Store al mejor precio.","breadcrumb":{"@id":"https:\/\/revolutionpadelstore.com\/fr\/produit\/head-coello-motion-2025-3\/#breadcrumb"},"inLanguage":"fr-FR","potentialAction":[{"@type":"ReadAction","target":["https:\/\/revolutionpadelstore.com\/fr\/produit\/head-coello-motion-2025-3\/"]}]},{"@type":"ImageObject","inLanguage":"fr-FR","@id":"https:\/\/revolutionpadelstore.com\/fr\/produit\/head-coello-motion-2025-3\/#primaryimage","url":"https:\/\/revolutionpadelstore.com\/wp-content\/uploads\/2025\/02\/115656-pala-head-coello-motion-2025-225025-1500x1500-1.webp","contentUrl":"https:\/\/revolutionpadelstore.com\/wp-content\/uploads\/2025\/02\/115656-pala-head-coello-motion-2025-225025-1500x1500-1.webp","width":1500,"height":1500},{"@type":"BreadcrumbList","@id":"https:\/\/revolutionpadelstore.com\/fr\/produit\/head-coello-motion-2025-3\/#breadcrumb","itemListElement":[{"@type":"ListItem","position":1,"name":"Portada","item":"https:\/\/revolutionpadelstore.com\/fr\/"},{"@type":"ListItem","position":2,"name":"Boutique","item":"https:\/\/revolutionpadelstore.com\/fr\/tienda\/"},{"@type":"ListItem","position":3,"name":"HEAD COELLO MOTION 2025"}]},{"@type":"WebSite","@id":"https:\/\/revolutionpadelstore.com\/fr\/#website","url":"https:\/\/revolutionpadelstore.com\/fr\/","name":"Revolution Padel Store","description":"","publisher":{"@id":"https:\/\/revolutionpadelstore.com\/fr\/#organization"},"potentialAction":[{"@type":"SearchAction","target":{"@type":"EntryPoint","urlTemplate":"https:\/\/revolutionpadelstore.com\/fr\/?s={search_term_string}"},"query-input":{"@type":"PropertyValueSpecification","valueRequired":true,"valueName":"search_term_string"}}],"inLanguage":"fr-FR"},{"@type":"Organization","@id":"https:\/\/revolutionpadelstore.com\/fr\/#organization","name":"Revolution Padel Store","url":"https:\/\/revolutionpadelstore.com\/fr\/","logo":{"@type":"ImageObject","inLanguage":"fr-FR","@id":"https:\/\/revolutionpadelstore.com\/fr\/#\/schema\/logo\/image\/","url":"https:\/\/revolutionpadelstore.com\/wp-content\/uploads\/2026\/02\/revolution-padel-store.jpg","contentUrl":"https:\/\/revolutionpadelstore.com\/wp-content\/uploads\/2026\/02\/revolution-padel-store.jpg","width":2000,"height":2000,"caption":"Revolution Padel Store"},"image":{"@id":"https:\/\/revolutionpadelstore.com\/fr\/#\/schema\/logo\/image\/"},"sameAs":["https:\/\/www.instagram.com\/revolutionpadelstore\/"]}]}},"_links":{"self":[{"href":"https:\/\/revolutionpadelstore.com\/fr\/wp-json\/wp\/v2\/product\/175164","targetHints":{"allow":["GET"]}}],"collection":[{"href":"https:\/\/revolutionpadelstore.com\/fr\/wp-json\/wp\/v2\/product"}],"about":[{"href":"https:\/\/revolutionpadelstore.com\/fr\/wp-json\/wp\/v2\/types\/product"}],"replies":[{"embeddable":true,"href":"https:\/\/revolutionpadelstore.com\/fr\/wp-json\/wp\/v2\/comments?post=175164"}],"wp:featuredmedia":[{"embeddable":true,"href":"https:\/\/revolutionpadelstore.com\/fr\/wp-json\/wp\/v2\/media\/175111"}],"wp:attachment":[{"href":"https:\/\/revolutionpadelstore.com\/fr\/wp-json\/wp\/v2\/media?parent=175164"}],"wp:term":[{"taxonomy":"acabado","embeddable":true,"href":"https:\/\/revolutionpadelstore.com\/fr\/wp-json\/wp\/v2\/acabado?post=175164"},{"taxonomy":"balance","embeddable":true,"href":"https:\/\/revolutionpadelstore.com\/fr\/wp-json\/wp\/v2\/balance?post=175164"},{"taxonomy":"dureza","embeddable":true,"href":"https:\/\/revolutionpadelstore.com\/fr\/wp-json\/wp\/v2\/dureza?post=175164"},{"taxonomy":"forma","embeddable":true,"href":"https:\/\/revolutionpadelstore.com\/fr\/wp-json\/wp\/v2\/forma?post=175164"},{"taxonomy":"jugador","embeddable":true,"href":"https:\/\/revolutionpadelstore.com\/fr\/wp-json\/wp\/v2\/jugador?post=175164"},{"taxonomy":"marca","embeddable":true,"href":"https:\/\/revolutionpadelstore.com\/fr\/wp-json\/wp\/v2\/marca?post=175164"},{"taxonomy":"nivel-de-juego","embeddable":true,"href":"https:\/\/revolutionpadelstore.com\/fr\/wp-json\/wp\/v2\/nivel-de-juego?post=175164"},{"taxonomy":"superficie","embeddable":true,"href":"https:\/\/revolutionpadelstore.com\/fr\/wp-json\/wp\/v2\/superficie?post=175164"},{"taxonomy":"tipo-de-juego","embeddable":true,"href":"https:\/\/revolutionpadelstore.com\/fr\/wp-json\/wp\/v2\/tipo-de-juego?post=175164"},{"taxonomy":"product_brand","embeddable":true,"href":"https:\/\/revolutionpadelstore.com\/fr\/wp-json\/wp\/v2\/product_brand?post=175164"},{"taxonomy":"product_cat","embeddable":true,"href":"https:\/\/revolutionpadelstore.com\/fr\/wp-json\/wp\/v2\/product_cat?post=175164"},{"taxonomy":"product_tag","embeddable":true,"href":"https:\/\/revolutionpadelstore.com\/fr\/wp-json\/wp\/v2\/product_tag?post=175164"}],"curies":[{"name":"wp","href":"https:\/\/api.w.org\/{rel}","templated":true}]}}