{"id":17495,"date":"2024-04-22T15:23:18","date_gmt":"2024-04-22T13:23:18","guid":{"rendered":"https:\/\/revolutionpadelstore.com\/zapatillas-head-revolt-pro-4-0-clay-negro\/"},"modified":"2026-04-08T13:04:02","modified_gmt":"2026-04-08T11:04:02","slug":"zapatillas-head-revolt-pro-4-0-clay-negro-3","status":"publish","type":"product","link":"https:\/\/revolutionpadelstore.com\/fr\/produit\/zapatillas-head-revolt-pro-4-0-clay-negro-3\/","title":{"rendered":"Zapatillas Head Revolt Pro 4.0 Clay Negro"},"content":{"rendered":"<p>Chez Revolution Padel Store, vous trouverez les meilleures chaussures pour votre jeu de tennis, et parmi elles se distinguent les &#8220;Head Revolt Pro 4.0 Clay Black Shoes&#8221;. Ces chaussures sont con\u00e7ues pour les joueurs agressifs de longue distance qui recherchent un maximum de puissance et de stabilit\u00e9 dans chaque mouvement. Gr\u00e2ce \u00e0 la technologie T-KORE 360, vous pouvez toujours faire confiance \u00e0 vos chaussures, car elles offrent une r\u00e9sistance \u00e0 l&#8217;abrasion et un maintien en torsion incomparables.<\/p>\n<p> Avec un design moderne et saisissant, les REVOLT PRO 4.0 se distinguent non seulement par leur apparence, mais aussi par leurs hautes performances. Sa semelle \u00e0 chevrons garantit une adh\u00e9rence optimale sur terre battue, tandis que le mat\u00e9riau sup\u00e9rieur en mesh solide et durable, associ\u00e9 \u00e0 la structure moul\u00e9e en PU, offrent une plus grande durabilit\u00e9 et r\u00e9sistance.<\/p>\n<p> Mais la v\u00e9ritable innovation vient de la technologie T-KORE 360, pr\u00e9sente \u00e0 la fois dans la semelle et dans la tige de ces chaussures. Cette technologie am\u00e9liore la durabilit\u00e9, la r\u00e9sistance et la stabilit\u00e9 de la chaussure, vous permettant de jouer en toute confiance et agressivit\u00e9 sur le terrain.<\/p>\n<p> De plus, la REVOLT PRO 4.0 int\u00e8gre d&#8217;autres technologies exclusives \u00e0 HEAD, telles que TRI-NRG, qui offre des performances exceptionnelles sur le terrain, Drift Defense, qui prot\u00e8ge la zone des orteils et du milieu du pied, et Lateral Control, qui emp\u00eache la torsion du pied. cheville gr\u00e2ce \u00e0 son booster de stabilit\u00e9 sur le c\u00f4t\u00e9 de la semelle.<\/p>\n<p> Et pour garder votre pied en place \u00e0 tout moment, ces chaussures sont dot\u00e9es de fermetures int\u00e9gr\u00e9es au milieu du pied, connues sous le nom de Lockdown Strap. Tout cela, ainsi que sa semelle interm\u00e9diaire triple densit\u00e9 et sa bande de roulement profonde \u00e0 chevrons, font de la REVOLT PRO 4.0 une chaussure compl\u00e8te et performante.<\/p>\n<p> N&#8217;attendez plus et procurez-vous d\u00e8s maintenant vos chaussures Head Revolt Pro 4.0 Clay Noir chez Revolution Padel Store, le magasin de r\u00e9f\u00e9rence pour les amoureux<\/p>\n","protected":false},"excerpt":{"rendered":"<p>D\u00e9couvrez les chaussures Head Revolt Pro 4.0 Clay Black chez Revolution Padel Store. Technologie performante et design moderne pour les joueurs agressifs.<\/p>\n","protected":false},"featured_media":5521,"comment_status":"closed","ping_status":"open","template":"","meta":{"_acf_changed":false,"_joinchat":[]},"acabado":[],"balance":[],"dureza":[],"forma":[],"jugador":[1192],"marca":[1222],"nivel-de-juego":[1337],"superficie":[],"tipo-de-juego":[1377],"product_brand":[],"product_cat":[407],"product_tag":[],"class_list":{"0":"post-17495","1":"product","2":"type-product","3":"status-publish","4":"has-post-thumbnail","6":"jugador-homme","7":"marca-tete","8":"tipo-de-juego-puissance","9":"product_cat-sneakers-pour-hommes","11":"first","12":"outofstock","13":"sale","14":"taxable","15":"shipping-taxable","16":"purchasable","17":"product-type-variable"},"acf":[],"yoast_head":"<!-- This site is optimized with the Yoast SEO plugin v27.4 - https:\/\/yoast.com\/product\/yoast-seo-wordpress\/ -->\n<title>Zapatillas Head Revolt Pro 4.0 Clay Negro - Revolution Padel Store<\/title>\n<meta name=\"description\" content=\"Descubre las zapatillas Head Revolt Pro 4.0 Clay Negro en Revolution Padel Store. Tecnolog\u00eda de rendimiento y dise\u00f1o moderno para jugadores agresivos.\" \/>\n<meta name=\"robots\" content=\"index, follow, max-snippet:-1, max-image-preview:large, max-video-preview:-1\" \/>\n<link rel=\"canonical\" href=\"https:\/\/revolutionpadelstore.com\/fr\/produit\/zapatillas-head-revolt-pro-4-0-clay-negro-3\/\" \/>\n<meta property=\"og:locale\" content=\"fr_FR\" \/>\n<meta property=\"og:type\" content=\"article\" \/>\n<meta property=\"og:title\" content=\"Zapatillas Head Revolt Pro 4.0 Clay Negro - Revolution Padel Store\" \/>\n<meta property=\"og:description\" content=\"Descubre las zapatillas Head Revolt Pro 4.0 Clay Negro en Revolution Padel Store. Tecnolog\u00eda de rendimiento y dise\u00f1o moderno para jugadores agresivos.\" \/>\n<meta property=\"og:url\" content=\"https:\/\/revolutionpadelstore.com\/fr\/produit\/zapatillas-head-revolt-pro-4-0-clay-negro-3\/\" \/>\n<meta property=\"og:site_name\" content=\"Revolution Padel Store\" \/>\n<meta property=\"article:modified_time\" content=\"2026-04-08T11:04:02+00:00\" \/>\n<meta property=\"og:image\" content=\"https:\/\/revolutionpadelstore.com\/wp-content\/uploads\/2024\/04\/16124-0-4.jpg\" \/>\n\t<meta property=\"og:image:width\" content=\"800\" \/>\n\t<meta property=\"og:image:height\" content=\"800\" \/>\n\t<meta property=\"og:image:type\" content=\"image\/png\" \/>\n<meta name=\"twitter:card\" content=\"summary_large_image\" \/>\n<meta name=\"twitter:label1\" content=\"Dur\u00e9e de lecture estim\u00e9e\" \/>\n\t<meta name=\"twitter:data1\" content=\"2 minutes\" \/>\n<script type=\"application\/ld+json\" class=\"yoast-schema-graph\">{\"@context\":\"https:\\\/\\\/schema.org\",\"@graph\":[{\"@type\":\"WebPage\",\"@id\":\"https:\\\/\\\/revolutionpadelstore.com\\\/fr\\\/produit\\\/zapatillas-head-revolt-pro-4-0-clay-negro-3\\\/\",\"url\":\"https:\\\/\\\/revolutionpadelstore.com\\\/fr\\\/produit\\\/zapatillas-head-revolt-pro-4-0-clay-negro-3\\\/\",\"name\":\"Zapatillas Head Revolt Pro 4.0 Clay Negro - Revolution Padel Store\",\"isPartOf\":{\"@id\":\"https:\\\/\\\/revolutionpadelstore.com\\\/fr\\\/#website\"},\"primaryImageOfPage\":{\"@id\":\"https:\\\/\\\/revolutionpadelstore.com\\\/fr\\\/produit\\\/zapatillas-head-revolt-pro-4-0-clay-negro-3\\\/#primaryimage\"},\"image\":{\"@id\":\"https:\\\/\\\/revolutionpadelstore.com\\\/fr\\\/produit\\\/zapatillas-head-revolt-pro-4-0-clay-negro-3\\\/#primaryimage\"},\"thumbnailUrl\":\"https:\\\/\\\/revolutionpadelstore.com\\\/wp-content\\\/uploads\\\/2024\\\/04\\\/16124-0-4.jpg\",\"datePublished\":\"2024-04-22T13:23:18+00:00\",\"dateModified\":\"2026-04-08T11:04:02+00:00\",\"description\":\"Descubre las zapatillas Head Revolt Pro 4.0 Clay Negro en Revolution Padel Store. Tecnolog\u00eda de rendimiento y dise\u00f1o moderno para jugadores agresivos.\",\"breadcrumb\":{\"@id\":\"https:\\\/\\\/revolutionpadelstore.com\\\/fr\\\/produit\\\/zapatillas-head-revolt-pro-4-0-clay-negro-3\\\/#breadcrumb\"},\"inLanguage\":\"fr-FR\",\"potentialAction\":[{\"@type\":\"ReadAction\",\"target\":[\"https:\\\/\\\/revolutionpadelstore.com\\\/fr\\\/produit\\\/zapatillas-head-revolt-pro-4-0-clay-negro-3\\\/\"]}]},{\"@type\":\"ImageObject\",\"inLanguage\":\"fr-FR\",\"@id\":\"https:\\\/\\\/revolutionpadelstore.com\\\/fr\\\/produit\\\/zapatillas-head-revolt-pro-4-0-clay-negro-3\\\/#primaryimage\",\"url\":\"https:\\\/\\\/revolutionpadelstore.com\\\/wp-content\\\/uploads\\\/2024\\\/04\\\/16124-0-4.jpg\",\"contentUrl\":\"https:\\\/\\\/revolutionpadelstore.com\\\/wp-content\\\/uploads\\\/2024\\\/04\\\/16124-0-4.jpg\",\"width\":800,\"height\":800},{\"@type\":\"BreadcrumbList\",\"@id\":\"https:\\\/\\\/revolutionpadelstore.com\\\/fr\\\/produit\\\/zapatillas-head-revolt-pro-4-0-clay-negro-3\\\/#breadcrumb\",\"itemListElement\":[{\"@type\":\"ListItem\",\"position\":1,\"name\":\"Portada\",\"item\":\"https:\\\/\\\/revolutionpadelstore.com\\\/fr\\\/\"},{\"@type\":\"ListItem\",\"position\":2,\"name\":\"Boutique\",\"item\":\"https:\\\/\\\/revolutionpadelstore.com\\\/fr\\\/tienda\\\/\"},{\"@type\":\"ListItem\",\"position\":3,\"name\":\"Zapatillas Head Revolt Pro 4.0 Clay Negro\"}]},{\"@type\":\"WebSite\",\"@id\":\"https:\\\/\\\/revolutionpadelstore.com\\\/fr\\\/#website\",\"url\":\"https:\\\/\\\/revolutionpadelstore.com\\\/fr\\\/\",\"name\":\"Revolution Padel Store\",\"description\":\"\",\"publisher\":{\"@id\":\"https:\\\/\\\/revolutionpadelstore.com\\\/fr\\\/#organization\"},\"potentialAction\":[{\"@type\":\"SearchAction\",\"target\":{\"@type\":\"EntryPoint\",\"urlTemplate\":\"https:\\\/\\\/revolutionpadelstore.com\\\/fr\\\/?s={search_term_string}\"},\"query-input\":{\"@type\":\"PropertyValueSpecification\",\"valueRequired\":true,\"valueName\":\"search_term_string\"}}],\"inLanguage\":\"fr-FR\"},{\"@type\":\"Organization\",\"@id\":\"https:\\\/\\\/revolutionpadelstore.com\\\/fr\\\/#organization\",\"name\":\"Revolution Padel Store\",\"url\":\"https:\\\/\\\/revolutionpadelstore.com\\\/fr\\\/\",\"logo\":{\"@type\":\"ImageObject\",\"inLanguage\":\"fr-FR\",\"@id\":\"https:\\\/\\\/revolutionpadelstore.com\\\/fr\\\/#\\\/schema\\\/logo\\\/image\\\/\",\"url\":\"https:\\\/\\\/revolutionpadelstore.com\\\/wp-content\\\/uploads\\\/2026\\\/02\\\/revolution-padel-store.jpg\",\"contentUrl\":\"https:\\\/\\\/revolutionpadelstore.com\\\/wp-content\\\/uploads\\\/2026\\\/02\\\/revolution-padel-store.jpg\",\"width\":2000,\"height\":2000,\"caption\":\"Revolution Padel Store\"},\"image\":{\"@id\":\"https:\\\/\\\/revolutionpadelstore.com\\\/fr\\\/#\\\/schema\\\/logo\\\/image\\\/\"},\"sameAs\":[\"https:\\\/\\\/www.instagram.com\\\/revolutionpadelstore\\\/\"]}]}<\/script>\n<!-- \/ Yoast SEO plugin. -->","yoast_head_json":{"title":"Zapatillas Head Revolt Pro 4.0 Clay Negro - Revolution Padel Store","description":"Descubre las zapatillas Head Revolt Pro 4.0 Clay Negro en Revolution Padel Store. Tecnolog\u00eda de rendimiento y dise\u00f1o moderno para jugadores agresivos.","robots":{"index":"index","follow":"follow","max-snippet":"max-snippet:-1","max-image-preview":"max-image-preview:large","max-video-preview":"max-video-preview:-1"},"canonical":"https:\/\/revolutionpadelstore.com\/fr\/produit\/zapatillas-head-revolt-pro-4-0-clay-negro-3\/","og_locale":"fr_FR","og_type":"article","og_title":"Zapatillas Head Revolt Pro 4.0 Clay Negro - Revolution Padel Store","og_description":"Descubre las zapatillas Head Revolt Pro 4.0 Clay Negro en Revolution Padel Store. Tecnolog\u00eda de rendimiento y dise\u00f1o moderno para jugadores agresivos.","og_url":"https:\/\/revolutionpadelstore.com\/fr\/produit\/zapatillas-head-revolt-pro-4-0-clay-negro-3\/","og_site_name":"Revolution Padel Store","article_modified_time":"2026-04-08T11:04:02+00:00","og_image":[{"width":800,"height":800,"url":"https:\/\/revolutionpadelstore.com\/wp-content\/uploads\/2024\/04\/16124-0-4.jpg","type":"image\/png"}],"twitter_card":"summary_large_image","twitter_misc":{"Dur\u00e9e de lecture estim\u00e9e":"2 minutes"},"schema":{"@context":"https:\/\/schema.org","@graph":[{"@type":"WebPage","@id":"https:\/\/revolutionpadelstore.com\/fr\/produit\/zapatillas-head-revolt-pro-4-0-clay-negro-3\/","url":"https:\/\/revolutionpadelstore.com\/fr\/produit\/zapatillas-head-revolt-pro-4-0-clay-negro-3\/","name":"Zapatillas Head Revolt Pro 4.0 Clay Negro - Revolution Padel Store","isPartOf":{"@id":"https:\/\/revolutionpadelstore.com\/fr\/#website"},"primaryImageOfPage":{"@id":"https:\/\/revolutionpadelstore.com\/fr\/produit\/zapatillas-head-revolt-pro-4-0-clay-negro-3\/#primaryimage"},"image":{"@id":"https:\/\/revolutionpadelstore.com\/fr\/produit\/zapatillas-head-revolt-pro-4-0-clay-negro-3\/#primaryimage"},"thumbnailUrl":"https:\/\/revolutionpadelstore.com\/wp-content\/uploads\/2024\/04\/16124-0-4.jpg","datePublished":"2024-04-22T13:23:18+00:00","dateModified":"2026-04-08T11:04:02+00:00","description":"Descubre las zapatillas Head Revolt Pro 4.0 Clay Negro en Revolution Padel Store. Tecnolog\u00eda de rendimiento y dise\u00f1o moderno para jugadores agresivos.","breadcrumb":{"@id":"https:\/\/revolutionpadelstore.com\/fr\/produit\/zapatillas-head-revolt-pro-4-0-clay-negro-3\/#breadcrumb"},"inLanguage":"fr-FR","potentialAction":[{"@type":"ReadAction","target":["https:\/\/revolutionpadelstore.com\/fr\/produit\/zapatillas-head-revolt-pro-4-0-clay-negro-3\/"]}]},{"@type":"ImageObject","inLanguage":"fr-FR","@id":"https:\/\/revolutionpadelstore.com\/fr\/produit\/zapatillas-head-revolt-pro-4-0-clay-negro-3\/#primaryimage","url":"https:\/\/revolutionpadelstore.com\/wp-content\/uploads\/2024\/04\/16124-0-4.jpg","contentUrl":"https:\/\/revolutionpadelstore.com\/wp-content\/uploads\/2024\/04\/16124-0-4.jpg","width":800,"height":800},{"@type":"BreadcrumbList","@id":"https:\/\/revolutionpadelstore.com\/fr\/produit\/zapatillas-head-revolt-pro-4-0-clay-negro-3\/#breadcrumb","itemListElement":[{"@type":"ListItem","position":1,"name":"Portada","item":"https:\/\/revolutionpadelstore.com\/fr\/"},{"@type":"ListItem","position":2,"name":"Boutique","item":"https:\/\/revolutionpadelstore.com\/fr\/tienda\/"},{"@type":"ListItem","position":3,"name":"Zapatillas Head Revolt Pro 4.0 Clay Negro"}]},{"@type":"WebSite","@id":"https:\/\/revolutionpadelstore.com\/fr\/#website","url":"https:\/\/revolutionpadelstore.com\/fr\/","name":"Revolution Padel Store","description":"","publisher":{"@id":"https:\/\/revolutionpadelstore.com\/fr\/#organization"},"potentialAction":[{"@type":"SearchAction","target":{"@type":"EntryPoint","urlTemplate":"https:\/\/revolutionpadelstore.com\/fr\/?s={search_term_string}"},"query-input":{"@type":"PropertyValueSpecification","valueRequired":true,"valueName":"search_term_string"}}],"inLanguage":"fr-FR"},{"@type":"Organization","@id":"https:\/\/revolutionpadelstore.com\/fr\/#organization","name":"Revolution Padel Store","url":"https:\/\/revolutionpadelstore.com\/fr\/","logo":{"@type":"ImageObject","inLanguage":"fr-FR","@id":"https:\/\/revolutionpadelstore.com\/fr\/#\/schema\/logo\/image\/","url":"https:\/\/revolutionpadelstore.com\/wp-content\/uploads\/2026\/02\/revolution-padel-store.jpg","contentUrl":"https:\/\/revolutionpadelstore.com\/wp-content\/uploads\/2026\/02\/revolution-padel-store.jpg","width":2000,"height":2000,"caption":"Revolution Padel Store"},"image":{"@id":"https:\/\/revolutionpadelstore.com\/fr\/#\/schema\/logo\/image\/"},"sameAs":["https:\/\/www.instagram.com\/revolutionpadelstore\/"]}]}},"_links":{"self":[{"href":"https:\/\/revolutionpadelstore.com\/fr\/wp-json\/wp\/v2\/product\/17495","targetHints":{"allow":["GET"]}}],"collection":[{"href":"https:\/\/revolutionpadelstore.com\/fr\/wp-json\/wp\/v2\/product"}],"about":[{"href":"https:\/\/revolutionpadelstore.com\/fr\/wp-json\/wp\/v2\/types\/product"}],"replies":[{"embeddable":true,"href":"https:\/\/revolutionpadelstore.com\/fr\/wp-json\/wp\/v2\/comments?post=17495"}],"wp:featuredmedia":[{"embeddable":true,"href":"https:\/\/revolutionpadelstore.com\/fr\/wp-json\/wp\/v2\/media\/5521"}],"wp:attachment":[{"href":"https:\/\/revolutionpadelstore.com\/fr\/wp-json\/wp\/v2\/media?parent=17495"}],"wp:term":[{"taxonomy":"acabado","embeddable":true,"href":"https:\/\/revolutionpadelstore.com\/fr\/wp-json\/wp\/v2\/acabado?post=17495"},{"taxonomy":"balance","embeddable":true,"href":"https:\/\/revolutionpadelstore.com\/fr\/wp-json\/wp\/v2\/balance?post=17495"},{"taxonomy":"dureza","embeddable":true,"href":"https:\/\/revolutionpadelstore.com\/fr\/wp-json\/wp\/v2\/dureza?post=17495"},{"taxonomy":"forma","embeddable":true,"href":"https:\/\/revolutionpadelstore.com\/fr\/wp-json\/wp\/v2\/forma?post=17495"},{"taxonomy":"jugador","embeddable":true,"href":"https:\/\/revolutionpadelstore.com\/fr\/wp-json\/wp\/v2\/jugador?post=17495"},{"taxonomy":"marca","embeddable":true,"href":"https:\/\/revolutionpadelstore.com\/fr\/wp-json\/wp\/v2\/marca?post=17495"},{"taxonomy":"nivel-de-juego","embeddable":true,"href":"https:\/\/revolutionpadelstore.com\/fr\/wp-json\/wp\/v2\/nivel-de-juego?post=17495"},{"taxonomy":"superficie","embeddable":true,"href":"https:\/\/revolutionpadelstore.com\/fr\/wp-json\/wp\/v2\/superficie?post=17495"},{"taxonomy":"tipo-de-juego","embeddable":true,"href":"https:\/\/revolutionpadelstore.com\/fr\/wp-json\/wp\/v2\/tipo-de-juego?post=17495"},{"taxonomy":"product_brand","embeddable":true,"href":"https:\/\/revolutionpadelstore.com\/fr\/wp-json\/wp\/v2\/product_brand?post=17495"},{"taxonomy":"product_cat","embeddable":true,"href":"https:\/\/revolutionpadelstore.com\/fr\/wp-json\/wp\/v2\/product_cat?post=17495"},{"taxonomy":"product_tag","embeddable":true,"href":"https:\/\/revolutionpadelstore.com\/fr\/wp-json\/wp\/v2\/product_tag?post=17495"}],"curies":[{"name":"wp","href":"https:\/\/api.w.org\/{rel}","templated":true}]}}