{"id":174044,"date":"2025-02-19T01:27:34","date_gmt":"2025-02-19T00:27:34","guid":{"rendered":"https:\/\/revolutionpadelstore.com\/camiseta-bullpadel-adoros-266-verde-agua\/"},"modified":"2026-04-08T06:26:59","modified_gmt":"2026-04-08T04:26:59","slug":"camiseta-bullpadel-adoros-266-verde-agua-3","status":"publish","type":"product","link":"https:\/\/revolutionpadelstore.com\/fr\/produit\/camiseta-bullpadel-adoros-266-verde-agua-3\/","title":{"rendered":"CAMISETA BULLPADEL ADOROS 266 VERDE AGUA"},"content":{"rendered":"<h2> T -Shirt Bullpadel Women&#8217;s &#8211; l\u00e9g\u00e8ret\u00e9, style et confort <\/h2>\n<p>Le court-bullpadel Adoros-Manga T -Shirt est con\u00e7u pour les joueurs \u00e0 la recherche de confort, de respirabilit\u00e9 et de style sur le plancher \u00e0 palette. Fabriqu\u00e9 en nylon \u00e9lastique avec une texture de bandes en filet, il offre une grande l\u00e9g\u00e8ret\u00e9 et fra\u00eecheur, vous gardant au sec m\u00eame dans les matchs les plus intenses.<\/p>\n<h2> <strong> Caract\u00e9ristiques importantes: <\/strong> <\/h2>\n<p style=\"padding-left: 40px\"> &#8211; Tissue drylum: technologie hydrophobe qui repousse l&#8217;humidit\u00e9 et garantit un s\u00e9chage rapide.<br \/>\n-Comment d\u00e9sespoir: texture dans les bandes de dos et de maillage pour une ventilation optimale.<br \/>\n-Le styl moderne: Neck de pointe et ouverture \u00e0 la basse pour attacher, contribuant \u00e0 un look polyvalent.<br \/>\n&#8211; Donn\u00e9es r\u00e9fl\u00e9chissantes: plus grande visibilit\u00e9 dans des conditions de faible luminosit\u00e9.<br \/>\n-La libert\u00e9 de mouvement maximale: nylon \u00e9lastique qui s&#8217;adapte \u00e0 chaque coup.<br \/>\nCette chemise est id\u00e9ale pour ceux qui recherchent <strong> les performances et la conception dans un seul v\u00eatement <\/strong>. Obtenez le v\u00f4tre et jouez avec le meilleur \u00e9quipement!<\/p>\n<p><strong> maintenant disponible dans notre boutique en ligne <a href=\"https:\/\/www.revolutionpadelstore.com\/\"> www.revolutionpadelstore.com <\/a>, probablement au meilleur prix de march\u00e9.<\/p>\n<h2>Camiseta Bullpadel Adoros Mujer \u2013 Ligereza, Estilo y Comodidad<\/h2>\n","protected":false},"excerpt":{"rendered":"<p>La chemise Bullpadel Adoros est un v\u00eatement technique, l\u00e9ger et confortable, en nylon \u00e9lastique avec la technologie DRYLUM, qui offre une excellente respirabilit\u00e9 et un s\u00e9chage rapide. Sa conception permet une grande libert\u00e9 de mouvement, id\u00e9ale pour les sports.<\/p>\n","protected":false},"featured_media":174074,"comment_status":"open","ping_status":"closed","template":"","meta":{"_acf_changed":false,"_joinchat":[]},"acabado":[],"balance":[],"dureza":[],"forma":[],"jugador":[1197],"marca":[1257],"nivel-de-juego":[],"superficie":[],"tipo-de-juego":[],"product_brand":[],"product_cat":[344],"product_tag":[],"class_list":{"0":"post-174044","1":"product","2":"type-product","3":"status-publish","4":"has-post-thumbnail","6":"jugador-mujer-fr","7":"marca-bullpadel-fr","8":"product_cat-ropa-fr","10":"first","11":"outofstock","12":"sale","13":"taxable","14":"shipping-taxable","15":"purchasable","16":"product-type-variable","17":"has-default-attributes"},"acf":[],"yoast_head":"<!-- This site is optimized with the Yoast SEO plugin v27.4 - https:\/\/yoast.com\/product\/yoast-seo-wordpress\/ -->\n<title>CAMISETA BULLPADEL ADOROS 266 VERDE AGUA - Revolution Padel Store<\/title>\n<meta name=\"robots\" content=\"index, follow, max-snippet:-1, max-image-preview:large, max-video-preview:-1\" \/>\n<link rel=\"canonical\" href=\"https:\/\/revolutionpadelstore.com\/fr\/produit\/camiseta-bullpadel-adoros-266-verde-agua-3\/\" \/>\n<meta property=\"og:locale\" content=\"fr_FR\" \/>\n<meta property=\"og:type\" content=\"article\" \/>\n<meta property=\"og:title\" content=\"CAMISETA BULLPADEL ADOROS 266 VERDE AGUA - Revolution Padel Store\" \/>\n<meta property=\"og:description\" content=\"La chemise Bullpadel Adoros est un v\u00eatement technique, l\u00e9ger et confortable, en nylon \u00e9lastique avec la technologie DRYLUM, qui offre une excellente respirabilit\u00e9 et un s\u00e9chage rapide. Sa conception permet une grande libert\u00e9 de mouvement, id\u00e9ale pour les sports.\" \/>\n<meta property=\"og:url\" content=\"https:\/\/revolutionpadelstore.com\/fr\/produit\/camiseta-bullpadel-adoros-266-verde-agua-3\/\" \/>\n<meta property=\"og:site_name\" content=\"Revolution Padel Store\" \/>\n<meta property=\"article:modified_time\" content=\"2026-04-08T04:26:59+00:00\" \/>\n<meta property=\"og:image\" content=\"https:\/\/revolutionpadelstore.com\/wp-content\/uploads\/2025\/02\/114287_camiseta_manga_corta_bullpadel_mujer_adoros_266_verde_agua_1200x1200_1_1fea.webp\" \/>\n\t<meta property=\"og:image:width\" content=\"1200\" \/>\n\t<meta property=\"og:image:height\" content=\"1200\" \/>\n\t<meta property=\"og:image:type\" content=\"image\/webp\" \/>\n<meta name=\"twitter:card\" content=\"summary_large_image\" \/>\n<meta name=\"twitter:label1\" content=\"Dur\u00e9e de lecture estim\u00e9e\" \/>\n\t<meta name=\"twitter:data1\" content=\"1 minute\" \/>\n<script type=\"application\/ld+json\" class=\"yoast-schema-graph\">{\"@context\":\"https:\\\/\\\/schema.org\",\"@graph\":[{\"@type\":\"WebPage\",\"@id\":\"https:\\\/\\\/revolutionpadelstore.com\\\/fr\\\/produit\\\/camiseta-bullpadel-adoros-266-verde-agua-3\\\/\",\"url\":\"https:\\\/\\\/revolutionpadelstore.com\\\/fr\\\/produit\\\/camiseta-bullpadel-adoros-266-verde-agua-3\\\/\",\"name\":\"CAMISETA BULLPADEL ADOROS 266 VERDE AGUA - Revolution Padel Store\",\"isPartOf\":{\"@id\":\"https:\\\/\\\/revolutionpadelstore.com\\\/fr\\\/#website\"},\"primaryImageOfPage\":{\"@id\":\"https:\\\/\\\/revolutionpadelstore.com\\\/fr\\\/produit\\\/camiseta-bullpadel-adoros-266-verde-agua-3\\\/#primaryimage\"},\"image\":{\"@id\":\"https:\\\/\\\/revolutionpadelstore.com\\\/fr\\\/produit\\\/camiseta-bullpadel-adoros-266-verde-agua-3\\\/#primaryimage\"},\"thumbnailUrl\":\"https:\\\/\\\/revolutionpadelstore.com\\\/wp-content\\\/uploads\\\/2025\\\/02\\\/114287_camiseta_manga_corta_bullpadel_mujer_adoros_266_verde_agua_1200x1200_1_1fea.webp\",\"datePublished\":\"2025-02-19T00:27:34+00:00\",\"dateModified\":\"2026-04-08T04:26:59+00:00\",\"breadcrumb\":{\"@id\":\"https:\\\/\\\/revolutionpadelstore.com\\\/fr\\\/produit\\\/camiseta-bullpadel-adoros-266-verde-agua-3\\\/#breadcrumb\"},\"inLanguage\":\"fr-FR\",\"potentialAction\":[{\"@type\":\"ReadAction\",\"target\":[\"https:\\\/\\\/revolutionpadelstore.com\\\/fr\\\/produit\\\/camiseta-bullpadel-adoros-266-verde-agua-3\\\/\"]}]},{\"@type\":\"ImageObject\",\"inLanguage\":\"fr-FR\",\"@id\":\"https:\\\/\\\/revolutionpadelstore.com\\\/fr\\\/produit\\\/camiseta-bullpadel-adoros-266-verde-agua-3\\\/#primaryimage\",\"url\":\"https:\\\/\\\/revolutionpadelstore.com\\\/wp-content\\\/uploads\\\/2025\\\/02\\\/114287_camiseta_manga_corta_bullpadel_mujer_adoros_266_verde_agua_1200x1200_1_1fea.webp\",\"contentUrl\":\"https:\\\/\\\/revolutionpadelstore.com\\\/wp-content\\\/uploads\\\/2025\\\/02\\\/114287_camiseta_manga_corta_bullpadel_mujer_adoros_266_verde_agua_1200x1200_1_1fea.webp\",\"width\":1200,\"height\":1200},{\"@type\":\"BreadcrumbList\",\"@id\":\"https:\\\/\\\/revolutionpadelstore.com\\\/fr\\\/produit\\\/camiseta-bullpadel-adoros-266-verde-agua-3\\\/#breadcrumb\",\"itemListElement\":[{\"@type\":\"ListItem\",\"position\":1,\"name\":\"Portada\",\"item\":\"https:\\\/\\\/revolutionpadelstore.com\\\/fr\\\/\"},{\"@type\":\"ListItem\",\"position\":2,\"name\":\"Boutique\",\"item\":\"https:\\\/\\\/revolutionpadelstore.com\\\/fr\\\/tienda\\\/\"},{\"@type\":\"ListItem\",\"position\":3,\"name\":\"CAMISETA BULLPADEL ADOROS 266 VERDE AGUA\"}]},{\"@type\":\"WebSite\",\"@id\":\"https:\\\/\\\/revolutionpadelstore.com\\\/fr\\\/#website\",\"url\":\"https:\\\/\\\/revolutionpadelstore.com\\\/fr\\\/\",\"name\":\"Revolution Padel Store\",\"description\":\"\",\"publisher\":{\"@id\":\"https:\\\/\\\/revolutionpadelstore.com\\\/fr\\\/#organization\"},\"potentialAction\":[{\"@type\":\"SearchAction\",\"target\":{\"@type\":\"EntryPoint\",\"urlTemplate\":\"https:\\\/\\\/revolutionpadelstore.com\\\/fr\\\/?s={search_term_string}\"},\"query-input\":{\"@type\":\"PropertyValueSpecification\",\"valueRequired\":true,\"valueName\":\"search_term_string\"}}],\"inLanguage\":\"fr-FR\"},{\"@type\":\"Organization\",\"@id\":\"https:\\\/\\\/revolutionpadelstore.com\\\/fr\\\/#organization\",\"name\":\"Revolution Padel Store\",\"url\":\"https:\\\/\\\/revolutionpadelstore.com\\\/fr\\\/\",\"logo\":{\"@type\":\"ImageObject\",\"inLanguage\":\"fr-FR\",\"@id\":\"https:\\\/\\\/revolutionpadelstore.com\\\/fr\\\/#\\\/schema\\\/logo\\\/image\\\/\",\"url\":\"https:\\\/\\\/revolutionpadelstore.com\\\/wp-content\\\/uploads\\\/2026\\\/02\\\/revolution-padel-store.jpg\",\"contentUrl\":\"https:\\\/\\\/revolutionpadelstore.com\\\/wp-content\\\/uploads\\\/2026\\\/02\\\/revolution-padel-store.jpg\",\"width\":2000,\"height\":2000,\"caption\":\"Revolution Padel Store\"},\"image\":{\"@id\":\"https:\\\/\\\/revolutionpadelstore.com\\\/fr\\\/#\\\/schema\\\/logo\\\/image\\\/\"},\"sameAs\":[\"https:\\\/\\\/www.instagram.com\\\/revolutionpadelstore\\\/\"]}]}<\/script>\n<!-- \/ Yoast SEO plugin. -->","yoast_head_json":{"title":"CAMISETA BULLPADEL ADOROS 266 VERDE AGUA - Revolution Padel Store","robots":{"index":"index","follow":"follow","max-snippet":"max-snippet:-1","max-image-preview":"max-image-preview:large","max-video-preview":"max-video-preview:-1"},"canonical":"https:\/\/revolutionpadelstore.com\/fr\/produit\/camiseta-bullpadel-adoros-266-verde-agua-3\/","og_locale":"fr_FR","og_type":"article","og_title":"CAMISETA BULLPADEL ADOROS 266 VERDE AGUA - Revolution Padel Store","og_description":"La chemise Bullpadel Adoros est un v\u00eatement technique, l\u00e9ger et confortable, en nylon \u00e9lastique avec la technologie DRYLUM, qui offre une excellente respirabilit\u00e9 et un s\u00e9chage rapide. Sa conception permet une grande libert\u00e9 de mouvement, id\u00e9ale pour les sports.","og_url":"https:\/\/revolutionpadelstore.com\/fr\/produit\/camiseta-bullpadel-adoros-266-verde-agua-3\/","og_site_name":"Revolution Padel Store","article_modified_time":"2026-04-08T04:26:59+00:00","og_image":[{"width":1200,"height":1200,"url":"https:\/\/revolutionpadelstore.com\/wp-content\/uploads\/2025\/02\/114287_camiseta_manga_corta_bullpadel_mujer_adoros_266_verde_agua_1200x1200_1_1fea.webp","type":"image\/webp"}],"twitter_card":"summary_large_image","twitter_misc":{"Dur\u00e9e de lecture estim\u00e9e":"1 minute"},"schema":{"@context":"https:\/\/schema.org","@graph":[{"@type":"WebPage","@id":"https:\/\/revolutionpadelstore.com\/fr\/produit\/camiseta-bullpadel-adoros-266-verde-agua-3\/","url":"https:\/\/revolutionpadelstore.com\/fr\/produit\/camiseta-bullpadel-adoros-266-verde-agua-3\/","name":"CAMISETA BULLPADEL ADOROS 266 VERDE AGUA - Revolution Padel Store","isPartOf":{"@id":"https:\/\/revolutionpadelstore.com\/fr\/#website"},"primaryImageOfPage":{"@id":"https:\/\/revolutionpadelstore.com\/fr\/produit\/camiseta-bullpadel-adoros-266-verde-agua-3\/#primaryimage"},"image":{"@id":"https:\/\/revolutionpadelstore.com\/fr\/produit\/camiseta-bullpadel-adoros-266-verde-agua-3\/#primaryimage"},"thumbnailUrl":"https:\/\/revolutionpadelstore.com\/wp-content\/uploads\/2025\/02\/114287_camiseta_manga_corta_bullpadel_mujer_adoros_266_verde_agua_1200x1200_1_1fea.webp","datePublished":"2025-02-19T00:27:34+00:00","dateModified":"2026-04-08T04:26:59+00:00","breadcrumb":{"@id":"https:\/\/revolutionpadelstore.com\/fr\/produit\/camiseta-bullpadel-adoros-266-verde-agua-3\/#breadcrumb"},"inLanguage":"fr-FR","potentialAction":[{"@type":"ReadAction","target":["https:\/\/revolutionpadelstore.com\/fr\/produit\/camiseta-bullpadel-adoros-266-verde-agua-3\/"]}]},{"@type":"ImageObject","inLanguage":"fr-FR","@id":"https:\/\/revolutionpadelstore.com\/fr\/produit\/camiseta-bullpadel-adoros-266-verde-agua-3\/#primaryimage","url":"https:\/\/revolutionpadelstore.com\/wp-content\/uploads\/2025\/02\/114287_camiseta_manga_corta_bullpadel_mujer_adoros_266_verde_agua_1200x1200_1_1fea.webp","contentUrl":"https:\/\/revolutionpadelstore.com\/wp-content\/uploads\/2025\/02\/114287_camiseta_manga_corta_bullpadel_mujer_adoros_266_verde_agua_1200x1200_1_1fea.webp","width":1200,"height":1200},{"@type":"BreadcrumbList","@id":"https:\/\/revolutionpadelstore.com\/fr\/produit\/camiseta-bullpadel-adoros-266-verde-agua-3\/#breadcrumb","itemListElement":[{"@type":"ListItem","position":1,"name":"Portada","item":"https:\/\/revolutionpadelstore.com\/fr\/"},{"@type":"ListItem","position":2,"name":"Boutique","item":"https:\/\/revolutionpadelstore.com\/fr\/tienda\/"},{"@type":"ListItem","position":3,"name":"CAMISETA BULLPADEL ADOROS 266 VERDE AGUA"}]},{"@type":"WebSite","@id":"https:\/\/revolutionpadelstore.com\/fr\/#website","url":"https:\/\/revolutionpadelstore.com\/fr\/","name":"Revolution Padel Store","description":"","publisher":{"@id":"https:\/\/revolutionpadelstore.com\/fr\/#organization"},"potentialAction":[{"@type":"SearchAction","target":{"@type":"EntryPoint","urlTemplate":"https:\/\/revolutionpadelstore.com\/fr\/?s={search_term_string}"},"query-input":{"@type":"PropertyValueSpecification","valueRequired":true,"valueName":"search_term_string"}}],"inLanguage":"fr-FR"},{"@type":"Organization","@id":"https:\/\/revolutionpadelstore.com\/fr\/#organization","name":"Revolution Padel Store","url":"https:\/\/revolutionpadelstore.com\/fr\/","logo":{"@type":"ImageObject","inLanguage":"fr-FR","@id":"https:\/\/revolutionpadelstore.com\/fr\/#\/schema\/logo\/image\/","url":"https:\/\/revolutionpadelstore.com\/wp-content\/uploads\/2026\/02\/revolution-padel-store.jpg","contentUrl":"https:\/\/revolutionpadelstore.com\/wp-content\/uploads\/2026\/02\/revolution-padel-store.jpg","width":2000,"height":2000,"caption":"Revolution Padel Store"},"image":{"@id":"https:\/\/revolutionpadelstore.com\/fr\/#\/schema\/logo\/image\/"},"sameAs":["https:\/\/www.instagram.com\/revolutionpadelstore\/"]}]}},"_links":{"self":[{"href":"https:\/\/revolutionpadelstore.com\/fr\/wp-json\/wp\/v2\/product\/174044","targetHints":{"allow":["GET"]}}],"collection":[{"href":"https:\/\/revolutionpadelstore.com\/fr\/wp-json\/wp\/v2\/product"}],"about":[{"href":"https:\/\/revolutionpadelstore.com\/fr\/wp-json\/wp\/v2\/types\/product"}],"replies":[{"embeddable":true,"href":"https:\/\/revolutionpadelstore.com\/fr\/wp-json\/wp\/v2\/comments?post=174044"}],"wp:featuredmedia":[{"embeddable":true,"href":"https:\/\/revolutionpadelstore.com\/fr\/wp-json\/wp\/v2\/media\/174074"}],"wp:attachment":[{"href":"https:\/\/revolutionpadelstore.com\/fr\/wp-json\/wp\/v2\/media?parent=174044"}],"wp:term":[{"taxonomy":"acabado","embeddable":true,"href":"https:\/\/revolutionpadelstore.com\/fr\/wp-json\/wp\/v2\/acabado?post=174044"},{"taxonomy":"balance","embeddable":true,"href":"https:\/\/revolutionpadelstore.com\/fr\/wp-json\/wp\/v2\/balance?post=174044"},{"taxonomy":"dureza","embeddable":true,"href":"https:\/\/revolutionpadelstore.com\/fr\/wp-json\/wp\/v2\/dureza?post=174044"},{"taxonomy":"forma","embeddable":true,"href":"https:\/\/revolutionpadelstore.com\/fr\/wp-json\/wp\/v2\/forma?post=174044"},{"taxonomy":"jugador","embeddable":true,"href":"https:\/\/revolutionpadelstore.com\/fr\/wp-json\/wp\/v2\/jugador?post=174044"},{"taxonomy":"marca","embeddable":true,"href":"https:\/\/revolutionpadelstore.com\/fr\/wp-json\/wp\/v2\/marca?post=174044"},{"taxonomy":"nivel-de-juego","embeddable":true,"href":"https:\/\/revolutionpadelstore.com\/fr\/wp-json\/wp\/v2\/nivel-de-juego?post=174044"},{"taxonomy":"superficie","embeddable":true,"href":"https:\/\/revolutionpadelstore.com\/fr\/wp-json\/wp\/v2\/superficie?post=174044"},{"taxonomy":"tipo-de-juego","embeddable":true,"href":"https:\/\/revolutionpadelstore.com\/fr\/wp-json\/wp\/v2\/tipo-de-juego?post=174044"},{"taxonomy":"product_brand","embeddable":true,"href":"https:\/\/revolutionpadelstore.com\/fr\/wp-json\/wp\/v2\/product_brand?post=174044"},{"taxonomy":"product_cat","embeddable":true,"href":"https:\/\/revolutionpadelstore.com\/fr\/wp-json\/wp\/v2\/product_cat?post=174044"},{"taxonomy":"product_tag","embeddable":true,"href":"https:\/\/revolutionpadelstore.com\/fr\/wp-json\/wp\/v2\/product_tag?post=174044"}],"curies":[{"name":"wp","href":"https:\/\/api.w.org\/{rel}","templated":true}]}}