{"id":173839,"date":"2025-02-19T01:59:35","date_gmt":"2025-02-19T00:59:35","guid":{"rendered":"https:\/\/revolutionpadelstore.com\/falda-bullpadel-adrar-266-verde-agua\/"},"modified":"2026-04-08T06:22:29","modified_gmt":"2026-04-08T04:22:29","slug":"falda-bullpadel-adrar-266-verde-agua-3","status":"publish","type":"product","link":"https:\/\/revolutionpadelstore.com\/fr\/produit\/falda-bullpadel-adrar-266-verde-agua-3\/","title":{"rendered":"FALDA BULLPADEL ADRAR 266 VERDE AGUA"},"content":{"rendered":"<h2> jupe bullpadel Adra femme &#8211; confort et style sur la piste <\/h2>\n<p><strong> confort et respirabilit\u00e9 maximum <\/strong><br \/>\nLe bullpadel Adrar pour la jupe f\u00e9minin est un v\u00eatement con\u00e7u pour les joueurs \u00e0 la recherche de libert\u00e9 de mouvement et de fra\u00eecheur dans chaque jeu. Fabriqu\u00e9 avec un tissu \u00e0 tricot \u00e9lastique, combine du nylon et du maillage en nylon \u00e9lastique, favorisant la respirabilit\u00e9 et fournissant un r\u00e9glage parfait.<\/p>\n<p><strong> Technologie du drylum: s\u00e9cher rapidement et \u00e9viter la sueur <\/strong><br \/>\nGr\u00e2ce \u00e0 <strong> drylum Technology <\/strong>, ce tissu hydrophobe repousse l&#8217;humidit\u00e9 et s\u00e8che rapidement, vous permettant de rester frais m\u00eame dans les rencontres les plus exigeantes.<\/p>\n<p><strong> l\u00e9g\u00e8ret\u00e9 et flexibilit\u00e9 <\/strong><br \/>\nLe tissu ultra-l\u00e9ger des microfilaments d&#8217;Elastan et de polyamide garantit une mobilit\u00e9 exceptionnelle, vous donnant la confiance n\u00e9cessaire pour atteindre chaque balle avec confort. Son design \u00e9l\u00e9gant et fonctionnel offre une touche sophistiqu\u00e9e et sportive \u00e0 votre look sur la piste.<\/p>\n<h2> Caract\u00e9ristiques exceptionnelles: <\/h2>\n<p style=\"padding-left: 40px\"> &#8211; tissu \u00e9lastique et l\u00e9ger, id\u00e9al pour la mobilit\u00e9 sur la piste.<br \/>\n&#8211; Technologie de drylum, s\u00e9chage rapide et respirabilit\u00e9 am\u00e9lior\u00e9e.<br \/>\n-Desse\u00f1o confortable et \u00e9l\u00e9gant, parfait pour l&#8217;entra\u00eenement et les matchs.<br \/>\n-Attachement des femmes et un ajustement optimal, avec un pantalon int\u00e9rieur pour une plus grande s\u00e9curit\u00e9.<br \/>\n Obtenez la <strong> jupe en bullpadel Adrar Mujer <\/strong> dans notre boutique en ligne  ww.revolutionpadelstore.com <\/a>, au prix du meilleur march\u00e9!<\/p>\n<h2>Falda Bullpadel Adrar Mujer \u2013 Comodidad y Estilo en la Pista<\/h2>\n","protected":false},"excerpt":{"rendered":"<p>Profitez d&#8217;un confort in\u00e9gal\u00e9 et d&#8217;une sensation de fra\u00eecheur constante avec le bullpadel de la jupe de base Adrar pour les femmes. Con\u00e7u avec un tissu l\u00e9ger, respirant et mous de nylon \u00e9lastique avec la technologie DRYLUM, il garantit la libert\u00e9 de mouvement \u00e0 toute occasion.<\/p>\n","protected":false},"featured_media":173869,"comment_status":"open","ping_status":"closed","template":"","meta":{"_acf_changed":false,"_joinchat":[]},"acabado":[],"balance":[],"dureza":[],"forma":[],"jugador":[1197],"marca":[1257],"nivel-de-juego":[],"superficie":[],"tipo-de-juego":[],"product_brand":[],"product_cat":[344],"product_tag":[],"class_list":{"0":"post-173839","1":"product","2":"type-product","3":"status-publish","4":"has-post-thumbnail","6":"jugador-mujer-fr","7":"marca-bullpadel-fr","8":"product_cat-ropa-fr","10":"first","11":"outofstock","12":"sale","13":"taxable","14":"shipping-taxable","15":"purchasable","16":"product-type-variable","17":"has-default-attributes"},"acf":[],"yoast_head":"<!-- This site is optimized with the Yoast SEO plugin v27.4 - https:\/\/yoast.com\/product\/yoast-seo-wordpress\/ -->\n<title>FALDA BULLPADEL ADRAR 266 VERDE AGUA - Revolution Padel Store<\/title>\n<meta name=\"description\" content=\"Falda Bullpadel Adrar Mujer con tejido el\u00e1stico y tecnolog\u00eda Drylum para m\u00e1xima transpirabilidad y confort. \u00a1Disponible en Revolution Padel Store al mejor precio!\" \/>\n<meta name=\"robots\" content=\"index, follow, max-snippet:-1, max-image-preview:large, max-video-preview:-1\" \/>\n<link rel=\"canonical\" href=\"https:\/\/revolutionpadelstore.com\/fr\/produit\/falda-bullpadel-adrar-266-verde-agua-3\/\" \/>\n<meta property=\"og:locale\" content=\"fr_FR\" \/>\n<meta property=\"og:type\" content=\"article\" \/>\n<meta property=\"og:title\" content=\"FALDA BULLPADEL ADRAR 266 VERDE AGUA - Revolution Padel Store\" \/>\n<meta property=\"og:description\" content=\"Falda Bullpadel Adrar Mujer con tejido el\u00e1stico y tecnolog\u00eda Drylum para m\u00e1xima transpirabilidad y confort. \u00a1Disponible en Revolution Padel Store al mejor precio!\" \/>\n<meta property=\"og:url\" content=\"https:\/\/revolutionpadelstore.com\/fr\/produit\/falda-bullpadel-adrar-266-verde-agua-3\/\" \/>\n<meta property=\"og:site_name\" content=\"Revolution Padel Store\" \/>\n<meta property=\"article:modified_time\" content=\"2026-04-08T04:22:29+00:00\" \/>\n<meta property=\"og:image\" content=\"https:\/\/revolutionpadelstore.com\/wp-content\/uploads\/2025\/02\/114361_falda_basica_bullpadel_adrar_066_verde_agua_1200x1200_1_e22d.webp\" \/>\n\t<meta property=\"og:image:width\" content=\"1200\" \/>\n\t<meta property=\"og:image:height\" content=\"1200\" \/>\n\t<meta property=\"og:image:type\" content=\"image\/webp\" \/>\n<meta name=\"twitter:card\" content=\"summary_large_image\" \/>\n<meta name=\"twitter:label1\" content=\"Dur\u00e9e de lecture estim\u00e9e\" \/>\n\t<meta name=\"twitter:data1\" content=\"1 minute\" \/>\n<script type=\"application\/ld+json\" class=\"yoast-schema-graph\">{\"@context\":\"https:\\\/\\\/schema.org\",\"@graph\":[{\"@type\":\"WebPage\",\"@id\":\"https:\\\/\\\/revolutionpadelstore.com\\\/fr\\\/produit\\\/falda-bullpadel-adrar-266-verde-agua-3\\\/\",\"url\":\"https:\\\/\\\/revolutionpadelstore.com\\\/fr\\\/produit\\\/falda-bullpadel-adrar-266-verde-agua-3\\\/\",\"name\":\"FALDA BULLPADEL ADRAR 266 VERDE AGUA - Revolution Padel Store\",\"isPartOf\":{\"@id\":\"https:\\\/\\\/revolutionpadelstore.com\\\/fr\\\/#website\"},\"primaryImageOfPage\":{\"@id\":\"https:\\\/\\\/revolutionpadelstore.com\\\/fr\\\/produit\\\/falda-bullpadel-adrar-266-verde-agua-3\\\/#primaryimage\"},\"image\":{\"@id\":\"https:\\\/\\\/revolutionpadelstore.com\\\/fr\\\/produit\\\/falda-bullpadel-adrar-266-verde-agua-3\\\/#primaryimage\"},\"thumbnailUrl\":\"https:\\\/\\\/revolutionpadelstore.com\\\/wp-content\\\/uploads\\\/2025\\\/02\\\/114361_falda_basica_bullpadel_adrar_066_verde_agua_1200x1200_1_e22d.webp\",\"datePublished\":\"2025-02-19T00:59:35+00:00\",\"dateModified\":\"2026-04-08T04:22:29+00:00\",\"description\":\"Falda Bullpadel Adrar Mujer con tejido el\u00e1stico y tecnolog\u00eda Drylum para m\u00e1xima transpirabilidad y confort. \u00a1Disponible en Revolution Padel Store al mejor precio!\",\"breadcrumb\":{\"@id\":\"https:\\\/\\\/revolutionpadelstore.com\\\/fr\\\/produit\\\/falda-bullpadel-adrar-266-verde-agua-3\\\/#breadcrumb\"},\"inLanguage\":\"fr-FR\",\"potentialAction\":[{\"@type\":\"ReadAction\",\"target\":[\"https:\\\/\\\/revolutionpadelstore.com\\\/fr\\\/produit\\\/falda-bullpadel-adrar-266-verde-agua-3\\\/\"]}]},{\"@type\":\"ImageObject\",\"inLanguage\":\"fr-FR\",\"@id\":\"https:\\\/\\\/revolutionpadelstore.com\\\/fr\\\/produit\\\/falda-bullpadel-adrar-266-verde-agua-3\\\/#primaryimage\",\"url\":\"https:\\\/\\\/revolutionpadelstore.com\\\/wp-content\\\/uploads\\\/2025\\\/02\\\/114361_falda_basica_bullpadel_adrar_066_verde_agua_1200x1200_1_e22d.webp\",\"contentUrl\":\"https:\\\/\\\/revolutionpadelstore.com\\\/wp-content\\\/uploads\\\/2025\\\/02\\\/114361_falda_basica_bullpadel_adrar_066_verde_agua_1200x1200_1_e22d.webp\",\"width\":1200,\"height\":1200},{\"@type\":\"BreadcrumbList\",\"@id\":\"https:\\\/\\\/revolutionpadelstore.com\\\/fr\\\/produit\\\/falda-bullpadel-adrar-266-verde-agua-3\\\/#breadcrumb\",\"itemListElement\":[{\"@type\":\"ListItem\",\"position\":1,\"name\":\"Portada\",\"item\":\"https:\\\/\\\/revolutionpadelstore.com\\\/fr\\\/\"},{\"@type\":\"ListItem\",\"position\":2,\"name\":\"Boutique\",\"item\":\"https:\\\/\\\/revolutionpadelstore.com\\\/fr\\\/tienda\\\/\"},{\"@type\":\"ListItem\",\"position\":3,\"name\":\"FALDA BULLPADEL ADRAR 266 VERDE AGUA\"}]},{\"@type\":\"WebSite\",\"@id\":\"https:\\\/\\\/revolutionpadelstore.com\\\/fr\\\/#website\",\"url\":\"https:\\\/\\\/revolutionpadelstore.com\\\/fr\\\/\",\"name\":\"Revolution Padel Store\",\"description\":\"\",\"publisher\":{\"@id\":\"https:\\\/\\\/revolutionpadelstore.com\\\/fr\\\/#organization\"},\"potentialAction\":[{\"@type\":\"SearchAction\",\"target\":{\"@type\":\"EntryPoint\",\"urlTemplate\":\"https:\\\/\\\/revolutionpadelstore.com\\\/fr\\\/?s={search_term_string}\"},\"query-input\":{\"@type\":\"PropertyValueSpecification\",\"valueRequired\":true,\"valueName\":\"search_term_string\"}}],\"inLanguage\":\"fr-FR\"},{\"@type\":\"Organization\",\"@id\":\"https:\\\/\\\/revolutionpadelstore.com\\\/fr\\\/#organization\",\"name\":\"Revolution Padel Store\",\"url\":\"https:\\\/\\\/revolutionpadelstore.com\\\/fr\\\/\",\"logo\":{\"@type\":\"ImageObject\",\"inLanguage\":\"fr-FR\",\"@id\":\"https:\\\/\\\/revolutionpadelstore.com\\\/fr\\\/#\\\/schema\\\/logo\\\/image\\\/\",\"url\":\"https:\\\/\\\/revolutionpadelstore.com\\\/wp-content\\\/uploads\\\/2026\\\/02\\\/revolution-padel-store.jpg\",\"contentUrl\":\"https:\\\/\\\/revolutionpadelstore.com\\\/wp-content\\\/uploads\\\/2026\\\/02\\\/revolution-padel-store.jpg\",\"width\":2000,\"height\":2000,\"caption\":\"Revolution Padel Store\"},\"image\":{\"@id\":\"https:\\\/\\\/revolutionpadelstore.com\\\/fr\\\/#\\\/schema\\\/logo\\\/image\\\/\"},\"sameAs\":[\"https:\\\/\\\/www.instagram.com\\\/revolutionpadelstore\\\/\"]}]}<\/script>\n<!-- \/ Yoast SEO plugin. -->","yoast_head_json":{"title":"FALDA BULLPADEL ADRAR 266 VERDE AGUA - Revolution Padel Store","description":"Falda Bullpadel Adrar Mujer con tejido el\u00e1stico y tecnolog\u00eda Drylum para m\u00e1xima transpirabilidad y confort. \u00a1Disponible en Revolution Padel Store al mejor precio!","robots":{"index":"index","follow":"follow","max-snippet":"max-snippet:-1","max-image-preview":"max-image-preview:large","max-video-preview":"max-video-preview:-1"},"canonical":"https:\/\/revolutionpadelstore.com\/fr\/produit\/falda-bullpadel-adrar-266-verde-agua-3\/","og_locale":"fr_FR","og_type":"article","og_title":"FALDA BULLPADEL ADRAR 266 VERDE AGUA - Revolution Padel Store","og_description":"Falda Bullpadel Adrar Mujer con tejido el\u00e1stico y tecnolog\u00eda Drylum para m\u00e1xima transpirabilidad y confort. \u00a1Disponible en Revolution Padel Store al mejor precio!","og_url":"https:\/\/revolutionpadelstore.com\/fr\/produit\/falda-bullpadel-adrar-266-verde-agua-3\/","og_site_name":"Revolution Padel Store","article_modified_time":"2026-04-08T04:22:29+00:00","og_image":[{"width":1200,"height":1200,"url":"https:\/\/revolutionpadelstore.com\/wp-content\/uploads\/2025\/02\/114361_falda_basica_bullpadel_adrar_066_verde_agua_1200x1200_1_e22d.webp","type":"image\/webp"}],"twitter_card":"summary_large_image","twitter_misc":{"Dur\u00e9e de lecture estim\u00e9e":"1 minute"},"schema":{"@context":"https:\/\/schema.org","@graph":[{"@type":"WebPage","@id":"https:\/\/revolutionpadelstore.com\/fr\/produit\/falda-bullpadel-adrar-266-verde-agua-3\/","url":"https:\/\/revolutionpadelstore.com\/fr\/produit\/falda-bullpadel-adrar-266-verde-agua-3\/","name":"FALDA BULLPADEL ADRAR 266 VERDE AGUA - Revolution Padel Store","isPartOf":{"@id":"https:\/\/revolutionpadelstore.com\/fr\/#website"},"primaryImageOfPage":{"@id":"https:\/\/revolutionpadelstore.com\/fr\/produit\/falda-bullpadel-adrar-266-verde-agua-3\/#primaryimage"},"image":{"@id":"https:\/\/revolutionpadelstore.com\/fr\/produit\/falda-bullpadel-adrar-266-verde-agua-3\/#primaryimage"},"thumbnailUrl":"https:\/\/revolutionpadelstore.com\/wp-content\/uploads\/2025\/02\/114361_falda_basica_bullpadel_adrar_066_verde_agua_1200x1200_1_e22d.webp","datePublished":"2025-02-19T00:59:35+00:00","dateModified":"2026-04-08T04:22:29+00:00","description":"Falda Bullpadel Adrar Mujer con tejido el\u00e1stico y tecnolog\u00eda Drylum para m\u00e1xima transpirabilidad y confort. \u00a1Disponible en Revolution Padel Store al mejor precio!","breadcrumb":{"@id":"https:\/\/revolutionpadelstore.com\/fr\/produit\/falda-bullpadel-adrar-266-verde-agua-3\/#breadcrumb"},"inLanguage":"fr-FR","potentialAction":[{"@type":"ReadAction","target":["https:\/\/revolutionpadelstore.com\/fr\/produit\/falda-bullpadel-adrar-266-verde-agua-3\/"]}]},{"@type":"ImageObject","inLanguage":"fr-FR","@id":"https:\/\/revolutionpadelstore.com\/fr\/produit\/falda-bullpadel-adrar-266-verde-agua-3\/#primaryimage","url":"https:\/\/revolutionpadelstore.com\/wp-content\/uploads\/2025\/02\/114361_falda_basica_bullpadel_adrar_066_verde_agua_1200x1200_1_e22d.webp","contentUrl":"https:\/\/revolutionpadelstore.com\/wp-content\/uploads\/2025\/02\/114361_falda_basica_bullpadel_adrar_066_verde_agua_1200x1200_1_e22d.webp","width":1200,"height":1200},{"@type":"BreadcrumbList","@id":"https:\/\/revolutionpadelstore.com\/fr\/produit\/falda-bullpadel-adrar-266-verde-agua-3\/#breadcrumb","itemListElement":[{"@type":"ListItem","position":1,"name":"Portada","item":"https:\/\/revolutionpadelstore.com\/fr\/"},{"@type":"ListItem","position":2,"name":"Boutique","item":"https:\/\/revolutionpadelstore.com\/fr\/tienda\/"},{"@type":"ListItem","position":3,"name":"FALDA BULLPADEL ADRAR 266 VERDE AGUA"}]},{"@type":"WebSite","@id":"https:\/\/revolutionpadelstore.com\/fr\/#website","url":"https:\/\/revolutionpadelstore.com\/fr\/","name":"Revolution Padel Store","description":"","publisher":{"@id":"https:\/\/revolutionpadelstore.com\/fr\/#organization"},"potentialAction":[{"@type":"SearchAction","target":{"@type":"EntryPoint","urlTemplate":"https:\/\/revolutionpadelstore.com\/fr\/?s={search_term_string}"},"query-input":{"@type":"PropertyValueSpecification","valueRequired":true,"valueName":"search_term_string"}}],"inLanguage":"fr-FR"},{"@type":"Organization","@id":"https:\/\/revolutionpadelstore.com\/fr\/#organization","name":"Revolution Padel Store","url":"https:\/\/revolutionpadelstore.com\/fr\/","logo":{"@type":"ImageObject","inLanguage":"fr-FR","@id":"https:\/\/revolutionpadelstore.com\/fr\/#\/schema\/logo\/image\/","url":"https:\/\/revolutionpadelstore.com\/wp-content\/uploads\/2026\/02\/revolution-padel-store.jpg","contentUrl":"https:\/\/revolutionpadelstore.com\/wp-content\/uploads\/2026\/02\/revolution-padel-store.jpg","width":2000,"height":2000,"caption":"Revolution Padel Store"},"image":{"@id":"https:\/\/revolutionpadelstore.com\/fr\/#\/schema\/logo\/image\/"},"sameAs":["https:\/\/www.instagram.com\/revolutionpadelstore\/"]}]}},"_links":{"self":[{"href":"https:\/\/revolutionpadelstore.com\/fr\/wp-json\/wp\/v2\/product\/173839","targetHints":{"allow":["GET"]}}],"collection":[{"href":"https:\/\/revolutionpadelstore.com\/fr\/wp-json\/wp\/v2\/product"}],"about":[{"href":"https:\/\/revolutionpadelstore.com\/fr\/wp-json\/wp\/v2\/types\/product"}],"replies":[{"embeddable":true,"href":"https:\/\/revolutionpadelstore.com\/fr\/wp-json\/wp\/v2\/comments?post=173839"}],"wp:featuredmedia":[{"embeddable":true,"href":"https:\/\/revolutionpadelstore.com\/fr\/wp-json\/wp\/v2\/media\/173869"}],"wp:attachment":[{"href":"https:\/\/revolutionpadelstore.com\/fr\/wp-json\/wp\/v2\/media?parent=173839"}],"wp:term":[{"taxonomy":"acabado","embeddable":true,"href":"https:\/\/revolutionpadelstore.com\/fr\/wp-json\/wp\/v2\/acabado?post=173839"},{"taxonomy":"balance","embeddable":true,"href":"https:\/\/revolutionpadelstore.com\/fr\/wp-json\/wp\/v2\/balance?post=173839"},{"taxonomy":"dureza","embeddable":true,"href":"https:\/\/revolutionpadelstore.com\/fr\/wp-json\/wp\/v2\/dureza?post=173839"},{"taxonomy":"forma","embeddable":true,"href":"https:\/\/revolutionpadelstore.com\/fr\/wp-json\/wp\/v2\/forma?post=173839"},{"taxonomy":"jugador","embeddable":true,"href":"https:\/\/revolutionpadelstore.com\/fr\/wp-json\/wp\/v2\/jugador?post=173839"},{"taxonomy":"marca","embeddable":true,"href":"https:\/\/revolutionpadelstore.com\/fr\/wp-json\/wp\/v2\/marca?post=173839"},{"taxonomy":"nivel-de-juego","embeddable":true,"href":"https:\/\/revolutionpadelstore.com\/fr\/wp-json\/wp\/v2\/nivel-de-juego?post=173839"},{"taxonomy":"superficie","embeddable":true,"href":"https:\/\/revolutionpadelstore.com\/fr\/wp-json\/wp\/v2\/superficie?post=173839"},{"taxonomy":"tipo-de-juego","embeddable":true,"href":"https:\/\/revolutionpadelstore.com\/fr\/wp-json\/wp\/v2\/tipo-de-juego?post=173839"},{"taxonomy":"product_brand","embeddable":true,"href":"https:\/\/revolutionpadelstore.com\/fr\/wp-json\/wp\/v2\/product_brand?post=173839"},{"taxonomy":"product_cat","embeddable":true,"href":"https:\/\/revolutionpadelstore.com\/fr\/wp-json\/wp\/v2\/product_cat?post=173839"},{"taxonomy":"product_tag","embeddable":true,"href":"https:\/\/revolutionpadelstore.com\/fr\/wp-json\/wp\/v2\/product_tag?post=173839"}],"curies":[{"name":"wp","href":"https:\/\/api.w.org\/{rel}","templated":true}]}}