{"id":173789,"date":"2025-02-19T02:03:18","date_gmt":"2025-02-19T01:03:18","guid":{"rendered":"https:\/\/revolutionpadelstore.com\/camiseta-bullpadel-paquito-25v-420-lima\/"},"modified":"2026-04-08T06:21:30","modified_gmt":"2026-04-08T04:21:30","slug":"camiseta-bullpadel-paquito-25v-420-lima-3","status":"publish","type":"product","link":"https:\/\/revolutionpadelstore.com\/fr\/produit\/camiseta-bullpadel-paquito-25v-420-lima-3\/","title":{"rendered":"CAMISETA BULLPADEL PAQUITO 25V 420 LIMA"},"content":{"rendered":"<h2> Bullpadel Paquito 25v Man &#8211; Performance et style sur la piste<br \/>\nLa paddle-shirt Bullpadel Paquito 25V est le choix id\u00e9al pour les joueurs qui recherchent le confort, la respirabilit\u00e9 et un design moderne. Con\u00e7u avec la technologie drynamique, ce v\u00eatement offre un s\u00e9chage rapide et une respirabilit\u00e9 maximale, vous gardant frais m\u00eame dans les matchs les plus intenses.<\/p>\n<p>Sa pr\u00e9paration de polyester \u00e0 82% et son \u00e9lastique 18% offrent une \u00e9lasticit\u00e9 exceptionnelle, permettant une libert\u00e9 totale de mouvements. Avec un design \u00e0 manches courtes et une couleur de chaux vibrante, cette chemise combine des fonctionnalit\u00e9s et du style pour se d\u00e9marquer sur la piste.<\/p>\n<h2> <strong> Caract\u00e9ristiques du bullpadel Paquito 25V <\/strong> <\/h2>\n<p>-D\u00e9chance technique pour une meilleure respirabilit\u00e9 et un s\u00e9chage rapide.<br \/>\n-COMPOSITION: 82% de polyester, 18% \u00e9lastique.<br \/>\n-Corte Sports avec un r\u00e9glage confortable et l\u00e9ger.<br \/>\n-Manga abr\u00e9gation pour une plus grande libert\u00e9 de mouvement.<br \/>\n-Moderne Lima Disse\u00f1o, id\u00e9al pour la formation et les comp\u00e9titions.<\/p>\n<h2> <strong> performances et confort maximum <\/strong> <\/h2>\n<p>Cette chemise a \u00e9t\u00e9 con\u00e7ue pour exiger les joueurs \u00e0 la recherche de performances et de confort dans chaque jeu. Votre tissu technique aide \u00e0 garder la peau s\u00e8che, tandis que votre ajustement ergonomique vous permet de vous d\u00e9placer avec le naturel total.<\/p>\n<p><strong> Obtenez la chemise Bullpadel Paquito 25V au meilleur prix de notre boutique en ligne <a href=\"https:\/\/chatgpt.com\/g\/g-675432e026888191b6ee6d6f2fdbb15e-optimisation-textos\/c\/www.revolutionpadelstore.com\"> ww.revolutionpadelstore.com niveau.<\/p>\n<h2>Camiseta Bullpadel Paquito 25V Hombre \u2013 Rendimiento y Estilo en la Pista<\/h2>\n","protected":false},"excerpt":{"rendered":"<p>La paddle-shirt Bullpadel Paquito 25V pour les hommes est un v\u00eatement id\u00e9al pour les joueurs \u00e0 la recherche de confort et de performances sur le terrain. Fabriqu\u00e9 avec un tissu technique drynamique, cette chemise offre une grande respirabilit\u00e9 et un s\u00e9chage rapide, gardant le joueur frais pendant le jeu.<\/p>\n","protected":false},"featured_media":173821,"comment_status":"open","ping_status":"closed","template":"","meta":{"_acf_changed":false,"_joinchat":[]},"acabado":[],"balance":[],"dureza":[],"forma":[],"jugador":[1192],"marca":[1257],"nivel-de-juego":[],"superficie":[],"tipo-de-juego":[],"product_brand":[],"product_cat":[344,345],"product_tag":[],"class_list":{"0":"post-173789","1":"product","2":"type-product","3":"status-publish","4":"has-post-thumbnail","6":"jugador-homme","7":"marca-bullpadel-fr","8":"product_cat-ropa-fr","9":"product_cat-vetements-pour-joueurs-premier","11":"first","12":"outofstock","13":"sale","14":"taxable","15":"shipping-taxable","16":"purchasable","17":"product-type-variable","18":"has-default-attributes"},"acf":[],"yoast_head":"<!-- This site is optimized with the Yoast SEO plugin v27.4 - https:\/\/yoast.com\/product\/yoast-seo-wordpress\/ -->\n<title>CAMISETA BULLPADEL PAQUITO 25V 420 LIMA - Revolution Padel Store<\/title>\n<meta name=\"description\" content=\"La camiseta de p\u00e1del Bullpadel Paquito 25V es la elecci\u00f3n ideal para jugadores que buscan comodidad, transpirabilidad y un dise\u00f1o moderno. Dise\u00f1ada con tecnolog\u00eda Drynamic, esta prenda ofrece secado r\u00e1pido y m\u00e1xima transpirabilidad, manteni\u00e9ndote fresco incluso en los partidos m\u00e1s intensos.\" \/>\n<meta name=\"robots\" content=\"index, follow, max-snippet:-1, max-image-preview:large, max-video-preview:-1\" \/>\n<link rel=\"canonical\" href=\"https:\/\/revolutionpadelstore.com\/fr\/produit\/camiseta-bullpadel-paquito-25v-420-lima-3\/\" \/>\n<meta property=\"og:locale\" content=\"fr_FR\" \/>\n<meta property=\"og:type\" content=\"article\" \/>\n<meta property=\"og:title\" content=\"CAMISETA BULLPADEL PAQUITO 25V 420 LIMA - Revolution Padel Store\" \/>\n<meta property=\"og:description\" content=\"La camiseta de p\u00e1del Bullpadel Paquito 25V es la elecci\u00f3n ideal para jugadores que buscan comodidad, transpirabilidad y un dise\u00f1o moderno. Dise\u00f1ada con tecnolog\u00eda Drynamic, esta prenda ofrece secado r\u00e1pido y m\u00e1xima transpirabilidad, manteni\u00e9ndote fresco incluso en los partidos m\u00e1s intensos.\" \/>\n<meta property=\"og:url\" content=\"https:\/\/revolutionpadelstore.com\/fr\/produit\/camiseta-bullpadel-paquito-25v-420-lima-3\/\" \/>\n<meta property=\"og:site_name\" content=\"Revolution Padel Store\" \/>\n<meta property=\"article:modified_time\" content=\"2026-04-08T04:21:30+00:00\" \/>\n<meta property=\"og:image\" content=\"https:\/\/revolutionpadelstore.com\/wp-content\/uploads\/2025\/02\/FOTO-PALAS-3-1.png\" \/>\n\t<meta property=\"og:image:width\" content=\"1500\" \/>\n\t<meta property=\"og:image:height\" content=\"1500\" \/>\n\t<meta property=\"og:image:type\" content=\"image\/png\" \/>\n<meta name=\"twitter:card\" content=\"summary_large_image\" \/>\n<meta name=\"twitter:label1\" content=\"Dur\u00e9e de lecture estim\u00e9e\" \/>\n\t<meta name=\"twitter:data1\" content=\"1 minute\" \/>\n<script type=\"application\/ld+json\" class=\"yoast-schema-graph\">{\"@context\":\"https:\\\/\\\/schema.org\",\"@graph\":[{\"@type\":\"WebPage\",\"@id\":\"https:\\\/\\\/revolutionpadelstore.com\\\/fr\\\/produit\\\/camiseta-bullpadel-paquito-25v-420-lima-3\\\/\",\"url\":\"https:\\\/\\\/revolutionpadelstore.com\\\/fr\\\/produit\\\/camiseta-bullpadel-paquito-25v-420-lima-3\\\/\",\"name\":\"CAMISETA BULLPADEL PAQUITO 25V 420 LIMA - Revolution Padel Store\",\"isPartOf\":{\"@id\":\"https:\\\/\\\/revolutionpadelstore.com\\\/fr\\\/#website\"},\"primaryImageOfPage\":{\"@id\":\"https:\\\/\\\/revolutionpadelstore.com\\\/fr\\\/produit\\\/camiseta-bullpadel-paquito-25v-420-lima-3\\\/#primaryimage\"},\"image\":{\"@id\":\"https:\\\/\\\/revolutionpadelstore.com\\\/fr\\\/produit\\\/camiseta-bullpadel-paquito-25v-420-lima-3\\\/#primaryimage\"},\"thumbnailUrl\":\"https:\\\/\\\/revolutionpadelstore.com\\\/wp-content\\\/uploads\\\/2025\\\/02\\\/FOTO-PALAS-3-1.png\",\"datePublished\":\"2025-02-19T01:03:18+00:00\",\"dateModified\":\"2026-04-08T04:21:30+00:00\",\"description\":\"La camiseta de p\u00e1del Bullpadel Paquito 25V es la elecci\u00f3n ideal para jugadores que buscan comodidad, transpirabilidad y un dise\u00f1o moderno. Dise\u00f1ada con tecnolog\u00eda Drynamic, esta prenda ofrece secado r\u00e1pido y m\u00e1xima transpirabilidad, manteni\u00e9ndote fresco incluso en los partidos m\u00e1s intensos.\",\"breadcrumb\":{\"@id\":\"https:\\\/\\\/revolutionpadelstore.com\\\/fr\\\/produit\\\/camiseta-bullpadel-paquito-25v-420-lima-3\\\/#breadcrumb\"},\"inLanguage\":\"fr-FR\",\"potentialAction\":[{\"@type\":\"ReadAction\",\"target\":[\"https:\\\/\\\/revolutionpadelstore.com\\\/fr\\\/produit\\\/camiseta-bullpadel-paquito-25v-420-lima-3\\\/\"]}]},{\"@type\":\"ImageObject\",\"inLanguage\":\"fr-FR\",\"@id\":\"https:\\\/\\\/revolutionpadelstore.com\\\/fr\\\/produit\\\/camiseta-bullpadel-paquito-25v-420-lima-3\\\/#primaryimage\",\"url\":\"https:\\\/\\\/revolutionpadelstore.com\\\/wp-content\\\/uploads\\\/2025\\\/02\\\/FOTO-PALAS-3-1.png\",\"contentUrl\":\"https:\\\/\\\/revolutionpadelstore.com\\\/wp-content\\\/uploads\\\/2025\\\/02\\\/FOTO-PALAS-3-1.png\",\"width\":1500,\"height\":1500},{\"@type\":\"BreadcrumbList\",\"@id\":\"https:\\\/\\\/revolutionpadelstore.com\\\/fr\\\/produit\\\/camiseta-bullpadel-paquito-25v-420-lima-3\\\/#breadcrumb\",\"itemListElement\":[{\"@type\":\"ListItem\",\"position\":1,\"name\":\"Portada\",\"item\":\"https:\\\/\\\/revolutionpadelstore.com\\\/fr\\\/\"},{\"@type\":\"ListItem\",\"position\":2,\"name\":\"Boutique\",\"item\":\"https:\\\/\\\/revolutionpadelstore.com\\\/fr\\\/tienda\\\/\"},{\"@type\":\"ListItem\",\"position\":3,\"name\":\"CAMISETA BULLPADEL PAQUITO 25V 420 LIMA\"}]},{\"@type\":\"WebSite\",\"@id\":\"https:\\\/\\\/revolutionpadelstore.com\\\/fr\\\/#website\",\"url\":\"https:\\\/\\\/revolutionpadelstore.com\\\/fr\\\/\",\"name\":\"Revolution Padel Store\",\"description\":\"\",\"publisher\":{\"@id\":\"https:\\\/\\\/revolutionpadelstore.com\\\/fr\\\/#organization\"},\"potentialAction\":[{\"@type\":\"SearchAction\",\"target\":{\"@type\":\"EntryPoint\",\"urlTemplate\":\"https:\\\/\\\/revolutionpadelstore.com\\\/fr\\\/?s={search_term_string}\"},\"query-input\":{\"@type\":\"PropertyValueSpecification\",\"valueRequired\":true,\"valueName\":\"search_term_string\"}}],\"inLanguage\":\"fr-FR\"},{\"@type\":\"Organization\",\"@id\":\"https:\\\/\\\/revolutionpadelstore.com\\\/fr\\\/#organization\",\"name\":\"Revolution Padel Store\",\"url\":\"https:\\\/\\\/revolutionpadelstore.com\\\/fr\\\/\",\"logo\":{\"@type\":\"ImageObject\",\"inLanguage\":\"fr-FR\",\"@id\":\"https:\\\/\\\/revolutionpadelstore.com\\\/fr\\\/#\\\/schema\\\/logo\\\/image\\\/\",\"url\":\"https:\\\/\\\/revolutionpadelstore.com\\\/wp-content\\\/uploads\\\/2026\\\/02\\\/revolution-padel-store.jpg\",\"contentUrl\":\"https:\\\/\\\/revolutionpadelstore.com\\\/wp-content\\\/uploads\\\/2026\\\/02\\\/revolution-padel-store.jpg\",\"width\":2000,\"height\":2000,\"caption\":\"Revolution Padel Store\"},\"image\":{\"@id\":\"https:\\\/\\\/revolutionpadelstore.com\\\/fr\\\/#\\\/schema\\\/logo\\\/image\\\/\"},\"sameAs\":[\"https:\\\/\\\/www.instagram.com\\\/revolutionpadelstore\\\/\"]}]}<\/script>\n<!-- \/ Yoast SEO plugin. -->","yoast_head_json":{"title":"CAMISETA BULLPADEL PAQUITO 25V 420 LIMA - Revolution Padel Store","description":"La camiseta de p\u00e1del Bullpadel Paquito 25V es la elecci\u00f3n ideal para jugadores que buscan comodidad, transpirabilidad y un dise\u00f1o moderno. Dise\u00f1ada con tecnolog\u00eda Drynamic, esta prenda ofrece secado r\u00e1pido y m\u00e1xima transpirabilidad, manteni\u00e9ndote fresco incluso en los partidos m\u00e1s intensos.","robots":{"index":"index","follow":"follow","max-snippet":"max-snippet:-1","max-image-preview":"max-image-preview:large","max-video-preview":"max-video-preview:-1"},"canonical":"https:\/\/revolutionpadelstore.com\/fr\/produit\/camiseta-bullpadel-paquito-25v-420-lima-3\/","og_locale":"fr_FR","og_type":"article","og_title":"CAMISETA BULLPADEL PAQUITO 25V 420 LIMA - Revolution Padel Store","og_description":"La camiseta de p\u00e1del Bullpadel Paquito 25V es la elecci\u00f3n ideal para jugadores que buscan comodidad, transpirabilidad y un dise\u00f1o moderno. Dise\u00f1ada con tecnolog\u00eda Drynamic, esta prenda ofrece secado r\u00e1pido y m\u00e1xima transpirabilidad, manteni\u00e9ndote fresco incluso en los partidos m\u00e1s intensos.","og_url":"https:\/\/revolutionpadelstore.com\/fr\/produit\/camiseta-bullpadel-paquito-25v-420-lima-3\/","og_site_name":"Revolution Padel Store","article_modified_time":"2026-04-08T04:21:30+00:00","og_image":[{"width":1500,"height":1500,"url":"https:\/\/revolutionpadelstore.com\/wp-content\/uploads\/2025\/02\/FOTO-PALAS-3-1.png","type":"image\/png"}],"twitter_card":"summary_large_image","twitter_misc":{"Dur\u00e9e de lecture estim\u00e9e":"1 minute"},"schema":{"@context":"https:\/\/schema.org","@graph":[{"@type":"WebPage","@id":"https:\/\/revolutionpadelstore.com\/fr\/produit\/camiseta-bullpadel-paquito-25v-420-lima-3\/","url":"https:\/\/revolutionpadelstore.com\/fr\/produit\/camiseta-bullpadel-paquito-25v-420-lima-3\/","name":"CAMISETA BULLPADEL PAQUITO 25V 420 LIMA - Revolution Padel Store","isPartOf":{"@id":"https:\/\/revolutionpadelstore.com\/fr\/#website"},"primaryImageOfPage":{"@id":"https:\/\/revolutionpadelstore.com\/fr\/produit\/camiseta-bullpadel-paquito-25v-420-lima-3\/#primaryimage"},"image":{"@id":"https:\/\/revolutionpadelstore.com\/fr\/produit\/camiseta-bullpadel-paquito-25v-420-lima-3\/#primaryimage"},"thumbnailUrl":"https:\/\/revolutionpadelstore.com\/wp-content\/uploads\/2025\/02\/FOTO-PALAS-3-1.png","datePublished":"2025-02-19T01:03:18+00:00","dateModified":"2026-04-08T04:21:30+00:00","description":"La camiseta de p\u00e1del Bullpadel Paquito 25V es la elecci\u00f3n ideal para jugadores que buscan comodidad, transpirabilidad y un dise\u00f1o moderno. Dise\u00f1ada con tecnolog\u00eda Drynamic, esta prenda ofrece secado r\u00e1pido y m\u00e1xima transpirabilidad, manteni\u00e9ndote fresco incluso en los partidos m\u00e1s intensos.","breadcrumb":{"@id":"https:\/\/revolutionpadelstore.com\/fr\/produit\/camiseta-bullpadel-paquito-25v-420-lima-3\/#breadcrumb"},"inLanguage":"fr-FR","potentialAction":[{"@type":"ReadAction","target":["https:\/\/revolutionpadelstore.com\/fr\/produit\/camiseta-bullpadel-paquito-25v-420-lima-3\/"]}]},{"@type":"ImageObject","inLanguage":"fr-FR","@id":"https:\/\/revolutionpadelstore.com\/fr\/produit\/camiseta-bullpadel-paquito-25v-420-lima-3\/#primaryimage","url":"https:\/\/revolutionpadelstore.com\/wp-content\/uploads\/2025\/02\/FOTO-PALAS-3-1.png","contentUrl":"https:\/\/revolutionpadelstore.com\/wp-content\/uploads\/2025\/02\/FOTO-PALAS-3-1.png","width":1500,"height":1500},{"@type":"BreadcrumbList","@id":"https:\/\/revolutionpadelstore.com\/fr\/produit\/camiseta-bullpadel-paquito-25v-420-lima-3\/#breadcrumb","itemListElement":[{"@type":"ListItem","position":1,"name":"Portada","item":"https:\/\/revolutionpadelstore.com\/fr\/"},{"@type":"ListItem","position":2,"name":"Boutique","item":"https:\/\/revolutionpadelstore.com\/fr\/tienda\/"},{"@type":"ListItem","position":3,"name":"CAMISETA BULLPADEL PAQUITO 25V 420 LIMA"}]},{"@type":"WebSite","@id":"https:\/\/revolutionpadelstore.com\/fr\/#website","url":"https:\/\/revolutionpadelstore.com\/fr\/","name":"Revolution Padel Store","description":"","publisher":{"@id":"https:\/\/revolutionpadelstore.com\/fr\/#organization"},"potentialAction":[{"@type":"SearchAction","target":{"@type":"EntryPoint","urlTemplate":"https:\/\/revolutionpadelstore.com\/fr\/?s={search_term_string}"},"query-input":{"@type":"PropertyValueSpecification","valueRequired":true,"valueName":"search_term_string"}}],"inLanguage":"fr-FR"},{"@type":"Organization","@id":"https:\/\/revolutionpadelstore.com\/fr\/#organization","name":"Revolution Padel Store","url":"https:\/\/revolutionpadelstore.com\/fr\/","logo":{"@type":"ImageObject","inLanguage":"fr-FR","@id":"https:\/\/revolutionpadelstore.com\/fr\/#\/schema\/logo\/image\/","url":"https:\/\/revolutionpadelstore.com\/wp-content\/uploads\/2026\/02\/revolution-padel-store.jpg","contentUrl":"https:\/\/revolutionpadelstore.com\/wp-content\/uploads\/2026\/02\/revolution-padel-store.jpg","width":2000,"height":2000,"caption":"Revolution Padel Store"},"image":{"@id":"https:\/\/revolutionpadelstore.com\/fr\/#\/schema\/logo\/image\/"},"sameAs":["https:\/\/www.instagram.com\/revolutionpadelstore\/"]}]}},"_links":{"self":[{"href":"https:\/\/revolutionpadelstore.com\/fr\/wp-json\/wp\/v2\/product\/173789","targetHints":{"allow":["GET"]}}],"collection":[{"href":"https:\/\/revolutionpadelstore.com\/fr\/wp-json\/wp\/v2\/product"}],"about":[{"href":"https:\/\/revolutionpadelstore.com\/fr\/wp-json\/wp\/v2\/types\/product"}],"replies":[{"embeddable":true,"href":"https:\/\/revolutionpadelstore.com\/fr\/wp-json\/wp\/v2\/comments?post=173789"}],"wp:featuredmedia":[{"embeddable":true,"href":"https:\/\/revolutionpadelstore.com\/fr\/wp-json\/wp\/v2\/media\/173821"}],"wp:attachment":[{"href":"https:\/\/revolutionpadelstore.com\/fr\/wp-json\/wp\/v2\/media?parent=173789"}],"wp:term":[{"taxonomy":"acabado","embeddable":true,"href":"https:\/\/revolutionpadelstore.com\/fr\/wp-json\/wp\/v2\/acabado?post=173789"},{"taxonomy":"balance","embeddable":true,"href":"https:\/\/revolutionpadelstore.com\/fr\/wp-json\/wp\/v2\/balance?post=173789"},{"taxonomy":"dureza","embeddable":true,"href":"https:\/\/revolutionpadelstore.com\/fr\/wp-json\/wp\/v2\/dureza?post=173789"},{"taxonomy":"forma","embeddable":true,"href":"https:\/\/revolutionpadelstore.com\/fr\/wp-json\/wp\/v2\/forma?post=173789"},{"taxonomy":"jugador","embeddable":true,"href":"https:\/\/revolutionpadelstore.com\/fr\/wp-json\/wp\/v2\/jugador?post=173789"},{"taxonomy":"marca","embeddable":true,"href":"https:\/\/revolutionpadelstore.com\/fr\/wp-json\/wp\/v2\/marca?post=173789"},{"taxonomy":"nivel-de-juego","embeddable":true,"href":"https:\/\/revolutionpadelstore.com\/fr\/wp-json\/wp\/v2\/nivel-de-juego?post=173789"},{"taxonomy":"superficie","embeddable":true,"href":"https:\/\/revolutionpadelstore.com\/fr\/wp-json\/wp\/v2\/superficie?post=173789"},{"taxonomy":"tipo-de-juego","embeddable":true,"href":"https:\/\/revolutionpadelstore.com\/fr\/wp-json\/wp\/v2\/tipo-de-juego?post=173789"},{"taxonomy":"product_brand","embeddable":true,"href":"https:\/\/revolutionpadelstore.com\/fr\/wp-json\/wp\/v2\/product_brand?post=173789"},{"taxonomy":"product_cat","embeddable":true,"href":"https:\/\/revolutionpadelstore.com\/fr\/wp-json\/wp\/v2\/product_cat?post=173789"},{"taxonomy":"product_tag","embeddable":true,"href":"https:\/\/revolutionpadelstore.com\/fr\/wp-json\/wp\/v2\/product_tag?post=173789"}],"curies":[{"name":"wp","href":"https:\/\/api.w.org\/{rel}","templated":true}]}}