{"id":173667,"date":"2025-02-19T02:08:10","date_gmt":"2025-02-19T01:08:10","guid":{"rendered":"https:\/\/revolutionpadelstore.com\/camiseta-bullpadel-chingotto-25v-531-papaya\/"},"modified":"2026-04-08T06:19:33","modified_gmt":"2026-04-08T04:19:33","slug":"camiseta-bullpadel-chingotto-25v-531-papaya-3","status":"publish","type":"product","link":"https:\/\/revolutionpadelstore.com\/fr\/produit\/camiseta-bullpadel-chingotto-25v-531-papaya-3\/","title":{"rendered":"CAMISETA BULLPADEL CHINGOTTO 25V 531 PAPAYA"},"content":{"rendered":"<h2> <strong> Bullpadel Chingotto 25v Man &#8211; Comfort and Style for Paddle <\/strong> <\/h2>\n<p>La chemise Bullpadel Chingotto 25V en Papaya est le v\u00eatement parfait pour les joueurs de paddle \u00e0 la recherche de confort, de respirabilit\u00e9 et d&#8217;un design innovant.<\/p>\n<p>Fabriqu\u00e9 en tissu en jersey en polyester \u00e9lastique \u00e0 un seul poolyester, cette chemise int\u00e8gre la technologie drynamique, qui favorise l&#8217;\u00e9vaporation de la sueur et du s\u00e9chage rapide, vous gardant frais et sec pendant le jeu. Sa composition de polyester \u00e0 90% et 10% Elast\u00e1n garantit un ajustement confortable et une grande libert\u00e9 de mouvement sur la piste.<\/p>\n<p>De plus, son design sublim\u00e9 d\u00e9grad\u00e9 avec des impressions r\u00e9fl\u00e9chissantes et des d\u00e9tails perfor\u00e9s au laser fournit non seulement une touche moderne, mais am\u00e9liore \u00e9galement la ventilation pour un plus grand confort.<\/p>\n<h2> Caract\u00e9ristiques du bullpadel Chingotto 25V<\/p>\n<p> &#8211; Tissu technique: maillot en polyester \u00e9lastique unique.<br \/>\n&#8211; Technologie drynynamique: am\u00e9liore la respirabilit\u00e9 et le s\u00e9chage rapide.<br \/>\n-Design sublim\u00e9 en d\u00e9grad\u00e9 avec des d\u00e9tails r\u00e9fl\u00e9chissants.<br \/>\n&#8211; Laser \u00e9clair\u00e9 pour une plus grande ventilation.<br \/>\n-COMPOSITION: 90% de polyester, 10% Elast\u00e1n.<br \/>\n-Corte Sports et Ajustement confortable pour une plus grande libert\u00e9 de mouvement.<\/p>\n<h2> Payez au maximum avec un style unique <\/h2>\n<p>Cette chemise est non seulement fonctionnelle, mais aussi met en \u00e9vidence pour sa conception frappante et ses d\u00e9tails premium, ce qui en fait une option id\u00e9ale pour la formation et les comp\u00e9titions.<\/p>\n<p>\ud83d\udce2 <strong> Obtenez la chemise Bullpadel Chingotto 25V au meilleur prix de notre boutique en ligne &lt;a href = &quot;https:\/\/chatgpt.com\/g\/g-675432e026888191b6ee6d6f2fdbb15e-optimisation-textos\/c\/www.revolutionpadelstore.com&quot; piste.<\/p>\n<h2><strong>Camiseta Bullpadel Chingotto 25V Hombre \u2013 Comodidad y Estilo para el P\u00e1del<\/strong><\/p>\n","protected":false},"excerpt":{"rendered":"<p>Le <Strong Data-Sart=\"194\" Data-End=\"230\"> Bullpadel Chingotto 25V <\/strong> T-shirt <\/strong> dans <Strong Data-Start=\"234\" Data-End=\"250\"> Papaya Color <\/strong> <\/strong> <\/strong> C&#8217;est le v\u00eatement parfait pour les joueurs \u00e0 la recherche Data-end = &#8220;365&#8221;&gt; confort, respirabilit\u00e9 et une conception innovante <\/strong>.<strong data-start=\"194\" data-end=\"230\">camiseta Bullpadel Chingotto 25V<\/strong><\/p>\n","protected":false},"featured_media":173699,"comment_status":"open","ping_status":"closed","template":"","meta":{"_acf_changed":false,"_joinchat":[]},"acabado":[],"balance":[],"dureza":[],"forma":[],"jugador":[1192],"marca":[1257],"nivel-de-juego":[],"superficie":[],"tipo-de-juego":[],"product_brand":[],"product_cat":[344,345],"product_tag":[],"class_list":{"0":"post-173667","1":"product","2":"type-product","3":"status-publish","4":"has-post-thumbnail","6":"jugador-homme","7":"marca-bullpadel-fr","8":"product_cat-ropa-fr","9":"product_cat-vetements-pour-joueurs-premier","11":"first","12":"outofstock","13":"sale","14":"taxable","15":"shipping-taxable","16":"purchasable","17":"product-type-variable","18":"has-default-attributes"},"acf":[],"yoast_head":"<!-- This site is optimized with the Yoast SEO plugin v27.4 - https:\/\/yoast.com\/product\/yoast-seo-wordpress\/ -->\n<title>CAMISETA BULLPADEL CHINGOTTO 25V 531 PAPAYA - Revolution Padel Store<\/title>\n<meta name=\"description\" content=\"Descubre la camiseta Bullpadel Chingotto 25V en color papaya, con tecnolog\u00eda Drynamic, dise\u00f1o sublimado y m\u00e1xima transpirabilidad. \u00a1Disponible en nuestra tienda online al mejor precio!\" \/>\n<meta name=\"robots\" content=\"index, follow, max-snippet:-1, max-image-preview:large, max-video-preview:-1\" \/>\n<link rel=\"canonical\" href=\"https:\/\/revolutionpadelstore.com\/fr\/produit\/camiseta-bullpadel-chingotto-25v-531-papaya-3\/\" \/>\n<meta property=\"og:locale\" content=\"fr_FR\" \/>\n<meta property=\"og:type\" content=\"article\" \/>\n<meta property=\"og:title\" content=\"CAMISETA BULLPADEL CHINGOTTO 25V 531 PAPAYA - Revolution Padel Store\" \/>\n<meta property=\"og:description\" content=\"Descubre la camiseta Bullpadel Chingotto 25V en color papaya, con tecnolog\u00eda Drynamic, dise\u00f1o sublimado y m\u00e1xima transpirabilidad. \u00a1Disponible en nuestra tienda online al mejor precio!\" \/>\n<meta property=\"og:url\" content=\"https:\/\/revolutionpadelstore.com\/fr\/produit\/camiseta-bullpadel-chingotto-25v-531-papaya-3\/\" \/>\n<meta property=\"og:site_name\" content=\"Revolution Padel Store\" \/>\n<meta property=\"article:modified_time\" content=\"2026-04-08T04:19:33+00:00\" \/>\n<meta property=\"og:image\" content=\"https:\/\/revolutionpadelstore.com\/wp-content\/uploads\/2025\/02\/FOTO-PALAS-2.png\" \/>\n\t<meta property=\"og:image:width\" content=\"1500\" \/>\n\t<meta property=\"og:image:height\" content=\"1500\" \/>\n\t<meta property=\"og:image:type\" content=\"image\/png\" \/>\n<meta name=\"twitter:card\" content=\"summary_large_image\" \/>\n<meta name=\"twitter:label1\" content=\"Dur\u00e9e de lecture estim\u00e9e\" \/>\n\t<meta name=\"twitter:data1\" content=\"1 minute\" \/>\n<script type=\"application\/ld+json\" class=\"yoast-schema-graph\">{\"@context\":\"https:\\\/\\\/schema.org\",\"@graph\":[{\"@type\":\"WebPage\",\"@id\":\"https:\\\/\\\/revolutionpadelstore.com\\\/fr\\\/produit\\\/camiseta-bullpadel-chingotto-25v-531-papaya-3\\\/\",\"url\":\"https:\\\/\\\/revolutionpadelstore.com\\\/fr\\\/produit\\\/camiseta-bullpadel-chingotto-25v-531-papaya-3\\\/\",\"name\":\"CAMISETA BULLPADEL CHINGOTTO 25V 531 PAPAYA - Revolution Padel Store\",\"isPartOf\":{\"@id\":\"https:\\\/\\\/revolutionpadelstore.com\\\/fr\\\/#website\"},\"primaryImageOfPage\":{\"@id\":\"https:\\\/\\\/revolutionpadelstore.com\\\/fr\\\/produit\\\/camiseta-bullpadel-chingotto-25v-531-papaya-3\\\/#primaryimage\"},\"image\":{\"@id\":\"https:\\\/\\\/revolutionpadelstore.com\\\/fr\\\/produit\\\/camiseta-bullpadel-chingotto-25v-531-papaya-3\\\/#primaryimage\"},\"thumbnailUrl\":\"https:\\\/\\\/revolutionpadelstore.com\\\/wp-content\\\/uploads\\\/2025\\\/02\\\/FOTO-PALAS-2.png\",\"datePublished\":\"2025-02-19T01:08:10+00:00\",\"dateModified\":\"2026-04-08T04:19:33+00:00\",\"description\":\"Descubre la camiseta Bullpadel Chingotto 25V en color papaya, con tecnolog\u00eda Drynamic, dise\u00f1o sublimado y m\u00e1xima transpirabilidad. \u00a1Disponible en nuestra tienda online al mejor precio!\",\"breadcrumb\":{\"@id\":\"https:\\\/\\\/revolutionpadelstore.com\\\/fr\\\/produit\\\/camiseta-bullpadel-chingotto-25v-531-papaya-3\\\/#breadcrumb\"},\"inLanguage\":\"fr-FR\",\"potentialAction\":[{\"@type\":\"ReadAction\",\"target\":[\"https:\\\/\\\/revolutionpadelstore.com\\\/fr\\\/produit\\\/camiseta-bullpadel-chingotto-25v-531-papaya-3\\\/\"]}]},{\"@type\":\"ImageObject\",\"inLanguage\":\"fr-FR\",\"@id\":\"https:\\\/\\\/revolutionpadelstore.com\\\/fr\\\/produit\\\/camiseta-bullpadel-chingotto-25v-531-papaya-3\\\/#primaryimage\",\"url\":\"https:\\\/\\\/revolutionpadelstore.com\\\/wp-content\\\/uploads\\\/2025\\\/02\\\/FOTO-PALAS-2.png\",\"contentUrl\":\"https:\\\/\\\/revolutionpadelstore.com\\\/wp-content\\\/uploads\\\/2025\\\/02\\\/FOTO-PALAS-2.png\",\"width\":1500,\"height\":1500},{\"@type\":\"BreadcrumbList\",\"@id\":\"https:\\\/\\\/revolutionpadelstore.com\\\/fr\\\/produit\\\/camiseta-bullpadel-chingotto-25v-531-papaya-3\\\/#breadcrumb\",\"itemListElement\":[{\"@type\":\"ListItem\",\"position\":1,\"name\":\"Portada\",\"item\":\"https:\\\/\\\/revolutionpadelstore.com\\\/fr\\\/\"},{\"@type\":\"ListItem\",\"position\":2,\"name\":\"Boutique\",\"item\":\"https:\\\/\\\/revolutionpadelstore.com\\\/fr\\\/tienda\\\/\"},{\"@type\":\"ListItem\",\"position\":3,\"name\":\"CAMISETA BULLPADEL CHINGOTTO 25V 531 PAPAYA\"}]},{\"@type\":\"WebSite\",\"@id\":\"https:\\\/\\\/revolutionpadelstore.com\\\/fr\\\/#website\",\"url\":\"https:\\\/\\\/revolutionpadelstore.com\\\/fr\\\/\",\"name\":\"Revolution Padel Store\",\"description\":\"\",\"publisher\":{\"@id\":\"https:\\\/\\\/revolutionpadelstore.com\\\/fr\\\/#organization\"},\"potentialAction\":[{\"@type\":\"SearchAction\",\"target\":{\"@type\":\"EntryPoint\",\"urlTemplate\":\"https:\\\/\\\/revolutionpadelstore.com\\\/fr\\\/?s={search_term_string}\"},\"query-input\":{\"@type\":\"PropertyValueSpecification\",\"valueRequired\":true,\"valueName\":\"search_term_string\"}}],\"inLanguage\":\"fr-FR\"},{\"@type\":\"Organization\",\"@id\":\"https:\\\/\\\/revolutionpadelstore.com\\\/fr\\\/#organization\",\"name\":\"Revolution Padel Store\",\"url\":\"https:\\\/\\\/revolutionpadelstore.com\\\/fr\\\/\",\"logo\":{\"@type\":\"ImageObject\",\"inLanguage\":\"fr-FR\",\"@id\":\"https:\\\/\\\/revolutionpadelstore.com\\\/fr\\\/#\\\/schema\\\/logo\\\/image\\\/\",\"url\":\"https:\\\/\\\/revolutionpadelstore.com\\\/wp-content\\\/uploads\\\/2026\\\/02\\\/revolution-padel-store.jpg\",\"contentUrl\":\"https:\\\/\\\/revolutionpadelstore.com\\\/wp-content\\\/uploads\\\/2026\\\/02\\\/revolution-padel-store.jpg\",\"width\":2000,\"height\":2000,\"caption\":\"Revolution Padel Store\"},\"image\":{\"@id\":\"https:\\\/\\\/revolutionpadelstore.com\\\/fr\\\/#\\\/schema\\\/logo\\\/image\\\/\"},\"sameAs\":[\"https:\\\/\\\/www.instagram.com\\\/revolutionpadelstore\\\/\"]}]}<\/script>\n<!-- \/ Yoast SEO plugin. -->","yoast_head_json":{"title":"CAMISETA BULLPADEL CHINGOTTO 25V 531 PAPAYA - Revolution Padel Store","description":"Descubre la camiseta Bullpadel Chingotto 25V en color papaya, con tecnolog\u00eda Drynamic, dise\u00f1o sublimado y m\u00e1xima transpirabilidad. \u00a1Disponible en nuestra tienda online al mejor precio!","robots":{"index":"index","follow":"follow","max-snippet":"max-snippet:-1","max-image-preview":"max-image-preview:large","max-video-preview":"max-video-preview:-1"},"canonical":"https:\/\/revolutionpadelstore.com\/fr\/produit\/camiseta-bullpadel-chingotto-25v-531-papaya-3\/","og_locale":"fr_FR","og_type":"article","og_title":"CAMISETA BULLPADEL CHINGOTTO 25V 531 PAPAYA - Revolution Padel Store","og_description":"Descubre la camiseta Bullpadel Chingotto 25V en color papaya, con tecnolog\u00eda Drynamic, dise\u00f1o sublimado y m\u00e1xima transpirabilidad. \u00a1Disponible en nuestra tienda online al mejor precio!","og_url":"https:\/\/revolutionpadelstore.com\/fr\/produit\/camiseta-bullpadel-chingotto-25v-531-papaya-3\/","og_site_name":"Revolution Padel Store","article_modified_time":"2026-04-08T04:19:33+00:00","og_image":[{"width":1500,"height":1500,"url":"https:\/\/revolutionpadelstore.com\/wp-content\/uploads\/2025\/02\/FOTO-PALAS-2.png","type":"image\/png"}],"twitter_card":"summary_large_image","twitter_misc":{"Dur\u00e9e de lecture estim\u00e9e":"1 minute"},"schema":{"@context":"https:\/\/schema.org","@graph":[{"@type":"WebPage","@id":"https:\/\/revolutionpadelstore.com\/fr\/produit\/camiseta-bullpadel-chingotto-25v-531-papaya-3\/","url":"https:\/\/revolutionpadelstore.com\/fr\/produit\/camiseta-bullpadel-chingotto-25v-531-papaya-3\/","name":"CAMISETA BULLPADEL CHINGOTTO 25V 531 PAPAYA - Revolution Padel Store","isPartOf":{"@id":"https:\/\/revolutionpadelstore.com\/fr\/#website"},"primaryImageOfPage":{"@id":"https:\/\/revolutionpadelstore.com\/fr\/produit\/camiseta-bullpadel-chingotto-25v-531-papaya-3\/#primaryimage"},"image":{"@id":"https:\/\/revolutionpadelstore.com\/fr\/produit\/camiseta-bullpadel-chingotto-25v-531-papaya-3\/#primaryimage"},"thumbnailUrl":"https:\/\/revolutionpadelstore.com\/wp-content\/uploads\/2025\/02\/FOTO-PALAS-2.png","datePublished":"2025-02-19T01:08:10+00:00","dateModified":"2026-04-08T04:19:33+00:00","description":"Descubre la camiseta Bullpadel Chingotto 25V en color papaya, con tecnolog\u00eda Drynamic, dise\u00f1o sublimado y m\u00e1xima transpirabilidad. \u00a1Disponible en nuestra tienda online al mejor precio!","breadcrumb":{"@id":"https:\/\/revolutionpadelstore.com\/fr\/produit\/camiseta-bullpadel-chingotto-25v-531-papaya-3\/#breadcrumb"},"inLanguage":"fr-FR","potentialAction":[{"@type":"ReadAction","target":["https:\/\/revolutionpadelstore.com\/fr\/produit\/camiseta-bullpadel-chingotto-25v-531-papaya-3\/"]}]},{"@type":"ImageObject","inLanguage":"fr-FR","@id":"https:\/\/revolutionpadelstore.com\/fr\/produit\/camiseta-bullpadel-chingotto-25v-531-papaya-3\/#primaryimage","url":"https:\/\/revolutionpadelstore.com\/wp-content\/uploads\/2025\/02\/FOTO-PALAS-2.png","contentUrl":"https:\/\/revolutionpadelstore.com\/wp-content\/uploads\/2025\/02\/FOTO-PALAS-2.png","width":1500,"height":1500},{"@type":"BreadcrumbList","@id":"https:\/\/revolutionpadelstore.com\/fr\/produit\/camiseta-bullpadel-chingotto-25v-531-papaya-3\/#breadcrumb","itemListElement":[{"@type":"ListItem","position":1,"name":"Portada","item":"https:\/\/revolutionpadelstore.com\/fr\/"},{"@type":"ListItem","position":2,"name":"Boutique","item":"https:\/\/revolutionpadelstore.com\/fr\/tienda\/"},{"@type":"ListItem","position":3,"name":"CAMISETA BULLPADEL CHINGOTTO 25V 531 PAPAYA"}]},{"@type":"WebSite","@id":"https:\/\/revolutionpadelstore.com\/fr\/#website","url":"https:\/\/revolutionpadelstore.com\/fr\/","name":"Revolution Padel Store","description":"","publisher":{"@id":"https:\/\/revolutionpadelstore.com\/fr\/#organization"},"potentialAction":[{"@type":"SearchAction","target":{"@type":"EntryPoint","urlTemplate":"https:\/\/revolutionpadelstore.com\/fr\/?s={search_term_string}"},"query-input":{"@type":"PropertyValueSpecification","valueRequired":true,"valueName":"search_term_string"}}],"inLanguage":"fr-FR"},{"@type":"Organization","@id":"https:\/\/revolutionpadelstore.com\/fr\/#organization","name":"Revolution Padel Store","url":"https:\/\/revolutionpadelstore.com\/fr\/","logo":{"@type":"ImageObject","inLanguage":"fr-FR","@id":"https:\/\/revolutionpadelstore.com\/fr\/#\/schema\/logo\/image\/","url":"https:\/\/revolutionpadelstore.com\/wp-content\/uploads\/2026\/02\/revolution-padel-store.jpg","contentUrl":"https:\/\/revolutionpadelstore.com\/wp-content\/uploads\/2026\/02\/revolution-padel-store.jpg","width":2000,"height":2000,"caption":"Revolution Padel Store"},"image":{"@id":"https:\/\/revolutionpadelstore.com\/fr\/#\/schema\/logo\/image\/"},"sameAs":["https:\/\/www.instagram.com\/revolutionpadelstore\/"]}]}},"_links":{"self":[{"href":"https:\/\/revolutionpadelstore.com\/fr\/wp-json\/wp\/v2\/product\/173667","targetHints":{"allow":["GET"]}}],"collection":[{"href":"https:\/\/revolutionpadelstore.com\/fr\/wp-json\/wp\/v2\/product"}],"about":[{"href":"https:\/\/revolutionpadelstore.com\/fr\/wp-json\/wp\/v2\/types\/product"}],"replies":[{"embeddable":true,"href":"https:\/\/revolutionpadelstore.com\/fr\/wp-json\/wp\/v2\/comments?post=173667"}],"wp:featuredmedia":[{"embeddable":true,"href":"https:\/\/revolutionpadelstore.com\/fr\/wp-json\/wp\/v2\/media\/173699"}],"wp:attachment":[{"href":"https:\/\/revolutionpadelstore.com\/fr\/wp-json\/wp\/v2\/media?parent=173667"}],"wp:term":[{"taxonomy":"acabado","embeddable":true,"href":"https:\/\/revolutionpadelstore.com\/fr\/wp-json\/wp\/v2\/acabado?post=173667"},{"taxonomy":"balance","embeddable":true,"href":"https:\/\/revolutionpadelstore.com\/fr\/wp-json\/wp\/v2\/balance?post=173667"},{"taxonomy":"dureza","embeddable":true,"href":"https:\/\/revolutionpadelstore.com\/fr\/wp-json\/wp\/v2\/dureza?post=173667"},{"taxonomy":"forma","embeddable":true,"href":"https:\/\/revolutionpadelstore.com\/fr\/wp-json\/wp\/v2\/forma?post=173667"},{"taxonomy":"jugador","embeddable":true,"href":"https:\/\/revolutionpadelstore.com\/fr\/wp-json\/wp\/v2\/jugador?post=173667"},{"taxonomy":"marca","embeddable":true,"href":"https:\/\/revolutionpadelstore.com\/fr\/wp-json\/wp\/v2\/marca?post=173667"},{"taxonomy":"nivel-de-juego","embeddable":true,"href":"https:\/\/revolutionpadelstore.com\/fr\/wp-json\/wp\/v2\/nivel-de-juego?post=173667"},{"taxonomy":"superficie","embeddable":true,"href":"https:\/\/revolutionpadelstore.com\/fr\/wp-json\/wp\/v2\/superficie?post=173667"},{"taxonomy":"tipo-de-juego","embeddable":true,"href":"https:\/\/revolutionpadelstore.com\/fr\/wp-json\/wp\/v2\/tipo-de-juego?post=173667"},{"taxonomy":"product_brand","embeddable":true,"href":"https:\/\/revolutionpadelstore.com\/fr\/wp-json\/wp\/v2\/product_brand?post=173667"},{"taxonomy":"product_cat","embeddable":true,"href":"https:\/\/revolutionpadelstore.com\/fr\/wp-json\/wp\/v2\/product_cat?post=173667"},{"taxonomy":"product_tag","embeddable":true,"href":"https:\/\/revolutionpadelstore.com\/fr\/wp-json\/wp\/v2\/product_tag?post=173667"}],"curies":[{"name":"wp","href":"https:\/\/api.w.org\/{rel}","templated":true}]}}