{"id":173518,"date":"2025-02-19T12:20:55","date_gmt":"2025-02-19T11:20:55","guid":{"rendered":"https:\/\/revolutionpadelstore.com\/bullpadel-pearl-pl-final-25v-hormigon-mujer\/"},"modified":"2026-04-08T06:16:22","modified_gmt":"2026-04-08T04:16:22","slug":"bullpadel-pearl-pl-final-25v-hormigon-mujer-3","status":"publish","type":"product","link":"https:\/\/revolutionpadelstore.com\/fr\/produit\/bullpadel-pearl-pl-final-25v-hormigon-mujer-3\/","title":{"rendered":"BULLPADEL PEARL PL FINAL 25V HORMIGON MUJER"},"content":{"rendered":"<h2> <strong> Bullpadel Pearl Pl end W &#8211; l\u00e9g\u00e8ret\u00e9, r\u00e9sistance et performances maximales <\/strong> <\/h2>\n<p>Dominer la piste avec le <strong> bullpadel Pearl pp final w <\/strong>, le officiel <strong> bea Gonz\u00e1lez <\/strong> con\u00e7u pour le <strong> Premier Padel Final <\/strong>. Ce mod\u00e8le de la ligne Pro combine la l\u00e9g\u00e8ret\u00e9, la respirabilit\u00e9 et la r\u00e9sistance, garantissant les meilleures performances dans les matchs les plus exigeants. Gr\u00e2ce \u00e0 la collaboration avec Vibram, il int\u00e8gre une semelle innovante qui permet des mouvements rapides et fluides, offrant une traction et une stabilit\u00e9 exceptionnelles.<\/p>\n<h2> <strong> confort et protection \u00e0 chaque \u00e9tape <\/strong> <\/h2>\n<p>Fabriqu\u00e9 avec des mat\u00e9riaux Jacquard et Grid, unis au moyen de transparence, cette chaussure garantit une transpiration optimale, gardant les pieds frais et confortables \u00e0 tout moment. Son orteil avec une protection inject\u00e9e r\u00e9duit l&#8217;usure des frictions, prolongeant la dur\u00e9e de vie des chaussures. De plus, le soutien du talon et le syst\u00e8me anti-torsion dans la semelle centrale renforcent la stabilit\u00e9 de chaque d\u00e9placement, offrant une plus grande s\u00e9curit\u00e9 sur la piste.<\/p>\n<h2> <strong> Caract\u00e9ristiques techniques de la perl de bullpadel pp final w <\/strong> <\/h2>\n<p> &#8211; VIBRAM SOLE: Traction maximale et r\u00e9sistance pour les mouvements rapides.<br \/>\n-Cry Mati\u00e8res de liaison: Jacquard et rack avec thermosellats sans coutures.<br \/>\n-Protection dans l&#8217;orteil: injection renforc\u00e9e pour une plus grande durabilit\u00e9.<br \/>\n-Sportation dans le syst\u00e8me de talon et anti-torsion: stabilit\u00e9 sup\u00e9rieure dans chaque mouvement.<\/p>\n<h2> <strong> Obtenez le bullpadel Pearl pp final w au meilleur prix <\/strong> <\/h2>\n<p>Faites passer votre jeu au niveau sup\u00e9rieur avec le bullpadel Pearl PP Final W, une chaussure hybride qui combine la vitesse, le confort et la r\u00e9sistance. Con\u00e7u pour les joueurs les plus exigeants, il offre l&#8217;\u00e9quilibre parfait entre les performances et la protection de la piste. Disponible maintenant dans notre boutique en ligne <a href=\"https:\/\/chatgpt.com\/g\/g-675432e02688191b6ee6d6f2fdbb15e-optimization-textos\/c\/www.revolutionpadelstore.com\"> www.revolutionpadelstore.com \u00e0 la Meilleur prix du march\u00e9!<\/p>\n<h2><strong>Bullpadel Pearl PL Final W \u2013 Ligereza, Resistencia y M\u00e1ximo Rendimiento<\/strong><\/p>\n","protected":false},"excerpt":{"rendered":"<p>Les baskets \u00e0 palette hybride pour les femmes en b\u00e9ton final de perle de perle de perle vous offrent une excellente combinaison de traction, de confort et de stabilit\u00e9 dans chaque mouvement.<\/p>\n","protected":false},"featured_media":173486,"comment_status":"open","ping_status":"closed","template":"","meta":{"_acf_changed":false,"_joinchat":[]},"acabado":[],"balance":[],"dureza":[],"forma":[],"jugador":[1197],"marca":[1257],"nivel-de-juego":[],"superficie":[],"tipo-de-juego":[],"product_brand":[],"product_cat":[830],"product_tag":[],"class_list":{"0":"post-173518","1":"product","2":"type-product","3":"status-publish","4":"has-post-thumbnail","6":"jugador-mujer-fr","7":"marca-bullpadel-fr","8":"product_cat-baskets","10":"first","11":"outofstock","12":"sale","13":"taxable","14":"shipping-taxable","15":"purchasable","16":"product-type-variable"},"acf":[],"yoast_head":"<!-- This site is optimized with the Yoast SEO plugin v27.4 - https:\/\/yoast.com\/product\/yoast-seo-wordpress\/ -->\n<title>BULLPADEL PEARL PL FINAL 25V HORMIGON MUJER - Revolution Padel Store<\/title>\n<meta name=\"description\" content=\"Descubre la Bullpadel Pearl PP Final W, la zapatilla oficial de Bea Gonz\u00e1lez para el Premier Padel Final. Ligera, transpirable y resistente, con suela VIBRAM para m\u00e1ximo rendimiento. \u00a1C\u00f3mprala ahora en nuestra tienda online!\" \/>\n<meta name=\"robots\" content=\"index, follow, max-snippet:-1, max-image-preview:large, max-video-preview:-1\" \/>\n<link rel=\"canonical\" href=\"https:\/\/revolutionpadelstore.com\/fr\/produit\/bullpadel-pearl-pl-final-25v-hormigon-mujer-3\/\" \/>\n<meta property=\"og:locale\" content=\"fr_FR\" \/>\n<meta property=\"og:type\" content=\"article\" \/>\n<meta property=\"og:title\" content=\"BULLPADEL PEARL PL FINAL 25V HORMIGON MUJER - Revolution Padel Store\" \/>\n<meta property=\"og:description\" content=\"Descubre la Bullpadel Pearl PP Final W, la zapatilla oficial de Bea Gonz\u00e1lez para el Premier Padel Final. Ligera, transpirable y resistente, con suela VIBRAM para m\u00e1ximo rendimiento. \u00a1C\u00f3mprala ahora en nuestra tienda online!\" \/>\n<meta property=\"og:url\" content=\"https:\/\/revolutionpadelstore.com\/fr\/produit\/bullpadel-pearl-pl-final-25v-hormigon-mujer-3\/\" \/>\n<meta property=\"og:site_name\" content=\"Revolution Padel Store\" \/>\n<meta property=\"article:modified_time\" content=\"2026-04-08T04:16:22+00:00\" \/>\n<meta property=\"og:image\" content=\"https:\/\/revolutionpadelstore.com\/wp-content\/uploads\/2025\/02\/114342-pearl-pl-tour-final-25v-mujer-cn98501000-hormigon-1000x1000-vista1.webp\" \/>\n\t<meta property=\"og:image:width\" content=\"1000\" \/>\n\t<meta property=\"og:image:height\" content=\"1000\" \/>\n\t<meta property=\"og:image:type\" content=\"image\/webp\" \/>\n<meta name=\"twitter:card\" content=\"summary_large_image\" \/>\n<meta name=\"twitter:label1\" content=\"Dur\u00e9e de lecture estim\u00e9e\" \/>\n\t<meta name=\"twitter:data1\" content=\"2 minutes\" \/>\n<script type=\"application\/ld+json\" class=\"yoast-schema-graph\">{\"@context\":\"https:\\\/\\\/schema.org\",\"@graph\":[{\"@type\":\"WebPage\",\"@id\":\"https:\\\/\\\/revolutionpadelstore.com\\\/fr\\\/produit\\\/bullpadel-pearl-pl-final-25v-hormigon-mujer-3\\\/\",\"url\":\"https:\\\/\\\/revolutionpadelstore.com\\\/fr\\\/produit\\\/bullpadel-pearl-pl-final-25v-hormigon-mujer-3\\\/\",\"name\":\"BULLPADEL PEARL PL FINAL 25V HORMIGON MUJER - Revolution Padel Store\",\"isPartOf\":{\"@id\":\"https:\\\/\\\/revolutionpadelstore.com\\\/fr\\\/#website\"},\"primaryImageOfPage\":{\"@id\":\"https:\\\/\\\/revolutionpadelstore.com\\\/fr\\\/produit\\\/bullpadel-pearl-pl-final-25v-hormigon-mujer-3\\\/#primaryimage\"},\"image\":{\"@id\":\"https:\\\/\\\/revolutionpadelstore.com\\\/fr\\\/produit\\\/bullpadel-pearl-pl-final-25v-hormigon-mujer-3\\\/#primaryimage\"},\"thumbnailUrl\":\"https:\\\/\\\/revolutionpadelstore.com\\\/wp-content\\\/uploads\\\/2025\\\/02\\\/114342-pearl-pl-tour-final-25v-mujer-cn98501000-hormigon-1000x1000-vista1.webp\",\"datePublished\":\"2025-02-19T11:20:55+00:00\",\"dateModified\":\"2026-04-08T04:16:22+00:00\",\"description\":\"Descubre la Bullpadel Pearl PP Final W, la zapatilla oficial de Bea Gonz\u00e1lez para el Premier Padel Final. Ligera, transpirable y resistente, con suela VIBRAM para m\u00e1ximo rendimiento. \u00a1C\u00f3mprala ahora en nuestra tienda online!\",\"breadcrumb\":{\"@id\":\"https:\\\/\\\/revolutionpadelstore.com\\\/fr\\\/produit\\\/bullpadel-pearl-pl-final-25v-hormigon-mujer-3\\\/#breadcrumb\"},\"inLanguage\":\"fr-FR\",\"potentialAction\":[{\"@type\":\"ReadAction\",\"target\":[\"https:\\\/\\\/revolutionpadelstore.com\\\/fr\\\/produit\\\/bullpadel-pearl-pl-final-25v-hormigon-mujer-3\\\/\"]}]},{\"@type\":\"ImageObject\",\"inLanguage\":\"fr-FR\",\"@id\":\"https:\\\/\\\/revolutionpadelstore.com\\\/fr\\\/produit\\\/bullpadel-pearl-pl-final-25v-hormigon-mujer-3\\\/#primaryimage\",\"url\":\"https:\\\/\\\/revolutionpadelstore.com\\\/wp-content\\\/uploads\\\/2025\\\/02\\\/114342-pearl-pl-tour-final-25v-mujer-cn98501000-hormigon-1000x1000-vista1.webp\",\"contentUrl\":\"https:\\\/\\\/revolutionpadelstore.com\\\/wp-content\\\/uploads\\\/2025\\\/02\\\/114342-pearl-pl-tour-final-25v-mujer-cn98501000-hormigon-1000x1000-vista1.webp\",\"width\":1000,\"height\":1000},{\"@type\":\"BreadcrumbList\",\"@id\":\"https:\\\/\\\/revolutionpadelstore.com\\\/fr\\\/produit\\\/bullpadel-pearl-pl-final-25v-hormigon-mujer-3\\\/#breadcrumb\",\"itemListElement\":[{\"@type\":\"ListItem\",\"position\":1,\"name\":\"Portada\",\"item\":\"https:\\\/\\\/revolutionpadelstore.com\\\/fr\\\/\"},{\"@type\":\"ListItem\",\"position\":2,\"name\":\"Boutique\",\"item\":\"https:\\\/\\\/revolutionpadelstore.com\\\/fr\\\/tienda\\\/\"},{\"@type\":\"ListItem\",\"position\":3,\"name\":\"BULLPADEL PEARL PL FINAL 25V HORMIGON MUJER\"}]},{\"@type\":\"WebSite\",\"@id\":\"https:\\\/\\\/revolutionpadelstore.com\\\/fr\\\/#website\",\"url\":\"https:\\\/\\\/revolutionpadelstore.com\\\/fr\\\/\",\"name\":\"Revolution Padel Store\",\"description\":\"\",\"publisher\":{\"@id\":\"https:\\\/\\\/revolutionpadelstore.com\\\/fr\\\/#organization\"},\"potentialAction\":[{\"@type\":\"SearchAction\",\"target\":{\"@type\":\"EntryPoint\",\"urlTemplate\":\"https:\\\/\\\/revolutionpadelstore.com\\\/fr\\\/?s={search_term_string}\"},\"query-input\":{\"@type\":\"PropertyValueSpecification\",\"valueRequired\":true,\"valueName\":\"search_term_string\"}}],\"inLanguage\":\"fr-FR\"},{\"@type\":\"Organization\",\"@id\":\"https:\\\/\\\/revolutionpadelstore.com\\\/fr\\\/#organization\",\"name\":\"Revolution Padel Store\",\"url\":\"https:\\\/\\\/revolutionpadelstore.com\\\/fr\\\/\",\"logo\":{\"@type\":\"ImageObject\",\"inLanguage\":\"fr-FR\",\"@id\":\"https:\\\/\\\/revolutionpadelstore.com\\\/fr\\\/#\\\/schema\\\/logo\\\/image\\\/\",\"url\":\"https:\\\/\\\/revolutionpadelstore.com\\\/wp-content\\\/uploads\\\/2026\\\/02\\\/revolution-padel-store.jpg\",\"contentUrl\":\"https:\\\/\\\/revolutionpadelstore.com\\\/wp-content\\\/uploads\\\/2026\\\/02\\\/revolution-padel-store.jpg\",\"width\":2000,\"height\":2000,\"caption\":\"Revolution Padel Store\"},\"image\":{\"@id\":\"https:\\\/\\\/revolutionpadelstore.com\\\/fr\\\/#\\\/schema\\\/logo\\\/image\\\/\"},\"sameAs\":[\"https:\\\/\\\/www.instagram.com\\\/revolutionpadelstore\\\/\"]}]}<\/script>\n<!-- \/ Yoast SEO plugin. -->","yoast_head_json":{"title":"BULLPADEL PEARL PL FINAL 25V HORMIGON MUJER - Revolution Padel Store","description":"Descubre la Bullpadel Pearl PP Final W, la zapatilla oficial de Bea Gonz\u00e1lez para el Premier Padel Final. Ligera, transpirable y resistente, con suela VIBRAM para m\u00e1ximo rendimiento. \u00a1C\u00f3mprala ahora en nuestra tienda online!","robots":{"index":"index","follow":"follow","max-snippet":"max-snippet:-1","max-image-preview":"max-image-preview:large","max-video-preview":"max-video-preview:-1"},"canonical":"https:\/\/revolutionpadelstore.com\/fr\/produit\/bullpadel-pearl-pl-final-25v-hormigon-mujer-3\/","og_locale":"fr_FR","og_type":"article","og_title":"BULLPADEL PEARL PL FINAL 25V HORMIGON MUJER - Revolution Padel Store","og_description":"Descubre la Bullpadel Pearl PP Final W, la zapatilla oficial de Bea Gonz\u00e1lez para el Premier Padel Final. Ligera, transpirable y resistente, con suela VIBRAM para m\u00e1ximo rendimiento. \u00a1C\u00f3mprala ahora en nuestra tienda online!","og_url":"https:\/\/revolutionpadelstore.com\/fr\/produit\/bullpadel-pearl-pl-final-25v-hormigon-mujer-3\/","og_site_name":"Revolution Padel Store","article_modified_time":"2026-04-08T04:16:22+00:00","og_image":[{"width":1000,"height":1000,"url":"https:\/\/revolutionpadelstore.com\/wp-content\/uploads\/2025\/02\/114342-pearl-pl-tour-final-25v-mujer-cn98501000-hormigon-1000x1000-vista1.webp","type":"image\/webp"}],"twitter_card":"summary_large_image","twitter_misc":{"Dur\u00e9e de lecture estim\u00e9e":"2 minutes"},"schema":{"@context":"https:\/\/schema.org","@graph":[{"@type":"WebPage","@id":"https:\/\/revolutionpadelstore.com\/fr\/produit\/bullpadel-pearl-pl-final-25v-hormigon-mujer-3\/","url":"https:\/\/revolutionpadelstore.com\/fr\/produit\/bullpadel-pearl-pl-final-25v-hormigon-mujer-3\/","name":"BULLPADEL PEARL PL FINAL 25V HORMIGON MUJER - Revolution Padel Store","isPartOf":{"@id":"https:\/\/revolutionpadelstore.com\/fr\/#website"},"primaryImageOfPage":{"@id":"https:\/\/revolutionpadelstore.com\/fr\/produit\/bullpadel-pearl-pl-final-25v-hormigon-mujer-3\/#primaryimage"},"image":{"@id":"https:\/\/revolutionpadelstore.com\/fr\/produit\/bullpadel-pearl-pl-final-25v-hormigon-mujer-3\/#primaryimage"},"thumbnailUrl":"https:\/\/revolutionpadelstore.com\/wp-content\/uploads\/2025\/02\/114342-pearl-pl-tour-final-25v-mujer-cn98501000-hormigon-1000x1000-vista1.webp","datePublished":"2025-02-19T11:20:55+00:00","dateModified":"2026-04-08T04:16:22+00:00","description":"Descubre la Bullpadel Pearl PP Final W, la zapatilla oficial de Bea Gonz\u00e1lez para el Premier Padel Final. Ligera, transpirable y resistente, con suela VIBRAM para m\u00e1ximo rendimiento. \u00a1C\u00f3mprala ahora en nuestra tienda online!","breadcrumb":{"@id":"https:\/\/revolutionpadelstore.com\/fr\/produit\/bullpadel-pearl-pl-final-25v-hormigon-mujer-3\/#breadcrumb"},"inLanguage":"fr-FR","potentialAction":[{"@type":"ReadAction","target":["https:\/\/revolutionpadelstore.com\/fr\/produit\/bullpadel-pearl-pl-final-25v-hormigon-mujer-3\/"]}]},{"@type":"ImageObject","inLanguage":"fr-FR","@id":"https:\/\/revolutionpadelstore.com\/fr\/produit\/bullpadel-pearl-pl-final-25v-hormigon-mujer-3\/#primaryimage","url":"https:\/\/revolutionpadelstore.com\/wp-content\/uploads\/2025\/02\/114342-pearl-pl-tour-final-25v-mujer-cn98501000-hormigon-1000x1000-vista1.webp","contentUrl":"https:\/\/revolutionpadelstore.com\/wp-content\/uploads\/2025\/02\/114342-pearl-pl-tour-final-25v-mujer-cn98501000-hormigon-1000x1000-vista1.webp","width":1000,"height":1000},{"@type":"BreadcrumbList","@id":"https:\/\/revolutionpadelstore.com\/fr\/produit\/bullpadel-pearl-pl-final-25v-hormigon-mujer-3\/#breadcrumb","itemListElement":[{"@type":"ListItem","position":1,"name":"Portada","item":"https:\/\/revolutionpadelstore.com\/fr\/"},{"@type":"ListItem","position":2,"name":"Boutique","item":"https:\/\/revolutionpadelstore.com\/fr\/tienda\/"},{"@type":"ListItem","position":3,"name":"BULLPADEL PEARL PL FINAL 25V HORMIGON MUJER"}]},{"@type":"WebSite","@id":"https:\/\/revolutionpadelstore.com\/fr\/#website","url":"https:\/\/revolutionpadelstore.com\/fr\/","name":"Revolution Padel Store","description":"","publisher":{"@id":"https:\/\/revolutionpadelstore.com\/fr\/#organization"},"potentialAction":[{"@type":"SearchAction","target":{"@type":"EntryPoint","urlTemplate":"https:\/\/revolutionpadelstore.com\/fr\/?s={search_term_string}"},"query-input":{"@type":"PropertyValueSpecification","valueRequired":true,"valueName":"search_term_string"}}],"inLanguage":"fr-FR"},{"@type":"Organization","@id":"https:\/\/revolutionpadelstore.com\/fr\/#organization","name":"Revolution Padel Store","url":"https:\/\/revolutionpadelstore.com\/fr\/","logo":{"@type":"ImageObject","inLanguage":"fr-FR","@id":"https:\/\/revolutionpadelstore.com\/fr\/#\/schema\/logo\/image\/","url":"https:\/\/revolutionpadelstore.com\/wp-content\/uploads\/2026\/02\/revolution-padel-store.jpg","contentUrl":"https:\/\/revolutionpadelstore.com\/wp-content\/uploads\/2026\/02\/revolution-padel-store.jpg","width":2000,"height":2000,"caption":"Revolution Padel Store"},"image":{"@id":"https:\/\/revolutionpadelstore.com\/fr\/#\/schema\/logo\/image\/"},"sameAs":["https:\/\/www.instagram.com\/revolutionpadelstore\/"]}]}},"_links":{"self":[{"href":"https:\/\/revolutionpadelstore.com\/fr\/wp-json\/wp\/v2\/product\/173518","targetHints":{"allow":["GET"]}}],"collection":[{"href":"https:\/\/revolutionpadelstore.com\/fr\/wp-json\/wp\/v2\/product"}],"about":[{"href":"https:\/\/revolutionpadelstore.com\/fr\/wp-json\/wp\/v2\/types\/product"}],"replies":[{"embeddable":true,"href":"https:\/\/revolutionpadelstore.com\/fr\/wp-json\/wp\/v2\/comments?post=173518"}],"wp:featuredmedia":[{"embeddable":true,"href":"https:\/\/revolutionpadelstore.com\/fr\/wp-json\/wp\/v2\/media\/173486"}],"wp:attachment":[{"href":"https:\/\/revolutionpadelstore.com\/fr\/wp-json\/wp\/v2\/media?parent=173518"}],"wp:term":[{"taxonomy":"acabado","embeddable":true,"href":"https:\/\/revolutionpadelstore.com\/fr\/wp-json\/wp\/v2\/acabado?post=173518"},{"taxonomy":"balance","embeddable":true,"href":"https:\/\/revolutionpadelstore.com\/fr\/wp-json\/wp\/v2\/balance?post=173518"},{"taxonomy":"dureza","embeddable":true,"href":"https:\/\/revolutionpadelstore.com\/fr\/wp-json\/wp\/v2\/dureza?post=173518"},{"taxonomy":"forma","embeddable":true,"href":"https:\/\/revolutionpadelstore.com\/fr\/wp-json\/wp\/v2\/forma?post=173518"},{"taxonomy":"jugador","embeddable":true,"href":"https:\/\/revolutionpadelstore.com\/fr\/wp-json\/wp\/v2\/jugador?post=173518"},{"taxonomy":"marca","embeddable":true,"href":"https:\/\/revolutionpadelstore.com\/fr\/wp-json\/wp\/v2\/marca?post=173518"},{"taxonomy":"nivel-de-juego","embeddable":true,"href":"https:\/\/revolutionpadelstore.com\/fr\/wp-json\/wp\/v2\/nivel-de-juego?post=173518"},{"taxonomy":"superficie","embeddable":true,"href":"https:\/\/revolutionpadelstore.com\/fr\/wp-json\/wp\/v2\/superficie?post=173518"},{"taxonomy":"tipo-de-juego","embeddable":true,"href":"https:\/\/revolutionpadelstore.com\/fr\/wp-json\/wp\/v2\/tipo-de-juego?post=173518"},{"taxonomy":"product_brand","embeddable":true,"href":"https:\/\/revolutionpadelstore.com\/fr\/wp-json\/wp\/v2\/product_brand?post=173518"},{"taxonomy":"product_cat","embeddable":true,"href":"https:\/\/revolutionpadelstore.com\/fr\/wp-json\/wp\/v2\/product_cat?post=173518"},{"taxonomy":"product_tag","embeddable":true,"href":"https:\/\/revolutionpadelstore.com\/fr\/wp-json\/wp\/v2\/product_tag?post=173518"}],"curies":[{"name":"wp","href":"https:\/\/api.w.org\/{rel}","templated":true}]}}