{"id":173441,"date":"2025-02-19T10:48:42","date_gmt":"2025-02-19T09:48:42","guid":{"rendered":"https:\/\/revolutionpadelstore.com\/bullpadel-buker-jr-25v-blanco-rojo-junior\/"},"modified":"2026-04-08T06:17:45","modified_gmt":"2026-04-08T04:17:45","slug":"bullpadel-buker-jr-25v-blanco-rojo-junior-3","status":"publish","type":"product","link":"https:\/\/revolutionpadelstore.com\/fr\/produit\/bullpadel-buker-jr-25v-blanco-rojo-junior-3\/","title":{"rendered":"BULLPADEL BUKER JR 25V BLANCO\/ROJO JUNIOR"},"content":{"rendered":"<p><H2> Bullpadel Buker Jr 25V blanc \/ rouge &#8211; baskets \u00e0 paddle junior <\/h2>\n<p>Le <strong> bullpadel buker jr 25v blanc \/ rouge <\/strong> sont les chaussures id\u00e9ales pour les jeunes joueurs de paddle \u00e0 la recherche de confort, de stabilit\u00e9 et d&#8217;une excellente poign\u00e9e sur la piste. Con\u00e7us pour ceux qui commencent dans ce sport ou perfectionnent leur technique, ces chaussures offrent l&#8217;\u00e9quilibre parfait entre les performances et la durabilit\u00e9.<\/p>\n<h2> <strong> Caract\u00e9ristiques importantes: <\/strong> <\/h2>\n<p><P style=\"padding-left: 40px\"> &#8211; Sole de pointe: garantit une poign\u00e9e optimale dans tous les types de pistes, en particulier sur le sable avec du sable.<br \/>\n<P> &#8211; Phylon Amortissement de la semelle interm\u00e9diaire: absorber les impacts et fournir une empreinte plus confortable.<\/p>\n<p> &#8211; Conception lumineuse: favorise la vitesse et l&#8217;agilit\u00e9 dans le jeu sans compromettre la stabilit\u00e9.<br \/>\n<P> &#8211; Mat\u00e9riaux de haute qualit\u00e9: r\u00e9sistance et durabilit\u00e9 pour une utilisation fr\u00e9quente dans la formation et les parties.<\/p>\n<p style=\"padding-left: 40px\"> &#8211; style moderne en blanc et rouge: un design frappant qui apporte la personnalit\u00e9 sur la piste.<\/p>\n<h2> <strong> performance et confort dans chaque partie <\/strong> <\/h2>\n<p>Les <strong> Bullpadel Buker JR 25V <\/strong> sont con\u00e7us pour offrir un confort et une s\u00e9curit\u00e9 maximum aux jeunes joueurs. Sa structure respecte le mouvement naturel du pied, aidant \u00e0 pr\u00e9venir les blessures et \u00e0 optimiser les performances de chaque partie. Gr\u00e2ce \u00e0 sa construction l\u00e9g\u00e8re et \u00e0 son amorti efficace, ils permettent des d\u00e9placements rapides et des changements de direction sans effort.<\/p>\n<h2> <strong> Pourquoi choisir le Bullpadel Buker Jr 25V?<\/p>\n<p style=\"padding-left: 40px\"> &#8211; id\u00e9al pour les jeunes joueurs d&#8217;initiation ou de niveau interm\u00e9diaire.<br \/>\n&#8211; Valeur ex\u00e9cutive pour les pagayeurs juniors.<br \/>\n&#8211; Traction maximale sur les pentes avec du sable et des surfaces lisses.<br \/>\n&#8211; Confort et soutien \u00e0 une formation prolong\u00e9e.<br \/>\nObtenez le <strong> bullpadel Buker Jr 25V blanc \/ rouge <\/strong> dans notre boutique en ligne <a href=\"https:\/\/chatgpt.com\/g\/g-675432e026888191b6ee6d6f2fdbb15e-optimisation-textos\/c\/www.revolutionpadelstore.com\"> Revolution Padel Store <\/a> au prix du meilleur prix. Am\u00e9liorez votre jeu avec le meilleur \u00e9quipement!<\/p>\n<h2>Bullpadel Buker Jr 25V Blanco\/Rojo \u2013 Zapatillas de p\u00e1del junior<\/h2>\n","protected":false},"excerpt":{"rendered":"<p>Bullpadel Buker Jr 25V White \/ Red Junior est une chaussure id\u00e9ale pour les jeunes joueurs, avec une semelle \u00e0 pointes, un coussin phylon et un design confortable pour commencer ou parfait dans le tennis \u00e0 pagaie.<\/p>\n","protected":false},"featured_media":173430,"comment_status":"open","ping_status":"closed","template":"","meta":{"_acf_changed":false,"_joinchat":[]},"acabado":[],"balance":[],"dureza":[],"forma":[],"jugador":[1207],"marca":[1257],"nivel-de-juego":[],"superficie":[],"tipo-de-juego":[],"product_brand":[],"product_cat":[830],"product_tag":[],"class_list":{"0":"post-173441","1":"product","2":"type-product","3":"status-publish","4":"has-post-thumbnail","6":"jugador-jeunes","7":"marca-bullpadel-fr","8":"product_cat-baskets","10":"first","11":"outofstock","12":"sale","13":"taxable","14":"shipping-taxable","15":"purchasable","16":"product-type-variable"},"acf":[],"yoast_head":"<!-- This site is optimized with the Yoast SEO plugin v27.4 - https:\/\/yoast.com\/product\/yoast-seo-wordpress\/ -->\n<title>BULLPADEL BUKER JR 25V BLANCO\/ROJO JUNIOR - Revolution Padel Store<\/title>\n<meta name=\"description\" content=\"Compra las Bullpadel Buker Jr 25V Blanco\/Rojo y mejora tu juego. Zapatillas de p\u00e1del junior con suela de espiga, amortiguaci\u00f3n y dise\u00f1o ligero. \u00a1Entra ahora!\" \/>\n<meta name=\"robots\" content=\"index, follow, max-snippet:-1, max-image-preview:large, max-video-preview:-1\" \/>\n<link rel=\"canonical\" href=\"https:\/\/revolutionpadelstore.com\/fr\/produit\/bullpadel-buker-jr-25v-blanco-rojo-junior-3\/\" \/>\n<meta property=\"og:locale\" content=\"fr_FR\" \/>\n<meta property=\"og:type\" content=\"article\" \/>\n<meta property=\"og:title\" content=\"BULLPADEL BUKER JR 25V BLANCO\/ROJO JUNIOR - Revolution Padel Store\" \/>\n<meta property=\"og:description\" content=\"Compra las Bullpadel Buker Jr 25V Blanco\/Rojo y mejora tu juego. Zapatillas de p\u00e1del junior con suela de espiga, amortiguaci\u00f3n y dise\u00f1o ligero. \u00a1Entra ahora!\" \/>\n<meta property=\"og:url\" content=\"https:\/\/revolutionpadelstore.com\/fr\/produit\/bullpadel-buker-jr-25v-blanco-rojo-junior-3\/\" \/>\n<meta property=\"og:site_name\" content=\"Revolution Padel Store\" \/>\n<meta property=\"article:modified_time\" content=\"2026-04-08T04:17:45+00:00\" \/>\n<meta property=\"og:image\" content=\"https:\/\/revolutionpadelstore.com\/wp-content\/uploads\/2025\/02\/114316-zapatillas-bullpadel-buker-jr-25v-junior-cs58012003-blanco-rojo-1200x1200-1.webp\" \/>\n\t<meta property=\"og:image:width\" content=\"1200\" \/>\n\t<meta property=\"og:image:height\" content=\"1200\" \/>\n\t<meta property=\"og:image:type\" content=\"image\/webp\" \/>\n<meta name=\"twitter:card\" content=\"summary_large_image\" \/>\n<meta name=\"twitter:label1\" content=\"Dur\u00e9e de lecture estim\u00e9e\" \/>\n\t<meta name=\"twitter:data1\" content=\"2 minutes\" \/>\n<script type=\"application\/ld+json\" class=\"yoast-schema-graph\">{\"@context\":\"https:\\\/\\\/schema.org\",\"@graph\":[{\"@type\":\"WebPage\",\"@id\":\"https:\\\/\\\/revolutionpadelstore.com\\\/fr\\\/produit\\\/bullpadel-buker-jr-25v-blanco-rojo-junior-3\\\/\",\"url\":\"https:\\\/\\\/revolutionpadelstore.com\\\/fr\\\/produit\\\/bullpadel-buker-jr-25v-blanco-rojo-junior-3\\\/\",\"name\":\"BULLPADEL BUKER JR 25V BLANCO\\\/ROJO JUNIOR - Revolution Padel Store\",\"isPartOf\":{\"@id\":\"https:\\\/\\\/revolutionpadelstore.com\\\/fr\\\/#website\"},\"primaryImageOfPage\":{\"@id\":\"https:\\\/\\\/revolutionpadelstore.com\\\/fr\\\/produit\\\/bullpadel-buker-jr-25v-blanco-rojo-junior-3\\\/#primaryimage\"},\"image\":{\"@id\":\"https:\\\/\\\/revolutionpadelstore.com\\\/fr\\\/produit\\\/bullpadel-buker-jr-25v-blanco-rojo-junior-3\\\/#primaryimage\"},\"thumbnailUrl\":\"https:\\\/\\\/revolutionpadelstore.com\\\/wp-content\\\/uploads\\\/2025\\\/02\\\/114316-zapatillas-bullpadel-buker-jr-25v-junior-cs58012003-blanco-rojo-1200x1200-1.webp\",\"datePublished\":\"2025-02-19T09:48:42+00:00\",\"dateModified\":\"2026-04-08T04:17:45+00:00\",\"description\":\"Compra las Bullpadel Buker Jr 25V Blanco\\\/Rojo y mejora tu juego. Zapatillas de p\u00e1del junior con suela de espiga, amortiguaci\u00f3n y dise\u00f1o ligero. \u00a1Entra ahora!\",\"breadcrumb\":{\"@id\":\"https:\\\/\\\/revolutionpadelstore.com\\\/fr\\\/produit\\\/bullpadel-buker-jr-25v-blanco-rojo-junior-3\\\/#breadcrumb\"},\"inLanguage\":\"fr-FR\",\"potentialAction\":[{\"@type\":\"ReadAction\",\"target\":[\"https:\\\/\\\/revolutionpadelstore.com\\\/fr\\\/produit\\\/bullpadel-buker-jr-25v-blanco-rojo-junior-3\\\/\"]}]},{\"@type\":\"ImageObject\",\"inLanguage\":\"fr-FR\",\"@id\":\"https:\\\/\\\/revolutionpadelstore.com\\\/fr\\\/produit\\\/bullpadel-buker-jr-25v-blanco-rojo-junior-3\\\/#primaryimage\",\"url\":\"https:\\\/\\\/revolutionpadelstore.com\\\/wp-content\\\/uploads\\\/2025\\\/02\\\/114316-zapatillas-bullpadel-buker-jr-25v-junior-cs58012003-blanco-rojo-1200x1200-1.webp\",\"contentUrl\":\"https:\\\/\\\/revolutionpadelstore.com\\\/wp-content\\\/uploads\\\/2025\\\/02\\\/114316-zapatillas-bullpadel-buker-jr-25v-junior-cs58012003-blanco-rojo-1200x1200-1.webp\",\"width\":1200,\"height\":1200},{\"@type\":\"BreadcrumbList\",\"@id\":\"https:\\\/\\\/revolutionpadelstore.com\\\/fr\\\/produit\\\/bullpadel-buker-jr-25v-blanco-rojo-junior-3\\\/#breadcrumb\",\"itemListElement\":[{\"@type\":\"ListItem\",\"position\":1,\"name\":\"Portada\",\"item\":\"https:\\\/\\\/revolutionpadelstore.com\\\/fr\\\/\"},{\"@type\":\"ListItem\",\"position\":2,\"name\":\"Boutique\",\"item\":\"https:\\\/\\\/revolutionpadelstore.com\\\/fr\\\/tienda\\\/\"},{\"@type\":\"ListItem\",\"position\":3,\"name\":\"BULLPADEL BUKER JR 25V BLANCO\\\/ROJO JUNIOR\"}]},{\"@type\":\"WebSite\",\"@id\":\"https:\\\/\\\/revolutionpadelstore.com\\\/fr\\\/#website\",\"url\":\"https:\\\/\\\/revolutionpadelstore.com\\\/fr\\\/\",\"name\":\"Revolution Padel Store\",\"description\":\"\",\"publisher\":{\"@id\":\"https:\\\/\\\/revolutionpadelstore.com\\\/fr\\\/#organization\"},\"potentialAction\":[{\"@type\":\"SearchAction\",\"target\":{\"@type\":\"EntryPoint\",\"urlTemplate\":\"https:\\\/\\\/revolutionpadelstore.com\\\/fr\\\/?s={search_term_string}\"},\"query-input\":{\"@type\":\"PropertyValueSpecification\",\"valueRequired\":true,\"valueName\":\"search_term_string\"}}],\"inLanguage\":\"fr-FR\"},{\"@type\":\"Organization\",\"@id\":\"https:\\\/\\\/revolutionpadelstore.com\\\/fr\\\/#organization\",\"name\":\"Revolution Padel Store\",\"url\":\"https:\\\/\\\/revolutionpadelstore.com\\\/fr\\\/\",\"logo\":{\"@type\":\"ImageObject\",\"inLanguage\":\"fr-FR\",\"@id\":\"https:\\\/\\\/revolutionpadelstore.com\\\/fr\\\/#\\\/schema\\\/logo\\\/image\\\/\",\"url\":\"https:\\\/\\\/revolutionpadelstore.com\\\/wp-content\\\/uploads\\\/2026\\\/02\\\/revolution-padel-store.jpg\",\"contentUrl\":\"https:\\\/\\\/revolutionpadelstore.com\\\/wp-content\\\/uploads\\\/2026\\\/02\\\/revolution-padel-store.jpg\",\"width\":2000,\"height\":2000,\"caption\":\"Revolution Padel Store\"},\"image\":{\"@id\":\"https:\\\/\\\/revolutionpadelstore.com\\\/fr\\\/#\\\/schema\\\/logo\\\/image\\\/\"},\"sameAs\":[\"https:\\\/\\\/www.instagram.com\\\/revolutionpadelstore\\\/\"]}]}<\/script>\n<!-- \/ Yoast SEO plugin. -->","yoast_head_json":{"title":"BULLPADEL BUKER JR 25V BLANCO\/ROJO JUNIOR - Revolution Padel Store","description":"Compra las Bullpadel Buker Jr 25V Blanco\/Rojo y mejora tu juego. Zapatillas de p\u00e1del junior con suela de espiga, amortiguaci\u00f3n y dise\u00f1o ligero. \u00a1Entra ahora!","robots":{"index":"index","follow":"follow","max-snippet":"max-snippet:-1","max-image-preview":"max-image-preview:large","max-video-preview":"max-video-preview:-1"},"canonical":"https:\/\/revolutionpadelstore.com\/fr\/produit\/bullpadel-buker-jr-25v-blanco-rojo-junior-3\/","og_locale":"fr_FR","og_type":"article","og_title":"BULLPADEL BUKER JR 25V BLANCO\/ROJO JUNIOR - Revolution Padel Store","og_description":"Compra las Bullpadel Buker Jr 25V Blanco\/Rojo y mejora tu juego. Zapatillas de p\u00e1del junior con suela de espiga, amortiguaci\u00f3n y dise\u00f1o ligero. \u00a1Entra ahora!","og_url":"https:\/\/revolutionpadelstore.com\/fr\/produit\/bullpadel-buker-jr-25v-blanco-rojo-junior-3\/","og_site_name":"Revolution Padel Store","article_modified_time":"2026-04-08T04:17:45+00:00","og_image":[{"width":1200,"height":1200,"url":"https:\/\/revolutionpadelstore.com\/wp-content\/uploads\/2025\/02\/114316-zapatillas-bullpadel-buker-jr-25v-junior-cs58012003-blanco-rojo-1200x1200-1.webp","type":"image\/webp"}],"twitter_card":"summary_large_image","twitter_misc":{"Dur\u00e9e de lecture estim\u00e9e":"2 minutes"},"schema":{"@context":"https:\/\/schema.org","@graph":[{"@type":"WebPage","@id":"https:\/\/revolutionpadelstore.com\/fr\/produit\/bullpadel-buker-jr-25v-blanco-rojo-junior-3\/","url":"https:\/\/revolutionpadelstore.com\/fr\/produit\/bullpadel-buker-jr-25v-blanco-rojo-junior-3\/","name":"BULLPADEL BUKER JR 25V BLANCO\/ROJO JUNIOR - Revolution Padel Store","isPartOf":{"@id":"https:\/\/revolutionpadelstore.com\/fr\/#website"},"primaryImageOfPage":{"@id":"https:\/\/revolutionpadelstore.com\/fr\/produit\/bullpadel-buker-jr-25v-blanco-rojo-junior-3\/#primaryimage"},"image":{"@id":"https:\/\/revolutionpadelstore.com\/fr\/produit\/bullpadel-buker-jr-25v-blanco-rojo-junior-3\/#primaryimage"},"thumbnailUrl":"https:\/\/revolutionpadelstore.com\/wp-content\/uploads\/2025\/02\/114316-zapatillas-bullpadel-buker-jr-25v-junior-cs58012003-blanco-rojo-1200x1200-1.webp","datePublished":"2025-02-19T09:48:42+00:00","dateModified":"2026-04-08T04:17:45+00:00","description":"Compra las Bullpadel Buker Jr 25V Blanco\/Rojo y mejora tu juego. Zapatillas de p\u00e1del junior con suela de espiga, amortiguaci\u00f3n y dise\u00f1o ligero. \u00a1Entra ahora!","breadcrumb":{"@id":"https:\/\/revolutionpadelstore.com\/fr\/produit\/bullpadel-buker-jr-25v-blanco-rojo-junior-3\/#breadcrumb"},"inLanguage":"fr-FR","potentialAction":[{"@type":"ReadAction","target":["https:\/\/revolutionpadelstore.com\/fr\/produit\/bullpadel-buker-jr-25v-blanco-rojo-junior-3\/"]}]},{"@type":"ImageObject","inLanguage":"fr-FR","@id":"https:\/\/revolutionpadelstore.com\/fr\/produit\/bullpadel-buker-jr-25v-blanco-rojo-junior-3\/#primaryimage","url":"https:\/\/revolutionpadelstore.com\/wp-content\/uploads\/2025\/02\/114316-zapatillas-bullpadel-buker-jr-25v-junior-cs58012003-blanco-rojo-1200x1200-1.webp","contentUrl":"https:\/\/revolutionpadelstore.com\/wp-content\/uploads\/2025\/02\/114316-zapatillas-bullpadel-buker-jr-25v-junior-cs58012003-blanco-rojo-1200x1200-1.webp","width":1200,"height":1200},{"@type":"BreadcrumbList","@id":"https:\/\/revolutionpadelstore.com\/fr\/produit\/bullpadel-buker-jr-25v-blanco-rojo-junior-3\/#breadcrumb","itemListElement":[{"@type":"ListItem","position":1,"name":"Portada","item":"https:\/\/revolutionpadelstore.com\/fr\/"},{"@type":"ListItem","position":2,"name":"Boutique","item":"https:\/\/revolutionpadelstore.com\/fr\/tienda\/"},{"@type":"ListItem","position":3,"name":"BULLPADEL BUKER JR 25V BLANCO\/ROJO JUNIOR"}]},{"@type":"WebSite","@id":"https:\/\/revolutionpadelstore.com\/fr\/#website","url":"https:\/\/revolutionpadelstore.com\/fr\/","name":"Revolution Padel Store","description":"","publisher":{"@id":"https:\/\/revolutionpadelstore.com\/fr\/#organization"},"potentialAction":[{"@type":"SearchAction","target":{"@type":"EntryPoint","urlTemplate":"https:\/\/revolutionpadelstore.com\/fr\/?s={search_term_string}"},"query-input":{"@type":"PropertyValueSpecification","valueRequired":true,"valueName":"search_term_string"}}],"inLanguage":"fr-FR"},{"@type":"Organization","@id":"https:\/\/revolutionpadelstore.com\/fr\/#organization","name":"Revolution Padel Store","url":"https:\/\/revolutionpadelstore.com\/fr\/","logo":{"@type":"ImageObject","inLanguage":"fr-FR","@id":"https:\/\/revolutionpadelstore.com\/fr\/#\/schema\/logo\/image\/","url":"https:\/\/revolutionpadelstore.com\/wp-content\/uploads\/2026\/02\/revolution-padel-store.jpg","contentUrl":"https:\/\/revolutionpadelstore.com\/wp-content\/uploads\/2026\/02\/revolution-padel-store.jpg","width":2000,"height":2000,"caption":"Revolution Padel Store"},"image":{"@id":"https:\/\/revolutionpadelstore.com\/fr\/#\/schema\/logo\/image\/"},"sameAs":["https:\/\/www.instagram.com\/revolutionpadelstore\/"]}]}},"_links":{"self":[{"href":"https:\/\/revolutionpadelstore.com\/fr\/wp-json\/wp\/v2\/product\/173441","targetHints":{"allow":["GET"]}}],"collection":[{"href":"https:\/\/revolutionpadelstore.com\/fr\/wp-json\/wp\/v2\/product"}],"about":[{"href":"https:\/\/revolutionpadelstore.com\/fr\/wp-json\/wp\/v2\/types\/product"}],"replies":[{"embeddable":true,"href":"https:\/\/revolutionpadelstore.com\/fr\/wp-json\/wp\/v2\/comments?post=173441"}],"wp:featuredmedia":[{"embeddable":true,"href":"https:\/\/revolutionpadelstore.com\/fr\/wp-json\/wp\/v2\/media\/173430"}],"wp:attachment":[{"href":"https:\/\/revolutionpadelstore.com\/fr\/wp-json\/wp\/v2\/media?parent=173441"}],"wp:term":[{"taxonomy":"acabado","embeddable":true,"href":"https:\/\/revolutionpadelstore.com\/fr\/wp-json\/wp\/v2\/acabado?post=173441"},{"taxonomy":"balance","embeddable":true,"href":"https:\/\/revolutionpadelstore.com\/fr\/wp-json\/wp\/v2\/balance?post=173441"},{"taxonomy":"dureza","embeddable":true,"href":"https:\/\/revolutionpadelstore.com\/fr\/wp-json\/wp\/v2\/dureza?post=173441"},{"taxonomy":"forma","embeddable":true,"href":"https:\/\/revolutionpadelstore.com\/fr\/wp-json\/wp\/v2\/forma?post=173441"},{"taxonomy":"jugador","embeddable":true,"href":"https:\/\/revolutionpadelstore.com\/fr\/wp-json\/wp\/v2\/jugador?post=173441"},{"taxonomy":"marca","embeddable":true,"href":"https:\/\/revolutionpadelstore.com\/fr\/wp-json\/wp\/v2\/marca?post=173441"},{"taxonomy":"nivel-de-juego","embeddable":true,"href":"https:\/\/revolutionpadelstore.com\/fr\/wp-json\/wp\/v2\/nivel-de-juego?post=173441"},{"taxonomy":"superficie","embeddable":true,"href":"https:\/\/revolutionpadelstore.com\/fr\/wp-json\/wp\/v2\/superficie?post=173441"},{"taxonomy":"tipo-de-juego","embeddable":true,"href":"https:\/\/revolutionpadelstore.com\/fr\/wp-json\/wp\/v2\/tipo-de-juego?post=173441"},{"taxonomy":"product_brand","embeddable":true,"href":"https:\/\/revolutionpadelstore.com\/fr\/wp-json\/wp\/v2\/product_brand?post=173441"},{"taxonomy":"product_cat","embeddable":true,"href":"https:\/\/revolutionpadelstore.com\/fr\/wp-json\/wp\/v2\/product_cat?post=173441"},{"taxonomy":"product_tag","embeddable":true,"href":"https:\/\/revolutionpadelstore.com\/fr\/wp-json\/wp\/v2\/product_tag?post=173441"}],"curies":[{"name":"wp","href":"https:\/\/api.w.org\/{rel}","templated":true}]}}