{"id":173060,"date":"2025-02-18T22:47:31","date_gmt":"2025-02-18T21:47:31","guid":{"rendered":"https:\/\/revolutionpadelstore.com\/bullpadel-vertex-vibram-w-25v-azul\/"},"modified":"2026-04-08T07:08:01","modified_gmt":"2026-04-08T05:08:01","slug":"bullpadel-vertex-vibram-w-25v-azul-3","status":"publish","type":"product","link":"https:\/\/revolutionpadelstore.com\/fr\/produit\/bullpadel-vertex-vibram-w-25v-azul-3\/","title":{"rendered":"BULLPADEL VERTEX VIBRAM W 25V AZUL"},"content":{"rendered":"<h2> <strong> Bullpadel Vertex Vibram W 25V Blue Femme <\/strong> <\/h2>\n<p>Le <strong> Bullpadel Vertex Vibram W 25V Blue <\/strong> est les chaussures parfaites pour les joueurs de paddle \u00e0 la recherche de performances, de confort et de durabilit\u00e9 dans chaque jeu. Con\u00e7us en collaboration avec <strong> Delphi Brea <\/strong>, ces baskets combinent la technologie de l&#8217;\u00e9tat -art avec un design stylis\u00e9 et fonctionnel.<\/p>\n<h2> <strong> Abrip et stabilit\u00e9 maximale <\/strong> <\/h2>\n<p>Gr\u00e2ce \u00e0 sa SOLLE VIBRAM <strong> \u00e0 double densit\u00e9 <\/strong>, ils offrent une <strong> traction exceptionnelle <\/strong>, permettant des changements rapides de direction et des mouvements explosifs sans perdre de stabilit\u00e9. Votre <strong> Hybrid Design <\/strong> avec Spike et Tacos garantit un \u00e9quilibre parfait entre l&#8217;adh\u00e9rence et le glissement, id\u00e9al pour les joueurs exigeants.<\/p>\n<h2> <strong> confort et r\u00e9sistance \u00e0 chaque \u00e9tape <\/strong> <\/h2>\n<p>-Corte de maillage technique respirant: assure la l\u00e9g\u00e8ret\u00e9 et la fra\u00eecheur, en \u00e9vitant l&#8217;accumulation de chaleur dans les pieds.<\/p>\n<p>-Une puissance en caoutchouc inject\u00e9 sans couture: renforce les zones de la plus grande usure, prolongeant la dur\u00e9e de vie utile des chaussures.<\/p>\n<p>-Un talon rembourr\u00e9: donne une sensation de confort sup\u00e9rieur et prot\u00e8ge contre les impacts.<\/p>\n<p>-M\u00e9ration \u00e0 la recherche: offre une stabilit\u00e9 lat\u00e9rale, r\u00e9duisant le risque de blessures.<\/p>\n<h2> <strong> baskets con\u00e7ues pour gagner <\/strong> <\/h2>\n<p>Si vous recherchez des chaussures de paddle pour femmes qui vous fournissent <strong> vitesse, amortissement et une bande de roulement en toute s\u00e9curit\u00e9 <\/strong>, le <strong> Bullpadel Vertex Vibram W 25V <\/strong> est votre meilleur choix. Parfait pour les joueurs moyens et avanc\u00e9s qui souhaitent faire passer leur jeu au niveau sup\u00e9rieur.<\/p>\n<p><strong> Achetez maintenant le sommet de Bullpadel Vibram W 25V Blue Woman dans notre boutique en ligne &lt;A href = &quot;https:\/\/chatgpt.com\/g\/g-675432e02688191b6ee6d6f2fdbb15e-optimisation-textos\/c\/www.revolutionpadelstore.com&quot; March\u00e9.<\/p>\n<h2><strong>Bullpadel Vertex Vibram W 25V Azul Mujer<\/strong><\/p>\n","protected":false},"excerpt":{"rendered":"<p>Le <strong> Bullpadel Vertex Vibram W 25V Blue Woman <\/strong> se d\u00e9marque pour leur vitesse, leur confort et leur conception d&#8217;avant-garde. Gr\u00e2ce \u00e0 son seul <strong> vibram <\/strong>, \u00e0 un maillage technique et \u00e0 un renforcement dans l&#8217;orteil, ils sont le choix parfait pour jouer la pagaie pour une stabilit\u00e9 et des performances maximales.<strong>Bullpadel Vertex Vibram W 25V Azul Mujer<\/strong><\/p>\n","protected":false},"featured_media":173028,"comment_status":"open","ping_status":"closed","template":"","meta":{"_acf_changed":false,"_joinchat":[]},"acabado":[],"balance":[],"dureza":[],"forma":[],"jugador":[1197],"marca":[1257],"nivel-de-juego":[],"superficie":[],"tipo-de-juego":[],"product_brand":[],"product_cat":[830],"product_tag":[],"class_list":{"0":"post-173060","1":"product","2":"type-product","3":"status-publish","4":"has-post-thumbnail","6":"jugador-mujer-fr","7":"marca-bullpadel-fr","8":"product_cat-baskets","10":"first","11":"outofstock","12":"sale","13":"taxable","14":"shipping-taxable","15":"purchasable","16":"product-type-variable"},"acf":[],"yoast_head":"<!-- This site is optimized with the Yoast SEO plugin v27.4 - https:\/\/yoast.com\/product\/yoast-seo-wordpress\/ -->\n<title>BULLPADEL VERTEX VIBRAM W 25V AZUL - Revolution Padel Store<\/title>\n<meta name=\"description\" content=\"Consigue las nuevas Bullpadel Vertex Vibram W 25V Mujer con suela Vibram de doble densidad para m\u00e1xima tracci\u00f3n y comodidad. Compra online al mejor precio en Revolution Padel Store.\" \/>\n<meta name=\"robots\" content=\"index, follow, max-snippet:-1, max-image-preview:large, max-video-preview:-1\" \/>\n<link rel=\"canonical\" href=\"https:\/\/revolutionpadelstore.com\/fr\/produit\/bullpadel-vertex-vibram-w-25v-azul-3\/\" \/>\n<meta property=\"og:locale\" content=\"fr_FR\" \/>\n<meta property=\"og:type\" content=\"article\" \/>\n<meta property=\"og:title\" content=\"BULLPADEL VERTEX VIBRAM W 25V AZUL - Revolution Padel Store\" \/>\n<meta property=\"og:description\" content=\"Consigue las nuevas Bullpadel Vertex Vibram W 25V Mujer con suela Vibram de doble densidad para m\u00e1xima tracci\u00f3n y comodidad. Compra online al mejor precio en Revolution Padel Store.\" \/>\n<meta property=\"og:url\" content=\"https:\/\/revolutionpadelstore.com\/fr\/produit\/bullpadel-vertex-vibram-w-25v-azul-3\/\" \/>\n<meta property=\"og:site_name\" content=\"Revolution Padel Store\" \/>\n<meta property=\"article:modified_time\" content=\"2026-04-08T05:08:01+00:00\" \/>\n<meta property=\"og:image\" content=\"https:\/\/revolutionpadelstore.com\/wp-content\/uploads\/2025\/02\/114351-zapatillas-bullpadel-vertex-vibram-w-25v-mujer-cm59031000-1200x1200-1.webp\" \/>\n\t<meta property=\"og:image:width\" content=\"1200\" \/>\n\t<meta property=\"og:image:height\" content=\"1200\" \/>\n\t<meta property=\"og:image:type\" content=\"image\/webp\" \/>\n<meta name=\"twitter:card\" content=\"summary_large_image\" \/>\n<meta name=\"twitter:label1\" content=\"Dur\u00e9e de lecture estim\u00e9e\" \/>\n\t<meta name=\"twitter:data1\" content=\"1 minute\" \/>\n<script type=\"application\/ld+json\" class=\"yoast-schema-graph\">{\"@context\":\"https:\\\/\\\/schema.org\",\"@graph\":[{\"@type\":\"WebPage\",\"@id\":\"https:\\\/\\\/revolutionpadelstore.com\\\/fr\\\/produit\\\/bullpadel-vertex-vibram-w-25v-azul-3\\\/\",\"url\":\"https:\\\/\\\/revolutionpadelstore.com\\\/fr\\\/produit\\\/bullpadel-vertex-vibram-w-25v-azul-3\\\/\",\"name\":\"BULLPADEL VERTEX VIBRAM W 25V AZUL - Revolution Padel Store\",\"isPartOf\":{\"@id\":\"https:\\\/\\\/revolutionpadelstore.com\\\/fr\\\/#website\"},\"primaryImageOfPage\":{\"@id\":\"https:\\\/\\\/revolutionpadelstore.com\\\/fr\\\/produit\\\/bullpadel-vertex-vibram-w-25v-azul-3\\\/#primaryimage\"},\"image\":{\"@id\":\"https:\\\/\\\/revolutionpadelstore.com\\\/fr\\\/produit\\\/bullpadel-vertex-vibram-w-25v-azul-3\\\/#primaryimage\"},\"thumbnailUrl\":\"https:\\\/\\\/revolutionpadelstore.com\\\/wp-content\\\/uploads\\\/2025\\\/02\\\/114351-zapatillas-bullpadel-vertex-vibram-w-25v-mujer-cm59031000-1200x1200-1.webp\",\"datePublished\":\"2025-02-18T21:47:31+00:00\",\"dateModified\":\"2026-04-08T05:08:01+00:00\",\"description\":\"Consigue las nuevas Bullpadel Vertex Vibram W 25V Mujer con suela Vibram de doble densidad para m\u00e1xima tracci\u00f3n y comodidad. Compra online al mejor precio en Revolution Padel Store.\",\"breadcrumb\":{\"@id\":\"https:\\\/\\\/revolutionpadelstore.com\\\/fr\\\/produit\\\/bullpadel-vertex-vibram-w-25v-azul-3\\\/#breadcrumb\"},\"inLanguage\":\"fr-FR\",\"potentialAction\":[{\"@type\":\"ReadAction\",\"target\":[\"https:\\\/\\\/revolutionpadelstore.com\\\/fr\\\/produit\\\/bullpadel-vertex-vibram-w-25v-azul-3\\\/\"]}]},{\"@type\":\"ImageObject\",\"inLanguage\":\"fr-FR\",\"@id\":\"https:\\\/\\\/revolutionpadelstore.com\\\/fr\\\/produit\\\/bullpadel-vertex-vibram-w-25v-azul-3\\\/#primaryimage\",\"url\":\"https:\\\/\\\/revolutionpadelstore.com\\\/wp-content\\\/uploads\\\/2025\\\/02\\\/114351-zapatillas-bullpadel-vertex-vibram-w-25v-mujer-cm59031000-1200x1200-1.webp\",\"contentUrl\":\"https:\\\/\\\/revolutionpadelstore.com\\\/wp-content\\\/uploads\\\/2025\\\/02\\\/114351-zapatillas-bullpadel-vertex-vibram-w-25v-mujer-cm59031000-1200x1200-1.webp\",\"width\":1200,\"height\":1200},{\"@type\":\"BreadcrumbList\",\"@id\":\"https:\\\/\\\/revolutionpadelstore.com\\\/fr\\\/produit\\\/bullpadel-vertex-vibram-w-25v-azul-3\\\/#breadcrumb\",\"itemListElement\":[{\"@type\":\"ListItem\",\"position\":1,\"name\":\"Portada\",\"item\":\"https:\\\/\\\/revolutionpadelstore.com\\\/fr\\\/\"},{\"@type\":\"ListItem\",\"position\":2,\"name\":\"Boutique\",\"item\":\"https:\\\/\\\/revolutionpadelstore.com\\\/fr\\\/tienda\\\/\"},{\"@type\":\"ListItem\",\"position\":3,\"name\":\"BULLPADEL VERTEX VIBRAM W 25V AZUL\"}]},{\"@type\":\"WebSite\",\"@id\":\"https:\\\/\\\/revolutionpadelstore.com\\\/fr\\\/#website\",\"url\":\"https:\\\/\\\/revolutionpadelstore.com\\\/fr\\\/\",\"name\":\"Revolution Padel Store\",\"description\":\"\",\"publisher\":{\"@id\":\"https:\\\/\\\/revolutionpadelstore.com\\\/fr\\\/#organization\"},\"potentialAction\":[{\"@type\":\"SearchAction\",\"target\":{\"@type\":\"EntryPoint\",\"urlTemplate\":\"https:\\\/\\\/revolutionpadelstore.com\\\/fr\\\/?s={search_term_string}\"},\"query-input\":{\"@type\":\"PropertyValueSpecification\",\"valueRequired\":true,\"valueName\":\"search_term_string\"}}],\"inLanguage\":\"fr-FR\"},{\"@type\":\"Organization\",\"@id\":\"https:\\\/\\\/revolutionpadelstore.com\\\/fr\\\/#organization\",\"name\":\"Revolution Padel Store\",\"url\":\"https:\\\/\\\/revolutionpadelstore.com\\\/fr\\\/\",\"logo\":{\"@type\":\"ImageObject\",\"inLanguage\":\"fr-FR\",\"@id\":\"https:\\\/\\\/revolutionpadelstore.com\\\/fr\\\/#\\\/schema\\\/logo\\\/image\\\/\",\"url\":\"https:\\\/\\\/revolutionpadelstore.com\\\/wp-content\\\/uploads\\\/2026\\\/02\\\/revolution-padel-store.jpg\",\"contentUrl\":\"https:\\\/\\\/revolutionpadelstore.com\\\/wp-content\\\/uploads\\\/2026\\\/02\\\/revolution-padel-store.jpg\",\"width\":2000,\"height\":2000,\"caption\":\"Revolution Padel Store\"},\"image\":{\"@id\":\"https:\\\/\\\/revolutionpadelstore.com\\\/fr\\\/#\\\/schema\\\/logo\\\/image\\\/\"},\"sameAs\":[\"https:\\\/\\\/www.instagram.com\\\/revolutionpadelstore\\\/\"]}]}<\/script>\n<!-- \/ Yoast SEO plugin. -->","yoast_head_json":{"title":"BULLPADEL VERTEX VIBRAM W 25V AZUL - Revolution Padel Store","description":"Consigue las nuevas Bullpadel Vertex Vibram W 25V Mujer con suela Vibram de doble densidad para m\u00e1xima tracci\u00f3n y comodidad. Compra online al mejor precio en Revolution Padel Store.","robots":{"index":"index","follow":"follow","max-snippet":"max-snippet:-1","max-image-preview":"max-image-preview:large","max-video-preview":"max-video-preview:-1"},"canonical":"https:\/\/revolutionpadelstore.com\/fr\/produit\/bullpadel-vertex-vibram-w-25v-azul-3\/","og_locale":"fr_FR","og_type":"article","og_title":"BULLPADEL VERTEX VIBRAM W 25V AZUL - Revolution Padel Store","og_description":"Consigue las nuevas Bullpadel Vertex Vibram W 25V Mujer con suela Vibram de doble densidad para m\u00e1xima tracci\u00f3n y comodidad. Compra online al mejor precio en Revolution Padel Store.","og_url":"https:\/\/revolutionpadelstore.com\/fr\/produit\/bullpadel-vertex-vibram-w-25v-azul-3\/","og_site_name":"Revolution Padel Store","article_modified_time":"2026-04-08T05:08:01+00:00","og_image":[{"width":1200,"height":1200,"url":"https:\/\/revolutionpadelstore.com\/wp-content\/uploads\/2025\/02\/114351-zapatillas-bullpadel-vertex-vibram-w-25v-mujer-cm59031000-1200x1200-1.webp","type":"image\/webp"}],"twitter_card":"summary_large_image","twitter_misc":{"Dur\u00e9e de lecture estim\u00e9e":"1 minute"},"schema":{"@context":"https:\/\/schema.org","@graph":[{"@type":"WebPage","@id":"https:\/\/revolutionpadelstore.com\/fr\/produit\/bullpadel-vertex-vibram-w-25v-azul-3\/","url":"https:\/\/revolutionpadelstore.com\/fr\/produit\/bullpadel-vertex-vibram-w-25v-azul-3\/","name":"BULLPADEL VERTEX VIBRAM W 25V AZUL - Revolution Padel Store","isPartOf":{"@id":"https:\/\/revolutionpadelstore.com\/fr\/#website"},"primaryImageOfPage":{"@id":"https:\/\/revolutionpadelstore.com\/fr\/produit\/bullpadel-vertex-vibram-w-25v-azul-3\/#primaryimage"},"image":{"@id":"https:\/\/revolutionpadelstore.com\/fr\/produit\/bullpadel-vertex-vibram-w-25v-azul-3\/#primaryimage"},"thumbnailUrl":"https:\/\/revolutionpadelstore.com\/wp-content\/uploads\/2025\/02\/114351-zapatillas-bullpadel-vertex-vibram-w-25v-mujer-cm59031000-1200x1200-1.webp","datePublished":"2025-02-18T21:47:31+00:00","dateModified":"2026-04-08T05:08:01+00:00","description":"Consigue las nuevas Bullpadel Vertex Vibram W 25V Mujer con suela Vibram de doble densidad para m\u00e1xima tracci\u00f3n y comodidad. Compra online al mejor precio en Revolution Padel Store.","breadcrumb":{"@id":"https:\/\/revolutionpadelstore.com\/fr\/produit\/bullpadel-vertex-vibram-w-25v-azul-3\/#breadcrumb"},"inLanguage":"fr-FR","potentialAction":[{"@type":"ReadAction","target":["https:\/\/revolutionpadelstore.com\/fr\/produit\/bullpadel-vertex-vibram-w-25v-azul-3\/"]}]},{"@type":"ImageObject","inLanguage":"fr-FR","@id":"https:\/\/revolutionpadelstore.com\/fr\/produit\/bullpadel-vertex-vibram-w-25v-azul-3\/#primaryimage","url":"https:\/\/revolutionpadelstore.com\/wp-content\/uploads\/2025\/02\/114351-zapatillas-bullpadel-vertex-vibram-w-25v-mujer-cm59031000-1200x1200-1.webp","contentUrl":"https:\/\/revolutionpadelstore.com\/wp-content\/uploads\/2025\/02\/114351-zapatillas-bullpadel-vertex-vibram-w-25v-mujer-cm59031000-1200x1200-1.webp","width":1200,"height":1200},{"@type":"BreadcrumbList","@id":"https:\/\/revolutionpadelstore.com\/fr\/produit\/bullpadel-vertex-vibram-w-25v-azul-3\/#breadcrumb","itemListElement":[{"@type":"ListItem","position":1,"name":"Portada","item":"https:\/\/revolutionpadelstore.com\/fr\/"},{"@type":"ListItem","position":2,"name":"Boutique","item":"https:\/\/revolutionpadelstore.com\/fr\/tienda\/"},{"@type":"ListItem","position":3,"name":"BULLPADEL VERTEX VIBRAM W 25V AZUL"}]},{"@type":"WebSite","@id":"https:\/\/revolutionpadelstore.com\/fr\/#website","url":"https:\/\/revolutionpadelstore.com\/fr\/","name":"Revolution Padel Store","description":"","publisher":{"@id":"https:\/\/revolutionpadelstore.com\/fr\/#organization"},"potentialAction":[{"@type":"SearchAction","target":{"@type":"EntryPoint","urlTemplate":"https:\/\/revolutionpadelstore.com\/fr\/?s={search_term_string}"},"query-input":{"@type":"PropertyValueSpecification","valueRequired":true,"valueName":"search_term_string"}}],"inLanguage":"fr-FR"},{"@type":"Organization","@id":"https:\/\/revolutionpadelstore.com\/fr\/#organization","name":"Revolution Padel Store","url":"https:\/\/revolutionpadelstore.com\/fr\/","logo":{"@type":"ImageObject","inLanguage":"fr-FR","@id":"https:\/\/revolutionpadelstore.com\/fr\/#\/schema\/logo\/image\/","url":"https:\/\/revolutionpadelstore.com\/wp-content\/uploads\/2026\/02\/revolution-padel-store.jpg","contentUrl":"https:\/\/revolutionpadelstore.com\/wp-content\/uploads\/2026\/02\/revolution-padel-store.jpg","width":2000,"height":2000,"caption":"Revolution Padel Store"},"image":{"@id":"https:\/\/revolutionpadelstore.com\/fr\/#\/schema\/logo\/image\/"},"sameAs":["https:\/\/www.instagram.com\/revolutionpadelstore\/"]}]}},"_links":{"self":[{"href":"https:\/\/revolutionpadelstore.com\/fr\/wp-json\/wp\/v2\/product\/173060","targetHints":{"allow":["GET"]}}],"collection":[{"href":"https:\/\/revolutionpadelstore.com\/fr\/wp-json\/wp\/v2\/product"}],"about":[{"href":"https:\/\/revolutionpadelstore.com\/fr\/wp-json\/wp\/v2\/types\/product"}],"replies":[{"embeddable":true,"href":"https:\/\/revolutionpadelstore.com\/fr\/wp-json\/wp\/v2\/comments?post=173060"}],"wp:featuredmedia":[{"embeddable":true,"href":"https:\/\/revolutionpadelstore.com\/fr\/wp-json\/wp\/v2\/media\/173028"}],"wp:attachment":[{"href":"https:\/\/revolutionpadelstore.com\/fr\/wp-json\/wp\/v2\/media?parent=173060"}],"wp:term":[{"taxonomy":"acabado","embeddable":true,"href":"https:\/\/revolutionpadelstore.com\/fr\/wp-json\/wp\/v2\/acabado?post=173060"},{"taxonomy":"balance","embeddable":true,"href":"https:\/\/revolutionpadelstore.com\/fr\/wp-json\/wp\/v2\/balance?post=173060"},{"taxonomy":"dureza","embeddable":true,"href":"https:\/\/revolutionpadelstore.com\/fr\/wp-json\/wp\/v2\/dureza?post=173060"},{"taxonomy":"forma","embeddable":true,"href":"https:\/\/revolutionpadelstore.com\/fr\/wp-json\/wp\/v2\/forma?post=173060"},{"taxonomy":"jugador","embeddable":true,"href":"https:\/\/revolutionpadelstore.com\/fr\/wp-json\/wp\/v2\/jugador?post=173060"},{"taxonomy":"marca","embeddable":true,"href":"https:\/\/revolutionpadelstore.com\/fr\/wp-json\/wp\/v2\/marca?post=173060"},{"taxonomy":"nivel-de-juego","embeddable":true,"href":"https:\/\/revolutionpadelstore.com\/fr\/wp-json\/wp\/v2\/nivel-de-juego?post=173060"},{"taxonomy":"superficie","embeddable":true,"href":"https:\/\/revolutionpadelstore.com\/fr\/wp-json\/wp\/v2\/superficie?post=173060"},{"taxonomy":"tipo-de-juego","embeddable":true,"href":"https:\/\/revolutionpadelstore.com\/fr\/wp-json\/wp\/v2\/tipo-de-juego?post=173060"},{"taxonomy":"product_brand","embeddable":true,"href":"https:\/\/revolutionpadelstore.com\/fr\/wp-json\/wp\/v2\/product_brand?post=173060"},{"taxonomy":"product_cat","embeddable":true,"href":"https:\/\/revolutionpadelstore.com\/fr\/wp-json\/wp\/v2\/product_cat?post=173060"},{"taxonomy":"product_tag","embeddable":true,"href":"https:\/\/revolutionpadelstore.com\/fr\/wp-json\/wp\/v2\/product_tag?post=173060"}],"curies":[{"name":"wp","href":"https:\/\/api.w.org\/{rel}","templated":true}]}}