{"id":172805,"date":"2025-02-18T20:52:37","date_gmt":"2025-02-18T19:52:37","guid":{"rendered":"https:\/\/revolutionpadelstore.com\/bullpadel-pearl-vibram-25v-blanco-mujer\/"},"modified":"2026-04-08T07:13:11","modified_gmt":"2026-04-08T05:13:11","slug":"bullpadel-pearl-vibram-25v-blanco-mujer-3","status":"publish","type":"product","link":"https:\/\/revolutionpadelstore.com\/fr\/produit\/bullpadel-pearl-vibram-25v-blanco-mujer-3\/","title":{"rendered":"BULLPADEL PEARL VIBRAM 25V BLANCO MUJER"},"content":{"rendered":"<p><H2> Bullpadel Pearl Vibram 25V White Women &#8211; Performance maximale sur la piste <\/h2>\n<p>La <strong> bullpadel perle vibram 25v white femme <\/strong> est le choix d\u00e9finitif pour les joueurs \u00e0 la recherche de la l\u00e9g\u00e8ret\u00e9 <strong>, de la durabilit\u00e9 et une poign\u00e9e exceptionnelle <\/strong>. Gr\u00e2ce \u00e0 leur <strong> vibram seme <\/strong>, ces chaussures offrent une traction plus \u00e9lev\u00e9e, id\u00e9ale pour les mouvements rapides et agressifs, assurant la stabilit\u00e9 dans chaque d\u00e9placement. Sa conception, combin\u00e9e \u00e0 la technologie FastLab, am\u00e9liore l&#8217;agilit\u00e9 et la vitesse, offrant un avantage concurrentiel dans chaque match.<\/p>\n<h2> Technologie et mat\u00e9riaux de haute performance <\/h2>\n<p>Ces chaussures ont \u00e9t\u00e9 con\u00e7ues avec une combinaison de <strong> jacquard et grid <\/strong>, r\u00e9alisant une structure <strong> respirante et r\u00e9sistante <\/strong> qui maintient les pieds frais \u00e0 tout moment. De plus, ils ont:<\/p>\n<p>-Puntera inject\u00e9, qui renforce la protection contre la friction avec la piste.<br \/>\n-Le syst\u00e8me anti-attaque dans la semelle, offrant une stabilit\u00e9 dans les mouvements lat\u00e9raux.<br \/>\n-Sportation au talon, qui am\u00e9liore le soutien et emp\u00eache les blessures.<\/p>\n<h2> con\u00e7u pour les joueurs exigeants <\/h2>\n<p>Les <strong> bullpadel perl vibram 25v <\/strong> sont les chaussures pr\u00e9f\u00e9r\u00e9es par des joueurs professionnels tels que <strong> bea Gonz\u00e1lez <\/strong>, qui fait confiance \u00e0 son <strong> confort et performance <\/strong> pour donner le maximum dans L&#8217;indice. Son design blanc \u00e9l\u00e9gant et moderne en fait une option \u00e9l\u00e9gante sans compromettre les performances.<\/p>\n<h2> Caract\u00e9ristiques principales: <\/h2>\n<p>-Suela Vibram avec une technologie FastLab pour une adh\u00e9rence et une vitesse maximales.<br \/>\n&#8211; Jacquard et grille spiribles pour plus de confort.<br \/>\n&#8211; R\u00e9f\u00e9rence dans l&#8217;orteil pour une plus grande r\u00e9sistance \u00e0 l&#8217;usure.<br \/>\n&#8211; \u00c9tude import\u00e9e avec le soutien du talon et le syst\u00e8me anti-attaque.<br \/>\n-Ilt et conception ergonomique, parfaits pour les joueurs comp\u00e9titifs.<\/p>\n<p>Ne restez pas sans le <strong> bullpadel perle vibram 25v white femme <\/strong> et passez votre jeu au niveau sup\u00e9rieur. Disponible maintenant dans notre boutique en ligne <a href=\"https:\/\/www.revolutionpadelstore.com\/\"> www.revolutionpadelstore.com <\/a>, probablement au meilleur prix du march\u00e9!<\/p>\n<h2>Bullpadel Pearl Vibram 25V Blanco Mujer \u2013 M\u00e1ximo rendimiento en la pista<\/h2>\n","protected":false},"excerpt":{"rendered":"<p>Le Bullpadel Pearl Vibram 25V en blanc pour les femmes est des chaussures con\u00e7ues pour des performances \u00e9lev\u00e9es. Ils incorporent une semelle Vibram pour une meilleure adh\u00e9rence, une plus grande respirabilit\u00e9 et un orteil renforc\u00e9 pour une plus grande protection. Ils sont id\u00e9aux pour les joueurs de haut niveau, comme Bea Gonz\u00e1lez.<\/p>\n","protected":false},"featured_media":172773,"comment_status":"open","ping_status":"closed","template":"","meta":{"_acf_changed":false,"_joinchat":[]},"acabado":[],"balance":[],"dureza":[],"forma":[],"jugador":[1197],"marca":[1257],"nivel-de-juego":[],"superficie":[],"tipo-de-juego":[],"product_brand":[],"product_cat":[830],"product_tag":[],"class_list":{"0":"post-172805","1":"product","2":"type-product","3":"status-publish","4":"has-post-thumbnail","6":"jugador-mujer-fr","7":"marca-bullpadel-fr","8":"product_cat-baskets","10":"first","11":"outofstock","12":"sale","13":"taxable","14":"shipping-taxable","15":"purchasable","16":"product-type-variable"},"acf":[],"yoast_head":"<!-- This site is optimized with the Yoast SEO plugin v27.4 - https:\/\/yoast.com\/product\/yoast-seo-wordpress\/ -->\n<title>BULLPADEL PEARL VIBRAM 25V BLANCO MUJER - Revolution Padel Store<\/title>\n<meta name=\"description\" content=\"Consigue las Bullpadel Pearl Vibram 25V Negro Mujer al mejor precio. Zapatillas ligeras, transpirables y con suela Vibram para m\u00e1ximo agarre y rendimiento en la pista. \u00a1Compra ahora!\" \/>\n<meta name=\"robots\" content=\"index, follow, max-snippet:-1, max-image-preview:large, max-video-preview:-1\" \/>\n<link rel=\"canonical\" href=\"https:\/\/revolutionpadelstore.com\/fr\/produit\/bullpadel-pearl-vibram-25v-blanco-mujer-3\/\" \/>\n<meta property=\"og:locale\" content=\"fr_FR\" \/>\n<meta property=\"og:type\" content=\"article\" \/>\n<meta property=\"og:title\" content=\"BULLPADEL PEARL VIBRAM 25V BLANCO MUJER - Revolution Padel Store\" \/>\n<meta property=\"og:description\" content=\"Consigue las Bullpadel Pearl Vibram 25V Negro Mujer al mejor precio. Zapatillas ligeras, transpirables y con suela Vibram para m\u00e1ximo agarre y rendimiento en la pista. \u00a1Compra ahora!\" \/>\n<meta property=\"og:url\" content=\"https:\/\/revolutionpadelstore.com\/fr\/produit\/bullpadel-pearl-vibram-25v-blanco-mujer-3\/\" \/>\n<meta property=\"og:site_name\" content=\"Revolution Padel Store\" \/>\n<meta property=\"article:modified_time\" content=\"2026-04-08T05:13:11+00:00\" \/>\n<meta property=\"og:image\" content=\"https:\/\/revolutionpadelstore.com\/wp-content\/uploads\/2025\/02\/114344-zapatillas-bullpadel-pearl-vibram-25v-mujer-cm57012000-blanco-1200x1200-1.webp\" \/>\n\t<meta property=\"og:image:width\" content=\"1200\" \/>\n\t<meta property=\"og:image:height\" content=\"1200\" \/>\n\t<meta property=\"og:image:type\" content=\"image\/webp\" \/>\n<meta name=\"twitter:card\" content=\"summary_large_image\" \/>\n<meta name=\"twitter:label1\" content=\"Dur\u00e9e de lecture estim\u00e9e\" \/>\n\t<meta name=\"twitter:data1\" content=\"2 minutes\" \/>\n<script type=\"application\/ld+json\" class=\"yoast-schema-graph\">{\"@context\":\"https:\\\/\\\/schema.org\",\"@graph\":[{\"@type\":\"WebPage\",\"@id\":\"https:\\\/\\\/revolutionpadelstore.com\\\/fr\\\/produit\\\/bullpadel-pearl-vibram-25v-blanco-mujer-3\\\/\",\"url\":\"https:\\\/\\\/revolutionpadelstore.com\\\/fr\\\/produit\\\/bullpadel-pearl-vibram-25v-blanco-mujer-3\\\/\",\"name\":\"BULLPADEL PEARL VIBRAM 25V BLANCO MUJER - Revolution Padel Store\",\"isPartOf\":{\"@id\":\"https:\\\/\\\/revolutionpadelstore.com\\\/fr\\\/#website\"},\"primaryImageOfPage\":{\"@id\":\"https:\\\/\\\/revolutionpadelstore.com\\\/fr\\\/produit\\\/bullpadel-pearl-vibram-25v-blanco-mujer-3\\\/#primaryimage\"},\"image\":{\"@id\":\"https:\\\/\\\/revolutionpadelstore.com\\\/fr\\\/produit\\\/bullpadel-pearl-vibram-25v-blanco-mujer-3\\\/#primaryimage\"},\"thumbnailUrl\":\"https:\\\/\\\/revolutionpadelstore.com\\\/wp-content\\\/uploads\\\/2025\\\/02\\\/114344-zapatillas-bullpadel-pearl-vibram-25v-mujer-cm57012000-blanco-1200x1200-1.webp\",\"datePublished\":\"2025-02-18T19:52:37+00:00\",\"dateModified\":\"2026-04-08T05:13:11+00:00\",\"description\":\"Consigue las Bullpadel Pearl Vibram 25V Negro Mujer al mejor precio. Zapatillas ligeras, transpirables y con suela Vibram para m\u00e1ximo agarre y rendimiento en la pista. \u00a1Compra ahora!\",\"breadcrumb\":{\"@id\":\"https:\\\/\\\/revolutionpadelstore.com\\\/fr\\\/produit\\\/bullpadel-pearl-vibram-25v-blanco-mujer-3\\\/#breadcrumb\"},\"inLanguage\":\"fr-FR\",\"potentialAction\":[{\"@type\":\"ReadAction\",\"target\":[\"https:\\\/\\\/revolutionpadelstore.com\\\/fr\\\/produit\\\/bullpadel-pearl-vibram-25v-blanco-mujer-3\\\/\"]}]},{\"@type\":\"ImageObject\",\"inLanguage\":\"fr-FR\",\"@id\":\"https:\\\/\\\/revolutionpadelstore.com\\\/fr\\\/produit\\\/bullpadel-pearl-vibram-25v-blanco-mujer-3\\\/#primaryimage\",\"url\":\"https:\\\/\\\/revolutionpadelstore.com\\\/wp-content\\\/uploads\\\/2025\\\/02\\\/114344-zapatillas-bullpadel-pearl-vibram-25v-mujer-cm57012000-blanco-1200x1200-1.webp\",\"contentUrl\":\"https:\\\/\\\/revolutionpadelstore.com\\\/wp-content\\\/uploads\\\/2025\\\/02\\\/114344-zapatillas-bullpadel-pearl-vibram-25v-mujer-cm57012000-blanco-1200x1200-1.webp\",\"width\":1200,\"height\":1200},{\"@type\":\"BreadcrumbList\",\"@id\":\"https:\\\/\\\/revolutionpadelstore.com\\\/fr\\\/produit\\\/bullpadel-pearl-vibram-25v-blanco-mujer-3\\\/#breadcrumb\",\"itemListElement\":[{\"@type\":\"ListItem\",\"position\":1,\"name\":\"Portada\",\"item\":\"https:\\\/\\\/revolutionpadelstore.com\\\/fr\\\/\"},{\"@type\":\"ListItem\",\"position\":2,\"name\":\"Boutique\",\"item\":\"https:\\\/\\\/revolutionpadelstore.com\\\/fr\\\/tienda\\\/\"},{\"@type\":\"ListItem\",\"position\":3,\"name\":\"BULLPADEL PEARL VIBRAM 25V BLANCO MUJER\"}]},{\"@type\":\"WebSite\",\"@id\":\"https:\\\/\\\/revolutionpadelstore.com\\\/fr\\\/#website\",\"url\":\"https:\\\/\\\/revolutionpadelstore.com\\\/fr\\\/\",\"name\":\"Revolution Padel Store\",\"description\":\"\",\"publisher\":{\"@id\":\"https:\\\/\\\/revolutionpadelstore.com\\\/fr\\\/#organization\"},\"potentialAction\":[{\"@type\":\"SearchAction\",\"target\":{\"@type\":\"EntryPoint\",\"urlTemplate\":\"https:\\\/\\\/revolutionpadelstore.com\\\/fr\\\/?s={search_term_string}\"},\"query-input\":{\"@type\":\"PropertyValueSpecification\",\"valueRequired\":true,\"valueName\":\"search_term_string\"}}],\"inLanguage\":\"fr-FR\"},{\"@type\":\"Organization\",\"@id\":\"https:\\\/\\\/revolutionpadelstore.com\\\/fr\\\/#organization\",\"name\":\"Revolution Padel Store\",\"url\":\"https:\\\/\\\/revolutionpadelstore.com\\\/fr\\\/\",\"logo\":{\"@type\":\"ImageObject\",\"inLanguage\":\"fr-FR\",\"@id\":\"https:\\\/\\\/revolutionpadelstore.com\\\/fr\\\/#\\\/schema\\\/logo\\\/image\\\/\",\"url\":\"https:\\\/\\\/revolutionpadelstore.com\\\/wp-content\\\/uploads\\\/2026\\\/02\\\/revolution-padel-store.jpg\",\"contentUrl\":\"https:\\\/\\\/revolutionpadelstore.com\\\/wp-content\\\/uploads\\\/2026\\\/02\\\/revolution-padel-store.jpg\",\"width\":2000,\"height\":2000,\"caption\":\"Revolution Padel Store\"},\"image\":{\"@id\":\"https:\\\/\\\/revolutionpadelstore.com\\\/fr\\\/#\\\/schema\\\/logo\\\/image\\\/\"},\"sameAs\":[\"https:\\\/\\\/www.instagram.com\\\/revolutionpadelstore\\\/\"]}]}<\/script>\n<!-- \/ Yoast SEO plugin. -->","yoast_head_json":{"title":"BULLPADEL PEARL VIBRAM 25V BLANCO MUJER - Revolution Padel Store","description":"Consigue las Bullpadel Pearl Vibram 25V Negro Mujer al mejor precio. Zapatillas ligeras, transpirables y con suela Vibram para m\u00e1ximo agarre y rendimiento en la pista. \u00a1Compra ahora!","robots":{"index":"index","follow":"follow","max-snippet":"max-snippet:-1","max-image-preview":"max-image-preview:large","max-video-preview":"max-video-preview:-1"},"canonical":"https:\/\/revolutionpadelstore.com\/fr\/produit\/bullpadel-pearl-vibram-25v-blanco-mujer-3\/","og_locale":"fr_FR","og_type":"article","og_title":"BULLPADEL PEARL VIBRAM 25V BLANCO MUJER - Revolution Padel Store","og_description":"Consigue las Bullpadel Pearl Vibram 25V Negro Mujer al mejor precio. Zapatillas ligeras, transpirables y con suela Vibram para m\u00e1ximo agarre y rendimiento en la pista. \u00a1Compra ahora!","og_url":"https:\/\/revolutionpadelstore.com\/fr\/produit\/bullpadel-pearl-vibram-25v-blanco-mujer-3\/","og_site_name":"Revolution Padel Store","article_modified_time":"2026-04-08T05:13:11+00:00","og_image":[{"width":1200,"height":1200,"url":"https:\/\/revolutionpadelstore.com\/wp-content\/uploads\/2025\/02\/114344-zapatillas-bullpadel-pearl-vibram-25v-mujer-cm57012000-blanco-1200x1200-1.webp","type":"image\/webp"}],"twitter_card":"summary_large_image","twitter_misc":{"Dur\u00e9e de lecture estim\u00e9e":"2 minutes"},"schema":{"@context":"https:\/\/schema.org","@graph":[{"@type":"WebPage","@id":"https:\/\/revolutionpadelstore.com\/fr\/produit\/bullpadel-pearl-vibram-25v-blanco-mujer-3\/","url":"https:\/\/revolutionpadelstore.com\/fr\/produit\/bullpadel-pearl-vibram-25v-blanco-mujer-3\/","name":"BULLPADEL PEARL VIBRAM 25V BLANCO MUJER - Revolution Padel Store","isPartOf":{"@id":"https:\/\/revolutionpadelstore.com\/fr\/#website"},"primaryImageOfPage":{"@id":"https:\/\/revolutionpadelstore.com\/fr\/produit\/bullpadel-pearl-vibram-25v-blanco-mujer-3\/#primaryimage"},"image":{"@id":"https:\/\/revolutionpadelstore.com\/fr\/produit\/bullpadel-pearl-vibram-25v-blanco-mujer-3\/#primaryimage"},"thumbnailUrl":"https:\/\/revolutionpadelstore.com\/wp-content\/uploads\/2025\/02\/114344-zapatillas-bullpadel-pearl-vibram-25v-mujer-cm57012000-blanco-1200x1200-1.webp","datePublished":"2025-02-18T19:52:37+00:00","dateModified":"2026-04-08T05:13:11+00:00","description":"Consigue las Bullpadel Pearl Vibram 25V Negro Mujer al mejor precio. Zapatillas ligeras, transpirables y con suela Vibram para m\u00e1ximo agarre y rendimiento en la pista. \u00a1Compra ahora!","breadcrumb":{"@id":"https:\/\/revolutionpadelstore.com\/fr\/produit\/bullpadel-pearl-vibram-25v-blanco-mujer-3\/#breadcrumb"},"inLanguage":"fr-FR","potentialAction":[{"@type":"ReadAction","target":["https:\/\/revolutionpadelstore.com\/fr\/produit\/bullpadel-pearl-vibram-25v-blanco-mujer-3\/"]}]},{"@type":"ImageObject","inLanguage":"fr-FR","@id":"https:\/\/revolutionpadelstore.com\/fr\/produit\/bullpadel-pearl-vibram-25v-blanco-mujer-3\/#primaryimage","url":"https:\/\/revolutionpadelstore.com\/wp-content\/uploads\/2025\/02\/114344-zapatillas-bullpadel-pearl-vibram-25v-mujer-cm57012000-blanco-1200x1200-1.webp","contentUrl":"https:\/\/revolutionpadelstore.com\/wp-content\/uploads\/2025\/02\/114344-zapatillas-bullpadel-pearl-vibram-25v-mujer-cm57012000-blanco-1200x1200-1.webp","width":1200,"height":1200},{"@type":"BreadcrumbList","@id":"https:\/\/revolutionpadelstore.com\/fr\/produit\/bullpadel-pearl-vibram-25v-blanco-mujer-3\/#breadcrumb","itemListElement":[{"@type":"ListItem","position":1,"name":"Portada","item":"https:\/\/revolutionpadelstore.com\/fr\/"},{"@type":"ListItem","position":2,"name":"Boutique","item":"https:\/\/revolutionpadelstore.com\/fr\/tienda\/"},{"@type":"ListItem","position":3,"name":"BULLPADEL PEARL VIBRAM 25V BLANCO MUJER"}]},{"@type":"WebSite","@id":"https:\/\/revolutionpadelstore.com\/fr\/#website","url":"https:\/\/revolutionpadelstore.com\/fr\/","name":"Revolution Padel Store","description":"","publisher":{"@id":"https:\/\/revolutionpadelstore.com\/fr\/#organization"},"potentialAction":[{"@type":"SearchAction","target":{"@type":"EntryPoint","urlTemplate":"https:\/\/revolutionpadelstore.com\/fr\/?s={search_term_string}"},"query-input":{"@type":"PropertyValueSpecification","valueRequired":true,"valueName":"search_term_string"}}],"inLanguage":"fr-FR"},{"@type":"Organization","@id":"https:\/\/revolutionpadelstore.com\/fr\/#organization","name":"Revolution Padel Store","url":"https:\/\/revolutionpadelstore.com\/fr\/","logo":{"@type":"ImageObject","inLanguage":"fr-FR","@id":"https:\/\/revolutionpadelstore.com\/fr\/#\/schema\/logo\/image\/","url":"https:\/\/revolutionpadelstore.com\/wp-content\/uploads\/2026\/02\/revolution-padel-store.jpg","contentUrl":"https:\/\/revolutionpadelstore.com\/wp-content\/uploads\/2026\/02\/revolution-padel-store.jpg","width":2000,"height":2000,"caption":"Revolution Padel Store"},"image":{"@id":"https:\/\/revolutionpadelstore.com\/fr\/#\/schema\/logo\/image\/"},"sameAs":["https:\/\/www.instagram.com\/revolutionpadelstore\/"]}]}},"_links":{"self":[{"href":"https:\/\/revolutionpadelstore.com\/fr\/wp-json\/wp\/v2\/product\/172805","targetHints":{"allow":["GET"]}}],"collection":[{"href":"https:\/\/revolutionpadelstore.com\/fr\/wp-json\/wp\/v2\/product"}],"about":[{"href":"https:\/\/revolutionpadelstore.com\/fr\/wp-json\/wp\/v2\/types\/product"}],"replies":[{"embeddable":true,"href":"https:\/\/revolutionpadelstore.com\/fr\/wp-json\/wp\/v2\/comments?post=172805"}],"wp:featuredmedia":[{"embeddable":true,"href":"https:\/\/revolutionpadelstore.com\/fr\/wp-json\/wp\/v2\/media\/172773"}],"wp:attachment":[{"href":"https:\/\/revolutionpadelstore.com\/fr\/wp-json\/wp\/v2\/media?parent=172805"}],"wp:term":[{"taxonomy":"acabado","embeddable":true,"href":"https:\/\/revolutionpadelstore.com\/fr\/wp-json\/wp\/v2\/acabado?post=172805"},{"taxonomy":"balance","embeddable":true,"href":"https:\/\/revolutionpadelstore.com\/fr\/wp-json\/wp\/v2\/balance?post=172805"},{"taxonomy":"dureza","embeddable":true,"href":"https:\/\/revolutionpadelstore.com\/fr\/wp-json\/wp\/v2\/dureza?post=172805"},{"taxonomy":"forma","embeddable":true,"href":"https:\/\/revolutionpadelstore.com\/fr\/wp-json\/wp\/v2\/forma?post=172805"},{"taxonomy":"jugador","embeddable":true,"href":"https:\/\/revolutionpadelstore.com\/fr\/wp-json\/wp\/v2\/jugador?post=172805"},{"taxonomy":"marca","embeddable":true,"href":"https:\/\/revolutionpadelstore.com\/fr\/wp-json\/wp\/v2\/marca?post=172805"},{"taxonomy":"nivel-de-juego","embeddable":true,"href":"https:\/\/revolutionpadelstore.com\/fr\/wp-json\/wp\/v2\/nivel-de-juego?post=172805"},{"taxonomy":"superficie","embeddable":true,"href":"https:\/\/revolutionpadelstore.com\/fr\/wp-json\/wp\/v2\/superficie?post=172805"},{"taxonomy":"tipo-de-juego","embeddable":true,"href":"https:\/\/revolutionpadelstore.com\/fr\/wp-json\/wp\/v2\/tipo-de-juego?post=172805"},{"taxonomy":"product_brand","embeddable":true,"href":"https:\/\/revolutionpadelstore.com\/fr\/wp-json\/wp\/v2\/product_brand?post=172805"},{"taxonomy":"product_cat","embeddable":true,"href":"https:\/\/revolutionpadelstore.com\/fr\/wp-json\/wp\/v2\/product_cat?post=172805"},{"taxonomy":"product_tag","embeddable":true,"href":"https:\/\/revolutionpadelstore.com\/fr\/wp-json\/wp\/v2\/product_tag?post=172805"}],"curies":[{"name":"wp","href":"https:\/\/api.w.org\/{rel}","templated":true}]}}