{"id":172643,"date":"2025-02-18T20:28:35","date_gmt":"2025-02-18T19:28:35","guid":{"rendered":"https:\/\/revolutionpadelstore.com\/?post_type=product&#038;p=172643"},"modified":"2026-04-08T07:16:35","modified_gmt":"2026-04-08T05:16:35","slug":"bullpadel-indiga-25v-blanco-3","status":"publish","type":"product","link":"https:\/\/revolutionpadelstore.com\/fr\/produit\/bullpadel-indiga-25v-blanco-3\/","title":{"rendered":"BULLPADEL INDIGA 25V BLANCO"},"content":{"rendered":"<h2> <strong> Bullpadel Indiga 25V blanc &#8211; adh\u00e9rence maximale et confort sur la piste <\/strong> <\/h2>\n<p>Les <strong> Bullpadel Indiga 25V Blanco <\/strong> sont le choix parfait pour les joueurs de paddle \u00e0 la recherche de chaussures l\u00e9g\u00e8res et flexibles et avec une poign\u00e9e exceptionnelle. Con\u00e7us pour garantir la stabilit\u00e9 et le confort, ils incorporent une semelle de pointe pure, id\u00e9ale pour les pistes de pagaie, offrant une traction plus \u00e9lev\u00e9e dans chaque mouvement.<\/p>\n<p>Sa structure dans <strong> tissu maill\u00e9 <\/strong> favorise la respirabilit\u00e9, maintenant les pieds frais m\u00eame dans des correspondances intenses. De plus, innovant <strong> therm scell\u00e9 <\/strong> r\u00e9duit les coutures pour offrir une plus grande flexibilit\u00e9 et un ajustement de type gant, am\u00e9liorant la sensation de confort et de performance de piste.<\/p>\n<h2> <strong> fonctionnalit\u00e9s et technologies pro\u00e9minentes <\/strong> <\/h2>\n<p style=\"padding-left: 40px\"> &#8211; stabilisateur \u00e0 mi-stab-tpu qui am\u00e9liore l&#8217;\u00e9quilibre dans chaque d\u00e9placement.<br \/>\n-Thermo Seaed-conception sans couture pour r\u00e9duire le poids et augmenter la flexibilit\u00e9.<br \/>\n&#8211; Mod\u00e8le de caoutchouc int\u00e9rieure-ouverte qui optimise l&#8217;amorti et le confort.<br \/>\n-Breathmeh -Ttextile int\u00e9rieur pour une excellente perspsibilit\u00e9.<br \/>\n-Conceau de solle -R\u00e9preinte sur les c\u00f4t\u00e9s et les orteils pour une plus grande durabilit\u00e9 et une protection contre l&#8217;impact.<br \/>\n-Asuela &#8211; Adoprance non r\u00e9duite sur les surfaces de pagaie, maximiser la stabilit\u00e9 et le contr\u00f4le.<\/p>\n<h2> <strong> con\u00e7u pour les joueurs exigeants <\/strong> <\/h2>\n<p>Ces chaussures <strong> bullpadel <\/strong> sont con\u00e7ues pour les joueurs <strong> interm\u00e9diaires ou d\u00e9butants <\/strong> qui cherchent \u00e0 am\u00e9liorer leurs performances avec des chaussures confortables et r\u00e9sistantes. Son design moderne combine le style et les fonctionnalit\u00e9s, id\u00e9aux pour ceux qui hi\u00e9rarchisent \u00e0 la fois le sport et l&#8217;esth\u00e9tique sur la piste.<\/p>\n<p><strong> obtenez le v\u00f4tre aujourd&#8217;hui et domine chaque point avec la s\u00e9curit\u00e9 et le confort! <\/strong><\/p>\n<p><strong> Disponible dans notre boutique en ligne <\/strong> &lt;A href = &quot;https:\/\/chatgpt.com\/g\/g-675432e026888191b6ee6d6f2fdbb15e-optimisation-textos\/c\/www.revolutionpadelstore.com&quot; <strong> peut-\u00eatre au meilleur prix du march\u00e9.<\/p>\n<h2><strong>Bullpadel Indiga 25V Blanco \u2013 M\u00e1ximo agarre y comodidad en la pista<\/strong><\/p>\n","protected":false},"excerpt":{"rendered":"<p>Les <strong> Bullpadel Indiga 25V Blancas <\/strong> sont des chaussures \u00e0 pagaie pour hommes, con\u00e7ues avec une semelle de pointes qui am\u00e9liore l&#8217;emprise sur la piste, offrant des glissements de terrain rapides, s\u00fbrs et de stabilit\u00e9.<strong>Bullpadel Indiga 25V Blancas<\/strong><\/p>\n","protected":false},"featured_media":172614,"comment_status":"open","ping_status":"closed","template":"","meta":{"_acf_changed":false,"_joinchat":[]},"acabado":[],"balance":[],"dureza":[],"forma":[],"jugador":[1192],"marca":[1257],"nivel-de-juego":[],"superficie":[],"tipo-de-juego":[],"product_brand":[],"product_cat":[830],"product_tag":[],"class_list":{"0":"post-172643","1":"product","2":"type-product","3":"status-publish","4":"has-post-thumbnail","6":"jugador-homme","7":"marca-bullpadel-fr","8":"product_cat-baskets","10":"first","11":"outofstock","12":"sale","13":"taxable","14":"shipping-taxable","15":"purchasable","16":"product-type-variable"},"acf":[],"yoast_head":"<!-- This site is optimized with the Yoast SEO plugin v27.4 - https:\/\/yoast.com\/product\/yoast-seo-wordpress\/ -->\n<title>BULLPADEL INDIGA 25V BLANCO - Revolution Padel Store<\/title>\n<meta name=\"description\" content=\"Compra las Bullpadel Indiga 25V Blanco, zapatillas de p\u00e1del ligeras y transpirables con suela de espiga para m\u00e1ximo agarre. \u00a1Disponibles en Revolution Padel Store!\" \/>\n<meta name=\"robots\" content=\"index, follow, max-snippet:-1, max-image-preview:large, max-video-preview:-1\" \/>\n<link rel=\"canonical\" href=\"https:\/\/revolutionpadelstore.com\/fr\/produit\/bullpadel-indiga-25v-blanco-3\/\" \/>\n<meta property=\"og:locale\" content=\"fr_FR\" \/>\n<meta property=\"og:type\" content=\"article\" \/>\n<meta property=\"og:title\" content=\"BULLPADEL INDIGA 25V BLANCO - Revolution Padel Store\" \/>\n<meta property=\"og:description\" content=\"Compra las Bullpadel Indiga 25V Blanco, zapatillas de p\u00e1del ligeras y transpirables con suela de espiga para m\u00e1ximo agarre. \u00a1Disponibles en Revolution Padel Store!\" \/>\n<meta property=\"og:url\" content=\"https:\/\/revolutionpadelstore.com\/fr\/produit\/bullpadel-indiga-25v-blanco-3\/\" \/>\n<meta property=\"og:site_name\" content=\"Revolution Padel Store\" \/>\n<meta property=\"article:modified_time\" content=\"2026-04-08T05:16:35+00:00\" \/>\n<meta property=\"og:image\" content=\"https:\/\/revolutionpadelstore.com\/wp-content\/uploads\/2025\/02\/114329-zapatillas-bullpadel-indiga-25v-zap-cm56012000-blanco-1200x1200-1.webp\" \/>\n\t<meta property=\"og:image:width\" content=\"1200\" \/>\n\t<meta property=\"og:image:height\" content=\"1200\" \/>\n\t<meta property=\"og:image:type\" content=\"image\/webp\" \/>\n<meta name=\"twitter:card\" content=\"summary_large_image\" \/>\n<meta name=\"twitter:label1\" content=\"Dur\u00e9e de lecture estim\u00e9e\" \/>\n\t<meta name=\"twitter:data1\" content=\"2 minutes\" \/>\n<script type=\"application\/ld+json\" class=\"yoast-schema-graph\">{\"@context\":\"https:\\\/\\\/schema.org\",\"@graph\":[{\"@type\":\"WebPage\",\"@id\":\"https:\\\/\\\/revolutionpadelstore.com\\\/fr\\\/produit\\\/bullpadel-indiga-25v-blanco-3\\\/\",\"url\":\"https:\\\/\\\/revolutionpadelstore.com\\\/fr\\\/produit\\\/bullpadel-indiga-25v-blanco-3\\\/\",\"name\":\"BULLPADEL INDIGA 25V BLANCO - Revolution Padel Store\",\"isPartOf\":{\"@id\":\"https:\\\/\\\/revolutionpadelstore.com\\\/fr\\\/#website\"},\"primaryImageOfPage\":{\"@id\":\"https:\\\/\\\/revolutionpadelstore.com\\\/fr\\\/produit\\\/bullpadel-indiga-25v-blanco-3\\\/#primaryimage\"},\"image\":{\"@id\":\"https:\\\/\\\/revolutionpadelstore.com\\\/fr\\\/produit\\\/bullpadel-indiga-25v-blanco-3\\\/#primaryimage\"},\"thumbnailUrl\":\"https:\\\/\\\/revolutionpadelstore.com\\\/wp-content\\\/uploads\\\/2025\\\/02\\\/114329-zapatillas-bullpadel-indiga-25v-zap-cm56012000-blanco-1200x1200-1.webp\",\"datePublished\":\"2025-02-18T19:28:35+00:00\",\"dateModified\":\"2026-04-08T05:16:35+00:00\",\"description\":\"Compra las Bullpadel Indiga 25V Blanco, zapatillas de p\u00e1del ligeras y transpirables con suela de espiga para m\u00e1ximo agarre. \u00a1Disponibles en Revolution Padel Store!\",\"breadcrumb\":{\"@id\":\"https:\\\/\\\/revolutionpadelstore.com\\\/fr\\\/produit\\\/bullpadel-indiga-25v-blanco-3\\\/#breadcrumb\"},\"inLanguage\":\"fr-FR\",\"potentialAction\":[{\"@type\":\"ReadAction\",\"target\":[\"https:\\\/\\\/revolutionpadelstore.com\\\/fr\\\/produit\\\/bullpadel-indiga-25v-blanco-3\\\/\"]}]},{\"@type\":\"ImageObject\",\"inLanguage\":\"fr-FR\",\"@id\":\"https:\\\/\\\/revolutionpadelstore.com\\\/fr\\\/produit\\\/bullpadel-indiga-25v-blanco-3\\\/#primaryimage\",\"url\":\"https:\\\/\\\/revolutionpadelstore.com\\\/wp-content\\\/uploads\\\/2025\\\/02\\\/114329-zapatillas-bullpadel-indiga-25v-zap-cm56012000-blanco-1200x1200-1.webp\",\"contentUrl\":\"https:\\\/\\\/revolutionpadelstore.com\\\/wp-content\\\/uploads\\\/2025\\\/02\\\/114329-zapatillas-bullpadel-indiga-25v-zap-cm56012000-blanco-1200x1200-1.webp\",\"width\":1200,\"height\":1200},{\"@type\":\"BreadcrumbList\",\"@id\":\"https:\\\/\\\/revolutionpadelstore.com\\\/fr\\\/produit\\\/bullpadel-indiga-25v-blanco-3\\\/#breadcrumb\",\"itemListElement\":[{\"@type\":\"ListItem\",\"position\":1,\"name\":\"Portada\",\"item\":\"https:\\\/\\\/revolutionpadelstore.com\\\/fr\\\/\"},{\"@type\":\"ListItem\",\"position\":2,\"name\":\"Boutique\",\"item\":\"https:\\\/\\\/revolutionpadelstore.com\\\/fr\\\/tienda\\\/\"},{\"@type\":\"ListItem\",\"position\":3,\"name\":\"BULLPADEL INDIGA 25V BLANCO\"}]},{\"@type\":\"WebSite\",\"@id\":\"https:\\\/\\\/revolutionpadelstore.com\\\/fr\\\/#website\",\"url\":\"https:\\\/\\\/revolutionpadelstore.com\\\/fr\\\/\",\"name\":\"Revolution Padel Store\",\"description\":\"\",\"publisher\":{\"@id\":\"https:\\\/\\\/revolutionpadelstore.com\\\/fr\\\/#organization\"},\"potentialAction\":[{\"@type\":\"SearchAction\",\"target\":{\"@type\":\"EntryPoint\",\"urlTemplate\":\"https:\\\/\\\/revolutionpadelstore.com\\\/fr\\\/?s={search_term_string}\"},\"query-input\":{\"@type\":\"PropertyValueSpecification\",\"valueRequired\":true,\"valueName\":\"search_term_string\"}}],\"inLanguage\":\"fr-FR\"},{\"@type\":\"Organization\",\"@id\":\"https:\\\/\\\/revolutionpadelstore.com\\\/fr\\\/#organization\",\"name\":\"Revolution Padel Store\",\"url\":\"https:\\\/\\\/revolutionpadelstore.com\\\/fr\\\/\",\"logo\":{\"@type\":\"ImageObject\",\"inLanguage\":\"fr-FR\",\"@id\":\"https:\\\/\\\/revolutionpadelstore.com\\\/fr\\\/#\\\/schema\\\/logo\\\/image\\\/\",\"url\":\"https:\\\/\\\/revolutionpadelstore.com\\\/wp-content\\\/uploads\\\/2026\\\/02\\\/revolution-padel-store.jpg\",\"contentUrl\":\"https:\\\/\\\/revolutionpadelstore.com\\\/wp-content\\\/uploads\\\/2026\\\/02\\\/revolution-padel-store.jpg\",\"width\":2000,\"height\":2000,\"caption\":\"Revolution Padel Store\"},\"image\":{\"@id\":\"https:\\\/\\\/revolutionpadelstore.com\\\/fr\\\/#\\\/schema\\\/logo\\\/image\\\/\"},\"sameAs\":[\"https:\\\/\\\/www.instagram.com\\\/revolutionpadelstore\\\/\"]}]}<\/script>\n<!-- \/ Yoast SEO plugin. -->","yoast_head_json":{"title":"BULLPADEL INDIGA 25V BLANCO - Revolution Padel Store","description":"Compra las Bullpadel Indiga 25V Blanco, zapatillas de p\u00e1del ligeras y transpirables con suela de espiga para m\u00e1ximo agarre. \u00a1Disponibles en Revolution Padel Store!","robots":{"index":"index","follow":"follow","max-snippet":"max-snippet:-1","max-image-preview":"max-image-preview:large","max-video-preview":"max-video-preview:-1"},"canonical":"https:\/\/revolutionpadelstore.com\/fr\/produit\/bullpadel-indiga-25v-blanco-3\/","og_locale":"fr_FR","og_type":"article","og_title":"BULLPADEL INDIGA 25V BLANCO - Revolution Padel Store","og_description":"Compra las Bullpadel Indiga 25V Blanco, zapatillas de p\u00e1del ligeras y transpirables con suela de espiga para m\u00e1ximo agarre. \u00a1Disponibles en Revolution Padel Store!","og_url":"https:\/\/revolutionpadelstore.com\/fr\/produit\/bullpadel-indiga-25v-blanco-3\/","og_site_name":"Revolution Padel Store","article_modified_time":"2026-04-08T05:16:35+00:00","og_image":[{"width":1200,"height":1200,"url":"https:\/\/revolutionpadelstore.com\/wp-content\/uploads\/2025\/02\/114329-zapatillas-bullpadel-indiga-25v-zap-cm56012000-blanco-1200x1200-1.webp","type":"image\/webp"}],"twitter_card":"summary_large_image","twitter_misc":{"Dur\u00e9e de lecture estim\u00e9e":"2 minutes"},"schema":{"@context":"https:\/\/schema.org","@graph":[{"@type":"WebPage","@id":"https:\/\/revolutionpadelstore.com\/fr\/produit\/bullpadel-indiga-25v-blanco-3\/","url":"https:\/\/revolutionpadelstore.com\/fr\/produit\/bullpadel-indiga-25v-blanco-3\/","name":"BULLPADEL INDIGA 25V BLANCO - Revolution Padel Store","isPartOf":{"@id":"https:\/\/revolutionpadelstore.com\/fr\/#website"},"primaryImageOfPage":{"@id":"https:\/\/revolutionpadelstore.com\/fr\/produit\/bullpadel-indiga-25v-blanco-3\/#primaryimage"},"image":{"@id":"https:\/\/revolutionpadelstore.com\/fr\/produit\/bullpadel-indiga-25v-blanco-3\/#primaryimage"},"thumbnailUrl":"https:\/\/revolutionpadelstore.com\/wp-content\/uploads\/2025\/02\/114329-zapatillas-bullpadel-indiga-25v-zap-cm56012000-blanco-1200x1200-1.webp","datePublished":"2025-02-18T19:28:35+00:00","dateModified":"2026-04-08T05:16:35+00:00","description":"Compra las Bullpadel Indiga 25V Blanco, zapatillas de p\u00e1del ligeras y transpirables con suela de espiga para m\u00e1ximo agarre. \u00a1Disponibles en Revolution Padel Store!","breadcrumb":{"@id":"https:\/\/revolutionpadelstore.com\/fr\/produit\/bullpadel-indiga-25v-blanco-3\/#breadcrumb"},"inLanguage":"fr-FR","potentialAction":[{"@type":"ReadAction","target":["https:\/\/revolutionpadelstore.com\/fr\/produit\/bullpadel-indiga-25v-blanco-3\/"]}]},{"@type":"ImageObject","inLanguage":"fr-FR","@id":"https:\/\/revolutionpadelstore.com\/fr\/produit\/bullpadel-indiga-25v-blanco-3\/#primaryimage","url":"https:\/\/revolutionpadelstore.com\/wp-content\/uploads\/2025\/02\/114329-zapatillas-bullpadel-indiga-25v-zap-cm56012000-blanco-1200x1200-1.webp","contentUrl":"https:\/\/revolutionpadelstore.com\/wp-content\/uploads\/2025\/02\/114329-zapatillas-bullpadel-indiga-25v-zap-cm56012000-blanco-1200x1200-1.webp","width":1200,"height":1200},{"@type":"BreadcrumbList","@id":"https:\/\/revolutionpadelstore.com\/fr\/produit\/bullpadel-indiga-25v-blanco-3\/#breadcrumb","itemListElement":[{"@type":"ListItem","position":1,"name":"Portada","item":"https:\/\/revolutionpadelstore.com\/fr\/"},{"@type":"ListItem","position":2,"name":"Boutique","item":"https:\/\/revolutionpadelstore.com\/fr\/tienda\/"},{"@type":"ListItem","position":3,"name":"BULLPADEL INDIGA 25V BLANCO"}]},{"@type":"WebSite","@id":"https:\/\/revolutionpadelstore.com\/fr\/#website","url":"https:\/\/revolutionpadelstore.com\/fr\/","name":"Revolution Padel Store","description":"","publisher":{"@id":"https:\/\/revolutionpadelstore.com\/fr\/#organization"},"potentialAction":[{"@type":"SearchAction","target":{"@type":"EntryPoint","urlTemplate":"https:\/\/revolutionpadelstore.com\/fr\/?s={search_term_string}"},"query-input":{"@type":"PropertyValueSpecification","valueRequired":true,"valueName":"search_term_string"}}],"inLanguage":"fr-FR"},{"@type":"Organization","@id":"https:\/\/revolutionpadelstore.com\/fr\/#organization","name":"Revolution Padel Store","url":"https:\/\/revolutionpadelstore.com\/fr\/","logo":{"@type":"ImageObject","inLanguage":"fr-FR","@id":"https:\/\/revolutionpadelstore.com\/fr\/#\/schema\/logo\/image\/","url":"https:\/\/revolutionpadelstore.com\/wp-content\/uploads\/2026\/02\/revolution-padel-store.jpg","contentUrl":"https:\/\/revolutionpadelstore.com\/wp-content\/uploads\/2026\/02\/revolution-padel-store.jpg","width":2000,"height":2000,"caption":"Revolution Padel Store"},"image":{"@id":"https:\/\/revolutionpadelstore.com\/fr\/#\/schema\/logo\/image\/"},"sameAs":["https:\/\/www.instagram.com\/revolutionpadelstore\/"]}]}},"_links":{"self":[{"href":"https:\/\/revolutionpadelstore.com\/fr\/wp-json\/wp\/v2\/product\/172643","targetHints":{"allow":["GET"]}}],"collection":[{"href":"https:\/\/revolutionpadelstore.com\/fr\/wp-json\/wp\/v2\/product"}],"about":[{"href":"https:\/\/revolutionpadelstore.com\/fr\/wp-json\/wp\/v2\/types\/product"}],"replies":[{"embeddable":true,"href":"https:\/\/revolutionpadelstore.com\/fr\/wp-json\/wp\/v2\/comments?post=172643"}],"wp:featuredmedia":[{"embeddable":true,"href":"https:\/\/revolutionpadelstore.com\/fr\/wp-json\/wp\/v2\/media\/172614"}],"wp:attachment":[{"href":"https:\/\/revolutionpadelstore.com\/fr\/wp-json\/wp\/v2\/media?parent=172643"}],"wp:term":[{"taxonomy":"acabado","embeddable":true,"href":"https:\/\/revolutionpadelstore.com\/fr\/wp-json\/wp\/v2\/acabado?post=172643"},{"taxonomy":"balance","embeddable":true,"href":"https:\/\/revolutionpadelstore.com\/fr\/wp-json\/wp\/v2\/balance?post=172643"},{"taxonomy":"dureza","embeddable":true,"href":"https:\/\/revolutionpadelstore.com\/fr\/wp-json\/wp\/v2\/dureza?post=172643"},{"taxonomy":"forma","embeddable":true,"href":"https:\/\/revolutionpadelstore.com\/fr\/wp-json\/wp\/v2\/forma?post=172643"},{"taxonomy":"jugador","embeddable":true,"href":"https:\/\/revolutionpadelstore.com\/fr\/wp-json\/wp\/v2\/jugador?post=172643"},{"taxonomy":"marca","embeddable":true,"href":"https:\/\/revolutionpadelstore.com\/fr\/wp-json\/wp\/v2\/marca?post=172643"},{"taxonomy":"nivel-de-juego","embeddable":true,"href":"https:\/\/revolutionpadelstore.com\/fr\/wp-json\/wp\/v2\/nivel-de-juego?post=172643"},{"taxonomy":"superficie","embeddable":true,"href":"https:\/\/revolutionpadelstore.com\/fr\/wp-json\/wp\/v2\/superficie?post=172643"},{"taxonomy":"tipo-de-juego","embeddable":true,"href":"https:\/\/revolutionpadelstore.com\/fr\/wp-json\/wp\/v2\/tipo-de-juego?post=172643"},{"taxonomy":"product_brand","embeddable":true,"href":"https:\/\/revolutionpadelstore.com\/fr\/wp-json\/wp\/v2\/product_brand?post=172643"},{"taxonomy":"product_cat","embeddable":true,"href":"https:\/\/revolutionpadelstore.com\/fr\/wp-json\/wp\/v2\/product_cat?post=172643"},{"taxonomy":"product_tag","embeddable":true,"href":"https:\/\/revolutionpadelstore.com\/fr\/wp-json\/wp\/v2\/product_tag?post=172643"}],"curies":[{"name":"wp","href":"https:\/\/api.w.org\/{rel}","templated":true}]}}