{"id":172391,"date":"2025-02-18T19:39:16","date_gmt":"2025-02-18T18:39:16","guid":{"rendered":"https:\/\/revolutionpadelstore.com\/bullpadel-hybrid-fly-25v-azul-marino\/"},"modified":"2026-04-08T07:21:02","modified_gmt":"2026-04-08T05:21:02","slug":"bullpadel-hybrid-fly-25v-azul-marino-3","status":"publish","type":"product","link":"https:\/\/revolutionpadelstore.com\/fr\/produit\/bullpadel-hybrid-fly-25v-azul-marino-3\/","title":{"rendered":"BULLPADEL HYBRID FLY 25V AZUL MARINO"},"content":{"rendered":"<h2> Bullpadel Hybrid Fly 25V Navy Blue &#8211; Speed \u200b\u200band Agility sur la piste <\/h2>\n<p>Le <strong> bullpadel Hybrid Fly 25V Navy Blue <\/strong> est les chaussures parfaites pour les joueurs au maximum. Con\u00e7us dans la ligne <strong> fastLab <\/strong>, ils se d\u00e9marquent pour leur construction ultra-l\u00e9g\u00e8re et a\u00e9rodynamique, vous permettant de vous d\u00e9placer plus rapidement et de pr\u00e9cision sur la piste.<\/p>\n<h2> Technologies exceptionnelles <\/h2>\n<p> &#8211; Sole hybride \u00e0 360 \u00b0 avec le syst\u00e8me Rotox: am\u00e9liore la traction et facilite des virages rapides.<br \/>\n-X-trans base: une plus grande stabilit\u00e9 lat\u00e9rale dans les mouvements exigeants.<br \/>\n-Sitch Sole int\u00e9rieure: fournit un coussin et un soutien sup\u00e9rieurs.<br \/>\n-Upper thermos\u00e9ale et respiration: ils combinent la l\u00e9g\u00e8ret\u00e9 et la respirabilit\u00e9 pour garder vos pieds frais.<br \/>\n-Puntera Sole Bouclier: Renforcement dans la zone avant pour une plus grande durabilit\u00e9.<br \/>\n-Flex Rift dans la semelle: flexibilit\u00e9 de puissance pour les d\u00e9placements naturels.<br \/>\n-Arco Mid Spall et mouvement lat\u00e9ral: assurer la stabilit\u00e9 et le confort \u00e0 chaque \u00e9tape.<\/p>\n<h2> Performance optimale dans chaque partie <\/h2>\n<p>Ces chaussures sont sp\u00e9cialement con\u00e7ues pour les surfaces synth\u00e9tiques, offrant un \u00e9quilibre id\u00e9al entre la vitesse et le contr\u00f4le. Son design dans <strong> bleu marine <\/strong> se combine facilement avec n&#8217;importe quelle tenue de paddle, vous offrant un style sportif et sophistiqu\u00e9.<\/p>\n<h2> consigueas au meilleur prix <\/h2>\n<p>Obtenez avec le <strong> bullpadel Hybrid Fly 25V Navy Blue <\/strong> dans notre boutique en ligne <strong> <a>, probablement au meilleur prix de march\u00e9. Soulevez votre jeu avec les chaussures parfaites!<\/p>\n<h2>Bullpadel Hybrid Fly 25V Azul Marino \u2013 Velocidad y Agilidad en la Pista<\/h2>\n","protected":false},"excerpt":{"rendered":"<p>Les chaussures Bullpadel Hybrid Fly 25V sont cr\u00e9\u00e9es pour offrir des performances maximales de vitesse et de stabilit\u00e9. Gr\u00e2ce \u00e0 sa semelle hybride et au syst\u00e8me Rotox innovant, ils garantissent une excellente adh\u00e9rence et une adaptation \u00e0 tout type de surface.<\/p>\n","protected":false},"featured_media":172359,"comment_status":"open","ping_status":"closed","template":"","meta":{"_acf_changed":false,"_joinchat":[]},"acabado":[],"balance":[],"dureza":[],"forma":[],"jugador":[1192],"marca":[1257],"nivel-de-juego":[],"superficie":[],"tipo-de-juego":[],"product_brand":[],"product_cat":[830],"product_tag":[],"class_list":{"0":"post-172391","1":"product","2":"type-product","3":"status-publish","4":"has-post-thumbnail","6":"jugador-homme","7":"marca-bullpadel-fr","8":"product_cat-baskets","10":"first","11":"outofstock","12":"sale","13":"taxable","14":"shipping-taxable","15":"purchasable","16":"product-type-variable"},"acf":[],"yoast_head":"<!-- This site is optimized with the Yoast SEO plugin v27.4 - https:\/\/yoast.com\/product\/yoast-seo-wordpress\/ -->\n<title>BULLPADEL HYBRID FLY 25V AZUL MARINO - Revolution Padel Store<\/title>\n<meta name=\"description\" content=\"Compra las Bullpadel Hybrid Fly 25V Azul Marino al mejor precio. Zapatillas ligeras, transpirables y con m\u00e1xima estabilidad para mejorar tu juego en la pista.\" \/>\n<meta name=\"robots\" content=\"index, follow, max-snippet:-1, max-image-preview:large, max-video-preview:-1\" \/>\n<link rel=\"canonical\" href=\"https:\/\/revolutionpadelstore.com\/fr\/produit\/bullpadel-hybrid-fly-25v-azul-marino-3\/\" \/>\n<meta property=\"og:locale\" content=\"fr_FR\" \/>\n<meta property=\"og:type\" content=\"article\" \/>\n<meta property=\"og:title\" content=\"BULLPADEL HYBRID FLY 25V AZUL MARINO - Revolution Padel Store\" \/>\n<meta property=\"og:description\" content=\"Compra las Bullpadel Hybrid Fly 25V Azul Marino al mejor precio. Zapatillas ligeras, transpirables y con m\u00e1xima estabilidad para mejorar tu juego en la pista.\" \/>\n<meta property=\"og:url\" content=\"https:\/\/revolutionpadelstore.com\/fr\/produit\/bullpadel-hybrid-fly-25v-azul-marino-3\/\" \/>\n<meta property=\"og:site_name\" content=\"Revolution Padel Store\" \/>\n<meta property=\"article:modified_time\" content=\"2026-04-08T05:21:02+00:00\" \/>\n<meta property=\"og:image\" content=\"https:\/\/revolutionpadelstore.com\/wp-content\/uploads\/2025\/02\/114322-zapatillas-bullpadel-hybrid-fly-25v-cm54004000-azul-marino-1200x1200-1.webp\" \/>\n\t<meta property=\"og:image:width\" content=\"1200\" \/>\n\t<meta property=\"og:image:height\" content=\"1200\" \/>\n\t<meta property=\"og:image:type\" content=\"image\/webp\" \/>\n<meta name=\"twitter:card\" content=\"summary_large_image\" \/>\n<meta name=\"twitter:label1\" content=\"Dur\u00e9e de lecture estim\u00e9e\" \/>\n\t<meta name=\"twitter:data1\" content=\"1 minute\" \/>\n<script type=\"application\/ld+json\" class=\"yoast-schema-graph\">{\"@context\":\"https:\\\/\\\/schema.org\",\"@graph\":[{\"@type\":\"WebPage\",\"@id\":\"https:\\\/\\\/revolutionpadelstore.com\\\/fr\\\/produit\\\/bullpadel-hybrid-fly-25v-azul-marino-3\\\/\",\"url\":\"https:\\\/\\\/revolutionpadelstore.com\\\/fr\\\/produit\\\/bullpadel-hybrid-fly-25v-azul-marino-3\\\/\",\"name\":\"BULLPADEL HYBRID FLY 25V AZUL MARINO - Revolution Padel Store\",\"isPartOf\":{\"@id\":\"https:\\\/\\\/revolutionpadelstore.com\\\/fr\\\/#website\"},\"primaryImageOfPage\":{\"@id\":\"https:\\\/\\\/revolutionpadelstore.com\\\/fr\\\/produit\\\/bullpadel-hybrid-fly-25v-azul-marino-3\\\/#primaryimage\"},\"image\":{\"@id\":\"https:\\\/\\\/revolutionpadelstore.com\\\/fr\\\/produit\\\/bullpadel-hybrid-fly-25v-azul-marino-3\\\/#primaryimage\"},\"thumbnailUrl\":\"https:\\\/\\\/revolutionpadelstore.com\\\/wp-content\\\/uploads\\\/2025\\\/02\\\/114322-zapatillas-bullpadel-hybrid-fly-25v-cm54004000-azul-marino-1200x1200-1.webp\",\"datePublished\":\"2025-02-18T18:39:16+00:00\",\"dateModified\":\"2026-04-08T05:21:02+00:00\",\"description\":\"Compra las Bullpadel Hybrid Fly 25V Azul Marino al mejor precio. Zapatillas ligeras, transpirables y con m\u00e1xima estabilidad para mejorar tu juego en la pista.\",\"breadcrumb\":{\"@id\":\"https:\\\/\\\/revolutionpadelstore.com\\\/fr\\\/produit\\\/bullpadel-hybrid-fly-25v-azul-marino-3\\\/#breadcrumb\"},\"inLanguage\":\"fr-FR\",\"potentialAction\":[{\"@type\":\"ReadAction\",\"target\":[\"https:\\\/\\\/revolutionpadelstore.com\\\/fr\\\/produit\\\/bullpadel-hybrid-fly-25v-azul-marino-3\\\/\"]}]},{\"@type\":\"ImageObject\",\"inLanguage\":\"fr-FR\",\"@id\":\"https:\\\/\\\/revolutionpadelstore.com\\\/fr\\\/produit\\\/bullpadel-hybrid-fly-25v-azul-marino-3\\\/#primaryimage\",\"url\":\"https:\\\/\\\/revolutionpadelstore.com\\\/wp-content\\\/uploads\\\/2025\\\/02\\\/114322-zapatillas-bullpadel-hybrid-fly-25v-cm54004000-azul-marino-1200x1200-1.webp\",\"contentUrl\":\"https:\\\/\\\/revolutionpadelstore.com\\\/wp-content\\\/uploads\\\/2025\\\/02\\\/114322-zapatillas-bullpadel-hybrid-fly-25v-cm54004000-azul-marino-1200x1200-1.webp\",\"width\":1200,\"height\":1200},{\"@type\":\"BreadcrumbList\",\"@id\":\"https:\\\/\\\/revolutionpadelstore.com\\\/fr\\\/produit\\\/bullpadel-hybrid-fly-25v-azul-marino-3\\\/#breadcrumb\",\"itemListElement\":[{\"@type\":\"ListItem\",\"position\":1,\"name\":\"Portada\",\"item\":\"https:\\\/\\\/revolutionpadelstore.com\\\/fr\\\/\"},{\"@type\":\"ListItem\",\"position\":2,\"name\":\"Boutique\",\"item\":\"https:\\\/\\\/revolutionpadelstore.com\\\/fr\\\/tienda\\\/\"},{\"@type\":\"ListItem\",\"position\":3,\"name\":\"BULLPADEL HYBRID FLY 25V AZUL MARINO\"}]},{\"@type\":\"WebSite\",\"@id\":\"https:\\\/\\\/revolutionpadelstore.com\\\/fr\\\/#website\",\"url\":\"https:\\\/\\\/revolutionpadelstore.com\\\/fr\\\/\",\"name\":\"Revolution Padel Store\",\"description\":\"\",\"publisher\":{\"@id\":\"https:\\\/\\\/revolutionpadelstore.com\\\/fr\\\/#organization\"},\"potentialAction\":[{\"@type\":\"SearchAction\",\"target\":{\"@type\":\"EntryPoint\",\"urlTemplate\":\"https:\\\/\\\/revolutionpadelstore.com\\\/fr\\\/?s={search_term_string}\"},\"query-input\":{\"@type\":\"PropertyValueSpecification\",\"valueRequired\":true,\"valueName\":\"search_term_string\"}}],\"inLanguage\":\"fr-FR\"},{\"@type\":\"Organization\",\"@id\":\"https:\\\/\\\/revolutionpadelstore.com\\\/fr\\\/#organization\",\"name\":\"Revolution Padel Store\",\"url\":\"https:\\\/\\\/revolutionpadelstore.com\\\/fr\\\/\",\"logo\":{\"@type\":\"ImageObject\",\"inLanguage\":\"fr-FR\",\"@id\":\"https:\\\/\\\/revolutionpadelstore.com\\\/fr\\\/#\\\/schema\\\/logo\\\/image\\\/\",\"url\":\"https:\\\/\\\/revolutionpadelstore.com\\\/wp-content\\\/uploads\\\/2026\\\/02\\\/revolution-padel-store.jpg\",\"contentUrl\":\"https:\\\/\\\/revolutionpadelstore.com\\\/wp-content\\\/uploads\\\/2026\\\/02\\\/revolution-padel-store.jpg\",\"width\":2000,\"height\":2000,\"caption\":\"Revolution Padel Store\"},\"image\":{\"@id\":\"https:\\\/\\\/revolutionpadelstore.com\\\/fr\\\/#\\\/schema\\\/logo\\\/image\\\/\"},\"sameAs\":[\"https:\\\/\\\/www.instagram.com\\\/revolutionpadelstore\\\/\"]}]}<\/script>\n<!-- \/ Yoast SEO plugin. -->","yoast_head_json":{"title":"BULLPADEL HYBRID FLY 25V AZUL MARINO - Revolution Padel Store","description":"Compra las Bullpadel Hybrid Fly 25V Azul Marino al mejor precio. Zapatillas ligeras, transpirables y con m\u00e1xima estabilidad para mejorar tu juego en la pista.","robots":{"index":"index","follow":"follow","max-snippet":"max-snippet:-1","max-image-preview":"max-image-preview:large","max-video-preview":"max-video-preview:-1"},"canonical":"https:\/\/revolutionpadelstore.com\/fr\/produit\/bullpadel-hybrid-fly-25v-azul-marino-3\/","og_locale":"fr_FR","og_type":"article","og_title":"BULLPADEL HYBRID FLY 25V AZUL MARINO - Revolution Padel Store","og_description":"Compra las Bullpadel Hybrid Fly 25V Azul Marino al mejor precio. Zapatillas ligeras, transpirables y con m\u00e1xima estabilidad para mejorar tu juego en la pista.","og_url":"https:\/\/revolutionpadelstore.com\/fr\/produit\/bullpadel-hybrid-fly-25v-azul-marino-3\/","og_site_name":"Revolution Padel Store","article_modified_time":"2026-04-08T05:21:02+00:00","og_image":[{"width":1200,"height":1200,"url":"https:\/\/revolutionpadelstore.com\/wp-content\/uploads\/2025\/02\/114322-zapatillas-bullpadel-hybrid-fly-25v-cm54004000-azul-marino-1200x1200-1.webp","type":"image\/webp"}],"twitter_card":"summary_large_image","twitter_misc":{"Dur\u00e9e de lecture estim\u00e9e":"1 minute"},"schema":{"@context":"https:\/\/schema.org","@graph":[{"@type":"WebPage","@id":"https:\/\/revolutionpadelstore.com\/fr\/produit\/bullpadel-hybrid-fly-25v-azul-marino-3\/","url":"https:\/\/revolutionpadelstore.com\/fr\/produit\/bullpadel-hybrid-fly-25v-azul-marino-3\/","name":"BULLPADEL HYBRID FLY 25V AZUL MARINO - Revolution Padel Store","isPartOf":{"@id":"https:\/\/revolutionpadelstore.com\/fr\/#website"},"primaryImageOfPage":{"@id":"https:\/\/revolutionpadelstore.com\/fr\/produit\/bullpadel-hybrid-fly-25v-azul-marino-3\/#primaryimage"},"image":{"@id":"https:\/\/revolutionpadelstore.com\/fr\/produit\/bullpadel-hybrid-fly-25v-azul-marino-3\/#primaryimage"},"thumbnailUrl":"https:\/\/revolutionpadelstore.com\/wp-content\/uploads\/2025\/02\/114322-zapatillas-bullpadel-hybrid-fly-25v-cm54004000-azul-marino-1200x1200-1.webp","datePublished":"2025-02-18T18:39:16+00:00","dateModified":"2026-04-08T05:21:02+00:00","description":"Compra las Bullpadel Hybrid Fly 25V Azul Marino al mejor precio. Zapatillas ligeras, transpirables y con m\u00e1xima estabilidad para mejorar tu juego en la pista.","breadcrumb":{"@id":"https:\/\/revolutionpadelstore.com\/fr\/produit\/bullpadel-hybrid-fly-25v-azul-marino-3\/#breadcrumb"},"inLanguage":"fr-FR","potentialAction":[{"@type":"ReadAction","target":["https:\/\/revolutionpadelstore.com\/fr\/produit\/bullpadel-hybrid-fly-25v-azul-marino-3\/"]}]},{"@type":"ImageObject","inLanguage":"fr-FR","@id":"https:\/\/revolutionpadelstore.com\/fr\/produit\/bullpadel-hybrid-fly-25v-azul-marino-3\/#primaryimage","url":"https:\/\/revolutionpadelstore.com\/wp-content\/uploads\/2025\/02\/114322-zapatillas-bullpadel-hybrid-fly-25v-cm54004000-azul-marino-1200x1200-1.webp","contentUrl":"https:\/\/revolutionpadelstore.com\/wp-content\/uploads\/2025\/02\/114322-zapatillas-bullpadel-hybrid-fly-25v-cm54004000-azul-marino-1200x1200-1.webp","width":1200,"height":1200},{"@type":"BreadcrumbList","@id":"https:\/\/revolutionpadelstore.com\/fr\/produit\/bullpadel-hybrid-fly-25v-azul-marino-3\/#breadcrumb","itemListElement":[{"@type":"ListItem","position":1,"name":"Portada","item":"https:\/\/revolutionpadelstore.com\/fr\/"},{"@type":"ListItem","position":2,"name":"Boutique","item":"https:\/\/revolutionpadelstore.com\/fr\/tienda\/"},{"@type":"ListItem","position":3,"name":"BULLPADEL HYBRID FLY 25V AZUL MARINO"}]},{"@type":"WebSite","@id":"https:\/\/revolutionpadelstore.com\/fr\/#website","url":"https:\/\/revolutionpadelstore.com\/fr\/","name":"Revolution Padel Store","description":"","publisher":{"@id":"https:\/\/revolutionpadelstore.com\/fr\/#organization"},"potentialAction":[{"@type":"SearchAction","target":{"@type":"EntryPoint","urlTemplate":"https:\/\/revolutionpadelstore.com\/fr\/?s={search_term_string}"},"query-input":{"@type":"PropertyValueSpecification","valueRequired":true,"valueName":"search_term_string"}}],"inLanguage":"fr-FR"},{"@type":"Organization","@id":"https:\/\/revolutionpadelstore.com\/fr\/#organization","name":"Revolution Padel Store","url":"https:\/\/revolutionpadelstore.com\/fr\/","logo":{"@type":"ImageObject","inLanguage":"fr-FR","@id":"https:\/\/revolutionpadelstore.com\/fr\/#\/schema\/logo\/image\/","url":"https:\/\/revolutionpadelstore.com\/wp-content\/uploads\/2026\/02\/revolution-padel-store.jpg","contentUrl":"https:\/\/revolutionpadelstore.com\/wp-content\/uploads\/2026\/02\/revolution-padel-store.jpg","width":2000,"height":2000,"caption":"Revolution Padel Store"},"image":{"@id":"https:\/\/revolutionpadelstore.com\/fr\/#\/schema\/logo\/image\/"},"sameAs":["https:\/\/www.instagram.com\/revolutionpadelstore\/"]}]}},"_links":{"self":[{"href":"https:\/\/revolutionpadelstore.com\/fr\/wp-json\/wp\/v2\/product\/172391","targetHints":{"allow":["GET"]}}],"collection":[{"href":"https:\/\/revolutionpadelstore.com\/fr\/wp-json\/wp\/v2\/product"}],"about":[{"href":"https:\/\/revolutionpadelstore.com\/fr\/wp-json\/wp\/v2\/types\/product"}],"replies":[{"embeddable":true,"href":"https:\/\/revolutionpadelstore.com\/fr\/wp-json\/wp\/v2\/comments?post=172391"}],"wp:featuredmedia":[{"embeddable":true,"href":"https:\/\/revolutionpadelstore.com\/fr\/wp-json\/wp\/v2\/media\/172359"}],"wp:attachment":[{"href":"https:\/\/revolutionpadelstore.com\/fr\/wp-json\/wp\/v2\/media?parent=172391"}],"wp:term":[{"taxonomy":"acabado","embeddable":true,"href":"https:\/\/revolutionpadelstore.com\/fr\/wp-json\/wp\/v2\/acabado?post=172391"},{"taxonomy":"balance","embeddable":true,"href":"https:\/\/revolutionpadelstore.com\/fr\/wp-json\/wp\/v2\/balance?post=172391"},{"taxonomy":"dureza","embeddable":true,"href":"https:\/\/revolutionpadelstore.com\/fr\/wp-json\/wp\/v2\/dureza?post=172391"},{"taxonomy":"forma","embeddable":true,"href":"https:\/\/revolutionpadelstore.com\/fr\/wp-json\/wp\/v2\/forma?post=172391"},{"taxonomy":"jugador","embeddable":true,"href":"https:\/\/revolutionpadelstore.com\/fr\/wp-json\/wp\/v2\/jugador?post=172391"},{"taxonomy":"marca","embeddable":true,"href":"https:\/\/revolutionpadelstore.com\/fr\/wp-json\/wp\/v2\/marca?post=172391"},{"taxonomy":"nivel-de-juego","embeddable":true,"href":"https:\/\/revolutionpadelstore.com\/fr\/wp-json\/wp\/v2\/nivel-de-juego?post=172391"},{"taxonomy":"superficie","embeddable":true,"href":"https:\/\/revolutionpadelstore.com\/fr\/wp-json\/wp\/v2\/superficie?post=172391"},{"taxonomy":"tipo-de-juego","embeddable":true,"href":"https:\/\/revolutionpadelstore.com\/fr\/wp-json\/wp\/v2\/tipo-de-juego?post=172391"},{"taxonomy":"product_brand","embeddable":true,"href":"https:\/\/revolutionpadelstore.com\/fr\/wp-json\/wp\/v2\/product_brand?post=172391"},{"taxonomy":"product_cat","embeddable":true,"href":"https:\/\/revolutionpadelstore.com\/fr\/wp-json\/wp\/v2\/product_cat?post=172391"},{"taxonomy":"product_tag","embeddable":true,"href":"https:\/\/revolutionpadelstore.com\/fr\/wp-json\/wp\/v2\/product_tag?post=172391"}],"curies":[{"name":"wp","href":"https:\/\/api.w.org\/{rel}","templated":true}]}}