{"id":171994,"date":"2025-02-18T18:15:59","date_gmt":"2025-02-18T17:15:59","guid":{"rendered":"https:\/\/revolutionpadelstore.com\/bullpadel-ionic-25v-negro\/"},"modified":"2026-04-08T07:29:36","modified_gmt":"2026-04-08T05:29:36","slug":"bullpadel-ionic-25v-negro-3","status":"publish","type":"product","link":"https:\/\/revolutionpadelstore.com\/fr\/produit\/bullpadel-ionic-25v-negro-3\/","title":{"rendered":"BULLPADEL IONIC 25V NEGRO"},"content":{"rendered":"<h2> <strong> bullpadel ion 25v noir &#8211; poign\u00e9e, mobilit\u00e9 et confort sur la piste <\/strong> <\/h2>\n<p>Les <strong> bullpadel ionic 25v noir <\/strong> sont les chaussures parfaites pour les joueurs \u00e0 la recherche d&#8217;\u00e9quilibre entre l&#8217;adh\u00e9rence et la mobilit\u00e9 sur le plancher \u00e0 palette. Sa conception moderne et sa technologie avanc\u00e9e garantissent une performance plus \u00e9lev\u00e9e dans chaque partie. Gr\u00e2ce \u00e0 leur <strong> solet hybride \u00e0 360 \u00b0 <\/strong>, ces chaussures offrent une traction optimale sur n&#8217;importe quelle surface, vous permettant de vous d\u00e9placer rapidement et de la s\u00e9curit\u00e9.<\/p>\n<p>Fabriqu\u00e9 avec <strong> maillage Jacquard <\/strong>, un tissu respirant de haute qualit\u00e9, offre de la fra\u00eecheur et du confort lors de longues s\u00e9ances de jeu. De plus, son amortissement avanc\u00e9 r\u00e9duit les impacts, offrant un plus grand confort et une plus grande protection \u00e0 vos pieds.<\/p>\n<h2> <strong> Performance maximale pour les joueurs en cours <\/strong> <\/h2>\n<p>Con\u00e7ue pour des joueurs en constante \u00e9volution, tels que <strong> Pablo Cardona, Javier Leal et \u00c1lex Arroyo <\/strong>, le White Ionic 25V offre la combinaison id\u00e9ale de <strong> soutien, stabilit\u00e9 et style <\/strong>. Si vous cherchez \u00e0 am\u00e9liorer votre technique et \u00e0 ma\u00eetriser la piste, ces chaussures vous aideront \u00e0 atteindre votre meilleur niveau.<\/p>\n<h2> <strong> fonctionnalit\u00e9s et technologies pro\u00e9minentes <\/strong> <\/h2>\n<p>-H\u00edbrida 360\u00ba -mbembines adh\u00e9rence et mobilit\u00e9 sur n&#8217;importe quelle surface de palette.<br \/>\n-Flex Rift -Courage la flexion naturelle du pied pour une mobilit\u00e9 plus fluide.<br \/>\n-Meh Jacquard-Fabric de souris qui maintient vos pieds frais et confortables.<br \/>\n-Advanced Reconnection &#8211; Les r\u00e9ductions de r\u00e9duction des impacts pour une plus grande protection et confort.<br \/>\n-La lat\u00e9rale du LOVEMENT-THEEL pour la stabilit\u00e9 et l&#8217;amortissement dans les d\u00e9placements lat\u00e9raux.<br \/>\n-Bps Syst\u00e8me -Stabilisateur qui maintient le pied pour emp\u00eacher les escrocs.<br \/>\n-Irgonomie Design -Les mouvements rapides et pr\u00e9cis dans chaque jeu.<br \/>\n&lt;Il<br \/>\nVous \u00eates d\u00e9j\u00e0 un joueur en cours ou un concurrent exigeant, le <strong> bullpadel ion 25v noir <\/strong> est le choix id\u00e9al pour am\u00e9liorer vos performances sur la piste. Profitez de la meilleure combinaison de style <strong>, de confort et de technologie de haut niveau <\/strong> avec ces chaussures con\u00e7ues pour une demande maximale dans la pagaie.<\/p>\n<p><strong> maintenant en consignation dans notre boutique en ligne &lt;a href = &quot;https:\/\/chatgpt.com\/g\/g-675432e02688191b6ee6d6f2fdbb15e-optimisation-textos\/c\/www.revolutionpadelstore.com&quot; March\u00e9.<\/p>\n<h2><strong>Bullpadel Ionic 25V Negro \u2013 Agarre, movilidad y confort en la pista<\/strong><\/p>\n","protected":false},"excerpt":{"rendered":"<p>Bullpadel Ionic 25V Bullpadel Bakeuls in Black, con\u00e7ue avec une technologie de pointe pour optimiser les performances, y compris une semelle \u00e0 360 \u00b0 avec Flex Rift et Movement lat\u00e9ral pour une plus grande flexibilit\u00e9 et stabilit\u00e9.<\/p>\n","protected":false},"featured_media":171788,"comment_status":"open","ping_status":"closed","template":"","meta":{"_acf_changed":false,"_joinchat":[]},"acabado":[],"balance":[],"dureza":[],"forma":[],"jugador":[1192],"marca":[1257],"nivel-de-juego":[],"superficie":[],"tipo-de-juego":[],"product_brand":[],"product_cat":[830],"product_tag":[],"class_list":{"0":"post-171994","1":"product","2":"type-product","3":"status-publish","4":"has-post-thumbnail","6":"jugador-homme","7":"marca-bullpadel-fr","8":"product_cat-baskets","10":"first","11":"outofstock","12":"sale","13":"taxable","14":"shipping-taxable","15":"purchasable","16":"product-type-variable"},"acf":[],"yoast_head":"<!-- This site is optimized with the Yoast SEO plugin v27.4 - https:\/\/yoast.com\/product\/yoast-seo-wordpress\/ -->\n<title>BULLPADEL IONIC 25V NEGRO - Revolution Padel Store<\/title>\n<meta name=\"description\" content=\"Ya seas un jugador en progreso o un competidor exigente, las\u00a0Bullpadel Ionic 25V Negro\u00a0son la elecci\u00f3n ideal para potenciar tu rendimiento en la pista. Disfruta de la mejor combinaci\u00f3n de\u00a0estilo, comodidad y tecnolog\u00eda de alto nivel\u00a0con estas zapatillas dise\u00f1adas para la m\u00e1xima exigencia en el p\u00e1del.\" \/>\n<meta name=\"robots\" content=\"index, follow, max-snippet:-1, max-image-preview:large, max-video-preview:-1\" \/>\n<link rel=\"canonical\" href=\"https:\/\/revolutionpadelstore.com\/fr\/produit\/bullpadel-ionic-25v-negro-3\/\" \/>\n<meta property=\"og:locale\" content=\"fr_FR\" \/>\n<meta property=\"og:type\" content=\"article\" \/>\n<meta property=\"og:title\" content=\"BULLPADEL IONIC 25V NEGRO - Revolution Padel Store\" \/>\n<meta property=\"og:description\" content=\"Ya seas un jugador en progreso o un competidor exigente, las\u00a0Bullpadel Ionic 25V Negro\u00a0son la elecci\u00f3n ideal para potenciar tu rendimiento en la pista. Disfruta de la mejor combinaci\u00f3n de\u00a0estilo, comodidad y tecnolog\u00eda de alto nivel\u00a0con estas zapatillas dise\u00f1adas para la m\u00e1xima exigencia en el p\u00e1del.\" \/>\n<meta property=\"og:url\" content=\"https:\/\/revolutionpadelstore.com\/fr\/produit\/bullpadel-ionic-25v-negro-3\/\" \/>\n<meta property=\"og:site_name\" content=\"Revolution Padel Store\" \/>\n<meta property=\"article:modified_time\" content=\"2026-04-08T05:29:36+00:00\" \/>\n<meta property=\"og:image\" content=\"https:\/\/revolutionpadelstore.com\/wp-content\/uploads\/2025\/02\/114331-zapatillas-bullpadel-ionic-25v-cm52005000-negro-1200x1200-1.webp\" \/>\n\t<meta property=\"og:image:width\" content=\"1200\" \/>\n\t<meta property=\"og:image:height\" content=\"1200\" \/>\n\t<meta property=\"og:image:type\" content=\"image\/webp\" \/>\n<meta name=\"twitter:card\" content=\"summary_large_image\" \/>\n<meta name=\"twitter:label1\" content=\"Dur\u00e9e de lecture estim\u00e9e\" \/>\n\t<meta name=\"twitter:data1\" content=\"2 minutes\" \/>\n<script type=\"application\/ld+json\" class=\"yoast-schema-graph\">{\"@context\":\"https:\\\/\\\/schema.org\",\"@graph\":[{\"@type\":\"WebPage\",\"@id\":\"https:\\\/\\\/revolutionpadelstore.com\\\/fr\\\/produit\\\/bullpadel-ionic-25v-negro-3\\\/\",\"url\":\"https:\\\/\\\/revolutionpadelstore.com\\\/fr\\\/produit\\\/bullpadel-ionic-25v-negro-3\\\/\",\"name\":\"BULLPADEL IONIC 25V NEGRO - Revolution Padel Store\",\"isPartOf\":{\"@id\":\"https:\\\/\\\/revolutionpadelstore.com\\\/fr\\\/#website\"},\"primaryImageOfPage\":{\"@id\":\"https:\\\/\\\/revolutionpadelstore.com\\\/fr\\\/produit\\\/bullpadel-ionic-25v-negro-3\\\/#primaryimage\"},\"image\":{\"@id\":\"https:\\\/\\\/revolutionpadelstore.com\\\/fr\\\/produit\\\/bullpadel-ionic-25v-negro-3\\\/#primaryimage\"},\"thumbnailUrl\":\"https:\\\/\\\/revolutionpadelstore.com\\\/wp-content\\\/uploads\\\/2025\\\/02\\\/114331-zapatillas-bullpadel-ionic-25v-cm52005000-negro-1200x1200-1.webp\",\"datePublished\":\"2025-02-18T17:15:59+00:00\",\"dateModified\":\"2026-04-08T05:29:36+00:00\",\"description\":\"Ya seas un jugador en progreso o un competidor exigente, las\u00a0Bullpadel Ionic 25V Negro\u00a0son la elecci\u00f3n ideal para potenciar tu rendimiento en la pista. Disfruta de la mejor combinaci\u00f3n de\u00a0estilo, comodidad y tecnolog\u00eda de alto nivel\u00a0con estas zapatillas dise\u00f1adas para la m\u00e1xima exigencia en el p\u00e1del.\",\"breadcrumb\":{\"@id\":\"https:\\\/\\\/revolutionpadelstore.com\\\/fr\\\/produit\\\/bullpadel-ionic-25v-negro-3\\\/#breadcrumb\"},\"inLanguage\":\"fr-FR\",\"potentialAction\":[{\"@type\":\"ReadAction\",\"target\":[\"https:\\\/\\\/revolutionpadelstore.com\\\/fr\\\/produit\\\/bullpadel-ionic-25v-negro-3\\\/\"]}]},{\"@type\":\"ImageObject\",\"inLanguage\":\"fr-FR\",\"@id\":\"https:\\\/\\\/revolutionpadelstore.com\\\/fr\\\/produit\\\/bullpadel-ionic-25v-negro-3\\\/#primaryimage\",\"url\":\"https:\\\/\\\/revolutionpadelstore.com\\\/wp-content\\\/uploads\\\/2025\\\/02\\\/114331-zapatillas-bullpadel-ionic-25v-cm52005000-negro-1200x1200-1.webp\",\"contentUrl\":\"https:\\\/\\\/revolutionpadelstore.com\\\/wp-content\\\/uploads\\\/2025\\\/02\\\/114331-zapatillas-bullpadel-ionic-25v-cm52005000-negro-1200x1200-1.webp\",\"width\":1200,\"height\":1200},{\"@type\":\"BreadcrumbList\",\"@id\":\"https:\\\/\\\/revolutionpadelstore.com\\\/fr\\\/produit\\\/bullpadel-ionic-25v-negro-3\\\/#breadcrumb\",\"itemListElement\":[{\"@type\":\"ListItem\",\"position\":1,\"name\":\"Portada\",\"item\":\"https:\\\/\\\/revolutionpadelstore.com\\\/fr\\\/\"},{\"@type\":\"ListItem\",\"position\":2,\"name\":\"Boutique\",\"item\":\"https:\\\/\\\/revolutionpadelstore.com\\\/fr\\\/tienda\\\/\"},{\"@type\":\"ListItem\",\"position\":3,\"name\":\"BULLPADEL IONIC 25V NEGRO\"}]},{\"@type\":\"WebSite\",\"@id\":\"https:\\\/\\\/revolutionpadelstore.com\\\/fr\\\/#website\",\"url\":\"https:\\\/\\\/revolutionpadelstore.com\\\/fr\\\/\",\"name\":\"Revolution Padel Store\",\"description\":\"\",\"publisher\":{\"@id\":\"https:\\\/\\\/revolutionpadelstore.com\\\/fr\\\/#organization\"},\"potentialAction\":[{\"@type\":\"SearchAction\",\"target\":{\"@type\":\"EntryPoint\",\"urlTemplate\":\"https:\\\/\\\/revolutionpadelstore.com\\\/fr\\\/?s={search_term_string}\"},\"query-input\":{\"@type\":\"PropertyValueSpecification\",\"valueRequired\":true,\"valueName\":\"search_term_string\"}}],\"inLanguage\":\"fr-FR\"},{\"@type\":\"Organization\",\"@id\":\"https:\\\/\\\/revolutionpadelstore.com\\\/fr\\\/#organization\",\"name\":\"Revolution Padel Store\",\"url\":\"https:\\\/\\\/revolutionpadelstore.com\\\/fr\\\/\",\"logo\":{\"@type\":\"ImageObject\",\"inLanguage\":\"fr-FR\",\"@id\":\"https:\\\/\\\/revolutionpadelstore.com\\\/fr\\\/#\\\/schema\\\/logo\\\/image\\\/\",\"url\":\"https:\\\/\\\/revolutionpadelstore.com\\\/wp-content\\\/uploads\\\/2026\\\/02\\\/revolution-padel-store.jpg\",\"contentUrl\":\"https:\\\/\\\/revolutionpadelstore.com\\\/wp-content\\\/uploads\\\/2026\\\/02\\\/revolution-padel-store.jpg\",\"width\":2000,\"height\":2000,\"caption\":\"Revolution Padel Store\"},\"image\":{\"@id\":\"https:\\\/\\\/revolutionpadelstore.com\\\/fr\\\/#\\\/schema\\\/logo\\\/image\\\/\"},\"sameAs\":[\"https:\\\/\\\/www.instagram.com\\\/revolutionpadelstore\\\/\"]}]}<\/script>\n<!-- \/ Yoast SEO plugin. -->","yoast_head_json":{"title":"BULLPADEL IONIC 25V NEGRO - Revolution Padel Store","description":"Ya seas un jugador en progreso o un competidor exigente, las\u00a0Bullpadel Ionic 25V Negro\u00a0son la elecci\u00f3n ideal para potenciar tu rendimiento en la pista. Disfruta de la mejor combinaci\u00f3n de\u00a0estilo, comodidad y tecnolog\u00eda de alto nivel\u00a0con estas zapatillas dise\u00f1adas para la m\u00e1xima exigencia en el p\u00e1del.","robots":{"index":"index","follow":"follow","max-snippet":"max-snippet:-1","max-image-preview":"max-image-preview:large","max-video-preview":"max-video-preview:-1"},"canonical":"https:\/\/revolutionpadelstore.com\/fr\/produit\/bullpadel-ionic-25v-negro-3\/","og_locale":"fr_FR","og_type":"article","og_title":"BULLPADEL IONIC 25V NEGRO - Revolution Padel Store","og_description":"Ya seas un jugador en progreso o un competidor exigente, las\u00a0Bullpadel Ionic 25V Negro\u00a0son la elecci\u00f3n ideal para potenciar tu rendimiento en la pista. Disfruta de la mejor combinaci\u00f3n de\u00a0estilo, comodidad y tecnolog\u00eda de alto nivel\u00a0con estas zapatillas dise\u00f1adas para la m\u00e1xima exigencia en el p\u00e1del.","og_url":"https:\/\/revolutionpadelstore.com\/fr\/produit\/bullpadel-ionic-25v-negro-3\/","og_site_name":"Revolution Padel Store","article_modified_time":"2026-04-08T05:29:36+00:00","og_image":[{"width":1200,"height":1200,"url":"https:\/\/revolutionpadelstore.com\/wp-content\/uploads\/2025\/02\/114331-zapatillas-bullpadel-ionic-25v-cm52005000-negro-1200x1200-1.webp","type":"image\/webp"}],"twitter_card":"summary_large_image","twitter_misc":{"Dur\u00e9e de lecture estim\u00e9e":"2 minutes"},"schema":{"@context":"https:\/\/schema.org","@graph":[{"@type":"WebPage","@id":"https:\/\/revolutionpadelstore.com\/fr\/produit\/bullpadel-ionic-25v-negro-3\/","url":"https:\/\/revolutionpadelstore.com\/fr\/produit\/bullpadel-ionic-25v-negro-3\/","name":"BULLPADEL IONIC 25V NEGRO - Revolution Padel Store","isPartOf":{"@id":"https:\/\/revolutionpadelstore.com\/fr\/#website"},"primaryImageOfPage":{"@id":"https:\/\/revolutionpadelstore.com\/fr\/produit\/bullpadel-ionic-25v-negro-3\/#primaryimage"},"image":{"@id":"https:\/\/revolutionpadelstore.com\/fr\/produit\/bullpadel-ionic-25v-negro-3\/#primaryimage"},"thumbnailUrl":"https:\/\/revolutionpadelstore.com\/wp-content\/uploads\/2025\/02\/114331-zapatillas-bullpadel-ionic-25v-cm52005000-negro-1200x1200-1.webp","datePublished":"2025-02-18T17:15:59+00:00","dateModified":"2026-04-08T05:29:36+00:00","description":"Ya seas un jugador en progreso o un competidor exigente, las\u00a0Bullpadel Ionic 25V Negro\u00a0son la elecci\u00f3n ideal para potenciar tu rendimiento en la pista. Disfruta de la mejor combinaci\u00f3n de\u00a0estilo, comodidad y tecnolog\u00eda de alto nivel\u00a0con estas zapatillas dise\u00f1adas para la m\u00e1xima exigencia en el p\u00e1del.","breadcrumb":{"@id":"https:\/\/revolutionpadelstore.com\/fr\/produit\/bullpadel-ionic-25v-negro-3\/#breadcrumb"},"inLanguage":"fr-FR","potentialAction":[{"@type":"ReadAction","target":["https:\/\/revolutionpadelstore.com\/fr\/produit\/bullpadel-ionic-25v-negro-3\/"]}]},{"@type":"ImageObject","inLanguage":"fr-FR","@id":"https:\/\/revolutionpadelstore.com\/fr\/produit\/bullpadel-ionic-25v-negro-3\/#primaryimage","url":"https:\/\/revolutionpadelstore.com\/wp-content\/uploads\/2025\/02\/114331-zapatillas-bullpadel-ionic-25v-cm52005000-negro-1200x1200-1.webp","contentUrl":"https:\/\/revolutionpadelstore.com\/wp-content\/uploads\/2025\/02\/114331-zapatillas-bullpadel-ionic-25v-cm52005000-negro-1200x1200-1.webp","width":1200,"height":1200},{"@type":"BreadcrumbList","@id":"https:\/\/revolutionpadelstore.com\/fr\/produit\/bullpadel-ionic-25v-negro-3\/#breadcrumb","itemListElement":[{"@type":"ListItem","position":1,"name":"Portada","item":"https:\/\/revolutionpadelstore.com\/fr\/"},{"@type":"ListItem","position":2,"name":"Boutique","item":"https:\/\/revolutionpadelstore.com\/fr\/tienda\/"},{"@type":"ListItem","position":3,"name":"BULLPADEL IONIC 25V NEGRO"}]},{"@type":"WebSite","@id":"https:\/\/revolutionpadelstore.com\/fr\/#website","url":"https:\/\/revolutionpadelstore.com\/fr\/","name":"Revolution Padel Store","description":"","publisher":{"@id":"https:\/\/revolutionpadelstore.com\/fr\/#organization"},"potentialAction":[{"@type":"SearchAction","target":{"@type":"EntryPoint","urlTemplate":"https:\/\/revolutionpadelstore.com\/fr\/?s={search_term_string}"},"query-input":{"@type":"PropertyValueSpecification","valueRequired":true,"valueName":"search_term_string"}}],"inLanguage":"fr-FR"},{"@type":"Organization","@id":"https:\/\/revolutionpadelstore.com\/fr\/#organization","name":"Revolution Padel Store","url":"https:\/\/revolutionpadelstore.com\/fr\/","logo":{"@type":"ImageObject","inLanguage":"fr-FR","@id":"https:\/\/revolutionpadelstore.com\/fr\/#\/schema\/logo\/image\/","url":"https:\/\/revolutionpadelstore.com\/wp-content\/uploads\/2026\/02\/revolution-padel-store.jpg","contentUrl":"https:\/\/revolutionpadelstore.com\/wp-content\/uploads\/2026\/02\/revolution-padel-store.jpg","width":2000,"height":2000,"caption":"Revolution Padel Store"},"image":{"@id":"https:\/\/revolutionpadelstore.com\/fr\/#\/schema\/logo\/image\/"},"sameAs":["https:\/\/www.instagram.com\/revolutionpadelstore\/"]}]}},"_links":{"self":[{"href":"https:\/\/revolutionpadelstore.com\/fr\/wp-json\/wp\/v2\/product\/171994","targetHints":{"allow":["GET"]}}],"collection":[{"href":"https:\/\/revolutionpadelstore.com\/fr\/wp-json\/wp\/v2\/product"}],"about":[{"href":"https:\/\/revolutionpadelstore.com\/fr\/wp-json\/wp\/v2\/types\/product"}],"replies":[{"embeddable":true,"href":"https:\/\/revolutionpadelstore.com\/fr\/wp-json\/wp\/v2\/comments?post=171994"}],"wp:featuredmedia":[{"embeddable":true,"href":"https:\/\/revolutionpadelstore.com\/fr\/wp-json\/wp\/v2\/media\/171788"}],"wp:attachment":[{"href":"https:\/\/revolutionpadelstore.com\/fr\/wp-json\/wp\/v2\/media?parent=171994"}],"wp:term":[{"taxonomy":"acabado","embeddable":true,"href":"https:\/\/revolutionpadelstore.com\/fr\/wp-json\/wp\/v2\/acabado?post=171994"},{"taxonomy":"balance","embeddable":true,"href":"https:\/\/revolutionpadelstore.com\/fr\/wp-json\/wp\/v2\/balance?post=171994"},{"taxonomy":"dureza","embeddable":true,"href":"https:\/\/revolutionpadelstore.com\/fr\/wp-json\/wp\/v2\/dureza?post=171994"},{"taxonomy":"forma","embeddable":true,"href":"https:\/\/revolutionpadelstore.com\/fr\/wp-json\/wp\/v2\/forma?post=171994"},{"taxonomy":"jugador","embeddable":true,"href":"https:\/\/revolutionpadelstore.com\/fr\/wp-json\/wp\/v2\/jugador?post=171994"},{"taxonomy":"marca","embeddable":true,"href":"https:\/\/revolutionpadelstore.com\/fr\/wp-json\/wp\/v2\/marca?post=171994"},{"taxonomy":"nivel-de-juego","embeddable":true,"href":"https:\/\/revolutionpadelstore.com\/fr\/wp-json\/wp\/v2\/nivel-de-juego?post=171994"},{"taxonomy":"superficie","embeddable":true,"href":"https:\/\/revolutionpadelstore.com\/fr\/wp-json\/wp\/v2\/superficie?post=171994"},{"taxonomy":"tipo-de-juego","embeddable":true,"href":"https:\/\/revolutionpadelstore.com\/fr\/wp-json\/wp\/v2\/tipo-de-juego?post=171994"},{"taxonomy":"product_brand","embeddable":true,"href":"https:\/\/revolutionpadelstore.com\/fr\/wp-json\/wp\/v2\/product_brand?post=171994"},{"taxonomy":"product_cat","embeddable":true,"href":"https:\/\/revolutionpadelstore.com\/fr\/wp-json\/wp\/v2\/product_cat?post=171994"},{"taxonomy":"product_tag","embeddable":true,"href":"https:\/\/revolutionpadelstore.com\/fr\/wp-json\/wp\/v2\/product_tag?post=171994"}],"curies":[{"name":"wp","href":"https:\/\/api.w.org\/{rel}","templated":true}]}}