{"id":171716,"date":"2025-02-18T08:34:34","date_gmt":"2025-02-18T07:34:34","guid":{"rendered":"https:\/\/revolutionpadelstore.com\/bullpadel-neuron-vibram-25v-arcilla\/"},"modified":"2026-04-08T07:34:01","modified_gmt":"2026-04-08T05:34:01","slug":"bullpadel-neuron-vibram-25v-arcilla-3","status":"publish","type":"product","link":"https:\/\/revolutionpadelstore.com\/fr\/produit\/bullpadel-neuron-vibram-25v-arcilla-3\/","title":{"rendered":"BULLPADEL NEURON VIBRAM 25V ARCILLA"},"content":{"rendered":"<h2> Neuron de bullpadel Vibram 25V Clay &#8211; Performance maximale et performances de la piste <\/h2>\n<p>D\u00e9couvrez le nouveau <strong> neuron bullpadel Vibram 25V Clay <\/strong>, les chaussures con\u00e7ues pour les joueurs \u00e0 la recherche de vitesse, de stabilit\u00e9 et une poign\u00e9e sup\u00e9rieure sur le plancher \u00e0 palette. Inspir\u00e9s par Fede Chingotto, ils combinent <strong> une l\u00e9g\u00e8ret\u00e9 extr\u00eame, une respirabilit\u00e9 et <\/strong> une semelle Vibram \u00e0 haute performance, offrant la meilleure traction sur n&#8217;importe quelle surface.<\/p>\n<h2> Innovation et technologie pour ma\u00eetriser le jeu <\/h2>\n<p>Ces chaussures sont fabriqu\u00e9es avec un <strong> tissu technique ultra-l\u00e9ger <\/strong>, qui garantit une <strong> ventilation optimale <\/strong> m\u00eame dans les correspondances les plus intenses. Gr\u00e2ce \u00e0 la thermosell\u00e9e sans coutures, ils assurent le confort et le r\u00e9glage ergonomique, permettant des mouvements dynamiques et fluides sans restrictions.<\/p>\n<h2> Caract\u00e9ristiques de cl\u00e9: <\/h2>\n<p><P style=\"padding-left: 40px\"> &#8211; Semelle Vibram avec compos\u00e9 X-Abrade traction et durabilit\u00e9 sur toutes les surfaces<br \/>\n-Molement Technologie lat\u00e9rale &#8211; Stabilit\u00e9 et s\u00e9curit\u00e9 des anciens sur les glissements de terrain lat\u00e9raux<br \/>\n-Upper avec souffle &#8211; Lightness et respirabilit\u00e9 pour garder vos pieds frais<br \/>\n-Temosellados sans coutures -Co ajustement \u00e0 l&#8217;aise et flexible sans points de pression<br \/>\n-Sitch Sole int\u00e9rieure -mureur et confort dans chaque empreinte<br \/>\n&#8211; Structure forc\u00e9ros\u00e9e thermos\u00e9ale pour une flexibilit\u00e9 et une fra\u00eecheur optimales <\/p>\n<h2> Pourquoi choisir le neurone Bullpadel Vibram 25V?<br \/>\nCes chaussures sont con\u00e7ues pour les joueurs <strong> exigeants <\/strong> \u00e0 la recherche d&#8217;un \u00e9quilibre parfait entre <strong> confort, agilit\u00e9 et r\u00e9sistance <\/strong>. Leur conception technique les rend id\u00e9aux \u00e0 la fois pour la formation <strong> et pour les comp\u00e9titions de haut niveau <\/strong>.<\/p>\n<p><strong> Si vous souhaitez am\u00e9liorer votre jeu et bouger avec la vitesse maximale sur la piste, ces bullpadel sont votre meilleur choix.<\/p>\n<p><strong> maintenant en consignation dans notre boutique en ligne &lt;a href = &quot;https:\/\/chatgpt.com\/g\/g-675432e02688191b6ee6d6f2fdbb15e-optimisation-textos\/c\/www.revolutionpadelstore.com&quot; March\u00e9.<\/p>\n<h2>Bullpadel Neuron Vibram 25V Arcilla \u2013 M\u00e1xima ligereza y rendimiento en la pista<\/h2>\n","protected":false},"excerpt":{"rendered":"<p>Le <strong> neuron bullpadel Vibram Clay <\/strong> pour les hommes est des chaussures de pagaie con\u00e7ues pour offrir des performances \u00e9lev\u00e9es sur diverses surfaces. Ils incorporent un <strong> vibram<strong>Bullpadel Neuron Vibram Arcilla<\/strong><\/p>\n","protected":false},"featured_media":171684,"comment_status":"open","ping_status":"closed","template":"","meta":{"_acf_changed":false,"_joinchat":[]},"acabado":[],"balance":[],"dureza":[],"forma":[],"jugador":[1192],"marca":[1257],"nivel-de-juego":[],"superficie":[],"tipo-de-juego":[],"product_brand":[],"product_cat":[830],"product_tag":[],"class_list":{"0":"post-171716","1":"product","2":"type-product","3":"status-publish","4":"has-post-thumbnail","6":"jugador-homme","7":"marca-bullpadel-fr","8":"product_cat-baskets","10":"first","11":"outofstock","12":"sale","13":"taxable","14":"shipping-taxable","15":"purchasable","16":"product-type-variable"},"acf":[],"yoast_head":"<!-- This site is optimized with the Yoast SEO plugin v27.4 - https:\/\/yoast.com\/product\/yoast-seo-wordpress\/ -->\n<title>BULLPADEL NEURON VIBRAM 25V ARCILLA - Revolution Padel Store<\/title>\n<meta name=\"description\" content=\"Compra las Bullpadel Neuron Vibram 25V Arcilla, zapatillas ligeras con suela Vibram para m\u00e1ximo agarre y rendimiento en p\u00e1del. \u00a1Disponible en Revolution Padel Store!\" \/>\n<meta name=\"robots\" content=\"index, follow, max-snippet:-1, max-image-preview:large, max-video-preview:-1\" \/>\n<link rel=\"canonical\" href=\"https:\/\/revolutionpadelstore.com\/fr\/produit\/bullpadel-neuron-vibram-25v-arcilla-3\/\" \/>\n<meta property=\"og:locale\" content=\"fr_FR\" \/>\n<meta property=\"og:type\" content=\"article\" \/>\n<meta property=\"og:title\" content=\"BULLPADEL NEURON VIBRAM 25V ARCILLA - Revolution Padel Store\" \/>\n<meta property=\"og:description\" content=\"Compra las Bullpadel Neuron Vibram 25V Arcilla, zapatillas ligeras con suela Vibram para m\u00e1ximo agarre y rendimiento en p\u00e1del. \u00a1Disponible en Revolution Padel Store!\" \/>\n<meta property=\"og:url\" content=\"https:\/\/revolutionpadelstore.com\/fr\/produit\/bullpadel-neuron-vibram-25v-arcilla-3\/\" \/>\n<meta property=\"og:site_name\" content=\"Revolution Padel Store\" \/>\n<meta property=\"article:modified_time\" content=\"2026-04-08T05:34:01+00:00\" \/>\n<meta property=\"og:image\" content=\"https:\/\/revolutionpadelstore.com\/wp-content\/uploads\/2025\/02\/114338-zapatillas-bullpadel-neuron-vibram-25v-cm51706000-arcilla-1200x1200-1.webp\" \/>\n\t<meta property=\"og:image:width\" content=\"1200\" \/>\n\t<meta property=\"og:image:height\" content=\"1200\" \/>\n\t<meta property=\"og:image:type\" content=\"image\/webp\" \/>\n<meta name=\"twitter:card\" content=\"summary_large_image\" \/>\n<meta name=\"twitter:label1\" content=\"Dur\u00e9e de lecture estim\u00e9e\" \/>\n\t<meta name=\"twitter:data1\" content=\"2 minutes\" \/>\n<script type=\"application\/ld+json\" class=\"yoast-schema-graph\">{\"@context\":\"https:\\\/\\\/schema.org\",\"@graph\":[{\"@type\":\"WebPage\",\"@id\":\"https:\\\/\\\/revolutionpadelstore.com\\\/fr\\\/produit\\\/bullpadel-neuron-vibram-25v-arcilla-3\\\/\",\"url\":\"https:\\\/\\\/revolutionpadelstore.com\\\/fr\\\/produit\\\/bullpadel-neuron-vibram-25v-arcilla-3\\\/\",\"name\":\"BULLPADEL NEURON VIBRAM 25V ARCILLA - Revolution Padel Store\",\"isPartOf\":{\"@id\":\"https:\\\/\\\/revolutionpadelstore.com\\\/fr\\\/#website\"},\"primaryImageOfPage\":{\"@id\":\"https:\\\/\\\/revolutionpadelstore.com\\\/fr\\\/produit\\\/bullpadel-neuron-vibram-25v-arcilla-3\\\/#primaryimage\"},\"image\":{\"@id\":\"https:\\\/\\\/revolutionpadelstore.com\\\/fr\\\/produit\\\/bullpadel-neuron-vibram-25v-arcilla-3\\\/#primaryimage\"},\"thumbnailUrl\":\"https:\\\/\\\/revolutionpadelstore.com\\\/wp-content\\\/uploads\\\/2025\\\/02\\\/114338-zapatillas-bullpadel-neuron-vibram-25v-cm51706000-arcilla-1200x1200-1.webp\",\"datePublished\":\"2025-02-18T07:34:34+00:00\",\"dateModified\":\"2026-04-08T05:34:01+00:00\",\"description\":\"Compra las Bullpadel Neuron Vibram 25V Arcilla, zapatillas ligeras con suela Vibram para m\u00e1ximo agarre y rendimiento en p\u00e1del. \u00a1Disponible en Revolution Padel Store!\",\"breadcrumb\":{\"@id\":\"https:\\\/\\\/revolutionpadelstore.com\\\/fr\\\/produit\\\/bullpadel-neuron-vibram-25v-arcilla-3\\\/#breadcrumb\"},\"inLanguage\":\"fr-FR\",\"potentialAction\":[{\"@type\":\"ReadAction\",\"target\":[\"https:\\\/\\\/revolutionpadelstore.com\\\/fr\\\/produit\\\/bullpadel-neuron-vibram-25v-arcilla-3\\\/\"]}]},{\"@type\":\"ImageObject\",\"inLanguage\":\"fr-FR\",\"@id\":\"https:\\\/\\\/revolutionpadelstore.com\\\/fr\\\/produit\\\/bullpadel-neuron-vibram-25v-arcilla-3\\\/#primaryimage\",\"url\":\"https:\\\/\\\/revolutionpadelstore.com\\\/wp-content\\\/uploads\\\/2025\\\/02\\\/114338-zapatillas-bullpadel-neuron-vibram-25v-cm51706000-arcilla-1200x1200-1.webp\",\"contentUrl\":\"https:\\\/\\\/revolutionpadelstore.com\\\/wp-content\\\/uploads\\\/2025\\\/02\\\/114338-zapatillas-bullpadel-neuron-vibram-25v-cm51706000-arcilla-1200x1200-1.webp\",\"width\":1200,\"height\":1200},{\"@type\":\"BreadcrumbList\",\"@id\":\"https:\\\/\\\/revolutionpadelstore.com\\\/fr\\\/produit\\\/bullpadel-neuron-vibram-25v-arcilla-3\\\/#breadcrumb\",\"itemListElement\":[{\"@type\":\"ListItem\",\"position\":1,\"name\":\"Portada\",\"item\":\"https:\\\/\\\/revolutionpadelstore.com\\\/fr\\\/\"},{\"@type\":\"ListItem\",\"position\":2,\"name\":\"Boutique\",\"item\":\"https:\\\/\\\/revolutionpadelstore.com\\\/fr\\\/tienda\\\/\"},{\"@type\":\"ListItem\",\"position\":3,\"name\":\"BULLPADEL NEURON VIBRAM 25V ARCILLA\"}]},{\"@type\":\"WebSite\",\"@id\":\"https:\\\/\\\/revolutionpadelstore.com\\\/fr\\\/#website\",\"url\":\"https:\\\/\\\/revolutionpadelstore.com\\\/fr\\\/\",\"name\":\"Revolution Padel Store\",\"description\":\"\",\"publisher\":{\"@id\":\"https:\\\/\\\/revolutionpadelstore.com\\\/fr\\\/#organization\"},\"potentialAction\":[{\"@type\":\"SearchAction\",\"target\":{\"@type\":\"EntryPoint\",\"urlTemplate\":\"https:\\\/\\\/revolutionpadelstore.com\\\/fr\\\/?s={search_term_string}\"},\"query-input\":{\"@type\":\"PropertyValueSpecification\",\"valueRequired\":true,\"valueName\":\"search_term_string\"}}],\"inLanguage\":\"fr-FR\"},{\"@type\":\"Organization\",\"@id\":\"https:\\\/\\\/revolutionpadelstore.com\\\/fr\\\/#organization\",\"name\":\"Revolution Padel Store\",\"url\":\"https:\\\/\\\/revolutionpadelstore.com\\\/fr\\\/\",\"logo\":{\"@type\":\"ImageObject\",\"inLanguage\":\"fr-FR\",\"@id\":\"https:\\\/\\\/revolutionpadelstore.com\\\/fr\\\/#\\\/schema\\\/logo\\\/image\\\/\",\"url\":\"https:\\\/\\\/revolutionpadelstore.com\\\/wp-content\\\/uploads\\\/2026\\\/02\\\/revolution-padel-store.jpg\",\"contentUrl\":\"https:\\\/\\\/revolutionpadelstore.com\\\/wp-content\\\/uploads\\\/2026\\\/02\\\/revolution-padel-store.jpg\",\"width\":2000,\"height\":2000,\"caption\":\"Revolution Padel Store\"},\"image\":{\"@id\":\"https:\\\/\\\/revolutionpadelstore.com\\\/fr\\\/#\\\/schema\\\/logo\\\/image\\\/\"},\"sameAs\":[\"https:\\\/\\\/www.instagram.com\\\/revolutionpadelstore\\\/\"]}]}<\/script>\n<!-- \/ Yoast SEO plugin. -->","yoast_head_json":{"title":"BULLPADEL NEURON VIBRAM 25V ARCILLA - Revolution Padel Store","description":"Compra las Bullpadel Neuron Vibram 25V Arcilla, zapatillas ligeras con suela Vibram para m\u00e1ximo agarre y rendimiento en p\u00e1del. \u00a1Disponible en Revolution Padel Store!","robots":{"index":"index","follow":"follow","max-snippet":"max-snippet:-1","max-image-preview":"max-image-preview:large","max-video-preview":"max-video-preview:-1"},"canonical":"https:\/\/revolutionpadelstore.com\/fr\/produit\/bullpadel-neuron-vibram-25v-arcilla-3\/","og_locale":"fr_FR","og_type":"article","og_title":"BULLPADEL NEURON VIBRAM 25V ARCILLA - Revolution Padel Store","og_description":"Compra las Bullpadel Neuron Vibram 25V Arcilla, zapatillas ligeras con suela Vibram para m\u00e1ximo agarre y rendimiento en p\u00e1del. \u00a1Disponible en Revolution Padel Store!","og_url":"https:\/\/revolutionpadelstore.com\/fr\/produit\/bullpadel-neuron-vibram-25v-arcilla-3\/","og_site_name":"Revolution Padel Store","article_modified_time":"2026-04-08T05:34:01+00:00","og_image":[{"width":1200,"height":1200,"url":"https:\/\/revolutionpadelstore.com\/wp-content\/uploads\/2025\/02\/114338-zapatillas-bullpadel-neuron-vibram-25v-cm51706000-arcilla-1200x1200-1.webp","type":"image\/webp"}],"twitter_card":"summary_large_image","twitter_misc":{"Dur\u00e9e de lecture estim\u00e9e":"2 minutes"},"schema":{"@context":"https:\/\/schema.org","@graph":[{"@type":"WebPage","@id":"https:\/\/revolutionpadelstore.com\/fr\/produit\/bullpadel-neuron-vibram-25v-arcilla-3\/","url":"https:\/\/revolutionpadelstore.com\/fr\/produit\/bullpadel-neuron-vibram-25v-arcilla-3\/","name":"BULLPADEL NEURON VIBRAM 25V ARCILLA - Revolution Padel Store","isPartOf":{"@id":"https:\/\/revolutionpadelstore.com\/fr\/#website"},"primaryImageOfPage":{"@id":"https:\/\/revolutionpadelstore.com\/fr\/produit\/bullpadel-neuron-vibram-25v-arcilla-3\/#primaryimage"},"image":{"@id":"https:\/\/revolutionpadelstore.com\/fr\/produit\/bullpadel-neuron-vibram-25v-arcilla-3\/#primaryimage"},"thumbnailUrl":"https:\/\/revolutionpadelstore.com\/wp-content\/uploads\/2025\/02\/114338-zapatillas-bullpadel-neuron-vibram-25v-cm51706000-arcilla-1200x1200-1.webp","datePublished":"2025-02-18T07:34:34+00:00","dateModified":"2026-04-08T05:34:01+00:00","description":"Compra las Bullpadel Neuron Vibram 25V Arcilla, zapatillas ligeras con suela Vibram para m\u00e1ximo agarre y rendimiento en p\u00e1del. \u00a1Disponible en Revolution Padel Store!","breadcrumb":{"@id":"https:\/\/revolutionpadelstore.com\/fr\/produit\/bullpadel-neuron-vibram-25v-arcilla-3\/#breadcrumb"},"inLanguage":"fr-FR","potentialAction":[{"@type":"ReadAction","target":["https:\/\/revolutionpadelstore.com\/fr\/produit\/bullpadel-neuron-vibram-25v-arcilla-3\/"]}]},{"@type":"ImageObject","inLanguage":"fr-FR","@id":"https:\/\/revolutionpadelstore.com\/fr\/produit\/bullpadel-neuron-vibram-25v-arcilla-3\/#primaryimage","url":"https:\/\/revolutionpadelstore.com\/wp-content\/uploads\/2025\/02\/114338-zapatillas-bullpadel-neuron-vibram-25v-cm51706000-arcilla-1200x1200-1.webp","contentUrl":"https:\/\/revolutionpadelstore.com\/wp-content\/uploads\/2025\/02\/114338-zapatillas-bullpadel-neuron-vibram-25v-cm51706000-arcilla-1200x1200-1.webp","width":1200,"height":1200},{"@type":"BreadcrumbList","@id":"https:\/\/revolutionpadelstore.com\/fr\/produit\/bullpadel-neuron-vibram-25v-arcilla-3\/#breadcrumb","itemListElement":[{"@type":"ListItem","position":1,"name":"Portada","item":"https:\/\/revolutionpadelstore.com\/fr\/"},{"@type":"ListItem","position":2,"name":"Boutique","item":"https:\/\/revolutionpadelstore.com\/fr\/tienda\/"},{"@type":"ListItem","position":3,"name":"BULLPADEL NEURON VIBRAM 25V ARCILLA"}]},{"@type":"WebSite","@id":"https:\/\/revolutionpadelstore.com\/fr\/#website","url":"https:\/\/revolutionpadelstore.com\/fr\/","name":"Revolution Padel Store","description":"","publisher":{"@id":"https:\/\/revolutionpadelstore.com\/fr\/#organization"},"potentialAction":[{"@type":"SearchAction","target":{"@type":"EntryPoint","urlTemplate":"https:\/\/revolutionpadelstore.com\/fr\/?s={search_term_string}"},"query-input":{"@type":"PropertyValueSpecification","valueRequired":true,"valueName":"search_term_string"}}],"inLanguage":"fr-FR"},{"@type":"Organization","@id":"https:\/\/revolutionpadelstore.com\/fr\/#organization","name":"Revolution Padel Store","url":"https:\/\/revolutionpadelstore.com\/fr\/","logo":{"@type":"ImageObject","inLanguage":"fr-FR","@id":"https:\/\/revolutionpadelstore.com\/fr\/#\/schema\/logo\/image\/","url":"https:\/\/revolutionpadelstore.com\/wp-content\/uploads\/2026\/02\/revolution-padel-store.jpg","contentUrl":"https:\/\/revolutionpadelstore.com\/wp-content\/uploads\/2026\/02\/revolution-padel-store.jpg","width":2000,"height":2000,"caption":"Revolution Padel Store"},"image":{"@id":"https:\/\/revolutionpadelstore.com\/fr\/#\/schema\/logo\/image\/"},"sameAs":["https:\/\/www.instagram.com\/revolutionpadelstore\/"]}]}},"_links":{"self":[{"href":"https:\/\/revolutionpadelstore.com\/fr\/wp-json\/wp\/v2\/product\/171716","targetHints":{"allow":["GET"]}}],"collection":[{"href":"https:\/\/revolutionpadelstore.com\/fr\/wp-json\/wp\/v2\/product"}],"about":[{"href":"https:\/\/revolutionpadelstore.com\/fr\/wp-json\/wp\/v2\/types\/product"}],"replies":[{"embeddable":true,"href":"https:\/\/revolutionpadelstore.com\/fr\/wp-json\/wp\/v2\/comments?post=171716"}],"wp:featuredmedia":[{"embeddable":true,"href":"https:\/\/revolutionpadelstore.com\/fr\/wp-json\/wp\/v2\/media\/171684"}],"wp:attachment":[{"href":"https:\/\/revolutionpadelstore.com\/fr\/wp-json\/wp\/v2\/media?parent=171716"}],"wp:term":[{"taxonomy":"acabado","embeddable":true,"href":"https:\/\/revolutionpadelstore.com\/fr\/wp-json\/wp\/v2\/acabado?post=171716"},{"taxonomy":"balance","embeddable":true,"href":"https:\/\/revolutionpadelstore.com\/fr\/wp-json\/wp\/v2\/balance?post=171716"},{"taxonomy":"dureza","embeddable":true,"href":"https:\/\/revolutionpadelstore.com\/fr\/wp-json\/wp\/v2\/dureza?post=171716"},{"taxonomy":"forma","embeddable":true,"href":"https:\/\/revolutionpadelstore.com\/fr\/wp-json\/wp\/v2\/forma?post=171716"},{"taxonomy":"jugador","embeddable":true,"href":"https:\/\/revolutionpadelstore.com\/fr\/wp-json\/wp\/v2\/jugador?post=171716"},{"taxonomy":"marca","embeddable":true,"href":"https:\/\/revolutionpadelstore.com\/fr\/wp-json\/wp\/v2\/marca?post=171716"},{"taxonomy":"nivel-de-juego","embeddable":true,"href":"https:\/\/revolutionpadelstore.com\/fr\/wp-json\/wp\/v2\/nivel-de-juego?post=171716"},{"taxonomy":"superficie","embeddable":true,"href":"https:\/\/revolutionpadelstore.com\/fr\/wp-json\/wp\/v2\/superficie?post=171716"},{"taxonomy":"tipo-de-juego","embeddable":true,"href":"https:\/\/revolutionpadelstore.com\/fr\/wp-json\/wp\/v2\/tipo-de-juego?post=171716"},{"taxonomy":"product_brand","embeddable":true,"href":"https:\/\/revolutionpadelstore.com\/fr\/wp-json\/wp\/v2\/product_brand?post=171716"},{"taxonomy":"product_cat","embeddable":true,"href":"https:\/\/revolutionpadelstore.com\/fr\/wp-json\/wp\/v2\/product_cat?post=171716"},{"taxonomy":"product_tag","embeddable":true,"href":"https:\/\/revolutionpadelstore.com\/fr\/wp-json\/wp\/v2\/product_tag?post=171716"}],"curies":[{"name":"wp","href":"https:\/\/api.w.org\/{rel}","templated":true}]}}