{"id":171548,"date":"2025-02-18T08:05:26","date_gmt":"2025-02-18T07:05:26","guid":{"rendered":"https:\/\/revolutionpadelstore.com\/bullpadel-neuron-vibram-25v-negro\/"},"modified":"2026-04-08T07:37:22","modified_gmt":"2026-04-08T05:37:22","slug":"bullpadel-neuron-vibram-25v-negro-3","status":"publish","type":"product","link":"https:\/\/revolutionpadelstore.com\/fr\/produit\/bullpadel-neuron-vibram-25v-negro-3\/","title":{"rendered":"BULLPADEL NEURON VIBRAM 25V NEGRO"},"content":{"rendered":"<p><H2> Neuron de bullpadel Vibram 25V noir &#8211; vitesse et poign\u00e9e d&#8217;\u00e9lite <\/h2>\n<p>Le Neuron <strong> Bullpadel Vibram 25V Black <\/strong> est le fonctionnaire <strong> Fede Chingotto <\/strong>, con\u00e7u pour offrir des performances maximales sur la piste. Gr\u00e2ce \u00e0 son <strong> vibram sole <\/strong>, ils fournissent une poign\u00e9e sup\u00e9rieure, id\u00e9ale pour les mouvements rapides et les changements de direction explosive. Sa construction thermique sans coutures am\u00e9liore le confort et r\u00e9duit le poids, vous permettant de jouer avec une libert\u00e9 totale.<\/p>\n<p>Si vous recherchez un l\u00e9ger, agile et excellent amortissement <\/strong> <\/strong> vibram 25v <\/strong> sont le choix parfait pour ma\u00eetriser le jeu avec une stabilit\u00e9 et un confort maximaux.<\/p>\n<h2> Caract\u00e9ristiques et technologies avanc\u00e9es <\/h2>\n<p> &#8211; VIBRAM SOLE: Traction exceptionnelle et durabilit\u00e9 sur diff\u00e9rentes surfaces.<\/p>\n<p style=\"padding-left: 40px\"> &#8211; Mouvement lat\u00e9ral: canal central dans la semelle qui am\u00e9liore l&#8217;amortissement et la stabilit\u00e9.<\/p>\n<p> -x-travail: renforcement lat\u00e9ral qui fournit une plus grande fermet\u00e9 et un contr\u00f4le de soutien.<br \/>\n<P> &#8211; Solet Shield: Protection suppl\u00e9mentaire dans les orteils et lat\u00e9rale pour une plus grande durabilit\u00e9.<br \/>\n<P> &#8211; Toedoe Toe: Renforcement en caoutchouc r\u00e9sistant \u00e0 l&#8217;abrasion.<\/p>\n<p style=\"padding-left: 40px\"> -meh technique: excellente respirabilit\u00e9 et l\u00e9g\u00e8ret\u00e9.<\/p>\n<p style=\"padding-left: 40px\"> &#8211; thermo scell\u00e9: conception transparente pour un confort et une r\u00e9sistance maximum.<\/p>\n<p style=\"padding-left: 40px\"> &#8211; ajustement ergonomique: adaptation parfaite pour un plus grand confort.<\/p>\n<p style=\"padding-left: 40px\"> &#8211; Construction l\u00e9g\u00e8re: favorise la vitesse et l&#8217;agilit\u00e9 sur la piste.<\/p>\n<p>&lt;En<br \/>\nLe <strong> neuron bullpadel vibram 25v noir <\/strong> combine l&#8217;innovation, le confort et les performances pour les joueurs les plus exigeants. Si vous recherchez des chaussures \u00e0 pagaie qui am\u00e9liorent votre vitesse et votre stabilit\u00e9, ce mod\u00e8le est votre meilleure option. Consigne maintenant et passez votre jeu au niveau sup\u00e9rieur!<\/p>\n<p><strong> Disponible dans notre boutique en ligne <a href=\"https:\/\/chatgpt.com\/g\/g-675432e02688191b6ee6d6f2fdbb15e-optimisation-textos\/c\/www.revolutionpadelstore.com\"> www.revolutionpadelstore.com Probablement au meilleur prix du march\u00e9.<\/p>\n<h3> <\/h3>\n<h2>Bullpadel Neuron Vibram 25V Negro \u2013 Velocidad y agarre de \u00e9lite<\/h2>\n","protected":false},"excerpt":{"rendered":"<p>Le <strong> neuron bullpadel Vibram 25V Black <\/strong>, utilis\u00e9 par <strong> Fede Chingotto <\/strong>, se distingue par leur conception de lumi\u00e8re, Sole <strong> Vibram <\/strong> et une technologie innovante, id\u00e9ale pour les joueurs agiles qu&#8217;ils recherchent des performances plus \u00e9lev\u00e9es sur la piste.<strong>Bullpadel Neuron Vibram 25V Negro<\/strong><\/p>\n","protected":false},"featured_media":171516,"comment_status":"open","ping_status":"closed","template":"","meta":{"_acf_changed":false,"_joinchat":[]},"acabado":[],"balance":[],"dureza":[],"forma":[],"jugador":[1192],"marca":[1257],"nivel-de-juego":[],"superficie":[],"tipo-de-juego":[],"product_brand":[],"product_cat":[830],"product_tag":[],"class_list":{"0":"post-171548","1":"product","2":"type-product","3":"status-publish","4":"has-post-thumbnail","6":"jugador-homme","7":"marca-bullpadel-fr","8":"product_cat-baskets","10":"first","11":"outofstock","12":"sale","13":"taxable","14":"shipping-taxable","15":"purchasable","16":"product-type-variable"},"acf":[],"yoast_head":"<!-- This site is optimized with the Yoast SEO plugin v27.4 - https:\/\/yoast.com\/product\/yoast-seo-wordpress\/ -->\n<title>BULLPADEL NEURON VIBRAM 25V NEGRO - Revolution Padel Store<\/title>\n<meta name=\"description\" content=\"Compra las Bullpadel Neuron Vibram 25V Negro, las zapatillas oficiales de Fede Chingotto. Ligereza, estabilidad y suela VIBRAM para m\u00e1ximo rendimiento en p\u00e1del. \u00a1Cons\u00edguelas en Revolution Padel Store!\" \/>\n<meta name=\"robots\" content=\"index, follow, max-snippet:-1, max-image-preview:large, max-video-preview:-1\" \/>\n<link rel=\"canonical\" href=\"https:\/\/revolutionpadelstore.com\/fr\/produit\/bullpadel-neuron-vibram-25v-negro-3\/\" \/>\n<meta property=\"og:locale\" content=\"fr_FR\" \/>\n<meta property=\"og:type\" content=\"article\" \/>\n<meta property=\"og:title\" content=\"BULLPADEL NEURON VIBRAM 25V NEGRO - Revolution Padel Store\" \/>\n<meta property=\"og:description\" content=\"Compra las Bullpadel Neuron Vibram 25V Negro, las zapatillas oficiales de Fede Chingotto. Ligereza, estabilidad y suela VIBRAM para m\u00e1ximo rendimiento en p\u00e1del. \u00a1Cons\u00edguelas en Revolution Padel Store!\" \/>\n<meta property=\"og:url\" content=\"https:\/\/revolutionpadelstore.com\/fr\/produit\/bullpadel-neuron-vibram-25v-negro-3\/\" \/>\n<meta property=\"og:site_name\" content=\"Revolution Padel Store\" \/>\n<meta property=\"article:modified_time\" content=\"2026-04-08T05:37:22+00:00\" \/>\n<meta property=\"og:image\" content=\"https:\/\/revolutionpadelstore.com\/wp-content\/uploads\/2025\/02\/114336-zapatillas-bullpadel-neuron-vibram-25v-cm51005000-negro-1200x1200-1.webp\" \/>\n\t<meta property=\"og:image:width\" content=\"1200\" \/>\n\t<meta property=\"og:image:height\" content=\"1200\" \/>\n\t<meta property=\"og:image:type\" content=\"image\/webp\" \/>\n<meta name=\"twitter:card\" content=\"summary_large_image\" \/>\n<meta name=\"twitter:label1\" content=\"Dur\u00e9e de lecture estim\u00e9e\" \/>\n\t<meta name=\"twitter:data1\" content=\"2 minutes\" \/>\n<script type=\"application\/ld+json\" class=\"yoast-schema-graph\">{\"@context\":\"https:\\\/\\\/schema.org\",\"@graph\":[{\"@type\":\"WebPage\",\"@id\":\"https:\\\/\\\/revolutionpadelstore.com\\\/fr\\\/produit\\\/bullpadel-neuron-vibram-25v-negro-3\\\/\",\"url\":\"https:\\\/\\\/revolutionpadelstore.com\\\/fr\\\/produit\\\/bullpadel-neuron-vibram-25v-negro-3\\\/\",\"name\":\"BULLPADEL NEURON VIBRAM 25V NEGRO - Revolution Padel Store\",\"isPartOf\":{\"@id\":\"https:\\\/\\\/revolutionpadelstore.com\\\/fr\\\/#website\"},\"primaryImageOfPage\":{\"@id\":\"https:\\\/\\\/revolutionpadelstore.com\\\/fr\\\/produit\\\/bullpadel-neuron-vibram-25v-negro-3\\\/#primaryimage\"},\"image\":{\"@id\":\"https:\\\/\\\/revolutionpadelstore.com\\\/fr\\\/produit\\\/bullpadel-neuron-vibram-25v-negro-3\\\/#primaryimage\"},\"thumbnailUrl\":\"https:\\\/\\\/revolutionpadelstore.com\\\/wp-content\\\/uploads\\\/2025\\\/02\\\/114336-zapatillas-bullpadel-neuron-vibram-25v-cm51005000-negro-1200x1200-1.webp\",\"datePublished\":\"2025-02-18T07:05:26+00:00\",\"dateModified\":\"2026-04-08T05:37:22+00:00\",\"description\":\"Compra las Bullpadel Neuron Vibram 25V Negro, las zapatillas oficiales de Fede Chingotto. Ligereza, estabilidad y suela VIBRAM para m\u00e1ximo rendimiento en p\u00e1del. \u00a1Cons\u00edguelas en Revolution Padel Store!\",\"breadcrumb\":{\"@id\":\"https:\\\/\\\/revolutionpadelstore.com\\\/fr\\\/produit\\\/bullpadel-neuron-vibram-25v-negro-3\\\/#breadcrumb\"},\"inLanguage\":\"fr-FR\",\"potentialAction\":[{\"@type\":\"ReadAction\",\"target\":[\"https:\\\/\\\/revolutionpadelstore.com\\\/fr\\\/produit\\\/bullpadel-neuron-vibram-25v-negro-3\\\/\"]}]},{\"@type\":\"ImageObject\",\"inLanguage\":\"fr-FR\",\"@id\":\"https:\\\/\\\/revolutionpadelstore.com\\\/fr\\\/produit\\\/bullpadel-neuron-vibram-25v-negro-3\\\/#primaryimage\",\"url\":\"https:\\\/\\\/revolutionpadelstore.com\\\/wp-content\\\/uploads\\\/2025\\\/02\\\/114336-zapatillas-bullpadel-neuron-vibram-25v-cm51005000-negro-1200x1200-1.webp\",\"contentUrl\":\"https:\\\/\\\/revolutionpadelstore.com\\\/wp-content\\\/uploads\\\/2025\\\/02\\\/114336-zapatillas-bullpadel-neuron-vibram-25v-cm51005000-negro-1200x1200-1.webp\",\"width\":1200,\"height\":1200},{\"@type\":\"BreadcrumbList\",\"@id\":\"https:\\\/\\\/revolutionpadelstore.com\\\/fr\\\/produit\\\/bullpadel-neuron-vibram-25v-negro-3\\\/#breadcrumb\",\"itemListElement\":[{\"@type\":\"ListItem\",\"position\":1,\"name\":\"Portada\",\"item\":\"https:\\\/\\\/revolutionpadelstore.com\\\/fr\\\/\"},{\"@type\":\"ListItem\",\"position\":2,\"name\":\"Boutique\",\"item\":\"https:\\\/\\\/revolutionpadelstore.com\\\/fr\\\/tienda\\\/\"},{\"@type\":\"ListItem\",\"position\":3,\"name\":\"BULLPADEL NEURON VIBRAM 25V NEGRO\"}]},{\"@type\":\"WebSite\",\"@id\":\"https:\\\/\\\/revolutionpadelstore.com\\\/fr\\\/#website\",\"url\":\"https:\\\/\\\/revolutionpadelstore.com\\\/fr\\\/\",\"name\":\"Revolution Padel Store\",\"description\":\"\",\"publisher\":{\"@id\":\"https:\\\/\\\/revolutionpadelstore.com\\\/fr\\\/#organization\"},\"potentialAction\":[{\"@type\":\"SearchAction\",\"target\":{\"@type\":\"EntryPoint\",\"urlTemplate\":\"https:\\\/\\\/revolutionpadelstore.com\\\/fr\\\/?s={search_term_string}\"},\"query-input\":{\"@type\":\"PropertyValueSpecification\",\"valueRequired\":true,\"valueName\":\"search_term_string\"}}],\"inLanguage\":\"fr-FR\"},{\"@type\":\"Organization\",\"@id\":\"https:\\\/\\\/revolutionpadelstore.com\\\/fr\\\/#organization\",\"name\":\"Revolution Padel Store\",\"url\":\"https:\\\/\\\/revolutionpadelstore.com\\\/fr\\\/\",\"logo\":{\"@type\":\"ImageObject\",\"inLanguage\":\"fr-FR\",\"@id\":\"https:\\\/\\\/revolutionpadelstore.com\\\/fr\\\/#\\\/schema\\\/logo\\\/image\\\/\",\"url\":\"https:\\\/\\\/revolutionpadelstore.com\\\/wp-content\\\/uploads\\\/2026\\\/02\\\/revolution-padel-store.jpg\",\"contentUrl\":\"https:\\\/\\\/revolutionpadelstore.com\\\/wp-content\\\/uploads\\\/2026\\\/02\\\/revolution-padel-store.jpg\",\"width\":2000,\"height\":2000,\"caption\":\"Revolution Padel Store\"},\"image\":{\"@id\":\"https:\\\/\\\/revolutionpadelstore.com\\\/fr\\\/#\\\/schema\\\/logo\\\/image\\\/\"},\"sameAs\":[\"https:\\\/\\\/www.instagram.com\\\/revolutionpadelstore\\\/\"]}]}<\/script>\n<!-- \/ Yoast SEO plugin. -->","yoast_head_json":{"title":"BULLPADEL NEURON VIBRAM 25V NEGRO - Revolution Padel Store","description":"Compra las Bullpadel Neuron Vibram 25V Negro, las zapatillas oficiales de Fede Chingotto. Ligereza, estabilidad y suela VIBRAM para m\u00e1ximo rendimiento en p\u00e1del. \u00a1Cons\u00edguelas en Revolution Padel Store!","robots":{"index":"index","follow":"follow","max-snippet":"max-snippet:-1","max-image-preview":"max-image-preview:large","max-video-preview":"max-video-preview:-1"},"canonical":"https:\/\/revolutionpadelstore.com\/fr\/produit\/bullpadel-neuron-vibram-25v-negro-3\/","og_locale":"fr_FR","og_type":"article","og_title":"BULLPADEL NEURON VIBRAM 25V NEGRO - Revolution Padel Store","og_description":"Compra las Bullpadel Neuron Vibram 25V Negro, las zapatillas oficiales de Fede Chingotto. Ligereza, estabilidad y suela VIBRAM para m\u00e1ximo rendimiento en p\u00e1del. \u00a1Cons\u00edguelas en Revolution Padel Store!","og_url":"https:\/\/revolutionpadelstore.com\/fr\/produit\/bullpadel-neuron-vibram-25v-negro-3\/","og_site_name":"Revolution Padel Store","article_modified_time":"2026-04-08T05:37:22+00:00","og_image":[{"width":1200,"height":1200,"url":"https:\/\/revolutionpadelstore.com\/wp-content\/uploads\/2025\/02\/114336-zapatillas-bullpadel-neuron-vibram-25v-cm51005000-negro-1200x1200-1.webp","type":"image\/webp"}],"twitter_card":"summary_large_image","twitter_misc":{"Dur\u00e9e de lecture estim\u00e9e":"2 minutes"},"schema":{"@context":"https:\/\/schema.org","@graph":[{"@type":"WebPage","@id":"https:\/\/revolutionpadelstore.com\/fr\/produit\/bullpadel-neuron-vibram-25v-negro-3\/","url":"https:\/\/revolutionpadelstore.com\/fr\/produit\/bullpadel-neuron-vibram-25v-negro-3\/","name":"BULLPADEL NEURON VIBRAM 25V NEGRO - Revolution Padel Store","isPartOf":{"@id":"https:\/\/revolutionpadelstore.com\/fr\/#website"},"primaryImageOfPage":{"@id":"https:\/\/revolutionpadelstore.com\/fr\/produit\/bullpadel-neuron-vibram-25v-negro-3\/#primaryimage"},"image":{"@id":"https:\/\/revolutionpadelstore.com\/fr\/produit\/bullpadel-neuron-vibram-25v-negro-3\/#primaryimage"},"thumbnailUrl":"https:\/\/revolutionpadelstore.com\/wp-content\/uploads\/2025\/02\/114336-zapatillas-bullpadel-neuron-vibram-25v-cm51005000-negro-1200x1200-1.webp","datePublished":"2025-02-18T07:05:26+00:00","dateModified":"2026-04-08T05:37:22+00:00","description":"Compra las Bullpadel Neuron Vibram 25V Negro, las zapatillas oficiales de Fede Chingotto. Ligereza, estabilidad y suela VIBRAM para m\u00e1ximo rendimiento en p\u00e1del. \u00a1Cons\u00edguelas en Revolution Padel Store!","breadcrumb":{"@id":"https:\/\/revolutionpadelstore.com\/fr\/produit\/bullpadel-neuron-vibram-25v-negro-3\/#breadcrumb"},"inLanguage":"fr-FR","potentialAction":[{"@type":"ReadAction","target":["https:\/\/revolutionpadelstore.com\/fr\/produit\/bullpadel-neuron-vibram-25v-negro-3\/"]}]},{"@type":"ImageObject","inLanguage":"fr-FR","@id":"https:\/\/revolutionpadelstore.com\/fr\/produit\/bullpadel-neuron-vibram-25v-negro-3\/#primaryimage","url":"https:\/\/revolutionpadelstore.com\/wp-content\/uploads\/2025\/02\/114336-zapatillas-bullpadel-neuron-vibram-25v-cm51005000-negro-1200x1200-1.webp","contentUrl":"https:\/\/revolutionpadelstore.com\/wp-content\/uploads\/2025\/02\/114336-zapatillas-bullpadel-neuron-vibram-25v-cm51005000-negro-1200x1200-1.webp","width":1200,"height":1200},{"@type":"BreadcrumbList","@id":"https:\/\/revolutionpadelstore.com\/fr\/produit\/bullpadel-neuron-vibram-25v-negro-3\/#breadcrumb","itemListElement":[{"@type":"ListItem","position":1,"name":"Portada","item":"https:\/\/revolutionpadelstore.com\/fr\/"},{"@type":"ListItem","position":2,"name":"Boutique","item":"https:\/\/revolutionpadelstore.com\/fr\/tienda\/"},{"@type":"ListItem","position":3,"name":"BULLPADEL NEURON VIBRAM 25V NEGRO"}]},{"@type":"WebSite","@id":"https:\/\/revolutionpadelstore.com\/fr\/#website","url":"https:\/\/revolutionpadelstore.com\/fr\/","name":"Revolution Padel Store","description":"","publisher":{"@id":"https:\/\/revolutionpadelstore.com\/fr\/#organization"},"potentialAction":[{"@type":"SearchAction","target":{"@type":"EntryPoint","urlTemplate":"https:\/\/revolutionpadelstore.com\/fr\/?s={search_term_string}"},"query-input":{"@type":"PropertyValueSpecification","valueRequired":true,"valueName":"search_term_string"}}],"inLanguage":"fr-FR"},{"@type":"Organization","@id":"https:\/\/revolutionpadelstore.com\/fr\/#organization","name":"Revolution Padel Store","url":"https:\/\/revolutionpadelstore.com\/fr\/","logo":{"@type":"ImageObject","inLanguage":"fr-FR","@id":"https:\/\/revolutionpadelstore.com\/fr\/#\/schema\/logo\/image\/","url":"https:\/\/revolutionpadelstore.com\/wp-content\/uploads\/2026\/02\/revolution-padel-store.jpg","contentUrl":"https:\/\/revolutionpadelstore.com\/wp-content\/uploads\/2026\/02\/revolution-padel-store.jpg","width":2000,"height":2000,"caption":"Revolution Padel Store"},"image":{"@id":"https:\/\/revolutionpadelstore.com\/fr\/#\/schema\/logo\/image\/"},"sameAs":["https:\/\/www.instagram.com\/revolutionpadelstore\/"]}]}},"_links":{"self":[{"href":"https:\/\/revolutionpadelstore.com\/fr\/wp-json\/wp\/v2\/product\/171548","targetHints":{"allow":["GET"]}}],"collection":[{"href":"https:\/\/revolutionpadelstore.com\/fr\/wp-json\/wp\/v2\/product"}],"about":[{"href":"https:\/\/revolutionpadelstore.com\/fr\/wp-json\/wp\/v2\/types\/product"}],"replies":[{"embeddable":true,"href":"https:\/\/revolutionpadelstore.com\/fr\/wp-json\/wp\/v2\/comments?post=171548"}],"wp:featuredmedia":[{"embeddable":true,"href":"https:\/\/revolutionpadelstore.com\/fr\/wp-json\/wp\/v2\/media\/171516"}],"wp:attachment":[{"href":"https:\/\/revolutionpadelstore.com\/fr\/wp-json\/wp\/v2\/media?parent=171548"}],"wp:term":[{"taxonomy":"acabado","embeddable":true,"href":"https:\/\/revolutionpadelstore.com\/fr\/wp-json\/wp\/v2\/acabado?post=171548"},{"taxonomy":"balance","embeddable":true,"href":"https:\/\/revolutionpadelstore.com\/fr\/wp-json\/wp\/v2\/balance?post=171548"},{"taxonomy":"dureza","embeddable":true,"href":"https:\/\/revolutionpadelstore.com\/fr\/wp-json\/wp\/v2\/dureza?post=171548"},{"taxonomy":"forma","embeddable":true,"href":"https:\/\/revolutionpadelstore.com\/fr\/wp-json\/wp\/v2\/forma?post=171548"},{"taxonomy":"jugador","embeddable":true,"href":"https:\/\/revolutionpadelstore.com\/fr\/wp-json\/wp\/v2\/jugador?post=171548"},{"taxonomy":"marca","embeddable":true,"href":"https:\/\/revolutionpadelstore.com\/fr\/wp-json\/wp\/v2\/marca?post=171548"},{"taxonomy":"nivel-de-juego","embeddable":true,"href":"https:\/\/revolutionpadelstore.com\/fr\/wp-json\/wp\/v2\/nivel-de-juego?post=171548"},{"taxonomy":"superficie","embeddable":true,"href":"https:\/\/revolutionpadelstore.com\/fr\/wp-json\/wp\/v2\/superficie?post=171548"},{"taxonomy":"tipo-de-juego","embeddable":true,"href":"https:\/\/revolutionpadelstore.com\/fr\/wp-json\/wp\/v2\/tipo-de-juego?post=171548"},{"taxonomy":"product_brand","embeddable":true,"href":"https:\/\/revolutionpadelstore.com\/fr\/wp-json\/wp\/v2\/product_brand?post=171548"},{"taxonomy":"product_cat","embeddable":true,"href":"https:\/\/revolutionpadelstore.com\/fr\/wp-json\/wp\/v2\/product_cat?post=171548"},{"taxonomy":"product_tag","embeddable":true,"href":"https:\/\/revolutionpadelstore.com\/fr\/wp-json\/wp\/v2\/product_tag?post=171548"}],"curies":[{"name":"wp","href":"https:\/\/api.w.org\/{rel}","templated":true}]}}