{"id":171463,"date":"2025-02-17T23:38:10","date_gmt":"2025-02-17T22:38:10","guid":{"rendered":"https:\/\/revolutionpadelstore.com\/bullpadel-vertex-vibram-25v-amarillo\/"},"modified":"2026-04-08T07:38:59","modified_gmt":"2026-04-08T05:38:59","slug":"bullpadel-vertex-vibram-25v-amarillo-3","status":"publish","type":"product","link":"https:\/\/revolutionpadelstore.com\/fr\/produit\/bullpadel-vertex-vibram-25v-amarillo-3\/","title":{"rendered":"BULLPADEL VERTEX VIBRAM 25V AMARILLO"},"content":{"rendered":"<h2> <strong> Bullpadel vertex vibram 25v jaune &#8211; stabilit\u00e9 maximale et poign\u00e9e de piste <\/strong> <\/h2>\n<p>Le <strong> Bullpadel Vertex Vibram 25V <\/strong> en jaune est con\u00e7u pour exiger les joueurs \u00e0 la recherche de <strong> stabilit\u00e9, traction et durabilit\u00e9 <\/strong> dans chaque jeu. Gr\u00e2ce \u00e0 sa semelle Vibram avec un compos\u00e9 X-Abrade, ces chaussures offrent une adh\u00e9rence exceptionnelle et une r\u00e9sistance sup\u00e9rieure, parfaite pour les d\u00e9placements rapides et les changements de direction intenses.<\/p>\n<p>De plus, ils ont la technologie innovante <strong> catapulte <\/strong>, un syst\u00e8me \u00e0 impulsion dynamique <strong> <\/strong> qui am\u00e9liore la puissance des sauts et des mouvements explosifs. Votre <strong> conception transparente therm scell\u00e9e <\/strong> r\u00e9duit le poids et augmente la flexibilit\u00e9, garantissant un plus grand confort tout au long du jeu.<\/p>\n<p>Inspir\u00e9 par le jeu du <strong> juan tello <\/strong> professionnel, le <strong> vertex bullpadel vibram 25v <\/strong> est le choix parfait pour les joueurs \u00e0 la recherche de performances et de protection sur la piste.<\/p>\n<h2> <strong> Caract\u00e9ristiques et technologies avanc\u00e9es <\/strong> <\/h2>\n<p>-Vibram x-abrade: traction maximale et durabilit\u00e9 sur n&#8217;importe quelle surface.<br \/>\n-Le mouvement: am\u00e9liore l&#8217;amorti et la stabilit\u00e9 du talon.<br \/>\n-Thermo Seaed: Design sans couture qui r\u00e9duit le poids et am\u00e9liore la flexibilit\u00e9.<br \/>\n-Sitch Sole int\u00e9rieure: mod\u00e8le EVA renforc\u00e9 pour un plus grand confort.<br \/>\n-X-travail: aileron lat\u00e9ral qui offre une stabilit\u00e9 suppl\u00e9mentaire.<br \/>\n-2dens: Entresela \u00e0 double densit\u00e9 pour absorber les impacts.<br \/>\n-Catapult: Syst\u00e8me d&#8217;impulsion dynamique pour une plus grande puissance dans les sauts.<br \/>\n-Enceau de caoutchouc excit\u00e9: protection lat\u00e9rale sans coutures pour une plus grande r\u00e9sistance.<br \/>\n&lt;Il<br \/>\nSi vous recherchez <strong> des chaussures haute performance <\/strong> qui vous offrent <strong> la s\u00e9curit\u00e9, le confort et la stabilit\u00e9 <\/strong>, le <strong> Bullpadel vertex vibram 25v <\/strong> sont votre meilleure option. &gt; Maintenant consult\u00e9 dans notre boutique en ligne <a href=\"https:\/\/www.revolutionpadelstore.com\/\"> www.revolutionpadelstore.com <\/a> et profitez du meilleur prix du march\u00e9.<\/p>\n<h2><strong>Bullpadel Vertex Vibram 25V Amarillo \u2013 M\u00e1xima estabilidad y agarre en pista<\/strong><\/p>\n","protected":false},"excerpt":{"rendered":"<p>Le sommet Vibram 25V en jaune en bulre Ils sont \u00e9quip\u00e9s d&#8217;une semelle hybride Vibram, incorporant le mouvement et les technologies lat\u00e9rales X-Trabase, qui fournissent des performances exceptionnelles dans diff\u00e9rents types de surface.<\/p>\n","protected":false},"featured_media":171431,"comment_status":"open","ping_status":"closed","template":"","meta":{"_acf_changed":false,"_joinchat":[]},"acabado":[],"balance":[],"dureza":[],"forma":[],"jugador":[1192],"marca":[1257],"nivel-de-juego":[],"superficie":[],"tipo-de-juego":[],"product_brand":[],"product_cat":[830],"product_tag":[],"class_list":{"0":"post-171463","1":"product","2":"type-product","3":"status-publish","4":"has-post-thumbnail","6":"jugador-homme","7":"marca-bullpadel-fr","8":"product_cat-baskets","10":"first","11":"outofstock","12":"sale","13":"taxable","14":"shipping-taxable","15":"purchasable","16":"product-type-variable"},"acf":[],"yoast_head":"<!-- This site is optimized with the Yoast SEO plugin v27.4 - https:\/\/yoast.com\/product\/yoast-seo-wordpress\/ -->\n<title>BULLPADEL VERTEX VIBRAM 25V AMARILLO - Revolution Padel Store<\/title>\n<meta name=\"description\" content=\"Si buscas unas zapatillas de\u00a0alto rendimiento\u00a0que te ofrezcan\u00a0seguridad, confort y estabilidad, las\u00a0Bullpadel Vertex Vibram 25V\u00a0son tu mejor opci\u00f3n.Cons\u00edguelas ahora en nuestra tienda online\u00a0www.revolutionpadelstore.com\u00a0y disfruta del mejor precio del mercado.\" \/>\n<meta name=\"robots\" content=\"index, follow, max-snippet:-1, max-image-preview:large, max-video-preview:-1\" \/>\n<link rel=\"canonical\" href=\"https:\/\/revolutionpadelstore.com\/fr\/produit\/bullpadel-vertex-vibram-25v-amarillo-3\/\" \/>\n<meta property=\"og:locale\" content=\"fr_FR\" \/>\n<meta property=\"og:type\" content=\"article\" \/>\n<meta property=\"og:title\" content=\"BULLPADEL VERTEX VIBRAM 25V AMARILLO - Revolution Padel Store\" \/>\n<meta property=\"og:description\" content=\"Si buscas unas zapatillas de\u00a0alto rendimiento\u00a0que te ofrezcan\u00a0seguridad, confort y estabilidad, las\u00a0Bullpadel Vertex Vibram 25V\u00a0son tu mejor opci\u00f3n.Cons\u00edguelas ahora en nuestra tienda online\u00a0www.revolutionpadelstore.com\u00a0y disfruta del mejor precio del mercado.\" \/>\n<meta property=\"og:url\" content=\"https:\/\/revolutionpadelstore.com\/fr\/produit\/bullpadel-vertex-vibram-25v-amarillo-3\/\" \/>\n<meta property=\"og:site_name\" content=\"Revolution Padel Store\" \/>\n<meta property=\"article:modified_time\" content=\"2026-04-08T05:38:59+00:00\" \/>\n<meta property=\"og:image\" content=\"https:\/\/revolutionpadelstore.com\/wp-content\/uploads\/2025\/02\/114348-zapatillas-bullpadel-vertex-vibram-25v-cm50023000-amarillo-1200x1200-1.webp\" \/>\n\t<meta property=\"og:image:width\" content=\"1200\" \/>\n\t<meta property=\"og:image:height\" content=\"1200\" \/>\n\t<meta property=\"og:image:type\" content=\"image\/webp\" \/>\n<meta name=\"twitter:card\" content=\"summary_large_image\" \/>\n<meta name=\"twitter:label1\" content=\"Dur\u00e9e de lecture estim\u00e9e\" \/>\n\t<meta name=\"twitter:data1\" content=\"2 minutes\" \/>\n<script type=\"application\/ld+json\" class=\"yoast-schema-graph\">{\"@context\":\"https:\\\/\\\/schema.org\",\"@graph\":[{\"@type\":\"WebPage\",\"@id\":\"https:\\\/\\\/revolutionpadelstore.com\\\/fr\\\/produit\\\/bullpadel-vertex-vibram-25v-amarillo-3\\\/\",\"url\":\"https:\\\/\\\/revolutionpadelstore.com\\\/fr\\\/produit\\\/bullpadel-vertex-vibram-25v-amarillo-3\\\/\",\"name\":\"BULLPADEL VERTEX VIBRAM 25V AMARILLO - Revolution Padel Store\",\"isPartOf\":{\"@id\":\"https:\\\/\\\/revolutionpadelstore.com\\\/fr\\\/#website\"},\"primaryImageOfPage\":{\"@id\":\"https:\\\/\\\/revolutionpadelstore.com\\\/fr\\\/produit\\\/bullpadel-vertex-vibram-25v-amarillo-3\\\/#primaryimage\"},\"image\":{\"@id\":\"https:\\\/\\\/revolutionpadelstore.com\\\/fr\\\/produit\\\/bullpadel-vertex-vibram-25v-amarillo-3\\\/#primaryimage\"},\"thumbnailUrl\":\"https:\\\/\\\/revolutionpadelstore.com\\\/wp-content\\\/uploads\\\/2025\\\/02\\\/114348-zapatillas-bullpadel-vertex-vibram-25v-cm50023000-amarillo-1200x1200-1.webp\",\"datePublished\":\"2025-02-17T22:38:10+00:00\",\"dateModified\":\"2026-04-08T05:38:59+00:00\",\"description\":\"Si buscas unas zapatillas de\u00a0alto rendimiento\u00a0que te ofrezcan\u00a0seguridad, confort y estabilidad, las\u00a0Bullpadel Vertex Vibram 25V\u00a0son tu mejor opci\u00f3n.Cons\u00edguelas ahora en nuestra tienda online\u00a0www.revolutionpadelstore.com\u00a0y disfruta del mejor precio del mercado.\",\"breadcrumb\":{\"@id\":\"https:\\\/\\\/revolutionpadelstore.com\\\/fr\\\/produit\\\/bullpadel-vertex-vibram-25v-amarillo-3\\\/#breadcrumb\"},\"inLanguage\":\"fr-FR\",\"potentialAction\":[{\"@type\":\"ReadAction\",\"target\":[\"https:\\\/\\\/revolutionpadelstore.com\\\/fr\\\/produit\\\/bullpadel-vertex-vibram-25v-amarillo-3\\\/\"]}]},{\"@type\":\"ImageObject\",\"inLanguage\":\"fr-FR\",\"@id\":\"https:\\\/\\\/revolutionpadelstore.com\\\/fr\\\/produit\\\/bullpadel-vertex-vibram-25v-amarillo-3\\\/#primaryimage\",\"url\":\"https:\\\/\\\/revolutionpadelstore.com\\\/wp-content\\\/uploads\\\/2025\\\/02\\\/114348-zapatillas-bullpadel-vertex-vibram-25v-cm50023000-amarillo-1200x1200-1.webp\",\"contentUrl\":\"https:\\\/\\\/revolutionpadelstore.com\\\/wp-content\\\/uploads\\\/2025\\\/02\\\/114348-zapatillas-bullpadel-vertex-vibram-25v-cm50023000-amarillo-1200x1200-1.webp\",\"width\":1200,\"height\":1200},{\"@type\":\"BreadcrumbList\",\"@id\":\"https:\\\/\\\/revolutionpadelstore.com\\\/fr\\\/produit\\\/bullpadel-vertex-vibram-25v-amarillo-3\\\/#breadcrumb\",\"itemListElement\":[{\"@type\":\"ListItem\",\"position\":1,\"name\":\"Portada\",\"item\":\"https:\\\/\\\/revolutionpadelstore.com\\\/fr\\\/\"},{\"@type\":\"ListItem\",\"position\":2,\"name\":\"Boutique\",\"item\":\"https:\\\/\\\/revolutionpadelstore.com\\\/fr\\\/tienda\\\/\"},{\"@type\":\"ListItem\",\"position\":3,\"name\":\"BULLPADEL VERTEX VIBRAM 25V AMARILLO\"}]},{\"@type\":\"WebSite\",\"@id\":\"https:\\\/\\\/revolutionpadelstore.com\\\/fr\\\/#website\",\"url\":\"https:\\\/\\\/revolutionpadelstore.com\\\/fr\\\/\",\"name\":\"Revolution Padel Store\",\"description\":\"\",\"publisher\":{\"@id\":\"https:\\\/\\\/revolutionpadelstore.com\\\/fr\\\/#organization\"},\"potentialAction\":[{\"@type\":\"SearchAction\",\"target\":{\"@type\":\"EntryPoint\",\"urlTemplate\":\"https:\\\/\\\/revolutionpadelstore.com\\\/fr\\\/?s={search_term_string}\"},\"query-input\":{\"@type\":\"PropertyValueSpecification\",\"valueRequired\":true,\"valueName\":\"search_term_string\"}}],\"inLanguage\":\"fr-FR\"},{\"@type\":\"Organization\",\"@id\":\"https:\\\/\\\/revolutionpadelstore.com\\\/fr\\\/#organization\",\"name\":\"Revolution Padel Store\",\"url\":\"https:\\\/\\\/revolutionpadelstore.com\\\/fr\\\/\",\"logo\":{\"@type\":\"ImageObject\",\"inLanguage\":\"fr-FR\",\"@id\":\"https:\\\/\\\/revolutionpadelstore.com\\\/fr\\\/#\\\/schema\\\/logo\\\/image\\\/\",\"url\":\"https:\\\/\\\/revolutionpadelstore.com\\\/wp-content\\\/uploads\\\/2026\\\/02\\\/revolution-padel-store.jpg\",\"contentUrl\":\"https:\\\/\\\/revolutionpadelstore.com\\\/wp-content\\\/uploads\\\/2026\\\/02\\\/revolution-padel-store.jpg\",\"width\":2000,\"height\":2000,\"caption\":\"Revolution Padel Store\"},\"image\":{\"@id\":\"https:\\\/\\\/revolutionpadelstore.com\\\/fr\\\/#\\\/schema\\\/logo\\\/image\\\/\"},\"sameAs\":[\"https:\\\/\\\/www.instagram.com\\\/revolutionpadelstore\\\/\"]}]}<\/script>\n<!-- \/ Yoast SEO plugin. -->","yoast_head_json":{"title":"BULLPADEL VERTEX VIBRAM 25V AMARILLO - Revolution Padel Store","description":"Si buscas unas zapatillas de\u00a0alto rendimiento\u00a0que te ofrezcan\u00a0seguridad, confort y estabilidad, las\u00a0Bullpadel Vertex Vibram 25V\u00a0son tu mejor opci\u00f3n.Cons\u00edguelas ahora en nuestra tienda online\u00a0www.revolutionpadelstore.com\u00a0y disfruta del mejor precio del mercado.","robots":{"index":"index","follow":"follow","max-snippet":"max-snippet:-1","max-image-preview":"max-image-preview:large","max-video-preview":"max-video-preview:-1"},"canonical":"https:\/\/revolutionpadelstore.com\/fr\/produit\/bullpadel-vertex-vibram-25v-amarillo-3\/","og_locale":"fr_FR","og_type":"article","og_title":"BULLPADEL VERTEX VIBRAM 25V AMARILLO - Revolution Padel Store","og_description":"Si buscas unas zapatillas de\u00a0alto rendimiento\u00a0que te ofrezcan\u00a0seguridad, confort y estabilidad, las\u00a0Bullpadel Vertex Vibram 25V\u00a0son tu mejor opci\u00f3n.Cons\u00edguelas ahora en nuestra tienda online\u00a0www.revolutionpadelstore.com\u00a0y disfruta del mejor precio del mercado.","og_url":"https:\/\/revolutionpadelstore.com\/fr\/produit\/bullpadel-vertex-vibram-25v-amarillo-3\/","og_site_name":"Revolution Padel Store","article_modified_time":"2026-04-08T05:38:59+00:00","og_image":[{"width":1200,"height":1200,"url":"https:\/\/revolutionpadelstore.com\/wp-content\/uploads\/2025\/02\/114348-zapatillas-bullpadel-vertex-vibram-25v-cm50023000-amarillo-1200x1200-1.webp","type":"image\/webp"}],"twitter_card":"summary_large_image","twitter_misc":{"Dur\u00e9e de lecture estim\u00e9e":"2 minutes"},"schema":{"@context":"https:\/\/schema.org","@graph":[{"@type":"WebPage","@id":"https:\/\/revolutionpadelstore.com\/fr\/produit\/bullpadel-vertex-vibram-25v-amarillo-3\/","url":"https:\/\/revolutionpadelstore.com\/fr\/produit\/bullpadel-vertex-vibram-25v-amarillo-3\/","name":"BULLPADEL VERTEX VIBRAM 25V AMARILLO - Revolution Padel Store","isPartOf":{"@id":"https:\/\/revolutionpadelstore.com\/fr\/#website"},"primaryImageOfPage":{"@id":"https:\/\/revolutionpadelstore.com\/fr\/produit\/bullpadel-vertex-vibram-25v-amarillo-3\/#primaryimage"},"image":{"@id":"https:\/\/revolutionpadelstore.com\/fr\/produit\/bullpadel-vertex-vibram-25v-amarillo-3\/#primaryimage"},"thumbnailUrl":"https:\/\/revolutionpadelstore.com\/wp-content\/uploads\/2025\/02\/114348-zapatillas-bullpadel-vertex-vibram-25v-cm50023000-amarillo-1200x1200-1.webp","datePublished":"2025-02-17T22:38:10+00:00","dateModified":"2026-04-08T05:38:59+00:00","description":"Si buscas unas zapatillas de\u00a0alto rendimiento\u00a0que te ofrezcan\u00a0seguridad, confort y estabilidad, las\u00a0Bullpadel Vertex Vibram 25V\u00a0son tu mejor opci\u00f3n.Cons\u00edguelas ahora en nuestra tienda online\u00a0www.revolutionpadelstore.com\u00a0y disfruta del mejor precio del mercado.","breadcrumb":{"@id":"https:\/\/revolutionpadelstore.com\/fr\/produit\/bullpadel-vertex-vibram-25v-amarillo-3\/#breadcrumb"},"inLanguage":"fr-FR","potentialAction":[{"@type":"ReadAction","target":["https:\/\/revolutionpadelstore.com\/fr\/produit\/bullpadel-vertex-vibram-25v-amarillo-3\/"]}]},{"@type":"ImageObject","inLanguage":"fr-FR","@id":"https:\/\/revolutionpadelstore.com\/fr\/produit\/bullpadel-vertex-vibram-25v-amarillo-3\/#primaryimage","url":"https:\/\/revolutionpadelstore.com\/wp-content\/uploads\/2025\/02\/114348-zapatillas-bullpadel-vertex-vibram-25v-cm50023000-amarillo-1200x1200-1.webp","contentUrl":"https:\/\/revolutionpadelstore.com\/wp-content\/uploads\/2025\/02\/114348-zapatillas-bullpadel-vertex-vibram-25v-cm50023000-amarillo-1200x1200-1.webp","width":1200,"height":1200},{"@type":"BreadcrumbList","@id":"https:\/\/revolutionpadelstore.com\/fr\/produit\/bullpadel-vertex-vibram-25v-amarillo-3\/#breadcrumb","itemListElement":[{"@type":"ListItem","position":1,"name":"Portada","item":"https:\/\/revolutionpadelstore.com\/fr\/"},{"@type":"ListItem","position":2,"name":"Boutique","item":"https:\/\/revolutionpadelstore.com\/fr\/tienda\/"},{"@type":"ListItem","position":3,"name":"BULLPADEL VERTEX VIBRAM 25V AMARILLO"}]},{"@type":"WebSite","@id":"https:\/\/revolutionpadelstore.com\/fr\/#website","url":"https:\/\/revolutionpadelstore.com\/fr\/","name":"Revolution Padel Store","description":"","publisher":{"@id":"https:\/\/revolutionpadelstore.com\/fr\/#organization"},"potentialAction":[{"@type":"SearchAction","target":{"@type":"EntryPoint","urlTemplate":"https:\/\/revolutionpadelstore.com\/fr\/?s={search_term_string}"},"query-input":{"@type":"PropertyValueSpecification","valueRequired":true,"valueName":"search_term_string"}}],"inLanguage":"fr-FR"},{"@type":"Organization","@id":"https:\/\/revolutionpadelstore.com\/fr\/#organization","name":"Revolution Padel Store","url":"https:\/\/revolutionpadelstore.com\/fr\/","logo":{"@type":"ImageObject","inLanguage":"fr-FR","@id":"https:\/\/revolutionpadelstore.com\/fr\/#\/schema\/logo\/image\/","url":"https:\/\/revolutionpadelstore.com\/wp-content\/uploads\/2026\/02\/revolution-padel-store.jpg","contentUrl":"https:\/\/revolutionpadelstore.com\/wp-content\/uploads\/2026\/02\/revolution-padel-store.jpg","width":2000,"height":2000,"caption":"Revolution Padel Store"},"image":{"@id":"https:\/\/revolutionpadelstore.com\/fr\/#\/schema\/logo\/image\/"},"sameAs":["https:\/\/www.instagram.com\/revolutionpadelstore\/"]}]}},"_links":{"self":[{"href":"https:\/\/revolutionpadelstore.com\/fr\/wp-json\/wp\/v2\/product\/171463","targetHints":{"allow":["GET"]}}],"collection":[{"href":"https:\/\/revolutionpadelstore.com\/fr\/wp-json\/wp\/v2\/product"}],"about":[{"href":"https:\/\/revolutionpadelstore.com\/fr\/wp-json\/wp\/v2\/types\/product"}],"replies":[{"embeddable":true,"href":"https:\/\/revolutionpadelstore.com\/fr\/wp-json\/wp\/v2\/comments?post=171463"}],"wp:featuredmedia":[{"embeddable":true,"href":"https:\/\/revolutionpadelstore.com\/fr\/wp-json\/wp\/v2\/media\/171431"}],"wp:attachment":[{"href":"https:\/\/revolutionpadelstore.com\/fr\/wp-json\/wp\/v2\/media?parent=171463"}],"wp:term":[{"taxonomy":"acabado","embeddable":true,"href":"https:\/\/revolutionpadelstore.com\/fr\/wp-json\/wp\/v2\/acabado?post=171463"},{"taxonomy":"balance","embeddable":true,"href":"https:\/\/revolutionpadelstore.com\/fr\/wp-json\/wp\/v2\/balance?post=171463"},{"taxonomy":"dureza","embeddable":true,"href":"https:\/\/revolutionpadelstore.com\/fr\/wp-json\/wp\/v2\/dureza?post=171463"},{"taxonomy":"forma","embeddable":true,"href":"https:\/\/revolutionpadelstore.com\/fr\/wp-json\/wp\/v2\/forma?post=171463"},{"taxonomy":"jugador","embeddable":true,"href":"https:\/\/revolutionpadelstore.com\/fr\/wp-json\/wp\/v2\/jugador?post=171463"},{"taxonomy":"marca","embeddable":true,"href":"https:\/\/revolutionpadelstore.com\/fr\/wp-json\/wp\/v2\/marca?post=171463"},{"taxonomy":"nivel-de-juego","embeddable":true,"href":"https:\/\/revolutionpadelstore.com\/fr\/wp-json\/wp\/v2\/nivel-de-juego?post=171463"},{"taxonomy":"superficie","embeddable":true,"href":"https:\/\/revolutionpadelstore.com\/fr\/wp-json\/wp\/v2\/superficie?post=171463"},{"taxonomy":"tipo-de-juego","embeddable":true,"href":"https:\/\/revolutionpadelstore.com\/fr\/wp-json\/wp\/v2\/tipo-de-juego?post=171463"},{"taxonomy":"product_brand","embeddable":true,"href":"https:\/\/revolutionpadelstore.com\/fr\/wp-json\/wp\/v2\/product_brand?post=171463"},{"taxonomy":"product_cat","embeddable":true,"href":"https:\/\/revolutionpadelstore.com\/fr\/wp-json\/wp\/v2\/product_cat?post=171463"},{"taxonomy":"product_tag","embeddable":true,"href":"https:\/\/revolutionpadelstore.com\/fr\/wp-json\/wp\/v2\/product_tag?post=171463"}],"curies":[{"name":"wp","href":"https:\/\/api.w.org\/{rel}","templated":true}]}}