{"id":171330,"date":"2025-02-17T23:05:07","date_gmt":"2025-02-17T22:05:07","guid":{"rendered":"https:\/\/revolutionpadelstore.com\/head-coello-vibe\/"},"modified":"2026-04-08T07:42:30","modified_gmt":"2026-04-08T05:42:30","slug":"head-coello-vibe-3","status":"publish","type":"product","link":"https:\/\/revolutionpadelstore.com\/fr\/produit\/head-coello-vibe-3\/","title":{"rendered":"HEAD COELLO VIBE"},"content":{"rendered":"<p>&lt;Il<br \/>\nCon\u00e7u en collaboration avec le <strong> roi Arturo <\/strong>, la <strong> chef Coello Vibe 2025 <\/strong> est la pelle parfaite pour les d\u00e9butants et les joueurs occasionnels qui recherchent un pouvoir contr\u00f4l\u00e9, un confort et un point doux plus large. Sa conception exclusive, avec des d\u00e9tails tels que la firme d&#8217;Arturo Coello et un logo de la Crown, en fait une option irr\u00e9sistible pour les abonn\u00e9s du num\u00e9ro 1 mondial.<\/p>\n<h2> <strong> Caract\u00e9ristiques exceptionnelles de la t\u00eate coello vibe 2025 <\/strong> <\/h2>\n<p style=\"padding-left: 40px\"> &#8211; puissance facile et contr\u00f4l\u00e9e: sa forme de d\u00e9chirure extragranden offre une plus grande tol\u00e9rance et flexibilit\u00e9 dans chaque coup.<br \/>\n-Peso optimis\u00e9 pour une plus grande puissance: plus lourde que les autres mod\u00e8les d&#8217;ambiance, ce qui permet d&#8217;imprimer plus de force sans perdre la gestion.<br \/>\n&#8211; Superficie de la course en fibre de verre: il offre une plus grande rigidit\u00e9 et stabilit\u00e9, combinant le contr\u00f4le et la puissance de mani\u00e8re \u00e9quilibr\u00e9e.<br \/>\n-Spema Power Foam: Mat\u00e9riau de r\u00e9activit\u00e9 \u00e9lev\u00e9e qui am\u00e9liore la sortie de la balle et am\u00e9liore la sensation dans le coup.<br \/>\n&#8211; Protecteur du syst\u00e8me d&#8217;intervalle: plus grande durabilit\u00e9 et r\u00e9sistance aux impacts et \u00e0 l&#8217;usure.<br \/>\n-M\u00e9r\u00e9\u00f1o exclusif d&#8217;Arturo Coello: finition lumineuse avec des d\u00e9tails uniques, tels que sa signature et un logo de la Couronne, mettant en \u00e9vidence son style professionnel.<\/p>\n<h2> <strong> Qui est la t\u00eate Coello Vibe 2025? <\/strong> <\/h2>\n<p>Si vous \u00eates un joueur occasionnel ou d\u00e9butant et que vous cherchez une pelle qui vous aide \u00e0 am\u00e9liorer votre jeu avec un plus grand contr\u00f4le, puissance et stabilit\u00e9, Coello Vibe 2025 est votre meilleur choix. Sa combinaison de fibre de verre, de mousse de mousse \u00e9lectrique et de conception d&#8217;extragrande garantit un jeu confortable et efficace du premier coup.<\/p>\n<p><strong> Obtenez la t\u00eate coello vibe 2025 maintenant dans notre boutique en ligne <a href=\"https:\/\/chatgpt.com\/g\/g-675432e026888191b6ee6d6f2fdbb15e-otimisation-textos\/c\/www.revolutionpadelstore.com\"> r\u00e9volution Store <\/a>, probablement au meilleur prix du march\u00e9! <\/strong><\/p>\n","protected":false},"excerpt":{"rendered":"<p>La Paddle Phel <strong> Head Coello Vibe 2025 <\/strong>, qui fait partie de la collection Arturo Coello, est con\u00e7ue pour fournir une facilit\u00e9 de puissance et un grand point sucr\u00e9, id\u00e9al pour les joueurs d\u00e9butants et occasionnels.<strong>Head Coello Vibe 2025<\/strong><\/p>\n","protected":false},"featured_media":171301,"comment_status":"open","ping_status":"closed","template":"","meta":{"_acf_changed":false,"_joinchat":[]},"acabado":[1082],"balance":[1142],"dureza":[1152,1157],"forma":[1187],"jugador":[1192,1202],"marca":[1222],"nivel-de-juego":[1342,1352],"superficie":[1357],"tipo-de-juego":[1387],"product_brand":[],"product_cat":[302],"product_tag":[],"class_list":{"0":"post-171330","1":"product","2":"type-product","3":"status-publish","4":"has-post-thumbnail","6":"acabado-luminosite","7":"balance-moyen","8":"dureza-blanda-fr","9":"dureza-media-fr","10":"forma-lagrima-fr","11":"jugador-homme","12":"jugador-polivalente-fr","13":"marca-tete","14":"superficie-lise","15":"tipo-de-juego-polivalente-fr","16":"product_cat-palas-de-padel-fr","18":"first","19":"instock","20":"sale","21":"taxable","22":"shipping-taxable","23":"purchasable","24":"product-type-simple"},"acf":[],"yoast_head":"<!-- This site is optimized with the Yoast SEO plugin v27.4 - https:\/\/yoast.com\/product\/yoast-seo-wordpress\/ -->\n<title>HEAD COELLO VIBE - Revolution Padel Store<\/title>\n<meta name=\"description\" content=\"Descubre la HEAD Coello Vibe 2025, la pala dise\u00f1ada con el n\u00famero 1 del mundo. Ideal para principiantes y jugadores ocasionales, con potencia controlada y un punto dulce amplio. \u00a1C\u00f3mprala en Revolution Padel Store!\" \/>\n<meta name=\"robots\" content=\"index, follow, max-snippet:-1, max-image-preview:large, max-video-preview:-1\" \/>\n<link rel=\"canonical\" href=\"https:\/\/revolutionpadelstore.com\/fr\/produit\/head-coello-vibe-3\/\" \/>\n<meta property=\"og:locale\" content=\"fr_FR\" \/>\n<meta property=\"og:type\" content=\"article\" \/>\n<meta property=\"og:title\" content=\"HEAD COELLO VIBE - Revolution Padel Store\" \/>\n<meta property=\"og:description\" content=\"Descubre la HEAD Coello Vibe 2025, la pala dise\u00f1ada con el n\u00famero 1 del mundo. Ideal para principiantes y jugadores ocasionales, con potencia controlada y un punto dulce amplio. \u00a1C\u00f3mprala en Revolution Padel Store!\" \/>\n<meta property=\"og:url\" content=\"https:\/\/revolutionpadelstore.com\/fr\/produit\/head-coello-vibe-3\/\" \/>\n<meta property=\"og:site_name\" content=\"Revolution Padel Store\" \/>\n<meta property=\"article:modified_time\" content=\"2026-04-08T05:42:30+00:00\" \/>\n<meta property=\"og:image\" content=\"https:\/\/revolutionpadelstore.com\/wp-content\/uploads\/2025\/02\/coello-vibe-2025-1.png\" \/>\n\t<meta property=\"og:image:width\" content=\"1200\" \/>\n\t<meta property=\"og:image:height\" content=\"1200\" \/>\n\t<meta property=\"og:image:type\" content=\"image\/png\" \/>\n<meta name=\"twitter:card\" content=\"summary_large_image\" \/>\n<meta name=\"twitter:label1\" content=\"Dur\u00e9e de lecture estim\u00e9e\" \/>\n\t<meta name=\"twitter:data1\" content=\"2 minutes\" \/>\n<script type=\"application\/ld+json\" class=\"yoast-schema-graph\">{\"@context\":\"https:\\\/\\\/schema.org\",\"@graph\":[{\"@type\":\"WebPage\",\"@id\":\"https:\\\/\\\/revolutionpadelstore.com\\\/fr\\\/produit\\\/head-coello-vibe-3\\\/\",\"url\":\"https:\\\/\\\/revolutionpadelstore.com\\\/fr\\\/produit\\\/head-coello-vibe-3\\\/\",\"name\":\"HEAD COELLO VIBE - Revolution Padel Store\",\"isPartOf\":{\"@id\":\"https:\\\/\\\/revolutionpadelstore.com\\\/fr\\\/#website\"},\"primaryImageOfPage\":{\"@id\":\"https:\\\/\\\/revolutionpadelstore.com\\\/fr\\\/produit\\\/head-coello-vibe-3\\\/#primaryimage\"},\"image\":{\"@id\":\"https:\\\/\\\/revolutionpadelstore.com\\\/fr\\\/produit\\\/head-coello-vibe-3\\\/#primaryimage\"},\"thumbnailUrl\":\"https:\\\/\\\/revolutionpadelstore.com\\\/wp-content\\\/uploads\\\/2025\\\/02\\\/coello-vibe-2025-1.png\",\"datePublished\":\"2025-02-17T22:05:07+00:00\",\"dateModified\":\"2026-04-08T05:42:30+00:00\",\"description\":\"Descubre la HEAD Coello Vibe 2025, la pala dise\u00f1ada con el n\u00famero 1 del mundo. Ideal para principiantes y jugadores ocasionales, con potencia controlada y un punto dulce amplio. \u00a1C\u00f3mprala en Revolution Padel Store!\",\"breadcrumb\":{\"@id\":\"https:\\\/\\\/revolutionpadelstore.com\\\/fr\\\/produit\\\/head-coello-vibe-3\\\/#breadcrumb\"},\"inLanguage\":\"fr-FR\",\"potentialAction\":[{\"@type\":\"ReadAction\",\"target\":[\"https:\\\/\\\/revolutionpadelstore.com\\\/fr\\\/produit\\\/head-coello-vibe-3\\\/\"]}]},{\"@type\":\"ImageObject\",\"inLanguage\":\"fr-FR\",\"@id\":\"https:\\\/\\\/revolutionpadelstore.com\\\/fr\\\/produit\\\/head-coello-vibe-3\\\/#primaryimage\",\"url\":\"https:\\\/\\\/revolutionpadelstore.com\\\/wp-content\\\/uploads\\\/2025\\\/02\\\/coello-vibe-2025-1.png\",\"contentUrl\":\"https:\\\/\\\/revolutionpadelstore.com\\\/wp-content\\\/uploads\\\/2025\\\/02\\\/coello-vibe-2025-1.png\",\"width\":1200,\"height\":1200},{\"@type\":\"BreadcrumbList\",\"@id\":\"https:\\\/\\\/revolutionpadelstore.com\\\/fr\\\/produit\\\/head-coello-vibe-3\\\/#breadcrumb\",\"itemListElement\":[{\"@type\":\"ListItem\",\"position\":1,\"name\":\"Portada\",\"item\":\"https:\\\/\\\/revolutionpadelstore.com\\\/fr\\\/\"},{\"@type\":\"ListItem\",\"position\":2,\"name\":\"Boutique\",\"item\":\"https:\\\/\\\/revolutionpadelstore.com\\\/fr\\\/tienda\\\/\"},{\"@type\":\"ListItem\",\"position\":3,\"name\":\"HEAD COELLO VIBE\"}]},{\"@type\":\"WebSite\",\"@id\":\"https:\\\/\\\/revolutionpadelstore.com\\\/fr\\\/#website\",\"url\":\"https:\\\/\\\/revolutionpadelstore.com\\\/fr\\\/\",\"name\":\"Revolution Padel Store\",\"description\":\"\",\"publisher\":{\"@id\":\"https:\\\/\\\/revolutionpadelstore.com\\\/fr\\\/#organization\"},\"potentialAction\":[{\"@type\":\"SearchAction\",\"target\":{\"@type\":\"EntryPoint\",\"urlTemplate\":\"https:\\\/\\\/revolutionpadelstore.com\\\/fr\\\/?s={search_term_string}\"},\"query-input\":{\"@type\":\"PropertyValueSpecification\",\"valueRequired\":true,\"valueName\":\"search_term_string\"}}],\"inLanguage\":\"fr-FR\"},{\"@type\":\"Organization\",\"@id\":\"https:\\\/\\\/revolutionpadelstore.com\\\/fr\\\/#organization\",\"name\":\"Revolution Padel Store\",\"url\":\"https:\\\/\\\/revolutionpadelstore.com\\\/fr\\\/\",\"logo\":{\"@type\":\"ImageObject\",\"inLanguage\":\"fr-FR\",\"@id\":\"https:\\\/\\\/revolutionpadelstore.com\\\/fr\\\/#\\\/schema\\\/logo\\\/image\\\/\",\"url\":\"https:\\\/\\\/revolutionpadelstore.com\\\/wp-content\\\/uploads\\\/2026\\\/02\\\/revolution-padel-store.jpg\",\"contentUrl\":\"https:\\\/\\\/revolutionpadelstore.com\\\/wp-content\\\/uploads\\\/2026\\\/02\\\/revolution-padel-store.jpg\",\"width\":2000,\"height\":2000,\"caption\":\"Revolution Padel Store\"},\"image\":{\"@id\":\"https:\\\/\\\/revolutionpadelstore.com\\\/fr\\\/#\\\/schema\\\/logo\\\/image\\\/\"},\"sameAs\":[\"https:\\\/\\\/www.instagram.com\\\/revolutionpadelstore\\\/\"]}]}<\/script>\n<!-- \/ Yoast SEO plugin. -->","yoast_head_json":{"title":"HEAD COELLO VIBE - Revolution Padel Store","description":"Descubre la HEAD Coello Vibe 2025, la pala dise\u00f1ada con el n\u00famero 1 del mundo. Ideal para principiantes y jugadores ocasionales, con potencia controlada y un punto dulce amplio. \u00a1C\u00f3mprala en Revolution Padel Store!","robots":{"index":"index","follow":"follow","max-snippet":"max-snippet:-1","max-image-preview":"max-image-preview:large","max-video-preview":"max-video-preview:-1"},"canonical":"https:\/\/revolutionpadelstore.com\/fr\/produit\/head-coello-vibe-3\/","og_locale":"fr_FR","og_type":"article","og_title":"HEAD COELLO VIBE - Revolution Padel Store","og_description":"Descubre la HEAD Coello Vibe 2025, la pala dise\u00f1ada con el n\u00famero 1 del mundo. Ideal para principiantes y jugadores ocasionales, con potencia controlada y un punto dulce amplio. \u00a1C\u00f3mprala en Revolution Padel Store!","og_url":"https:\/\/revolutionpadelstore.com\/fr\/produit\/head-coello-vibe-3\/","og_site_name":"Revolution Padel Store","article_modified_time":"2026-04-08T05:42:30+00:00","og_image":[{"width":1200,"height":1200,"url":"https:\/\/revolutionpadelstore.com\/wp-content\/uploads\/2025\/02\/coello-vibe-2025-1.png","type":"image\/png"}],"twitter_card":"summary_large_image","twitter_misc":{"Dur\u00e9e de lecture estim\u00e9e":"2 minutes"},"schema":{"@context":"https:\/\/schema.org","@graph":[{"@type":"WebPage","@id":"https:\/\/revolutionpadelstore.com\/fr\/produit\/head-coello-vibe-3\/","url":"https:\/\/revolutionpadelstore.com\/fr\/produit\/head-coello-vibe-3\/","name":"HEAD COELLO VIBE - Revolution Padel Store","isPartOf":{"@id":"https:\/\/revolutionpadelstore.com\/fr\/#website"},"primaryImageOfPage":{"@id":"https:\/\/revolutionpadelstore.com\/fr\/produit\/head-coello-vibe-3\/#primaryimage"},"image":{"@id":"https:\/\/revolutionpadelstore.com\/fr\/produit\/head-coello-vibe-3\/#primaryimage"},"thumbnailUrl":"https:\/\/revolutionpadelstore.com\/wp-content\/uploads\/2025\/02\/coello-vibe-2025-1.png","datePublished":"2025-02-17T22:05:07+00:00","dateModified":"2026-04-08T05:42:30+00:00","description":"Descubre la HEAD Coello Vibe 2025, la pala dise\u00f1ada con el n\u00famero 1 del mundo. Ideal para principiantes y jugadores ocasionales, con potencia controlada y un punto dulce amplio. \u00a1C\u00f3mprala en Revolution Padel Store!","breadcrumb":{"@id":"https:\/\/revolutionpadelstore.com\/fr\/produit\/head-coello-vibe-3\/#breadcrumb"},"inLanguage":"fr-FR","potentialAction":[{"@type":"ReadAction","target":["https:\/\/revolutionpadelstore.com\/fr\/produit\/head-coello-vibe-3\/"]}]},{"@type":"ImageObject","inLanguage":"fr-FR","@id":"https:\/\/revolutionpadelstore.com\/fr\/produit\/head-coello-vibe-3\/#primaryimage","url":"https:\/\/revolutionpadelstore.com\/wp-content\/uploads\/2025\/02\/coello-vibe-2025-1.png","contentUrl":"https:\/\/revolutionpadelstore.com\/wp-content\/uploads\/2025\/02\/coello-vibe-2025-1.png","width":1200,"height":1200},{"@type":"BreadcrumbList","@id":"https:\/\/revolutionpadelstore.com\/fr\/produit\/head-coello-vibe-3\/#breadcrumb","itemListElement":[{"@type":"ListItem","position":1,"name":"Portada","item":"https:\/\/revolutionpadelstore.com\/fr\/"},{"@type":"ListItem","position":2,"name":"Boutique","item":"https:\/\/revolutionpadelstore.com\/fr\/tienda\/"},{"@type":"ListItem","position":3,"name":"HEAD COELLO VIBE"}]},{"@type":"WebSite","@id":"https:\/\/revolutionpadelstore.com\/fr\/#website","url":"https:\/\/revolutionpadelstore.com\/fr\/","name":"Revolution Padel Store","description":"","publisher":{"@id":"https:\/\/revolutionpadelstore.com\/fr\/#organization"},"potentialAction":[{"@type":"SearchAction","target":{"@type":"EntryPoint","urlTemplate":"https:\/\/revolutionpadelstore.com\/fr\/?s={search_term_string}"},"query-input":{"@type":"PropertyValueSpecification","valueRequired":true,"valueName":"search_term_string"}}],"inLanguage":"fr-FR"},{"@type":"Organization","@id":"https:\/\/revolutionpadelstore.com\/fr\/#organization","name":"Revolution Padel Store","url":"https:\/\/revolutionpadelstore.com\/fr\/","logo":{"@type":"ImageObject","inLanguage":"fr-FR","@id":"https:\/\/revolutionpadelstore.com\/fr\/#\/schema\/logo\/image\/","url":"https:\/\/revolutionpadelstore.com\/wp-content\/uploads\/2026\/02\/revolution-padel-store.jpg","contentUrl":"https:\/\/revolutionpadelstore.com\/wp-content\/uploads\/2026\/02\/revolution-padel-store.jpg","width":2000,"height":2000,"caption":"Revolution Padel Store"},"image":{"@id":"https:\/\/revolutionpadelstore.com\/fr\/#\/schema\/logo\/image\/"},"sameAs":["https:\/\/www.instagram.com\/revolutionpadelstore\/"]}]}},"_links":{"self":[{"href":"https:\/\/revolutionpadelstore.com\/fr\/wp-json\/wp\/v2\/product\/171330","targetHints":{"allow":["GET"]}}],"collection":[{"href":"https:\/\/revolutionpadelstore.com\/fr\/wp-json\/wp\/v2\/product"}],"about":[{"href":"https:\/\/revolutionpadelstore.com\/fr\/wp-json\/wp\/v2\/types\/product"}],"replies":[{"embeddable":true,"href":"https:\/\/revolutionpadelstore.com\/fr\/wp-json\/wp\/v2\/comments?post=171330"}],"wp:featuredmedia":[{"embeddable":true,"href":"https:\/\/revolutionpadelstore.com\/fr\/wp-json\/wp\/v2\/media\/171301"}],"wp:attachment":[{"href":"https:\/\/revolutionpadelstore.com\/fr\/wp-json\/wp\/v2\/media?parent=171330"}],"wp:term":[{"taxonomy":"acabado","embeddable":true,"href":"https:\/\/revolutionpadelstore.com\/fr\/wp-json\/wp\/v2\/acabado?post=171330"},{"taxonomy":"balance","embeddable":true,"href":"https:\/\/revolutionpadelstore.com\/fr\/wp-json\/wp\/v2\/balance?post=171330"},{"taxonomy":"dureza","embeddable":true,"href":"https:\/\/revolutionpadelstore.com\/fr\/wp-json\/wp\/v2\/dureza?post=171330"},{"taxonomy":"forma","embeddable":true,"href":"https:\/\/revolutionpadelstore.com\/fr\/wp-json\/wp\/v2\/forma?post=171330"},{"taxonomy":"jugador","embeddable":true,"href":"https:\/\/revolutionpadelstore.com\/fr\/wp-json\/wp\/v2\/jugador?post=171330"},{"taxonomy":"marca","embeddable":true,"href":"https:\/\/revolutionpadelstore.com\/fr\/wp-json\/wp\/v2\/marca?post=171330"},{"taxonomy":"nivel-de-juego","embeddable":true,"href":"https:\/\/revolutionpadelstore.com\/fr\/wp-json\/wp\/v2\/nivel-de-juego?post=171330"},{"taxonomy":"superficie","embeddable":true,"href":"https:\/\/revolutionpadelstore.com\/fr\/wp-json\/wp\/v2\/superficie?post=171330"},{"taxonomy":"tipo-de-juego","embeddable":true,"href":"https:\/\/revolutionpadelstore.com\/fr\/wp-json\/wp\/v2\/tipo-de-juego?post=171330"},{"taxonomy":"product_brand","embeddable":true,"href":"https:\/\/revolutionpadelstore.com\/fr\/wp-json\/wp\/v2\/product_brand?post=171330"},{"taxonomy":"product_cat","embeddable":true,"href":"https:\/\/revolutionpadelstore.com\/fr\/wp-json\/wp\/v2\/product_cat?post=171330"},{"taxonomy":"product_tag","embeddable":true,"href":"https:\/\/revolutionpadelstore.com\/fr\/wp-json\/wp\/v2\/product_tag?post=171330"}],"curies":[{"name":"wp","href":"https:\/\/api.w.org\/{rel}","templated":true}]}}