{"id":171250,"date":"2025-02-17T22:26:53","date_gmt":"2025-02-17T21:26:53","guid":{"rendered":"https:\/\/revolutionpadelstore.com\/wilson-accent\/"},"modified":"2026-04-08T07:42:54","modified_gmt":"2026-04-08T05:42:54","slug":"wilson-accent-padel-2-3","status":"publish","type":"product","link":"https:\/\/revolutionpadelstore.com\/fr\/produit\/wilson-accent-padel-2-3\/","title":{"rendered":"WILSON ACCENT PADEL 2"},"content":{"rendered":"<h2> Wilson Accent Padel &#8211; Power sans effort et confort maximum <\/h2>\n<p>Le <strong> Accent Family <\/strong> est l&#8217;un des derniers ajouts \u00e0 la collection <strong> Wilson Paddle Palas <\/strong>, mettant en \u00e9vidence sa facilit\u00e9 de g\u00e9n\u00e9ration de puissance et de confort unique. Con\u00e7u sp\u00e9cialement pour les joueurs occasionnels, Accent Padel est l&#8217;option id\u00e9ale pour ceux qui recherchent un \u00e9quilibre parfait entre <strong> puissance sans effort et amortissement dans chaque coup <\/strong>.<\/p>\n<h2> Caract\u00e9ristiques exceptionnelles du Wilson Accent Padel <\/H2><\/p>\n<p style=\"padding-left: 40px\"> &#8211; puissance sans effort: sa conception innovante et sa mousse EVA douce permettent de puissants coups \u00e0 l&#8217;effort minimum.<br \/>\n-P.: Gr\u00e2ce \u00e0 sa structure et \u00e0 ses mat\u00e9riaux, il r\u00e9duit les vibrations et am\u00e9liore l&#8217;absorption d&#8217;impact.<br \/>\n-Les formulaires: augmente la surface de la conservation et \u00e9tend le point sucr\u00e9 pour une plus grande pr\u00e9cision.<br \/>\n-S a amplifi\u00e9: sa face rugueuse la plus \u00e9paisse am\u00e9liore le contact avec la balle, augmentant le contr\u00f4le et l&#8217;amortissement.<br \/>\n-Design Revolutionary Concavo: \u00e9largit le point doux et am\u00e9liore la surface du jeu pour obtenir une plus grande puissance dans chaque coup.<br \/>\n-Conceau de poup\u00e9e scholdable: personnalisez votre pelle avec un cordon interchangeable, en choisissant la couleur et le gars que vous aimez le plus.<br \/>\n&#8211; Composition sautable: son couvercle de mangue avec du nylon biologique Agplast r\u00e9duit l&#8217;utilisation de mat\u00e9riaux de 20%, fournissant une approche plus \u00e9cologique.<\/p>\n<h2> Pourquoi choisir le Wilson Accent Padel?<br \/>\nSi vous recherchez une pelle \u00e0 palette <strong> confortable et puissante et avec un design innovant <\/strong>, le <strong> accent Padel de Wilson <\/strong> est le choix parfait. Ses technologies avanc\u00e9es offrent une combinaison exceptionnelle de <strong> impact et absorption de stabilit\u00e9 <\/strong>, id\u00e9al pour am\u00e9liorer vos performances sur la piste sans effort suppl\u00e9mentaire.<\/p>\n<p><strong> Obtenez-le sur notre boutique en ligne &lt;a href = &quot;https:\/\/chatgpt.com\/g\/g-675432e026888191b6ee6d6f2fdbb15e probablement \u00e0 Meilleur prix du march\u00e9! <\/strong><\/p>\n","protected":false},"excerpt":{"rendered":"<p>Wilson Accent Padel: La pelle pour une puissance confortable et sans effort<\/p>\n","protected":false},"featured_media":171245,"comment_status":"open","ping_status":"closed","template":"","meta":{"_acf_changed":false,"_joinchat":[]},"acabado":[],"balance":[],"dureza":[1162,1157],"forma":[1187],"jugador":[1192,1202],"marca":[1267],"nivel-de-juego":[1337,1342],"superficie":[1362],"tipo-de-juego":[1387],"product_brand":[],"product_cat":[302],"product_tag":[],"class_list":{"0":"post-171250","1":"product","2":"type-product","3":"status-publish","4":"has-post-thumbnail","6":"dureza-dure","7":"dureza-media-fr","8":"forma-lagrima-fr","9":"jugador-homme","10":"jugador-polivalente-fr","11":"marca-wilson-fr","12":"superficie-rugosa-fr","13":"tipo-de-juego-polivalente-fr","14":"product_cat-palas-de-padel-fr","16":"first","17":"instock","18":"sale","19":"taxable","20":"shipping-taxable","21":"purchasable","22":"product-type-simple"},"acf":[],"yoast_head":"<!-- This site is optimized with the Yoast SEO plugin v27.4 - https:\/\/yoast.com\/product\/yoast-seo-wordpress\/ -->\n<title>WILSON ACCENT PADEL 2 - Revolution Padel Store<\/title>\n<meta name=\"description\" content=\"Descubre la Wilson Accent Padel, una pala dise\u00f1ada para jugadores ocasionales que buscan potencia sin esfuerzo y m\u00e1xima comodidad. Disponible en Revolution Padel Store.\" \/>\n<meta name=\"robots\" content=\"index, follow, max-snippet:-1, max-image-preview:large, max-video-preview:-1\" \/>\n<link rel=\"canonical\" href=\"https:\/\/revolutionpadelstore.com\/fr\/produit\/wilson-accent-padel-2-3\/\" \/>\n<meta property=\"og:locale\" content=\"fr_FR\" \/>\n<meta property=\"og:type\" content=\"article\" \/>\n<meta property=\"og:title\" content=\"WILSON ACCENT PADEL 2 - Revolution Padel Store\" \/>\n<meta property=\"og:description\" content=\"Descubre la Wilson Accent Padel, una pala dise\u00f1ada para jugadores ocasionales que buscan potencia sin esfuerzo y m\u00e1xima comodidad. Disponible en Revolution Padel Store.\" \/>\n<meta property=\"og:url\" content=\"https:\/\/revolutionpadelstore.com\/fr\/produit\/wilson-accent-padel-2-3\/\" \/>\n<meta property=\"og:site_name\" content=\"Revolution Padel Store\" \/>\n<meta property=\"article:modified_time\" content=\"2026-04-08T05:42:54+00:00\" \/>\n<meta property=\"og:image\" content=\"https:\/\/revolutionpadelstore.com\/wp-content\/uploads\/2025\/02\/FOTO-PALAS-1.png\" \/>\n\t<meta property=\"og:image:width\" content=\"1500\" \/>\n\t<meta property=\"og:image:height\" content=\"1500\" \/>\n\t<meta property=\"og:image:type\" content=\"image\/png\" \/>\n<meta name=\"twitter:card\" content=\"summary_large_image\" \/>\n<meta name=\"twitter:label1\" content=\"Dur\u00e9e de lecture estim\u00e9e\" \/>\n\t<meta name=\"twitter:data1\" content=\"2 minutes\" \/>\n<script type=\"application\/ld+json\" class=\"yoast-schema-graph\">{\"@context\":\"https:\\\/\\\/schema.org\",\"@graph\":[{\"@type\":\"WebPage\",\"@id\":\"https:\\\/\\\/revolutionpadelstore.com\\\/fr\\\/produit\\\/wilson-accent-padel-2-3\\\/\",\"url\":\"https:\\\/\\\/revolutionpadelstore.com\\\/fr\\\/produit\\\/wilson-accent-padel-2-3\\\/\",\"name\":\"WILSON ACCENT PADEL 2 - Revolution Padel Store\",\"isPartOf\":{\"@id\":\"https:\\\/\\\/revolutionpadelstore.com\\\/fr\\\/#website\"},\"primaryImageOfPage\":{\"@id\":\"https:\\\/\\\/revolutionpadelstore.com\\\/fr\\\/produit\\\/wilson-accent-padel-2-3\\\/#primaryimage\"},\"image\":{\"@id\":\"https:\\\/\\\/revolutionpadelstore.com\\\/fr\\\/produit\\\/wilson-accent-padel-2-3\\\/#primaryimage\"},\"thumbnailUrl\":\"https:\\\/\\\/revolutionpadelstore.com\\\/wp-content\\\/uploads\\\/2025\\\/02\\\/FOTO-PALAS-1.png\",\"datePublished\":\"2025-02-17T21:26:53+00:00\",\"dateModified\":\"2026-04-08T05:42:54+00:00\",\"description\":\"Descubre la Wilson Accent Padel, una pala dise\u00f1ada para jugadores ocasionales que buscan potencia sin esfuerzo y m\u00e1xima comodidad. Disponible en Revolution Padel Store.\",\"breadcrumb\":{\"@id\":\"https:\\\/\\\/revolutionpadelstore.com\\\/fr\\\/produit\\\/wilson-accent-padel-2-3\\\/#breadcrumb\"},\"inLanguage\":\"fr-FR\",\"potentialAction\":[{\"@type\":\"ReadAction\",\"target\":[\"https:\\\/\\\/revolutionpadelstore.com\\\/fr\\\/produit\\\/wilson-accent-padel-2-3\\\/\"]}]},{\"@type\":\"ImageObject\",\"inLanguage\":\"fr-FR\",\"@id\":\"https:\\\/\\\/revolutionpadelstore.com\\\/fr\\\/produit\\\/wilson-accent-padel-2-3\\\/#primaryimage\",\"url\":\"https:\\\/\\\/revolutionpadelstore.com\\\/wp-content\\\/uploads\\\/2025\\\/02\\\/FOTO-PALAS-1.png\",\"contentUrl\":\"https:\\\/\\\/revolutionpadelstore.com\\\/wp-content\\\/uploads\\\/2025\\\/02\\\/FOTO-PALAS-1.png\",\"width\":1500,\"height\":1500},{\"@type\":\"BreadcrumbList\",\"@id\":\"https:\\\/\\\/revolutionpadelstore.com\\\/fr\\\/produit\\\/wilson-accent-padel-2-3\\\/#breadcrumb\",\"itemListElement\":[{\"@type\":\"ListItem\",\"position\":1,\"name\":\"Portada\",\"item\":\"https:\\\/\\\/revolutionpadelstore.com\\\/fr\\\/\"},{\"@type\":\"ListItem\",\"position\":2,\"name\":\"Boutique\",\"item\":\"https:\\\/\\\/revolutionpadelstore.com\\\/fr\\\/tienda\\\/\"},{\"@type\":\"ListItem\",\"position\":3,\"name\":\"WILSON ACCENT PADEL 2\"}]},{\"@type\":\"WebSite\",\"@id\":\"https:\\\/\\\/revolutionpadelstore.com\\\/fr\\\/#website\",\"url\":\"https:\\\/\\\/revolutionpadelstore.com\\\/fr\\\/\",\"name\":\"Revolution Padel Store\",\"description\":\"\",\"publisher\":{\"@id\":\"https:\\\/\\\/revolutionpadelstore.com\\\/fr\\\/#organization\"},\"potentialAction\":[{\"@type\":\"SearchAction\",\"target\":{\"@type\":\"EntryPoint\",\"urlTemplate\":\"https:\\\/\\\/revolutionpadelstore.com\\\/fr\\\/?s={search_term_string}\"},\"query-input\":{\"@type\":\"PropertyValueSpecification\",\"valueRequired\":true,\"valueName\":\"search_term_string\"}}],\"inLanguage\":\"fr-FR\"},{\"@type\":\"Organization\",\"@id\":\"https:\\\/\\\/revolutionpadelstore.com\\\/fr\\\/#organization\",\"name\":\"Revolution Padel Store\",\"url\":\"https:\\\/\\\/revolutionpadelstore.com\\\/fr\\\/\",\"logo\":{\"@type\":\"ImageObject\",\"inLanguage\":\"fr-FR\",\"@id\":\"https:\\\/\\\/revolutionpadelstore.com\\\/fr\\\/#\\\/schema\\\/logo\\\/image\\\/\",\"url\":\"https:\\\/\\\/revolutionpadelstore.com\\\/wp-content\\\/uploads\\\/2026\\\/02\\\/revolution-padel-store.jpg\",\"contentUrl\":\"https:\\\/\\\/revolutionpadelstore.com\\\/wp-content\\\/uploads\\\/2026\\\/02\\\/revolution-padel-store.jpg\",\"width\":2000,\"height\":2000,\"caption\":\"Revolution Padel Store\"},\"image\":{\"@id\":\"https:\\\/\\\/revolutionpadelstore.com\\\/fr\\\/#\\\/schema\\\/logo\\\/image\\\/\"},\"sameAs\":[\"https:\\\/\\\/www.instagram.com\\\/revolutionpadelstore\\\/\"]}]}<\/script>\n<!-- \/ Yoast SEO plugin. -->","yoast_head_json":{"title":"WILSON ACCENT PADEL 2 - Revolution Padel Store","description":"Descubre la Wilson Accent Padel, una pala dise\u00f1ada para jugadores ocasionales que buscan potencia sin esfuerzo y m\u00e1xima comodidad. Disponible en Revolution Padel Store.","robots":{"index":"index","follow":"follow","max-snippet":"max-snippet:-1","max-image-preview":"max-image-preview:large","max-video-preview":"max-video-preview:-1"},"canonical":"https:\/\/revolutionpadelstore.com\/fr\/produit\/wilson-accent-padel-2-3\/","og_locale":"fr_FR","og_type":"article","og_title":"WILSON ACCENT PADEL 2 - Revolution Padel Store","og_description":"Descubre la Wilson Accent Padel, una pala dise\u00f1ada para jugadores ocasionales que buscan potencia sin esfuerzo y m\u00e1xima comodidad. Disponible en Revolution Padel Store.","og_url":"https:\/\/revolutionpadelstore.com\/fr\/produit\/wilson-accent-padel-2-3\/","og_site_name":"Revolution Padel Store","article_modified_time":"2026-04-08T05:42:54+00:00","og_image":[{"width":1500,"height":1500,"url":"https:\/\/revolutionpadelstore.com\/wp-content\/uploads\/2025\/02\/FOTO-PALAS-1.png","type":"image\/png"}],"twitter_card":"summary_large_image","twitter_misc":{"Dur\u00e9e de lecture estim\u00e9e":"2 minutes"},"schema":{"@context":"https:\/\/schema.org","@graph":[{"@type":"WebPage","@id":"https:\/\/revolutionpadelstore.com\/fr\/produit\/wilson-accent-padel-2-3\/","url":"https:\/\/revolutionpadelstore.com\/fr\/produit\/wilson-accent-padel-2-3\/","name":"WILSON ACCENT PADEL 2 - Revolution Padel Store","isPartOf":{"@id":"https:\/\/revolutionpadelstore.com\/fr\/#website"},"primaryImageOfPage":{"@id":"https:\/\/revolutionpadelstore.com\/fr\/produit\/wilson-accent-padel-2-3\/#primaryimage"},"image":{"@id":"https:\/\/revolutionpadelstore.com\/fr\/produit\/wilson-accent-padel-2-3\/#primaryimage"},"thumbnailUrl":"https:\/\/revolutionpadelstore.com\/wp-content\/uploads\/2025\/02\/FOTO-PALAS-1.png","datePublished":"2025-02-17T21:26:53+00:00","dateModified":"2026-04-08T05:42:54+00:00","description":"Descubre la Wilson Accent Padel, una pala dise\u00f1ada para jugadores ocasionales que buscan potencia sin esfuerzo y m\u00e1xima comodidad. Disponible en Revolution Padel Store.","breadcrumb":{"@id":"https:\/\/revolutionpadelstore.com\/fr\/produit\/wilson-accent-padel-2-3\/#breadcrumb"},"inLanguage":"fr-FR","potentialAction":[{"@type":"ReadAction","target":["https:\/\/revolutionpadelstore.com\/fr\/produit\/wilson-accent-padel-2-3\/"]}]},{"@type":"ImageObject","inLanguage":"fr-FR","@id":"https:\/\/revolutionpadelstore.com\/fr\/produit\/wilson-accent-padel-2-3\/#primaryimage","url":"https:\/\/revolutionpadelstore.com\/wp-content\/uploads\/2025\/02\/FOTO-PALAS-1.png","contentUrl":"https:\/\/revolutionpadelstore.com\/wp-content\/uploads\/2025\/02\/FOTO-PALAS-1.png","width":1500,"height":1500},{"@type":"BreadcrumbList","@id":"https:\/\/revolutionpadelstore.com\/fr\/produit\/wilson-accent-padel-2-3\/#breadcrumb","itemListElement":[{"@type":"ListItem","position":1,"name":"Portada","item":"https:\/\/revolutionpadelstore.com\/fr\/"},{"@type":"ListItem","position":2,"name":"Boutique","item":"https:\/\/revolutionpadelstore.com\/fr\/tienda\/"},{"@type":"ListItem","position":3,"name":"WILSON ACCENT PADEL 2"}]},{"@type":"WebSite","@id":"https:\/\/revolutionpadelstore.com\/fr\/#website","url":"https:\/\/revolutionpadelstore.com\/fr\/","name":"Revolution Padel Store","description":"","publisher":{"@id":"https:\/\/revolutionpadelstore.com\/fr\/#organization"},"potentialAction":[{"@type":"SearchAction","target":{"@type":"EntryPoint","urlTemplate":"https:\/\/revolutionpadelstore.com\/fr\/?s={search_term_string}"},"query-input":{"@type":"PropertyValueSpecification","valueRequired":true,"valueName":"search_term_string"}}],"inLanguage":"fr-FR"},{"@type":"Organization","@id":"https:\/\/revolutionpadelstore.com\/fr\/#organization","name":"Revolution Padel Store","url":"https:\/\/revolutionpadelstore.com\/fr\/","logo":{"@type":"ImageObject","inLanguage":"fr-FR","@id":"https:\/\/revolutionpadelstore.com\/fr\/#\/schema\/logo\/image\/","url":"https:\/\/revolutionpadelstore.com\/wp-content\/uploads\/2026\/02\/revolution-padel-store.jpg","contentUrl":"https:\/\/revolutionpadelstore.com\/wp-content\/uploads\/2026\/02\/revolution-padel-store.jpg","width":2000,"height":2000,"caption":"Revolution Padel Store"},"image":{"@id":"https:\/\/revolutionpadelstore.com\/fr\/#\/schema\/logo\/image\/"},"sameAs":["https:\/\/www.instagram.com\/revolutionpadelstore\/"]}]}},"_links":{"self":[{"href":"https:\/\/revolutionpadelstore.com\/fr\/wp-json\/wp\/v2\/product\/171250","targetHints":{"allow":["GET"]}}],"collection":[{"href":"https:\/\/revolutionpadelstore.com\/fr\/wp-json\/wp\/v2\/product"}],"about":[{"href":"https:\/\/revolutionpadelstore.com\/fr\/wp-json\/wp\/v2\/types\/product"}],"replies":[{"embeddable":true,"href":"https:\/\/revolutionpadelstore.com\/fr\/wp-json\/wp\/v2\/comments?post=171250"}],"wp:featuredmedia":[{"embeddable":true,"href":"https:\/\/revolutionpadelstore.com\/fr\/wp-json\/wp\/v2\/media\/171245"}],"wp:attachment":[{"href":"https:\/\/revolutionpadelstore.com\/fr\/wp-json\/wp\/v2\/media?parent=171250"}],"wp:term":[{"taxonomy":"acabado","embeddable":true,"href":"https:\/\/revolutionpadelstore.com\/fr\/wp-json\/wp\/v2\/acabado?post=171250"},{"taxonomy":"balance","embeddable":true,"href":"https:\/\/revolutionpadelstore.com\/fr\/wp-json\/wp\/v2\/balance?post=171250"},{"taxonomy":"dureza","embeddable":true,"href":"https:\/\/revolutionpadelstore.com\/fr\/wp-json\/wp\/v2\/dureza?post=171250"},{"taxonomy":"forma","embeddable":true,"href":"https:\/\/revolutionpadelstore.com\/fr\/wp-json\/wp\/v2\/forma?post=171250"},{"taxonomy":"jugador","embeddable":true,"href":"https:\/\/revolutionpadelstore.com\/fr\/wp-json\/wp\/v2\/jugador?post=171250"},{"taxonomy":"marca","embeddable":true,"href":"https:\/\/revolutionpadelstore.com\/fr\/wp-json\/wp\/v2\/marca?post=171250"},{"taxonomy":"nivel-de-juego","embeddable":true,"href":"https:\/\/revolutionpadelstore.com\/fr\/wp-json\/wp\/v2\/nivel-de-juego?post=171250"},{"taxonomy":"superficie","embeddable":true,"href":"https:\/\/revolutionpadelstore.com\/fr\/wp-json\/wp\/v2\/superficie?post=171250"},{"taxonomy":"tipo-de-juego","embeddable":true,"href":"https:\/\/revolutionpadelstore.com\/fr\/wp-json\/wp\/v2\/tipo-de-juego?post=171250"},{"taxonomy":"product_brand","embeddable":true,"href":"https:\/\/revolutionpadelstore.com\/fr\/wp-json\/wp\/v2\/product_brand?post=171250"},{"taxonomy":"product_cat","embeddable":true,"href":"https:\/\/revolutionpadelstore.com\/fr\/wp-json\/wp\/v2\/product_cat?post=171250"},{"taxonomy":"product_tag","embeddable":true,"href":"https:\/\/revolutionpadelstore.com\/fr\/wp-json\/wp\/v2\/product_tag?post=171250"}],"curies":[{"name":"wp","href":"https:\/\/api.w.org\/{rel}","templated":true}]}}