{"id":171053,"date":"2025-02-16T20:58:45","date_gmt":"2025-02-16T19:58:45","guid":{"rendered":"https:\/\/revolutionpadelstore.com\/bullpadel-hack-vibram-25v-gris\/"},"modified":"2026-04-08T07:46:58","modified_gmt":"2026-04-08T05:46:58","slug":"bullpadel-hack-vibram-25v-gris-3","status":"publish","type":"product","link":"https:\/\/revolutionpadelstore.com\/fr\/produit\/bullpadel-hack-vibram-25v-gris-3\/","title":{"rendered":"BULLPADEL HACK VIBRAM 25V GRIS"},"content":{"rendered":"<p><H2> Bullpadel Hack Vibram 25V Grey clair &#8211; Traction et stabilit\u00e9 maximales sur la piste <\/h2>\n<p>Les <strong> bullpadel hack vibram 25v gris clair <\/strong> sont des chaussures paddle con\u00e7ues pour les joueurs les plus exigeants, combinant une technologie de pointe avec un design exclusif. Ce mod\u00e8le, qui fait partie de la collection officielle <strong> PAQUITO NAVARRO pour 2025 <\/strong>, se distingue par sa <strong> Hybrid Vibram Sole <\/strong>, qui offre une adh\u00e9rence exceptionnelle sans compromettre la fluidit\u00e9 des mouvements.<\/p>\n<p>Gr\u00e2ce \u00e0 sa construction avec des mat\u00e9riaux de haute qualit\u00e9 et une technologie innovante, ces chaussures garantissent une r\u00e9sistance sup\u00e9rieure \u00e0 l&#8217;usure et un confort unique.<\/p>\n<h2> <strong> Caract\u00e9ristiques importantes: <\/strong> <\/h2>\n<p style=\"padding-left: 40px\"> &#8211; Sole vibram hybride: fournit une traction optimale dans tous les types de surfaces.<br \/>\n-Protection apprise: Renforcement suppl\u00e9mentaire dans l&#8217;orteil pour \u00e9viter l&#8217;usure de l&#8217;abrasion.<br \/>\n-Catapult Syst\u00e8me: am\u00e9liore les d\u00e9placements dynamiques avec une impulsion suppl\u00e9mentaire.<br \/>\n-Mediasuela 2dens: amorti exceptionnel pour un plus grand confort et stabilit\u00e9.<br \/>\n-Pro Arri\u00e8re: Support et s\u00e9curit\u00e9 plus \u00e9lev\u00e9s dans chaque mouvement.<br \/>\n-Teathmeh Tissu technique: respirabilit\u00e9 am\u00e9lior\u00e9e pour garder vos pieds frais.<br \/>\n-Plantil ortholite: ajustement ergonomique et confort sup\u00e9rieur dans chaque empreinte.<\/p>\n<h2> <strong> am\u00e9liore votre jeu avec la meilleure stabilit\u00e9 et confort <\/strong> <\/h2>\n<p>Si vous recherchez des baskets <strong> pour hommes <\/strong> qui vous permettent de jouer en toute s\u00e9curit\u00e9 et en toute confiance, le <strong> bullpadel hack vibram 25v <\/strong> est le choix parfait. Con\u00e7us pour fournir le meilleur \u00e9quilibre entre l&#8217;adh\u00e9rence, la r\u00e9sistance et le confort, ces chaussures feront passer vos performances au niveau sup\u00e9rieur.<\/p>\n<p><strong> maintenant en consignation dans notre boutique en ligne &lt;a href = &quot;https:\/\/chatgpt.com\/g\/g-675432e02688191b6ee6d6f2fdbb15e-optimisation-textos\/c\/www.revolutionpadelstore.com&quot; March\u00e9.<\/p>\n<h2>Bullpadel Hack Vibram 25V Gris Claro \u2013 M\u00e1xima tracci\u00f3n y estabilidad en la pista<\/h2>\n","protected":false},"excerpt":{"rendered":"<p>Le bullpadel Hack Vibram 25V est des chaussures de haute performance con\u00e7ues pour les joueurs exigeants. Ils ont une semelle hybride, le renforcement de la protection et un ajustement respirant qui offre un confort et une r\u00e9sistance dans chaque partie.<\/p>\n","protected":false},"featured_media":170936,"comment_status":"open","ping_status":"closed","template":"","meta":{"_acf_changed":false,"_joinchat":[]},"acabado":[],"balance":[],"dureza":[],"forma":[],"jugador":[1192],"marca":[1257],"nivel-de-juego":[],"superficie":[],"tipo-de-juego":[],"product_brand":[],"product_cat":[830],"product_tag":[],"class_list":{"0":"post-171053","1":"product","2":"type-product","3":"status-publish","4":"has-post-thumbnail","6":"jugador-homme","7":"marca-bullpadel-fr","8":"product_cat-baskets","10":"first","11":"outofstock","12":"sale","13":"taxable","14":"shipping-taxable","15":"purchasable","16":"product-type-variable"},"acf":[],"yoast_head":"<!-- This site is optimized with the Yoast SEO plugin v27.4 - https:\/\/yoast.com\/product\/yoast-seo-wordpress\/ -->\n<title>BULLPADEL HACK VIBRAM 25V GRIS - Revolution Padel Store<\/title>\n<meta name=\"description\" content=\"Compra las Bullpadel Hack Vibram 25V Gris Claro, las zapatillas de p\u00e1del de Paquito Navarro con suela Vibram h\u00edbrida, m\u00e1xima tracci\u00f3n y comodidad. \u00a1Env\u00edo r\u00e1pido en Revolution Padel Store!\" \/>\n<meta name=\"robots\" content=\"index, follow, max-snippet:-1, max-image-preview:large, max-video-preview:-1\" \/>\n<link rel=\"canonical\" href=\"https:\/\/revolutionpadelstore.com\/fr\/produit\/bullpadel-hack-vibram-25v-gris-3\/\" \/>\n<meta property=\"og:locale\" content=\"fr_FR\" \/>\n<meta property=\"og:type\" content=\"article\" \/>\n<meta property=\"og:title\" content=\"BULLPADEL HACK VIBRAM 25V GRIS - Revolution Padel Store\" \/>\n<meta property=\"og:description\" content=\"Compra las Bullpadel Hack Vibram 25V Gris Claro, las zapatillas de p\u00e1del de Paquito Navarro con suela Vibram h\u00edbrida, m\u00e1xima tracci\u00f3n y comodidad. \u00a1Env\u00edo r\u00e1pido en Revolution Padel Store!\" \/>\n<meta property=\"og:url\" content=\"https:\/\/revolutionpadelstore.com\/fr\/produit\/bullpadel-hack-vibram-25v-gris-3\/\" \/>\n<meta property=\"og:site_name\" content=\"Revolution Padel Store\" \/>\n<meta property=\"article:modified_time\" content=\"2026-04-08T05:46:58+00:00\" \/>\n<meta property=\"og:image\" content=\"https:\/\/revolutionpadelstore.com\/wp-content\/uploads\/2025\/02\/114319-zapatillas-bullpadel-hack-vibram-25v-cm49002000-gris-claro-1200x1200-1.webp\" \/>\n\t<meta property=\"og:image:width\" content=\"1200\" \/>\n\t<meta property=\"og:image:height\" content=\"1200\" \/>\n\t<meta property=\"og:image:type\" content=\"image\/webp\" \/>\n<meta name=\"twitter:card\" content=\"summary_large_image\" \/>\n<meta name=\"twitter:label1\" content=\"Dur\u00e9e de lecture estim\u00e9e\" \/>\n\t<meta name=\"twitter:data1\" content=\"2 minutes\" \/>\n<script type=\"application\/ld+json\" class=\"yoast-schema-graph\">{\"@context\":\"https:\\\/\\\/schema.org\",\"@graph\":[{\"@type\":\"WebPage\",\"@id\":\"https:\\\/\\\/revolutionpadelstore.com\\\/fr\\\/produit\\\/bullpadel-hack-vibram-25v-gris-3\\\/\",\"url\":\"https:\\\/\\\/revolutionpadelstore.com\\\/fr\\\/produit\\\/bullpadel-hack-vibram-25v-gris-3\\\/\",\"name\":\"BULLPADEL HACK VIBRAM 25V GRIS - Revolution Padel Store\",\"isPartOf\":{\"@id\":\"https:\\\/\\\/revolutionpadelstore.com\\\/fr\\\/#website\"},\"primaryImageOfPage\":{\"@id\":\"https:\\\/\\\/revolutionpadelstore.com\\\/fr\\\/produit\\\/bullpadel-hack-vibram-25v-gris-3\\\/#primaryimage\"},\"image\":{\"@id\":\"https:\\\/\\\/revolutionpadelstore.com\\\/fr\\\/produit\\\/bullpadel-hack-vibram-25v-gris-3\\\/#primaryimage\"},\"thumbnailUrl\":\"https:\\\/\\\/revolutionpadelstore.com\\\/wp-content\\\/uploads\\\/2025\\\/02\\\/114319-zapatillas-bullpadel-hack-vibram-25v-cm49002000-gris-claro-1200x1200-1.webp\",\"datePublished\":\"2025-02-16T19:58:45+00:00\",\"dateModified\":\"2026-04-08T05:46:58+00:00\",\"description\":\"Compra las Bullpadel Hack Vibram 25V Gris Claro, las zapatillas de p\u00e1del de Paquito Navarro con suela Vibram h\u00edbrida, m\u00e1xima tracci\u00f3n y comodidad. \u00a1Env\u00edo r\u00e1pido en Revolution Padel Store!\",\"breadcrumb\":{\"@id\":\"https:\\\/\\\/revolutionpadelstore.com\\\/fr\\\/produit\\\/bullpadel-hack-vibram-25v-gris-3\\\/#breadcrumb\"},\"inLanguage\":\"fr-FR\",\"potentialAction\":[{\"@type\":\"ReadAction\",\"target\":[\"https:\\\/\\\/revolutionpadelstore.com\\\/fr\\\/produit\\\/bullpadel-hack-vibram-25v-gris-3\\\/\"]}]},{\"@type\":\"ImageObject\",\"inLanguage\":\"fr-FR\",\"@id\":\"https:\\\/\\\/revolutionpadelstore.com\\\/fr\\\/produit\\\/bullpadel-hack-vibram-25v-gris-3\\\/#primaryimage\",\"url\":\"https:\\\/\\\/revolutionpadelstore.com\\\/wp-content\\\/uploads\\\/2025\\\/02\\\/114319-zapatillas-bullpadel-hack-vibram-25v-cm49002000-gris-claro-1200x1200-1.webp\",\"contentUrl\":\"https:\\\/\\\/revolutionpadelstore.com\\\/wp-content\\\/uploads\\\/2025\\\/02\\\/114319-zapatillas-bullpadel-hack-vibram-25v-cm49002000-gris-claro-1200x1200-1.webp\",\"width\":1200,\"height\":1200},{\"@type\":\"BreadcrumbList\",\"@id\":\"https:\\\/\\\/revolutionpadelstore.com\\\/fr\\\/produit\\\/bullpadel-hack-vibram-25v-gris-3\\\/#breadcrumb\",\"itemListElement\":[{\"@type\":\"ListItem\",\"position\":1,\"name\":\"Portada\",\"item\":\"https:\\\/\\\/revolutionpadelstore.com\\\/fr\\\/\"},{\"@type\":\"ListItem\",\"position\":2,\"name\":\"Boutique\",\"item\":\"https:\\\/\\\/revolutionpadelstore.com\\\/fr\\\/tienda\\\/\"},{\"@type\":\"ListItem\",\"position\":3,\"name\":\"BULLPADEL HACK VIBRAM 25V GRIS\"}]},{\"@type\":\"WebSite\",\"@id\":\"https:\\\/\\\/revolutionpadelstore.com\\\/fr\\\/#website\",\"url\":\"https:\\\/\\\/revolutionpadelstore.com\\\/fr\\\/\",\"name\":\"Revolution Padel Store\",\"description\":\"\",\"publisher\":{\"@id\":\"https:\\\/\\\/revolutionpadelstore.com\\\/fr\\\/#organization\"},\"potentialAction\":[{\"@type\":\"SearchAction\",\"target\":{\"@type\":\"EntryPoint\",\"urlTemplate\":\"https:\\\/\\\/revolutionpadelstore.com\\\/fr\\\/?s={search_term_string}\"},\"query-input\":{\"@type\":\"PropertyValueSpecification\",\"valueRequired\":true,\"valueName\":\"search_term_string\"}}],\"inLanguage\":\"fr-FR\"},{\"@type\":\"Organization\",\"@id\":\"https:\\\/\\\/revolutionpadelstore.com\\\/fr\\\/#organization\",\"name\":\"Revolution Padel Store\",\"url\":\"https:\\\/\\\/revolutionpadelstore.com\\\/fr\\\/\",\"logo\":{\"@type\":\"ImageObject\",\"inLanguage\":\"fr-FR\",\"@id\":\"https:\\\/\\\/revolutionpadelstore.com\\\/fr\\\/#\\\/schema\\\/logo\\\/image\\\/\",\"url\":\"https:\\\/\\\/revolutionpadelstore.com\\\/wp-content\\\/uploads\\\/2026\\\/02\\\/revolution-padel-store.jpg\",\"contentUrl\":\"https:\\\/\\\/revolutionpadelstore.com\\\/wp-content\\\/uploads\\\/2026\\\/02\\\/revolution-padel-store.jpg\",\"width\":2000,\"height\":2000,\"caption\":\"Revolution Padel Store\"},\"image\":{\"@id\":\"https:\\\/\\\/revolutionpadelstore.com\\\/fr\\\/#\\\/schema\\\/logo\\\/image\\\/\"},\"sameAs\":[\"https:\\\/\\\/www.instagram.com\\\/revolutionpadelstore\\\/\"]}]}<\/script>\n<!-- \/ Yoast SEO plugin. -->","yoast_head_json":{"title":"BULLPADEL HACK VIBRAM 25V GRIS - Revolution Padel Store","description":"Compra las Bullpadel Hack Vibram 25V Gris Claro, las zapatillas de p\u00e1del de Paquito Navarro con suela Vibram h\u00edbrida, m\u00e1xima tracci\u00f3n y comodidad. \u00a1Env\u00edo r\u00e1pido en Revolution Padel Store!","robots":{"index":"index","follow":"follow","max-snippet":"max-snippet:-1","max-image-preview":"max-image-preview:large","max-video-preview":"max-video-preview:-1"},"canonical":"https:\/\/revolutionpadelstore.com\/fr\/produit\/bullpadel-hack-vibram-25v-gris-3\/","og_locale":"fr_FR","og_type":"article","og_title":"BULLPADEL HACK VIBRAM 25V GRIS - Revolution Padel Store","og_description":"Compra las Bullpadel Hack Vibram 25V Gris Claro, las zapatillas de p\u00e1del de Paquito Navarro con suela Vibram h\u00edbrida, m\u00e1xima tracci\u00f3n y comodidad. \u00a1Env\u00edo r\u00e1pido en Revolution Padel Store!","og_url":"https:\/\/revolutionpadelstore.com\/fr\/produit\/bullpadel-hack-vibram-25v-gris-3\/","og_site_name":"Revolution Padel Store","article_modified_time":"2026-04-08T05:46:58+00:00","og_image":[{"width":1200,"height":1200,"url":"https:\/\/revolutionpadelstore.com\/wp-content\/uploads\/2025\/02\/114319-zapatillas-bullpadel-hack-vibram-25v-cm49002000-gris-claro-1200x1200-1.webp","type":"image\/webp"}],"twitter_card":"summary_large_image","twitter_misc":{"Dur\u00e9e de lecture estim\u00e9e":"2 minutes"},"schema":{"@context":"https:\/\/schema.org","@graph":[{"@type":"WebPage","@id":"https:\/\/revolutionpadelstore.com\/fr\/produit\/bullpadel-hack-vibram-25v-gris-3\/","url":"https:\/\/revolutionpadelstore.com\/fr\/produit\/bullpadel-hack-vibram-25v-gris-3\/","name":"BULLPADEL HACK VIBRAM 25V GRIS - Revolution Padel Store","isPartOf":{"@id":"https:\/\/revolutionpadelstore.com\/fr\/#website"},"primaryImageOfPage":{"@id":"https:\/\/revolutionpadelstore.com\/fr\/produit\/bullpadel-hack-vibram-25v-gris-3\/#primaryimage"},"image":{"@id":"https:\/\/revolutionpadelstore.com\/fr\/produit\/bullpadel-hack-vibram-25v-gris-3\/#primaryimage"},"thumbnailUrl":"https:\/\/revolutionpadelstore.com\/wp-content\/uploads\/2025\/02\/114319-zapatillas-bullpadel-hack-vibram-25v-cm49002000-gris-claro-1200x1200-1.webp","datePublished":"2025-02-16T19:58:45+00:00","dateModified":"2026-04-08T05:46:58+00:00","description":"Compra las Bullpadel Hack Vibram 25V Gris Claro, las zapatillas de p\u00e1del de Paquito Navarro con suela Vibram h\u00edbrida, m\u00e1xima tracci\u00f3n y comodidad. \u00a1Env\u00edo r\u00e1pido en Revolution Padel Store!","breadcrumb":{"@id":"https:\/\/revolutionpadelstore.com\/fr\/produit\/bullpadel-hack-vibram-25v-gris-3\/#breadcrumb"},"inLanguage":"fr-FR","potentialAction":[{"@type":"ReadAction","target":["https:\/\/revolutionpadelstore.com\/fr\/produit\/bullpadel-hack-vibram-25v-gris-3\/"]}]},{"@type":"ImageObject","inLanguage":"fr-FR","@id":"https:\/\/revolutionpadelstore.com\/fr\/produit\/bullpadel-hack-vibram-25v-gris-3\/#primaryimage","url":"https:\/\/revolutionpadelstore.com\/wp-content\/uploads\/2025\/02\/114319-zapatillas-bullpadel-hack-vibram-25v-cm49002000-gris-claro-1200x1200-1.webp","contentUrl":"https:\/\/revolutionpadelstore.com\/wp-content\/uploads\/2025\/02\/114319-zapatillas-bullpadel-hack-vibram-25v-cm49002000-gris-claro-1200x1200-1.webp","width":1200,"height":1200},{"@type":"BreadcrumbList","@id":"https:\/\/revolutionpadelstore.com\/fr\/produit\/bullpadel-hack-vibram-25v-gris-3\/#breadcrumb","itemListElement":[{"@type":"ListItem","position":1,"name":"Portada","item":"https:\/\/revolutionpadelstore.com\/fr\/"},{"@type":"ListItem","position":2,"name":"Boutique","item":"https:\/\/revolutionpadelstore.com\/fr\/tienda\/"},{"@type":"ListItem","position":3,"name":"BULLPADEL HACK VIBRAM 25V GRIS"}]},{"@type":"WebSite","@id":"https:\/\/revolutionpadelstore.com\/fr\/#website","url":"https:\/\/revolutionpadelstore.com\/fr\/","name":"Revolution Padel Store","description":"","publisher":{"@id":"https:\/\/revolutionpadelstore.com\/fr\/#organization"},"potentialAction":[{"@type":"SearchAction","target":{"@type":"EntryPoint","urlTemplate":"https:\/\/revolutionpadelstore.com\/fr\/?s={search_term_string}"},"query-input":{"@type":"PropertyValueSpecification","valueRequired":true,"valueName":"search_term_string"}}],"inLanguage":"fr-FR"},{"@type":"Organization","@id":"https:\/\/revolutionpadelstore.com\/fr\/#organization","name":"Revolution Padel Store","url":"https:\/\/revolutionpadelstore.com\/fr\/","logo":{"@type":"ImageObject","inLanguage":"fr-FR","@id":"https:\/\/revolutionpadelstore.com\/fr\/#\/schema\/logo\/image\/","url":"https:\/\/revolutionpadelstore.com\/wp-content\/uploads\/2026\/02\/revolution-padel-store.jpg","contentUrl":"https:\/\/revolutionpadelstore.com\/wp-content\/uploads\/2026\/02\/revolution-padel-store.jpg","width":2000,"height":2000,"caption":"Revolution Padel Store"},"image":{"@id":"https:\/\/revolutionpadelstore.com\/fr\/#\/schema\/logo\/image\/"},"sameAs":["https:\/\/www.instagram.com\/revolutionpadelstore\/"]}]}},"_links":{"self":[{"href":"https:\/\/revolutionpadelstore.com\/fr\/wp-json\/wp\/v2\/product\/171053","targetHints":{"allow":["GET"]}}],"collection":[{"href":"https:\/\/revolutionpadelstore.com\/fr\/wp-json\/wp\/v2\/product"}],"about":[{"href":"https:\/\/revolutionpadelstore.com\/fr\/wp-json\/wp\/v2\/types\/product"}],"replies":[{"embeddable":true,"href":"https:\/\/revolutionpadelstore.com\/fr\/wp-json\/wp\/v2\/comments?post=171053"}],"wp:featuredmedia":[{"embeddable":true,"href":"https:\/\/revolutionpadelstore.com\/fr\/wp-json\/wp\/v2\/media\/170936"}],"wp:attachment":[{"href":"https:\/\/revolutionpadelstore.com\/fr\/wp-json\/wp\/v2\/media?parent=171053"}],"wp:term":[{"taxonomy":"acabado","embeddable":true,"href":"https:\/\/revolutionpadelstore.com\/fr\/wp-json\/wp\/v2\/acabado?post=171053"},{"taxonomy":"balance","embeddable":true,"href":"https:\/\/revolutionpadelstore.com\/fr\/wp-json\/wp\/v2\/balance?post=171053"},{"taxonomy":"dureza","embeddable":true,"href":"https:\/\/revolutionpadelstore.com\/fr\/wp-json\/wp\/v2\/dureza?post=171053"},{"taxonomy":"forma","embeddable":true,"href":"https:\/\/revolutionpadelstore.com\/fr\/wp-json\/wp\/v2\/forma?post=171053"},{"taxonomy":"jugador","embeddable":true,"href":"https:\/\/revolutionpadelstore.com\/fr\/wp-json\/wp\/v2\/jugador?post=171053"},{"taxonomy":"marca","embeddable":true,"href":"https:\/\/revolutionpadelstore.com\/fr\/wp-json\/wp\/v2\/marca?post=171053"},{"taxonomy":"nivel-de-juego","embeddable":true,"href":"https:\/\/revolutionpadelstore.com\/fr\/wp-json\/wp\/v2\/nivel-de-juego?post=171053"},{"taxonomy":"superficie","embeddable":true,"href":"https:\/\/revolutionpadelstore.com\/fr\/wp-json\/wp\/v2\/superficie?post=171053"},{"taxonomy":"tipo-de-juego","embeddable":true,"href":"https:\/\/revolutionpadelstore.com\/fr\/wp-json\/wp\/v2\/tipo-de-juego?post=171053"},{"taxonomy":"product_brand","embeddable":true,"href":"https:\/\/revolutionpadelstore.com\/fr\/wp-json\/wp\/v2\/product_brand?post=171053"},{"taxonomy":"product_cat","embeddable":true,"href":"https:\/\/revolutionpadelstore.com\/fr\/wp-json\/wp\/v2\/product_cat?post=171053"},{"taxonomy":"product_tag","embeddable":true,"href":"https:\/\/revolutionpadelstore.com\/fr\/wp-json\/wp\/v2\/product_tag?post=171053"}],"curies":[{"name":"wp","href":"https:\/\/api.w.org\/{rel}","templated":true}]}}