{"id":170782,"date":"2025-02-16T00:15:43","date_gmt":"2025-02-15T23:15:43","guid":{"rendered":"https:\/\/revolutionpadelstore.com\/paletero-bullpadel-icon-039\/"},"modified":"2026-04-08T07:50:35","modified_gmt":"2026-04-08T05:50:35","slug":"paletero-bullpadel-icon-039-3","status":"publish","type":"product","link":"https:\/\/revolutionpadelstore.com\/fr\/produit\/paletero-bullpadel-icon-039-3\/","title":{"rendered":"PALETERO BULLPADEL ICON 039"},"content":{"rendered":"<h2> <strong> ic\u00f4ne de bullpadel paletero Grafito BPP 25023 &#8211; Organisation et protection premium <\/strong> <\/h2>\n<p>L&#8217;ic\u00f4ne Bullpadel Grafito BPP-25023 est un paletero haut de gamme, con\u00e7u pour exiger les joueurs \u00e0 la recherche d&#8217;une organisation, d&#8217;une r\u00e9sistance et d&#8217;un style maximales. Fabriqu\u00e9 dans Polype et 1680D Polyester avec tissu gomm\u00e9, il offre une combinaison parfaite de durabilit\u00e9 et de l\u00e9g\u00e8ret\u00e9, id\u00e9ale pour une utilisation quotidienne.<\/p>\n<p>Avec une conception exclusive <strong> sign\u00e9e par Juan Mart\u00edn D\u00edaz <\/strong>, ce Paletero se distingue par sa grande capacit\u00e9 et ses compartiments sp\u00e9cialis\u00e9s qui garantissent les soins optimaux de votre \u00e9quipement.<\/p>\n<h2> <strong> Espace et fonctionnalit\u00e9 optimis\u00e9s <\/strong> <\/h2>\n<p style=\"padding-left: 40px\"> &#8211; Large compartiment principal: gardez vos v\u00eatements et accessoires essentiels confortablement.<br \/>\n-Capacit\u00e9 pour 4 lames: deux compartiments thermo qui prot\u00e8gent contre les coups et les changements de temp\u00e9rature.<br \/>\n-Vous ventilation: con\u00e7u sp\u00e9cialement pour les chaussures sales ou les v\u00eatements, \u00e9vitant les mauvaises odeurs.<br \/>\n-Le base lat\u00e9rale externe: parfait pour les petits objets \u00e0 acc\u00e8s rapide.<br \/>\n-Mex: 60 \u00d7 28,5 \u00d7 40 cm, id\u00e9al pour transporter l&#8217;ensemble de votre \u00e9quipement sans complications.<\/p>\n<h2> <strong> conception exclusive et mat\u00e9riaux premium <\/strong> <\/h2>\n<p>Le <strong> ic\u00f4ne de bullpadel graphite BPP-255023 <\/strong> offre non seulement <strong> protection maximale et organisation <\/strong>, mais se distingue \u00e9galement de sa conception \u00e9l\u00e9gante dans le ton <strong> graphite avec fini dans Polypiel <\/ Strong >, offrant une touche sophistiqu\u00e9e \u00e0 votre \u00e9quipement.<br \/>\n<P> &#8211; Choix officiel de Juan Mart\u00edn D\u00edaz-A Paletero con\u00e7u pour les joueurs les plus exigeants.<br \/>\n-Conde des mat\u00e9riaux de haute qualit\u00e9 -M\u00e9mi\u00e8re de r\u00e9sistance et de style pour une utilisation prolong\u00e9e.<br \/>\n-Le transport confortable et s\u00fbr &#8211; Poign\u00e9es rembourr\u00e9es adjudiques pour une plus grande ergonomie.<br \/>\n<strong> maintenant disponible dans notre boutique en ligne <a href=\"https:\/\/www.revolutionpadelstore.com\/\"> www.revolutionpadelstore.com <\/a>, probablement au meilleur prix de march\u00e9. Ne restez pas sans le tien! <\/strong><\/p>\n","protected":false},"excerpt":{"rendered":"<p>L&#8217;ic\u00f4ne Bullpadel Paletero Grafito BPP25023, con\u00e7ue en collaboration avec Juan Mart\u00edn D\u00edaz, offre une grande capacit\u00e9, une r\u00e9sistance et une protection \u00e0 votre \u00e9quipe sportive. Il dispose de deux compartiments thermos, permettant de transporter jusqu&#8217;\u00e0 quatre lames \u00e0 pagaie \u00e0 coup s\u00fbr.<\/p>\n","protected":false},"featured_media":170753,"comment_status":"open","ping_status":"closed","template":"","meta":{"_acf_changed":false,"_joinchat":[]},"acabado":[],"balance":[],"dureza":[],"forma":[],"jugador":[],"marca":[1257],"nivel-de-juego":[],"superficie":[],"tipo-de-juego":[],"product_brand":[],"product_cat":[320],"product_tag":[],"class_list":{"0":"post-170782","1":"product","2":"type-product","3":"status-publish","4":"has-post-thumbnail","6":"marca-bullpadel-fr","7":"product_cat-sacs","9":"first","10":"instock","11":"sale","12":"taxable","13":"shipping-taxable","14":"purchasable","15":"product-type-simple"},"acf":[],"yoast_head":"<!-- This site is optimized with the Yoast SEO plugin v27.4 - https:\/\/yoast.com\/product\/yoast-seo-wordpress\/ -->\n<title>PALETERO BULLPADEL ICON 039 - Revolution Padel Store<\/title>\n<meta name=\"description\" content=\"Descubre el Paletero Bullpadel Icon Grafito BPP-25023, usado por Juan Mart\u00edn D\u00edaz. M\u00e1xima protecci\u00f3n, compartimentos thermo y dise\u00f1o premium. \u00a1C\u00f3mpralo online ahora!\" \/>\n<meta name=\"robots\" content=\"index, follow, max-snippet:-1, max-image-preview:large, max-video-preview:-1\" \/>\n<link rel=\"canonical\" href=\"https:\/\/revolutionpadelstore.com\/fr\/produit\/paletero-bullpadel-icon-039-3\/\" \/>\n<meta property=\"og:locale\" content=\"fr_FR\" \/>\n<meta property=\"og:type\" content=\"article\" \/>\n<meta property=\"og:title\" content=\"PALETERO BULLPADEL ICON 039 - Revolution Padel Store\" \/>\n<meta property=\"og:description\" content=\"Descubre el Paletero Bullpadel Icon Grafito BPP-25023, usado por Juan Mart\u00edn D\u00edaz. M\u00e1xima protecci\u00f3n, compartimentos thermo y dise\u00f1o premium. \u00a1C\u00f3mpralo online ahora!\" \/>\n<meta property=\"og:url\" content=\"https:\/\/revolutionpadelstore.com\/fr\/produit\/paletero-bullpadel-icon-039-3\/\" \/>\n<meta property=\"og:site_name\" content=\"Revolution Padel Store\" \/>\n<meta property=\"article:modified_time\" content=\"2026-04-08T05:50:35+00:00\" \/>\n<meta property=\"og:image\" content=\"https:\/\/revolutionpadelstore.com\/wp-content\/uploads\/2025\/02\/113824-paletero-bullpadel-bpp25023-icon-448152-1200x1200-1.webp\" \/>\n\t<meta property=\"og:image:width\" content=\"1200\" \/>\n\t<meta property=\"og:image:height\" content=\"1200\" \/>\n\t<meta property=\"og:image:type\" content=\"image\/webp\" \/>\n<meta name=\"twitter:card\" content=\"summary_large_image\" \/>\n<meta name=\"twitter:label1\" content=\"Dur\u00e9e de lecture estim\u00e9e\" \/>\n\t<meta name=\"twitter:data1\" content=\"2 minutes\" \/>\n<script type=\"application\/ld+json\" class=\"yoast-schema-graph\">{\"@context\":\"https:\\\/\\\/schema.org\",\"@graph\":[{\"@type\":\"WebPage\",\"@id\":\"https:\\\/\\\/revolutionpadelstore.com\\\/fr\\\/produit\\\/paletero-bullpadel-icon-039-3\\\/\",\"url\":\"https:\\\/\\\/revolutionpadelstore.com\\\/fr\\\/produit\\\/paletero-bullpadel-icon-039-3\\\/\",\"name\":\"PALETERO BULLPADEL ICON 039 - Revolution Padel Store\",\"isPartOf\":{\"@id\":\"https:\\\/\\\/revolutionpadelstore.com\\\/fr\\\/#website\"},\"primaryImageOfPage\":{\"@id\":\"https:\\\/\\\/revolutionpadelstore.com\\\/fr\\\/produit\\\/paletero-bullpadel-icon-039-3\\\/#primaryimage\"},\"image\":{\"@id\":\"https:\\\/\\\/revolutionpadelstore.com\\\/fr\\\/produit\\\/paletero-bullpadel-icon-039-3\\\/#primaryimage\"},\"thumbnailUrl\":\"https:\\\/\\\/revolutionpadelstore.com\\\/wp-content\\\/uploads\\\/2025\\\/02\\\/113824-paletero-bullpadel-bpp25023-icon-448152-1200x1200-1.webp\",\"datePublished\":\"2025-02-15T23:15:43+00:00\",\"dateModified\":\"2026-04-08T05:50:35+00:00\",\"description\":\"Descubre el Paletero Bullpadel Icon Grafito BPP-25023, usado por Juan Mart\u00edn D\u00edaz. M\u00e1xima protecci\u00f3n, compartimentos thermo y dise\u00f1o premium. \u00a1C\u00f3mpralo online ahora!\",\"breadcrumb\":{\"@id\":\"https:\\\/\\\/revolutionpadelstore.com\\\/fr\\\/produit\\\/paletero-bullpadel-icon-039-3\\\/#breadcrumb\"},\"inLanguage\":\"fr-FR\",\"potentialAction\":[{\"@type\":\"ReadAction\",\"target\":[\"https:\\\/\\\/revolutionpadelstore.com\\\/fr\\\/produit\\\/paletero-bullpadel-icon-039-3\\\/\"]}]},{\"@type\":\"ImageObject\",\"inLanguage\":\"fr-FR\",\"@id\":\"https:\\\/\\\/revolutionpadelstore.com\\\/fr\\\/produit\\\/paletero-bullpadel-icon-039-3\\\/#primaryimage\",\"url\":\"https:\\\/\\\/revolutionpadelstore.com\\\/wp-content\\\/uploads\\\/2025\\\/02\\\/113824-paletero-bullpadel-bpp25023-icon-448152-1200x1200-1.webp\",\"contentUrl\":\"https:\\\/\\\/revolutionpadelstore.com\\\/wp-content\\\/uploads\\\/2025\\\/02\\\/113824-paletero-bullpadel-bpp25023-icon-448152-1200x1200-1.webp\",\"width\":1200,\"height\":1200},{\"@type\":\"BreadcrumbList\",\"@id\":\"https:\\\/\\\/revolutionpadelstore.com\\\/fr\\\/produit\\\/paletero-bullpadel-icon-039-3\\\/#breadcrumb\",\"itemListElement\":[{\"@type\":\"ListItem\",\"position\":1,\"name\":\"Portada\",\"item\":\"https:\\\/\\\/revolutionpadelstore.com\\\/fr\\\/\"},{\"@type\":\"ListItem\",\"position\":2,\"name\":\"Boutique\",\"item\":\"https:\\\/\\\/revolutionpadelstore.com\\\/fr\\\/tienda\\\/\"},{\"@type\":\"ListItem\",\"position\":3,\"name\":\"PALETERO BULLPADEL ICON 039\"}]},{\"@type\":\"WebSite\",\"@id\":\"https:\\\/\\\/revolutionpadelstore.com\\\/fr\\\/#website\",\"url\":\"https:\\\/\\\/revolutionpadelstore.com\\\/fr\\\/\",\"name\":\"Revolution Padel Store\",\"description\":\"\",\"publisher\":{\"@id\":\"https:\\\/\\\/revolutionpadelstore.com\\\/fr\\\/#organization\"},\"potentialAction\":[{\"@type\":\"SearchAction\",\"target\":{\"@type\":\"EntryPoint\",\"urlTemplate\":\"https:\\\/\\\/revolutionpadelstore.com\\\/fr\\\/?s={search_term_string}\"},\"query-input\":{\"@type\":\"PropertyValueSpecification\",\"valueRequired\":true,\"valueName\":\"search_term_string\"}}],\"inLanguage\":\"fr-FR\"},{\"@type\":\"Organization\",\"@id\":\"https:\\\/\\\/revolutionpadelstore.com\\\/fr\\\/#organization\",\"name\":\"Revolution Padel Store\",\"url\":\"https:\\\/\\\/revolutionpadelstore.com\\\/fr\\\/\",\"logo\":{\"@type\":\"ImageObject\",\"inLanguage\":\"fr-FR\",\"@id\":\"https:\\\/\\\/revolutionpadelstore.com\\\/fr\\\/#\\\/schema\\\/logo\\\/image\\\/\",\"url\":\"https:\\\/\\\/revolutionpadelstore.com\\\/wp-content\\\/uploads\\\/2026\\\/02\\\/revolution-padel-store.jpg\",\"contentUrl\":\"https:\\\/\\\/revolutionpadelstore.com\\\/wp-content\\\/uploads\\\/2026\\\/02\\\/revolution-padel-store.jpg\",\"width\":2000,\"height\":2000,\"caption\":\"Revolution Padel Store\"},\"image\":{\"@id\":\"https:\\\/\\\/revolutionpadelstore.com\\\/fr\\\/#\\\/schema\\\/logo\\\/image\\\/\"},\"sameAs\":[\"https:\\\/\\\/www.instagram.com\\\/revolutionpadelstore\\\/\"]}]}<\/script>\n<!-- \/ Yoast SEO plugin. -->","yoast_head_json":{"title":"PALETERO BULLPADEL ICON 039 - Revolution Padel Store","description":"Descubre el Paletero Bullpadel Icon Grafito BPP-25023, usado por Juan Mart\u00edn D\u00edaz. M\u00e1xima protecci\u00f3n, compartimentos thermo y dise\u00f1o premium. \u00a1C\u00f3mpralo online ahora!","robots":{"index":"index","follow":"follow","max-snippet":"max-snippet:-1","max-image-preview":"max-image-preview:large","max-video-preview":"max-video-preview:-1"},"canonical":"https:\/\/revolutionpadelstore.com\/fr\/produit\/paletero-bullpadel-icon-039-3\/","og_locale":"fr_FR","og_type":"article","og_title":"PALETERO BULLPADEL ICON 039 - Revolution Padel Store","og_description":"Descubre el Paletero Bullpadel Icon Grafito BPP-25023, usado por Juan Mart\u00edn D\u00edaz. M\u00e1xima protecci\u00f3n, compartimentos thermo y dise\u00f1o premium. \u00a1C\u00f3mpralo online ahora!","og_url":"https:\/\/revolutionpadelstore.com\/fr\/produit\/paletero-bullpadel-icon-039-3\/","og_site_name":"Revolution Padel Store","article_modified_time":"2026-04-08T05:50:35+00:00","og_image":[{"width":1200,"height":1200,"url":"https:\/\/revolutionpadelstore.com\/wp-content\/uploads\/2025\/02\/113824-paletero-bullpadel-bpp25023-icon-448152-1200x1200-1.webp","type":"image\/webp"}],"twitter_card":"summary_large_image","twitter_misc":{"Dur\u00e9e de lecture estim\u00e9e":"2 minutes"},"schema":{"@context":"https:\/\/schema.org","@graph":[{"@type":"WebPage","@id":"https:\/\/revolutionpadelstore.com\/fr\/produit\/paletero-bullpadel-icon-039-3\/","url":"https:\/\/revolutionpadelstore.com\/fr\/produit\/paletero-bullpadel-icon-039-3\/","name":"PALETERO BULLPADEL ICON 039 - Revolution Padel Store","isPartOf":{"@id":"https:\/\/revolutionpadelstore.com\/fr\/#website"},"primaryImageOfPage":{"@id":"https:\/\/revolutionpadelstore.com\/fr\/produit\/paletero-bullpadel-icon-039-3\/#primaryimage"},"image":{"@id":"https:\/\/revolutionpadelstore.com\/fr\/produit\/paletero-bullpadel-icon-039-3\/#primaryimage"},"thumbnailUrl":"https:\/\/revolutionpadelstore.com\/wp-content\/uploads\/2025\/02\/113824-paletero-bullpadel-bpp25023-icon-448152-1200x1200-1.webp","datePublished":"2025-02-15T23:15:43+00:00","dateModified":"2026-04-08T05:50:35+00:00","description":"Descubre el Paletero Bullpadel Icon Grafito BPP-25023, usado por Juan Mart\u00edn D\u00edaz. M\u00e1xima protecci\u00f3n, compartimentos thermo y dise\u00f1o premium. \u00a1C\u00f3mpralo online ahora!","breadcrumb":{"@id":"https:\/\/revolutionpadelstore.com\/fr\/produit\/paletero-bullpadel-icon-039-3\/#breadcrumb"},"inLanguage":"fr-FR","potentialAction":[{"@type":"ReadAction","target":["https:\/\/revolutionpadelstore.com\/fr\/produit\/paletero-bullpadel-icon-039-3\/"]}]},{"@type":"ImageObject","inLanguage":"fr-FR","@id":"https:\/\/revolutionpadelstore.com\/fr\/produit\/paletero-bullpadel-icon-039-3\/#primaryimage","url":"https:\/\/revolutionpadelstore.com\/wp-content\/uploads\/2025\/02\/113824-paletero-bullpadel-bpp25023-icon-448152-1200x1200-1.webp","contentUrl":"https:\/\/revolutionpadelstore.com\/wp-content\/uploads\/2025\/02\/113824-paletero-bullpadel-bpp25023-icon-448152-1200x1200-1.webp","width":1200,"height":1200},{"@type":"BreadcrumbList","@id":"https:\/\/revolutionpadelstore.com\/fr\/produit\/paletero-bullpadel-icon-039-3\/#breadcrumb","itemListElement":[{"@type":"ListItem","position":1,"name":"Portada","item":"https:\/\/revolutionpadelstore.com\/fr\/"},{"@type":"ListItem","position":2,"name":"Boutique","item":"https:\/\/revolutionpadelstore.com\/fr\/tienda\/"},{"@type":"ListItem","position":3,"name":"PALETERO BULLPADEL ICON 039"}]},{"@type":"WebSite","@id":"https:\/\/revolutionpadelstore.com\/fr\/#website","url":"https:\/\/revolutionpadelstore.com\/fr\/","name":"Revolution Padel Store","description":"","publisher":{"@id":"https:\/\/revolutionpadelstore.com\/fr\/#organization"},"potentialAction":[{"@type":"SearchAction","target":{"@type":"EntryPoint","urlTemplate":"https:\/\/revolutionpadelstore.com\/fr\/?s={search_term_string}"},"query-input":{"@type":"PropertyValueSpecification","valueRequired":true,"valueName":"search_term_string"}}],"inLanguage":"fr-FR"},{"@type":"Organization","@id":"https:\/\/revolutionpadelstore.com\/fr\/#organization","name":"Revolution Padel Store","url":"https:\/\/revolutionpadelstore.com\/fr\/","logo":{"@type":"ImageObject","inLanguage":"fr-FR","@id":"https:\/\/revolutionpadelstore.com\/fr\/#\/schema\/logo\/image\/","url":"https:\/\/revolutionpadelstore.com\/wp-content\/uploads\/2026\/02\/revolution-padel-store.jpg","contentUrl":"https:\/\/revolutionpadelstore.com\/wp-content\/uploads\/2026\/02\/revolution-padel-store.jpg","width":2000,"height":2000,"caption":"Revolution Padel Store"},"image":{"@id":"https:\/\/revolutionpadelstore.com\/fr\/#\/schema\/logo\/image\/"},"sameAs":["https:\/\/www.instagram.com\/revolutionpadelstore\/"]}]}},"_links":{"self":[{"href":"https:\/\/revolutionpadelstore.com\/fr\/wp-json\/wp\/v2\/product\/170782","targetHints":{"allow":["GET"]}}],"collection":[{"href":"https:\/\/revolutionpadelstore.com\/fr\/wp-json\/wp\/v2\/product"}],"about":[{"href":"https:\/\/revolutionpadelstore.com\/fr\/wp-json\/wp\/v2\/types\/product"}],"replies":[{"embeddable":true,"href":"https:\/\/revolutionpadelstore.com\/fr\/wp-json\/wp\/v2\/comments?post=170782"}],"wp:featuredmedia":[{"embeddable":true,"href":"https:\/\/revolutionpadelstore.com\/fr\/wp-json\/wp\/v2\/media\/170753"}],"wp:attachment":[{"href":"https:\/\/revolutionpadelstore.com\/fr\/wp-json\/wp\/v2\/media?parent=170782"}],"wp:term":[{"taxonomy":"acabado","embeddable":true,"href":"https:\/\/revolutionpadelstore.com\/fr\/wp-json\/wp\/v2\/acabado?post=170782"},{"taxonomy":"balance","embeddable":true,"href":"https:\/\/revolutionpadelstore.com\/fr\/wp-json\/wp\/v2\/balance?post=170782"},{"taxonomy":"dureza","embeddable":true,"href":"https:\/\/revolutionpadelstore.com\/fr\/wp-json\/wp\/v2\/dureza?post=170782"},{"taxonomy":"forma","embeddable":true,"href":"https:\/\/revolutionpadelstore.com\/fr\/wp-json\/wp\/v2\/forma?post=170782"},{"taxonomy":"jugador","embeddable":true,"href":"https:\/\/revolutionpadelstore.com\/fr\/wp-json\/wp\/v2\/jugador?post=170782"},{"taxonomy":"marca","embeddable":true,"href":"https:\/\/revolutionpadelstore.com\/fr\/wp-json\/wp\/v2\/marca?post=170782"},{"taxonomy":"nivel-de-juego","embeddable":true,"href":"https:\/\/revolutionpadelstore.com\/fr\/wp-json\/wp\/v2\/nivel-de-juego?post=170782"},{"taxonomy":"superficie","embeddable":true,"href":"https:\/\/revolutionpadelstore.com\/fr\/wp-json\/wp\/v2\/superficie?post=170782"},{"taxonomy":"tipo-de-juego","embeddable":true,"href":"https:\/\/revolutionpadelstore.com\/fr\/wp-json\/wp\/v2\/tipo-de-juego?post=170782"},{"taxonomy":"product_brand","embeddable":true,"href":"https:\/\/revolutionpadelstore.com\/fr\/wp-json\/wp\/v2\/product_brand?post=170782"},{"taxonomy":"product_cat","embeddable":true,"href":"https:\/\/revolutionpadelstore.com\/fr\/wp-json\/wp\/v2\/product_cat?post=170782"},{"taxonomy":"product_tag","embeddable":true,"href":"https:\/\/revolutionpadelstore.com\/fr\/wp-json\/wp\/v2\/product_tag?post=170782"}],"curies":[{"name":"wp","href":"https:\/\/api.w.org\/{rel}","templated":true}]}}