{"id":170746,"date":"2025-02-15T23:52:44","date_gmt":"2025-02-15T22:52:44","guid":{"rendered":"https:\/\/revolutionpadelstore.com\/paletero-bullpadel-casual-005-negro-bpp25016\/"},"modified":"2026-04-08T07:50:59","modified_gmt":"2026-04-08T05:50:59","slug":"paletero-bullpadel-casual-005-negro-bpp25016-3","status":"publish","type":"product","link":"https:\/\/revolutionpadelstore.com\/fr\/produit\/paletero-bullpadel-casual-005-negro-bpp25016-3\/","title":{"rendered":"PALETERO BULLPADEL CASUAL 005 NEGRO BPP25016"},"content":{"rendered":"<h2> <strong> Paletero Bullpadel Black Black Blp25016 &#8211; Style, protection et confort <\/strong> <\/h2>\n<p>Si vous recherchez un <strong> r\u00e9sistant, \u00e9l\u00e9gant et fonctionnel Paletero <\/strong>, le <strong> bullpadel d\u00e9contract\u00e9 BPP25016 <\/strong> est l&#8217;option id\u00e9ale. Sa conception compacte et moderne vous permet de transporter votre \u00e9quipe de paddle avec un confort total et une s\u00e9curit\u00e9. <strong> en polyester 600D <\/strong>, garantit une grande durabilit\u00e9 et une r\u00e9sistance \u00e0 l&#8217;usure.<\/p>\n<p>Gr\u00e2ce \u00e0 sa <strong> ergonomie et polyvalence <\/strong>, il propose diff\u00e9rentes options de transport pour s&#8217;adapter \u00e0 vos besoins. De plus, il a un compartiment ventil\u00e9 <strong> <\/strong>, parfait pour garder vos chaussures et vos v\u00eatements s\u00e9par\u00e9s du reste de votre \u00e9quipement, en \u00e9vitant les mauvaises odeurs.<\/p>\n<h2> <strong> espace et organisation <\/strong> <\/h2>\n<p> &#8211; Large compartiment principal: portez vos v\u00eatements et accessoires avec un confort total.<br \/>\n-Capacit\u00e9 pour 4 lames: compartiments rembourr\u00e9s qui prot\u00e8gent contre les coups et les changements de temp\u00e9rature.<br \/>\n-Les bases additionnelles: id\u00e9al pour les objets personnels, les cl\u00e9s, le portefeuille ou le mobile.<br \/>\n-Medidas: 60x30x30 cm, parfait pour transporter tout ce dont vous avez besoin sans \u00eatre encombrant.<br \/>\n&#8211; Transport ergonomique: poign\u00e9es rembourr\u00e9es et r\u00e9glables pour un plus grand confort et des soins du dos.<\/p>\n<h2> <strong> Qualit\u00e9 et conception dans chaque d\u00e9tail <\/strong> <\/h2>\n<p>Le <strong> bullpadel d\u00e9contract\u00e9 BPP25016 <\/strong> combine le style et la fonctionnalit\u00e9 <strong> <\/strong>, avec un <strong> noir et sophistiqu\u00e9 design noir <\/strong>. Parfait pour exiger les joueurs \u00e0 la recherche d&#8217;un paletero avec des mat\u00e9riaux de haute qualit\u00e9 et une grande capacit\u00e9 de stockage.<\/p>\n<p><strong> maintenant disponible dans notre boutique en ligne <a href=\"https:\/\/www.revolutionpadelstore.com\/\"> www.revolutionpadelstore.com <\/a>, probablement au meilleur prix de march\u00e9. Vous faire aujourd&#8217;hui! <\/strong><\/p>\n","protected":false},"excerpt":{"rendered":"<p>Paletero Bullpadel Black Black Blp25016 &#8211; Style, protection et confort Si vous recherchez un r\u00e9sistant, \u00e9l\u00e9gant et fonctionnel Paletero , le bullpadel d\u00e9contract\u00e9 BPP25016 est l&#8217;option id\u00e9ale. Sa conception compacte et moderne vous permet de transporter votre \u00e9quipe de paddle avec un confort total et une s\u00e9curit\u00e9. en polyester 600D , garantit une grande durabilit\u00e9 [&hellip;]<\/p>\n","protected":false},"featured_media":170722,"comment_status":"open","ping_status":"closed","template":"","meta":{"_acf_changed":false,"_joinchat":[]},"acabado":[],"balance":[],"dureza":[],"forma":[],"jugador":[],"marca":[1257],"nivel-de-juego":[],"superficie":[],"tipo-de-juego":[],"product_brand":[],"product_cat":[320],"product_tag":[],"class_list":{"0":"post-170746","1":"product","2":"type-product","3":"status-publish","4":"has-post-thumbnail","6":"marca-bullpadel-fr","7":"product_cat-sacs","9":"first","10":"outofstock","11":"sale","12":"taxable","13":"shipping-taxable","14":"purchasable","15":"product-type-simple"},"acf":[],"yoast_head":"<!-- This site is optimized with the Yoast SEO plugin v27.4 - https:\/\/yoast.com\/product\/yoast-seo-wordpress\/ -->\n<title>PALETERO BULLPADEL CASUAL 005 NEGRO BPP25016 - Revolution Padel Store<\/title>\n<meta name=\"description\" content=\"Compra el Paletero Bullpadel Casual Negro BPP25016 en nuestra tienda online. Dise\u00f1o resistente, amplio espacio y compartimentos acolchados. \u00a1Elige calidad y estilo!\" \/>\n<meta name=\"robots\" content=\"index, follow, max-snippet:-1, max-image-preview:large, max-video-preview:-1\" \/>\n<link rel=\"canonical\" href=\"https:\/\/revolutionpadelstore.com\/fr\/produit\/paletero-bullpadel-casual-005-negro-bpp25016-3\/\" \/>\n<meta property=\"og:locale\" content=\"fr_FR\" \/>\n<meta property=\"og:type\" content=\"article\" \/>\n<meta property=\"og:title\" content=\"PALETERO BULLPADEL CASUAL 005 NEGRO BPP25016 - Revolution Padel Store\" \/>\n<meta property=\"og:description\" content=\"Compra el Paletero Bullpadel Casual Negro BPP25016 en nuestra tienda online. Dise\u00f1o resistente, amplio espacio y compartimentos acolchados. \u00a1Elige calidad y estilo!\" \/>\n<meta property=\"og:url\" content=\"https:\/\/revolutionpadelstore.com\/fr\/produit\/paletero-bullpadel-casual-005-negro-bpp25016-3\/\" \/>\n<meta property=\"og:site_name\" content=\"Revolution Padel Store\" \/>\n<meta property=\"article:modified_time\" content=\"2026-04-08T05:50:59+00:00\" \/>\n<meta property=\"og:image\" content=\"https:\/\/revolutionpadelstore.com\/wp-content\/uploads\/2025\/02\/113818-paletero-bullpadel-bpp25016-casual-448161-1500x1500-1.webp\" \/>\n\t<meta property=\"og:image:width\" content=\"1500\" \/>\n\t<meta property=\"og:image:height\" content=\"1500\" \/>\n\t<meta property=\"og:image:type\" content=\"image\/webp\" \/>\n<meta name=\"twitter:card\" content=\"summary_large_image\" \/>\n<meta name=\"twitter:label1\" content=\"Dur\u00e9e de lecture estim\u00e9e\" \/>\n\t<meta name=\"twitter:data1\" content=\"2 minutes\" \/>\n<script type=\"application\/ld+json\" class=\"yoast-schema-graph\">{\"@context\":\"https:\\\/\\\/schema.org\",\"@graph\":[{\"@type\":\"WebPage\",\"@id\":\"https:\\\/\\\/revolutionpadelstore.com\\\/fr\\\/produit\\\/paletero-bullpadel-casual-005-negro-bpp25016-3\\\/\",\"url\":\"https:\\\/\\\/revolutionpadelstore.com\\\/fr\\\/produit\\\/paletero-bullpadel-casual-005-negro-bpp25016-3\\\/\",\"name\":\"PALETERO BULLPADEL CASUAL 005 NEGRO BPP25016 - Revolution Padel Store\",\"isPartOf\":{\"@id\":\"https:\\\/\\\/revolutionpadelstore.com\\\/fr\\\/#website\"},\"primaryImageOfPage\":{\"@id\":\"https:\\\/\\\/revolutionpadelstore.com\\\/fr\\\/produit\\\/paletero-bullpadel-casual-005-negro-bpp25016-3\\\/#primaryimage\"},\"image\":{\"@id\":\"https:\\\/\\\/revolutionpadelstore.com\\\/fr\\\/produit\\\/paletero-bullpadel-casual-005-negro-bpp25016-3\\\/#primaryimage\"},\"thumbnailUrl\":\"https:\\\/\\\/revolutionpadelstore.com\\\/wp-content\\\/uploads\\\/2025\\\/02\\\/113818-paletero-bullpadel-bpp25016-casual-448161-1500x1500-1.webp\",\"datePublished\":\"2025-02-15T22:52:44+00:00\",\"dateModified\":\"2026-04-08T05:50:59+00:00\",\"description\":\"Compra el Paletero Bullpadel Casual Negro BPP25016 en nuestra tienda online. Dise\u00f1o resistente, amplio espacio y compartimentos acolchados. \u00a1Elige calidad y estilo!\",\"breadcrumb\":{\"@id\":\"https:\\\/\\\/revolutionpadelstore.com\\\/fr\\\/produit\\\/paletero-bullpadel-casual-005-negro-bpp25016-3\\\/#breadcrumb\"},\"inLanguage\":\"fr-FR\",\"potentialAction\":[{\"@type\":\"ReadAction\",\"target\":[\"https:\\\/\\\/revolutionpadelstore.com\\\/fr\\\/produit\\\/paletero-bullpadel-casual-005-negro-bpp25016-3\\\/\"]}]},{\"@type\":\"ImageObject\",\"inLanguage\":\"fr-FR\",\"@id\":\"https:\\\/\\\/revolutionpadelstore.com\\\/fr\\\/produit\\\/paletero-bullpadel-casual-005-negro-bpp25016-3\\\/#primaryimage\",\"url\":\"https:\\\/\\\/revolutionpadelstore.com\\\/wp-content\\\/uploads\\\/2025\\\/02\\\/113818-paletero-bullpadel-bpp25016-casual-448161-1500x1500-1.webp\",\"contentUrl\":\"https:\\\/\\\/revolutionpadelstore.com\\\/wp-content\\\/uploads\\\/2025\\\/02\\\/113818-paletero-bullpadel-bpp25016-casual-448161-1500x1500-1.webp\",\"width\":1500,\"height\":1500},{\"@type\":\"BreadcrumbList\",\"@id\":\"https:\\\/\\\/revolutionpadelstore.com\\\/fr\\\/produit\\\/paletero-bullpadel-casual-005-negro-bpp25016-3\\\/#breadcrumb\",\"itemListElement\":[{\"@type\":\"ListItem\",\"position\":1,\"name\":\"Portada\",\"item\":\"https:\\\/\\\/revolutionpadelstore.com\\\/fr\\\/\"},{\"@type\":\"ListItem\",\"position\":2,\"name\":\"Boutique\",\"item\":\"https:\\\/\\\/revolutionpadelstore.com\\\/fr\\\/tienda\\\/\"},{\"@type\":\"ListItem\",\"position\":3,\"name\":\"PALETERO BULLPADEL CASUAL 005 NEGRO BPP25016\"}]},{\"@type\":\"WebSite\",\"@id\":\"https:\\\/\\\/revolutionpadelstore.com\\\/fr\\\/#website\",\"url\":\"https:\\\/\\\/revolutionpadelstore.com\\\/fr\\\/\",\"name\":\"Revolution Padel Store\",\"description\":\"\",\"publisher\":{\"@id\":\"https:\\\/\\\/revolutionpadelstore.com\\\/fr\\\/#organization\"},\"potentialAction\":[{\"@type\":\"SearchAction\",\"target\":{\"@type\":\"EntryPoint\",\"urlTemplate\":\"https:\\\/\\\/revolutionpadelstore.com\\\/fr\\\/?s={search_term_string}\"},\"query-input\":{\"@type\":\"PropertyValueSpecification\",\"valueRequired\":true,\"valueName\":\"search_term_string\"}}],\"inLanguage\":\"fr-FR\"},{\"@type\":\"Organization\",\"@id\":\"https:\\\/\\\/revolutionpadelstore.com\\\/fr\\\/#organization\",\"name\":\"Revolution Padel Store\",\"url\":\"https:\\\/\\\/revolutionpadelstore.com\\\/fr\\\/\",\"logo\":{\"@type\":\"ImageObject\",\"inLanguage\":\"fr-FR\",\"@id\":\"https:\\\/\\\/revolutionpadelstore.com\\\/fr\\\/#\\\/schema\\\/logo\\\/image\\\/\",\"url\":\"https:\\\/\\\/revolutionpadelstore.com\\\/wp-content\\\/uploads\\\/2026\\\/02\\\/revolution-padel-store.jpg\",\"contentUrl\":\"https:\\\/\\\/revolutionpadelstore.com\\\/wp-content\\\/uploads\\\/2026\\\/02\\\/revolution-padel-store.jpg\",\"width\":2000,\"height\":2000,\"caption\":\"Revolution Padel Store\"},\"image\":{\"@id\":\"https:\\\/\\\/revolutionpadelstore.com\\\/fr\\\/#\\\/schema\\\/logo\\\/image\\\/\"},\"sameAs\":[\"https:\\\/\\\/www.instagram.com\\\/revolutionpadelstore\\\/\"]}]}<\/script>\n<!-- \/ Yoast SEO plugin. -->","yoast_head_json":{"title":"PALETERO BULLPADEL CASUAL 005 NEGRO BPP25016 - Revolution Padel Store","description":"Compra el Paletero Bullpadel Casual Negro BPP25016 en nuestra tienda online. Dise\u00f1o resistente, amplio espacio y compartimentos acolchados. \u00a1Elige calidad y estilo!","robots":{"index":"index","follow":"follow","max-snippet":"max-snippet:-1","max-image-preview":"max-image-preview:large","max-video-preview":"max-video-preview:-1"},"canonical":"https:\/\/revolutionpadelstore.com\/fr\/produit\/paletero-bullpadel-casual-005-negro-bpp25016-3\/","og_locale":"fr_FR","og_type":"article","og_title":"PALETERO BULLPADEL CASUAL 005 NEGRO BPP25016 - Revolution Padel Store","og_description":"Compra el Paletero Bullpadel Casual Negro BPP25016 en nuestra tienda online. Dise\u00f1o resistente, amplio espacio y compartimentos acolchados. \u00a1Elige calidad y estilo!","og_url":"https:\/\/revolutionpadelstore.com\/fr\/produit\/paletero-bullpadel-casual-005-negro-bpp25016-3\/","og_site_name":"Revolution Padel Store","article_modified_time":"2026-04-08T05:50:59+00:00","og_image":[{"width":1500,"height":1500,"url":"https:\/\/revolutionpadelstore.com\/wp-content\/uploads\/2025\/02\/113818-paletero-bullpadel-bpp25016-casual-448161-1500x1500-1.webp","type":"image\/webp"}],"twitter_card":"summary_large_image","twitter_misc":{"Dur\u00e9e de lecture estim\u00e9e":"2 minutes"},"schema":{"@context":"https:\/\/schema.org","@graph":[{"@type":"WebPage","@id":"https:\/\/revolutionpadelstore.com\/fr\/produit\/paletero-bullpadel-casual-005-negro-bpp25016-3\/","url":"https:\/\/revolutionpadelstore.com\/fr\/produit\/paletero-bullpadel-casual-005-negro-bpp25016-3\/","name":"PALETERO BULLPADEL CASUAL 005 NEGRO BPP25016 - Revolution Padel Store","isPartOf":{"@id":"https:\/\/revolutionpadelstore.com\/fr\/#website"},"primaryImageOfPage":{"@id":"https:\/\/revolutionpadelstore.com\/fr\/produit\/paletero-bullpadel-casual-005-negro-bpp25016-3\/#primaryimage"},"image":{"@id":"https:\/\/revolutionpadelstore.com\/fr\/produit\/paletero-bullpadel-casual-005-negro-bpp25016-3\/#primaryimage"},"thumbnailUrl":"https:\/\/revolutionpadelstore.com\/wp-content\/uploads\/2025\/02\/113818-paletero-bullpadel-bpp25016-casual-448161-1500x1500-1.webp","datePublished":"2025-02-15T22:52:44+00:00","dateModified":"2026-04-08T05:50:59+00:00","description":"Compra el Paletero Bullpadel Casual Negro BPP25016 en nuestra tienda online. Dise\u00f1o resistente, amplio espacio y compartimentos acolchados. \u00a1Elige calidad y estilo!","breadcrumb":{"@id":"https:\/\/revolutionpadelstore.com\/fr\/produit\/paletero-bullpadel-casual-005-negro-bpp25016-3\/#breadcrumb"},"inLanguage":"fr-FR","potentialAction":[{"@type":"ReadAction","target":["https:\/\/revolutionpadelstore.com\/fr\/produit\/paletero-bullpadel-casual-005-negro-bpp25016-3\/"]}]},{"@type":"ImageObject","inLanguage":"fr-FR","@id":"https:\/\/revolutionpadelstore.com\/fr\/produit\/paletero-bullpadel-casual-005-negro-bpp25016-3\/#primaryimage","url":"https:\/\/revolutionpadelstore.com\/wp-content\/uploads\/2025\/02\/113818-paletero-bullpadel-bpp25016-casual-448161-1500x1500-1.webp","contentUrl":"https:\/\/revolutionpadelstore.com\/wp-content\/uploads\/2025\/02\/113818-paletero-bullpadel-bpp25016-casual-448161-1500x1500-1.webp","width":1500,"height":1500},{"@type":"BreadcrumbList","@id":"https:\/\/revolutionpadelstore.com\/fr\/produit\/paletero-bullpadel-casual-005-negro-bpp25016-3\/#breadcrumb","itemListElement":[{"@type":"ListItem","position":1,"name":"Portada","item":"https:\/\/revolutionpadelstore.com\/fr\/"},{"@type":"ListItem","position":2,"name":"Boutique","item":"https:\/\/revolutionpadelstore.com\/fr\/tienda\/"},{"@type":"ListItem","position":3,"name":"PALETERO BULLPADEL CASUAL 005 NEGRO BPP25016"}]},{"@type":"WebSite","@id":"https:\/\/revolutionpadelstore.com\/fr\/#website","url":"https:\/\/revolutionpadelstore.com\/fr\/","name":"Revolution Padel Store","description":"","publisher":{"@id":"https:\/\/revolutionpadelstore.com\/fr\/#organization"},"potentialAction":[{"@type":"SearchAction","target":{"@type":"EntryPoint","urlTemplate":"https:\/\/revolutionpadelstore.com\/fr\/?s={search_term_string}"},"query-input":{"@type":"PropertyValueSpecification","valueRequired":true,"valueName":"search_term_string"}}],"inLanguage":"fr-FR"},{"@type":"Organization","@id":"https:\/\/revolutionpadelstore.com\/fr\/#organization","name":"Revolution Padel Store","url":"https:\/\/revolutionpadelstore.com\/fr\/","logo":{"@type":"ImageObject","inLanguage":"fr-FR","@id":"https:\/\/revolutionpadelstore.com\/fr\/#\/schema\/logo\/image\/","url":"https:\/\/revolutionpadelstore.com\/wp-content\/uploads\/2026\/02\/revolution-padel-store.jpg","contentUrl":"https:\/\/revolutionpadelstore.com\/wp-content\/uploads\/2026\/02\/revolution-padel-store.jpg","width":2000,"height":2000,"caption":"Revolution Padel Store"},"image":{"@id":"https:\/\/revolutionpadelstore.com\/fr\/#\/schema\/logo\/image\/"},"sameAs":["https:\/\/www.instagram.com\/revolutionpadelstore\/"]}]}},"_links":{"self":[{"href":"https:\/\/revolutionpadelstore.com\/fr\/wp-json\/wp\/v2\/product\/170746","targetHints":{"allow":["GET"]}}],"collection":[{"href":"https:\/\/revolutionpadelstore.com\/fr\/wp-json\/wp\/v2\/product"}],"about":[{"href":"https:\/\/revolutionpadelstore.com\/fr\/wp-json\/wp\/v2\/types\/product"}],"replies":[{"embeddable":true,"href":"https:\/\/revolutionpadelstore.com\/fr\/wp-json\/wp\/v2\/comments?post=170746"}],"wp:featuredmedia":[{"embeddable":true,"href":"https:\/\/revolutionpadelstore.com\/fr\/wp-json\/wp\/v2\/media\/170722"}],"wp:attachment":[{"href":"https:\/\/revolutionpadelstore.com\/fr\/wp-json\/wp\/v2\/media?parent=170746"}],"wp:term":[{"taxonomy":"acabado","embeddable":true,"href":"https:\/\/revolutionpadelstore.com\/fr\/wp-json\/wp\/v2\/acabado?post=170746"},{"taxonomy":"balance","embeddable":true,"href":"https:\/\/revolutionpadelstore.com\/fr\/wp-json\/wp\/v2\/balance?post=170746"},{"taxonomy":"dureza","embeddable":true,"href":"https:\/\/revolutionpadelstore.com\/fr\/wp-json\/wp\/v2\/dureza?post=170746"},{"taxonomy":"forma","embeddable":true,"href":"https:\/\/revolutionpadelstore.com\/fr\/wp-json\/wp\/v2\/forma?post=170746"},{"taxonomy":"jugador","embeddable":true,"href":"https:\/\/revolutionpadelstore.com\/fr\/wp-json\/wp\/v2\/jugador?post=170746"},{"taxonomy":"marca","embeddable":true,"href":"https:\/\/revolutionpadelstore.com\/fr\/wp-json\/wp\/v2\/marca?post=170746"},{"taxonomy":"nivel-de-juego","embeddable":true,"href":"https:\/\/revolutionpadelstore.com\/fr\/wp-json\/wp\/v2\/nivel-de-juego?post=170746"},{"taxonomy":"superficie","embeddable":true,"href":"https:\/\/revolutionpadelstore.com\/fr\/wp-json\/wp\/v2\/superficie?post=170746"},{"taxonomy":"tipo-de-juego","embeddable":true,"href":"https:\/\/revolutionpadelstore.com\/fr\/wp-json\/wp\/v2\/tipo-de-juego?post=170746"},{"taxonomy":"product_brand","embeddable":true,"href":"https:\/\/revolutionpadelstore.com\/fr\/wp-json\/wp\/v2\/product_brand?post=170746"},{"taxonomy":"product_cat","embeddable":true,"href":"https:\/\/revolutionpadelstore.com\/fr\/wp-json\/wp\/v2\/product_cat?post=170746"},{"taxonomy":"product_tag","embeddable":true,"href":"https:\/\/revolutionpadelstore.com\/fr\/wp-json\/wp\/v2\/product_tag?post=170746"}],"curies":[{"name":"wp","href":"https:\/\/api.w.org\/{rel}","templated":true}]}}