{"id":168198,"date":"2025-02-06T23:12:48","date_gmt":"2025-02-06T22:12:48","guid":{"rendered":"https:\/\/revolutionpadelstore.com\/siux-fenix-pro-5-2025\/"},"modified":"2026-04-08T07:52:41","modified_gmt":"2026-04-08T05:52:41","slug":"siux-fenix-pro-5-2025-3","status":"publish","type":"product","link":"https:\/\/revolutionpadelstore.com\/fr\/produit\/siux-fenix-pro-5-2025-3\/","title":{"rendered":"SIUX FENIX PRO 5 2025"},"content":{"rendered":"<h2> <strong> Siux Fenix \u200b\u200bPro 5 2025 &#8211; La pelle de Leo Augsburger pour un jeu offensif imparable <\/strong> <\/h2>\n<p>Si vous \u00eates un joueur agressif qui cherche \u00e0 dominer chaque point avec des coups puissants et pr\u00e9cis, le <strong> Siux Fenix \u200b\u200bPro 5 2025 <\/strong> est votre meilleur alli\u00e9. Con\u00e7u pour les joueurs avanc\u00e9s et professionnels avanc\u00e9s <\/strong>, cette pelle de forme <strong> diamant et de haut niveau <\/strong> maximise la puissance de chaque coup sans sacrifier la maniabilit\u00e9.<\/p>\n<p style=\"padding-left: 40px\"> &#8211; poids: 355-375 g<br \/>\n-Neel: avanc\u00e9 \/ professionnel<br \/>\n-Type de jeu: Power <\/p>\n<h2> <strong> Pouvoir explosif avec pr\u00e9cision absolue <\/strong> <\/h2>\n<p>Le <strong> Siux Fenix \u200b\u200bPro 5 2025 <\/strong> a \u00e9t\u00e9 fabriqu\u00e9 avec du carbone <strong> 24K dans les plans <\/strong>, qui fournit <strong> une plus grande r\u00e9sistance, une rigidit\u00e9 et une sortie de balle exceptionnelle <\/strong> . Son noyau dur EVA optimise l&#8217;absorption d&#8217;impact, offrant un toucher dur qui am\u00e9liore la pr\u00e9cision des coups \u00e0 grande vitesse. De plus, sa finition rugueuse 3D am\u00e9liore les effets pour faire en sorte que chaque coup fait la diff\u00e9rence.<\/p>\n<p style=\"padding-left: 40px\"> &#8211; Formulaire de diamant: id\u00e9al pour un jeu offensif<br \/>\n-Po de haut: une plus grande acc\u00e9l\u00e9ration et puissance dans chaque coup<br \/>\n-24k Plans en carbone: plus de durabilit\u00e9 et une r\u00e9ponse optimale<br \/>\n-Hard Eva Nucleus: Contr\u00f4le et puissance \u00e9quilibr\u00e9s<br \/>\n-3d Rugosit\u00e9: effets am\u00e9lior\u00e9s sur les coups soulev\u00e9s et coup\u00e9s <\/p>\n<h2> <strong> con\u00e7u pour les joueurs les plus agressifs <\/strong> <\/h2>\n<p>Si votre style de jeu est bas\u00e9 sur la force <strong> et la pr\u00e9cision <\/strong>, le <strong> Siux Fenix \u200b\u200bPro 5 <\/strong> vous fournira des performances sup\u00e9rieures. Con\u00e7u pour les joueurs avec <strong> technique avanc\u00e9e <\/strong>, ce mod\u00e8le r\u00e9pond efficacement dans chaque coup, offrant une puissance explosive sans perdre le contr\u00f4le.<\/p>\n<h2> <strong> Innovation et mat\u00e9riaux haute performance <\/strong> <\/h2>\n<p style=\"padding-left: 40px\"> &#8211; Cadre de carbone 3K: plus de stabilit\u00e9 et de r\u00e9sistance<br \/>\n-Cacte optimis\u00e9: point doux am\u00e9lior\u00e9 pour le confort et l&#8217;efficacit\u00e9<br \/>\n-Tho dur: pr\u00e9cision dans les coups rapides et puissants <\/p>\n<h2> <strong> Achetez-le maintenant au meilleur prix! <\/strong> <\/h2>\n<p>\u00c9quipez avec la <strong> pellette Leo Augsburger <\/strong> et passez votre jeu offensif au niveau sup\u00e9rieur. Trouvez le <strong> Siux Fenix \u200b\u200bPro 5 2025 <\/strong> dans notre boutique en ligne <strong> <A href=\"https:\/\/chatgpt.com\/g\/g-675432e026888191b6ee6d6f2fdbb15e-optimisation-textos\/c\/www.revolutionpadelstore.com\"> Revolution Padel Store <\/a> <\/strong>, probablement au prix de march\u00e9.<\/p>\n<p><strong> obtenez-la et domine la piste avec le pouvoir et la pr\u00e9cision! <\/strong> <strong> <\/strong><\/p>\n","protected":false},"excerpt":{"rendered":"<p>Le <strong> Siux Fenix \u200b\u200bPro 5 2025 <\/strong> est une pelle haute performance con\u00e7ue pour am\u00e9liorer le jeu offensif. Avec son format dans <strong> diamant <\/strong>, <strong> High Balance <\/strong> et la construction dans <strong> carbone 24k <\/strong>, propose une combinaison exceptionnelle de puissance <strong>, de pr\u00e9cision et de contr\u00f4le <\/\/ \/ Fort>. Il s&#8217;agit du mod\u00e8le officiel du <strong> Leo Augsburger <\/strong>, id\u00e9al pour ceux qui recherchent des performances maximales sur la piste.<strong>Siux Fenix Pro 5 2025<\/strong><\/p>\n","protected":false},"featured_media":168121,"comment_status":"open","ping_status":"closed","template":"","meta":{"_acf_changed":false,"_joinchat":[]},"acabado":[1082,1092],"balance":[1137],"dureza":[1162],"forma":[1172],"jugador":[1192,1202],"marca":[1307],"nivel-de-juego":[1337],"superficie":[1362],"tipo-de-juego":[1377],"product_brand":[],"product_cat":[302],"product_tag":[],"class_list":{"0":"post-168198","1":"product","2":"type-product","3":"status-publish","4":"has-post-thumbnail","6":"acabado-luminosite","7":"acabado-soulager-la-3d","8":"balance-eleve","9":"dureza-dure","10":"forma-diamant","11":"jugador-homme","12":"jugador-polivalente-fr","13":"marca-siux-fr","14":"superficie-rugosa-fr","15":"tipo-de-juego-puissance","16":"product_cat-palas-de-padel-fr","18":"first","19":"instock","20":"sale","21":"taxable","22":"shipping-taxable","23":"purchasable","24":"product-type-simple"},"acf":[],"yoast_head":"<!-- This site is optimized with the Yoast SEO plugin v27.4 - https:\/\/yoast.com\/product\/yoast-seo-wordpress\/ -->\n<title>SIUX FENIX PRO 5 2025 - Revolution Padel Store<\/title>\n<meta name=\"description\" content=\"Descubre la Siux Fenix Pro 5 2025, la pala de Leo Augsburger para jugadores ofensivos. Potencia, precisi\u00f3n y tecnolog\u00eda avanzada. \u00a1C\u00f3mprala en Revolution Padel Store!\" \/>\n<meta name=\"robots\" content=\"index, follow, max-snippet:-1, max-image-preview:large, max-video-preview:-1\" \/>\n<link rel=\"canonical\" href=\"https:\/\/revolutionpadelstore.com\/fr\/produit\/siux-fenix-pro-5-2025-3\/\" \/>\n<meta property=\"og:locale\" content=\"fr_FR\" \/>\n<meta property=\"og:type\" content=\"article\" \/>\n<meta property=\"og:title\" content=\"SIUX FENIX PRO 5 2025 - Revolution Padel Store\" \/>\n<meta property=\"og:description\" content=\"Descubre la Siux Fenix Pro 5 2025, la pala de Leo Augsburger para jugadores ofensivos. Potencia, precisi\u00f3n y tecnolog\u00eda avanzada. \u00a1C\u00f3mprala en Revolution Padel Store!\" \/>\n<meta property=\"og:url\" content=\"https:\/\/revolutionpadelstore.com\/fr\/produit\/siux-fenix-pro-5-2025-3\/\" \/>\n<meta property=\"og:site_name\" content=\"Revolution Padel Store\" \/>\n<meta property=\"article:modified_time\" content=\"2026-04-08T05:52:41+00:00\" \/>\n<meta property=\"og:image\" content=\"https:\/\/revolutionpadelstore.com\/wp-content\/uploads\/2025\/02\/112643-siux-fenix-pro-5-1500x1500-vista1.webp\" \/>\n\t<meta property=\"og:image:width\" content=\"1500\" \/>\n\t<meta property=\"og:image:height\" content=\"1500\" \/>\n\t<meta property=\"og:image:type\" content=\"image\/webp\" \/>\n<meta name=\"twitter:card\" content=\"summary_large_image\" \/>\n<meta name=\"twitter:label1\" content=\"Dur\u00e9e de lecture estim\u00e9e\" \/>\n\t<meta name=\"twitter:data1\" content=\"2 minutes\" \/>\n<script type=\"application\/ld+json\" class=\"yoast-schema-graph\">{\"@context\":\"https:\\\/\\\/schema.org\",\"@graph\":[{\"@type\":\"WebPage\",\"@id\":\"https:\\\/\\\/revolutionpadelstore.com\\\/fr\\\/produit\\\/siux-fenix-pro-5-2025-3\\\/\",\"url\":\"https:\\\/\\\/revolutionpadelstore.com\\\/fr\\\/produit\\\/siux-fenix-pro-5-2025-3\\\/\",\"name\":\"SIUX FENIX PRO 5 2025 - Revolution Padel Store\",\"isPartOf\":{\"@id\":\"https:\\\/\\\/revolutionpadelstore.com\\\/fr\\\/#website\"},\"primaryImageOfPage\":{\"@id\":\"https:\\\/\\\/revolutionpadelstore.com\\\/fr\\\/produit\\\/siux-fenix-pro-5-2025-3\\\/#primaryimage\"},\"image\":{\"@id\":\"https:\\\/\\\/revolutionpadelstore.com\\\/fr\\\/produit\\\/siux-fenix-pro-5-2025-3\\\/#primaryimage\"},\"thumbnailUrl\":\"https:\\\/\\\/revolutionpadelstore.com\\\/wp-content\\\/uploads\\\/2025\\\/02\\\/112643-siux-fenix-pro-5-1500x1500-vista1.webp\",\"datePublished\":\"2025-02-06T22:12:48+00:00\",\"dateModified\":\"2026-04-08T05:52:41+00:00\",\"description\":\"Descubre la Siux Fenix Pro 5 2025, la pala de Leo Augsburger para jugadores ofensivos. Potencia, precisi\u00f3n y tecnolog\u00eda avanzada. \u00a1C\u00f3mprala en Revolution Padel Store!\",\"breadcrumb\":{\"@id\":\"https:\\\/\\\/revolutionpadelstore.com\\\/fr\\\/produit\\\/siux-fenix-pro-5-2025-3\\\/#breadcrumb\"},\"inLanguage\":\"fr-FR\",\"potentialAction\":[{\"@type\":\"ReadAction\",\"target\":[\"https:\\\/\\\/revolutionpadelstore.com\\\/fr\\\/produit\\\/siux-fenix-pro-5-2025-3\\\/\"]}]},{\"@type\":\"ImageObject\",\"inLanguage\":\"fr-FR\",\"@id\":\"https:\\\/\\\/revolutionpadelstore.com\\\/fr\\\/produit\\\/siux-fenix-pro-5-2025-3\\\/#primaryimage\",\"url\":\"https:\\\/\\\/revolutionpadelstore.com\\\/wp-content\\\/uploads\\\/2025\\\/02\\\/112643-siux-fenix-pro-5-1500x1500-vista1.webp\",\"contentUrl\":\"https:\\\/\\\/revolutionpadelstore.com\\\/wp-content\\\/uploads\\\/2025\\\/02\\\/112643-siux-fenix-pro-5-1500x1500-vista1.webp\",\"width\":1500,\"height\":1500},{\"@type\":\"BreadcrumbList\",\"@id\":\"https:\\\/\\\/revolutionpadelstore.com\\\/fr\\\/produit\\\/siux-fenix-pro-5-2025-3\\\/#breadcrumb\",\"itemListElement\":[{\"@type\":\"ListItem\",\"position\":1,\"name\":\"Portada\",\"item\":\"https:\\\/\\\/revolutionpadelstore.com\\\/fr\\\/\"},{\"@type\":\"ListItem\",\"position\":2,\"name\":\"Boutique\",\"item\":\"https:\\\/\\\/revolutionpadelstore.com\\\/fr\\\/tienda\\\/\"},{\"@type\":\"ListItem\",\"position\":3,\"name\":\"SIUX FENIX PRO 5 2025\"}]},{\"@type\":\"WebSite\",\"@id\":\"https:\\\/\\\/revolutionpadelstore.com\\\/fr\\\/#website\",\"url\":\"https:\\\/\\\/revolutionpadelstore.com\\\/fr\\\/\",\"name\":\"Revolution Padel Store\",\"description\":\"\",\"publisher\":{\"@id\":\"https:\\\/\\\/revolutionpadelstore.com\\\/fr\\\/#organization\"},\"potentialAction\":[{\"@type\":\"SearchAction\",\"target\":{\"@type\":\"EntryPoint\",\"urlTemplate\":\"https:\\\/\\\/revolutionpadelstore.com\\\/fr\\\/?s={search_term_string}\"},\"query-input\":{\"@type\":\"PropertyValueSpecification\",\"valueRequired\":true,\"valueName\":\"search_term_string\"}}],\"inLanguage\":\"fr-FR\"},{\"@type\":\"Organization\",\"@id\":\"https:\\\/\\\/revolutionpadelstore.com\\\/fr\\\/#organization\",\"name\":\"Revolution Padel Store\",\"url\":\"https:\\\/\\\/revolutionpadelstore.com\\\/fr\\\/\",\"logo\":{\"@type\":\"ImageObject\",\"inLanguage\":\"fr-FR\",\"@id\":\"https:\\\/\\\/revolutionpadelstore.com\\\/fr\\\/#\\\/schema\\\/logo\\\/image\\\/\",\"url\":\"https:\\\/\\\/revolutionpadelstore.com\\\/wp-content\\\/uploads\\\/2026\\\/02\\\/revolution-padel-store.jpg\",\"contentUrl\":\"https:\\\/\\\/revolutionpadelstore.com\\\/wp-content\\\/uploads\\\/2026\\\/02\\\/revolution-padel-store.jpg\",\"width\":2000,\"height\":2000,\"caption\":\"Revolution Padel Store\"},\"image\":{\"@id\":\"https:\\\/\\\/revolutionpadelstore.com\\\/fr\\\/#\\\/schema\\\/logo\\\/image\\\/\"},\"sameAs\":[\"https:\\\/\\\/www.instagram.com\\\/revolutionpadelstore\\\/\"]}]}<\/script>\n<!-- \/ Yoast SEO plugin. -->","yoast_head_json":{"title":"SIUX FENIX PRO 5 2025 - Revolution Padel Store","description":"Descubre la Siux Fenix Pro 5 2025, la pala de Leo Augsburger para jugadores ofensivos. Potencia, precisi\u00f3n y tecnolog\u00eda avanzada. \u00a1C\u00f3mprala en Revolution Padel Store!","robots":{"index":"index","follow":"follow","max-snippet":"max-snippet:-1","max-image-preview":"max-image-preview:large","max-video-preview":"max-video-preview:-1"},"canonical":"https:\/\/revolutionpadelstore.com\/fr\/produit\/siux-fenix-pro-5-2025-3\/","og_locale":"fr_FR","og_type":"article","og_title":"SIUX FENIX PRO 5 2025 - Revolution Padel Store","og_description":"Descubre la Siux Fenix Pro 5 2025, la pala de Leo Augsburger para jugadores ofensivos. Potencia, precisi\u00f3n y tecnolog\u00eda avanzada. \u00a1C\u00f3mprala en Revolution Padel Store!","og_url":"https:\/\/revolutionpadelstore.com\/fr\/produit\/siux-fenix-pro-5-2025-3\/","og_site_name":"Revolution Padel Store","article_modified_time":"2026-04-08T05:52:41+00:00","og_image":[{"width":1500,"height":1500,"url":"https:\/\/revolutionpadelstore.com\/wp-content\/uploads\/2025\/02\/112643-siux-fenix-pro-5-1500x1500-vista1.webp","type":"image\/webp"}],"twitter_card":"summary_large_image","twitter_misc":{"Dur\u00e9e de lecture estim\u00e9e":"2 minutes"},"schema":{"@context":"https:\/\/schema.org","@graph":[{"@type":"WebPage","@id":"https:\/\/revolutionpadelstore.com\/fr\/produit\/siux-fenix-pro-5-2025-3\/","url":"https:\/\/revolutionpadelstore.com\/fr\/produit\/siux-fenix-pro-5-2025-3\/","name":"SIUX FENIX PRO 5 2025 - Revolution Padel Store","isPartOf":{"@id":"https:\/\/revolutionpadelstore.com\/fr\/#website"},"primaryImageOfPage":{"@id":"https:\/\/revolutionpadelstore.com\/fr\/produit\/siux-fenix-pro-5-2025-3\/#primaryimage"},"image":{"@id":"https:\/\/revolutionpadelstore.com\/fr\/produit\/siux-fenix-pro-5-2025-3\/#primaryimage"},"thumbnailUrl":"https:\/\/revolutionpadelstore.com\/wp-content\/uploads\/2025\/02\/112643-siux-fenix-pro-5-1500x1500-vista1.webp","datePublished":"2025-02-06T22:12:48+00:00","dateModified":"2026-04-08T05:52:41+00:00","description":"Descubre la Siux Fenix Pro 5 2025, la pala de Leo Augsburger para jugadores ofensivos. Potencia, precisi\u00f3n y tecnolog\u00eda avanzada. \u00a1C\u00f3mprala en Revolution Padel Store!","breadcrumb":{"@id":"https:\/\/revolutionpadelstore.com\/fr\/produit\/siux-fenix-pro-5-2025-3\/#breadcrumb"},"inLanguage":"fr-FR","potentialAction":[{"@type":"ReadAction","target":["https:\/\/revolutionpadelstore.com\/fr\/produit\/siux-fenix-pro-5-2025-3\/"]}]},{"@type":"ImageObject","inLanguage":"fr-FR","@id":"https:\/\/revolutionpadelstore.com\/fr\/produit\/siux-fenix-pro-5-2025-3\/#primaryimage","url":"https:\/\/revolutionpadelstore.com\/wp-content\/uploads\/2025\/02\/112643-siux-fenix-pro-5-1500x1500-vista1.webp","contentUrl":"https:\/\/revolutionpadelstore.com\/wp-content\/uploads\/2025\/02\/112643-siux-fenix-pro-5-1500x1500-vista1.webp","width":1500,"height":1500},{"@type":"BreadcrumbList","@id":"https:\/\/revolutionpadelstore.com\/fr\/produit\/siux-fenix-pro-5-2025-3\/#breadcrumb","itemListElement":[{"@type":"ListItem","position":1,"name":"Portada","item":"https:\/\/revolutionpadelstore.com\/fr\/"},{"@type":"ListItem","position":2,"name":"Boutique","item":"https:\/\/revolutionpadelstore.com\/fr\/tienda\/"},{"@type":"ListItem","position":3,"name":"SIUX FENIX PRO 5 2025"}]},{"@type":"WebSite","@id":"https:\/\/revolutionpadelstore.com\/fr\/#website","url":"https:\/\/revolutionpadelstore.com\/fr\/","name":"Revolution Padel Store","description":"","publisher":{"@id":"https:\/\/revolutionpadelstore.com\/fr\/#organization"},"potentialAction":[{"@type":"SearchAction","target":{"@type":"EntryPoint","urlTemplate":"https:\/\/revolutionpadelstore.com\/fr\/?s={search_term_string}"},"query-input":{"@type":"PropertyValueSpecification","valueRequired":true,"valueName":"search_term_string"}}],"inLanguage":"fr-FR"},{"@type":"Organization","@id":"https:\/\/revolutionpadelstore.com\/fr\/#organization","name":"Revolution Padel Store","url":"https:\/\/revolutionpadelstore.com\/fr\/","logo":{"@type":"ImageObject","inLanguage":"fr-FR","@id":"https:\/\/revolutionpadelstore.com\/fr\/#\/schema\/logo\/image\/","url":"https:\/\/revolutionpadelstore.com\/wp-content\/uploads\/2026\/02\/revolution-padel-store.jpg","contentUrl":"https:\/\/revolutionpadelstore.com\/wp-content\/uploads\/2026\/02\/revolution-padel-store.jpg","width":2000,"height":2000,"caption":"Revolution Padel Store"},"image":{"@id":"https:\/\/revolutionpadelstore.com\/fr\/#\/schema\/logo\/image\/"},"sameAs":["https:\/\/www.instagram.com\/revolutionpadelstore\/"]}]}},"_links":{"self":[{"href":"https:\/\/revolutionpadelstore.com\/fr\/wp-json\/wp\/v2\/product\/168198","targetHints":{"allow":["GET"]}}],"collection":[{"href":"https:\/\/revolutionpadelstore.com\/fr\/wp-json\/wp\/v2\/product"}],"about":[{"href":"https:\/\/revolutionpadelstore.com\/fr\/wp-json\/wp\/v2\/types\/product"}],"replies":[{"embeddable":true,"href":"https:\/\/revolutionpadelstore.com\/fr\/wp-json\/wp\/v2\/comments?post=168198"}],"wp:featuredmedia":[{"embeddable":true,"href":"https:\/\/revolutionpadelstore.com\/fr\/wp-json\/wp\/v2\/media\/168121"}],"wp:attachment":[{"href":"https:\/\/revolutionpadelstore.com\/fr\/wp-json\/wp\/v2\/media?parent=168198"}],"wp:term":[{"taxonomy":"acabado","embeddable":true,"href":"https:\/\/revolutionpadelstore.com\/fr\/wp-json\/wp\/v2\/acabado?post=168198"},{"taxonomy":"balance","embeddable":true,"href":"https:\/\/revolutionpadelstore.com\/fr\/wp-json\/wp\/v2\/balance?post=168198"},{"taxonomy":"dureza","embeddable":true,"href":"https:\/\/revolutionpadelstore.com\/fr\/wp-json\/wp\/v2\/dureza?post=168198"},{"taxonomy":"forma","embeddable":true,"href":"https:\/\/revolutionpadelstore.com\/fr\/wp-json\/wp\/v2\/forma?post=168198"},{"taxonomy":"jugador","embeddable":true,"href":"https:\/\/revolutionpadelstore.com\/fr\/wp-json\/wp\/v2\/jugador?post=168198"},{"taxonomy":"marca","embeddable":true,"href":"https:\/\/revolutionpadelstore.com\/fr\/wp-json\/wp\/v2\/marca?post=168198"},{"taxonomy":"nivel-de-juego","embeddable":true,"href":"https:\/\/revolutionpadelstore.com\/fr\/wp-json\/wp\/v2\/nivel-de-juego?post=168198"},{"taxonomy":"superficie","embeddable":true,"href":"https:\/\/revolutionpadelstore.com\/fr\/wp-json\/wp\/v2\/superficie?post=168198"},{"taxonomy":"tipo-de-juego","embeddable":true,"href":"https:\/\/revolutionpadelstore.com\/fr\/wp-json\/wp\/v2\/tipo-de-juego?post=168198"},{"taxonomy":"product_brand","embeddable":true,"href":"https:\/\/revolutionpadelstore.com\/fr\/wp-json\/wp\/v2\/product_brand?post=168198"},{"taxonomy":"product_cat","embeddable":true,"href":"https:\/\/revolutionpadelstore.com\/fr\/wp-json\/wp\/v2\/product_cat?post=168198"},{"taxonomy":"product_tag","embeddable":true,"href":"https:\/\/revolutionpadelstore.com\/fr\/wp-json\/wp\/v2\/product_tag?post=168198"}],"curies":[{"name":"wp","href":"https:\/\/api.w.org\/{rel}","templated":true}]}}