{"id":168113,"date":"2025-02-06T22:59:17","date_gmt":"2025-02-06T21:59:17","guid":{"rendered":"https:\/\/revolutionpadelstore.com\/siux-electra-stupa-pro-st4-2025\/"},"modified":"2026-04-20T02:01:00","modified_gmt":"2026-04-20T00:01:00","slug":"siux-electra-stupa-pro-st4-2025-3","status":"publish","type":"product","link":"https:\/\/revolutionpadelstore.com\/fr\/produit\/siux-electra-stupa-pro-st4-2025-3\/","title":{"rendered":"SIUX ELECTRA STUPA PRO ST4 2025"},"content":{"rendered":"<h2> Siux Electra Stupa Pro St4 2025 &#8211; La pelle de Franco Stupaczuk pour ma\u00eetriser la piste <\/h2>\n<p>D\u00e9couvrez le <strong> Siux Electra Stupa Pro St4 2025 <\/strong>, la pelle officielle de <strong> Franco Stupaczuk <\/strong> pour la nouvelle saison. Con\u00e7u pour les joueurs avanc\u00e9s et professionnels, combine <strong> puissance, contr\u00f4le et effets <\/strong>, offrant des performances exceptionnelles \u00e0 chaque point.<\/p>\n<p>Son format hybride <strong> et son \u00e9quilibre moyen-\u00e9lev\u00e9 <\/strong> en font une pelle polyvalente, id\u00e9ale pour un style de jeu offensif sans perdre de pr\u00e9cision en d\u00e9fense. Gr\u00e2ce \u00e0 son <strong> surface de carbone 15K <\/strong> et \u00e0 son <strong> touche moyen-duro <\/strong>, il fournit une puissante prise de balle avec un contr\u00f4le pr\u00e9cis dans chaque coup. De plus, sa finition sablonneuse maximise les effets, vous permettant d&#8217;effectuer des coups avec plus d&#8217;effet et de profondeur.<\/p>\n<h2> Caract\u00e9ristiques principales: <\/h2>\n<p style=\"padding-left: 40px\"> &#8211; Niveau: avanc\u00e9 \/ professionnel<br \/>\n-Type de jeu: polyvalent avec tendance offensive<br \/>\n-Form: hybride<br \/>\n-Baluance: demi-sommet<br \/>\n-Superficie: Carbone 15K pour une plus grande r\u00e9sistance et puissance<br \/>\n-Tact: moyen moyen pour une combinaison parfaite de contr\u00f4le et de puissance<br \/>\n-Ancabado: Sandy pour am\u00e9liorer les effets<br \/>\n-Te-saison: 2025 <\/p>\n<h2> Siux Electra Stupa Pro St4 2025: puissance et contr\u00f4le dans chaque coup <\/h2>\n<p>Si vous \u00eates un joueur \u00e0 la recherche de <strong> ma\u00eetriser le jeu avec pr\u00e9cision et agressivit\u00e9 <\/strong>, cette pelle vous aidera \u00e0 augmenter votre niveau sur la piste. Con\u00e7u avec des mat\u00e9riaux hauts et les meilleurs <strong> siux <\/strong> <strong> Electra Stupa Pro ST4 2025 <\/strong> est l&#8217;une des options de march\u00e9 les plus exclusives.<\/p>\n<p><strong> maintenant pr\u00e9venant dans notre boutique en ligne &lt;a href = &quot;https:\/\/chatgpt.com\/g\/g-675432e02688191b6ee6d6f2fdbb15e-optimisation-textos\/c\/www.revolutionpadelstore.com&quot; March\u00e9.<\/p>\n<h2>Siux Electra Stupa Pro ST4 2025 \u2013 La pala de Franco Stupaczuk para dominar la pista<\/h2>\n","protected":false},"excerpt":{"rendered":"<p>Le <strong> Siux Electra Stupa Pro ST4 2025 <\/strong> est la pelle officielle de <strong> Franco Stupaczuk <\/strong>, cr\u00e9\u00e9 pour un style de jeu \u00e9quilibr\u00e9 et offensif. Fabriqu\u00e9 avec <strong> carbone 15k <\/strong>, il a une finition rugueuse <strong>&gt; comme le <strong> contr\u00f4le <\/strong> \u00e0 chaque coup.<strong>Siux Electra Stupa Pro ST4 2025<\/strong><\/p>\n","protected":false},"featured_media":168048,"comment_status":"open","ping_status":"closed","template":"","meta":{"_acf_changed":false,"_joinchat":[]},"acabado":[1097],"balance":[1142],"dureza":[1157],"forma":[1177],"jugador":[1192,1202],"marca":[1307],"nivel-de-juego":[1337],"superficie":[1362],"tipo-de-juego":[1387],"product_brand":[],"product_cat":[302],"product_tag":[],"class_list":{"0":"post-168113","1":"product","2":"type-product","3":"status-publish","4":"has-post-thumbnail","6":"acabado-sable","7":"balance-moyen","8":"dureza-media-fr","9":"forma-hybride","10":"jugador-homme","11":"jugador-polivalente-fr","12":"marca-siux-fr","13":"superficie-rugosa-fr","14":"tipo-de-juego-polivalente-fr","15":"product_cat-palas-de-padel-fr","17":"first","18":"instock","19":"sale","20":"taxable","21":"shipping-taxable","22":"purchasable","23":"product-type-simple"},"acf":[],"yoast_head":"<!-- This site is optimized with the Yoast SEO plugin v27.4 - https:\/\/yoast.com\/product\/yoast-seo-wordpress\/ -->\n<title>SIUX ELECTRA STUPA PRO ST4 2025 - Revolution Padel Store<\/title>\n<meta name=\"description\" content=\"Compra la Siux Electra Stupa Pro ST4 2025, la pala oficial de Franco Stupaczuk, con carbono 15K, balance medio-alto y acabado arenoso. \u00a1Disponible en www.revolutionpadelstore.com!\" \/>\n<meta name=\"robots\" content=\"index, follow, max-snippet:-1, max-image-preview:large, max-video-preview:-1\" \/>\n<link rel=\"canonical\" href=\"https:\/\/revolutionpadelstore.com\/fr\/produit\/siux-electra-stupa-pro-st4-2025-3\/\" \/>\n<meta property=\"og:locale\" content=\"fr_FR\" \/>\n<meta property=\"og:type\" content=\"article\" \/>\n<meta property=\"og:title\" content=\"SIUX ELECTRA STUPA PRO ST4 2025 - Revolution Padel Store\" \/>\n<meta property=\"og:description\" content=\"Compra la Siux Electra Stupa Pro ST4 2025, la pala oficial de Franco Stupaczuk, con carbono 15K, balance medio-alto y acabado arenoso. \u00a1Disponible en www.revolutionpadelstore.com!\" \/>\n<meta property=\"og:url\" content=\"https:\/\/revolutionpadelstore.com\/fr\/produit\/siux-electra-stupa-pro-st4-2025-3\/\" \/>\n<meta property=\"og:site_name\" content=\"Revolution Padel Store\" \/>\n<meta property=\"article:modified_time\" content=\"2026-04-20T00:01:00+00:00\" \/>\n<meta property=\"og:image\" content=\"https:\/\/revolutionpadelstore.com\/wp-content\/uploads\/2025\/02\/112639-siux-electra-stupa-pro-st4-1500x1500-1.webp\" \/>\n\t<meta property=\"og:image:width\" content=\"1500\" \/>\n\t<meta property=\"og:image:height\" content=\"1500\" \/>\n\t<meta property=\"og:image:type\" content=\"image\/webp\" \/>\n<meta name=\"twitter:card\" content=\"summary_large_image\" \/>\n<meta name=\"twitter:label1\" content=\"Dur\u00e9e de lecture estim\u00e9e\" \/>\n\t<meta name=\"twitter:data1\" content=\"1 minute\" \/>\n<script type=\"application\/ld+json\" class=\"yoast-schema-graph\">{\"@context\":\"https:\\\/\\\/schema.org\",\"@graph\":[{\"@type\":\"WebPage\",\"@id\":\"https:\\\/\\\/revolutionpadelstore.com\\\/fr\\\/produit\\\/siux-electra-stupa-pro-st4-2025-3\\\/\",\"url\":\"https:\\\/\\\/revolutionpadelstore.com\\\/fr\\\/produit\\\/siux-electra-stupa-pro-st4-2025-3\\\/\",\"name\":\"SIUX ELECTRA STUPA PRO ST4 2025 - Revolution Padel Store\",\"isPartOf\":{\"@id\":\"https:\\\/\\\/revolutionpadelstore.com\\\/fr\\\/#website\"},\"primaryImageOfPage\":{\"@id\":\"https:\\\/\\\/revolutionpadelstore.com\\\/fr\\\/produit\\\/siux-electra-stupa-pro-st4-2025-3\\\/#primaryimage\"},\"image\":{\"@id\":\"https:\\\/\\\/revolutionpadelstore.com\\\/fr\\\/produit\\\/siux-electra-stupa-pro-st4-2025-3\\\/#primaryimage\"},\"thumbnailUrl\":\"https:\\\/\\\/revolutionpadelstore.com\\\/wp-content\\\/uploads\\\/2025\\\/02\\\/112639-siux-electra-stupa-pro-st4-1500x1500-1.webp\",\"datePublished\":\"2025-02-06T21:59:17+00:00\",\"dateModified\":\"2026-04-20T00:01:00+00:00\",\"description\":\"Compra la Siux Electra Stupa Pro ST4 2025, la pala oficial de Franco Stupaczuk, con carbono 15K, balance medio-alto y acabado arenoso. \u00a1Disponible en www.revolutionpadelstore.com!\",\"breadcrumb\":{\"@id\":\"https:\\\/\\\/revolutionpadelstore.com\\\/fr\\\/produit\\\/siux-electra-stupa-pro-st4-2025-3\\\/#breadcrumb\"},\"inLanguage\":\"fr-FR\",\"potentialAction\":[{\"@type\":\"ReadAction\",\"target\":[\"https:\\\/\\\/revolutionpadelstore.com\\\/fr\\\/produit\\\/siux-electra-stupa-pro-st4-2025-3\\\/\"]}]},{\"@type\":\"ImageObject\",\"inLanguage\":\"fr-FR\",\"@id\":\"https:\\\/\\\/revolutionpadelstore.com\\\/fr\\\/produit\\\/siux-electra-stupa-pro-st4-2025-3\\\/#primaryimage\",\"url\":\"https:\\\/\\\/revolutionpadelstore.com\\\/wp-content\\\/uploads\\\/2025\\\/02\\\/112639-siux-electra-stupa-pro-st4-1500x1500-1.webp\",\"contentUrl\":\"https:\\\/\\\/revolutionpadelstore.com\\\/wp-content\\\/uploads\\\/2025\\\/02\\\/112639-siux-electra-stupa-pro-st4-1500x1500-1.webp\",\"width\":1500,\"height\":1500},{\"@type\":\"BreadcrumbList\",\"@id\":\"https:\\\/\\\/revolutionpadelstore.com\\\/fr\\\/produit\\\/siux-electra-stupa-pro-st4-2025-3\\\/#breadcrumb\",\"itemListElement\":[{\"@type\":\"ListItem\",\"position\":1,\"name\":\"Portada\",\"item\":\"https:\\\/\\\/revolutionpadelstore.com\\\/fr\\\/\"},{\"@type\":\"ListItem\",\"position\":2,\"name\":\"Boutique\",\"item\":\"https:\\\/\\\/revolutionpadelstore.com\\\/fr\\\/tienda\\\/\"},{\"@type\":\"ListItem\",\"position\":3,\"name\":\"SIUX ELECTRA STUPA PRO ST4 2025\"}]},{\"@type\":\"WebSite\",\"@id\":\"https:\\\/\\\/revolutionpadelstore.com\\\/fr\\\/#website\",\"url\":\"https:\\\/\\\/revolutionpadelstore.com\\\/fr\\\/\",\"name\":\"Revolution Padel Store\",\"description\":\"\",\"publisher\":{\"@id\":\"https:\\\/\\\/revolutionpadelstore.com\\\/fr\\\/#organization\"},\"potentialAction\":[{\"@type\":\"SearchAction\",\"target\":{\"@type\":\"EntryPoint\",\"urlTemplate\":\"https:\\\/\\\/revolutionpadelstore.com\\\/fr\\\/?s={search_term_string}\"},\"query-input\":{\"@type\":\"PropertyValueSpecification\",\"valueRequired\":true,\"valueName\":\"search_term_string\"}}],\"inLanguage\":\"fr-FR\"},{\"@type\":\"Organization\",\"@id\":\"https:\\\/\\\/revolutionpadelstore.com\\\/fr\\\/#organization\",\"name\":\"Revolution Padel Store\",\"url\":\"https:\\\/\\\/revolutionpadelstore.com\\\/fr\\\/\",\"logo\":{\"@type\":\"ImageObject\",\"inLanguage\":\"fr-FR\",\"@id\":\"https:\\\/\\\/revolutionpadelstore.com\\\/fr\\\/#\\\/schema\\\/logo\\\/image\\\/\",\"url\":\"https:\\\/\\\/revolutionpadelstore.com\\\/wp-content\\\/uploads\\\/2026\\\/02\\\/revolution-padel-store.jpg\",\"contentUrl\":\"https:\\\/\\\/revolutionpadelstore.com\\\/wp-content\\\/uploads\\\/2026\\\/02\\\/revolution-padel-store.jpg\",\"width\":2000,\"height\":2000,\"caption\":\"Revolution Padel Store\"},\"image\":{\"@id\":\"https:\\\/\\\/revolutionpadelstore.com\\\/fr\\\/#\\\/schema\\\/logo\\\/image\\\/\"},\"sameAs\":[\"https:\\\/\\\/www.instagram.com\\\/revolutionpadelstore\\\/\"]}]}<\/script>\n<!-- \/ Yoast SEO plugin. -->","yoast_head_json":{"title":"SIUX ELECTRA STUPA PRO ST4 2025 - Revolution Padel Store","description":"Compra la Siux Electra Stupa Pro ST4 2025, la pala oficial de Franco Stupaczuk, con carbono 15K, balance medio-alto y acabado arenoso. \u00a1Disponible en www.revolutionpadelstore.com!","robots":{"index":"index","follow":"follow","max-snippet":"max-snippet:-1","max-image-preview":"max-image-preview:large","max-video-preview":"max-video-preview:-1"},"canonical":"https:\/\/revolutionpadelstore.com\/fr\/produit\/siux-electra-stupa-pro-st4-2025-3\/","og_locale":"fr_FR","og_type":"article","og_title":"SIUX ELECTRA STUPA PRO ST4 2025 - Revolution Padel Store","og_description":"Compra la Siux Electra Stupa Pro ST4 2025, la pala oficial de Franco Stupaczuk, con carbono 15K, balance medio-alto y acabado arenoso. \u00a1Disponible en www.revolutionpadelstore.com!","og_url":"https:\/\/revolutionpadelstore.com\/fr\/produit\/siux-electra-stupa-pro-st4-2025-3\/","og_site_name":"Revolution Padel Store","article_modified_time":"2026-04-20T00:01:00+00:00","og_image":[{"width":1500,"height":1500,"url":"https:\/\/revolutionpadelstore.com\/wp-content\/uploads\/2025\/02\/112639-siux-electra-stupa-pro-st4-1500x1500-1.webp","type":"image\/webp"}],"twitter_card":"summary_large_image","twitter_misc":{"Dur\u00e9e de lecture estim\u00e9e":"1 minute"},"schema":{"@context":"https:\/\/schema.org","@graph":[{"@type":"WebPage","@id":"https:\/\/revolutionpadelstore.com\/fr\/produit\/siux-electra-stupa-pro-st4-2025-3\/","url":"https:\/\/revolutionpadelstore.com\/fr\/produit\/siux-electra-stupa-pro-st4-2025-3\/","name":"SIUX ELECTRA STUPA PRO ST4 2025 - Revolution Padel Store","isPartOf":{"@id":"https:\/\/revolutionpadelstore.com\/fr\/#website"},"primaryImageOfPage":{"@id":"https:\/\/revolutionpadelstore.com\/fr\/produit\/siux-electra-stupa-pro-st4-2025-3\/#primaryimage"},"image":{"@id":"https:\/\/revolutionpadelstore.com\/fr\/produit\/siux-electra-stupa-pro-st4-2025-3\/#primaryimage"},"thumbnailUrl":"https:\/\/revolutionpadelstore.com\/wp-content\/uploads\/2025\/02\/112639-siux-electra-stupa-pro-st4-1500x1500-1.webp","datePublished":"2025-02-06T21:59:17+00:00","dateModified":"2026-04-20T00:01:00+00:00","description":"Compra la Siux Electra Stupa Pro ST4 2025, la pala oficial de Franco Stupaczuk, con carbono 15K, balance medio-alto y acabado arenoso. \u00a1Disponible en www.revolutionpadelstore.com!","breadcrumb":{"@id":"https:\/\/revolutionpadelstore.com\/fr\/produit\/siux-electra-stupa-pro-st4-2025-3\/#breadcrumb"},"inLanguage":"fr-FR","potentialAction":[{"@type":"ReadAction","target":["https:\/\/revolutionpadelstore.com\/fr\/produit\/siux-electra-stupa-pro-st4-2025-3\/"]}]},{"@type":"ImageObject","inLanguage":"fr-FR","@id":"https:\/\/revolutionpadelstore.com\/fr\/produit\/siux-electra-stupa-pro-st4-2025-3\/#primaryimage","url":"https:\/\/revolutionpadelstore.com\/wp-content\/uploads\/2025\/02\/112639-siux-electra-stupa-pro-st4-1500x1500-1.webp","contentUrl":"https:\/\/revolutionpadelstore.com\/wp-content\/uploads\/2025\/02\/112639-siux-electra-stupa-pro-st4-1500x1500-1.webp","width":1500,"height":1500},{"@type":"BreadcrumbList","@id":"https:\/\/revolutionpadelstore.com\/fr\/produit\/siux-electra-stupa-pro-st4-2025-3\/#breadcrumb","itemListElement":[{"@type":"ListItem","position":1,"name":"Portada","item":"https:\/\/revolutionpadelstore.com\/fr\/"},{"@type":"ListItem","position":2,"name":"Boutique","item":"https:\/\/revolutionpadelstore.com\/fr\/tienda\/"},{"@type":"ListItem","position":3,"name":"SIUX ELECTRA STUPA PRO ST4 2025"}]},{"@type":"WebSite","@id":"https:\/\/revolutionpadelstore.com\/fr\/#website","url":"https:\/\/revolutionpadelstore.com\/fr\/","name":"Revolution Padel Store","description":"","publisher":{"@id":"https:\/\/revolutionpadelstore.com\/fr\/#organization"},"potentialAction":[{"@type":"SearchAction","target":{"@type":"EntryPoint","urlTemplate":"https:\/\/revolutionpadelstore.com\/fr\/?s={search_term_string}"},"query-input":{"@type":"PropertyValueSpecification","valueRequired":true,"valueName":"search_term_string"}}],"inLanguage":"fr-FR"},{"@type":"Organization","@id":"https:\/\/revolutionpadelstore.com\/fr\/#organization","name":"Revolution Padel Store","url":"https:\/\/revolutionpadelstore.com\/fr\/","logo":{"@type":"ImageObject","inLanguage":"fr-FR","@id":"https:\/\/revolutionpadelstore.com\/fr\/#\/schema\/logo\/image\/","url":"https:\/\/revolutionpadelstore.com\/wp-content\/uploads\/2026\/02\/revolution-padel-store.jpg","contentUrl":"https:\/\/revolutionpadelstore.com\/wp-content\/uploads\/2026\/02\/revolution-padel-store.jpg","width":2000,"height":2000,"caption":"Revolution Padel Store"},"image":{"@id":"https:\/\/revolutionpadelstore.com\/fr\/#\/schema\/logo\/image\/"},"sameAs":["https:\/\/www.instagram.com\/revolutionpadelstore\/"]}]}},"_links":{"self":[{"href":"https:\/\/revolutionpadelstore.com\/fr\/wp-json\/wp\/v2\/product\/168113","targetHints":{"allow":["GET"]}}],"collection":[{"href":"https:\/\/revolutionpadelstore.com\/fr\/wp-json\/wp\/v2\/product"}],"about":[{"href":"https:\/\/revolutionpadelstore.com\/fr\/wp-json\/wp\/v2\/types\/product"}],"replies":[{"embeddable":true,"href":"https:\/\/revolutionpadelstore.com\/fr\/wp-json\/wp\/v2\/comments?post=168113"}],"wp:featuredmedia":[{"embeddable":true,"href":"https:\/\/revolutionpadelstore.com\/fr\/wp-json\/wp\/v2\/media\/168048"}],"wp:attachment":[{"href":"https:\/\/revolutionpadelstore.com\/fr\/wp-json\/wp\/v2\/media?parent=168113"}],"wp:term":[{"taxonomy":"acabado","embeddable":true,"href":"https:\/\/revolutionpadelstore.com\/fr\/wp-json\/wp\/v2\/acabado?post=168113"},{"taxonomy":"balance","embeddable":true,"href":"https:\/\/revolutionpadelstore.com\/fr\/wp-json\/wp\/v2\/balance?post=168113"},{"taxonomy":"dureza","embeddable":true,"href":"https:\/\/revolutionpadelstore.com\/fr\/wp-json\/wp\/v2\/dureza?post=168113"},{"taxonomy":"forma","embeddable":true,"href":"https:\/\/revolutionpadelstore.com\/fr\/wp-json\/wp\/v2\/forma?post=168113"},{"taxonomy":"jugador","embeddable":true,"href":"https:\/\/revolutionpadelstore.com\/fr\/wp-json\/wp\/v2\/jugador?post=168113"},{"taxonomy":"marca","embeddable":true,"href":"https:\/\/revolutionpadelstore.com\/fr\/wp-json\/wp\/v2\/marca?post=168113"},{"taxonomy":"nivel-de-juego","embeddable":true,"href":"https:\/\/revolutionpadelstore.com\/fr\/wp-json\/wp\/v2\/nivel-de-juego?post=168113"},{"taxonomy":"superficie","embeddable":true,"href":"https:\/\/revolutionpadelstore.com\/fr\/wp-json\/wp\/v2\/superficie?post=168113"},{"taxonomy":"tipo-de-juego","embeddable":true,"href":"https:\/\/revolutionpadelstore.com\/fr\/wp-json\/wp\/v2\/tipo-de-juego?post=168113"},{"taxonomy":"product_brand","embeddable":true,"href":"https:\/\/revolutionpadelstore.com\/fr\/wp-json\/wp\/v2\/product_brand?post=168113"},{"taxonomy":"product_cat","embeddable":true,"href":"https:\/\/revolutionpadelstore.com\/fr\/wp-json\/wp\/v2\/product_cat?post=168113"},{"taxonomy":"product_tag","embeddable":true,"href":"https:\/\/revolutionpadelstore.com\/fr\/wp-json\/wp\/v2\/product_tag?post=168113"}],"curies":[{"name":"wp","href":"https:\/\/api.w.org\/{rel}","templated":true}]}}