{"id":167979,"date":"2025-02-06T08:29:10","date_gmt":"2025-02-06T07:29:10","guid":{"rendered":"https:\/\/revolutionpadelstore.com\/siux-electra-elite-4-2025\/"},"modified":"2026-04-08T07:54:02","modified_gmt":"2026-04-08T05:54:02","slug":"siux-electra-elite-4-2025-3","status":"publish","type":"product","link":"https:\/\/revolutionpadelstore.com\/fr\/produit\/siux-electra-elite-4-2025-3\/","title":{"rendered":"SIUX ELECTRA ELITE 4 2025"},"content":{"rendered":"<h2> <strong> Siux Electra Elite 4 2025 &#8211; puissance et contr\u00f4le dans une pelle hybride <\/strong> <\/h2>\n<p>D\u00e9couvrez le <strong> Siux Electra Elite 4 2025 <\/strong>, une pelle \u00e0 palette haute performance con\u00e7ue pour les joueurs avanc\u00e9s \u00e0 la recherche d&#8217;un \u00e9quilibre parfait entre puissance et contr\u00f4le. Gr\u00e2ce \u00e0 sa forme <strong> hybride <\/strong> et \u00e0 son <strong> \u00e9quilibre moyen-\u00e9lev\u00e9 <\/strong>, il s&#8217;adapte \u00e0 n&#8217;importe quel style de jeu, vous permettant de ma\u00eetriser la piste \u00e0 la fois en d\u00e9fense et en attaque.<\/p>\n<h2> <strong> Technologie et mat\u00e9riaux de derni\u00e8re g\u00e9n\u00e9ration <\/strong> <\/h2>\n<p>Fabriqu\u00e9 avec une combinaison de carbone <strong> 12K \u00e0 la surface <\/strong> et un <strong> Carbon Tubular 3K <\/strong>, cette pelle offre une r\u00e9sistance exceptionnelle et une grande durabilit\u00e9. Son <strong> Hard Eva Rubber Core <\/strong> fournit une touche moyenne-duro, id\u00e9ale pour des coups pr\u00e9cis et puissants, sans perdre de sensibilit\u00e9 dans le jeu.<\/p>\n<p>La finition <strong> sandy mate <\/strong> am\u00e9liore les effets sur chaque coup, vous permettant d&#8217;imprimer plus de rotation dans vos tirs coup\u00e9s et lev\u00e9s. Sa conception \u00e9l\u00e9gante en <strong> noir et or <\/strong> se d\u00e9marque non seulement visuellement, mais refl\u00e8te la qualit\u00e9 et l&#8217;exclusivit\u00e9 de la pelle.<\/p>\n<h2> <strong> Siux Electra Elite 4 2025 <\/strong> <\/h2>\n<p style=\"padding-left: 40px\"> &#8211; combinaison hybride form-id\u00e9al entre le contr\u00f4le et la puissance.<br \/>\n-12K R\u00c9SISTANCE DE CARBONE DE CARBONE et une r\u00e9ponse ferme dans le coup.<br \/>\n-3k Structure tubulaire en carbone et stable pour de meilleures performances.<br \/>\n-Hard Eva Noun-Medium-Dura Sensation pour les coups \u00e9mouss\u00e9s et pr\u00e9cis.<br \/>\n-Balance Medio-Alto-Perfect pour les joueurs offensifs \u00e0 la recherche d&#8217;une puissance suppl\u00e9mentaire.<br \/>\n-Ananoso Mate a construit &#8211; Enhancez les effets sur chaque coup.<br \/>\nSi vous \u00eates un joueur avanc\u00e9 \u00e0 la recherche de performances et de polyvalence maximales <strong> <\/strong>, la <strong> siux Electra Elite 4 2025 <\/strong> est la pelle parfaite pour faire passer votre jeu au niveau sup\u00e9rieur. Obtenez maintenant sur notre boutique en ligne <a href=\"https:\/\/chatgpt.com\/g\/g-675432e02688191b6ee6d6f2fdbb15e-optimization-textos\/c\/www.revolutionpadelstore.com\"> www.revolutionpadelstore.com <\/a>, &#8220;&gt; www.revolutionpadelstore.com <\/a>, www.revolutionpadelstore.com <\/a>, www.revolutionpadelstore.com <\/a>, www.revolutionpadelstore.com <\/a>, www.revolutionpadelstore.com <\/a> Probablement au meilleur prix du march\u00e9!<\/p>\n<h2><strong>Siux Electra Elite 4 2025 \u2013 Potencia y control en una pala h\u00edbrida<\/strong><\/p>\n","protected":false},"excerpt":{"rendered":"<p>Le Siux Electra Elite 4 2025 est une pelle de type hybride con\u00e7u pour les joueurs de niveau avanc\u00e9. Fabriqu\u00e9 avec du carbone 12K, un noyau en caoutchouc EVA dur et un \u00e9quilibre moyen-\u00e9lev\u00e9 fournit un \u00e9quilibre id\u00e9al entre la puissance, le contr\u00f4le et les effets pr\u00e9cis sur chaque coup.<\/p>\n","protected":false},"featured_media":167914,"comment_status":"open","ping_status":"closed","template":"","meta":{"_acf_changed":false,"_joinchat":[]},"acabado":[1087,1097],"balance":[1142],"dureza":[1157],"forma":[1177],"jugador":[1192,1202],"marca":[1307],"nivel-de-juego":[1337],"superficie":[1362],"tipo-de-juego":[1387],"product_brand":[],"product_cat":[302],"product_tag":[],"class_list":{"0":"post-167979","1":"product","2":"type-product","3":"status-publish","4":"has-post-thumbnail","6":"acabado-mon-pote","7":"acabado-sable","8":"balance-moyen","9":"dureza-media-fr","10":"forma-hybride","11":"jugador-homme","12":"jugador-polivalente-fr","13":"marca-siux-fr","14":"superficie-rugosa-fr","15":"tipo-de-juego-polivalente-fr","16":"product_cat-palas-de-padel-fr","18":"first","19":"instock","20":"sale","21":"taxable","22":"shipping-taxable","23":"purchasable","24":"product-type-simple"},"acf":[],"yoast_head":"<!-- This site is optimized with the Yoast SEO plugin v27.4 - https:\/\/yoast.com\/product\/yoast-seo-wordpress\/ -->\n<title>SIUX ELECTRA ELITE 4 2025 - Revolution Padel Store<\/title>\n<meta name=\"description\" content=\"Siux Electra Elite 4 2025 \u2013 Pala de p\u00e1del h\u00edbrida para jugadores avanzados. Carbono 12K, n\u00facleo Hard EVA y acabado arenoso para potencia, control y efectos. \u00a1C\u00f3mprala en Revolution Padel Store!\" \/>\n<meta name=\"robots\" content=\"index, follow, max-snippet:-1, max-image-preview:large, max-video-preview:-1\" \/>\n<link rel=\"canonical\" href=\"https:\/\/revolutionpadelstore.com\/fr\/produit\/siux-electra-elite-4-2025-3\/\" \/>\n<meta property=\"og:locale\" content=\"fr_FR\" \/>\n<meta property=\"og:type\" content=\"article\" \/>\n<meta property=\"og:title\" content=\"SIUX ELECTRA ELITE 4 2025 - Revolution Padel Store\" \/>\n<meta property=\"og:description\" content=\"Siux Electra Elite 4 2025 \u2013 Pala de p\u00e1del h\u00edbrida para jugadores avanzados. Carbono 12K, n\u00facleo Hard EVA y acabado arenoso para potencia, control y efectos. \u00a1C\u00f3mprala en Revolution Padel Store!\" \/>\n<meta property=\"og:url\" content=\"https:\/\/revolutionpadelstore.com\/fr\/produit\/siux-electra-elite-4-2025-3\/\" \/>\n<meta property=\"og:site_name\" content=\"Revolution Padel Store\" \/>\n<meta property=\"article:modified_time\" content=\"2026-04-08T05:54:02+00:00\" \/>\n<meta property=\"og:image\" content=\"https:\/\/revolutionpadelstore.com\/wp-content\/uploads\/2025\/02\/112637-siux-electra-elite-4-1500x1500-1.webp\" \/>\n\t<meta property=\"og:image:width\" content=\"1500\" \/>\n\t<meta property=\"og:image:height\" content=\"1500\" \/>\n\t<meta property=\"og:image:type\" content=\"image\/webp\" \/>\n<meta name=\"twitter:card\" content=\"summary_large_image\" \/>\n<meta name=\"twitter:label1\" content=\"Dur\u00e9e de lecture estim\u00e9e\" \/>\n\t<meta name=\"twitter:data1\" content=\"2 minutes\" \/>\n<script type=\"application\/ld+json\" class=\"yoast-schema-graph\">{\"@context\":\"https:\\\/\\\/schema.org\",\"@graph\":[{\"@type\":\"WebPage\",\"@id\":\"https:\\\/\\\/revolutionpadelstore.com\\\/fr\\\/produit\\\/siux-electra-elite-4-2025-3\\\/\",\"url\":\"https:\\\/\\\/revolutionpadelstore.com\\\/fr\\\/produit\\\/siux-electra-elite-4-2025-3\\\/\",\"name\":\"SIUX ELECTRA ELITE 4 2025 - Revolution Padel Store\",\"isPartOf\":{\"@id\":\"https:\\\/\\\/revolutionpadelstore.com\\\/fr\\\/#website\"},\"primaryImageOfPage\":{\"@id\":\"https:\\\/\\\/revolutionpadelstore.com\\\/fr\\\/produit\\\/siux-electra-elite-4-2025-3\\\/#primaryimage\"},\"image\":{\"@id\":\"https:\\\/\\\/revolutionpadelstore.com\\\/fr\\\/produit\\\/siux-electra-elite-4-2025-3\\\/#primaryimage\"},\"thumbnailUrl\":\"https:\\\/\\\/revolutionpadelstore.com\\\/wp-content\\\/uploads\\\/2025\\\/02\\\/112637-siux-electra-elite-4-1500x1500-1.webp\",\"datePublished\":\"2025-02-06T07:29:10+00:00\",\"dateModified\":\"2026-04-08T05:54:02+00:00\",\"description\":\"Siux Electra Elite 4 2025 \u2013 Pala de p\u00e1del h\u00edbrida para jugadores avanzados. Carbono 12K, n\u00facleo Hard EVA y acabado arenoso para potencia, control y efectos. \u00a1C\u00f3mprala en Revolution Padel Store!\",\"breadcrumb\":{\"@id\":\"https:\\\/\\\/revolutionpadelstore.com\\\/fr\\\/produit\\\/siux-electra-elite-4-2025-3\\\/#breadcrumb\"},\"inLanguage\":\"fr-FR\",\"potentialAction\":[{\"@type\":\"ReadAction\",\"target\":[\"https:\\\/\\\/revolutionpadelstore.com\\\/fr\\\/produit\\\/siux-electra-elite-4-2025-3\\\/\"]}]},{\"@type\":\"ImageObject\",\"inLanguage\":\"fr-FR\",\"@id\":\"https:\\\/\\\/revolutionpadelstore.com\\\/fr\\\/produit\\\/siux-electra-elite-4-2025-3\\\/#primaryimage\",\"url\":\"https:\\\/\\\/revolutionpadelstore.com\\\/wp-content\\\/uploads\\\/2025\\\/02\\\/112637-siux-electra-elite-4-1500x1500-1.webp\",\"contentUrl\":\"https:\\\/\\\/revolutionpadelstore.com\\\/wp-content\\\/uploads\\\/2025\\\/02\\\/112637-siux-electra-elite-4-1500x1500-1.webp\",\"width\":1500,\"height\":1500},{\"@type\":\"BreadcrumbList\",\"@id\":\"https:\\\/\\\/revolutionpadelstore.com\\\/fr\\\/produit\\\/siux-electra-elite-4-2025-3\\\/#breadcrumb\",\"itemListElement\":[{\"@type\":\"ListItem\",\"position\":1,\"name\":\"Portada\",\"item\":\"https:\\\/\\\/revolutionpadelstore.com\\\/fr\\\/\"},{\"@type\":\"ListItem\",\"position\":2,\"name\":\"Boutique\",\"item\":\"https:\\\/\\\/revolutionpadelstore.com\\\/fr\\\/tienda\\\/\"},{\"@type\":\"ListItem\",\"position\":3,\"name\":\"SIUX ELECTRA ELITE 4 2025\"}]},{\"@type\":\"WebSite\",\"@id\":\"https:\\\/\\\/revolutionpadelstore.com\\\/fr\\\/#website\",\"url\":\"https:\\\/\\\/revolutionpadelstore.com\\\/fr\\\/\",\"name\":\"Revolution Padel Store\",\"description\":\"\",\"publisher\":{\"@id\":\"https:\\\/\\\/revolutionpadelstore.com\\\/fr\\\/#organization\"},\"potentialAction\":[{\"@type\":\"SearchAction\",\"target\":{\"@type\":\"EntryPoint\",\"urlTemplate\":\"https:\\\/\\\/revolutionpadelstore.com\\\/fr\\\/?s={search_term_string}\"},\"query-input\":{\"@type\":\"PropertyValueSpecification\",\"valueRequired\":true,\"valueName\":\"search_term_string\"}}],\"inLanguage\":\"fr-FR\"},{\"@type\":\"Organization\",\"@id\":\"https:\\\/\\\/revolutionpadelstore.com\\\/fr\\\/#organization\",\"name\":\"Revolution Padel Store\",\"url\":\"https:\\\/\\\/revolutionpadelstore.com\\\/fr\\\/\",\"logo\":{\"@type\":\"ImageObject\",\"inLanguage\":\"fr-FR\",\"@id\":\"https:\\\/\\\/revolutionpadelstore.com\\\/fr\\\/#\\\/schema\\\/logo\\\/image\\\/\",\"url\":\"https:\\\/\\\/revolutionpadelstore.com\\\/wp-content\\\/uploads\\\/2026\\\/02\\\/revolution-padel-store.jpg\",\"contentUrl\":\"https:\\\/\\\/revolutionpadelstore.com\\\/wp-content\\\/uploads\\\/2026\\\/02\\\/revolution-padel-store.jpg\",\"width\":2000,\"height\":2000,\"caption\":\"Revolution Padel Store\"},\"image\":{\"@id\":\"https:\\\/\\\/revolutionpadelstore.com\\\/fr\\\/#\\\/schema\\\/logo\\\/image\\\/\"},\"sameAs\":[\"https:\\\/\\\/www.instagram.com\\\/revolutionpadelstore\\\/\"]}]}<\/script>\n<!-- \/ Yoast SEO plugin. -->","yoast_head_json":{"title":"SIUX ELECTRA ELITE 4 2025 - Revolution Padel Store","description":"Siux Electra Elite 4 2025 \u2013 Pala de p\u00e1del h\u00edbrida para jugadores avanzados. Carbono 12K, n\u00facleo Hard EVA y acabado arenoso para potencia, control y efectos. \u00a1C\u00f3mprala en Revolution Padel Store!","robots":{"index":"index","follow":"follow","max-snippet":"max-snippet:-1","max-image-preview":"max-image-preview:large","max-video-preview":"max-video-preview:-1"},"canonical":"https:\/\/revolutionpadelstore.com\/fr\/produit\/siux-electra-elite-4-2025-3\/","og_locale":"fr_FR","og_type":"article","og_title":"SIUX ELECTRA ELITE 4 2025 - Revolution Padel Store","og_description":"Siux Electra Elite 4 2025 \u2013 Pala de p\u00e1del h\u00edbrida para jugadores avanzados. Carbono 12K, n\u00facleo Hard EVA y acabado arenoso para potencia, control y efectos. \u00a1C\u00f3mprala en Revolution Padel Store!","og_url":"https:\/\/revolutionpadelstore.com\/fr\/produit\/siux-electra-elite-4-2025-3\/","og_site_name":"Revolution Padel Store","article_modified_time":"2026-04-08T05:54:02+00:00","og_image":[{"width":1500,"height":1500,"url":"https:\/\/revolutionpadelstore.com\/wp-content\/uploads\/2025\/02\/112637-siux-electra-elite-4-1500x1500-1.webp","type":"image\/webp"}],"twitter_card":"summary_large_image","twitter_misc":{"Dur\u00e9e de lecture estim\u00e9e":"2 minutes"},"schema":{"@context":"https:\/\/schema.org","@graph":[{"@type":"WebPage","@id":"https:\/\/revolutionpadelstore.com\/fr\/produit\/siux-electra-elite-4-2025-3\/","url":"https:\/\/revolutionpadelstore.com\/fr\/produit\/siux-electra-elite-4-2025-3\/","name":"SIUX ELECTRA ELITE 4 2025 - Revolution Padel Store","isPartOf":{"@id":"https:\/\/revolutionpadelstore.com\/fr\/#website"},"primaryImageOfPage":{"@id":"https:\/\/revolutionpadelstore.com\/fr\/produit\/siux-electra-elite-4-2025-3\/#primaryimage"},"image":{"@id":"https:\/\/revolutionpadelstore.com\/fr\/produit\/siux-electra-elite-4-2025-3\/#primaryimage"},"thumbnailUrl":"https:\/\/revolutionpadelstore.com\/wp-content\/uploads\/2025\/02\/112637-siux-electra-elite-4-1500x1500-1.webp","datePublished":"2025-02-06T07:29:10+00:00","dateModified":"2026-04-08T05:54:02+00:00","description":"Siux Electra Elite 4 2025 \u2013 Pala de p\u00e1del h\u00edbrida para jugadores avanzados. Carbono 12K, n\u00facleo Hard EVA y acabado arenoso para potencia, control y efectos. \u00a1C\u00f3mprala en Revolution Padel Store!","breadcrumb":{"@id":"https:\/\/revolutionpadelstore.com\/fr\/produit\/siux-electra-elite-4-2025-3\/#breadcrumb"},"inLanguage":"fr-FR","potentialAction":[{"@type":"ReadAction","target":["https:\/\/revolutionpadelstore.com\/fr\/produit\/siux-electra-elite-4-2025-3\/"]}]},{"@type":"ImageObject","inLanguage":"fr-FR","@id":"https:\/\/revolutionpadelstore.com\/fr\/produit\/siux-electra-elite-4-2025-3\/#primaryimage","url":"https:\/\/revolutionpadelstore.com\/wp-content\/uploads\/2025\/02\/112637-siux-electra-elite-4-1500x1500-1.webp","contentUrl":"https:\/\/revolutionpadelstore.com\/wp-content\/uploads\/2025\/02\/112637-siux-electra-elite-4-1500x1500-1.webp","width":1500,"height":1500},{"@type":"BreadcrumbList","@id":"https:\/\/revolutionpadelstore.com\/fr\/produit\/siux-electra-elite-4-2025-3\/#breadcrumb","itemListElement":[{"@type":"ListItem","position":1,"name":"Portada","item":"https:\/\/revolutionpadelstore.com\/fr\/"},{"@type":"ListItem","position":2,"name":"Boutique","item":"https:\/\/revolutionpadelstore.com\/fr\/tienda\/"},{"@type":"ListItem","position":3,"name":"SIUX ELECTRA ELITE 4 2025"}]},{"@type":"WebSite","@id":"https:\/\/revolutionpadelstore.com\/fr\/#website","url":"https:\/\/revolutionpadelstore.com\/fr\/","name":"Revolution Padel Store","description":"","publisher":{"@id":"https:\/\/revolutionpadelstore.com\/fr\/#organization"},"potentialAction":[{"@type":"SearchAction","target":{"@type":"EntryPoint","urlTemplate":"https:\/\/revolutionpadelstore.com\/fr\/?s={search_term_string}"},"query-input":{"@type":"PropertyValueSpecification","valueRequired":true,"valueName":"search_term_string"}}],"inLanguage":"fr-FR"},{"@type":"Organization","@id":"https:\/\/revolutionpadelstore.com\/fr\/#organization","name":"Revolution Padel Store","url":"https:\/\/revolutionpadelstore.com\/fr\/","logo":{"@type":"ImageObject","inLanguage":"fr-FR","@id":"https:\/\/revolutionpadelstore.com\/fr\/#\/schema\/logo\/image\/","url":"https:\/\/revolutionpadelstore.com\/wp-content\/uploads\/2026\/02\/revolution-padel-store.jpg","contentUrl":"https:\/\/revolutionpadelstore.com\/wp-content\/uploads\/2026\/02\/revolution-padel-store.jpg","width":2000,"height":2000,"caption":"Revolution Padel Store"},"image":{"@id":"https:\/\/revolutionpadelstore.com\/fr\/#\/schema\/logo\/image\/"},"sameAs":["https:\/\/www.instagram.com\/revolutionpadelstore\/"]}]}},"_links":{"self":[{"href":"https:\/\/revolutionpadelstore.com\/fr\/wp-json\/wp\/v2\/product\/167979","targetHints":{"allow":["GET"]}}],"collection":[{"href":"https:\/\/revolutionpadelstore.com\/fr\/wp-json\/wp\/v2\/product"}],"about":[{"href":"https:\/\/revolutionpadelstore.com\/fr\/wp-json\/wp\/v2\/types\/product"}],"replies":[{"embeddable":true,"href":"https:\/\/revolutionpadelstore.com\/fr\/wp-json\/wp\/v2\/comments?post=167979"}],"wp:featuredmedia":[{"embeddable":true,"href":"https:\/\/revolutionpadelstore.com\/fr\/wp-json\/wp\/v2\/media\/167914"}],"wp:attachment":[{"href":"https:\/\/revolutionpadelstore.com\/fr\/wp-json\/wp\/v2\/media?parent=167979"}],"wp:term":[{"taxonomy":"acabado","embeddable":true,"href":"https:\/\/revolutionpadelstore.com\/fr\/wp-json\/wp\/v2\/acabado?post=167979"},{"taxonomy":"balance","embeddable":true,"href":"https:\/\/revolutionpadelstore.com\/fr\/wp-json\/wp\/v2\/balance?post=167979"},{"taxonomy":"dureza","embeddable":true,"href":"https:\/\/revolutionpadelstore.com\/fr\/wp-json\/wp\/v2\/dureza?post=167979"},{"taxonomy":"forma","embeddable":true,"href":"https:\/\/revolutionpadelstore.com\/fr\/wp-json\/wp\/v2\/forma?post=167979"},{"taxonomy":"jugador","embeddable":true,"href":"https:\/\/revolutionpadelstore.com\/fr\/wp-json\/wp\/v2\/jugador?post=167979"},{"taxonomy":"marca","embeddable":true,"href":"https:\/\/revolutionpadelstore.com\/fr\/wp-json\/wp\/v2\/marca?post=167979"},{"taxonomy":"nivel-de-juego","embeddable":true,"href":"https:\/\/revolutionpadelstore.com\/fr\/wp-json\/wp\/v2\/nivel-de-juego?post=167979"},{"taxonomy":"superficie","embeddable":true,"href":"https:\/\/revolutionpadelstore.com\/fr\/wp-json\/wp\/v2\/superficie?post=167979"},{"taxonomy":"tipo-de-juego","embeddable":true,"href":"https:\/\/revolutionpadelstore.com\/fr\/wp-json\/wp\/v2\/tipo-de-juego?post=167979"},{"taxonomy":"product_brand","embeddable":true,"href":"https:\/\/revolutionpadelstore.com\/fr\/wp-json\/wp\/v2\/product_brand?post=167979"},{"taxonomy":"product_cat","embeddable":true,"href":"https:\/\/revolutionpadelstore.com\/fr\/wp-json\/wp\/v2\/product_cat?post=167979"},{"taxonomy":"product_tag","embeddable":true,"href":"https:\/\/revolutionpadelstore.com\/fr\/wp-json\/wp\/v2\/product_tag?post=167979"}],"curies":[{"name":"wp","href":"https:\/\/api.w.org\/{rel}","templated":true}]}}