{"id":167793,"date":"2025-02-05T08:38:59","date_gmt":"2025-02-05T07:38:59","guid":{"rendered":"https:\/\/revolutionpadelstore.com\/siux-valkiria-elite-2025\/"},"modified":"2026-04-08T07:54:31","modified_gmt":"2026-04-08T05:54:31","slug":"siux-valkiria-elite-2025-3","status":"publish","type":"product","link":"https:\/\/revolutionpadelstore.com\/fr\/produit\/siux-valkiria-elite-2025-3\/","title":{"rendered":"SIUX VALKIRIA ELITE 2025"},"content":{"rendered":"<p>&lt;Il<br \/>\nLa femme <strong> Siux Valkiria Elite 2025 <\/strong> est la pelle parfaite pour les joueurs exigeants \u00e0 la recherche d&#8217;une performance plus \u00e9lev\u00e9e \u00e0 chaque point. Avec une conception hybride <strong> et un \u00e9quilibre moyen <\/strong>, il offre une combinaison exceptionnelle de contr\u00f4le <strong> et de puissance <\/strong>, id\u00e9al pour un jeu polyvalent et dynamique. Son poids l\u00e9ger, entre 340 et 360 grammes, garantit une excellente maniabilit\u00e9, vous permettant de vous d\u00e9placer rapidement sans perdre de stabilit\u00e9 dans chaque coup.<\/p>\n<h2> <strong> Performances et pr\u00e9cision avec Avant -garde Technology <\/strong> <\/h2>\n<p><P> <strong> -12k Plans de carbone <\/strong> \u2192 Hit \u00e0 demi-pliage pour une plus grande pr\u00e9cision et une excellente sortie de balle.<br \/>\n<strong> -va Nucleus de caoutchouc <\/strong> \u2192 R\u00e9ponse am\u00e9lior\u00e9e, absorption d&#8217;impact et confort dans le jeu.<br \/>\n&#8211; Sangle de spiration \u2192 Sangle interchangeable pour plus de personnalisation et ajustement ergonomique.<br \/>\n-Dual Pro Grip \u2192 Am\u00e9liore l&#8217;adh\u00e9rence et r\u00e9duit les vibrations pour un plus grand confort.<br \/>\n-Al acabade mate \u2192 Design moderne et \u00e9l\u00e9gant qui optimise le contr\u00f4le du coup.<\/p>\n<h2> <strong> Con\u00e7u pour les joueurs avanc\u00e9s <\/strong> <\/h2>\n<p>La femme <strong> Siux Valkiria Elite 2025 <\/strong> a \u00e9t\u00e9 cr\u00e9\u00e9e pour les joueurs <strong> de niveau avanc\u00e9 <\/strong> qui recherchent une pelle polyvalente capable de s&#8217;adapter \u00e0 diff\u00e9rentes situations de jeu. Gr\u00e2ce \u00e0 sa construction <strong> l\u00e9g\u00e8re et \u00e0 sa touche semi-blanc <\/strong>, il offre une grande capacit\u00e9 de r\u00e9action sans perdre de confort ou de stabilit\u00e9.<\/p>\n<p>Si vous recherchez une <strong> pelle haute performance <\/strong> avec une excellente gestion <strong> et un \u00e9quilibre <\/strong>, le <strong> Siux Valkiria Elite 2025 <\/strong> est votre meilleure option. Sentez la diff\u00e9rence et portez votre jeu au niveau sup\u00e9rieur avec cette pelle de plus haute qualit\u00e9.<\/p>\n<p><strong> l&#8217;achetez maintenant dans notre boutique en ligne <\/strong> <a href=\"https:\/\/www.revolutionpadelstore.com\/\"> www.revolutionpadelstore.com <\/a>, probablement au prix du meilleur march\u00e9!<\/p>\n<h2><strong>Siux Valkiria Elite 2025 Mujer \u2013 Equilibrio entre potencia y control<\/strong><\/p>\n","protected":false},"excerpt":{"rendered":"<p>Le <strong> Siux Valkiria Elite 2025 <\/strong> offre une combinaison parfaite de l\u00e9g\u00e8ret\u00e9 et de pr\u00e9cision, se d\u00e9marquant pour sa conception innovante. Il est con\u00e7u pour les joueurs avanc\u00e9s qui veulent un \u00e9quilibre optimal entre le contr\u00f4le et la puissance dans chaque coup. Ses plans <strong> carbone 12k <\/strong> avec la finition mate garantissent des performances exceptionnelles.<strong>Siux Valkiria Elite 2025<\/strong><\/p>\n","protected":false},"featured_media":167728,"comment_status":"open","ping_status":"closed","template":"","meta":{"_acf_changed":false,"_joinchat":[]},"acabado":[1087],"balance":[1142],"dureza":[1152,1157],"forma":[1177],"jugador":[1197],"marca":[1307],"nivel-de-juego":[1337],"superficie":[1357],"tipo-de-juego":[1387],"product_brand":[],"product_cat":[302],"product_tag":[],"class_list":{"0":"post-167793","1":"product","2":"type-product","3":"status-publish","4":"has-post-thumbnail","6":"acabado-mon-pote","7":"balance-moyen","8":"dureza-blanda-fr","9":"dureza-media-fr","10":"forma-hybride","11":"jugador-mujer-fr","12":"marca-siux-fr","13":"superficie-lise","14":"tipo-de-juego-polivalente-fr","15":"product_cat-palas-de-padel-fr","17":"first","18":"instock","19":"sale","20":"taxable","21":"shipping-taxable","22":"purchasable","23":"product-type-simple"},"acf":[],"yoast_head":"<!-- This site is optimized with the Yoast SEO plugin v27.5 - https:\/\/yoast.com\/product\/yoast-seo-wordpress\/ -->\n<title>SIUX VALKIRIA ELITE 2025 - Revolution Padel Store<\/title>\n<meta name=\"description\" content=\"Descubre la Siux Valkiria Elite 2025 Mujer, una pala h\u00edbrida con carbono 12K, goma EVA y tecnolog\u00edas avanzadas. Potencia y control en un solo modelo. \u00a1Mejor precio en Revolution Padel Store!\" \/>\n<meta name=\"robots\" content=\"index, follow, max-snippet:-1, max-image-preview:large, max-video-preview:-1\" \/>\n<link rel=\"canonical\" href=\"https:\/\/revolutionpadelstore.com\/fr\/produit\/siux-valkiria-elite-2025-3\/\" \/>\n<meta property=\"og:locale\" content=\"fr_FR\" \/>\n<meta property=\"og:type\" content=\"article\" \/>\n<meta property=\"og:title\" content=\"SIUX VALKIRIA ELITE 2025 - Revolution Padel Store\" \/>\n<meta property=\"og:description\" content=\"Descubre la Siux Valkiria Elite 2025 Mujer, una pala h\u00edbrida con carbono 12K, goma EVA y tecnolog\u00edas avanzadas. Potencia y control en un solo modelo. \u00a1Mejor precio en Revolution Padel Store!\" \/>\n<meta property=\"og:url\" content=\"https:\/\/revolutionpadelstore.com\/fr\/produit\/siux-valkiria-elite-2025-3\/\" \/>\n<meta property=\"og:site_name\" content=\"Revolution Padel Store\" \/>\n<meta property=\"article:modified_time\" content=\"2026-04-08T05:54:31+00:00\" \/>\n<meta property=\"og:image\" content=\"https:\/\/revolutionpadelstore.com\/wp-content\/uploads\/2025\/02\/112661-siux-valkiria-elite-1500x1500-1.webp\" \/>\n\t<meta property=\"og:image:width\" content=\"1500\" \/>\n\t<meta property=\"og:image:height\" content=\"1500\" \/>\n\t<meta property=\"og:image:type\" content=\"image\/webp\" \/>\n<meta name=\"twitter:card\" content=\"summary_large_image\" \/>\n<meta name=\"twitter:label1\" content=\"Dur\u00e9e de lecture estim\u00e9e\" \/>\n\t<meta name=\"twitter:data1\" content=\"1 minute\" \/>\n<script type=\"application\/ld+json\" class=\"yoast-schema-graph\">{\"@context\":\"https:\\\/\\\/schema.org\",\"@graph\":[{\"@type\":\"WebPage\",\"@id\":\"https:\\\/\\\/revolutionpadelstore.com\\\/fr\\\/produit\\\/siux-valkiria-elite-2025-3\\\/\",\"url\":\"https:\\\/\\\/revolutionpadelstore.com\\\/fr\\\/produit\\\/siux-valkiria-elite-2025-3\\\/\",\"name\":\"SIUX VALKIRIA ELITE 2025 - Revolution Padel Store\",\"isPartOf\":{\"@id\":\"https:\\\/\\\/revolutionpadelstore.com\\\/fr\\\/#website\"},\"primaryImageOfPage\":{\"@id\":\"https:\\\/\\\/revolutionpadelstore.com\\\/fr\\\/produit\\\/siux-valkiria-elite-2025-3\\\/#primaryimage\"},\"image\":{\"@id\":\"https:\\\/\\\/revolutionpadelstore.com\\\/fr\\\/produit\\\/siux-valkiria-elite-2025-3\\\/#primaryimage\"},\"thumbnailUrl\":\"https:\\\/\\\/revolutionpadelstore.com\\\/wp-content\\\/uploads\\\/2025\\\/02\\\/112661-siux-valkiria-elite-1500x1500-1.webp\",\"datePublished\":\"2025-02-05T07:38:59+00:00\",\"dateModified\":\"2026-04-08T05:54:31+00:00\",\"description\":\"Descubre la Siux Valkiria Elite 2025 Mujer, una pala h\u00edbrida con carbono 12K, goma EVA y tecnolog\u00edas avanzadas. Potencia y control en un solo modelo. \u00a1Mejor precio en Revolution Padel Store!\",\"breadcrumb\":{\"@id\":\"https:\\\/\\\/revolutionpadelstore.com\\\/fr\\\/produit\\\/siux-valkiria-elite-2025-3\\\/#breadcrumb\"},\"inLanguage\":\"fr-FR\",\"potentialAction\":[{\"@type\":\"ReadAction\",\"target\":[\"https:\\\/\\\/revolutionpadelstore.com\\\/fr\\\/produit\\\/siux-valkiria-elite-2025-3\\\/\"]}]},{\"@type\":\"ImageObject\",\"inLanguage\":\"fr-FR\",\"@id\":\"https:\\\/\\\/revolutionpadelstore.com\\\/fr\\\/produit\\\/siux-valkiria-elite-2025-3\\\/#primaryimage\",\"url\":\"https:\\\/\\\/revolutionpadelstore.com\\\/wp-content\\\/uploads\\\/2025\\\/02\\\/112661-siux-valkiria-elite-1500x1500-1.webp\",\"contentUrl\":\"https:\\\/\\\/revolutionpadelstore.com\\\/wp-content\\\/uploads\\\/2025\\\/02\\\/112661-siux-valkiria-elite-1500x1500-1.webp\",\"width\":1500,\"height\":1500},{\"@type\":\"BreadcrumbList\",\"@id\":\"https:\\\/\\\/revolutionpadelstore.com\\\/fr\\\/produit\\\/siux-valkiria-elite-2025-3\\\/#breadcrumb\",\"itemListElement\":[{\"@type\":\"ListItem\",\"position\":1,\"name\":\"Portada\",\"item\":\"https:\\\/\\\/revolutionpadelstore.com\\\/fr\\\/\"},{\"@type\":\"ListItem\",\"position\":2,\"name\":\"Boutique\",\"item\":\"https:\\\/\\\/revolutionpadelstore.com\\\/fr\\\/tienda\\\/\"},{\"@type\":\"ListItem\",\"position\":3,\"name\":\"SIUX VALKIRIA ELITE 2025\"}]},{\"@type\":\"WebSite\",\"@id\":\"https:\\\/\\\/revolutionpadelstore.com\\\/fr\\\/#website\",\"url\":\"https:\\\/\\\/revolutionpadelstore.com\\\/fr\\\/\",\"name\":\"Revolution Padel Store\",\"description\":\"\",\"publisher\":{\"@id\":\"https:\\\/\\\/revolutionpadelstore.com\\\/fr\\\/#organization\"},\"potentialAction\":[{\"@type\":\"SearchAction\",\"target\":{\"@type\":\"EntryPoint\",\"urlTemplate\":\"https:\\\/\\\/revolutionpadelstore.com\\\/fr\\\/?s={search_term_string}\"},\"query-input\":{\"@type\":\"PropertyValueSpecification\",\"valueRequired\":true,\"valueName\":\"search_term_string\"}}],\"inLanguage\":\"fr-FR\"},{\"@type\":\"Organization\",\"@id\":\"https:\\\/\\\/revolutionpadelstore.com\\\/fr\\\/#organization\",\"name\":\"Revolution Padel Store\",\"url\":\"https:\\\/\\\/revolutionpadelstore.com\\\/fr\\\/\",\"logo\":{\"@type\":\"ImageObject\",\"inLanguage\":\"fr-FR\",\"@id\":\"https:\\\/\\\/revolutionpadelstore.com\\\/fr\\\/#\\\/schema\\\/logo\\\/image\\\/\",\"url\":\"https:\\\/\\\/revolutionpadelstore.com\\\/wp-content\\\/uploads\\\/2026\\\/02\\\/revolution-padel-store.jpg\",\"contentUrl\":\"https:\\\/\\\/revolutionpadelstore.com\\\/wp-content\\\/uploads\\\/2026\\\/02\\\/revolution-padel-store.jpg\",\"width\":2000,\"height\":2000,\"caption\":\"Revolution Padel Store\"},\"image\":{\"@id\":\"https:\\\/\\\/revolutionpadelstore.com\\\/fr\\\/#\\\/schema\\\/logo\\\/image\\\/\"},\"sameAs\":[\"https:\\\/\\\/www.instagram.com\\\/revolutionpadelstore\\\/\"]}]}<\/script>\n<!-- \/ Yoast SEO plugin. -->","yoast_head_json":{"title":"SIUX VALKIRIA ELITE 2025 - Revolution Padel Store","description":"Descubre la Siux Valkiria Elite 2025 Mujer, una pala h\u00edbrida con carbono 12K, goma EVA y tecnolog\u00edas avanzadas. Potencia y control en un solo modelo. \u00a1Mejor precio en Revolution Padel Store!","robots":{"index":"index","follow":"follow","max-snippet":"max-snippet:-1","max-image-preview":"max-image-preview:large","max-video-preview":"max-video-preview:-1"},"canonical":"https:\/\/revolutionpadelstore.com\/fr\/produit\/siux-valkiria-elite-2025-3\/","og_locale":"fr_FR","og_type":"article","og_title":"SIUX VALKIRIA ELITE 2025 - Revolution Padel Store","og_description":"Descubre la Siux Valkiria Elite 2025 Mujer, una pala h\u00edbrida con carbono 12K, goma EVA y tecnolog\u00edas avanzadas. Potencia y control en un solo modelo. \u00a1Mejor precio en Revolution Padel Store!","og_url":"https:\/\/revolutionpadelstore.com\/fr\/produit\/siux-valkiria-elite-2025-3\/","og_site_name":"Revolution Padel Store","article_modified_time":"2026-04-08T05:54:31+00:00","og_image":[{"width":1500,"height":1500,"url":"https:\/\/revolutionpadelstore.com\/wp-content\/uploads\/2025\/02\/112661-siux-valkiria-elite-1500x1500-1.webp","type":"image\/webp"}],"twitter_card":"summary_large_image","twitter_misc":{"Dur\u00e9e de lecture estim\u00e9e":"1 minute"},"schema":{"@context":"https:\/\/schema.org","@graph":[{"@type":"WebPage","@id":"https:\/\/revolutionpadelstore.com\/fr\/produit\/siux-valkiria-elite-2025-3\/","url":"https:\/\/revolutionpadelstore.com\/fr\/produit\/siux-valkiria-elite-2025-3\/","name":"SIUX VALKIRIA ELITE 2025 - Revolution Padel Store","isPartOf":{"@id":"https:\/\/revolutionpadelstore.com\/fr\/#website"},"primaryImageOfPage":{"@id":"https:\/\/revolutionpadelstore.com\/fr\/produit\/siux-valkiria-elite-2025-3\/#primaryimage"},"image":{"@id":"https:\/\/revolutionpadelstore.com\/fr\/produit\/siux-valkiria-elite-2025-3\/#primaryimage"},"thumbnailUrl":"https:\/\/revolutionpadelstore.com\/wp-content\/uploads\/2025\/02\/112661-siux-valkiria-elite-1500x1500-1.webp","datePublished":"2025-02-05T07:38:59+00:00","dateModified":"2026-04-08T05:54:31+00:00","description":"Descubre la Siux Valkiria Elite 2025 Mujer, una pala h\u00edbrida con carbono 12K, goma EVA y tecnolog\u00edas avanzadas. Potencia y control en un solo modelo. \u00a1Mejor precio en Revolution Padel Store!","breadcrumb":{"@id":"https:\/\/revolutionpadelstore.com\/fr\/produit\/siux-valkiria-elite-2025-3\/#breadcrumb"},"inLanguage":"fr-FR","potentialAction":[{"@type":"ReadAction","target":["https:\/\/revolutionpadelstore.com\/fr\/produit\/siux-valkiria-elite-2025-3\/"]}]},{"@type":"ImageObject","inLanguage":"fr-FR","@id":"https:\/\/revolutionpadelstore.com\/fr\/produit\/siux-valkiria-elite-2025-3\/#primaryimage","url":"https:\/\/revolutionpadelstore.com\/wp-content\/uploads\/2025\/02\/112661-siux-valkiria-elite-1500x1500-1.webp","contentUrl":"https:\/\/revolutionpadelstore.com\/wp-content\/uploads\/2025\/02\/112661-siux-valkiria-elite-1500x1500-1.webp","width":1500,"height":1500},{"@type":"BreadcrumbList","@id":"https:\/\/revolutionpadelstore.com\/fr\/produit\/siux-valkiria-elite-2025-3\/#breadcrumb","itemListElement":[{"@type":"ListItem","position":1,"name":"Portada","item":"https:\/\/revolutionpadelstore.com\/fr\/"},{"@type":"ListItem","position":2,"name":"Boutique","item":"https:\/\/revolutionpadelstore.com\/fr\/tienda\/"},{"@type":"ListItem","position":3,"name":"SIUX VALKIRIA ELITE 2025"}]},{"@type":"WebSite","@id":"https:\/\/revolutionpadelstore.com\/fr\/#website","url":"https:\/\/revolutionpadelstore.com\/fr\/","name":"Revolution Padel Store","description":"","publisher":{"@id":"https:\/\/revolutionpadelstore.com\/fr\/#organization"},"potentialAction":[{"@type":"SearchAction","target":{"@type":"EntryPoint","urlTemplate":"https:\/\/revolutionpadelstore.com\/fr\/?s={search_term_string}"},"query-input":{"@type":"PropertyValueSpecification","valueRequired":true,"valueName":"search_term_string"}}],"inLanguage":"fr-FR"},{"@type":"Organization","@id":"https:\/\/revolutionpadelstore.com\/fr\/#organization","name":"Revolution Padel Store","url":"https:\/\/revolutionpadelstore.com\/fr\/","logo":{"@type":"ImageObject","inLanguage":"fr-FR","@id":"https:\/\/revolutionpadelstore.com\/fr\/#\/schema\/logo\/image\/","url":"https:\/\/revolutionpadelstore.com\/wp-content\/uploads\/2026\/02\/revolution-padel-store.jpg","contentUrl":"https:\/\/revolutionpadelstore.com\/wp-content\/uploads\/2026\/02\/revolution-padel-store.jpg","width":2000,"height":2000,"caption":"Revolution Padel Store"},"image":{"@id":"https:\/\/revolutionpadelstore.com\/fr\/#\/schema\/logo\/image\/"},"sameAs":["https:\/\/www.instagram.com\/revolutionpadelstore\/"]}]}},"_links":{"self":[{"href":"https:\/\/revolutionpadelstore.com\/fr\/wp-json\/wp\/v2\/product\/167793","targetHints":{"allow":["GET"]}}],"collection":[{"href":"https:\/\/revolutionpadelstore.com\/fr\/wp-json\/wp\/v2\/product"}],"about":[{"href":"https:\/\/revolutionpadelstore.com\/fr\/wp-json\/wp\/v2\/types\/product"}],"replies":[{"embeddable":true,"href":"https:\/\/revolutionpadelstore.com\/fr\/wp-json\/wp\/v2\/comments?post=167793"}],"wp:featuredmedia":[{"embeddable":true,"href":"https:\/\/revolutionpadelstore.com\/fr\/wp-json\/wp\/v2\/media\/167728"}],"wp:attachment":[{"href":"https:\/\/revolutionpadelstore.com\/fr\/wp-json\/wp\/v2\/media?parent=167793"}],"wp:term":[{"taxonomy":"acabado","embeddable":true,"href":"https:\/\/revolutionpadelstore.com\/fr\/wp-json\/wp\/v2\/acabado?post=167793"},{"taxonomy":"balance","embeddable":true,"href":"https:\/\/revolutionpadelstore.com\/fr\/wp-json\/wp\/v2\/balance?post=167793"},{"taxonomy":"dureza","embeddable":true,"href":"https:\/\/revolutionpadelstore.com\/fr\/wp-json\/wp\/v2\/dureza?post=167793"},{"taxonomy":"forma","embeddable":true,"href":"https:\/\/revolutionpadelstore.com\/fr\/wp-json\/wp\/v2\/forma?post=167793"},{"taxonomy":"jugador","embeddable":true,"href":"https:\/\/revolutionpadelstore.com\/fr\/wp-json\/wp\/v2\/jugador?post=167793"},{"taxonomy":"marca","embeddable":true,"href":"https:\/\/revolutionpadelstore.com\/fr\/wp-json\/wp\/v2\/marca?post=167793"},{"taxonomy":"nivel-de-juego","embeddable":true,"href":"https:\/\/revolutionpadelstore.com\/fr\/wp-json\/wp\/v2\/nivel-de-juego?post=167793"},{"taxonomy":"superficie","embeddable":true,"href":"https:\/\/revolutionpadelstore.com\/fr\/wp-json\/wp\/v2\/superficie?post=167793"},{"taxonomy":"tipo-de-juego","embeddable":true,"href":"https:\/\/revolutionpadelstore.com\/fr\/wp-json\/wp\/v2\/tipo-de-juego?post=167793"},{"taxonomy":"product_brand","embeddable":true,"href":"https:\/\/revolutionpadelstore.com\/fr\/wp-json\/wp\/v2\/product_brand?post=167793"},{"taxonomy":"product_cat","embeddable":true,"href":"https:\/\/revolutionpadelstore.com\/fr\/wp-json\/wp\/v2\/product_cat?post=167793"},{"taxonomy":"product_tag","embeddable":true,"href":"https:\/\/revolutionpadelstore.com\/fr\/wp-json\/wp\/v2\/product_tag?post=167793"}],"curies":[{"name":"wp","href":"https:\/\/api.w.org\/{rel}","templated":true}]}}