{"id":167721,"date":"2025-02-05T08:22:41","date_gmt":"2025-02-05T07:22:41","guid":{"rendered":"https:\/\/revolutionpadelstore.com\/siux-fenix-elite-5\/"},"modified":"2026-04-21T14:00:36","modified_gmt":"2026-04-21T12:00:36","slug":"siux-fenix-elite-5-5","status":"publish","type":"product","link":"https:\/\/revolutionpadelstore.com\/fr\/produit\/siux-fenix-elite-5-5\/","title":{"rendered":"SIUX FENIX ELITE 5"},"content":{"rendered":"<h2> <strong> Siux Fenix \u200b\u200bElite 5 2025 &#8211; puissance et pr\u00e9cision dans chaque coup <\/strong> <\/h2>\n<p>Le <strong> Siux Fenix \u200b\u200bElite 5 2025 <\/strong> est la pelle d\u00e9finitive pour les joueurs offensifs \u00e0 la recherche de <strong> puissance et contr\u00f4le maximum <\/strong> sur la piste. Votre <strong> forme de diamant, l&#8217;\u00e9quilibre \u00e9lev\u00e9 et le toucher dur <\/strong> garantissent une colle explosive, id\u00e9ale pour d\u00e9finir les points avec force.<\/p>\n<p>Fabriqu\u00e9 avec <strong> carbone 12k <\/strong>, cette pelle offre une structure rigide qui optimise le transfert d&#8217;\u00e9nergie <strong> <\/strong>, vous permettant d&#8217;ex\u00e9cuter des ench\u00e8res d\u00e9vastatrices. De plus, son poids de <strong> 360-375 grammes <\/strong> fournit un \u00e9quilibre parfait entre la stabilit\u00e9 et la maniabilit\u00e9.<\/p>\n<h2> <strong> Con\u00e7u pour les joueurs agressifs avanc\u00e9s <\/strong> <\/h2>\n<p>Si vous \u00eates un joueur <strong> avanc\u00e9 <\/strong> qui se d\u00e9marque pour son jeu offensif <strong> <\/strong>, le <strong> Siux Fenix \u200b\u200bElite 5 2025 <\/strong> est votre meilleur alli\u00e9. Son point sucr\u00e9 \u00e9lev\u00e9 facilite les coups puissants de n&#8217;importe quelle zone de la piste, tandis que sa rugosit\u00e9 3D am\u00e9liore les effets, offrant une plus grande rotation et contr\u00f4le sur le ballon.<\/p>\n<h2> <strong> Caract\u00e9ristiques et technologies avanc\u00e9es <\/strong> <\/h2>\n<p><P> <strong> -Diamond Forme et haut \u00e9quilibre: <\/strong> id\u00e9al pour un jeu d&#8217;attaque avec une puissance maximale.<br \/>\n<strong> -12k Carbone dans les plans: <\/strong> Rigidit\u00e9 plus grande, durabilit\u00e9 et une r\u00e9ponse solide \u00e0 chaque impact.<br \/>\n<strong> -va Num\u00e9ro de caoutchouc: <\/strong> \u00e9quilibre parfait entre puissance, confort et r\u00e9action rapide.<br \/>\n<strong> &#8211; High Sweet Power: <\/strong> facilite les ench\u00e8res plus efficaces dans la zone offensive.<br \/>\n<strong> -3d Rugosit\u00e9 sur les visages: <\/strong> am\u00e9liore les effets et le contr\u00f4le sur la balle.<br \/>\n<strong> &#8211; Pu\u00f1\u00f1o \u00e9tendu: <\/strong> plus grand confort pour les coups invers\u00e9s \u00e0 deux mains.<\/p>\n<h2> <strong> domine la piste avec le siux fenix elite 5 2025 <\/strong> <\/h2>\n<p>Si vous recherchez une pelle avec une puissance maximale <strong>, une grande rigidit\u00e9 et une capacit\u00e9 d&#8217;effet <\/strong>, le <strong> Siux Fenix \u200b\u200bElite 5 2025 <\/strong> est l&#8217;option parfaite pour augmenter votre niveau de jeu et Fermez les points avec autorit\u00e9.<\/p>\n<p>Obtenez maintenant sur notre boutique en ligne <a href=\"https:\/\/chatgpt.com\/g\/g-675432e02688191b6ee6d6f2fdbb15e-optimization-textos\/c\/www.revolutionpadelstore.com\"> www.revolutionpadelstore.com <\/a>, &#8220;&gt; www.revolutionpadelstore.com <\/a>, www.revolutionpadelstore.com <\/a>, www.revolutionpadelstore.com <\/a>, www.revolutionpadelstore.com <\/a>, www.revolutionpadelstore.com <\/a> Probablement au meilleur prix du march\u00e9!<\/p>\n<h2><strong>Siux Fenix Elite 5 2025 \u2013 Potencia y precisi\u00f3n en cada golpe<\/strong><\/p>\n","protected":false},"excerpt":{"rendered":"<p>Le <strong> Siux Fenix \u200b\u200bElite 5 2025 <\/strong> offre un \u00e9quilibre parfait entre puissance et pr\u00e9cision gr\u00e2ce \u00e0 sa conception en forme de diamant, \u00e0 sa construction en carbone de 12k et \u00e0 sa finition rugueuse. C&#8217;est une pelle id\u00e9ale pour les joueurs avanc\u00e9s qui veulent s&#8217;imposer sur le r\u00e9seau avec des coups francs et agressifs.<strong>Siux Fenix Elite 5 2025<\/strong><\/p>\n","protected":false},"featured_media":167656,"comment_status":"open","ping_status":"closed","template":"","meta":{"_acf_changed":false,"_joinchat":[]},"acabado":[1092],"balance":[1137],"dureza":[1162],"forma":[1172],"jugador":[1192,1202],"marca":[1307],"nivel-de-juego":[1337],"superficie":[1362],"tipo-de-juego":[1377],"product_brand":[],"product_cat":[302],"product_tag":[],"class_list":{"0":"post-167721","1":"product","2":"type-product","3":"status-publish","4":"has-post-thumbnail","6":"acabado-soulager-la-3d","7":"balance-eleve","8":"dureza-dure","9":"forma-diamant","10":"jugador-homme","11":"jugador-polivalente-fr","12":"marca-siux-fr","13":"superficie-rugosa-fr","14":"tipo-de-juego-puissance","15":"product_cat-palas-de-padel-fr","17":"first","18":"instock","19":"sale","20":"taxable","21":"shipping-taxable","22":"purchasable","23":"product-type-simple"},"acf":[],"yoast_head":"<!-- This site is optimized with the Yoast SEO plugin v27.4 - https:\/\/yoast.com\/product\/yoast-seo-wordpress\/ -->\n<title>SIUX FENIX ELITE 5 - Revolution Padel Store<\/title>\n<meta name=\"description\" content=\"Compra la Siux Fenix Elite 5 2025, una pala de p\u00e1del con potencia y precisi\u00f3n para jugadores avanzados. Forma de diamante, carbono 12K y rugosidad 3D. \u00a1Cons\u00edguela en Revolution Padel Store al mejor precio!\" \/>\n<meta name=\"robots\" content=\"index, follow, max-snippet:-1, max-image-preview:large, max-video-preview:-1\" \/>\n<link rel=\"canonical\" href=\"https:\/\/revolutionpadelstore.com\/fr\/produit\/siux-fenix-elite-5-5\/\" \/>\n<meta property=\"og:locale\" content=\"fr_FR\" \/>\n<meta property=\"og:type\" content=\"article\" \/>\n<meta property=\"og:title\" content=\"SIUX FENIX ELITE 5 - Revolution Padel Store\" \/>\n<meta property=\"og:description\" content=\"Compra la Siux Fenix Elite 5 2025, una pala de p\u00e1del con potencia y precisi\u00f3n para jugadores avanzados. Forma de diamante, carbono 12K y rugosidad 3D. \u00a1Cons\u00edguela en Revolution Padel Store al mejor precio!\" \/>\n<meta property=\"og:url\" content=\"https:\/\/revolutionpadelstore.com\/fr\/produit\/siux-fenix-elite-5-5\/\" \/>\n<meta property=\"og:site_name\" content=\"Revolution Padel Store\" \/>\n<meta property=\"article:modified_time\" content=\"2026-04-21T12:00:36+00:00\" \/>\n<meta property=\"og:image\" content=\"https:\/\/revolutionpadelstore.com\/wp-content\/uploads\/2025\/02\/112641-siux-fenix-elite-5-1500x1500-vista1.webp\" \/>\n\t<meta property=\"og:image:width\" content=\"1500\" \/>\n\t<meta property=\"og:image:height\" content=\"1500\" \/>\n\t<meta property=\"og:image:type\" content=\"image\/webp\" \/>\n<meta name=\"twitter:card\" content=\"summary_large_image\" \/>\n<meta name=\"twitter:label1\" content=\"Dur\u00e9e de lecture estim\u00e9e\" \/>\n\t<meta name=\"twitter:data1\" content=\"2 minutes\" \/>\n<script type=\"application\/ld+json\" class=\"yoast-schema-graph\">{\"@context\":\"https:\\\/\\\/schema.org\",\"@graph\":[{\"@type\":\"WebPage\",\"@id\":\"https:\\\/\\\/revolutionpadelstore.com\\\/fr\\\/produit\\\/siux-fenix-elite-5-5\\\/\",\"url\":\"https:\\\/\\\/revolutionpadelstore.com\\\/fr\\\/produit\\\/siux-fenix-elite-5-5\\\/\",\"name\":\"SIUX FENIX ELITE 5 - Revolution Padel Store\",\"isPartOf\":{\"@id\":\"https:\\\/\\\/revolutionpadelstore.com\\\/fr\\\/#website\"},\"primaryImageOfPage\":{\"@id\":\"https:\\\/\\\/revolutionpadelstore.com\\\/fr\\\/produit\\\/siux-fenix-elite-5-5\\\/#primaryimage\"},\"image\":{\"@id\":\"https:\\\/\\\/revolutionpadelstore.com\\\/fr\\\/produit\\\/siux-fenix-elite-5-5\\\/#primaryimage\"},\"thumbnailUrl\":\"https:\\\/\\\/revolutionpadelstore.com\\\/wp-content\\\/uploads\\\/2025\\\/02\\\/112641-siux-fenix-elite-5-1500x1500-vista1.webp\",\"datePublished\":\"2025-02-05T07:22:41+00:00\",\"dateModified\":\"2026-04-21T12:00:36+00:00\",\"description\":\"Compra la Siux Fenix Elite 5 2025, una pala de p\u00e1del con potencia y precisi\u00f3n para jugadores avanzados. Forma de diamante, carbono 12K y rugosidad 3D. \u00a1Cons\u00edguela en Revolution Padel Store al mejor precio!\",\"breadcrumb\":{\"@id\":\"https:\\\/\\\/revolutionpadelstore.com\\\/fr\\\/produit\\\/siux-fenix-elite-5-5\\\/#breadcrumb\"},\"inLanguage\":\"fr-FR\",\"potentialAction\":[{\"@type\":\"ReadAction\",\"target\":[\"https:\\\/\\\/revolutionpadelstore.com\\\/fr\\\/produit\\\/siux-fenix-elite-5-5\\\/\"]}]},{\"@type\":\"ImageObject\",\"inLanguage\":\"fr-FR\",\"@id\":\"https:\\\/\\\/revolutionpadelstore.com\\\/fr\\\/produit\\\/siux-fenix-elite-5-5\\\/#primaryimage\",\"url\":\"https:\\\/\\\/revolutionpadelstore.com\\\/wp-content\\\/uploads\\\/2025\\\/02\\\/112641-siux-fenix-elite-5-1500x1500-vista1.webp\",\"contentUrl\":\"https:\\\/\\\/revolutionpadelstore.com\\\/wp-content\\\/uploads\\\/2025\\\/02\\\/112641-siux-fenix-elite-5-1500x1500-vista1.webp\",\"width\":1500,\"height\":1500},{\"@type\":\"BreadcrumbList\",\"@id\":\"https:\\\/\\\/revolutionpadelstore.com\\\/fr\\\/produit\\\/siux-fenix-elite-5-5\\\/#breadcrumb\",\"itemListElement\":[{\"@type\":\"ListItem\",\"position\":1,\"name\":\"Portada\",\"item\":\"https:\\\/\\\/revolutionpadelstore.com\\\/fr\\\/\"},{\"@type\":\"ListItem\",\"position\":2,\"name\":\"Boutique\",\"item\":\"https:\\\/\\\/revolutionpadelstore.com\\\/fr\\\/tienda\\\/\"},{\"@type\":\"ListItem\",\"position\":3,\"name\":\"SIUX FENIX ELITE 5\"}]},{\"@type\":\"WebSite\",\"@id\":\"https:\\\/\\\/revolutionpadelstore.com\\\/fr\\\/#website\",\"url\":\"https:\\\/\\\/revolutionpadelstore.com\\\/fr\\\/\",\"name\":\"Revolution Padel Store\",\"description\":\"\",\"publisher\":{\"@id\":\"https:\\\/\\\/revolutionpadelstore.com\\\/fr\\\/#organization\"},\"potentialAction\":[{\"@type\":\"SearchAction\",\"target\":{\"@type\":\"EntryPoint\",\"urlTemplate\":\"https:\\\/\\\/revolutionpadelstore.com\\\/fr\\\/?s={search_term_string}\"},\"query-input\":{\"@type\":\"PropertyValueSpecification\",\"valueRequired\":true,\"valueName\":\"search_term_string\"}}],\"inLanguage\":\"fr-FR\"},{\"@type\":\"Organization\",\"@id\":\"https:\\\/\\\/revolutionpadelstore.com\\\/fr\\\/#organization\",\"name\":\"Revolution Padel Store\",\"url\":\"https:\\\/\\\/revolutionpadelstore.com\\\/fr\\\/\",\"logo\":{\"@type\":\"ImageObject\",\"inLanguage\":\"fr-FR\",\"@id\":\"https:\\\/\\\/revolutionpadelstore.com\\\/fr\\\/#\\\/schema\\\/logo\\\/image\\\/\",\"url\":\"https:\\\/\\\/revolutionpadelstore.com\\\/wp-content\\\/uploads\\\/2026\\\/02\\\/revolution-padel-store.jpg\",\"contentUrl\":\"https:\\\/\\\/revolutionpadelstore.com\\\/wp-content\\\/uploads\\\/2026\\\/02\\\/revolution-padel-store.jpg\",\"width\":2000,\"height\":2000,\"caption\":\"Revolution Padel Store\"},\"image\":{\"@id\":\"https:\\\/\\\/revolutionpadelstore.com\\\/fr\\\/#\\\/schema\\\/logo\\\/image\\\/\"},\"sameAs\":[\"https:\\\/\\\/www.instagram.com\\\/revolutionpadelstore\\\/\"]}]}<\/script>\n<!-- \/ Yoast SEO plugin. -->","yoast_head_json":{"title":"SIUX FENIX ELITE 5 - Revolution Padel Store","description":"Compra la Siux Fenix Elite 5 2025, una pala de p\u00e1del con potencia y precisi\u00f3n para jugadores avanzados. Forma de diamante, carbono 12K y rugosidad 3D. \u00a1Cons\u00edguela en Revolution Padel Store al mejor precio!","robots":{"index":"index","follow":"follow","max-snippet":"max-snippet:-1","max-image-preview":"max-image-preview:large","max-video-preview":"max-video-preview:-1"},"canonical":"https:\/\/revolutionpadelstore.com\/fr\/produit\/siux-fenix-elite-5-5\/","og_locale":"fr_FR","og_type":"article","og_title":"SIUX FENIX ELITE 5 - Revolution Padel Store","og_description":"Compra la Siux Fenix Elite 5 2025, una pala de p\u00e1del con potencia y precisi\u00f3n para jugadores avanzados. Forma de diamante, carbono 12K y rugosidad 3D. \u00a1Cons\u00edguela en Revolution Padel Store al mejor precio!","og_url":"https:\/\/revolutionpadelstore.com\/fr\/produit\/siux-fenix-elite-5-5\/","og_site_name":"Revolution Padel Store","article_modified_time":"2026-04-21T12:00:36+00:00","og_image":[{"width":1500,"height":1500,"url":"https:\/\/revolutionpadelstore.com\/wp-content\/uploads\/2025\/02\/112641-siux-fenix-elite-5-1500x1500-vista1.webp","type":"image\/webp"}],"twitter_card":"summary_large_image","twitter_misc":{"Dur\u00e9e de lecture estim\u00e9e":"2 minutes"},"schema":{"@context":"https:\/\/schema.org","@graph":[{"@type":"WebPage","@id":"https:\/\/revolutionpadelstore.com\/fr\/produit\/siux-fenix-elite-5-5\/","url":"https:\/\/revolutionpadelstore.com\/fr\/produit\/siux-fenix-elite-5-5\/","name":"SIUX FENIX ELITE 5 - Revolution Padel Store","isPartOf":{"@id":"https:\/\/revolutionpadelstore.com\/fr\/#website"},"primaryImageOfPage":{"@id":"https:\/\/revolutionpadelstore.com\/fr\/produit\/siux-fenix-elite-5-5\/#primaryimage"},"image":{"@id":"https:\/\/revolutionpadelstore.com\/fr\/produit\/siux-fenix-elite-5-5\/#primaryimage"},"thumbnailUrl":"https:\/\/revolutionpadelstore.com\/wp-content\/uploads\/2025\/02\/112641-siux-fenix-elite-5-1500x1500-vista1.webp","datePublished":"2025-02-05T07:22:41+00:00","dateModified":"2026-04-21T12:00:36+00:00","description":"Compra la Siux Fenix Elite 5 2025, una pala de p\u00e1del con potencia y precisi\u00f3n para jugadores avanzados. Forma de diamante, carbono 12K y rugosidad 3D. \u00a1Cons\u00edguela en Revolution Padel Store al mejor precio!","breadcrumb":{"@id":"https:\/\/revolutionpadelstore.com\/fr\/produit\/siux-fenix-elite-5-5\/#breadcrumb"},"inLanguage":"fr-FR","potentialAction":[{"@type":"ReadAction","target":["https:\/\/revolutionpadelstore.com\/fr\/produit\/siux-fenix-elite-5-5\/"]}]},{"@type":"ImageObject","inLanguage":"fr-FR","@id":"https:\/\/revolutionpadelstore.com\/fr\/produit\/siux-fenix-elite-5-5\/#primaryimage","url":"https:\/\/revolutionpadelstore.com\/wp-content\/uploads\/2025\/02\/112641-siux-fenix-elite-5-1500x1500-vista1.webp","contentUrl":"https:\/\/revolutionpadelstore.com\/wp-content\/uploads\/2025\/02\/112641-siux-fenix-elite-5-1500x1500-vista1.webp","width":1500,"height":1500},{"@type":"BreadcrumbList","@id":"https:\/\/revolutionpadelstore.com\/fr\/produit\/siux-fenix-elite-5-5\/#breadcrumb","itemListElement":[{"@type":"ListItem","position":1,"name":"Portada","item":"https:\/\/revolutionpadelstore.com\/fr\/"},{"@type":"ListItem","position":2,"name":"Boutique","item":"https:\/\/revolutionpadelstore.com\/fr\/tienda\/"},{"@type":"ListItem","position":3,"name":"SIUX FENIX ELITE 5"}]},{"@type":"WebSite","@id":"https:\/\/revolutionpadelstore.com\/fr\/#website","url":"https:\/\/revolutionpadelstore.com\/fr\/","name":"Revolution Padel Store","description":"","publisher":{"@id":"https:\/\/revolutionpadelstore.com\/fr\/#organization"},"potentialAction":[{"@type":"SearchAction","target":{"@type":"EntryPoint","urlTemplate":"https:\/\/revolutionpadelstore.com\/fr\/?s={search_term_string}"},"query-input":{"@type":"PropertyValueSpecification","valueRequired":true,"valueName":"search_term_string"}}],"inLanguage":"fr-FR"},{"@type":"Organization","@id":"https:\/\/revolutionpadelstore.com\/fr\/#organization","name":"Revolution Padel Store","url":"https:\/\/revolutionpadelstore.com\/fr\/","logo":{"@type":"ImageObject","inLanguage":"fr-FR","@id":"https:\/\/revolutionpadelstore.com\/fr\/#\/schema\/logo\/image\/","url":"https:\/\/revolutionpadelstore.com\/wp-content\/uploads\/2026\/02\/revolution-padel-store.jpg","contentUrl":"https:\/\/revolutionpadelstore.com\/wp-content\/uploads\/2026\/02\/revolution-padel-store.jpg","width":2000,"height":2000,"caption":"Revolution Padel Store"},"image":{"@id":"https:\/\/revolutionpadelstore.com\/fr\/#\/schema\/logo\/image\/"},"sameAs":["https:\/\/www.instagram.com\/revolutionpadelstore\/"]}]}},"_links":{"self":[{"href":"https:\/\/revolutionpadelstore.com\/fr\/wp-json\/wp\/v2\/product\/167721","targetHints":{"allow":["GET"]}}],"collection":[{"href":"https:\/\/revolutionpadelstore.com\/fr\/wp-json\/wp\/v2\/product"}],"about":[{"href":"https:\/\/revolutionpadelstore.com\/fr\/wp-json\/wp\/v2\/types\/product"}],"replies":[{"embeddable":true,"href":"https:\/\/revolutionpadelstore.com\/fr\/wp-json\/wp\/v2\/comments?post=167721"}],"wp:featuredmedia":[{"embeddable":true,"href":"https:\/\/revolutionpadelstore.com\/fr\/wp-json\/wp\/v2\/media\/167656"}],"wp:attachment":[{"href":"https:\/\/revolutionpadelstore.com\/fr\/wp-json\/wp\/v2\/media?parent=167721"}],"wp:term":[{"taxonomy":"acabado","embeddable":true,"href":"https:\/\/revolutionpadelstore.com\/fr\/wp-json\/wp\/v2\/acabado?post=167721"},{"taxonomy":"balance","embeddable":true,"href":"https:\/\/revolutionpadelstore.com\/fr\/wp-json\/wp\/v2\/balance?post=167721"},{"taxonomy":"dureza","embeddable":true,"href":"https:\/\/revolutionpadelstore.com\/fr\/wp-json\/wp\/v2\/dureza?post=167721"},{"taxonomy":"forma","embeddable":true,"href":"https:\/\/revolutionpadelstore.com\/fr\/wp-json\/wp\/v2\/forma?post=167721"},{"taxonomy":"jugador","embeddable":true,"href":"https:\/\/revolutionpadelstore.com\/fr\/wp-json\/wp\/v2\/jugador?post=167721"},{"taxonomy":"marca","embeddable":true,"href":"https:\/\/revolutionpadelstore.com\/fr\/wp-json\/wp\/v2\/marca?post=167721"},{"taxonomy":"nivel-de-juego","embeddable":true,"href":"https:\/\/revolutionpadelstore.com\/fr\/wp-json\/wp\/v2\/nivel-de-juego?post=167721"},{"taxonomy":"superficie","embeddable":true,"href":"https:\/\/revolutionpadelstore.com\/fr\/wp-json\/wp\/v2\/superficie?post=167721"},{"taxonomy":"tipo-de-juego","embeddable":true,"href":"https:\/\/revolutionpadelstore.com\/fr\/wp-json\/wp\/v2\/tipo-de-juego?post=167721"},{"taxonomy":"product_brand","embeddable":true,"href":"https:\/\/revolutionpadelstore.com\/fr\/wp-json\/wp\/v2\/product_brand?post=167721"},{"taxonomy":"product_cat","embeddable":true,"href":"https:\/\/revolutionpadelstore.com\/fr\/wp-json\/wp\/v2\/product_cat?post=167721"},{"taxonomy":"product_tag","embeddable":true,"href":"https:\/\/revolutionpadelstore.com\/fr\/wp-json\/wp\/v2\/product_tag?post=167721"}],"curies":[{"name":"wp","href":"https:\/\/api.w.org\/{rel}","templated":true}]}}