{"id":167644,"date":"2025-02-04T20:49:02","date_gmt":"2025-02-04T19:49:02","guid":{"rendered":"https:\/\/revolutionpadelstore.com\/siux-diablo-4-pro-2025\/"},"modified":"2026-04-21T02:00:50","modified_gmt":"2026-04-21T00:00:50","slug":"siux-diablo-4-pro-2025","status":"publish","type":"product","link":"https:\/\/revolutionpadelstore.com\/fr\/produit\/siux-diablo-4-pro-2025\/","title":{"rendered":"SIUX DIABLO 4 PRO 2025"},"content":{"rendered":"<h2> <strong> siux diablo 4 pro 2025 &#8211; puissance et contr\u00f4le \u00e0 l&#8217;\u00e9tat pur <\/strong> <\/h2>\n<p>D\u00e9couvrez le <strong> Siux Diablo 4 Pro 2025 <\/strong>, une pelle \u00e0 palette con\u00e7ue pour exiger les joueurs \u00e0 la recherche de l&#8217;\u00e9quilibre parfait entre la puissance et le contr\u00f4le. Sa construction de <strong> carbone 18k textreme <\/strong> et son noyau d&#8217;EVA garantissent une sortie de balle spectaculaire, offrant une exp\u00e9rience de jeu professionnelle.<\/p>\n<p>Avec une forme moyenne et hybride, cette pelle vous permet de vous adapter \u00e0 n&#8217;importe quel style de jeu, maximisant les performances \u00e0 chaque point. De plus, sa finition sablonneuse favorise les effets et augmente le contr\u00f4le des coups lev\u00e9s.<\/p>\n<h2> <strong> Caract\u00e9ristiques du Siux Diablo 4 Pro 2025 <\/strong> <\/h2>\n<p> &#8211; Textreme de surface du carbone 18K pour une plus grande r\u00e9sistance et pr\u00e9cision dans chaque coup.<br \/>\n-Vo num\u00e9ro qui fournit un toucher exceptionnel et absorbe les vibrations.<br \/>\n-H\u00edbrida et \u00e9quilibre moyen, parfait pour un jeu polyvalent.<br \/>\n-Anososo a cri\u00e9 qui am\u00e9liore les effets sur chaque coup.<br \/>\n-3K Carbone Car qui augmente la stabilit\u00e9 et la durabilit\u00e9.<br \/>\n-Il entre 355-375 g, offrant une gestion optimale.<br \/>\n-Part de la collection Siux Padel 2025, synonyme d&#8217;innovation et haute performance.<\/p>\n<h2> <strong> Qui est le Siux Diablo 4 Pro 2025?<br \/>\nCette pelle est id\u00e9ale pour les joueurs avanc\u00e9s et les professionnels \u00e0 la recherche d&#8217;une <strong> performance sup\u00e9rieure sur la piste <\/strong>. Parfait pour ceux qui souhaitent dominer le jeu avec des coups pr\u00e9cis et puissants sans abandonner le contr\u00f4le.<\/p>\n<p>Sa conception innovante et ses mat\u00e9riaux de qualit\u00e9 sup\u00e9rieure en font une option pr\u00e9f\u00e9r\u00e9e par les joueurs les plus exigeants, garantissant un confort et une adaptabilit\u00e9 maximum \u00e0 chaque coup.<\/p>\n<h2> <strong> Pourquoi choisir le Siux Devil 4 Pro 2025 <\/strong> <\/h2>\n<p> &#8211; Performance d&#8217;\u00e9lite: La combinaison de carbone 18K et EVA offre une r\u00e9ponse impeccable.<br \/>\n-La polyvalence totale: \u00e9quilibre parfait entre le contr\u00f4le et la puissance pour un jeu dynamique.<br \/>\n-Premium Editabilit\u00e9: Construction renforc\u00e9e pour une plus grande r\u00e9sistance dans chaque partie.<br \/>\n&#8211; Effects amplifi\u00e9s: sa finition sablonneuse vous permet d&#8217;effectuer des coups avec plus de rotation et de pr\u00e9cision.<br \/>\nLe <strong> Siux Diablo 4 Pro 2025 <\/strong> est la pelle qui red\u00e9finit le jeu des professionnels. Maintenant disponible dans <strong> notre boutique en ligne <\/strong> &lt;a href = &quot;https:\/\/chatgpt.com\/g\/g-675432e026888191b6ee6d6f2fdbb15e-optimisation-textos\/c\/www.revolutionpadelstore.com&quot; Peut-\u00eatre au meilleur prix du march\u00e9!<\/p>\n<h2><strong>Siux Diablo 4 Pro 2025 \u2013 Potencia y Control en Estado Puro<\/strong><\/p>\n","protected":false},"excerpt":{"rendered":"<p>Connaissez la pelle <strong> Siux Diablo Pro 4 <\/strong>, parfait pour les joueurs de pagaie qui veulent un \u00e9quilibre optimal entre la puissance et le contr\u00f4le.<strong>SIUX DIABLO PRO 4<\/strong><\/p>\n","protected":false},"featured_media":167597,"comment_status":"open","ping_status":"closed","template":"","meta":{"_acf_changed":false,"_joinchat":[]},"acabado":[1082],"balance":[1142],"dureza":[1157],"forma":[1187],"jugador":[1192,1202],"marca":[1307],"nivel-de-juego":[1337,1347],"superficie":[1357],"tipo-de-juego":[1387],"product_brand":[],"product_cat":[302],"product_tag":[],"class_list":{"0":"post-167644","1":"product","2":"type-product","3":"status-publish","4":"has-post-thumbnail","6":"acabado-luminosite","7":"balance-moyen","8":"dureza-media-fr","9":"forma-lagrima-fr","10":"jugador-homme","11":"jugador-polivalente-fr","12":"marca-siux-fr","13":"superficie-lise","14":"tipo-de-juego-polivalente-fr","15":"product_cat-palas-de-padel-fr","17":"first","18":"instock","19":"sale","20":"taxable","21":"shipping-taxable","22":"purchasable","23":"product-type-simple"},"acf":[],"yoast_head":"<!-- This site is optimized with the Yoast SEO plugin v27.4 - https:\/\/yoast.com\/product\/yoast-seo-wordpress\/ -->\n<title>SIUX DIABLO 4 PRO 2025 - Revolution Padel Store<\/title>\n<meta name=\"description\" content=\"Compra la Siux Diablo 4 Pro 2025, una pala profesional con carbono 18K Textreme y n\u00facleo EVA. Equilibrio perfecto entre potencia y control. \u00a1Entra en nuestra tienda y ll\u00e9vatela al mejor precio!\" \/>\n<meta name=\"robots\" content=\"index, follow, max-snippet:-1, max-image-preview:large, max-video-preview:-1\" \/>\n<link rel=\"canonical\" href=\"https:\/\/revolutionpadelstore.com\/fr\/produit\/siux-diablo-4-pro-2025\/\" \/>\n<meta property=\"og:locale\" content=\"fr_FR\" \/>\n<meta property=\"og:type\" content=\"article\" \/>\n<meta property=\"og:title\" content=\"SIUX DIABLO 4 PRO 2025 - Revolution Padel Store\" \/>\n<meta property=\"og:description\" content=\"Compra la Siux Diablo 4 Pro 2025, una pala profesional con carbono 18K Textreme y n\u00facleo EVA. Equilibrio perfecto entre potencia y control. \u00a1Entra en nuestra tienda y ll\u00e9vatela al mejor precio!\" \/>\n<meta property=\"og:url\" content=\"https:\/\/revolutionpadelstore.com\/fr\/produit\/siux-diablo-4-pro-2025\/\" \/>\n<meta property=\"og:site_name\" content=\"Revolution Padel Store\" \/>\n<meta property=\"article:modified_time\" content=\"2026-04-21T00:00:50+00:00\" \/>\n<meta property=\"og:image\" content=\"https:\/\/revolutionpadelstore.com\/wp-content\/uploads\/2025\/02\/86.png\" \/>\n\t<meta property=\"og:image:width\" content=\"1500\" \/>\n\t<meta property=\"og:image:height\" content=\"1500\" \/>\n\t<meta property=\"og:image:type\" content=\"image\/png\" \/>\n<meta name=\"twitter:card\" content=\"summary_large_image\" \/>\n<meta name=\"twitter:label1\" content=\"Dur\u00e9e de lecture estim\u00e9e\" \/>\n\t<meta name=\"twitter:data1\" content=\"2 minutes\" \/>\n<script type=\"application\/ld+json\" class=\"yoast-schema-graph\">{\"@context\":\"https:\\\/\\\/schema.org\",\"@graph\":[{\"@type\":\"WebPage\",\"@id\":\"https:\\\/\\\/revolutionpadelstore.com\\\/fr\\\/produit\\\/siux-diablo-4-pro-2025\\\/\",\"url\":\"https:\\\/\\\/revolutionpadelstore.com\\\/fr\\\/produit\\\/siux-diablo-4-pro-2025\\\/\",\"name\":\"SIUX DIABLO 4 PRO 2025 - Revolution Padel Store\",\"isPartOf\":{\"@id\":\"https:\\\/\\\/revolutionpadelstore.com\\\/fr\\\/#website\"},\"primaryImageOfPage\":{\"@id\":\"https:\\\/\\\/revolutionpadelstore.com\\\/fr\\\/produit\\\/siux-diablo-4-pro-2025\\\/#primaryimage\"},\"image\":{\"@id\":\"https:\\\/\\\/revolutionpadelstore.com\\\/fr\\\/produit\\\/siux-diablo-4-pro-2025\\\/#primaryimage\"},\"thumbnailUrl\":\"https:\\\/\\\/revolutionpadelstore.com\\\/wp-content\\\/uploads\\\/2025\\\/02\\\/86.png\",\"datePublished\":\"2025-02-04T19:49:02+00:00\",\"dateModified\":\"2026-04-21T00:00:50+00:00\",\"description\":\"Compra la Siux Diablo 4 Pro 2025, una pala profesional con carbono 18K Textreme y n\u00facleo EVA. Equilibrio perfecto entre potencia y control. \u00a1Entra en nuestra tienda y ll\u00e9vatela al mejor precio!\",\"breadcrumb\":{\"@id\":\"https:\\\/\\\/revolutionpadelstore.com\\\/fr\\\/produit\\\/siux-diablo-4-pro-2025\\\/#breadcrumb\"},\"inLanguage\":\"fr-FR\",\"potentialAction\":[{\"@type\":\"ReadAction\",\"target\":[\"https:\\\/\\\/revolutionpadelstore.com\\\/fr\\\/produit\\\/siux-diablo-4-pro-2025\\\/\"]}]},{\"@type\":\"ImageObject\",\"inLanguage\":\"fr-FR\",\"@id\":\"https:\\\/\\\/revolutionpadelstore.com\\\/fr\\\/produit\\\/siux-diablo-4-pro-2025\\\/#primaryimage\",\"url\":\"https:\\\/\\\/revolutionpadelstore.com\\\/wp-content\\\/uploads\\\/2025\\\/02\\\/86.png\",\"contentUrl\":\"https:\\\/\\\/revolutionpadelstore.com\\\/wp-content\\\/uploads\\\/2025\\\/02\\\/86.png\",\"width\":1500,\"height\":1500},{\"@type\":\"BreadcrumbList\",\"@id\":\"https:\\\/\\\/revolutionpadelstore.com\\\/fr\\\/produit\\\/siux-diablo-4-pro-2025\\\/#breadcrumb\",\"itemListElement\":[{\"@type\":\"ListItem\",\"position\":1,\"name\":\"Portada\",\"item\":\"https:\\\/\\\/revolutionpadelstore.com\\\/fr\\\/\"},{\"@type\":\"ListItem\",\"position\":2,\"name\":\"Boutique\",\"item\":\"https:\\\/\\\/revolutionpadelstore.com\\\/fr\\\/tienda\\\/\"},{\"@type\":\"ListItem\",\"position\":3,\"name\":\"SIUX DIABLO 4 PRO 2025\"}]},{\"@type\":\"WebSite\",\"@id\":\"https:\\\/\\\/revolutionpadelstore.com\\\/fr\\\/#website\",\"url\":\"https:\\\/\\\/revolutionpadelstore.com\\\/fr\\\/\",\"name\":\"Revolution Padel Store\",\"description\":\"\",\"publisher\":{\"@id\":\"https:\\\/\\\/revolutionpadelstore.com\\\/fr\\\/#organization\"},\"potentialAction\":[{\"@type\":\"SearchAction\",\"target\":{\"@type\":\"EntryPoint\",\"urlTemplate\":\"https:\\\/\\\/revolutionpadelstore.com\\\/fr\\\/?s={search_term_string}\"},\"query-input\":{\"@type\":\"PropertyValueSpecification\",\"valueRequired\":true,\"valueName\":\"search_term_string\"}}],\"inLanguage\":\"fr-FR\"},{\"@type\":\"Organization\",\"@id\":\"https:\\\/\\\/revolutionpadelstore.com\\\/fr\\\/#organization\",\"name\":\"Revolution Padel Store\",\"url\":\"https:\\\/\\\/revolutionpadelstore.com\\\/fr\\\/\",\"logo\":{\"@type\":\"ImageObject\",\"inLanguage\":\"fr-FR\",\"@id\":\"https:\\\/\\\/revolutionpadelstore.com\\\/fr\\\/#\\\/schema\\\/logo\\\/image\\\/\",\"url\":\"https:\\\/\\\/revolutionpadelstore.com\\\/wp-content\\\/uploads\\\/2026\\\/02\\\/revolution-padel-store.jpg\",\"contentUrl\":\"https:\\\/\\\/revolutionpadelstore.com\\\/wp-content\\\/uploads\\\/2026\\\/02\\\/revolution-padel-store.jpg\",\"width\":2000,\"height\":2000,\"caption\":\"Revolution Padel Store\"},\"image\":{\"@id\":\"https:\\\/\\\/revolutionpadelstore.com\\\/fr\\\/#\\\/schema\\\/logo\\\/image\\\/\"},\"sameAs\":[\"https:\\\/\\\/www.instagram.com\\\/revolutionpadelstore\\\/\"]}]}<\/script>\n<!-- \/ Yoast SEO plugin. -->","yoast_head_json":{"title":"SIUX DIABLO 4 PRO 2025 - Revolution Padel Store","description":"Compra la Siux Diablo 4 Pro 2025, una pala profesional con carbono 18K Textreme y n\u00facleo EVA. Equilibrio perfecto entre potencia y control. \u00a1Entra en nuestra tienda y ll\u00e9vatela al mejor precio!","robots":{"index":"index","follow":"follow","max-snippet":"max-snippet:-1","max-image-preview":"max-image-preview:large","max-video-preview":"max-video-preview:-1"},"canonical":"https:\/\/revolutionpadelstore.com\/fr\/produit\/siux-diablo-4-pro-2025\/","og_locale":"fr_FR","og_type":"article","og_title":"SIUX DIABLO 4 PRO 2025 - Revolution Padel Store","og_description":"Compra la Siux Diablo 4 Pro 2025, una pala profesional con carbono 18K Textreme y n\u00facleo EVA. Equilibrio perfecto entre potencia y control. \u00a1Entra en nuestra tienda y ll\u00e9vatela al mejor precio!","og_url":"https:\/\/revolutionpadelstore.com\/fr\/produit\/siux-diablo-4-pro-2025\/","og_site_name":"Revolution Padel Store","article_modified_time":"2026-04-21T00:00:50+00:00","og_image":[{"width":1500,"height":1500,"url":"https:\/\/revolutionpadelstore.com\/wp-content\/uploads\/2025\/02\/86.png","type":"image\/png"}],"twitter_card":"summary_large_image","twitter_misc":{"Dur\u00e9e de lecture estim\u00e9e":"2 minutes"},"schema":{"@context":"https:\/\/schema.org","@graph":[{"@type":"WebPage","@id":"https:\/\/revolutionpadelstore.com\/fr\/produit\/siux-diablo-4-pro-2025\/","url":"https:\/\/revolutionpadelstore.com\/fr\/produit\/siux-diablo-4-pro-2025\/","name":"SIUX DIABLO 4 PRO 2025 - Revolution Padel Store","isPartOf":{"@id":"https:\/\/revolutionpadelstore.com\/fr\/#website"},"primaryImageOfPage":{"@id":"https:\/\/revolutionpadelstore.com\/fr\/produit\/siux-diablo-4-pro-2025\/#primaryimage"},"image":{"@id":"https:\/\/revolutionpadelstore.com\/fr\/produit\/siux-diablo-4-pro-2025\/#primaryimage"},"thumbnailUrl":"https:\/\/revolutionpadelstore.com\/wp-content\/uploads\/2025\/02\/86.png","datePublished":"2025-02-04T19:49:02+00:00","dateModified":"2026-04-21T00:00:50+00:00","description":"Compra la Siux Diablo 4 Pro 2025, una pala profesional con carbono 18K Textreme y n\u00facleo EVA. Equilibrio perfecto entre potencia y control. \u00a1Entra en nuestra tienda y ll\u00e9vatela al mejor precio!","breadcrumb":{"@id":"https:\/\/revolutionpadelstore.com\/fr\/produit\/siux-diablo-4-pro-2025\/#breadcrumb"},"inLanguage":"fr-FR","potentialAction":[{"@type":"ReadAction","target":["https:\/\/revolutionpadelstore.com\/fr\/produit\/siux-diablo-4-pro-2025\/"]}]},{"@type":"ImageObject","inLanguage":"fr-FR","@id":"https:\/\/revolutionpadelstore.com\/fr\/produit\/siux-diablo-4-pro-2025\/#primaryimage","url":"https:\/\/revolutionpadelstore.com\/wp-content\/uploads\/2025\/02\/86.png","contentUrl":"https:\/\/revolutionpadelstore.com\/wp-content\/uploads\/2025\/02\/86.png","width":1500,"height":1500},{"@type":"BreadcrumbList","@id":"https:\/\/revolutionpadelstore.com\/fr\/produit\/siux-diablo-4-pro-2025\/#breadcrumb","itemListElement":[{"@type":"ListItem","position":1,"name":"Portada","item":"https:\/\/revolutionpadelstore.com\/fr\/"},{"@type":"ListItem","position":2,"name":"Boutique","item":"https:\/\/revolutionpadelstore.com\/fr\/tienda\/"},{"@type":"ListItem","position":3,"name":"SIUX DIABLO 4 PRO 2025"}]},{"@type":"WebSite","@id":"https:\/\/revolutionpadelstore.com\/fr\/#website","url":"https:\/\/revolutionpadelstore.com\/fr\/","name":"Revolution Padel Store","description":"","publisher":{"@id":"https:\/\/revolutionpadelstore.com\/fr\/#organization"},"potentialAction":[{"@type":"SearchAction","target":{"@type":"EntryPoint","urlTemplate":"https:\/\/revolutionpadelstore.com\/fr\/?s={search_term_string}"},"query-input":{"@type":"PropertyValueSpecification","valueRequired":true,"valueName":"search_term_string"}}],"inLanguage":"fr-FR"},{"@type":"Organization","@id":"https:\/\/revolutionpadelstore.com\/fr\/#organization","name":"Revolution Padel Store","url":"https:\/\/revolutionpadelstore.com\/fr\/","logo":{"@type":"ImageObject","inLanguage":"fr-FR","@id":"https:\/\/revolutionpadelstore.com\/fr\/#\/schema\/logo\/image\/","url":"https:\/\/revolutionpadelstore.com\/wp-content\/uploads\/2026\/02\/revolution-padel-store.jpg","contentUrl":"https:\/\/revolutionpadelstore.com\/wp-content\/uploads\/2026\/02\/revolution-padel-store.jpg","width":2000,"height":2000,"caption":"Revolution Padel Store"},"image":{"@id":"https:\/\/revolutionpadelstore.com\/fr\/#\/schema\/logo\/image\/"},"sameAs":["https:\/\/www.instagram.com\/revolutionpadelstore\/"]}]}},"_links":{"self":[{"href":"https:\/\/revolutionpadelstore.com\/fr\/wp-json\/wp\/v2\/product\/167644","targetHints":{"allow":["GET"]}}],"collection":[{"href":"https:\/\/revolutionpadelstore.com\/fr\/wp-json\/wp\/v2\/product"}],"about":[{"href":"https:\/\/revolutionpadelstore.com\/fr\/wp-json\/wp\/v2\/types\/product"}],"replies":[{"embeddable":true,"href":"https:\/\/revolutionpadelstore.com\/fr\/wp-json\/wp\/v2\/comments?post=167644"}],"wp:featuredmedia":[{"embeddable":true,"href":"https:\/\/revolutionpadelstore.com\/fr\/wp-json\/wp\/v2\/media\/167597"}],"wp:attachment":[{"href":"https:\/\/revolutionpadelstore.com\/fr\/wp-json\/wp\/v2\/media?parent=167644"}],"wp:term":[{"taxonomy":"acabado","embeddable":true,"href":"https:\/\/revolutionpadelstore.com\/fr\/wp-json\/wp\/v2\/acabado?post=167644"},{"taxonomy":"balance","embeddable":true,"href":"https:\/\/revolutionpadelstore.com\/fr\/wp-json\/wp\/v2\/balance?post=167644"},{"taxonomy":"dureza","embeddable":true,"href":"https:\/\/revolutionpadelstore.com\/fr\/wp-json\/wp\/v2\/dureza?post=167644"},{"taxonomy":"forma","embeddable":true,"href":"https:\/\/revolutionpadelstore.com\/fr\/wp-json\/wp\/v2\/forma?post=167644"},{"taxonomy":"jugador","embeddable":true,"href":"https:\/\/revolutionpadelstore.com\/fr\/wp-json\/wp\/v2\/jugador?post=167644"},{"taxonomy":"marca","embeddable":true,"href":"https:\/\/revolutionpadelstore.com\/fr\/wp-json\/wp\/v2\/marca?post=167644"},{"taxonomy":"nivel-de-juego","embeddable":true,"href":"https:\/\/revolutionpadelstore.com\/fr\/wp-json\/wp\/v2\/nivel-de-juego?post=167644"},{"taxonomy":"superficie","embeddable":true,"href":"https:\/\/revolutionpadelstore.com\/fr\/wp-json\/wp\/v2\/superficie?post=167644"},{"taxonomy":"tipo-de-juego","embeddable":true,"href":"https:\/\/revolutionpadelstore.com\/fr\/wp-json\/wp\/v2\/tipo-de-juego?post=167644"},{"taxonomy":"product_brand","embeddable":true,"href":"https:\/\/revolutionpadelstore.com\/fr\/wp-json\/wp\/v2\/product_brand?post=167644"},{"taxonomy":"product_cat","embeddable":true,"href":"https:\/\/revolutionpadelstore.com\/fr\/wp-json\/wp\/v2\/product_cat?post=167644"},{"taxonomy":"product_tag","embeddable":true,"href":"https:\/\/revolutionpadelstore.com\/fr\/wp-json\/wp\/v2\/product_tag?post=167644"}],"curies":[{"name":"wp","href":"https:\/\/api.w.org\/{rel}","templated":true}]}}