{"id":167577,"date":"2025-02-04T19:35:03","date_gmt":"2025-02-04T18:35:03","guid":{"rendered":"https:\/\/revolutionpadelstore.com\/siux-valkiria-pro\/"},"modified":"2026-04-03T02:00:38","modified_gmt":"2026-04-03T00:00:38","slug":"siux-valkiria-pro-3","status":"publish","type":"product","link":"https:\/\/revolutionpadelstore.com\/fr\/produit\/siux-valkiria-pro-3\/","title":{"rendered":"SIUX VALKIRIA PRO"},"content":{"rendered":"<h2> Siux Valkiria Pro 2025 &#8211; Power and Control for Professional Players <\/H2><br \/>\nLe <strong> Siux Valkiria Pro 2025 <\/strong> est une pelle \u00e0 palette haute performance con\u00e7ue pour les joueurs \u00e0 la recherche d&#8217;un \u00e9quilibre parfait entre <strong> puissance et contr\u00f4le <\/strong>. Avec un design sophistiqu\u00e9 en <strong> bleu et blanc avec une finition brillante <\/strong>, cette pelle se d\u00e9marque \u00e0 la fois pour son esth\u00e9tique et ses technologies avanc\u00e9es. Son format hybride et sa garantie de banc d\u2019\u00e9quilibre entre une excellente maniabilit\u00e9 et une polyvalence sur la piste, ce qui en fait le choix id\u00e9al pour les joueurs de niveau professionnel qui souhaitent dominer tous les aspects du jeu.<\/p>\n<h2> Performance maximale pour les joueurs exigeants <\/h2>\n<p>Voyant les joueurs <strong> professionnels ou avanc\u00e9s <\/strong>, le <strong> Siux Valkiria Pro 2025 <\/strong> offre une combinaison unique de pouvoir explosif <strong> et de contr\u00f4le exceptionnel <\/strong>. Sa fabrication en <strong> carbone 3K et surface 24K Aluminis\u00e9 <\/strong> fournit une r\u00e9ponse ferme et stable dans chaque coup, optimisant les performances \u00e0 la fois en d\u00e9fense et en attaque.<\/p>\n<p>Gr\u00e2ce \u00e0 sa touche moyenne, il permet une adaptation parfaite \u00e0 diff\u00e9rents styles de jeu, facilitant les transitions rapides entre les coups de pr\u00e9cision et les ench\u00e8res \u00e9nergiques.<\/p>\n<h2> Caract\u00e9ristiques et technologies du Siux Valkiria Pro 2025 <\/H2><\/p>\n<p style=\"padding-left: 40px\"> &#8211; Niveau de jeu: professionnel<br \/>\n-Type de jeu: polyvalent (contr\u00f4le et puissance)<br \/>\n-Form: hybride -bride entre l&#8217;attaque et la d\u00e9fense<br \/>\n-NuCole: Soft Eva -Soft Touch et Excellente prise de balle<br \/>\n-Baluance: Medium-Stabilit\u00e9 optimale et maniabilit\u00e9<br \/>\n-Superficie: 24k aluminis\u00e9-r\u00e9sistance et effet de greater sur les coups<br \/>\n-Material du tubulaire: 3k carbone-extra durabilit\u00e9 et rigidit\u00e9<br \/>\n-Ewake: luminosit\u00e9 -Modern Blue et White Design<br \/>\n-Tact: Sensation moyenne-parfaite dans chaque coup <\/p>\n<p>&lt;En<br \/>\nSi vous recherchez une pelle polyvalente, puissante et de haute qualit\u00e9 <\/strong>, la <strong> Siux Valkiria Pro 2025 <\/strong> est la meilleure option pour augmenter votre niveau de jeu. Parfait pour les joueurs \u00e0 la recherche de performances exceptionnelles dans chaque jeu.<\/p>\n<p><strong> Achetez le Siux Valkiria Pro 2025 dans notre boutique en ligne <a href=\"https:\/\/www.revolutionpadelstore.com\/\"> Revolution Padel Store <\/a> au meilleur prix de march\u00e9. Ne restez pas sans le tien! <\/strong><\/p>\n","protected":false},"excerpt":{"rendered":"<p>Rencontrez le Siux Valkiria Pro 2025, une pelle haute performance et polyvalence, fabriqu\u00e9e avec du carbone 3K et une surface aluminis\u00e9e 24K. Pr\u00e9cision et contr\u00f4le au maximum!<\/p>\n","protected":false},"featured_media":167542,"comment_status":"open","ping_status":"closed","template":"","meta":{"_acf_changed":false,"_joinchat":[]},"acabado":[1082],"balance":[1142],"dureza":[1157],"forma":[1177],"jugador":[1197],"marca":[1307],"nivel-de-juego":[1337,1347],"superficie":[],"tipo-de-juego":[1387],"product_brand":[],"product_cat":[302],"product_tag":[],"class_list":{"0":"post-167577","1":"product","2":"type-product","3":"status-publish","4":"has-post-thumbnail","6":"acabado-luminosite","7":"balance-moyen","8":"dureza-media-fr","9":"forma-hybride","10":"jugador-mujer-fr","11":"marca-siux-fr","12":"tipo-de-juego-polivalente-fr","13":"product_cat-palas-de-padel-fr","15":"first","16":"instock","17":"sale","18":"taxable","19":"shipping-taxable","20":"purchasable","21":"product-type-simple"},"acf":[],"yoast_head":"<!-- This site is optimized with the Yoast SEO plugin v27.3 - https:\/\/yoast.com\/product\/yoast-seo-wordpress\/ -->\n<title>SIUX VALKIRIA PRO - Revolution Padel Store<\/title>\n<meta name=\"description\" content=\"Descubre la Siux Valkiria Pro 2025, una pala h\u00edbrida de alto rendimiento para jugadoras profesionales. Potencia, control y dise\u00f1o exclusivo. Compra online al mejor preci\" \/>\n<meta name=\"robots\" content=\"index, follow, max-snippet:-1, max-image-preview:large, max-video-preview:-1\" \/>\n<link rel=\"canonical\" href=\"https:\/\/revolutionpadelstore.com\/fr\/produit\/siux-valkiria-pro-3\/\" \/>\n<meta property=\"og:locale\" content=\"fr_FR\" \/>\n<meta property=\"og:type\" content=\"article\" \/>\n<meta property=\"og:title\" content=\"SIUX VALKIRIA PRO - Revolution Padel Store\" \/>\n<meta property=\"og:description\" content=\"Descubre la Siux Valkiria Pro 2025, una pala h\u00edbrida de alto rendimiento para jugadoras profesionales. Potencia, control y dise\u00f1o exclusivo. Compra online al mejor preci\" \/>\n<meta property=\"og:url\" content=\"https:\/\/revolutionpadelstore.com\/fr\/produit\/siux-valkiria-pro-3\/\" \/>\n<meta property=\"og:site_name\" content=\"Revolution Padel Store\" \/>\n<meta property=\"article:modified_time\" content=\"2026-04-03T00:00:38+00:00\" \/>\n<meta property=\"og:image\" content=\"https:\/\/revolutionpadelstore.com\/wp-content\/uploads\/2025\/02\/94.png\" \/>\n\t<meta property=\"og:image:width\" content=\"1500\" \/>\n\t<meta property=\"og:image:height\" content=\"1500\" \/>\n\t<meta property=\"og:image:type\" content=\"image\/png\" \/>\n<meta name=\"twitter:card\" content=\"summary_large_image\" \/>\n<meta name=\"twitter:label1\" content=\"Dur\u00e9e de lecture estim\u00e9e\" \/>\n\t<meta name=\"twitter:data1\" content=\"2 minutes\" \/>\n<script type=\"application\/ld+json\" class=\"yoast-schema-graph\">{\"@context\":\"https:\\\/\\\/schema.org\",\"@graph\":[{\"@type\":\"WebPage\",\"@id\":\"https:\\\/\\\/revolutionpadelstore.com\\\/fr\\\/produit\\\/siux-valkiria-pro-3\\\/\",\"url\":\"https:\\\/\\\/revolutionpadelstore.com\\\/fr\\\/produit\\\/siux-valkiria-pro-3\\\/\",\"name\":\"SIUX VALKIRIA PRO - Revolution Padel Store\",\"isPartOf\":{\"@id\":\"https:\\\/\\\/revolutionpadelstore.com\\\/fr\\\/#website\"},\"primaryImageOfPage\":{\"@id\":\"https:\\\/\\\/revolutionpadelstore.com\\\/fr\\\/produit\\\/siux-valkiria-pro-3\\\/#primaryimage\"},\"image\":{\"@id\":\"https:\\\/\\\/revolutionpadelstore.com\\\/fr\\\/produit\\\/siux-valkiria-pro-3\\\/#primaryimage\"},\"thumbnailUrl\":\"https:\\\/\\\/revolutionpadelstore.com\\\/wp-content\\\/uploads\\\/2025\\\/02\\\/94.png\",\"datePublished\":\"2025-02-04T18:35:03+00:00\",\"dateModified\":\"2026-04-03T00:00:38+00:00\",\"description\":\"Descubre la Siux Valkiria Pro 2025, una pala h\u00edbrida de alto rendimiento para jugadoras profesionales. Potencia, control y dise\u00f1o exclusivo. Compra online al mejor preci\",\"breadcrumb\":{\"@id\":\"https:\\\/\\\/revolutionpadelstore.com\\\/fr\\\/produit\\\/siux-valkiria-pro-3\\\/#breadcrumb\"},\"inLanguage\":\"fr-FR\",\"potentialAction\":[{\"@type\":\"ReadAction\",\"target\":[\"https:\\\/\\\/revolutionpadelstore.com\\\/fr\\\/produit\\\/siux-valkiria-pro-3\\\/\"]}]},{\"@type\":\"ImageObject\",\"inLanguage\":\"fr-FR\",\"@id\":\"https:\\\/\\\/revolutionpadelstore.com\\\/fr\\\/produit\\\/siux-valkiria-pro-3\\\/#primaryimage\",\"url\":\"https:\\\/\\\/revolutionpadelstore.com\\\/wp-content\\\/uploads\\\/2025\\\/02\\\/94.png\",\"contentUrl\":\"https:\\\/\\\/revolutionpadelstore.com\\\/wp-content\\\/uploads\\\/2025\\\/02\\\/94.png\",\"width\":1500,\"height\":1500},{\"@type\":\"BreadcrumbList\",\"@id\":\"https:\\\/\\\/revolutionpadelstore.com\\\/fr\\\/produit\\\/siux-valkiria-pro-3\\\/#breadcrumb\",\"itemListElement\":[{\"@type\":\"ListItem\",\"position\":1,\"name\":\"Portada\",\"item\":\"https:\\\/\\\/revolutionpadelstore.com\\\/fr\\\/\"},{\"@type\":\"ListItem\",\"position\":2,\"name\":\"Boutique\",\"item\":\"https:\\\/\\\/revolutionpadelstore.com\\\/fr\\\/tienda\\\/\"},{\"@type\":\"ListItem\",\"position\":3,\"name\":\"SIUX VALKIRIA PRO\"}]},{\"@type\":\"WebSite\",\"@id\":\"https:\\\/\\\/revolutionpadelstore.com\\\/fr\\\/#website\",\"url\":\"https:\\\/\\\/revolutionpadelstore.com\\\/fr\\\/\",\"name\":\"Revolution Padel Store\",\"description\":\"\",\"publisher\":{\"@id\":\"https:\\\/\\\/revolutionpadelstore.com\\\/fr\\\/#organization\"},\"potentialAction\":[{\"@type\":\"SearchAction\",\"target\":{\"@type\":\"EntryPoint\",\"urlTemplate\":\"https:\\\/\\\/revolutionpadelstore.com\\\/fr\\\/?s={search_term_string}\"},\"query-input\":{\"@type\":\"PropertyValueSpecification\",\"valueRequired\":true,\"valueName\":\"search_term_string\"}}],\"inLanguage\":\"fr-FR\"},{\"@type\":\"Organization\",\"@id\":\"https:\\\/\\\/revolutionpadelstore.com\\\/fr\\\/#organization\",\"name\":\"Revolution Padel Store\",\"url\":\"https:\\\/\\\/revolutionpadelstore.com\\\/fr\\\/\",\"logo\":{\"@type\":\"ImageObject\",\"inLanguage\":\"fr-FR\",\"@id\":\"https:\\\/\\\/revolutionpadelstore.com\\\/fr\\\/#\\\/schema\\\/logo\\\/image\\\/\",\"url\":\"https:\\\/\\\/revolutionpadelstore.com\\\/wp-content\\\/uploads\\\/2026\\\/02\\\/revolution-padel-store.jpg\",\"contentUrl\":\"https:\\\/\\\/revolutionpadelstore.com\\\/wp-content\\\/uploads\\\/2026\\\/02\\\/revolution-padel-store.jpg\",\"width\":2000,\"height\":2000,\"caption\":\"Revolution Padel Store\"},\"image\":{\"@id\":\"https:\\\/\\\/revolutionpadelstore.com\\\/fr\\\/#\\\/schema\\\/logo\\\/image\\\/\"},\"sameAs\":[\"https:\\\/\\\/www.instagram.com\\\/revolutionpadelstore\\\/\"]}]}<\/script>\n<!-- \/ Yoast SEO plugin. -->","yoast_head_json":{"title":"SIUX VALKIRIA PRO - Revolution Padel Store","description":"Descubre la Siux Valkiria Pro 2025, una pala h\u00edbrida de alto rendimiento para jugadoras profesionales. Potencia, control y dise\u00f1o exclusivo. Compra online al mejor preci","robots":{"index":"index","follow":"follow","max-snippet":"max-snippet:-1","max-image-preview":"max-image-preview:large","max-video-preview":"max-video-preview:-1"},"canonical":"https:\/\/revolutionpadelstore.com\/fr\/produit\/siux-valkiria-pro-3\/","og_locale":"fr_FR","og_type":"article","og_title":"SIUX VALKIRIA PRO - Revolution Padel Store","og_description":"Descubre la Siux Valkiria Pro 2025, una pala h\u00edbrida de alto rendimiento para jugadoras profesionales. Potencia, control y dise\u00f1o exclusivo. Compra online al mejor preci","og_url":"https:\/\/revolutionpadelstore.com\/fr\/produit\/siux-valkiria-pro-3\/","og_site_name":"Revolution Padel Store","article_modified_time":"2026-04-03T00:00:38+00:00","og_image":[{"width":1500,"height":1500,"url":"https:\/\/revolutionpadelstore.com\/wp-content\/uploads\/2025\/02\/94.png","type":"image\/png"}],"twitter_card":"summary_large_image","twitter_misc":{"Dur\u00e9e de lecture estim\u00e9e":"2 minutes"},"schema":{"@context":"https:\/\/schema.org","@graph":[{"@type":"WebPage","@id":"https:\/\/revolutionpadelstore.com\/fr\/produit\/siux-valkiria-pro-3\/","url":"https:\/\/revolutionpadelstore.com\/fr\/produit\/siux-valkiria-pro-3\/","name":"SIUX VALKIRIA PRO - Revolution Padel Store","isPartOf":{"@id":"https:\/\/revolutionpadelstore.com\/fr\/#website"},"primaryImageOfPage":{"@id":"https:\/\/revolutionpadelstore.com\/fr\/produit\/siux-valkiria-pro-3\/#primaryimage"},"image":{"@id":"https:\/\/revolutionpadelstore.com\/fr\/produit\/siux-valkiria-pro-3\/#primaryimage"},"thumbnailUrl":"https:\/\/revolutionpadelstore.com\/wp-content\/uploads\/2025\/02\/94.png","datePublished":"2025-02-04T18:35:03+00:00","dateModified":"2026-04-03T00:00:38+00:00","description":"Descubre la Siux Valkiria Pro 2025, una pala h\u00edbrida de alto rendimiento para jugadoras profesionales. Potencia, control y dise\u00f1o exclusivo. Compra online al mejor preci","breadcrumb":{"@id":"https:\/\/revolutionpadelstore.com\/fr\/produit\/siux-valkiria-pro-3\/#breadcrumb"},"inLanguage":"fr-FR","potentialAction":[{"@type":"ReadAction","target":["https:\/\/revolutionpadelstore.com\/fr\/produit\/siux-valkiria-pro-3\/"]}]},{"@type":"ImageObject","inLanguage":"fr-FR","@id":"https:\/\/revolutionpadelstore.com\/fr\/produit\/siux-valkiria-pro-3\/#primaryimage","url":"https:\/\/revolutionpadelstore.com\/wp-content\/uploads\/2025\/02\/94.png","contentUrl":"https:\/\/revolutionpadelstore.com\/wp-content\/uploads\/2025\/02\/94.png","width":1500,"height":1500},{"@type":"BreadcrumbList","@id":"https:\/\/revolutionpadelstore.com\/fr\/produit\/siux-valkiria-pro-3\/#breadcrumb","itemListElement":[{"@type":"ListItem","position":1,"name":"Portada","item":"https:\/\/revolutionpadelstore.com\/fr\/"},{"@type":"ListItem","position":2,"name":"Boutique","item":"https:\/\/revolutionpadelstore.com\/fr\/tienda\/"},{"@type":"ListItem","position":3,"name":"SIUX VALKIRIA PRO"}]},{"@type":"WebSite","@id":"https:\/\/revolutionpadelstore.com\/fr\/#website","url":"https:\/\/revolutionpadelstore.com\/fr\/","name":"Revolution Padel Store","description":"","publisher":{"@id":"https:\/\/revolutionpadelstore.com\/fr\/#organization"},"potentialAction":[{"@type":"SearchAction","target":{"@type":"EntryPoint","urlTemplate":"https:\/\/revolutionpadelstore.com\/fr\/?s={search_term_string}"},"query-input":{"@type":"PropertyValueSpecification","valueRequired":true,"valueName":"search_term_string"}}],"inLanguage":"fr-FR"},{"@type":"Organization","@id":"https:\/\/revolutionpadelstore.com\/fr\/#organization","name":"Revolution Padel Store","url":"https:\/\/revolutionpadelstore.com\/fr\/","logo":{"@type":"ImageObject","inLanguage":"fr-FR","@id":"https:\/\/revolutionpadelstore.com\/fr\/#\/schema\/logo\/image\/","url":"https:\/\/revolutionpadelstore.com\/wp-content\/uploads\/2026\/02\/revolution-padel-store.jpg","contentUrl":"https:\/\/revolutionpadelstore.com\/wp-content\/uploads\/2026\/02\/revolution-padel-store.jpg","width":2000,"height":2000,"caption":"Revolution Padel Store"},"image":{"@id":"https:\/\/revolutionpadelstore.com\/fr\/#\/schema\/logo\/image\/"},"sameAs":["https:\/\/www.instagram.com\/revolutionpadelstore\/"]}]}},"_links":{"self":[{"href":"https:\/\/revolutionpadelstore.com\/fr\/wp-json\/wp\/v2\/product\/167577","targetHints":{"allow":["GET"]}}],"collection":[{"href":"https:\/\/revolutionpadelstore.com\/fr\/wp-json\/wp\/v2\/product"}],"about":[{"href":"https:\/\/revolutionpadelstore.com\/fr\/wp-json\/wp\/v2\/types\/product"}],"replies":[{"embeddable":true,"href":"https:\/\/revolutionpadelstore.com\/fr\/wp-json\/wp\/v2\/comments?post=167577"}],"wp:featuredmedia":[{"embeddable":true,"href":"https:\/\/revolutionpadelstore.com\/fr\/wp-json\/wp\/v2\/media\/167542"}],"wp:attachment":[{"href":"https:\/\/revolutionpadelstore.com\/fr\/wp-json\/wp\/v2\/media?parent=167577"}],"wp:term":[{"taxonomy":"acabado","embeddable":true,"href":"https:\/\/revolutionpadelstore.com\/fr\/wp-json\/wp\/v2\/acabado?post=167577"},{"taxonomy":"balance","embeddable":true,"href":"https:\/\/revolutionpadelstore.com\/fr\/wp-json\/wp\/v2\/balance?post=167577"},{"taxonomy":"dureza","embeddable":true,"href":"https:\/\/revolutionpadelstore.com\/fr\/wp-json\/wp\/v2\/dureza?post=167577"},{"taxonomy":"forma","embeddable":true,"href":"https:\/\/revolutionpadelstore.com\/fr\/wp-json\/wp\/v2\/forma?post=167577"},{"taxonomy":"jugador","embeddable":true,"href":"https:\/\/revolutionpadelstore.com\/fr\/wp-json\/wp\/v2\/jugador?post=167577"},{"taxonomy":"marca","embeddable":true,"href":"https:\/\/revolutionpadelstore.com\/fr\/wp-json\/wp\/v2\/marca?post=167577"},{"taxonomy":"nivel-de-juego","embeddable":true,"href":"https:\/\/revolutionpadelstore.com\/fr\/wp-json\/wp\/v2\/nivel-de-juego?post=167577"},{"taxonomy":"superficie","embeddable":true,"href":"https:\/\/revolutionpadelstore.com\/fr\/wp-json\/wp\/v2\/superficie?post=167577"},{"taxonomy":"tipo-de-juego","embeddable":true,"href":"https:\/\/revolutionpadelstore.com\/fr\/wp-json\/wp\/v2\/tipo-de-juego?post=167577"},{"taxonomy":"product_brand","embeddable":true,"href":"https:\/\/revolutionpadelstore.com\/fr\/wp-json\/wp\/v2\/product_brand?post=167577"},{"taxonomy":"product_cat","embeddable":true,"href":"https:\/\/revolutionpadelstore.com\/fr\/wp-json\/wp\/v2\/product_cat?post=167577"},{"taxonomy":"product_tag","embeddable":true,"href":"https:\/\/revolutionpadelstore.com\/fr\/wp-json\/wp\/v2\/product_tag?post=167577"}],"curies":[{"name":"wp","href":"https:\/\/api.w.org\/{rel}","templated":true}]}}