{"id":16295,"date":"2024-04-22T15:23:34","date_gmt":"2024-04-22T13:23:34","guid":{"rendered":"https:\/\/revolutionpadelstore.com\/zapatillas-adidas-adizero-cybersonic-azul-royal-aqua\/"},"modified":"2024-10-15T01:56:44","modified_gmt":"2024-10-14T23:56:44","slug":"zapatillas-adidas-adizero-cybersonic-azul-royal-aqua","status":"publish","type":"product","link":"https:\/\/revolutionpadelstore.com\/fr\/produit\/zapatillas-adidas-adizero-cybersonic-azul-royal-aqua\/","title":{"rendered":"Zapatillas Adidas Adizero Cybersonic Azul Royal Aqua"},"content":{"rendered":"<p>Obtenez vitesse et style avec les chaussures Adidas Adizero Cybersonic de Revolution Padel Store. Si vous \u00eates un joueur de padel cherchant \u00e0 am\u00e9liorer vos performances sur le terrain, vous ne pouvez pas manquer l&#8217;opportunit\u00e9 d&#8217;acqu\u00e9rir les nouvelles chaussures Adidas Adizero Cybersonic dans leur couleur bleu royal aqua. Con\u00e7ues pour ajouter de la vitesse \u00e0 votre jeu et dot\u00e9es d&#8217;un look r\u00e9volutionnaire, ces chaussures sont le compl\u00e9ment parfait pour tout joueur cherchant \u00e0 se d\u00e9marquer sur le terrain.<\/p>\n<p> Avec un design sp\u00e9cifique pour les terrains durs, les chaussures Adidas Adizero Cybersonic vous aideront \u00e0 garder une longueur d&#8217;avance sur les mouvements de votre rival. Gr\u00e2ce aux cannes ENERGYRODS, vous pouvez changer de direction rapidement et garder le contr\u00f4le \u00e0 tout moment. De plus, sa semelle interm\u00e9diaire Lightstrike discr\u00e8te et sa mousse double densit\u00e9 vous offriront l&#8217;amorti n\u00e9cessaire pour \u00eatre toujours au bon endroit au bon moment.<\/p>\n<p> La tige en mesh technique de ces baskets int\u00e8gre un bout Adituff r\u00e9sistant \u00e0 l&#8217;usure, qui garantit une plus grande durabilit\u00e9. De plus, 60 % de sa mati\u00e8re Boost est recycl\u00e9e, d\u00e9montrant l&#8217;engagement d&#8217;Adidas envers l&#8217;environnement. Et pour plus d&#8217;ajustement et de confort, ils sont dot\u00e9s d&#8217;une fermeture \u00e0 lacets.<\/p>\n<p> Chez Revolution Padel Store, nous avons \u00e0 c\u0153ur de vous proposer les meilleurs produits pour que vous puissiez tout donner sur le terrain. Pour cette raison, nous ne pouvions manquer d&#8217;inclure les baskets Adidas Adizero Cybersonic dans notre catalogue. Avec sa semelle et sa tige Adiwear contenant au moins 50 % de mat\u00e9riaux recycl\u00e9s, ces chaussures sont la combinaison parfaite entre performance et durabilit\u00e9.<\/p>\n<p> N&#8217;attendez plus et procurez-vous d\u00e8s maintenant vos chaussures Adidas Adizero Cybersonic dans Revolution Padel Store. Ajoutez de la vitesse et du style \u00e0 votre jeu avec ce produit incroyable qui vous permettra de vous d\u00e9marquer sur le terrain. Achetez-les maintenant et devenez un v\u00e9ritable r\u00e9volutionnaire du padel !<\/p>\n","protected":false},"excerpt":{"rendered":"<p>Obtenez de la vitesse et du style avec les chaussures Adidas Adizero Cybersonic Blue Royal Aqua de Revolution Padel Store. Con\u00e7u pour les terrains durs.<\/p>\n","protected":false},"featured_media":5974,"comment_status":"closed","ping_status":"open","template":"","meta":{"_acf_changed":false,"_joinchat":[]},"acabado":[],"balance":[],"dureza":[],"forma":[],"jugador":[],"marca":[1232],"nivel-de-juego":[1342,1347],"superficie":[],"tipo-de-juego":[],"product_brand":[],"product_cat":[407],"product_tag":[],"class_list":{"0":"post-16295","1":"product","2":"type-product","3":"status-publish","4":"has-post-thumbnail","6":"marca-adidas-fr","7":"product_cat-sneakers-pour-hommes","9":"first","10":"instock","11":"taxable","12":"shipping-taxable","13":"purchasable","14":"product-type-variable"},"acf":[],"yoast_head":"<!-- This site is optimized with the Yoast SEO plugin v27.4 - https:\/\/yoast.com\/product\/yoast-seo-wordpress\/ -->\n<title>Zapatillas Adidas Adizero Cybersonic Azul Royal Aqua - Revolution Padel Store<\/title>\n<meta name=\"description\" content=\"Consigue velocidad y estilo con las zapatillas Adidas Adizero Cybersonic Azul Royal Aqua de Revolution Padel Store. Dise\u00f1adas para pistas duras.\" \/>\n<meta name=\"robots\" content=\"index, follow, max-snippet:-1, max-image-preview:large, max-video-preview:-1\" \/>\n<link rel=\"canonical\" href=\"https:\/\/revolutionpadelstore.com\/fr\/produit\/zapatillas-adidas-adizero-cybersonic-azul-royal-aqua\/\" \/>\n<meta property=\"og:locale\" content=\"fr_FR\" \/>\n<meta property=\"og:type\" content=\"article\" \/>\n<meta property=\"og:title\" content=\"Zapatillas Adidas Adizero Cybersonic Azul Royal Aqua - Revolution Padel Store\" \/>\n<meta property=\"og:description\" content=\"Consigue velocidad y estilo con las zapatillas Adidas Adizero Cybersonic Azul Royal Aqua de Revolution Padel Store. Dise\u00f1adas para pistas duras.\" \/>\n<meta property=\"og:url\" content=\"https:\/\/revolutionpadelstore.com\/fr\/produit\/zapatillas-adidas-adizero-cybersonic-azul-royal-aqua\/\" \/>\n<meta property=\"og:site_name\" content=\"Revolution Padel Store\" \/>\n<meta property=\"article:modified_time\" content=\"2024-10-14T23:56:44+00:00\" \/>\n<meta property=\"og:image\" content=\"https:\/\/revolutionpadelstore.com\/wp-content\/uploads\/2024\/04\/17439-0-4.jpg\" \/>\n\t<meta property=\"og:image:width\" content=\"800\" \/>\n\t<meta property=\"og:image:height\" content=\"800\" \/>\n\t<meta property=\"og:image:type\" content=\"image\/png\" \/>\n<meta name=\"twitter:card\" content=\"summary_large_image\" \/>\n<meta name=\"twitter:label1\" content=\"Dur\u00e9e de lecture estim\u00e9e\" \/>\n\t<meta name=\"twitter:data1\" content=\"2 minutes\" \/>\n<script type=\"application\/ld+json\" class=\"yoast-schema-graph\">{\"@context\":\"https:\\\/\\\/schema.org\",\"@graph\":[{\"@type\":\"WebPage\",\"@id\":\"https:\\\/\\\/revolutionpadelstore.com\\\/fr\\\/produit\\\/zapatillas-adidas-adizero-cybersonic-azul-royal-aqua\\\/\",\"url\":\"https:\\\/\\\/revolutionpadelstore.com\\\/fr\\\/produit\\\/zapatillas-adidas-adizero-cybersonic-azul-royal-aqua\\\/\",\"name\":\"Zapatillas Adidas Adizero Cybersonic Azul Royal Aqua - Revolution Padel Store\",\"isPartOf\":{\"@id\":\"https:\\\/\\\/revolutionpadelstore.com\\\/fr\\\/#website\"},\"primaryImageOfPage\":{\"@id\":\"https:\\\/\\\/revolutionpadelstore.com\\\/fr\\\/produit\\\/zapatillas-adidas-adizero-cybersonic-azul-royal-aqua\\\/#primaryimage\"},\"image\":{\"@id\":\"https:\\\/\\\/revolutionpadelstore.com\\\/fr\\\/produit\\\/zapatillas-adidas-adizero-cybersonic-azul-royal-aqua\\\/#primaryimage\"},\"thumbnailUrl\":\"https:\\\/\\\/revolutionpadelstore.com\\\/wp-content\\\/uploads\\\/2024\\\/04\\\/17439-0-4.jpg\",\"datePublished\":\"2024-04-22T13:23:34+00:00\",\"dateModified\":\"2024-10-14T23:56:44+00:00\",\"description\":\"Consigue velocidad y estilo con las zapatillas Adidas Adizero Cybersonic Azul Royal Aqua de Revolution Padel Store. Dise\u00f1adas para pistas duras.\",\"breadcrumb\":{\"@id\":\"https:\\\/\\\/revolutionpadelstore.com\\\/fr\\\/produit\\\/zapatillas-adidas-adizero-cybersonic-azul-royal-aqua\\\/#breadcrumb\"},\"inLanguage\":\"fr-FR\",\"potentialAction\":[{\"@type\":\"ReadAction\",\"target\":[\"https:\\\/\\\/revolutionpadelstore.com\\\/fr\\\/produit\\\/zapatillas-adidas-adizero-cybersonic-azul-royal-aqua\\\/\"]}]},{\"@type\":\"ImageObject\",\"inLanguage\":\"fr-FR\",\"@id\":\"https:\\\/\\\/revolutionpadelstore.com\\\/fr\\\/produit\\\/zapatillas-adidas-adizero-cybersonic-azul-royal-aqua\\\/#primaryimage\",\"url\":\"https:\\\/\\\/revolutionpadelstore.com\\\/wp-content\\\/uploads\\\/2024\\\/04\\\/17439-0-4.jpg\",\"contentUrl\":\"https:\\\/\\\/revolutionpadelstore.com\\\/wp-content\\\/uploads\\\/2024\\\/04\\\/17439-0-4.jpg\",\"width\":800,\"height\":800},{\"@type\":\"BreadcrumbList\",\"@id\":\"https:\\\/\\\/revolutionpadelstore.com\\\/fr\\\/produit\\\/zapatillas-adidas-adizero-cybersonic-azul-royal-aqua\\\/#breadcrumb\",\"itemListElement\":[{\"@type\":\"ListItem\",\"position\":1,\"name\":\"Portada\",\"item\":\"https:\\\/\\\/revolutionpadelstore.com\\\/fr\\\/\"},{\"@type\":\"ListItem\",\"position\":2,\"name\":\"Boutique\",\"item\":\"https:\\\/\\\/revolutionpadelstore.com\\\/fr\\\/tienda\\\/\"},{\"@type\":\"ListItem\",\"position\":3,\"name\":\"Zapatillas Adidas Adizero Cybersonic Azul Royal Aqua\"}]},{\"@type\":\"WebSite\",\"@id\":\"https:\\\/\\\/revolutionpadelstore.com\\\/fr\\\/#website\",\"url\":\"https:\\\/\\\/revolutionpadelstore.com\\\/fr\\\/\",\"name\":\"Revolution Padel Store\",\"description\":\"\",\"publisher\":{\"@id\":\"https:\\\/\\\/revolutionpadelstore.com\\\/fr\\\/#organization\"},\"potentialAction\":[{\"@type\":\"SearchAction\",\"target\":{\"@type\":\"EntryPoint\",\"urlTemplate\":\"https:\\\/\\\/revolutionpadelstore.com\\\/fr\\\/?s={search_term_string}\"},\"query-input\":{\"@type\":\"PropertyValueSpecification\",\"valueRequired\":true,\"valueName\":\"search_term_string\"}}],\"inLanguage\":\"fr-FR\"},{\"@type\":\"Organization\",\"@id\":\"https:\\\/\\\/revolutionpadelstore.com\\\/fr\\\/#organization\",\"name\":\"Revolution Padel Store\",\"url\":\"https:\\\/\\\/revolutionpadelstore.com\\\/fr\\\/\",\"logo\":{\"@type\":\"ImageObject\",\"inLanguage\":\"fr-FR\",\"@id\":\"https:\\\/\\\/revolutionpadelstore.com\\\/fr\\\/#\\\/schema\\\/logo\\\/image\\\/\",\"url\":\"https:\\\/\\\/revolutionpadelstore.com\\\/wp-content\\\/uploads\\\/2026\\\/02\\\/revolution-padel-store.jpg\",\"contentUrl\":\"https:\\\/\\\/revolutionpadelstore.com\\\/wp-content\\\/uploads\\\/2026\\\/02\\\/revolution-padel-store.jpg\",\"width\":2000,\"height\":2000,\"caption\":\"Revolution Padel Store\"},\"image\":{\"@id\":\"https:\\\/\\\/revolutionpadelstore.com\\\/fr\\\/#\\\/schema\\\/logo\\\/image\\\/\"},\"sameAs\":[\"https:\\\/\\\/www.instagram.com\\\/revolutionpadelstore\\\/\"]}]}<\/script>\n<!-- \/ Yoast SEO plugin. -->","yoast_head_json":{"title":"Zapatillas Adidas Adizero Cybersonic Azul Royal Aqua - Revolution Padel Store","description":"Consigue velocidad y estilo con las zapatillas Adidas Adizero Cybersonic Azul Royal Aqua de Revolution Padel Store. Dise\u00f1adas para pistas duras.","robots":{"index":"index","follow":"follow","max-snippet":"max-snippet:-1","max-image-preview":"max-image-preview:large","max-video-preview":"max-video-preview:-1"},"canonical":"https:\/\/revolutionpadelstore.com\/fr\/produit\/zapatillas-adidas-adizero-cybersonic-azul-royal-aqua\/","og_locale":"fr_FR","og_type":"article","og_title":"Zapatillas Adidas Adizero Cybersonic Azul Royal Aqua - Revolution Padel Store","og_description":"Consigue velocidad y estilo con las zapatillas Adidas Adizero Cybersonic Azul Royal Aqua de Revolution Padel Store. Dise\u00f1adas para pistas duras.","og_url":"https:\/\/revolutionpadelstore.com\/fr\/produit\/zapatillas-adidas-adizero-cybersonic-azul-royal-aqua\/","og_site_name":"Revolution Padel Store","article_modified_time":"2024-10-14T23:56:44+00:00","og_image":[{"width":800,"height":800,"url":"https:\/\/revolutionpadelstore.com\/wp-content\/uploads\/2024\/04\/17439-0-4.jpg","type":"image\/png"}],"twitter_card":"summary_large_image","twitter_misc":{"Dur\u00e9e de lecture estim\u00e9e":"2 minutes"},"schema":{"@context":"https:\/\/schema.org","@graph":[{"@type":"WebPage","@id":"https:\/\/revolutionpadelstore.com\/fr\/produit\/zapatillas-adidas-adizero-cybersonic-azul-royal-aqua\/","url":"https:\/\/revolutionpadelstore.com\/fr\/produit\/zapatillas-adidas-adizero-cybersonic-azul-royal-aqua\/","name":"Zapatillas Adidas Adizero Cybersonic Azul Royal Aqua - Revolution Padel Store","isPartOf":{"@id":"https:\/\/revolutionpadelstore.com\/fr\/#website"},"primaryImageOfPage":{"@id":"https:\/\/revolutionpadelstore.com\/fr\/produit\/zapatillas-adidas-adizero-cybersonic-azul-royal-aqua\/#primaryimage"},"image":{"@id":"https:\/\/revolutionpadelstore.com\/fr\/produit\/zapatillas-adidas-adizero-cybersonic-azul-royal-aqua\/#primaryimage"},"thumbnailUrl":"https:\/\/revolutionpadelstore.com\/wp-content\/uploads\/2024\/04\/17439-0-4.jpg","datePublished":"2024-04-22T13:23:34+00:00","dateModified":"2024-10-14T23:56:44+00:00","description":"Consigue velocidad y estilo con las zapatillas Adidas Adizero Cybersonic Azul Royal Aqua de Revolution Padel Store. Dise\u00f1adas para pistas duras.","breadcrumb":{"@id":"https:\/\/revolutionpadelstore.com\/fr\/produit\/zapatillas-adidas-adizero-cybersonic-azul-royal-aqua\/#breadcrumb"},"inLanguage":"fr-FR","potentialAction":[{"@type":"ReadAction","target":["https:\/\/revolutionpadelstore.com\/fr\/produit\/zapatillas-adidas-adizero-cybersonic-azul-royal-aqua\/"]}]},{"@type":"ImageObject","inLanguage":"fr-FR","@id":"https:\/\/revolutionpadelstore.com\/fr\/produit\/zapatillas-adidas-adizero-cybersonic-azul-royal-aqua\/#primaryimage","url":"https:\/\/revolutionpadelstore.com\/wp-content\/uploads\/2024\/04\/17439-0-4.jpg","contentUrl":"https:\/\/revolutionpadelstore.com\/wp-content\/uploads\/2024\/04\/17439-0-4.jpg","width":800,"height":800},{"@type":"BreadcrumbList","@id":"https:\/\/revolutionpadelstore.com\/fr\/produit\/zapatillas-adidas-adizero-cybersonic-azul-royal-aqua\/#breadcrumb","itemListElement":[{"@type":"ListItem","position":1,"name":"Portada","item":"https:\/\/revolutionpadelstore.com\/fr\/"},{"@type":"ListItem","position":2,"name":"Boutique","item":"https:\/\/revolutionpadelstore.com\/fr\/tienda\/"},{"@type":"ListItem","position":3,"name":"Zapatillas Adidas Adizero Cybersonic Azul Royal Aqua"}]},{"@type":"WebSite","@id":"https:\/\/revolutionpadelstore.com\/fr\/#website","url":"https:\/\/revolutionpadelstore.com\/fr\/","name":"Revolution Padel Store","description":"","publisher":{"@id":"https:\/\/revolutionpadelstore.com\/fr\/#organization"},"potentialAction":[{"@type":"SearchAction","target":{"@type":"EntryPoint","urlTemplate":"https:\/\/revolutionpadelstore.com\/fr\/?s={search_term_string}"},"query-input":{"@type":"PropertyValueSpecification","valueRequired":true,"valueName":"search_term_string"}}],"inLanguage":"fr-FR"},{"@type":"Organization","@id":"https:\/\/revolutionpadelstore.com\/fr\/#organization","name":"Revolution Padel Store","url":"https:\/\/revolutionpadelstore.com\/fr\/","logo":{"@type":"ImageObject","inLanguage":"fr-FR","@id":"https:\/\/revolutionpadelstore.com\/fr\/#\/schema\/logo\/image\/","url":"https:\/\/revolutionpadelstore.com\/wp-content\/uploads\/2026\/02\/revolution-padel-store.jpg","contentUrl":"https:\/\/revolutionpadelstore.com\/wp-content\/uploads\/2026\/02\/revolution-padel-store.jpg","width":2000,"height":2000,"caption":"Revolution Padel Store"},"image":{"@id":"https:\/\/revolutionpadelstore.com\/fr\/#\/schema\/logo\/image\/"},"sameAs":["https:\/\/www.instagram.com\/revolutionpadelstore\/"]}]}},"_links":{"self":[{"href":"https:\/\/revolutionpadelstore.com\/fr\/wp-json\/wp\/v2\/product\/16295","targetHints":{"allow":["GET"]}}],"collection":[{"href":"https:\/\/revolutionpadelstore.com\/fr\/wp-json\/wp\/v2\/product"}],"about":[{"href":"https:\/\/revolutionpadelstore.com\/fr\/wp-json\/wp\/v2\/types\/product"}],"replies":[{"embeddable":true,"href":"https:\/\/revolutionpadelstore.com\/fr\/wp-json\/wp\/v2\/comments?post=16295"}],"wp:featuredmedia":[{"embeddable":true,"href":"https:\/\/revolutionpadelstore.com\/fr\/wp-json\/wp\/v2\/media\/5974"}],"wp:attachment":[{"href":"https:\/\/revolutionpadelstore.com\/fr\/wp-json\/wp\/v2\/media?parent=16295"}],"wp:term":[{"taxonomy":"acabado","embeddable":true,"href":"https:\/\/revolutionpadelstore.com\/fr\/wp-json\/wp\/v2\/acabado?post=16295"},{"taxonomy":"balance","embeddable":true,"href":"https:\/\/revolutionpadelstore.com\/fr\/wp-json\/wp\/v2\/balance?post=16295"},{"taxonomy":"dureza","embeddable":true,"href":"https:\/\/revolutionpadelstore.com\/fr\/wp-json\/wp\/v2\/dureza?post=16295"},{"taxonomy":"forma","embeddable":true,"href":"https:\/\/revolutionpadelstore.com\/fr\/wp-json\/wp\/v2\/forma?post=16295"},{"taxonomy":"jugador","embeddable":true,"href":"https:\/\/revolutionpadelstore.com\/fr\/wp-json\/wp\/v2\/jugador?post=16295"},{"taxonomy":"marca","embeddable":true,"href":"https:\/\/revolutionpadelstore.com\/fr\/wp-json\/wp\/v2\/marca?post=16295"},{"taxonomy":"nivel-de-juego","embeddable":true,"href":"https:\/\/revolutionpadelstore.com\/fr\/wp-json\/wp\/v2\/nivel-de-juego?post=16295"},{"taxonomy":"superficie","embeddable":true,"href":"https:\/\/revolutionpadelstore.com\/fr\/wp-json\/wp\/v2\/superficie?post=16295"},{"taxonomy":"tipo-de-juego","embeddable":true,"href":"https:\/\/revolutionpadelstore.com\/fr\/wp-json\/wp\/v2\/tipo-de-juego?post=16295"},{"taxonomy":"product_brand","embeddable":true,"href":"https:\/\/revolutionpadelstore.com\/fr\/wp-json\/wp\/v2\/product_brand?post=16295"},{"taxonomy":"product_cat","embeddable":true,"href":"https:\/\/revolutionpadelstore.com\/fr\/wp-json\/wp\/v2\/product_cat?post=16295"},{"taxonomy":"product_tag","embeddable":true,"href":"https:\/\/revolutionpadelstore.com\/fr\/wp-json\/wp\/v2\/product_tag?post=16295"}],"curies":[{"name":"wp","href":"https:\/\/api.w.org\/{rel}","templated":true}]}}