{"id":162761,"date":"2024-12-10T18:19:47","date_gmt":"2024-12-10T17:19:47","guid":{"rendered":"https:\/\/revolutionpadelstore.com\/siux-electra-st3-special-edition\/"},"modified":"2026-04-08T09:23:41","modified_gmt":"2026-04-08T07:23:41","slug":"siux-electra-st3-special-edition-3","status":"publish","type":"product","link":"https:\/\/revolutionpadelstore.com\/fr\/produit\/siux-electra-st3-special-edition-3\/","title":{"rendered":"SIUX ELECTRA ST3 SPECIAL EDITION"},"content":{"rendered":"<h2> Siux Electra St3 Special Edition &#8211; Franco Stupaczuk <\/H2><br \/>\nLa <strong> SIUX Electra ST3 Special Edition <\/strong> est une pelle con\u00e7ue en collaboration avec le joueur professionnel Franco Stupaczuk. Ce mod\u00e8le exclusif combine une conception hybride <strong> <\/strong> avec <strong> balance moyenne <\/strong> et un poids entre <strong> 355 et 375 grammes <\/strong>, offrant un \u00e9quilibre parfait entre la gestion et la polyvalence. Id\u00e9al pour les joueurs qui cherchent \u00e0 s&#8217;adapter \u00e0 n&#8217;importe quel style et situation sur la piste.<\/p>\n<h2> Caract\u00e9ristiques principales <\/h2>\n<p><P> <strong> Niveau de jeu: <\/strong> con\u00e7u pour les joueurs et les professionnels avanc\u00e9s \u00e0 la recherche de polyvalence et de contr\u00f4le dans leur jeu.<\/p>\n<p> <strong> -forma et poids: <\/strong> forme hybride avec \u00e9quilibre moyen et un poids l\u00e9ger de 355-375 g.<br \/>\n<P> <strong> -ancabado: <\/strong> Surface rugueuse pour des effets surprenants dans chaque coup.<br \/>\n<P> <strong> -stilo de jeu: <\/strong> excellent pour s&#8217;adapter aux styles vari\u00e9s, offrant une puissance et une pr\u00e9cision.<\/p>\n<h2> Technologies et mat\u00e9riaux <\/h2>\n<p> <strong> -Carbono 15k: <\/strong> Rigidit\u00e9, durabilit\u00e9 et polyvalence plus importantes dans les visages.<br \/>\n<P> <strong> -nuco eva dur: <\/strong> fournit une puissance explosive, une pr\u00e9cision et un excellent contr\u00f4le.<br \/>\n<P> <strong> -3k Carbone et aramide: <\/strong> r\u00e9duit les vibrations, augmente la r\u00e9sistance et am\u00e9liore la durabilit\u00e9.<\/p>\n<p> <strong> -Aada Rough Matt: <\/strong> facilite les effets, vous permettant de prendre le contr\u00f4le de chaque jeu.<br \/>\n<P> <strong> -Anti-vibrations Syst\u00e8me: <\/strong> id\u00e9al pour r\u00e9duire les blessures et am\u00e9liorer la fermet\u00e9 dans chaque coup .- <\/p>\n<\/p>\n<p><P> <strong> -Dual Pro Grip: <\/strong> offre une poign\u00e9e naturelle, stable et confortable.<\/p>\n<h2> Avantages en suspens <\/h2>\n<p>Le <strong> Siux Electra ST3 Special Edition <\/strong> combine la puissance et le contr\u00f4le, id\u00e9aux pour les joueurs qui cherchent \u00e0 dominer la piste \u00e0 chaque coup. Sa conception professionnelle et ses technologies avanc\u00e9es font de cette pelle l&#8217;un des favoris pour rivaliser au plus haut niveau.<\/p>\n<h2> Pourquoi choisir l&#8217;\u00e9dition sp\u00e9ciale Siux Electra ST3 <\/h2>\n<p>Cette pelle est le r\u00e9sultat d&#8217;une collaboration exclusive avec Franco Stupaczuk, garantissant les performances et la qualit\u00e9. Que ce soit pour des comp\u00e9titions ou une formation, c&#8217;est l&#8217;alli\u00e9 parfait \u00e0 mettre en \u00e9vidence dans chaque partie.<\/p>\n<p><strong> maintenant disponible dans notre boutique en ligne <a href=\"https:\/\/www.revolutionpadelstore.com\/\"> Revolution Padel Store <\/a>, probablement au meilleur prix du march\u00e9. Ne manquez pas l&#8217;occasion de faire passer votre jeu au niveau sup\u00e9rieur! <\/strong><\/p>\n<h2>Pala de P\u00e1del Siux Electra ST3 Special Edition &#8211; Franco Stupaczuk<\/h2>\n","protected":false},"excerpt":{"rendered":"<p>Balance hybride \u00e0 bilan moyen con\u00e7u pour les joueurs avanc\u00e9s ou professionnels, l&#8217;\u00e9dition sp\u00e9ciale Siux Electra ST3, utilis\u00e9e par Franco Stupaczuk. Il a un noyau dur EVA et des surfaces rugueuses en carbone 15K.<\/p>\n","protected":false},"featured_media":154719,"comment_status":"open","ping_status":"closed","template":"","meta":{"_acf_changed":false,"_joinchat":[]},"acabado":[1087],"balance":[1142],"dureza":[1162],"forma":[1177],"jugador":[1192,1202],"marca":[1307],"nivel-de-juego":[1337,1347],"superficie":[1362],"tipo-de-juego":[1387],"product_brand":[],"product_cat":[302],"product_tag":[],"class_list":{"0":"post-162761","1":"product","2":"type-product","3":"status-publish","4":"has-post-thumbnail","6":"acabado-mon-pote","7":"balance-moyen","8":"dureza-dure","9":"forma-hybride","10":"jugador-homme","11":"jugador-polivalente-fr","12":"marca-siux-fr","13":"superficie-rugosa-fr","14":"tipo-de-juego-polivalente-fr","15":"product_cat-palas-de-padel-fr","17":"first","18":"instock","19":"sale","20":"taxable","21":"shipping-taxable","22":"purchasable","23":"product-type-simple"},"acf":[],"yoast_head":"<!-- This site is optimized with the Yoast SEO plugin v27.4 - https:\/\/yoast.com\/product\/yoast-seo-wordpress\/ -->\n<title>SIUX ELECTRA ST3 SPECIAL EDITION - Revolution Padel Store<\/title>\n<meta name=\"description\" content=\"Descubre la pala Siux Electra ST3 Special Edition dise\u00f1ada junto a Franco Stupaczuk. Ideal para jugadores avanzados y profesionales, combina potencia, control y versatilidad. \u00a1Disponible en Revolution Padel Store!\" \/>\n<meta name=\"robots\" content=\"index, follow, max-snippet:-1, max-image-preview:large, max-video-preview:-1\" \/>\n<link rel=\"canonical\" href=\"https:\/\/revolutionpadelstore.com\/fr\/produit\/siux-electra-st3-special-edition-3\/\" \/>\n<meta property=\"og:locale\" content=\"fr_FR\" \/>\n<meta property=\"og:type\" content=\"article\" \/>\n<meta property=\"og:title\" content=\"SIUX ELECTRA ST3 SPECIAL EDITION - Revolution Padel Store\" \/>\n<meta property=\"og:description\" content=\"Descubre la pala Siux Electra ST3 Special Edition dise\u00f1ada junto a Franco Stupaczuk. Ideal para jugadores avanzados y profesionales, combina potencia, control y versatilidad. \u00a1Disponible en Revolution Padel Store!\" \/>\n<meta property=\"og:url\" content=\"https:\/\/revolutionpadelstore.com\/fr\/produit\/siux-electra-st3-special-edition-3\/\" \/>\n<meta property=\"og:site_name\" content=\"Revolution Padel Store\" \/>\n<meta property=\"article:modified_time\" content=\"2026-04-08T07:23:41+00:00\" \/>\n<meta property=\"og:image\" content=\"https:\/\/revolutionpadelstore.com\/wp-content\/uploads\/2024\/12\/114475-siux-electra-st3-special-edition-1500x1500-1.webp\" \/>\n\t<meta property=\"og:image:width\" content=\"1500\" \/>\n\t<meta property=\"og:image:height\" content=\"1500\" \/>\n\t<meta property=\"og:image:type\" content=\"image\/webp\" \/>\n<meta name=\"twitter:card\" content=\"summary_large_image\" \/>\n<meta name=\"twitter:label1\" content=\"Dur\u00e9e de lecture estim\u00e9e\" \/>\n\t<meta name=\"twitter:data1\" content=\"2 minutes\" \/>\n<script type=\"application\/ld+json\" class=\"yoast-schema-graph\">{\"@context\":\"https:\\\/\\\/schema.org\",\"@graph\":[{\"@type\":\"WebPage\",\"@id\":\"https:\\\/\\\/revolutionpadelstore.com\\\/fr\\\/produit\\\/siux-electra-st3-special-edition-3\\\/\",\"url\":\"https:\\\/\\\/revolutionpadelstore.com\\\/fr\\\/produit\\\/siux-electra-st3-special-edition-3\\\/\",\"name\":\"SIUX ELECTRA ST3 SPECIAL EDITION - Revolution Padel Store\",\"isPartOf\":{\"@id\":\"https:\\\/\\\/revolutionpadelstore.com\\\/fr\\\/#website\"},\"primaryImageOfPage\":{\"@id\":\"https:\\\/\\\/revolutionpadelstore.com\\\/fr\\\/produit\\\/siux-electra-st3-special-edition-3\\\/#primaryimage\"},\"image\":{\"@id\":\"https:\\\/\\\/revolutionpadelstore.com\\\/fr\\\/produit\\\/siux-electra-st3-special-edition-3\\\/#primaryimage\"},\"thumbnailUrl\":\"https:\\\/\\\/revolutionpadelstore.com\\\/wp-content\\\/uploads\\\/2024\\\/12\\\/114475-siux-electra-st3-special-edition-1500x1500-1.webp\",\"datePublished\":\"2024-12-10T17:19:47+00:00\",\"dateModified\":\"2026-04-08T07:23:41+00:00\",\"description\":\"Descubre la pala Siux Electra ST3 Special Edition dise\u00f1ada junto a Franco Stupaczuk. Ideal para jugadores avanzados y profesionales, combina potencia, control y versatilidad. \u00a1Disponible en Revolution Padel Store!\",\"breadcrumb\":{\"@id\":\"https:\\\/\\\/revolutionpadelstore.com\\\/fr\\\/produit\\\/siux-electra-st3-special-edition-3\\\/#breadcrumb\"},\"inLanguage\":\"fr-FR\",\"potentialAction\":[{\"@type\":\"ReadAction\",\"target\":[\"https:\\\/\\\/revolutionpadelstore.com\\\/fr\\\/produit\\\/siux-electra-st3-special-edition-3\\\/\"]}]},{\"@type\":\"ImageObject\",\"inLanguage\":\"fr-FR\",\"@id\":\"https:\\\/\\\/revolutionpadelstore.com\\\/fr\\\/produit\\\/siux-electra-st3-special-edition-3\\\/#primaryimage\",\"url\":\"https:\\\/\\\/revolutionpadelstore.com\\\/wp-content\\\/uploads\\\/2024\\\/12\\\/114475-siux-electra-st3-special-edition-1500x1500-1.webp\",\"contentUrl\":\"https:\\\/\\\/revolutionpadelstore.com\\\/wp-content\\\/uploads\\\/2024\\\/12\\\/114475-siux-electra-st3-special-edition-1500x1500-1.webp\",\"width\":1500,\"height\":1500},{\"@type\":\"BreadcrumbList\",\"@id\":\"https:\\\/\\\/revolutionpadelstore.com\\\/fr\\\/produit\\\/siux-electra-st3-special-edition-3\\\/#breadcrumb\",\"itemListElement\":[{\"@type\":\"ListItem\",\"position\":1,\"name\":\"Portada\",\"item\":\"https:\\\/\\\/revolutionpadelstore.com\\\/fr\\\/\"},{\"@type\":\"ListItem\",\"position\":2,\"name\":\"Boutique\",\"item\":\"https:\\\/\\\/revolutionpadelstore.com\\\/fr\\\/tienda\\\/\"},{\"@type\":\"ListItem\",\"position\":3,\"name\":\"SIUX ELECTRA ST3 SPECIAL EDITION\"}]},{\"@type\":\"WebSite\",\"@id\":\"https:\\\/\\\/revolutionpadelstore.com\\\/fr\\\/#website\",\"url\":\"https:\\\/\\\/revolutionpadelstore.com\\\/fr\\\/\",\"name\":\"Revolution Padel Store\",\"description\":\"\",\"publisher\":{\"@id\":\"https:\\\/\\\/revolutionpadelstore.com\\\/fr\\\/#organization\"},\"potentialAction\":[{\"@type\":\"SearchAction\",\"target\":{\"@type\":\"EntryPoint\",\"urlTemplate\":\"https:\\\/\\\/revolutionpadelstore.com\\\/fr\\\/?s={search_term_string}\"},\"query-input\":{\"@type\":\"PropertyValueSpecification\",\"valueRequired\":true,\"valueName\":\"search_term_string\"}}],\"inLanguage\":\"fr-FR\"},{\"@type\":\"Organization\",\"@id\":\"https:\\\/\\\/revolutionpadelstore.com\\\/fr\\\/#organization\",\"name\":\"Revolution Padel Store\",\"url\":\"https:\\\/\\\/revolutionpadelstore.com\\\/fr\\\/\",\"logo\":{\"@type\":\"ImageObject\",\"inLanguage\":\"fr-FR\",\"@id\":\"https:\\\/\\\/revolutionpadelstore.com\\\/fr\\\/#\\\/schema\\\/logo\\\/image\\\/\",\"url\":\"https:\\\/\\\/revolutionpadelstore.com\\\/wp-content\\\/uploads\\\/2026\\\/02\\\/revolution-padel-store.jpg\",\"contentUrl\":\"https:\\\/\\\/revolutionpadelstore.com\\\/wp-content\\\/uploads\\\/2026\\\/02\\\/revolution-padel-store.jpg\",\"width\":2000,\"height\":2000,\"caption\":\"Revolution Padel Store\"},\"image\":{\"@id\":\"https:\\\/\\\/revolutionpadelstore.com\\\/fr\\\/#\\\/schema\\\/logo\\\/image\\\/\"},\"sameAs\":[\"https:\\\/\\\/www.instagram.com\\\/revolutionpadelstore\\\/\"]}]}<\/script>\n<!-- \/ Yoast SEO plugin. -->","yoast_head_json":{"title":"SIUX ELECTRA ST3 SPECIAL EDITION - Revolution Padel Store","description":"Descubre la pala Siux Electra ST3 Special Edition dise\u00f1ada junto a Franco Stupaczuk. Ideal para jugadores avanzados y profesionales, combina potencia, control y versatilidad. \u00a1Disponible en Revolution Padel Store!","robots":{"index":"index","follow":"follow","max-snippet":"max-snippet:-1","max-image-preview":"max-image-preview:large","max-video-preview":"max-video-preview:-1"},"canonical":"https:\/\/revolutionpadelstore.com\/fr\/produit\/siux-electra-st3-special-edition-3\/","og_locale":"fr_FR","og_type":"article","og_title":"SIUX ELECTRA ST3 SPECIAL EDITION - Revolution Padel Store","og_description":"Descubre la pala Siux Electra ST3 Special Edition dise\u00f1ada junto a Franco Stupaczuk. Ideal para jugadores avanzados y profesionales, combina potencia, control y versatilidad. \u00a1Disponible en Revolution Padel Store!","og_url":"https:\/\/revolutionpadelstore.com\/fr\/produit\/siux-electra-st3-special-edition-3\/","og_site_name":"Revolution Padel Store","article_modified_time":"2026-04-08T07:23:41+00:00","og_image":[{"width":1500,"height":1500,"url":"https:\/\/revolutionpadelstore.com\/wp-content\/uploads\/2024\/12\/114475-siux-electra-st3-special-edition-1500x1500-1.webp","type":"image\/webp"}],"twitter_card":"summary_large_image","twitter_misc":{"Dur\u00e9e de lecture estim\u00e9e":"2 minutes"},"schema":{"@context":"https:\/\/schema.org","@graph":[{"@type":"WebPage","@id":"https:\/\/revolutionpadelstore.com\/fr\/produit\/siux-electra-st3-special-edition-3\/","url":"https:\/\/revolutionpadelstore.com\/fr\/produit\/siux-electra-st3-special-edition-3\/","name":"SIUX ELECTRA ST3 SPECIAL EDITION - Revolution Padel Store","isPartOf":{"@id":"https:\/\/revolutionpadelstore.com\/fr\/#website"},"primaryImageOfPage":{"@id":"https:\/\/revolutionpadelstore.com\/fr\/produit\/siux-electra-st3-special-edition-3\/#primaryimage"},"image":{"@id":"https:\/\/revolutionpadelstore.com\/fr\/produit\/siux-electra-st3-special-edition-3\/#primaryimage"},"thumbnailUrl":"https:\/\/revolutionpadelstore.com\/wp-content\/uploads\/2024\/12\/114475-siux-electra-st3-special-edition-1500x1500-1.webp","datePublished":"2024-12-10T17:19:47+00:00","dateModified":"2026-04-08T07:23:41+00:00","description":"Descubre la pala Siux Electra ST3 Special Edition dise\u00f1ada junto a Franco Stupaczuk. Ideal para jugadores avanzados y profesionales, combina potencia, control y versatilidad. \u00a1Disponible en Revolution Padel Store!","breadcrumb":{"@id":"https:\/\/revolutionpadelstore.com\/fr\/produit\/siux-electra-st3-special-edition-3\/#breadcrumb"},"inLanguage":"fr-FR","potentialAction":[{"@type":"ReadAction","target":["https:\/\/revolutionpadelstore.com\/fr\/produit\/siux-electra-st3-special-edition-3\/"]}]},{"@type":"ImageObject","inLanguage":"fr-FR","@id":"https:\/\/revolutionpadelstore.com\/fr\/produit\/siux-electra-st3-special-edition-3\/#primaryimage","url":"https:\/\/revolutionpadelstore.com\/wp-content\/uploads\/2024\/12\/114475-siux-electra-st3-special-edition-1500x1500-1.webp","contentUrl":"https:\/\/revolutionpadelstore.com\/wp-content\/uploads\/2024\/12\/114475-siux-electra-st3-special-edition-1500x1500-1.webp","width":1500,"height":1500},{"@type":"BreadcrumbList","@id":"https:\/\/revolutionpadelstore.com\/fr\/produit\/siux-electra-st3-special-edition-3\/#breadcrumb","itemListElement":[{"@type":"ListItem","position":1,"name":"Portada","item":"https:\/\/revolutionpadelstore.com\/fr\/"},{"@type":"ListItem","position":2,"name":"Boutique","item":"https:\/\/revolutionpadelstore.com\/fr\/tienda\/"},{"@type":"ListItem","position":3,"name":"SIUX ELECTRA ST3 SPECIAL EDITION"}]},{"@type":"WebSite","@id":"https:\/\/revolutionpadelstore.com\/fr\/#website","url":"https:\/\/revolutionpadelstore.com\/fr\/","name":"Revolution Padel Store","description":"","publisher":{"@id":"https:\/\/revolutionpadelstore.com\/fr\/#organization"},"potentialAction":[{"@type":"SearchAction","target":{"@type":"EntryPoint","urlTemplate":"https:\/\/revolutionpadelstore.com\/fr\/?s={search_term_string}"},"query-input":{"@type":"PropertyValueSpecification","valueRequired":true,"valueName":"search_term_string"}}],"inLanguage":"fr-FR"},{"@type":"Organization","@id":"https:\/\/revolutionpadelstore.com\/fr\/#organization","name":"Revolution Padel Store","url":"https:\/\/revolutionpadelstore.com\/fr\/","logo":{"@type":"ImageObject","inLanguage":"fr-FR","@id":"https:\/\/revolutionpadelstore.com\/fr\/#\/schema\/logo\/image\/","url":"https:\/\/revolutionpadelstore.com\/wp-content\/uploads\/2026\/02\/revolution-padel-store.jpg","contentUrl":"https:\/\/revolutionpadelstore.com\/wp-content\/uploads\/2026\/02\/revolution-padel-store.jpg","width":2000,"height":2000,"caption":"Revolution Padel Store"},"image":{"@id":"https:\/\/revolutionpadelstore.com\/fr\/#\/schema\/logo\/image\/"},"sameAs":["https:\/\/www.instagram.com\/revolutionpadelstore\/"]}]}},"_links":{"self":[{"href":"https:\/\/revolutionpadelstore.com\/fr\/wp-json\/wp\/v2\/product\/162761","targetHints":{"allow":["GET"]}}],"collection":[{"href":"https:\/\/revolutionpadelstore.com\/fr\/wp-json\/wp\/v2\/product"}],"about":[{"href":"https:\/\/revolutionpadelstore.com\/fr\/wp-json\/wp\/v2\/types\/product"}],"replies":[{"embeddable":true,"href":"https:\/\/revolutionpadelstore.com\/fr\/wp-json\/wp\/v2\/comments?post=162761"}],"wp:featuredmedia":[{"embeddable":true,"href":"https:\/\/revolutionpadelstore.com\/fr\/wp-json\/wp\/v2\/media\/154719"}],"wp:attachment":[{"href":"https:\/\/revolutionpadelstore.com\/fr\/wp-json\/wp\/v2\/media?parent=162761"}],"wp:term":[{"taxonomy":"acabado","embeddable":true,"href":"https:\/\/revolutionpadelstore.com\/fr\/wp-json\/wp\/v2\/acabado?post=162761"},{"taxonomy":"balance","embeddable":true,"href":"https:\/\/revolutionpadelstore.com\/fr\/wp-json\/wp\/v2\/balance?post=162761"},{"taxonomy":"dureza","embeddable":true,"href":"https:\/\/revolutionpadelstore.com\/fr\/wp-json\/wp\/v2\/dureza?post=162761"},{"taxonomy":"forma","embeddable":true,"href":"https:\/\/revolutionpadelstore.com\/fr\/wp-json\/wp\/v2\/forma?post=162761"},{"taxonomy":"jugador","embeddable":true,"href":"https:\/\/revolutionpadelstore.com\/fr\/wp-json\/wp\/v2\/jugador?post=162761"},{"taxonomy":"marca","embeddable":true,"href":"https:\/\/revolutionpadelstore.com\/fr\/wp-json\/wp\/v2\/marca?post=162761"},{"taxonomy":"nivel-de-juego","embeddable":true,"href":"https:\/\/revolutionpadelstore.com\/fr\/wp-json\/wp\/v2\/nivel-de-juego?post=162761"},{"taxonomy":"superficie","embeddable":true,"href":"https:\/\/revolutionpadelstore.com\/fr\/wp-json\/wp\/v2\/superficie?post=162761"},{"taxonomy":"tipo-de-juego","embeddable":true,"href":"https:\/\/revolutionpadelstore.com\/fr\/wp-json\/wp\/v2\/tipo-de-juego?post=162761"},{"taxonomy":"product_brand","embeddable":true,"href":"https:\/\/revolutionpadelstore.com\/fr\/wp-json\/wp\/v2\/product_brand?post=162761"},{"taxonomy":"product_cat","embeddable":true,"href":"https:\/\/revolutionpadelstore.com\/fr\/wp-json\/wp\/v2\/product_cat?post=162761"},{"taxonomy":"product_tag","embeddable":true,"href":"https:\/\/revolutionpadelstore.com\/fr\/wp-json\/wp\/v2\/product_tag?post=162761"}],"curies":[{"name":"wp","href":"https:\/\/api.w.org\/{rel}","templated":true}]}}